{"id":6259,"date":"2023-06-17T18:20:21","date_gmt":"2023-06-17T18:20:21","guid":{"rendered":"https:\/\/puuhamari.fi\/?post_type=product&#038;p=6259"},"modified":"2026-04-15T15:14:35","modified_gmt":"2026-04-15T12:14:35","slug":"cast-iron","status":"publish","type":"product","link":"https:\/\/puuhamari.fi\/?product=cast-iron","title":{"rendered":"Cast Iron"},"content":{"rendered":"<p>Fusion\u2122 maalien kuvaus: <a href=\"https:\/\/puuhamari.fi\/?p=5842\" target=\"_blank\" rel=\"noopener\">lue t\u00e4\u00e4lt\u00e4.<\/a><\/p>\n","protected":false},"excerpt":{"rendered":"<p>Musta ei ole koskaan pelk\u00e4st\u00e4\u00e4n musta; se koostuu monista eri v\u00e4reist\u00e4. Siin\u00e4 miss\u00e4 Fusionin Coal Black on todellinen sysimusta, t\u00e4m\u00e4 &#8220;Valurauta&#8221; on pehme\u00e4mpi, harmaaseen vivahtava musta, jossa ei ole juuri ollenkaan sinisyytt\u00e4 mukana.<\/p>\n","protected":false},"author":1,"featured_media":6346,"comment_status":"open","ping_status":"closed","template":"","meta":{"advgb_blocks_editor_width":"","advgb_blocks_columns_visual_guide":"","advanced_seo_description":"","jetpack_seo_html_title":"","jetpack_seo_noindex":false,"_kad_post_transparent":"default","_kad_post_title":"","_kad_post_layout":"default","_kad_post_sidebar_id":"","_kad_post_content_style":"default","_kad_post_vertical_padding":"default","_kad_post_feature":"","_kad_post_feature_position":"","_kad_post_header":false,"_kad_post_footer":false,"_kad_post_classname":"","jetpack_post_was_ever_published":false},"product_brand":[],"product_cat":[309],"product_tag":[450,509,230,1274,1275,508,233,1350],"class_list":{"0":"post-6259","1":"product","2":"type-product","3":"status-publish","4":"has-post-thumbnail","6":"product_cat-fusion-mineraalimaalit","7":"product_tag-fusion","8":"product_tag-fusion-mineral-paint","9":"product_tag-harmaa","10":"product_tag-kalustemaali","11":"product_tag-maali","12":"product_tag-mineraalimaali","13":"product_tag-musta","14":"product_tag-takorauta","16":"first","17":"instock","18":"taxable","19":"shipping-taxable","20":"purchasable","21":"product-type-variable","22":"entry","23":"content-bg","24":"loop-entry"},"featured_img":"https:\/\/puuhamari.fi\/wp-content\/uploads\/2023\/06\/Cast-Iron-pint.jpg","coauthors":[],"author_meta":{"author_link":"https:\/\/puuhamari.fi\/?author=1","display_name":"PuuhaMari"},"relative_dates":{"created":"Julkaistu 3 vuotta sitten","modified":"P\u00e4ivitetty 7 p\u00e4iv\u00e4\u00e4 sitten"},"absolute_dates":{"created":"Julkaistu 17 kes\u00e4kuun, 2023","modified":"P\u00e4ivitetty 15 huhtikuun, 2026"},"absolute_dates_time":{"created":"Julkaistu 17 kes\u00e4kuun, 2023 6:20 pm","modified":"P\u00e4ivitetty 15 huhtikuun, 2026 3:14 pm"},"featured_img_caption":"","tax_additional":{"product_brand":{"linked":[],"unlinked":[],"slug":"product_brand","name":"Br\u00e4ndit"},"product_type":{"linked":["<a href=\"https:\/\/puuhamari.fi\/?taxonomy=product_type&#038;term=variable\" class=\"advgb-post-tax-term\">variable<\/a>"],"unlinked":["<span class=\"advgb-post-tax-term\">variable<\/span>"],"slug":"product_type","name":"Tuotetyyppi"},"product_visibility":{"linked":[],"unlinked":[],"slug":"product_visibility","name":"Tuotteen n\u00e4kyvyys"},"product_cat":{"linked":["<a href=\"https:\/\/puuhamari.fi\/?product_cat=fusion-mineraalimaalit\" class=\"advgb-post-tax-term\">Fusion mineraalimaalit<\/a>"],"unlinked":["<span class=\"advgb-post-tax-term\">Fusion mineraalimaalit<\/span>"],"slug":"product_cat","name":"Osastot"},"product_tag":{"linked":["<a href=\"https:\/\/puuhamari.fi\/?product_tag=fusion\" class=\"advgb-post-tax-term\">Fusion<\/a>","<a href=\"https:\/\/puuhamari.fi\/?product_tag=fusion-mineral-paint\" class=\"advgb-post-tax-term\">Fusion Mineral Paint<\/a>","<a href=\"https:\/\/puuhamari.fi\/?product_tag=harmaa\" class=\"advgb-post-tax-term\">Harmaa<\/a>","<a href=\"https:\/\/puuhamari.fi\/?product_tag=kalustemaali\" class=\"advgb-post-tax-term\">kalustemaali<\/a>","<a href=\"https:\/\/puuhamari.fi\/?product_tag=maali\" class=\"advgb-post-tax-term\">maali<\/a>","<a href=\"https:\/\/puuhamari.fi\/?product_tag=mineraalimaali\" class=\"advgb-post-tax-term\">Mineraalimaali<\/a>","<a href=\"https:\/\/puuhamari.fi\/?product_tag=musta\" class=\"advgb-post-tax-term\">Musta<\/a>","<a href=\"https:\/\/puuhamari.fi\/?product_tag=takorauta\" class=\"advgb-post-tax-term\">Takorauta<\/a>"],"unlinked":["<span class=\"advgb-post-tax-term\">Fusion<\/span>","<span class=\"advgb-post-tax-term\">Fusion Mineral Paint<\/span>","<span class=\"advgb-post-tax-term\">Harmaa<\/span>","<span class=\"advgb-post-tax-term\">kalustemaali<\/span>","<span class=\"advgb-post-tax-term\">maali<\/span>","<span class=\"advgb-post-tax-term\">Mineraalimaali<\/span>","<span class=\"advgb-post-tax-term\">Musta<\/span>","<span class=\"advgb-post-tax-term\">Takorauta<\/span>"],"slug":"product_tag","name":"Avainsanat tuotteelle"},"product_shipping_class":{"linked":[],"unlinked":[],"slug":"product_shipping_class","name":"Tuotteen toimitusluokat"},"pos_product_visibility":{"linked":[],"unlinked":[],"slug":"pos_product_visibility","name":"POS Product visibility"},"pa_arkin-koko":{"linked":[],"unlinked":[],"slug":"pa_arkin-koko","name":"Tuote Arkin koko"},"pa_hiomatyynyn-karkeus":{"linked":[],"unlinked":[],"slug":"pa_hiomatyynyn-karkeus","name":"Tuote Hiomatyynyn karkeus"},"pa_kehys":{"linked":[],"unlinked":[],"slug":"pa_kehys","name":"Tuote Kehys"},"pa_kuvion-nro":{"linked":[],"unlinked":[],"slug":"pa_kuvion-nro","name":"Tuote Kuvion nro"},"pa_littean-pensselin-koko":{"linked":[],"unlinked":[],"slug":"pa_littean-pensselin-koko","name":"Tuote Litte\u00e4n pensselin koko"},"pa_maalivari":{"linked":[],"unlinked":[],"slug":"pa_maalivari","name":"Tuote Maaliv\u00e4ri"},"pa_palatapettien-lkm":{"linked":[],"unlinked":[],"slug":"pa_palatapettien-lkm","name":"Tuote Palatapettien lkm"},"pa_purkin-koko":{"linked":["<a href=\"https:\/\/puuhamari.fi\/?taxonomy=pa_purkin-koko&#038;term=37-ml\" class=\"advgb-post-tax-term\">37 ml<\/a>","<a href=\"https:\/\/puuhamari.fi\/?taxonomy=pa_purkin-koko&#038;term=500-ml\" class=\"advgb-post-tax-term\">500 ml<\/a>"],"unlinked":["<span class=\"advgb-post-tax-term\">37 ml<\/span>","<span class=\"advgb-post-tax-term\">500 ml<\/span>"],"slug":"pa_purkin-koko","name":"Tuote Purkin koko"},"pa_sapluunan-koko":{"linked":[],"unlinked":[],"slug":"pa_sapluunan-koko","name":"Tuote Sapluunan koko"},"pa_tabletti":{"linked":[],"unlinked":[],"slug":"pa_tabletti","name":"Tuote Tabletti"},"pa_valitse-sisalto":{"linked":[],"unlinked":[],"slug":"pa_valitse-sisalto","name":"Tuote Valitse sis\u00e4lt\u00f6"},"pa_varjostin":{"linked":[],"unlinked":[],"slug":"pa_varjostin","name":"Tuote Varjostin"}},"series_order":"","jetpack_sharing_enabled":true,"jetpack_likes_enabled":true,"jetpack-related-posts":[{"id":2474,"url":"https:\/\/puuhamari.fi\/?product=coal-black","url_meta":{"origin":6259,"position":0},"title":"Coal Black","author":"PuuhaMari","date":"21 helmikuun, 2022","format":false,"excerpt":"\"Musta t\u00e4\u00e4 musta on ihan Sysimusta!\" Oikeasti MUSTA musta, jota k\u00e4ytt\u00e4m\u00e4ll\u00e4 voit esim. korostaa kotisi kirkkaampia tai valoisampia v\u00e4rej\u00e4. Huom! Jos sinulla on suurempi projekti: Coal Blacki\u00e4 on nyt saatavana edullisemmin 2 litran pullossa. Tarkoittaa suomeksi sanottuna sit\u00e4, ett\u00e4 saat nelj\u00e4n normaalikokoisen (500 ml) purkin verran maalia kolmen purkin hinnalla!","rel":"","context":"With 3 comments","block_context":{"text":"With 3 comments","link":"https:\/\/puuhamari.fi\/?product=coal-black#comments"},"img":{"alt_text":"","src":"https:\/\/i0.wp.com\/puuhamari.fi\/wp-content\/uploads\/2022\/02\/IMG_20220224_061606.jpg?fit=1199%2C1200&ssl=1&resize=350%2C200","width":350,"height":200,"srcset":"https:\/\/i0.wp.com\/puuhamari.fi\/wp-content\/uploads\/2022\/02\/IMG_20220224_061606.jpg?fit=1199%2C1200&ssl=1&resize=350%2C200 1x, https:\/\/i0.wp.com\/puuhamari.fi\/wp-content\/uploads\/2022\/02\/IMG_20220224_061606.jpg?fit=1199%2C1200&ssl=1&resize=525%2C300 1.5x, https:\/\/i0.wp.com\/puuhamari.fi\/wp-content\/uploads\/2022\/02\/IMG_20220224_061606.jpg?fit=1199%2C1200&ssl=1&resize=700%2C400 2x, https:\/\/i0.wp.com\/puuhamari.fi\/wp-content\/uploads\/2022\/02\/IMG_20220224_061606.jpg?fit=1199%2C1200&ssl=1&resize=1050%2C600 3x"},"classes":[]},{"id":3232,"url":"https:\/\/puuhamari.fi\/?product=transition-siirtymamaali","url_meta":{"origin":6259,"position":1},"title":"Transition -siirtym\u00e4maali","author":"PuuhaMari","date":"18 huhtikuun, 2022","format":false,"excerpt":"Fusion\u2122 mineraalimaalien valmistuksessa kertyneest\u00e4 kierr\u00e4tetyst\u00e4 pigmenttiaineksesta valmistettu Transition auttaa sinua maalaamaan kalusteen vanhan v\u00e4rin piiloon edullisempaan hintaan. Se on tarkoitettu tilanteisiin, joissa t\u00e4ysin musta\/tumma kaluste halutaan maalata eritt\u00e4in valkoiseksi\/vaaleaksi. N\u00e4iss\u00e4 tapauksissa maalia tarvitaan yleens\u00e4 enemm\u00e4n kuin normaalit kaksi kerrosta. Kannattaakin maalata v\u00e4likerroksia Fusionin edullisemmalla vaihtoehdolla - ja samalla auttaa valmistajaa\u2026","rel":"","context":"Samankaltainen artikkeli","block_context":{"text":"Samankaltainen artikkeli","link":""},"img":{"alt_text":"","src":"https:\/\/i0.wp.com\/puuhamari.fi\/wp-content\/uploads\/2022\/04\/fusion_mineral_paint-TRANSITION-pint-b.jpg?fit=1196%2C1200&ssl=1&resize=350%2C200","width":350,"height":200,"srcset":"https:\/\/i0.wp.com\/puuhamari.fi\/wp-content\/uploads\/2022\/04\/fusion_mineral_paint-TRANSITION-pint-b.jpg?fit=1196%2C1200&ssl=1&resize=350%2C200 1x, https:\/\/i0.wp.com\/puuhamari.fi\/wp-content\/uploads\/2022\/04\/fusion_mineral_paint-TRANSITION-pint-b.jpg?fit=1196%2C1200&ssl=1&resize=525%2C300 1.5x, https:\/\/i0.wp.com\/puuhamari.fi\/wp-content\/uploads\/2022\/04\/fusion_mineral_paint-TRANSITION-pint-b.jpg?fit=1196%2C1200&ssl=1&resize=700%2C400 2x, https:\/\/i0.wp.com\/puuhamari.fi\/wp-content\/uploads\/2022\/04\/fusion_mineral_paint-TRANSITION-pint-b.jpg?fit=1196%2C1200&ssl=1&resize=1050%2C600 3x"},"classes":[]},{"id":7409,"url":"https:\/\/puuhamari.fi\/?product=siirtokuva-vintage-wallpaper-ii","url_meta":{"origin":6259,"position":2},"title":"Siirtokuva Vintage Wallpaper II","author":"PuuhaMari","date":"7 lokakuun, 2023","format":false,"excerpt":"Tilaa n\u00e4it\u00e4 AINAKIN SATA kes\u00e4n \"Mustan pitsin y\u00f6n\" koristeisiin Rauman pitsiviikoille! \ud83d\ude01\ud83d\ude01\ud83d\ude01 Tai sitten otat vain muutaman nyt heti huonekalujen & sisustuselementtien kaunistamiseksi - my\u00f6s makuuhuoneessa... Huomaa, ett\u00e4 kunkin kuvion PITUUS ON VAIN 27,5 CM joten jos huonekalusi laatikko\/ ovi\/ tai muu mitta on 30-55 cm tarvitset kaksi pakettia! Kuvioita\u2026","rel":"","context":"Samankaltainen artikkeli","block_context":{"text":"Samankaltainen artikkeli","link":""},"img":{"alt_text":"","src":"https:\/\/i0.wp.com\/puuhamari.fi\/wp-content\/uploads\/2023\/10\/Vintage-Wallpaper-II-1-b.png?fit=648%2C648&ssl=1&resize=350%2C200","width":350,"height":200,"srcset":"https:\/\/i0.wp.com\/puuhamari.fi\/wp-content\/uploads\/2023\/10\/Vintage-Wallpaper-II-1-b.png?fit=648%2C648&ssl=1&resize=350%2C200 1x, https:\/\/i0.wp.com\/puuhamari.fi\/wp-content\/uploads\/2023\/10\/Vintage-Wallpaper-II-1-b.png?fit=648%2C648&ssl=1&resize=525%2C300 1.5x"},"classes":[]},{"id":7194,"url":"https:\/\/puuhamari.fi\/?product=wings-verkkosapluuna","url_meta":{"origin":6259,"position":3},"title":"Wings &#8211; verkkosapluuna","author":"PuuhaMari","date":"6 syyskuun, 2023","format":false,"excerpt":"Eritt\u00e4in kaunis ja realistisen n\u00e4k\u00f6isin sulkakuvioin varustettu verkkosapluuna. Mist\u00e4 muualta l\u00f6yd\u00e4t yht\u00e4 upean yksityiskohtaiset siivet sapluunan muodossa? Veikkaanpa, ettet juuri mist\u00e4\u00e4n. Kassiin, pianoon, vaatekaappiin, oven yl\u00e4puolelle, puseroon, takkiin - minne vain mielikuvituksesi lent\u00e4\u00e4kin! V\u00e4rein\u00e4 sille toimivat valkoisen lis\u00e4ksi - k\u00e4ytt\u00f6tarkoituksesta riippuen - my\u00f6s hempe\u00e4t pastelliv\u00e4rit, pehme\u00e4t maans\u00e4vyt (vaaleanvihre\u00e4, -harmaa, beige...)\u00a0\u2026","rel":"","context":"Samankaltainen artikkeli","block_context":{"text":"Samankaltainen artikkeli","link":""},"img":{"alt_text":"","src":"https:\/\/i0.wp.com\/puuhamari.fi\/wp-content\/uploads\/2023\/09\/1-6.png?fit=872%2C869&ssl=1&resize=350%2C200","width":350,"height":200,"srcset":"https:\/\/i0.wp.com\/puuhamari.fi\/wp-content\/uploads\/2023\/09\/1-6.png?fit=872%2C869&ssl=1&resize=350%2C200 1x, https:\/\/i0.wp.com\/puuhamari.fi\/wp-content\/uploads\/2023\/09\/1-6.png?fit=872%2C869&ssl=1&resize=525%2C300 1.5x, https:\/\/i0.wp.com\/puuhamari.fi\/wp-content\/uploads\/2023\/09\/1-6.png?fit=872%2C869&ssl=1&resize=700%2C400 2x"},"classes":[]},{"id":11059,"url":"https:\/\/puuhamari.fi\/?product=harmaat-ja-mustat","url_meta":{"origin":6259,"position":4},"title":"Harmaat ja mustat","author":"PuuhaMari","date":"10 huhtikuun, 2026","format":false,"excerpt":"Kaikki s\u00e4vyvertailut ovat PuuhaMarin kokoamia, eiv\u00e4tk\u00e4 ne ole myynniss\u00e4. Ne on laadittu helpottamaan valintaa kahden toisiaan l\u00e4hell\u00e4 olevan v\u00e4rin v\u00e4lill\u00e4 silloin, kun et p\u00e4\u00e4se fyysisesti Putiikin verstasmyym\u00e4l\u00e4\u00e4n Porissa. HUOM: muista aina, ett\u00e4 digitaaliset kuvat eiv\u00e4t koskaan toista v\u00e4ris\u00e4vyj\u00e4 t\u00e4ysin totuudenmukaisina! (Sanallinen vertailukuvaus tulossa t\u00e4lle sivulle pian) T\u00e4ss\u00e4 suorat linkit kunkin\u2026","rel":"","context":"Samankaltainen artikkeli","block_context":{"text":"Samankaltainen artikkeli","link":""},"img":{"alt_text":"","src":"https:\/\/i0.wp.com\/puuhamari.fi\/wp-content\/uploads\/2026\/04\/6.png?fit=1200%2C1200&ssl=1&resize=350%2C200","width":350,"height":200,"srcset":"https:\/\/i0.wp.com\/puuhamari.fi\/wp-content\/uploads\/2026\/04\/6.png?fit=1200%2C1200&ssl=1&resize=350%2C200 1x, https:\/\/i0.wp.com\/puuhamari.fi\/wp-content\/uploads\/2026\/04\/6.png?fit=1200%2C1200&ssl=1&resize=525%2C300 1.5x, https:\/\/i0.wp.com\/puuhamari.fi\/wp-content\/uploads\/2026\/04\/6.png?fit=1200%2C1200&ssl=1&resize=700%2C400 2x, https:\/\/i0.wp.com\/puuhamari.fi\/wp-content\/uploads\/2026\/04\/6.png?fit=1200%2C1200&ssl=1&resize=1050%2C600 3x"},"classes":[]},{"id":5442,"url":"https:\/\/puuhamari.fi\/?product=dark-botanical-esiliisteroity-palatapetti-yksittain","url_meta":{"origin":6259,"position":5},"title":"&#8220;Dark Botanical&#8221; esiliister\u00f6ity palatapetti (yksitt\u00e4in)","author":"PuuhaMari","date":"30 maaliskuun, 2023","format":false,"excerpt":"Ensisilm\u00e4yksest\u00e4 l\u00e4htien vaikuttavan kaunis ja runsaskukkainen design suorastaan uhkuu ylellisyytt\u00e4. Sen ajattomuus ja luonnonl\u00e4heisyys antavat kodillesi my\u00f6s taiteellista, syv\u00e4llisemp\u00e4\u00e4 henke\u00e4. Tee t\u00e4ll\u00e4 korostussein\u00e4 keitti\u00f6\u00f6si, tai toivota sill\u00e4 vieraat tervetulleiksi heti eteisess\u00e4. Ent\u00e4 yhden olohuoneesi nurkan muuttaminen t\u00e4m\u00e4n kuosin avulla omaksi turvasatamaksesi, jossa luet kirjaa tai kudot iso\u00e4idin neli\u00f6it\u00e4? Palatapetti k\u00e4y\u2026","rel":"","context":"Samankaltainen artikkeli","block_context":{"text":"Samankaltainen artikkeli","link":""},"img":{"alt_text":"","src":"https:\/\/i0.wp.com\/puuhamari.fi\/wp-content\/uploads\/2023\/03\/Kilburn-Dark-Botanical-5b.jpg?fit=904%2C904&ssl=1&resize=350%2C200","width":350,"height":200,"srcset":"https:\/\/i0.wp.com\/puuhamari.fi\/wp-content\/uploads\/2023\/03\/Kilburn-Dark-Botanical-5b.jpg?fit=904%2C904&ssl=1&resize=350%2C200 1x, https:\/\/i0.wp.com\/puuhamari.fi\/wp-content\/uploads\/2023\/03\/Kilburn-Dark-Botanical-5b.jpg?fit=904%2C904&ssl=1&resize=525%2C300 1.5x, https:\/\/i0.wp.com\/puuhamari.fi\/wp-content\/uploads\/2023\/03\/Kilburn-Dark-Botanical-5b.jpg?fit=904%2C904&ssl=1&resize=700%2C400 2x"},"classes":[]}],"_links":{"self":[{"href":"https:\/\/puuhamari.fi\/index.php?rest_route=\/wp\/v2\/product\/6259","targetHints":{"allow":["GET"]}}],"collection":[{"href":"https:\/\/puuhamari.fi\/index.php?rest_route=\/wp\/v2\/product"}],"about":[{"href":"https:\/\/puuhamari.fi\/index.php?rest_route=\/wp\/v2\/types\/product"}],"replies":[{"embeddable":true,"href":"https:\/\/puuhamari.fi\/index.php?rest_route=%2Fwp%2Fv2%2Fcomments&post=6259"}],"version-history":[{"count":3,"href":"https:\/\/puuhamari.fi\/index.php?rest_route=\/wp\/v2\/product\/6259\/revisions"}],"predecessor-version":[{"id":9421,"href":"https:\/\/puuhamari.fi\/index.php?rest_route=\/wp\/v2\/product\/6259\/revisions\/9421"}],"wp:featuredmedia":[{"embeddable":true,"href":"https:\/\/puuhamari.fi\/index.php?rest_route=\/wp\/v2\/media\/6346"}],"wp:attachment":[{"href":"https:\/\/puuhamari.fi\/index.php?rest_route=%2Fwp%2Fv2%2Fmedia&parent=6259"}],"wp:term":[{"taxonomy":"product_brand","embeddable":true,"href":"https:\/\/puuhamari.fi\/index.php?rest_route=%2Fwp%2Fv2%2Fproduct_brand&post=6259"},{"taxonomy":"product_cat","embeddable":true,"href":"https:\/\/puuhamari.fi\/index.php?rest_route=%2Fwp%2Fv2%2Fproduct_cat&post=6259"},{"taxonomy":"product_tag","embeddable":true,"href":"https:\/\/puuhamari.fi\/index.php?rest_route=%2Fwp%2Fv2%2Fproduct_tag&post=6259"}],"curies":[{"name":"wp","href":"https:\/\/api.w.org\/{rel}","templated":true}]}}