{"id":6262,"date":"2023-06-17T18:24:13","date_gmt":"2023-06-17T18:24:13","guid":{"rendered":"https:\/\/puuhamari.fi\/?post_type=product&#038;p=6262"},"modified":"2026-04-15T18:32:45","modified_gmt":"2026-04-15T15:32:45","slug":"carriage-house","status":"publish","type":"product","link":"https:\/\/puuhamari.fi\/?product=carriage-house","title":{"rendered":"Carriage House"},"content":{"rendered":"<p>Fusion\u2122 maalien kuvaus: <a href=\"https:\/\/puuhamari.fi\/?p=5842\" target=\"_blank\" rel=\"noopener\">lue t\u00e4\u00e4lt\u00e4.<\/a><\/p>\n","protected":false},"excerpt":{"rendered":"<p>Yksi suosituimpia vihreit\u00e4 Fusion-s\u00e4vyj\u00e4. &#8220;Vaunutalli&#8221; on eritt\u00e4in miellytt\u00e4v\u00e4, selke\u00e4sti harmaaseen taittava vihre\u00e4n (keskitumma &#8211; tumma) s\u00e4vy, joka istuu hienosti osaksi Wanhan Ajan kalustusta, mutta antaa erityist\u00e4 arvokkuutta nykyaikaiseenkin kotiin.<\/p>\n","protected":false},"author":1,"featured_media":6330,"comment_status":"open","ping_status":"closed","template":"","meta":{"advgb_blocks_editor_width":"","advgb_blocks_columns_visual_guide":"","advanced_seo_description":"","jetpack_seo_html_title":"","jetpack_seo_noindex":false,"_kad_post_transparent":"default","_kad_post_title":"","_kad_post_layout":"default","_kad_post_sidebar_id":"","_kad_post_content_style":"default","_kad_post_vertical_padding":"default","_kad_post_feature":"","_kad_post_feature_position":"","_kad_post_header":false,"_kad_post_footer":false,"_kad_post_classname":"","jetpack_post_was_ever_published":false},"product_brand":[],"product_cat":[309],"product_tag":[450,509,230,1274,1275,508,208],"class_list":{"0":"post-6262","1":"product","2":"type-product","3":"status-publish","4":"has-post-thumbnail","6":"product_cat-fusion-mineraalimaalit","7":"product_tag-fusion","8":"product_tag-fusion-mineral-paint","9":"product_tag-harmaa","10":"product_tag-kalustemaali","11":"product_tag-maali","12":"product_tag-mineraalimaali","13":"product_tag-vihrea","15":"first","16":"instock","17":"taxable","18":"shipping-taxable","19":"purchasable","20":"product-type-variable","21":"entry","22":"content-bg","23":"loop-entry"},"featured_img":"https:\/\/puuhamari.fi\/wp-content\/uploads\/2023\/06\/Carriage-House-pint.jpg","coauthors":[],"author_meta":{"author_link":"https:\/\/puuhamari.fi\/?author=1","display_name":"PuuhaMari"},"relative_dates":{"created":"Julkaistu 3 vuotta sitten","modified":"P\u00e4ivitetty 5 p\u00e4iv\u00e4\u00e4 sitten"},"absolute_dates":{"created":"Julkaistu 17 kes\u00e4kuun, 2023","modified":"P\u00e4ivitetty 15 huhtikuun, 2026"},"absolute_dates_time":{"created":"Julkaistu 17 kes\u00e4kuun, 2023 6:24 pm","modified":"P\u00e4ivitetty 15 huhtikuun, 2026 6:32 pm"},"featured_img_caption":"","tax_additional":{"product_brand":{"linked":[],"unlinked":[],"slug":"product_brand","name":"Br\u00e4ndit"},"product_type":{"linked":["<a href=\"https:\/\/puuhamari.fi\/?taxonomy=product_type&#038;term=variable\" class=\"advgb-post-tax-term\">variable<\/a>"],"unlinked":["<span class=\"advgb-post-tax-term\">variable<\/span>"],"slug":"product_type","name":"Tuotetyyppi"},"product_visibility":{"linked":["<a href=\"https:\/\/puuhamari.fi\/?taxonomy=product_visibility&#038;term=rated-5\" class=\"advgb-post-tax-term\">rated-5<\/a>"],"unlinked":["<span class=\"advgb-post-tax-term\">rated-5<\/span>"],"slug":"product_visibility","name":"Tuotteen n\u00e4kyvyys"},"product_cat":{"linked":["<a href=\"https:\/\/puuhamari.fi\/?product_cat=fusion-mineraalimaalit\" class=\"advgb-post-tax-term\">Fusion mineraalimaalit<\/a>"],"unlinked":["<span class=\"advgb-post-tax-term\">Fusion mineraalimaalit<\/span>"],"slug":"product_cat","name":"Osastot"},"product_tag":{"linked":["<a href=\"https:\/\/puuhamari.fi\/?product_tag=fusion\" class=\"advgb-post-tax-term\">Fusion<\/a>","<a href=\"https:\/\/puuhamari.fi\/?product_tag=fusion-mineral-paint\" class=\"advgb-post-tax-term\">Fusion Mineral Paint<\/a>","<a href=\"https:\/\/puuhamari.fi\/?product_tag=harmaa\" class=\"advgb-post-tax-term\">Harmaa<\/a>","<a href=\"https:\/\/puuhamari.fi\/?product_tag=kalustemaali\" class=\"advgb-post-tax-term\">kalustemaali<\/a>","<a href=\"https:\/\/puuhamari.fi\/?product_tag=maali\" class=\"advgb-post-tax-term\">maali<\/a>","<a href=\"https:\/\/puuhamari.fi\/?product_tag=mineraalimaali\" class=\"advgb-post-tax-term\">Mineraalimaali<\/a>","<a href=\"https:\/\/puuhamari.fi\/?product_tag=vihrea\" class=\"advgb-post-tax-term\">vihre\u00e4<\/a>"],"unlinked":["<span class=\"advgb-post-tax-term\">Fusion<\/span>","<span class=\"advgb-post-tax-term\">Fusion Mineral Paint<\/span>","<span class=\"advgb-post-tax-term\">Harmaa<\/span>","<span class=\"advgb-post-tax-term\">kalustemaali<\/span>","<span class=\"advgb-post-tax-term\">maali<\/span>","<span class=\"advgb-post-tax-term\">Mineraalimaali<\/span>","<span class=\"advgb-post-tax-term\">vihre\u00e4<\/span>"],"slug":"product_tag","name":"Avainsanat tuotteelle"},"product_shipping_class":{"linked":[],"unlinked":[],"slug":"product_shipping_class","name":"Tuotteen toimitusluokat"},"pos_product_visibility":{"linked":[],"unlinked":[],"slug":"pos_product_visibility","name":"POS Product visibility"},"pa_arkin-koko":{"linked":[],"unlinked":[],"slug":"pa_arkin-koko","name":"Tuote Arkin koko"},"pa_hiomatyynyn-karkeus":{"linked":[],"unlinked":[],"slug":"pa_hiomatyynyn-karkeus","name":"Tuote Hiomatyynyn karkeus"},"pa_kehys":{"linked":[],"unlinked":[],"slug":"pa_kehys","name":"Tuote Kehys"},"pa_kuvion-nro":{"linked":[],"unlinked":[],"slug":"pa_kuvion-nro","name":"Tuote Kuvion nro"},"pa_littean-pensselin-koko":{"linked":[],"unlinked":[],"slug":"pa_littean-pensselin-koko","name":"Tuote Litte\u00e4n pensselin koko"},"pa_maalivari":{"linked":[],"unlinked":[],"slug":"pa_maalivari","name":"Tuote Maaliv\u00e4ri"},"pa_palatapettien-lkm":{"linked":[],"unlinked":[],"slug":"pa_palatapettien-lkm","name":"Tuote Palatapettien lkm"},"pa_purkin-koko":{"linked":["<a href=\"https:\/\/puuhamari.fi\/?taxonomy=pa_purkin-koko&#038;term=37-ml\" class=\"advgb-post-tax-term\">37 ml<\/a>","<a href=\"https:\/\/puuhamari.fi\/?taxonomy=pa_purkin-koko&#038;term=500-ml\" class=\"advgb-post-tax-term\">500 ml<\/a>"],"unlinked":["<span class=\"advgb-post-tax-term\">37 ml<\/span>","<span class=\"advgb-post-tax-term\">500 ml<\/span>"],"slug":"pa_purkin-koko","name":"Tuote Purkin koko"},"pa_sapluunan-koko":{"linked":[],"unlinked":[],"slug":"pa_sapluunan-koko","name":"Tuote Sapluunan koko"},"pa_tabletti":{"linked":[],"unlinked":[],"slug":"pa_tabletti","name":"Tuote Tabletti"},"pa_valitse-sisalto":{"linked":[],"unlinked":[],"slug":"pa_valitse-sisalto","name":"Tuote Valitse sis\u00e4lt\u00f6"},"pa_varjostin":{"linked":[],"unlinked":[],"slug":"pa_varjostin","name":"Tuote Varjostin"}},"series_order":"","jetpack_sharing_enabled":true,"jetpack_likes_enabled":true,"jetpack-related-posts":[{"id":6250,"url":"https:\/\/puuhamari.fi\/?product=wellington","url_meta":{"origin":6262,"position":0},"title":"Wellington","author":"PuuhaMari","date":"17 kes\u00e4kuun, 2023","format":false,"excerpt":"Fusionin ehdottomasti tummin vihre\u00e4! Hiilenharmaa pohjas\u00e4vy antaa sille luonnetta, jota et l\u00f6yd\u00e4 mist\u00e4\u00e4n muualta...","rel":"","context":"Samankaltainen artikkeli","block_context":{"text":"Samankaltainen artikkeli","link":""},"img":{"alt_text":"","src":"https:\/\/i0.wp.com\/puuhamari.fi\/wp-content\/uploads\/2023\/06\/Wellington-pint.jpg?fit=1200%2C1042&ssl=1&resize=350%2C200","width":350,"height":200,"srcset":"https:\/\/i0.wp.com\/puuhamari.fi\/wp-content\/uploads\/2023\/06\/Wellington-pint.jpg?fit=1200%2C1042&ssl=1&resize=350%2C200 1x, https:\/\/i0.wp.com\/puuhamari.fi\/wp-content\/uploads\/2023\/06\/Wellington-pint.jpg?fit=1200%2C1042&ssl=1&resize=525%2C300 1.5x, https:\/\/i0.wp.com\/puuhamari.fi\/wp-content\/uploads\/2023\/06\/Wellington-pint.jpg?fit=1200%2C1042&ssl=1&resize=700%2C400 2x, https:\/\/i0.wp.com\/puuhamari.fi\/wp-content\/uploads\/2023\/06\/Wellington-pint.jpg?fit=1200%2C1042&ssl=1&resize=1050%2C600 3x"},"classes":[]},{"id":6265,"url":"https:\/\/puuhamari.fi\/?product=cambridge","url_meta":{"origin":6262,"position":1},"title":"Cambridge","author":"PuuhaMari","date":"17 kes\u00e4kuun, 2023","format":false,"excerpt":"Suomalaista silm\u00e4\u00e4 erityisesti miellytt\u00e4v\u00e4, harmaaseen taittava tummansininen. Istuu kauniisti sek\u00e4 perinteikk\u00e4\u00e4seen, ett\u00e4 moderniin kotiin!","rel":"","context":"Samankaltainen artikkeli","block_context":{"text":"Samankaltainen artikkeli","link":""},"img":{"alt_text":"","src":"https:\/\/i0.wp.com\/puuhamari.fi\/wp-content\/uploads\/2023\/06\/IMG_20230619_203718.jpg?fit=1200%2C1200&ssl=1&resize=350%2C200","width":350,"height":200,"srcset":"https:\/\/i0.wp.com\/puuhamari.fi\/wp-content\/uploads\/2023\/06\/IMG_20230619_203718.jpg?fit=1200%2C1200&ssl=1&resize=350%2C200 1x, https:\/\/i0.wp.com\/puuhamari.fi\/wp-content\/uploads\/2023\/06\/IMG_20230619_203718.jpg?fit=1200%2C1200&ssl=1&resize=525%2C300 1.5x, https:\/\/i0.wp.com\/puuhamari.fi\/wp-content\/uploads\/2023\/06\/IMG_20230619_203718.jpg?fit=1200%2C1200&ssl=1&resize=700%2C400 2x, https:\/\/i0.wp.com\/puuhamari.fi\/wp-content\/uploads\/2023\/06\/IMG_20230619_203718.jpg?fit=1200%2C1200&ssl=1&resize=1050%2C600 3x"},"classes":[]},{"id":5178,"url":"https:\/\/puuhamari.fi\/?product=little-speckled-frog","url_meta":{"origin":6262,"position":2},"title":"Little Speckled Frog","author":"PuuhaMari","date":"17 maaliskuun, 2023","format":false,"excerpt":"Fusion mineraalimaalien vihre\u00e4n perheen pikkubaby; eritt\u00e4in vaalea ja pastellinen versio mintunvihre\u00e4st\u00e4. Huikean kaunis yksin\u00e4\u00e4n, mutta my\u00f6s yhdistettyn\u00e4 valkoiseen, muihin vihreisiin ja kaikkiin pastellis\u00e4vyihin. HUOM! T\u00e4m\u00e4n s\u00e4vyn valmistus on jo lopetettu. Vain muutama purkki j\u00e4ljell\u00e4!!","rel":"","context":"Samankaltainen artikkeli","block_context":{"text":"Samankaltainen artikkeli","link":""},"img":{"alt_text":"","src":"https:\/\/i0.wp.com\/puuhamari.fi\/wp-content\/uploads\/2023\/03\/Fusion_Mineral_Paint_Little_Speckled_Frog_pint-B-scaled.jpg?fit=1200%2C1200&ssl=1&resize=350%2C200","width":350,"height":200,"srcset":"https:\/\/i0.wp.com\/puuhamari.fi\/wp-content\/uploads\/2023\/03\/Fusion_Mineral_Paint_Little_Speckled_Frog_pint-B-scaled.jpg?fit=1200%2C1200&ssl=1&resize=350%2C200 1x, https:\/\/i0.wp.com\/puuhamari.fi\/wp-content\/uploads\/2023\/03\/Fusion_Mineral_Paint_Little_Speckled_Frog_pint-B-scaled.jpg?fit=1200%2C1200&ssl=1&resize=525%2C300 1.5x, https:\/\/i0.wp.com\/puuhamari.fi\/wp-content\/uploads\/2023\/03\/Fusion_Mineral_Paint_Little_Speckled_Frog_pint-B-scaled.jpg?fit=1200%2C1200&ssl=1&resize=700%2C400 2x, https:\/\/i0.wp.com\/puuhamari.fi\/wp-content\/uploads\/2023\/03\/Fusion_Mineral_Paint_Little_Speckled_Frog_pint-B-scaled.jpg?fit=1200%2C1200&ssl=1&resize=1050%2C600 3x"},"classes":[]},{"id":2528,"url":"https:\/\/puuhamari.fi\/?product=cranberry","url_meta":{"origin":6262,"position":3},"title":"Cranberry","author":"PuuhaMari","date":"24 helmikuun, 2022","format":false,"excerpt":"Suomalaisten suosikkipunainen: uhkea ja syv\u00e4 viininpunainen, joka tuo mieleen loppusyksyn karpalosadon. T\u00e4m\u00e4 v\u00e4ri on itsevarma kannanotto, jolla teet kalusteestasi todellisen katseenvangitsijan!","rel":"","context":"Samankaltainen artikkeli","block_context":{"text":"Samankaltainen artikkeli","link":""},"img":{"alt_text":"","src":"https:\/\/i0.wp.com\/puuhamari.fi\/wp-content\/uploads\/2022\/02\/Fusion_Mineral_Paint_Cranberry_pint-b-scaled.jpg?fit=1200%2C1200&ssl=1&resize=350%2C200","width":350,"height":200,"srcset":"https:\/\/i0.wp.com\/puuhamari.fi\/wp-content\/uploads\/2022\/02\/Fusion_Mineral_Paint_Cranberry_pint-b-scaled.jpg?fit=1200%2C1200&ssl=1&resize=350%2C200 1x, https:\/\/i0.wp.com\/puuhamari.fi\/wp-content\/uploads\/2022\/02\/Fusion_Mineral_Paint_Cranberry_pint-b-scaled.jpg?fit=1200%2C1200&ssl=1&resize=525%2C300 1.5x, https:\/\/i0.wp.com\/puuhamari.fi\/wp-content\/uploads\/2022\/02\/Fusion_Mineral_Paint_Cranberry_pint-b-scaled.jpg?fit=1200%2C1200&ssl=1&resize=700%2C400 2x, https:\/\/i0.wp.com\/puuhamari.fi\/wp-content\/uploads\/2022\/02\/Fusion_Mineral_Paint_Cranberry_pint-b-scaled.jpg?fit=1200%2C1200&ssl=1&resize=1050%2C600 3x"},"classes":[]},{"id":4581,"url":"https:\/\/puuhamari.fi\/?product=tuscan-orange","url_meta":{"origin":6262,"position":4},"title":"Tuscan Orange","author":"PuuhaMari","date":"17 elokuun, 2022","format":false,"excerpt":"L\u00e4mpim\u00e4n maalaistunnelmainen ja rustiikkinen oranssi, jonka esikuvana ja innoittajana ovat toimineet romanttisen Toscanan alueen keltaiset ja oranssit talot (kts. 2 viimeist\u00e4 kuvaa).","rel":"","context":"Samankaltainen artikkeli","block_context":{"text":"Samankaltainen artikkeli","link":""},"img":{"alt_text":"","src":"https:\/\/i0.wp.com\/puuhamari.fi\/wp-content\/uploads\/2022\/08\/fusion_mineral_paint-tuscanorange-pint-b.jpg?fit=1200%2C1200&ssl=1&resize=350%2C200","width":350,"height":200,"srcset":"https:\/\/i0.wp.com\/puuhamari.fi\/wp-content\/uploads\/2022\/08\/fusion_mineral_paint-tuscanorange-pint-b.jpg?fit=1200%2C1200&ssl=1&resize=350%2C200 1x, https:\/\/i0.wp.com\/puuhamari.fi\/wp-content\/uploads\/2022\/08\/fusion_mineral_paint-tuscanorange-pint-b.jpg?fit=1200%2C1200&ssl=1&resize=525%2C300 1.5x, https:\/\/i0.wp.com\/puuhamari.fi\/wp-content\/uploads\/2022\/08\/fusion_mineral_paint-tuscanorange-pint-b.jpg?fit=1200%2C1200&ssl=1&resize=700%2C400 2x, https:\/\/i0.wp.com\/puuhamari.fi\/wp-content\/uploads\/2022\/08\/fusion_mineral_paint-tuscanorange-pint-b.jpg?fit=1200%2C1200&ssl=1&resize=1050%2C600 3x"},"classes":[]},{"id":6253,"url":"https:\/\/puuhamari.fi\/?product=parchment","url_meta":{"origin":6262,"position":5},"title":"Parchment","author":"PuuhaMari","date":"17 kes\u00e4kuun, 2023","format":false,"excerpt":"Miellytt\u00e4v\u00e4tk\u00f6 luonnonvalkoiset s\u00e4vyt sinua, mutta harmittelet sit\u00e4, ett\u00e4 ne niin usein vivahtavat liikaa keltaiseen? T\u00e4ss\u00e4 sinulle t\u00e4ydellinen s\u00e4vy: t\u00e4m\u00e4n \"pergamentinvalkoisen\" pohjana on itseasiassa k\u00e4ytetty pehme\u00e4nkauniita harmaan s\u00e4vyj\u00e4.","rel":"","context":"Samankaltainen artikkeli","block_context":{"text":"Samankaltainen artikkeli","link":""},"img":{"alt_text":"","src":"https:\/\/i0.wp.com\/puuhamari.fi\/wp-content\/uploads\/2023\/06\/Parchment-pint.jpg?fit=1200%2C1010&ssl=1&resize=350%2C200","width":350,"height":200,"srcset":"https:\/\/i0.wp.com\/puuhamari.fi\/wp-content\/uploads\/2023\/06\/Parchment-pint.jpg?fit=1200%2C1010&ssl=1&resize=350%2C200 1x, https:\/\/i0.wp.com\/puuhamari.fi\/wp-content\/uploads\/2023\/06\/Parchment-pint.jpg?fit=1200%2C1010&ssl=1&resize=525%2C300 1.5x, https:\/\/i0.wp.com\/puuhamari.fi\/wp-content\/uploads\/2023\/06\/Parchment-pint.jpg?fit=1200%2C1010&ssl=1&resize=700%2C400 2x, https:\/\/i0.wp.com\/puuhamari.fi\/wp-content\/uploads\/2023\/06\/Parchment-pint.jpg?fit=1200%2C1010&ssl=1&resize=1050%2C600 3x"},"classes":[]}],"_links":{"self":[{"href":"https:\/\/puuhamari.fi\/index.php?rest_route=\/wp\/v2\/product\/6262","targetHints":{"allow":["GET"]}}],"collection":[{"href":"https:\/\/puuhamari.fi\/index.php?rest_route=\/wp\/v2\/product"}],"about":[{"href":"https:\/\/puuhamari.fi\/index.php?rest_route=\/wp\/v2\/types\/product"}],"replies":[{"embeddable":true,"href":"https:\/\/puuhamari.fi\/index.php?rest_route=%2Fwp%2Fv2%2Fcomments&post=6262"}],"version-history":[{"count":5,"href":"https:\/\/puuhamari.fi\/index.php?rest_route=\/wp\/v2\/product\/6262\/revisions"}],"predecessor-version":[{"id":8255,"href":"https:\/\/puuhamari.fi\/index.php?rest_route=\/wp\/v2\/product\/6262\/revisions\/8255"}],"wp:featuredmedia":[{"embeddable":true,"href":"https:\/\/puuhamari.fi\/index.php?rest_route=\/wp\/v2\/media\/6330"}],"wp:attachment":[{"href":"https:\/\/puuhamari.fi\/index.php?rest_route=%2Fwp%2Fv2%2Fmedia&parent=6262"}],"wp:term":[{"taxonomy":"product_brand","embeddable":true,"href":"https:\/\/puuhamari.fi\/index.php?rest_route=%2Fwp%2Fv2%2Fproduct_brand&post=6262"},{"taxonomy":"product_cat","embeddable":true,"href":"https:\/\/puuhamari.fi\/index.php?rest_route=%2Fwp%2Fv2%2Fproduct_cat&post=6262"},{"taxonomy":"product_tag","embeddable":true,"href":"https:\/\/puuhamari.fi\/index.php?rest_route=%2Fwp%2Fv2%2Fproduct_tag&post=6262"}],"curies":[{"name":"wp","href":"https:\/\/api.w.org\/{rel}","templated":true}]}}