{"id":6384,"date":"2023-07-01T13:20:54","date_gmt":"2023-07-01T13:20:54","guid":{"rendered":"https:\/\/puuhamari.fi\/?post_type=product&#038;p=6384"},"modified":"2026-03-19T14:38:01","modified_gmt":"2026-03-19T12:38:01","slug":"orb-viimeistely-ja-kuviointi-100-mm","status":"publish","type":"product","link":"https:\/\/puuhamari.fi\/?product=orb-viimeistely-ja-kuviointi-100-mm","title":{"rendered":"ORB &#8211; Viimeistely ja kuviointi 100 mm"},"content":{"rendered":"","protected":false},"excerpt":{"rendered":"<p>Uutuus PuuhaMarin valikoimassa: Hollannissa k\u00e4sity\u00f6n\u00e4 valmistettu <span style=\"text-decoration: underline;\"><em>ohut,<\/em><\/span> leve\u00e4 ja litte\u00e4 pensseli synteettisill\u00e4, pehmeill\u00e4\u00a0 harjaksilla.<\/p>\n<ul>\n<li>Nopeaan ty\u00f6skentelyyn isohkoilla pinnoilla<\/li>\n<li>Telalla maalaamisen viimeistelyyn<\/li>\n<li>Erilaisiin (kuviointi-) tekniikoihin, esim. kuivaharjaus, glaseeraus, h\u00e4ivytykset jne&#8230;<\/li>\n<li>Viimeistelyaineiden ohueen levitykseen (my\u00f6s sellakka)<\/li>\n<li>Litte\u00e4 ja ohut harjasosa tekee tarkaa j\u00e4lke\u00e4 my\u00f6s reunoissa<\/li>\n<\/ul>\n","protected":false},"author":1,"featured_media":6385,"comment_status":"open","ping_status":"closed","template":"","meta":{"advgb_blocks_editor_width":"","advgb_blocks_columns_visual_guide":"","advanced_seo_description":"","jetpack_seo_html_title":"","jetpack_seo_noindex":false,"_kad_post_transparent":"default","_kad_post_title":"","_kad_post_layout":"default","_kad_post_sidebar_id":"","_kad_post_content_style":"default","_kad_post_vertical_padding":"default","_kad_post_feature":"","_kad_post_feature_position":"","_kad_post_header":false,"_kad_post_footer":false,"_kad_post_classname":"","jetpack_post_was_ever_published":false},"product_brand":[],"product_cat":[308],"product_tag":[695,696,133,317,316,150],"class_list":{"0":"post-6384","1":"product","2":"type-product","3":"status-publish","4":"has-post-thumbnail","6":"product_cat-pensselit-tyokalut","7":"product_tag-100-mm","8":"product_tag-levea","9":"product_tag-littea","10":"product_tag-old-red-barn","11":"product_tag-orb","12":"product_tag-pensseli","14":"first","15":"instock","16":"taxable","17":"shipping-taxable","18":"purchasable","19":"product-type-simple","20":"entry","21":"content-bg","22":"loop-entry"},"featured_img":"https:\/\/puuhamari.fi\/wp-content\/uploads\/2023\/07\/Viimeistely-ja-kuviointi-100-mm-1b.jpg","coauthors":[],"author_meta":{"author_link":"https:\/\/puuhamari.fi\/?author=1","display_name":"PuuhaMari"},"relative_dates":{"created":"Julkaistu 3 vuotta sitten","modified":"P\u00e4ivitetty 1 kuukausi sitten"},"absolute_dates":{"created":"Julkaistu 1 hein\u00e4kuun, 2023","modified":"P\u00e4ivitetty 19 maaliskuun, 2026"},"absolute_dates_time":{"created":"Julkaistu 1 hein\u00e4kuun, 2023 1:20 pm","modified":"P\u00e4ivitetty 19 maaliskuun, 2026 2:38 pm"},"featured_img_caption":"","tax_additional":{"product_brand":{"linked":[],"unlinked":[],"slug":"product_brand","name":"Br\u00e4ndit"},"product_type":{"linked":["<a href=\"https:\/\/puuhamari.fi\/?taxonomy=product_type&#038;term=simple\" class=\"advgb-post-tax-term\">simple<\/a>"],"unlinked":["<span class=\"advgb-post-tax-term\">simple<\/span>"],"slug":"product_type","name":"Tuotetyyppi"},"product_visibility":{"linked":[],"unlinked":[],"slug":"product_visibility","name":"Tuotteen n\u00e4kyvyys"},"product_cat":{"linked":["<a href=\"https:\/\/puuhamari.fi\/?product_cat=pensselit-tyokalut\" class=\"advgb-post-tax-term\">Pensselit<\/a>"],"unlinked":["<span class=\"advgb-post-tax-term\">Pensselit<\/span>"],"slug":"product_cat","name":"Osastot"},"product_tag":{"linked":["<a href=\"https:\/\/puuhamari.fi\/?product_tag=100-mm\" class=\"advgb-post-tax-term\">100 mm<\/a>","<a href=\"https:\/\/puuhamari.fi\/?product_tag=levea\" class=\"advgb-post-tax-term\">Leve\u00e4<\/a>","<a href=\"https:\/\/puuhamari.fi\/?product_tag=littea\" class=\"advgb-post-tax-term\">Litte\u00e4<\/a>","<a href=\"https:\/\/puuhamari.fi\/?product_tag=old-red-barn\" class=\"advgb-post-tax-term\">Old Red Barn<\/a>","<a href=\"https:\/\/puuhamari.fi\/?product_tag=orb\" class=\"advgb-post-tax-term\">ORB<\/a>","<a href=\"https:\/\/puuhamari.fi\/?product_tag=pensseli\" class=\"advgb-post-tax-term\">Pensseli<\/a>"],"unlinked":["<span class=\"advgb-post-tax-term\">100 mm<\/span>","<span class=\"advgb-post-tax-term\">Leve\u00e4<\/span>","<span class=\"advgb-post-tax-term\">Litte\u00e4<\/span>","<span class=\"advgb-post-tax-term\">Old Red Barn<\/span>","<span class=\"advgb-post-tax-term\">ORB<\/span>","<span class=\"advgb-post-tax-term\">Pensseli<\/span>"],"slug":"product_tag","name":"Avainsanat tuotteelle"},"product_shipping_class":{"linked":[],"unlinked":[],"slug":"product_shipping_class","name":"Tuotteen toimitusluokat"},"pos_product_visibility":{"linked":[],"unlinked":[],"slug":"pos_product_visibility","name":"POS Product visibility"},"pa_arkin-koko":{"linked":[],"unlinked":[],"slug":"pa_arkin-koko","name":"Tuote Arkin koko"},"pa_hiomatyynyn-karkeus":{"linked":[],"unlinked":[],"slug":"pa_hiomatyynyn-karkeus","name":"Tuote Hiomatyynyn karkeus"},"pa_kehys":{"linked":[],"unlinked":[],"slug":"pa_kehys","name":"Tuote Kehys"},"pa_kuvion-nro":{"linked":[],"unlinked":[],"slug":"pa_kuvion-nro","name":"Tuote Kuvion nro"},"pa_littean-pensselin-koko":{"linked":["<a href=\"https:\/\/puuhamari.fi\/?taxonomy=pa_littean-pensselin-koko&#038;term=suuri-koko-100-mm\" class=\"advgb-post-tax-term\">Suuri koko (100 mm)<\/a>"],"unlinked":["<span class=\"advgb-post-tax-term\">Suuri koko (100 mm)<\/span>"],"slug":"pa_littean-pensselin-koko","name":"Tuote Litte\u00e4n pensselin koko"},"pa_maalivari":{"linked":[],"unlinked":[],"slug":"pa_maalivari","name":"Tuote Maaliv\u00e4ri"},"pa_palatapettien-lkm":{"linked":[],"unlinked":[],"slug":"pa_palatapettien-lkm","name":"Tuote Palatapettien lkm"},"pa_purkin-koko":{"linked":[],"unlinked":[],"slug":"pa_purkin-koko","name":"Tuote Purkin koko"},"pa_sapluunan-koko":{"linked":[],"unlinked":[],"slug":"pa_sapluunan-koko","name":"Tuote Sapluunan koko"},"pa_tabletti":{"linked":[],"unlinked":[],"slug":"pa_tabletti","name":"Tuote Tabletti"},"pa_valitse-sisalto":{"linked":[],"unlinked":[],"slug":"pa_valitse-sisalto","name":"Tuote Valitse sis\u00e4lt\u00f6"},"pa_varjostin":{"linked":[],"unlinked":[],"slug":"pa_varjostin","name":"Tuote Varjostin"}},"series_order":"","jetpack_sharing_enabled":true,"jetpack_likes_enabled":true,"jetpack-related-posts":[{"id":3380,"url":"https:\/\/puuhamari.fi\/?product=orb-littea-25-mm","url_meta":{"origin":6384,"position":0},"title":"ORB &#8211; litte\u00e4 25 mm","author":"PuuhaMari","date":"23 toukokuun, 2022","format":false,"excerpt":"Hollannissa k\u00e4sity\u00f6n\u00e4 valmistettu pensseli synteettisill\u00e4, pehmeill\u00e4\u00a0 harjaksilla. Monipuolinen yleispensseli Korkealaatuinen, satiinilakattu varsi Loistava maalin nosto- ja levityskyky Nopeaan ty\u00f6skentelyyn isoilla pinnoilla Mahdollistaa paremman peitt\u00e4vyyden V\u00e4hent\u00e4\u00e4 ranteen v\u00e4symist\u00e4","rel":"","context":"With 1 comment","block_context":{"text":"With 1 comment","link":"https:\/\/puuhamari.fi\/?product=orb-littea-25-mm#comments"},"img":{"alt_text":"","src":"https:\/\/i0.wp.com\/puuhamari.fi\/wp-content\/uploads\/2022\/05\/old-red-barn-old-red-barn-flat-brush-f1.jpg?fit=1000%2C1000&ssl=1&resize=350%2C200","width":350,"height":200,"srcset":"https:\/\/i0.wp.com\/puuhamari.fi\/wp-content\/uploads\/2022\/05\/old-red-barn-old-red-barn-flat-brush-f1.jpg?fit=1000%2C1000&ssl=1&resize=350%2C200 1x, https:\/\/i0.wp.com\/puuhamari.fi\/wp-content\/uploads\/2022\/05\/old-red-barn-old-red-barn-flat-brush-f1.jpg?fit=1000%2C1000&ssl=1&resize=525%2C300 1.5x, https:\/\/i0.wp.com\/puuhamari.fi\/wp-content\/uploads\/2022\/05\/old-red-barn-old-red-barn-flat-brush-f1.jpg?fit=1000%2C1000&ssl=1&resize=700%2C400 2x"},"classes":[]},{"id":3376,"url":"https:\/\/puuhamari.fi\/?product=orb-littea-50-mm","url_meta":{"origin":6384,"position":1},"title":"ORB &#8211; litte\u00e4 50 mm","author":"PuuhaMari","date":"23 toukokuun, 2022","format":false,"excerpt":"Hollannissa k\u00e4sity\u00f6n\u00e4 valmistettu pensseli synteettisill\u00e4, pehmeill\u00e4\u00a0 harjaksilla. Monipuolinen yleispensseli Korkealaatuinen, satiinilakattu varsi Loistava maalin nosto- ja levityskyky Nopeaan ty\u00f6skentelyyn isoilla pinnoilla Mahdollistaa paremman peitt\u00e4vyyden V\u00e4hent\u00e4\u00e4 ranteen v\u00e4symist\u00e4","rel":"","context":"With 1 comment","block_context":{"text":"With 1 comment","link":"https:\/\/puuhamari.fi\/?product=orb-littea-50-mm#comments"},"img":{"alt_text":"","src":"https:\/\/i0.wp.com\/puuhamari.fi\/wp-content\/uploads\/2022\/05\/old-red-barn-old-red-barn-flat-brush-f2.jpg?fit=1000%2C1000&ssl=1&resize=350%2C200","width":350,"height":200,"srcset":"https:\/\/i0.wp.com\/puuhamari.fi\/wp-content\/uploads\/2022\/05\/old-red-barn-old-red-barn-flat-brush-f2.jpg?fit=1000%2C1000&ssl=1&resize=350%2C200 1x, https:\/\/i0.wp.com\/puuhamari.fi\/wp-content\/uploads\/2022\/05\/old-red-barn-old-red-barn-flat-brush-f2.jpg?fit=1000%2C1000&ssl=1&resize=525%2C300 1.5x, https:\/\/i0.wp.com\/puuhamari.fi\/wp-content\/uploads\/2022\/05\/old-red-barn-old-red-barn-flat-brush-f2.jpg?fit=1000%2C1000&ssl=1&resize=700%2C400 2x"},"classes":[]},{"id":5362,"url":"https:\/\/puuhamari.fi\/?product=acanthus-blue-askartelukuviot","url_meta":{"origin":6384,"position":2},"title":"Acanthus Blue &#8211; askartelukuviot","author":"PuuhaMari","date":"25 maaliskuun, 2023","format":false,"excerpt":"Akanttien (Acanthus) suvun kasvit viihtyv\u00e4t l\u00e4mpim\u00e4ss\u00e4 ilmastossa; useimmat kasvavat villein\u00e4 V\u00e4limeren seudulla tai Aasiassa. Koska niiden lehdet ovat huomiota her\u00e4tt\u00e4v\u00e4n kookkaita ja muodoltaan kauniita, ovat ne l\u00e4pi historian inspiroineet erilaisia koristekuvioita suunnitelleita mestareita niin taidehistorian, kuin arkkitehtuurinkin saralla. Esimerkiksi yksi tunnetuimmista rakennuksissa k\u00e4ytettyjen pylv\u00e4\u00e4np\u00e4iden (kapiteelien) tyyleist\u00e4 - korinttilainen pylv\u00e4s, joka\u2026","rel":"","context":"Samankaltainen artikkeli","block_context":{"text":"Samankaltainen artikkeli","link":""},"img":{"alt_text":"","src":"https:\/\/i0.wp.com\/puuhamari.fi\/wp-content\/uploads\/2023\/03\/DieCut-1c.png?fit=862%2C861&ssl=1&resize=350%2C200","width":350,"height":200,"srcset":"https:\/\/i0.wp.com\/puuhamari.fi\/wp-content\/uploads\/2023\/03\/DieCut-1c.png?fit=862%2C861&ssl=1&resize=350%2C200 1x, https:\/\/i0.wp.com\/puuhamari.fi\/wp-content\/uploads\/2023\/03\/DieCut-1c.png?fit=862%2C861&ssl=1&resize=525%2C300 1.5x, https:\/\/i0.wp.com\/puuhamari.fi\/wp-content\/uploads\/2023\/03\/DieCut-1c.png?fit=862%2C861&ssl=1&resize=700%2C400 2x"},"classes":[]},{"id":5314,"url":"https:\/\/puuhamari.fi\/?product=lilys-florals-askartelukuviot","url_meta":{"origin":6384,"position":3},"title":"Lily&#8217;s Florals &#8211; askartelukuviot","author":"PuuhaMari","date":"23 maaliskuun, 2023","format":false,"excerpt":"T\u00e4m\u00e4n ihastuttavan retrohenkisenkin kukkakuvion inspiraationa on toiminut er\u00e4s 1900-luvun alun silkkihuivi. Sen vintagetyylinen charmi on yht\u00e4 aikaa sek\u00e4 tyylik\u00e4s, ett\u00e4 hauska. PastedPaper\u00ae -kuosina se sai nimekseen Lilyn kukkaset. Katso askartelukuvioiden k\u00e4ytt\u00f6ohjeet alempaa, kohdasta \u201cKuvaus.\u201d","rel":"","context":"With 1 comment","block_context":{"text":"With 1 comment","link":"https:\/\/puuhamari.fi\/?product=lilys-florals-askartelukuviot#comments"},"img":{"alt_text":"","src":"https:\/\/i0.wp.com\/puuhamari.fi\/wp-content\/uploads\/2023\/03\/DieCut-1-c-1.png?fit=829%2C829&ssl=1&resize=350%2C200","width":350,"height":200,"srcset":"https:\/\/i0.wp.com\/puuhamari.fi\/wp-content\/uploads\/2023\/03\/DieCut-1-c-1.png?fit=829%2C829&ssl=1&resize=350%2C200 1x, https:\/\/i0.wp.com\/puuhamari.fi\/wp-content\/uploads\/2023\/03\/DieCut-1-c-1.png?fit=829%2C829&ssl=1&resize=525%2C300 1.5x, https:\/\/i0.wp.com\/puuhamari.fi\/wp-content\/uploads\/2023\/03\/DieCut-1-c-1.png?fit=829%2C829&ssl=1&resize=700%2C400 2x"},"classes":[]},{"id":5326,"url":"https:\/\/puuhamari.fi\/?product=leman-silk-florals-askartelukuviot","url_meta":{"origin":6384,"position":4},"title":"Leman Silk Florals &#8211; askartelukuviot","author":"PuuhaMari","date":"24 maaliskuun, 2023","format":false,"excerpt":"Silk Florals -kuvio on per\u00e4isin maailman vanhimmasta s\u00e4ilyneest\u00e4 silkkikuviointien kokoelmakirjasta! Alunperin silkkikankaalle ommeltujen kuvioiden suunnittelijamestari oli nimelt\u00e4\u00e4n James Leman:in (1688-1745). H\u00e4nen tyylins\u00e4 oli aina katseen vangitsevaa; h\u00e4n yhdisteli rohkeisiin, n\u00e4ytt\u00e4viin v\u00e4reihin luonnollisia ja fantasiakukkia, sek\u00e4 geometrisi\u00e4 kuvioita ja arkkitehtoonisia elementtej\u00e4. Maailmankuulussa Victoria & Albert -designmuseossa (Lontoo) s\u00e4ilytett\u00e4v\u00e4n Leman:in silkkikuvioiden kokoelmakirjan\u2026","rel":"","context":"Samankaltainen artikkeli","block_context":{"text":"Samankaltainen artikkeli","link":""},"img":{"alt_text":"","src":"https:\/\/i0.wp.com\/puuhamari.fi\/wp-content\/uploads\/2023\/03\/Silk-Florals-1c-1.jpg?fit=879%2C878&ssl=1&resize=350%2C200","width":350,"height":200,"srcset":"https:\/\/i0.wp.com\/puuhamari.fi\/wp-content\/uploads\/2023\/03\/Silk-Florals-1c-1.jpg?fit=879%2C878&ssl=1&resize=350%2C200 1x, https:\/\/i0.wp.com\/puuhamari.fi\/wp-content\/uploads\/2023\/03\/Silk-Florals-1c-1.jpg?fit=879%2C878&ssl=1&resize=525%2C300 1.5x, https:\/\/i0.wp.com\/puuhamari.fi\/wp-content\/uploads\/2023\/03\/Silk-Florals-1c-1.jpg?fit=879%2C878&ssl=1&resize=700%2C400 2x"},"classes":[]},{"id":5301,"url":"https:\/\/puuhamari.fi\/?product=killburn-dark-botanical-askartelukuviot","url_meta":{"origin":6384,"position":5},"title":"Kilburn Dark Botanical &#8211; askartelukuviot","author":"PuuhaMari","date":"23 maaliskuun, 2023","format":false,"excerpt":"T\u00e4m\u00e4 kuosi syntyi vuosien 1788-1792 v\u00e4lill\u00e4 irlantilaissyntyisen, my\u00f6hemmin urallaan Lontooseen muuttaneen, William Kilburnin k\u00e4siss\u00e4. Se sai nimekseen Midnight Blossoms, ja suunniteltiin kankaalle painettavaksi. Kilburn tunnettiin erityisesti hienostuneiden kasvikuntaan kuuluvien aiheiden maalaajana, kaivertajana, sek\u00e4 pellava- ja puuvillakankaille valmistettavien kuosien suunnittelijana ja painajana. H\u00e4nen kuosinsa olivat poikkeuksellisen kekseli\u00e4it\u00e4. Ne sis\u00e4lsiv\u00e4t eritt\u00e4in tarkkoja\u2026","rel":"","context":"With 1 comment","block_context":{"text":"With 1 comment","link":"https:\/\/puuhamari.fi\/?product=killburn-dark-botanical-askartelukuviot#comments"},"img":{"alt_text":"","src":"https:\/\/i0.wp.com\/puuhamari.fi\/wp-content\/uploads\/2023\/03\/Die-Cut-Killburn-Dark-Botanical-1c.jpg?fit=880%2C880&ssl=1&resize=350%2C200","width":350,"height":200,"srcset":"https:\/\/i0.wp.com\/puuhamari.fi\/wp-content\/uploads\/2023\/03\/Die-Cut-Killburn-Dark-Botanical-1c.jpg?fit=880%2C880&ssl=1&resize=350%2C200 1x, https:\/\/i0.wp.com\/puuhamari.fi\/wp-content\/uploads\/2023\/03\/Die-Cut-Killburn-Dark-Botanical-1c.jpg?fit=880%2C880&ssl=1&resize=525%2C300 1.5x, https:\/\/i0.wp.com\/puuhamari.fi\/wp-content\/uploads\/2023\/03\/Die-Cut-Killburn-Dark-Botanical-1c.jpg?fit=880%2C880&ssl=1&resize=700%2C400 2x"},"classes":[]}],"_links":{"self":[{"href":"https:\/\/puuhamari.fi\/index.php?rest_route=\/wp\/v2\/product\/6384","targetHints":{"allow":["GET"]}}],"collection":[{"href":"https:\/\/puuhamari.fi\/index.php?rest_route=\/wp\/v2\/product"}],"about":[{"href":"https:\/\/puuhamari.fi\/index.php?rest_route=\/wp\/v2\/types\/product"}],"replies":[{"embeddable":true,"href":"https:\/\/puuhamari.fi\/index.php?rest_route=%2Fwp%2Fv2%2Fcomments&post=6384"}],"version-history":[{"count":1,"href":"https:\/\/puuhamari.fi\/index.php?rest_route=\/wp\/v2\/product\/6384\/revisions"}],"predecessor-version":[{"id":7659,"href":"https:\/\/puuhamari.fi\/index.php?rest_route=\/wp\/v2\/product\/6384\/revisions\/7659"}],"wp:featuredmedia":[{"embeddable":true,"href":"https:\/\/puuhamari.fi\/index.php?rest_route=\/wp\/v2\/media\/6385"}],"wp:attachment":[{"href":"https:\/\/puuhamari.fi\/index.php?rest_route=%2Fwp%2Fv2%2Fmedia&parent=6384"}],"wp:term":[{"taxonomy":"product_brand","embeddable":true,"href":"https:\/\/puuhamari.fi\/index.php?rest_route=%2Fwp%2Fv2%2Fproduct_brand&post=6384"},{"taxonomy":"product_cat","embeddable":true,"href":"https:\/\/puuhamari.fi\/index.php?rest_route=%2Fwp%2Fv2%2Fproduct_cat&post=6384"},{"taxonomy":"product_tag","embeddable":true,"href":"https:\/\/puuhamari.fi\/index.php?rest_route=%2Fwp%2Fv2%2Fproduct_tag&post=6384"}],"curies":[{"name":"wp","href":"https:\/\/api.w.org\/{rel}","templated":true}]}}