{"id":6501,"date":"2023-07-06T20:12:21","date_gmt":"2023-07-06T20:12:21","guid":{"rendered":"https:\/\/puuhamari.fi\/?post_type=product&#038;p=6501"},"modified":"2025-09-05T04:29:32","modified_gmt":"2025-09-05T01:29:32","slug":"siirtokuva-fox-meadows","status":"publish","type":"product","link":"https:\/\/puuhamari.fi\/?product=siirtokuva-fox-meadows","title":{"rendered":"Siirtokuva Fox Meadows"},"content":{"rendered":"<div class=\"entry-content-asset videofit\">\n<div class=\"jetpack-video-wrapper\"><iframe title=\"re\u00b7design with Prima\u00ae Floral Home Sign with Decor Transfers\u2122\" width=\"720\" height=\"405\" src=\"https:\/\/www.youtube.com\/embed\/c_jBZZeJLB8?feature=oembed\" frameborder=\"0\" allow=\"accelerometer; autoplay; clipboard-write; encrypted-media; gyroscope; picture-in-picture; web-share\" referrerpolicy=\"strict-origin-when-cross-origin\" allowfullscreen><\/iframe><\/div>\n<\/div>\n","protected":false},"excerpt":{"rendered":"<p>U.P.E.A. luontokuva kahdesta ketusta mets\u00e4n siimeksess\u00e4! Syd\u00e4n ihan paisuu kunnioituksesta n\u00e4it\u00e4 luontokappaleita kohtaan&#8230;<br \/>\nMoni kalustetuunaaja on ymm\u00e4rrett\u00e4v\u00e4st\u00e4 syyst\u00e4 yhdist\u00e4nyt kuvan paljaasta puupinnasta huokuvan luonnollisuuden kanssa, mutta se sopii eritt\u00e4in kauniisti yhteen my\u00f6s erilaisten maalattujen kalusteiden kanssa.<\/p>\n<p>Vai tekisitk\u00f6 t\u00e4st\u00e4 TAULUN sein\u00e4llesi? Koristelisitko sill\u00e4 ikkunan? Kokovartalopeilin tai oven alaosan?<\/p>\n<p>Kettukuvan korkeus on n. 61 cm ja leveys n. 89 cm.\u00a0Suuri kuva on pakkauksessa jaettu kahdelle eri kalvolle, jotta sen ty\u00f6st\u00e4minen on sinulle helpompaa. Kuvan osia voit tietenkin my\u00f6s itse leikata ihan tavallisilla saksilla pienemmiksi yksik\u00f6iksi, ja vaikka k\u00e4ytt\u00e4\u00e4 eri kohteissakin.<\/p>\n<p>Jos tuunauskohteesi on vastamaalattu, anna maalipinnan kovettua rauhassa ainakin 2 vrk:n ajan ennen kuin lis\u00e4\u00e4t siirtokuvan sen pinnalle.<\/p>\n","protected":false},"author":1,"featured_media":6508,"comment_status":"open","ping_status":"closed","template":"","meta":{"advgb_blocks_editor_width":"","advgb_blocks_columns_visual_guide":"","advanced_seo_description":"","jetpack_seo_html_title":"","jetpack_seo_noindex":false,"_kad_post_transparent":"default","_kad_post_title":"","_kad_post_layout":"default","_kad_post_sidebar_id":"","_kad_post_content_style":"default","_kad_post_vertical_padding":"default","_kad_post_feature":"","_kad_post_feature_position":"","_kad_post_header":false,"_kad_post_footer":false,"_kad_post_classname":"","jetpack_post_was_ever_published":true},"product_brand":[],"product_cat":[244],"product_tag":[701,302,700,291,247,245,246],"class_list":{"0":"post-6501","1":"product","2":"type-product","3":"status-publish","4":"has-post-thumbnail","6":"product_cat-siirtokuvat","7":"product_tag-elain","8":"product_tag-kettu","9":"product_tag-luonto","10":"product_tag-metsa","11":"product_tag-prima","12":"product_tag-siirtokuva","13":"product_tag-transfer","15":"first","16":"instock","17":"taxable","18":"shipping-taxable","19":"purchasable","20":"product-type-simple","21":"entry","22":"content-bg","23":"loop-entry"},"featured_img":"https:\/\/puuhamari.fi\/wp-content\/uploads\/2023\/07\/Fox-Meadows.jpg","coauthors":[],"author_meta":{"author_link":"https:\/\/puuhamari.fi\/?author=1","display_name":"PuuhaMari"},"relative_dates":{"created":"Julkaistu 3 vuotta sitten","modified":"P\u00e4ivitetty 8 kuukautta sitten"},"absolute_dates":{"created":"Julkaistu 6 hein\u00e4kuun, 2023","modified":"P\u00e4ivitetty 5 syyskuun, 2025"},"absolute_dates_time":{"created":"Julkaistu 6 hein\u00e4kuun, 2023 8:12 pm","modified":"P\u00e4ivitetty 5 syyskuun, 2025 4:29 am"},"featured_img_caption":"","tax_additional":{"product_brand":{"linked":[],"unlinked":[],"slug":"product_brand","name":"Br\u00e4ndit"},"product_type":{"linked":["<a href=\"https:\/\/puuhamari.fi\/?taxonomy=product_type&#038;term=simple\" class=\"advgb-post-tax-term\">simple<\/a>"],"unlinked":["<span class=\"advgb-post-tax-term\">simple<\/span>"],"slug":"product_type","name":"Tuotetyyppi"},"product_visibility":{"linked":["<a href=\"https:\/\/puuhamari.fi\/?taxonomy=product_visibility&#038;term=rated-5\" class=\"advgb-post-tax-term\">rated-5<\/a>"],"unlinked":["<span class=\"advgb-post-tax-term\">rated-5<\/span>"],"slug":"product_visibility","name":"Tuotteen n\u00e4kyvyys"},"product_cat":{"linked":["<a href=\"https:\/\/puuhamari.fi\/?product_cat=siirtokuvat\" class=\"advgb-post-tax-term\">Siirtokuvat<\/a>"],"unlinked":["<span class=\"advgb-post-tax-term\">Siirtokuvat<\/span>"],"slug":"product_cat","name":"Osastot"},"product_tag":{"linked":["<a href=\"https:\/\/puuhamari.fi\/?product_tag=elain\" class=\"advgb-post-tax-term\">El\u00e4in<\/a>","<a href=\"https:\/\/puuhamari.fi\/?product_tag=kettu\" class=\"advgb-post-tax-term\">Kettu<\/a>","<a href=\"https:\/\/puuhamari.fi\/?product_tag=luonto\" class=\"advgb-post-tax-term\">Luonto<\/a>","<a href=\"https:\/\/puuhamari.fi\/?product_tag=metsa\" class=\"advgb-post-tax-term\">Mets\u00e4<\/a>","<a href=\"https:\/\/puuhamari.fi\/?product_tag=prima\" class=\"advgb-post-tax-term\">Prima<\/a>","<a href=\"https:\/\/puuhamari.fi\/?product_tag=siirtokuva\" class=\"advgb-post-tax-term\">Siirtokuva<\/a>","<a href=\"https:\/\/puuhamari.fi\/?product_tag=transfer\" class=\"advgb-post-tax-term\">Transfer<\/a>"],"unlinked":["<span class=\"advgb-post-tax-term\">El\u00e4in<\/span>","<span class=\"advgb-post-tax-term\">Kettu<\/span>","<span class=\"advgb-post-tax-term\">Luonto<\/span>","<span class=\"advgb-post-tax-term\">Mets\u00e4<\/span>","<span class=\"advgb-post-tax-term\">Prima<\/span>","<span class=\"advgb-post-tax-term\">Siirtokuva<\/span>","<span class=\"advgb-post-tax-term\">Transfer<\/span>"],"slug":"product_tag","name":"Avainsanat tuotteelle"},"product_shipping_class":{"linked":[],"unlinked":[],"slug":"product_shipping_class","name":"Tuotteen toimitusluokat"},"pos_product_visibility":{"linked":[],"unlinked":[],"slug":"pos_product_visibility","name":"POS Product visibility"},"pa_arkin-koko":{"linked":[],"unlinked":[],"slug":"pa_arkin-koko","name":"Tuote Arkin koko"},"pa_hiomatyynyn-karkeus":{"linked":[],"unlinked":[],"slug":"pa_hiomatyynyn-karkeus","name":"Tuote Hiomatyynyn karkeus"},"pa_kehys":{"linked":[],"unlinked":[],"slug":"pa_kehys","name":"Tuote Kehys"},"pa_kuvion-nro":{"linked":[],"unlinked":[],"slug":"pa_kuvion-nro","name":"Tuote Kuvion nro"},"pa_littean-pensselin-koko":{"linked":[],"unlinked":[],"slug":"pa_littean-pensselin-koko","name":"Tuote Litte\u00e4n pensselin koko"},"pa_maalivari":{"linked":[],"unlinked":[],"slug":"pa_maalivari","name":"Tuote Maaliv\u00e4ri"},"pa_palatapettien-lkm":{"linked":[],"unlinked":[],"slug":"pa_palatapettien-lkm","name":"Tuote Palatapettien lkm"},"pa_purkin-koko":{"linked":[],"unlinked":[],"slug":"pa_purkin-koko","name":"Tuote Purkin koko"},"pa_sapluunan-koko":{"linked":[],"unlinked":[],"slug":"pa_sapluunan-koko","name":"Tuote Sapluunan koko"},"pa_tabletti":{"linked":[],"unlinked":[],"slug":"pa_tabletti","name":"Tuote Tabletti"},"pa_valitse-sisalto":{"linked":[],"unlinked":[],"slug":"pa_valitse-sisalto","name":"Tuote Valitse sis\u00e4lt\u00f6"},"pa_varjostin":{"linked":[],"unlinked":[],"slug":"pa_varjostin","name":"Tuote Varjostin"}},"series_order":"","jetpack_sharing_enabled":true,"jetpack_likes_enabled":true,"jetpack-related-posts":[{"id":10468,"url":"https:\/\/puuhamari.fi\/?product=varjostimet-o-120-145-mm","url_meta":{"origin":6501,"position":0},"title":"Varjostimet \u00d8 120\/145 mm","author":"PuuhaMari","date":"18 joulukuun, 2025","format":false,"excerpt":"Farkkuvarjostimet esim. p\u00f6yt\u00e4lamppuihin. Molemmat levenev\u00e4t alasp\u00e4in, vaikka valokuvissa n\u00e4ytt\u00e4v\u00e4t tasaleveilt\u00e4. Varjostimien yl\u00e4osan halkaisija on 120 mm (12 cm), alaosan 145 mm (14,5 cm), ja korkeus 15 cm. Vetoketjulla koristeltu varjostin kiinnitet\u00e4\u00e4n lampun p\u00e4\u00e4lle. Huomaa, ett\u00e4 napitetulla koristelulla varustettu varjostin kiinnitet\u00e4\u00e4n lampun KANTAOSAN p\u00e4\u00e4lle (kts. kuvat). Malliksi lis\u00e4tty my\u00f6s yksi kuva\u2026","rel":"","context":"Samankaltainen artikkeli","block_context":{"text":"Samankaltainen artikkeli","link":""},"img":{"alt_text":"","src":"https:\/\/i0.wp.com\/puuhamari.fi\/wp-content\/uploads\/2025\/12\/Varjostimet-M2.jpg?fit=1193%2C1200&ssl=1&resize=350%2C200","width":350,"height":200,"srcset":"https:\/\/i0.wp.com\/puuhamari.fi\/wp-content\/uploads\/2025\/12\/Varjostimet-M2.jpg?fit=1193%2C1200&ssl=1&resize=350%2C200 1x, https:\/\/i0.wp.com\/puuhamari.fi\/wp-content\/uploads\/2025\/12\/Varjostimet-M2.jpg?fit=1193%2C1200&ssl=1&resize=525%2C300 1.5x, https:\/\/i0.wp.com\/puuhamari.fi\/wp-content\/uploads\/2025\/12\/Varjostimet-M2.jpg?fit=1193%2C1200&ssl=1&resize=700%2C400 2x, https:\/\/i0.wp.com\/puuhamari.fi\/wp-content\/uploads\/2025\/12\/Varjostimet-M2.jpg?fit=1193%2C1200&ssl=1&resize=1050%2C600 3x"},"classes":[]},{"id":3420,"url":"https:\/\/puuhamari.fi\/?product=siirtokuva-blossom-flight","url_meta":{"origin":6501,"position":1},"title":"Siirtokuva Blossom Flight","author":"PuuhaMari","date":"23 toukokuun, 2022","format":false,"excerpt":"PuuhaMarin ehdottomiin suosikkeihin kuuluva herkk\u00e4, suloinen, luonnonl\u00e4heinen teema, jossa varpuset lentelev\u00e4t ja istuvat (omena?)puun oksilla. K\u00e4sittelyn helpottamiseksi t\u00e4m\u00e4 suuri kuva (n. 63,5 cm x 86 cm) on jaettu vaakasuunnassa kolmelle eri kalvolle (kooltaan n. 63,5 cm x 29 cm kokoiselle). Oheisessa tuotekuvassa n\u00e4et koko niiden muodostaman suuren kokonaisuuden. Kolme eri\u2026","rel":"","context":"With 1 comment","block_context":{"text":"With 1 comment","link":"https:\/\/puuhamari.fi\/?product=siirtokuva-blossom-flight#comments"},"img":{"alt_text":"","src":"https:\/\/i0.wp.com\/puuhamari.fi\/wp-content\/uploads\/2022\/05\/Blossom-Flight-NELIO.jpg?fit=766%2C761&ssl=1&resize=350%2C200","width":350,"height":200,"srcset":"https:\/\/i0.wp.com\/puuhamari.fi\/wp-content\/uploads\/2022\/05\/Blossom-Flight-NELIO.jpg?fit=766%2C761&ssl=1&resize=350%2C200 1x, https:\/\/i0.wp.com\/puuhamari.fi\/wp-content\/uploads\/2022\/05\/Blossom-Flight-NELIO.jpg?fit=766%2C761&ssl=1&resize=525%2C300 1.5x, https:\/\/i0.wp.com\/puuhamari.fi\/wp-content\/uploads\/2022\/05\/Blossom-Flight-NELIO.jpg?fit=766%2C761&ssl=1&resize=700%2C400 2x"},"classes":[]},{"id":10037,"url":"https:\/\/puuhamari.fi\/?product=garden-marvels","url_meta":{"origin":6501,"position":2},"title":"Siirtokuva Garden Marvels","author":"PuuhaMari","date":"15 elokuun, 2025","format":false,"excerpt":"Puutarhan ihanuuksia -siirtokuvapaketti sis\u00e4lt\u00e4\u00e4 kolme kalvoa, jotka kaikki ovat korkeudeltaan n. 30 cm, ja leveydelt\u00e4\u00e4n 15 cm. Kalvoilla on yhteens\u00e4 29 suloista kuvaa, ja nelj\u00e4 eri teksti\u00e4. Lintuh\u00e4kin mitat ovat n. 11 x 6 cm, sen yl\u00e4puolella olevan sinisen linnun n. 6 x 3 cm. Sana \"Home\" taas on n.\u2026","rel":"","context":"Samankaltainen artikkeli","block_context":{"text":"Samankaltainen artikkeli","link":""},"img":{"alt_text":"","src":"https:\/\/i0.wp.com\/puuhamari.fi\/wp-content\/uploads\/2025\/08\/Garden-Marvels-6.png?fit=799%2C799&ssl=1&resize=350%2C200","width":350,"height":200,"srcset":"https:\/\/i0.wp.com\/puuhamari.fi\/wp-content\/uploads\/2025\/08\/Garden-Marvels-6.png?fit=799%2C799&ssl=1&resize=350%2C200 1x, https:\/\/i0.wp.com\/puuhamari.fi\/wp-content\/uploads\/2025\/08\/Garden-Marvels-6.png?fit=799%2C799&ssl=1&resize=525%2C300 1.5x, https:\/\/i0.wp.com\/puuhamari.fi\/wp-content\/uploads\/2025\/08\/Garden-Marvels-6.png?fit=799%2C799&ssl=1&resize=700%2C400 2x"},"classes":[]},{"id":7170,"url":"https:\/\/puuhamari.fi\/?product=going-batty-verkkosapluuna","url_meta":{"origin":6501,"position":3},"title":"Going Batty &#8211; verkkosapluuna","author":"PuuhaMari","date":"6 syyskuun, 2023","format":false,"excerpt":"Isompi h\u00e4m\u00e4h\u00e4kki ja sen teksti n\u00e4kyy v\u00e4h\u00e4n kauemmas ulko-oveltasi ja sen vierell\u00e4 olevista koristeista, mutta sill\u00e4 on helppo kuvioida my\u00f6s sisustusta: tee tauluja seiniin\/sis\u00e4oviin, tyynynp\u00e4\u00e4llisi\u00e4 sohvalle, tai tiski-\/k\u00e4sipyyhkeit\u00e4 keitti\u00f6\u00f6n. Huomaa my\u00f6s, ett\u00e4 voit yhdistell\u00e4 sapluunasta l\u00f6ytyvi\u00e4 pienempi\u00e4 yksityiskohtia joko kesken\u00e4\u00e4n (tai muiden sapluunoittesi kanssa) uudella tavalla, ja siten luoda huomattavasti\u2026","rel":"","context":"Samankaltainen artikkeli","block_context":{"text":"Samankaltainen artikkeli","link":""},"img":{"alt_text":"","src":"https:\/\/i0.wp.com\/puuhamari.fi\/wp-content\/uploads\/2023\/09\/1-2.png?fit=870%2C872&ssl=1&resize=350%2C200","width":350,"height":200,"srcset":"https:\/\/i0.wp.com\/puuhamari.fi\/wp-content\/uploads\/2023\/09\/1-2.png?fit=870%2C872&ssl=1&resize=350%2C200 1x, https:\/\/i0.wp.com\/puuhamari.fi\/wp-content\/uploads\/2023\/09\/1-2.png?fit=870%2C872&ssl=1&resize=525%2C300 1.5x, https:\/\/i0.wp.com\/puuhamari.fi\/wp-content\/uploads\/2023\/09\/1-2.png?fit=870%2C872&ssl=1&resize=700%2C400 2x"},"classes":[]},{"id":7178,"url":"https:\/\/puuhamari.fi\/?product=eeek-verkkosapluuna","url_meta":{"origin":6501,"position":4},"title":"EEEK! &#8211; verkkosapluuna","author":"PuuhaMari","date":"6 syyskuun, 2023","format":false,"excerpt":"Nimens\u00e4 mukaisesti t\u00e4m\u00e4 sapluuna on ihan IIIK! Sapluunassa on kuusi (6) erillist\u00e4 kuvaa\/teksti\u00e4, mutta \u00e4l\u00e4 missaa mahdollisuuksiasi k\u00e4ytt\u00e4\u00e4 my\u00f6s niiden OSIA uusiss kokonaisuuksissa, joiden sis\u00e4ll\u00f6t ja suuruus ovat oman lennokkaan mielikuvituksesi laatimia! Tee tauluja, tyynyj\u00e4, kortteja ja karkkikasseja, tai kokonaisia (paperi- tai kangas-)nauhoja h\u00e4m\u00e4h\u00e4kkiboordilla ja teksteill\u00e4... Verkkosapluunan kuvioista l\u00f6ytyy erikseen\u2026","rel":"","context":"Samankaltainen artikkeli","block_context":{"text":"Samankaltainen artikkeli","link":""},"img":{"alt_text":"","src":"https:\/\/i0.wp.com\/puuhamari.fi\/wp-content\/uploads\/2023\/09\/1-3.png?fit=872%2C873&ssl=1&resize=350%2C200","width":350,"height":200,"srcset":"https:\/\/i0.wp.com\/puuhamari.fi\/wp-content\/uploads\/2023\/09\/1-3.png?fit=872%2C873&ssl=1&resize=350%2C200 1x, https:\/\/i0.wp.com\/puuhamari.fi\/wp-content\/uploads\/2023\/09\/1-3.png?fit=872%2C873&ssl=1&resize=525%2C300 1.5x, https:\/\/i0.wp.com\/puuhamari.fi\/wp-content\/uploads\/2023\/09\/1-3.png?fit=872%2C873&ssl=1&resize=700%2C400 2x"},"classes":[]},{"id":10478,"url":"https:\/\/puuhamari.fi\/?product=valokuvakehykset-14x19-cm","url_meta":{"origin":6501,"position":5},"title":"Valokuvakehykset 14&#215;19 cm","author":"PuuhaMari","date":"18 joulukuun, 2025","format":false,"excerpt":"Valokuvakehys #9, Syd\u00e4n: \u2022 korkeus 19 cm \u2022 leveys 14 cm \u2022 paksuus 1 cm \u2022 kuva-aukko n. 10x10 cm \u2022 taustassa p\u00f6yt\u00e4tuki Valokuvakehys #10, PuuhaMari: \u2022 korkeus 19 cm \u2022 leveys 14 cm \u2022 paksuus 1 cm \u2022 kuva-aukko n. 9x14 cm \u2022 taustassa valmiina ainoastaan sein\u00e4\u00e4nripustus pystyasennossa Valokuvakehys\u2026","rel":"","context":"Samankaltainen artikkeli","block_context":{"text":"Samankaltainen artikkeli","link":""},"img":{"alt_text":"","src":"https:\/\/i0.wp.com\/puuhamari.fi\/wp-content\/uploads\/2025\/12\/Kehykset-S-e1766068855457.png?fit=958%2C958&ssl=1&resize=350%2C200","width":350,"height":200,"srcset":"https:\/\/i0.wp.com\/puuhamari.fi\/wp-content\/uploads\/2025\/12\/Kehykset-S-e1766068855457.png?fit=958%2C958&ssl=1&resize=350%2C200 1x, https:\/\/i0.wp.com\/puuhamari.fi\/wp-content\/uploads\/2025\/12\/Kehykset-S-e1766068855457.png?fit=958%2C958&ssl=1&resize=525%2C300 1.5x, https:\/\/i0.wp.com\/puuhamari.fi\/wp-content\/uploads\/2025\/12\/Kehykset-S-e1766068855457.png?fit=958%2C958&ssl=1&resize=700%2C400 2x"},"classes":[]}],"_links":{"self":[{"href":"https:\/\/puuhamari.fi\/index.php?rest_route=\/wp\/v2\/product\/6501","targetHints":{"allow":["GET"]}}],"collection":[{"href":"https:\/\/puuhamari.fi\/index.php?rest_route=\/wp\/v2\/product"}],"about":[{"href":"https:\/\/puuhamari.fi\/index.php?rest_route=\/wp\/v2\/types\/product"}],"replies":[{"embeddable":true,"href":"https:\/\/puuhamari.fi\/index.php?rest_route=%2Fwp%2Fv2%2Fcomments&post=6501"}],"version-history":[{"count":1,"href":"https:\/\/puuhamari.fi\/index.php?rest_route=\/wp\/v2\/product\/6501\/revisions"}],"predecessor-version":[{"id":6646,"href":"https:\/\/puuhamari.fi\/index.php?rest_route=\/wp\/v2\/product\/6501\/revisions\/6646"}],"wp:featuredmedia":[{"embeddable":true,"href":"https:\/\/puuhamari.fi\/index.php?rest_route=\/wp\/v2\/media\/6508"}],"wp:attachment":[{"href":"https:\/\/puuhamari.fi\/index.php?rest_route=%2Fwp%2Fv2%2Fmedia&parent=6501"}],"wp:term":[{"taxonomy":"product_brand","embeddable":true,"href":"https:\/\/puuhamari.fi\/index.php?rest_route=%2Fwp%2Fv2%2Fproduct_brand&post=6501"},{"taxonomy":"product_cat","embeddable":true,"href":"https:\/\/puuhamari.fi\/index.php?rest_route=%2Fwp%2Fv2%2Fproduct_cat&post=6501"},{"taxonomy":"product_tag","embeddable":true,"href":"https:\/\/puuhamari.fi\/index.php?rest_route=%2Fwp%2Fv2%2Fproduct_tag&post=6501"}],"curies":[{"name":"wp","href":"https:\/\/api.w.org\/{rel}","templated":true}]}}