{"id":6753,"date":"2023-08-09T19:18:35","date_gmt":"2023-08-09T19:18:35","guid":{"rendered":"https:\/\/puuhamari.fi\/?post_type=product&#038;p=6753"},"modified":"2025-09-05T04:29:25","modified_gmt":"2025-09-05T01:29:25","slug":"rottinkikori-2nd-hand","status":"publish","type":"product","link":"https:\/\/puuhamari.fi\/?product=rottinkikori-2nd-hand","title":{"rendered":"Rottinkikori &#8211; 2nd hand"},"content":{"rendered":"","protected":false},"excerpt":{"rendered":"<p>Mielikuvituksen liikkeelle saava, eritt\u00e4in kauniisti muotoiltu ja valmistettu luonnonv\u00e4rinen rottinkikori, jossa siro, py\u00f6re\u00e4 kansi ja tukeva kahva. Kunto t\u00e4ysin moitteeton, kuin uusi.<\/p>\n<p>Py\u00f6re\u00e4n korin halkaisija on noin 34 cm ja korkeus noin 32 cm.\u00a0 Korin suuaukon halkaisija on 21,5 &#8211; 22 cm. Kantokahva ylettyy n. 50 cm:n korkeudelle.<\/p>\n<p>J\u00e4t\u00e4tk\u00f6 sen luonnontilaan, vai maalaatko? Vanhan roosan punaisena tai eukalyptuksen vihre\u00e4n\u00e4 se voisi tietysti pit\u00e4\u00e4 huolta sukankutimistasi, mutta toisaalta se voisi saada uuden el\u00e4m\u00e4n my\u00f6s dramaattisen mustana, violettina tai burgundinpunaisena diivana, tai iloisen kirkkaissa sateenkaaren v\u00e4reiss\u00e4 kikattelevana vauvan pehmolelujen paikkana. Tai hei! Ent\u00e4 jos se saisikin pukeutua sini- tai punavalkoisiin salmiakkiruutuihin, ja l\u00e4hte\u00e4 kanssasi ev\u00e4sretkelle?<\/p>\n<p>Jos sin\u00e4 olet sen seuraava omistaja, niin&#8230; SIN\u00c4 saat p\u00e4\u00e4tt\u00e4\u00e4! \u2764\ufe0f<\/p>\n","protected":false},"author":1,"featured_media":6756,"comment_status":"closed","ping_status":"closed","template":"","meta":{"advgb_blocks_editor_width":"","advgb_blocks_columns_visual_guide":"","advanced_seo_description":"","jetpack_seo_html_title":"","jetpack_seo_noindex":false,"_kad_post_transparent":"default","_kad_post_title":"","_kad_post_layout":"default","_kad_post_sidebar_id":"","_kad_post_content_style":"default","_kad_post_vertical_padding":"default","_kad_post_feature":"","_kad_post_feature_position":"","_kad_post_header":false,"_kad_post_footer":false,"_kad_post_classname":"","jetpack_post_was_ever_published":false},"product_brand":[],"product_cat":[579],"product_tag":[712,711,710],"class_list":{"0":"post-6753","1":"product","2":"type-product","3":"status-publish","4":"has-post-thumbnail","6":"product_cat-tuunattavaa","7":"product_tag-kaytetty","8":"product_tag-kori","9":"product_tag-rottinki","11":"first","12":"instock","13":"sale","14":"taxable","15":"shipping-taxable","16":"purchasable","17":"product-type-simple","18":"entry","19":"content-bg","20":"loop-entry"},"featured_img":"https:\/\/puuhamari.fi\/wp-content\/uploads\/2023\/08\/IMG_20230809_203101-removebg-preview-removebg-preview_edit_79364308311847.png","coauthors":[],"author_meta":{"author_link":"https:\/\/puuhamari.fi\/?author=1","display_name":"PuuhaMari"},"relative_dates":{"created":"Julkaistu 3 vuotta sitten","modified":"P\u00e4ivitetty 8 kuukautta sitten"},"absolute_dates":{"created":"Julkaistu 9 elokuun, 2023","modified":"P\u00e4ivitetty 5 syyskuun, 2025"},"absolute_dates_time":{"created":"Julkaistu 9 elokuun, 2023 7:18 pm","modified":"P\u00e4ivitetty 5 syyskuun, 2025 4:29 am"},"featured_img_caption":"","tax_additional":{"product_brand":{"linked":[],"unlinked":[],"slug":"product_brand","name":"Br\u00e4ndit"},"product_type":{"linked":["<a href=\"https:\/\/puuhamari.fi\/?taxonomy=product_type&#038;term=simple\" class=\"advgb-post-tax-term\">simple<\/a>"],"unlinked":["<span class=\"advgb-post-tax-term\">simple<\/span>"],"slug":"product_type","name":"Tuotetyyppi"},"product_visibility":{"linked":[],"unlinked":[],"slug":"product_visibility","name":"Tuotteen n\u00e4kyvyys"},"product_cat":{"linked":["<a href=\"https:\/\/puuhamari.fi\/?product_cat=tuunattavaa\" class=\"advgb-post-tax-term\">Tuunattavaa<\/a>"],"unlinked":["<span class=\"advgb-post-tax-term\">Tuunattavaa<\/span>"],"slug":"product_cat","name":"Osastot"},"product_tag":{"linked":["<a href=\"https:\/\/puuhamari.fi\/?product_tag=kaytetty\" class=\"advgb-post-tax-term\">k\u00e4ytetty<\/a>","<a href=\"https:\/\/puuhamari.fi\/?product_tag=kori\" class=\"advgb-post-tax-term\">kori<\/a>","<a href=\"https:\/\/puuhamari.fi\/?product_tag=rottinki\" class=\"advgb-post-tax-term\">Rottinki<\/a>"],"unlinked":["<span class=\"advgb-post-tax-term\">k\u00e4ytetty<\/span>","<span class=\"advgb-post-tax-term\">kori<\/span>","<span class=\"advgb-post-tax-term\">Rottinki<\/span>"],"slug":"product_tag","name":"Avainsanat tuotteelle"},"product_shipping_class":{"linked":[],"unlinked":[],"slug":"product_shipping_class","name":"Tuotteen toimitusluokat"},"pos_product_visibility":{"linked":[],"unlinked":[],"slug":"pos_product_visibility","name":"POS Product visibility"},"pa_arkin-koko":{"linked":[],"unlinked":[],"slug":"pa_arkin-koko","name":"Tuote Arkin koko"},"pa_hiomatyynyn-karkeus":{"linked":[],"unlinked":[],"slug":"pa_hiomatyynyn-karkeus","name":"Tuote Hiomatyynyn karkeus"},"pa_kehys":{"linked":[],"unlinked":[],"slug":"pa_kehys","name":"Tuote Kehys"},"pa_kuvion-nro":{"linked":[],"unlinked":[],"slug":"pa_kuvion-nro","name":"Tuote Kuvion nro"},"pa_littean-pensselin-koko":{"linked":[],"unlinked":[],"slug":"pa_littean-pensselin-koko","name":"Tuote Litte\u00e4n pensselin koko"},"pa_maalivari":{"linked":[],"unlinked":[],"slug":"pa_maalivari","name":"Tuote Maaliv\u00e4ri"},"pa_palatapettien-lkm":{"linked":[],"unlinked":[],"slug":"pa_palatapettien-lkm","name":"Tuote Palatapettien lkm"},"pa_purkin-koko":{"linked":[],"unlinked":[],"slug":"pa_purkin-koko","name":"Tuote Purkin koko"},"pa_sapluunan-koko":{"linked":[],"unlinked":[],"slug":"pa_sapluunan-koko","name":"Tuote Sapluunan koko"},"pa_tabletti":{"linked":[],"unlinked":[],"slug":"pa_tabletti","name":"Tuote Tabletti"},"pa_valitse-sisalto":{"linked":[],"unlinked":[],"slug":"pa_valitse-sisalto","name":"Tuote Valitse sis\u00e4lt\u00f6"},"pa_varjostin":{"linked":[],"unlinked":[],"slug":"pa_varjostin","name":"Tuote Varjostin"}},"series_order":"","jetpack_sharing_enabled":true,"jetpack_likes_enabled":true,"jetpack-related-posts":[{"id":5744,"url":"https:\/\/puuhamari.fi\/?product=dm-june-roses","url_meta":{"origin":6753,"position":0},"title":"DM-June Roses","author":"PuuhaMari","date":"1 toukokuun, 2023","format":false,"excerpt":"Ylioppilasruusujako n\u00e4m\u00e4 ovat? Vai valkoisella maalattuna juhannusruusuja? Tummanpunaisina ehk\u00e4 intohimoisen rakkauden tunnustajia! Kaikkiin tekstiileihin, lastenhuoneen kalusteisiin, ruokap\u00f6yt\u00e4\u00e4 kiert\u00e4m\u00e4\u00e4n k\u00f6ynn\u00f6ksen\u00e4, m\u00f6kkitarjottimen tai mehukannun koristeeksi... Miss\u00e4 sin\u00e4 n\u00e4m\u00e4 n\u00e4et? Voit my\u00f6s laittaa kuviot KEHYKSEKSI mietelauseelle\/ rakkaan ihmisen nimelle (kts. kuvan esimerkki). Kotona tai m\u00f6kill\u00e4, ulkona tai sis\u00e4ll\u00e4, puuhun, metalliin, tekstiileihin - ja\u2026","rel":"","context":"Samankaltainen artikkeli","block_context":{"text":"Samankaltainen artikkeli","link":""},"img":{"alt_text":"","src":"https:\/\/i0.wp.com\/puuhamari.fi\/wp-content\/uploads\/2023\/05\/10948-A-JUNE-ROSES-STENCILSM.jpg?fit=750%2C750&ssl=1&resize=350%2C200","width":350,"height":200,"srcset":"https:\/\/i0.wp.com\/puuhamari.fi\/wp-content\/uploads\/2023\/05\/10948-A-JUNE-ROSES-STENCILSM.jpg?fit=750%2C750&ssl=1&resize=350%2C200 1x, https:\/\/i0.wp.com\/puuhamari.fi\/wp-content\/uploads\/2023\/05\/10948-A-JUNE-ROSES-STENCILSM.jpg?fit=750%2C750&ssl=1&resize=525%2C300 1.5x, https:\/\/i0.wp.com\/puuhamari.fi\/wp-content\/uploads\/2023\/05\/10948-A-JUNE-ROSES-STENCILSM.jpg?fit=750%2C750&ssl=1&resize=700%2C400 2x"},"classes":[]},{"id":10474,"url":"https:\/\/puuhamari.fi\/?product=poytalamppu-farkkuvarjostin","url_meta":{"origin":6753,"position":1},"title":"P\u00f6yt\u00e4lamppu &#038; farkkuvarjostin","author":"PuuhaMari","date":"18 joulukuun, 2025","format":false,"excerpt":"Eritt\u00e4in kaunismuotoinen p\u00f6yt\u00e4lamppu ja farkkuvarjostin. Sis\u00e4k\u00e4ytt\u00f6\u00f6n. Lampunjalan vaalean osan korkeus on 22 cm, ja siin\u00e4 on valkoinen, n. 90 cm pitk\u00e4, kytkimell\u00e4 varustettu johto. T\u00e4m\u00e4n varjostimen kanssa kokonaiskorkeus on n. 38 cm. Pelk\u00e4n varjostimen mitat: yl\u00e4osan halkaisija on 155 mm (15,5 cm), alaosan 205 mm (20,5 cm), ja korkeus 14\u2026","rel":"","context":"Samankaltainen artikkeli","block_context":{"text":"Samankaltainen artikkeli","link":""},"img":{"alt_text":"","src":"https:\/\/i0.wp.com\/puuhamari.fi\/wp-content\/uploads\/2025\/12\/Lamppu-ja-jalka.jpg?fit=1199%2C1200&ssl=1&resize=350%2C200","width":350,"height":200,"srcset":"https:\/\/i0.wp.com\/puuhamari.fi\/wp-content\/uploads\/2025\/12\/Lamppu-ja-jalka.jpg?fit=1199%2C1200&ssl=1&resize=350%2C200 1x, https:\/\/i0.wp.com\/puuhamari.fi\/wp-content\/uploads\/2025\/12\/Lamppu-ja-jalka.jpg?fit=1199%2C1200&ssl=1&resize=525%2C300 1.5x, https:\/\/i0.wp.com\/puuhamari.fi\/wp-content\/uploads\/2025\/12\/Lamppu-ja-jalka.jpg?fit=1199%2C1200&ssl=1&resize=700%2C400 2x, https:\/\/i0.wp.com\/puuhamari.fi\/wp-content\/uploads\/2025\/12\/Lamppu-ja-jalka.jpg?fit=1199%2C1200&ssl=1&resize=1050%2C600 3x"},"classes":[]},{"id":7068,"url":"https:\/\/puuhamari.fi\/?product=siirtokuva-sunflower-afternoon","url_meta":{"origin":6753,"position":2},"title":"Siirtokuva Sunflower Afternoon","author":"PuuhaMari","date":"30 elokuun, 2023","format":false,"excerpt":"Upeat, uhkeat auringonkukat luovat ymp\u00e4rilleen v\u00e4lit\u00f6nt\u00e4 el\u00e4m\u00e4niloa, kauneutta ja tyytyv\u00e4isyytt\u00e4. Pakkaus sis\u00e4lt\u00e4\u00e4 kolme erilaisin kuvin varustettua kalvoa, joissa yhteens\u00e4 per\u00e4ti 22 siirtokuvaa. Kaikki 3 kalvoa ovat n\u00e4kyv\u00e4t oheisessa tuotekuvassa. Jokaisen yksitt\u00e4isen kalvon koko on n. 30,5 cm x 15 cm. Suurimman yksitt\u00e4iskukan halkaisija on n. 14 cm. Yhdell\u00e4 kalvoista olevan\u2026","rel":"","context":"With 1 comment","block_context":{"text":"With 1 comment","link":"https:\/\/puuhamari.fi\/?product=siirtokuva-sunflower-afternoon#comments"},"img":{"alt_text":"","src":"https:\/\/i0.wp.com\/puuhamari.fi\/wp-content\/uploads\/2023\/08\/2-b-3.png?fit=960%2C959&ssl=1&resize=350%2C200","width":350,"height":200,"srcset":"https:\/\/i0.wp.com\/puuhamari.fi\/wp-content\/uploads\/2023\/08\/2-b-3.png?fit=960%2C959&ssl=1&resize=350%2C200 1x, https:\/\/i0.wp.com\/puuhamari.fi\/wp-content\/uploads\/2023\/08\/2-b-3.png?fit=960%2C959&ssl=1&resize=525%2C300 1.5x, https:\/\/i0.wp.com\/puuhamari.fi\/wp-content\/uploads\/2023\/08\/2-b-3.png?fit=960%2C959&ssl=1&resize=700%2C400 2x"},"classes":[]},{"id":6981,"url":"https:\/\/puuhamari.fi\/?product=siirtokuva-delicate-roses","url_meta":{"origin":6753,"position":3},"title":"Siirtokuva Delicate Roses","author":"PuuhaMari","date":"25 elokuun, 2023","format":false,"excerpt":"Tarvitaanko sanoja? N\u00e4et sen itsekin; t\u00e4h\u00e4n ei voi olla rakastumatta... Hienostuneet v\u00e4rit ja kauniit yksityiskohdat kertakaikkiaan vangitsevat katseen! Suorastaan vaatii yhdistely\u00e4 erilaisten sapluunojen, leimasinten tai muiden siirtokuvien kanssa. Pakkaus sis\u00e4lt\u00e4\u00e4 kolme erilaisin kuvin varustettua kalvoa. Kaikki 3 kalvoa ovat n\u00e4kyv\u00e4t oheisessa tuotekuvassa. Jokaisen yksitt\u00e4isen kalvon koko on n. 30,5 cm\u2026","rel":"","context":"With 2 comments","block_context":{"text":"With 2 comments","link":"https:\/\/puuhamari.fi\/?product=siirtokuva-delicate-roses#comments"},"img":{"alt_text":"","src":"https:\/\/i0.wp.com\/puuhamari.fi\/wp-content\/uploads\/2023\/08\/Delicate-Roses-1-b.png?fit=670%2C669&ssl=1&resize=350%2C200","width":350,"height":200,"srcset":"https:\/\/i0.wp.com\/puuhamari.fi\/wp-content\/uploads\/2023\/08\/Delicate-Roses-1-b.png?fit=670%2C669&ssl=1&resize=350%2C200 1x, https:\/\/i0.wp.com\/puuhamari.fi\/wp-content\/uploads\/2023\/08\/Delicate-Roses-1-b.png?fit=670%2C669&ssl=1&resize=525%2C300 1.5x"},"classes":[]},{"id":10443,"url":"https:\/\/puuhamari.fi\/?product=varjostimet-o-80-120mm","url_meta":{"origin":6753,"position":4},"title":"Varjostimet \u00d8 80\/120mm","author":"PuuhaMari","date":"18 joulukuun, 2025","format":false,"excerpt":"Lampunvarjostimet lampetteihin tai (kristalli-)kruunuihin. Kuvat v\u00e4\u00e4rist\u00e4v\u00e4t hiukkasen: todellisuudessa varjostimet ovat alaosastaan selvemmin leve\u00e4mm\u00e4t kuin yl\u00e4osasta. Jokaisen varjostimen yl\u00e4osan halkaisija on 75-80 mm (7,5-8 cm), ja alaosan 120 mm (12 cm).\u00a0 Varjostimien korkeus on 12 cm, PAITSI VETOKETJULLA KORISTELLUN: sen korkeus on 14 cm! Siksi siit\u00e4 on viel\u00e4 mallina ekstra valokuva,\u2026","rel":"","context":"Samankaltainen artikkeli","block_context":{"text":"Samankaltainen artikkeli","link":""},"img":{"alt_text":"","src":"https:\/\/i0.wp.com\/puuhamari.fi\/wp-content\/uploads\/2025\/12\/Varjostimet-S.jpg?fit=634%2C634&ssl=1&resize=350%2C200","width":350,"height":200,"srcset":"https:\/\/i0.wp.com\/puuhamari.fi\/wp-content\/uploads\/2025\/12\/Varjostimet-S.jpg?fit=634%2C634&ssl=1&resize=350%2C200 1x, https:\/\/i0.wp.com\/puuhamari.fi\/wp-content\/uploads\/2025\/12\/Varjostimet-S.jpg?fit=634%2C634&ssl=1&resize=525%2C300 1.5x"},"classes":[]},{"id":10468,"url":"https:\/\/puuhamari.fi\/?product=varjostimet-o-120-145-mm","url_meta":{"origin":6753,"position":5},"title":"Varjostimet \u00d8 120\/145 mm","author":"PuuhaMari","date":"18 joulukuun, 2025","format":false,"excerpt":"Farkkuvarjostimet esim. p\u00f6yt\u00e4lamppuihin. Molemmat levenev\u00e4t alasp\u00e4in, vaikka valokuvissa n\u00e4ytt\u00e4v\u00e4t tasaleveilt\u00e4. Varjostimien yl\u00e4osan halkaisija on 120 mm (12 cm), alaosan 145 mm (14,5 cm), ja korkeus 15 cm. Vetoketjulla koristeltu varjostin kiinnitet\u00e4\u00e4n lampun p\u00e4\u00e4lle. Huomaa, ett\u00e4 napitetulla koristelulla varustettu varjostin kiinnitet\u00e4\u00e4n lampun KANTAOSAN p\u00e4\u00e4lle (kts. kuvat). Malliksi lis\u00e4tty my\u00f6s yksi kuva\u2026","rel":"","context":"Samankaltainen artikkeli","block_context":{"text":"Samankaltainen artikkeli","link":""},"img":{"alt_text":"","src":"https:\/\/i0.wp.com\/puuhamari.fi\/wp-content\/uploads\/2025\/12\/Varjostimet-M2.jpg?fit=1193%2C1200&ssl=1&resize=350%2C200","width":350,"height":200,"srcset":"https:\/\/i0.wp.com\/puuhamari.fi\/wp-content\/uploads\/2025\/12\/Varjostimet-M2.jpg?fit=1193%2C1200&ssl=1&resize=350%2C200 1x, https:\/\/i0.wp.com\/puuhamari.fi\/wp-content\/uploads\/2025\/12\/Varjostimet-M2.jpg?fit=1193%2C1200&ssl=1&resize=525%2C300 1.5x, https:\/\/i0.wp.com\/puuhamari.fi\/wp-content\/uploads\/2025\/12\/Varjostimet-M2.jpg?fit=1193%2C1200&ssl=1&resize=700%2C400 2x, https:\/\/i0.wp.com\/puuhamari.fi\/wp-content\/uploads\/2025\/12\/Varjostimet-M2.jpg?fit=1193%2C1200&ssl=1&resize=1050%2C600 3x"},"classes":[]}],"_links":{"self":[{"href":"https:\/\/puuhamari.fi\/index.php?rest_route=\/wp\/v2\/product\/6753","targetHints":{"allow":["GET"]}}],"collection":[{"href":"https:\/\/puuhamari.fi\/index.php?rest_route=\/wp\/v2\/product"}],"about":[{"href":"https:\/\/puuhamari.fi\/index.php?rest_route=\/wp\/v2\/types\/product"}],"replies":[{"embeddable":true,"href":"https:\/\/puuhamari.fi\/index.php?rest_route=%2Fwp%2Fv2%2Fcomments&post=6753"}],"version-history":[{"count":2,"href":"https:\/\/puuhamari.fi\/index.php?rest_route=\/wp\/v2\/product\/6753\/revisions"}],"predecessor-version":[{"id":6788,"href":"https:\/\/puuhamari.fi\/index.php?rest_route=\/wp\/v2\/product\/6753\/revisions\/6788"}],"wp:featuredmedia":[{"embeddable":true,"href":"https:\/\/puuhamari.fi\/index.php?rest_route=\/wp\/v2\/media\/6756"}],"wp:attachment":[{"href":"https:\/\/puuhamari.fi\/index.php?rest_route=%2Fwp%2Fv2%2Fmedia&parent=6753"}],"wp:term":[{"taxonomy":"product_brand","embeddable":true,"href":"https:\/\/puuhamari.fi\/index.php?rest_route=%2Fwp%2Fv2%2Fproduct_brand&post=6753"},{"taxonomy":"product_cat","embeddable":true,"href":"https:\/\/puuhamari.fi\/index.php?rest_route=%2Fwp%2Fv2%2Fproduct_cat&post=6753"},{"taxonomy":"product_tag","embeddable":true,"href":"https:\/\/puuhamari.fi\/index.php?rest_route=%2Fwp%2Fv2%2Fproduct_tag&post=6753"}],"curies":[{"name":"wp","href":"https:\/\/api.w.org\/{rel}","templated":true}]}}