{"id":6799,"date":"2023-08-18T13:54:48","date_gmt":"2023-08-18T13:54:48","guid":{"rendered":"https:\/\/puuhamari.fi\/?post_type=product&#038;p=6799"},"modified":"2026-04-15T18:32:55","modified_gmt":"2026-04-15T15:32:55","slug":"park-bench","status":"publish","type":"product","link":"https:\/\/puuhamari.fi\/?product=park-bench","title":{"rendered":"Park Bench"},"content":{"rendered":"<p>Fusion\u2122 maalien kuvaus: <a href=\"https:\/\/puuhamari.fi\/?p=5842\" target=\"_blank\" rel=\"noopener\">lue t\u00e4\u00e4lt\u00e4.<\/a><\/p>\n","protected":false},"excerpt":{"rendered":"<p>Syv\u00e4, perinteikyytt\u00e4 uhkuva vihre\u00e4, jonka\u00a0 inspiraationl\u00e4hteen\u00e4 ovat olleet ikoniset tuolit Katariina di Medicin jo 1500-luvulla Pariisiin perustaman Tuileries:in palatsin puutarhassa.<\/p>\n<p>Yhdist\u00e4m\u00e4ll\u00e4 t\u00e4t\u00e4 vihre\u00e4\u00e4 valkoiseen Picket Fence:en luot voimakkaan, modernin kontrastin. Mutta esimerkiksi tummanharmaaseen Ash:iin, ruskeaan Chocolate:en, sek\u00e4 sinapinkeltaiseen Mustard:iin yhdistelem\u00e4ll\u00e4 voit vied\u00e4 sisustuksesi v\u00e4rimaailmaa Park Bench:ill\u00e4 ajassa taaksep\u00e4in &#8211; jopa satojen vuosien verran!<\/p>\n<p><em>&#8211; Park Bench:i\u00e4 valmistetaan vuosittain vain rajoitettu m\u00e4\u00e4r\u00e4 &#8211;<\/em><\/p>\n","protected":false},"author":1,"featured_media":6804,"comment_status":"open","ping_status":"closed","template":"","meta":{"advgb_blocks_editor_width":"","advgb_blocks_columns_visual_guide":"","advanced_seo_description":"","jetpack_seo_html_title":"","jetpack_seo_noindex":false,"_kad_post_transparent":"default","_kad_post_title":"","_kad_post_layout":"default","_kad_post_sidebar_id":"","_kad_post_content_style":"default","_kad_post_vertical_padding":"default","_kad_post_feature":"","_kad_post_feature_position":"","_kad_post_header":false,"_kad_post_footer":false,"_kad_post_classname":"","jetpack_post_was_ever_published":false},"product_brand":[],"product_cat":[309],"product_tag":[450,509,1274,552,1275,508,717,716,208],"class_list":{"0":"post-6799","1":"product","2":"type-product","3":"status-publish","4":"has-post-thumbnail","6":"product_cat-fusion-mineraalimaalit","7":"product_tag-fusion","8":"product_tag-fusion-mineral-paint","9":"product_tag-kalustemaali","10":"product_tag-kirkas","11":"product_tag-maali","12":"product_tag-mineraalimaali","13":"product_tag-puistonpenkki","14":"product_tag-smaragdinvihrea","15":"product_tag-vihrea","17":"first","18":"instock","19":"taxable","20":"shipping-taxable","21":"purchasable","22":"product-type-variable","23":"entry","24":"content-bg","25":"loop-entry"},"featured_img":"https:\/\/puuhamari.fi\/wp-content\/uploads\/2023\/08\/Fusion_Mineral_Paint_Park_Bench_pint-b-scaled.jpg","coauthors":[],"author_meta":{"author_link":"https:\/\/puuhamari.fi\/?author=1","display_name":"PuuhaMari"},"relative_dates":{"created":"Julkaistu 3 vuotta sitten","modified":"P\u00e4ivitetty 7 p\u00e4iv\u00e4\u00e4 sitten"},"absolute_dates":{"created":"Julkaistu 18 elokuun, 2023","modified":"P\u00e4ivitetty 15 huhtikuun, 2026"},"absolute_dates_time":{"created":"Julkaistu 18 elokuun, 2023 1:54 pm","modified":"P\u00e4ivitetty 15 huhtikuun, 2026 6:32 pm"},"featured_img_caption":"","tax_additional":{"product_brand":{"linked":[],"unlinked":[],"slug":"product_brand","name":"Br\u00e4ndit"},"product_type":{"linked":["<a href=\"https:\/\/puuhamari.fi\/?taxonomy=product_type&#038;term=variable\" class=\"advgb-post-tax-term\">variable<\/a>"],"unlinked":["<span class=\"advgb-post-tax-term\">variable<\/span>"],"slug":"product_type","name":"Tuotetyyppi"},"product_visibility":{"linked":["<a href=\"https:\/\/puuhamari.fi\/?taxonomy=product_visibility&#038;term=rated-5\" class=\"advgb-post-tax-term\">rated-5<\/a>"],"unlinked":["<span class=\"advgb-post-tax-term\">rated-5<\/span>"],"slug":"product_visibility","name":"Tuotteen n\u00e4kyvyys"},"product_cat":{"linked":["<a href=\"https:\/\/puuhamari.fi\/?product_cat=fusion-mineraalimaalit\" class=\"advgb-post-tax-term\">Fusion mineraalimaalit<\/a>"],"unlinked":["<span class=\"advgb-post-tax-term\">Fusion mineraalimaalit<\/span>"],"slug":"product_cat","name":"Osastot"},"product_tag":{"linked":["<a href=\"https:\/\/puuhamari.fi\/?product_tag=fusion\" class=\"advgb-post-tax-term\">Fusion<\/a>","<a href=\"https:\/\/puuhamari.fi\/?product_tag=fusion-mineral-paint\" class=\"advgb-post-tax-term\">Fusion Mineral Paint<\/a>","<a href=\"https:\/\/puuhamari.fi\/?product_tag=kalustemaali\" class=\"advgb-post-tax-term\">kalustemaali<\/a>","<a href=\"https:\/\/puuhamari.fi\/?product_tag=kirkas\" class=\"advgb-post-tax-term\">Kirkas<\/a>","<a href=\"https:\/\/puuhamari.fi\/?product_tag=maali\" class=\"advgb-post-tax-term\">maali<\/a>","<a href=\"https:\/\/puuhamari.fi\/?product_tag=mineraalimaali\" class=\"advgb-post-tax-term\">Mineraalimaali<\/a>","<a href=\"https:\/\/puuhamari.fi\/?product_tag=puistonpenkki\" class=\"advgb-post-tax-term\">puistonpenkki<\/a>","<a href=\"https:\/\/puuhamari.fi\/?product_tag=smaragdinvihrea\" class=\"advgb-post-tax-term\">smaragdinvihre\u00e4<\/a>","<a href=\"https:\/\/puuhamari.fi\/?product_tag=vihrea\" class=\"advgb-post-tax-term\">vihre\u00e4<\/a>"],"unlinked":["<span class=\"advgb-post-tax-term\">Fusion<\/span>","<span class=\"advgb-post-tax-term\">Fusion Mineral Paint<\/span>","<span class=\"advgb-post-tax-term\">kalustemaali<\/span>","<span class=\"advgb-post-tax-term\">Kirkas<\/span>","<span class=\"advgb-post-tax-term\">maali<\/span>","<span class=\"advgb-post-tax-term\">Mineraalimaali<\/span>","<span class=\"advgb-post-tax-term\">puistonpenkki<\/span>","<span class=\"advgb-post-tax-term\">smaragdinvihre\u00e4<\/span>","<span class=\"advgb-post-tax-term\">vihre\u00e4<\/span>"],"slug":"product_tag","name":"Avainsanat tuotteelle"},"product_shipping_class":{"linked":[],"unlinked":[],"slug":"product_shipping_class","name":"Tuotteen toimitusluokat"},"pos_product_visibility":{"linked":[],"unlinked":[],"slug":"pos_product_visibility","name":"POS Product visibility"},"pa_arkin-koko":{"linked":[],"unlinked":[],"slug":"pa_arkin-koko","name":"Tuote Arkin koko"},"pa_hiomatyynyn-karkeus":{"linked":[],"unlinked":[],"slug":"pa_hiomatyynyn-karkeus","name":"Tuote Hiomatyynyn karkeus"},"pa_kehys":{"linked":[],"unlinked":[],"slug":"pa_kehys","name":"Tuote Kehys"},"pa_kuvion-nro":{"linked":[],"unlinked":[],"slug":"pa_kuvion-nro","name":"Tuote Kuvion nro"},"pa_littean-pensselin-koko":{"linked":[],"unlinked":[],"slug":"pa_littean-pensselin-koko","name":"Tuote Litte\u00e4n pensselin koko"},"pa_maalivari":{"linked":[],"unlinked":[],"slug":"pa_maalivari","name":"Tuote Maaliv\u00e4ri"},"pa_palatapettien-lkm":{"linked":[],"unlinked":[],"slug":"pa_palatapettien-lkm","name":"Tuote Palatapettien lkm"},"pa_purkin-koko":{"linked":["<a href=\"https:\/\/puuhamari.fi\/?taxonomy=pa_purkin-koko&#038;term=37-ml\" class=\"advgb-post-tax-term\">37 ml<\/a>","<a href=\"https:\/\/puuhamari.fi\/?taxonomy=pa_purkin-koko&#038;term=500-ml\" class=\"advgb-post-tax-term\">500 ml<\/a>"],"unlinked":["<span class=\"advgb-post-tax-term\">37 ml<\/span>","<span class=\"advgb-post-tax-term\">500 ml<\/span>"],"slug":"pa_purkin-koko","name":"Tuote Purkin koko"},"pa_sapluunan-koko":{"linked":[],"unlinked":[],"slug":"pa_sapluunan-koko","name":"Tuote Sapluunan koko"},"pa_tabletti":{"linked":[],"unlinked":[],"slug":"pa_tabletti","name":"Tuote Tabletti"},"pa_valitse-sisalto":{"linked":[],"unlinked":[],"slug":"pa_valitse-sisalto","name":"Tuote Valitse sis\u00e4lt\u00f6"},"pa_varjostin":{"linked":[],"unlinked":[],"slug":"pa_varjostin","name":"Tuote Varjostin"}},"series_order":"","jetpack_sharing_enabled":true,"jetpack_likes_enabled":true,"jetpack-related-posts":[{"id":5733,"url":"https:\/\/puuhamari.fi\/?product=dm-folk-art-flowers-2-pack","url_meta":{"origin":6799,"position":0},"title":"DM-Folk Art Flowers &#8220;2 pack&#8221;","author":"PuuhaMari","date":"1 toukokuun, 2023","format":false,"excerpt":"Retro on retro on retro!\u00a0Tuunaa ovet, kalusteet tai keitti\u00f6tekstiilit isoilla (A3-arkki) tai pienemmill\u00e4 (A4-arkki) kukkasilla. Milt\u00e4 sinusta tuntuisi kaivautua itse tuunattujen, pehmeiden retroLAKANOIDEN v\u00e4liin...? Kotona tai m\u00f6kill\u00e4, ulkona tai sis\u00e4ll\u00e4, puuhun metalliin, tekstiileihin - ja jopa kakkujen koristeluun! Yhdistele my\u00f6s eri kokoja hurmaavan retrokukkaKEDON aikaansaamiseksi. Jokaisessa pakkauksessa on mukana 2\u2026","rel":"","context":"Samankaltainen artikkeli","block_context":{"text":"Samankaltainen artikkeli","link":""},"img":{"alt_text":"","src":"https:\/\/i0.wp.com\/puuhamari.fi\/wp-content\/uploads\/2023\/05\/Folk-Art-Flowers-1Ab-1.jpg?fit=715%2C715&ssl=1&resize=350%2C200","width":350,"height":200,"srcset":"https:\/\/i0.wp.com\/puuhamari.fi\/wp-content\/uploads\/2023\/05\/Folk-Art-Flowers-1Ab-1.jpg?fit=715%2C715&ssl=1&resize=350%2C200 1x, https:\/\/i0.wp.com\/puuhamari.fi\/wp-content\/uploads\/2023\/05\/Folk-Art-Flowers-1Ab-1.jpg?fit=715%2C715&ssl=1&resize=525%2C300 1.5x, https:\/\/i0.wp.com\/puuhamari.fi\/wp-content\/uploads\/2023\/05\/Folk-Art-Flowers-1Ab-1.jpg?fit=715%2C715&ssl=1&resize=700%2C400 2x"},"classes":[]}],"_links":{"self":[{"href":"https:\/\/puuhamari.fi\/index.php?rest_route=\/wp\/v2\/product\/6799","targetHints":{"allow":["GET"]}}],"collection":[{"href":"https:\/\/puuhamari.fi\/index.php?rest_route=\/wp\/v2\/product"}],"about":[{"href":"https:\/\/puuhamari.fi\/index.php?rest_route=\/wp\/v2\/types\/product"}],"replies":[{"embeddable":true,"href":"https:\/\/puuhamari.fi\/index.php?rest_route=%2Fwp%2Fv2%2Fcomments&post=6799"}],"version-history":[{"count":2,"href":"https:\/\/puuhamari.fi\/index.php?rest_route=\/wp\/v2\/product\/6799\/revisions"}],"predecessor-version":[{"id":6812,"href":"https:\/\/puuhamari.fi\/index.php?rest_route=\/wp\/v2\/product\/6799\/revisions\/6812"}],"wp:featuredmedia":[{"embeddable":true,"href":"https:\/\/puuhamari.fi\/index.php?rest_route=\/wp\/v2\/media\/6804"}],"wp:attachment":[{"href":"https:\/\/puuhamari.fi\/index.php?rest_route=%2Fwp%2Fv2%2Fmedia&parent=6799"}],"wp:term":[{"taxonomy":"product_brand","embeddable":true,"href":"https:\/\/puuhamari.fi\/index.php?rest_route=%2Fwp%2Fv2%2Fproduct_brand&post=6799"},{"taxonomy":"product_cat","embeddable":true,"href":"https:\/\/puuhamari.fi\/index.php?rest_route=%2Fwp%2Fv2%2Fproduct_cat&post=6799"},{"taxonomy":"product_tag","embeddable":true,"href":"https:\/\/puuhamari.fi\/index.php?rest_route=%2Fwp%2Fv2%2Fproduct_tag&post=6799"}],"curies":[{"name":"wp","href":"https:\/\/api.w.org\/{rel}","templated":true}]}}