{"id":7074,"date":"2023-08-30T20:57:38","date_gmt":"2023-08-30T20:57:38","guid":{"rendered":"https:\/\/puuhamari.fi\/?post_type=product&#038;p=7074"},"modified":"2025-11-27T18:23:50","modified_gmt":"2025-11-27T16:23:50","slug":"siirtokuva-autumn-essentials","status":"publish","type":"product","link":"https:\/\/puuhamari.fi\/?product=siirtokuva-autumn-essentials","title":{"rendered":"Siirtokuva Autumn Essentials"},"content":{"rendered":"<div class=\"entry-content-asset videofit\">\n<div class=\"jetpack-video-wrapper\"><iframe title=\"re\u00b7design with Prima\u00ae Floral Home Sign with Decor Transfers\u2122\" width=\"720\" height=\"405\" src=\"https:\/\/www.youtube.com\/embed\/c_jBZZeJLB8?feature=oembed\" frameborder=\"0\" allow=\"accelerometer; autoplay; clipboard-write; encrypted-media; gyroscope; picture-in-picture; web-share\" referrerpolicy=\"strict-origin-when-cross-origin\" allowfullscreen><\/iframe><\/div>\n<\/div>\n","protected":false},"excerpt":{"rendered":"<p>Katsohan tarkemmin n\u00e4it\u00e4 vintage-tyylisi\u00e4 kuvia: jokaisessa huikean kauniissa kuvassa on valkoista &#8220;kulumisen j\u00e4lke\u00e4.&#8221; Rehev\u00e4n herkulliset v\u00e4rit, suloiset el\u00e4inhahmot ja kauniit pikkukoristeet\u00a0 &#8211; niit\u00e4 ei vain voi vastustaa!<\/p>\n<p>T\u00e4ss\u00e4 sinulle 19 tunnelmallista syyskoristetta, joita tietenkin voit halutessasi leikata saksilla viel\u00e4 useampaan osaan ja yhdistell\u00e4 mielesi mukaan muihin tuunaushyllyst\u00e4si l\u00f6ytyviin siirtokuviin tai sapluunoihin.<\/p>\n<p>Pakkaus sis\u00e4lt\u00e4\u00e4 kolme erilaisin kuvin varustettua kalvoa, joissa yhteens\u00e4 19 siirtokuvaa. Kaikki 3 kalvoa ovat n\u00e4kyv\u00e4t oheisessa tuotekuvassa. Jokaisen yksitt\u00e4isen kalvon koko on n. 30,5 cm x 15 cm. Punaisen lava-auton mitat ovat n. 8 cm x 14 cm. Pelkk\u00e4 siili on n. 5 cm x 8 cm, ja pikkurusetit\u00a0 n. 3,5 cm x 3,5 cm.<\/p>\n<p>Jos tuunauskohteesi on vastamaalattu, anna maalipinnan kovettua rauhassa ainakin 2 vrk:n ajan ennen kuin lis\u00e4\u00e4t siirtokuvan sen pinnalle.<\/p>\n","protected":false},"author":1,"featured_media":7075,"comment_status":"open","ping_status":"closed","template":"","meta":{"advgb_blocks_editor_width":"","advgb_blocks_columns_visual_guide":"","advanced_seo_description":"","jetpack_seo_html_title":"","jetpack_seo_noindex":false,"_kad_post_transparent":"default","_kad_post_title":"","_kad_post_layout":"default","_kad_post_sidebar_id":"","_kad_post_content_style":"default","_kad_post_vertical_padding":"default","_kad_post_feature":"","_kad_post_feature_position":"","_kad_post_header":false,"_kad_post_footer":false,"_kad_post_classname":"","jetpack_post_was_ever_published":true},"product_brand":[],"product_cat":[244],"product_tag":[796,797,799,761,791,794,514,247,793,174,792,245,795,483,790,798,246,345,718],"class_list":{"0":"post-7074","1":"product","2":"type-product","3":"status-publish","4":"has-post-thumbnail","6":"product_cat-siirtokuvat","7":"product_tag-auto","8":"product_tag-bil","9":"product_tag-ekollon","10":"product_tag-gammal","11":"product_tag-host","12":"product_tag-igelkott","13":"product_tag-kurpitsa","14":"product_tag-prima","15":"product_tag-pumpa","16":"product_tag-sieni","17":"product_tag-siili","18":"product_tag-siirtokuva","19":"product_tag-svamp","20":"product_tag-syksy","21":"product_tag-syys","22":"product_tag-tammenterho","23":"product_tag-transfer","24":"product_tag-vanha","25":"product_tag-vintage","27":"first","28":"instock","29":"sale","30":"taxable","31":"shipping-taxable","32":"purchasable","33":"product-type-simple","34":"entry","35":"content-bg","36":"loop-entry"},"featured_img":"https:\/\/puuhamari.fi\/wp-content\/uploads\/2023\/08\/2-b-4.png","coauthors":[],"author_meta":{"author_link":"https:\/\/puuhamari.fi\/?author=1","display_name":"PuuhaMari"},"relative_dates":{"created":"Julkaistu 3 vuotta sitten","modified":"P\u00e4ivitetty 5 kuukautta sitten"},"absolute_dates":{"created":"Julkaistu 30 elokuun, 2023","modified":"P\u00e4ivitetty 27 marraskuun, 2025"},"absolute_dates_time":{"created":"Julkaistu 30 elokuun, 2023 8:57 pm","modified":"P\u00e4ivitetty 27 marraskuun, 2025 6:23 pm"},"featured_img_caption":"","tax_additional":{"product_brand":{"linked":[],"unlinked":[],"slug":"product_brand","name":"Br\u00e4ndit"},"product_type":{"linked":["<a href=\"https:\/\/puuhamari.fi\/?taxonomy=product_type&#038;term=simple\" class=\"advgb-post-tax-term\">simple<\/a>"],"unlinked":["<span class=\"advgb-post-tax-term\">simple<\/span>"],"slug":"product_type","name":"Tuotetyyppi"},"product_visibility":{"linked":[],"unlinked":[],"slug":"product_visibility","name":"Tuotteen n\u00e4kyvyys"},"product_cat":{"linked":["<a href=\"https:\/\/puuhamari.fi\/?product_cat=siirtokuvat\" class=\"advgb-post-tax-term\">Siirtokuvat<\/a>"],"unlinked":["<span class=\"advgb-post-tax-term\">Siirtokuvat<\/span>"],"slug":"product_cat","name":"Osastot"},"product_tag":{"linked":["<a href=\"https:\/\/puuhamari.fi\/?product_tag=auto\" class=\"advgb-post-tax-term\">Auto<\/a>","<a href=\"https:\/\/puuhamari.fi\/?product_tag=bil\" class=\"advgb-post-tax-term\">Bil<\/a>","<a href=\"https:\/\/puuhamari.fi\/?product_tag=ekollon\" class=\"advgb-post-tax-term\">Ekollon<\/a>","<a href=\"https:\/\/puuhamari.fi\/?product_tag=gammal\" class=\"advgb-post-tax-term\">Gammal<\/a>","<a href=\"https:\/\/puuhamari.fi\/?product_tag=host\" class=\"advgb-post-tax-term\">H\u00f6st<\/a>","<a href=\"https:\/\/puuhamari.fi\/?product_tag=igelkott\" class=\"advgb-post-tax-term\">Igelkott<\/a>","<a href=\"https:\/\/puuhamari.fi\/?product_tag=kurpitsa\" class=\"advgb-post-tax-term\">Kurpitsa<\/a>","<a href=\"https:\/\/puuhamari.fi\/?product_tag=prima\" class=\"advgb-post-tax-term\">Prima<\/a>","<a href=\"https:\/\/puuhamari.fi\/?product_tag=pumpa\" class=\"advgb-post-tax-term\">Pumpa<\/a>","<a href=\"https:\/\/puuhamari.fi\/?product_tag=sieni\" class=\"advgb-post-tax-term\">Sieni<\/a>","<a href=\"https:\/\/puuhamari.fi\/?product_tag=siili\" class=\"advgb-post-tax-term\">Siili<\/a>","<a href=\"https:\/\/puuhamari.fi\/?product_tag=siirtokuva\" class=\"advgb-post-tax-term\">Siirtokuva<\/a>","<a href=\"https:\/\/puuhamari.fi\/?product_tag=svamp\" class=\"advgb-post-tax-term\">Svamp<\/a>","<a href=\"https:\/\/puuhamari.fi\/?product_tag=syksy\" class=\"advgb-post-tax-term\">Syksy<\/a>","<a href=\"https:\/\/puuhamari.fi\/?product_tag=syys\" class=\"advgb-post-tax-term\">Syys<\/a>","<a href=\"https:\/\/puuhamari.fi\/?product_tag=tammenterho\" class=\"advgb-post-tax-term\">Tammenterho<\/a>","<a href=\"https:\/\/puuhamari.fi\/?product_tag=transfer\" class=\"advgb-post-tax-term\">Transfer<\/a>","<a href=\"https:\/\/puuhamari.fi\/?product_tag=vanha\" class=\"advgb-post-tax-term\">Vanha<\/a>","<a href=\"https:\/\/puuhamari.fi\/?product_tag=vintage\" class=\"advgb-post-tax-term\">Vintage<\/a>"],"unlinked":["<span class=\"advgb-post-tax-term\">Auto<\/span>","<span class=\"advgb-post-tax-term\">Bil<\/span>","<span class=\"advgb-post-tax-term\">Ekollon<\/span>","<span class=\"advgb-post-tax-term\">Gammal<\/span>","<span class=\"advgb-post-tax-term\">H\u00f6st<\/span>","<span class=\"advgb-post-tax-term\">Igelkott<\/span>","<span class=\"advgb-post-tax-term\">Kurpitsa<\/span>","<span class=\"advgb-post-tax-term\">Prima<\/span>","<span class=\"advgb-post-tax-term\">Pumpa<\/span>","<span class=\"advgb-post-tax-term\">Sieni<\/span>","<span class=\"advgb-post-tax-term\">Siili<\/span>","<span class=\"advgb-post-tax-term\">Siirtokuva<\/span>","<span class=\"advgb-post-tax-term\">Svamp<\/span>","<span class=\"advgb-post-tax-term\">Syksy<\/span>","<span class=\"advgb-post-tax-term\">Syys<\/span>","<span class=\"advgb-post-tax-term\">Tammenterho<\/span>","<span class=\"advgb-post-tax-term\">Transfer<\/span>","<span class=\"advgb-post-tax-term\">Vanha<\/span>","<span class=\"advgb-post-tax-term\">Vintage<\/span>"],"slug":"product_tag","name":"Avainsanat tuotteelle"},"product_shipping_class":{"linked":[],"unlinked":[],"slug":"product_shipping_class","name":"Tuotteen toimitusluokat"},"pos_product_visibility":{"linked":[],"unlinked":[],"slug":"pos_product_visibility","name":"POS Product visibility"},"pa_arkin-koko":{"linked":[],"unlinked":[],"slug":"pa_arkin-koko","name":"Tuote Arkin koko"},"pa_hiomatyynyn-karkeus":{"linked":[],"unlinked":[],"slug":"pa_hiomatyynyn-karkeus","name":"Tuote Hiomatyynyn karkeus"},"pa_kehys":{"linked":[],"unlinked":[],"slug":"pa_kehys","name":"Tuote Kehys"},"pa_kuvion-nro":{"linked":[],"unlinked":[],"slug":"pa_kuvion-nro","name":"Tuote Kuvion nro"},"pa_littean-pensselin-koko":{"linked":[],"unlinked":[],"slug":"pa_littean-pensselin-koko","name":"Tuote Litte\u00e4n pensselin koko"},"pa_maalivari":{"linked":[],"unlinked":[],"slug":"pa_maalivari","name":"Tuote Maaliv\u00e4ri"},"pa_palatapettien-lkm":{"linked":[],"unlinked":[],"slug":"pa_palatapettien-lkm","name":"Tuote Palatapettien lkm"},"pa_purkin-koko":{"linked":[],"unlinked":[],"slug":"pa_purkin-koko","name":"Tuote Purkin koko"},"pa_sapluunan-koko":{"linked":[],"unlinked":[],"slug":"pa_sapluunan-koko","name":"Tuote Sapluunan koko"},"pa_tabletti":{"linked":[],"unlinked":[],"slug":"pa_tabletti","name":"Tuote Tabletti"},"pa_valitse-sisalto":{"linked":[],"unlinked":[],"slug":"pa_valitse-sisalto","name":"Tuote Valitse sis\u00e4lt\u00f6"},"pa_varjostin":{"linked":[],"unlinked":[],"slug":"pa_varjostin","name":"Tuote Varjostin"}},"series_order":"","jetpack_sharing_enabled":true,"jetpack_likes_enabled":true,"jetpack-related-posts":[{"id":6981,"url":"https:\/\/puuhamari.fi\/?product=siirtokuva-delicate-roses","url_meta":{"origin":7074,"position":0},"title":"Siirtokuva Delicate Roses","author":"PuuhaMari","date":"25 elokuun, 2023","format":false,"excerpt":"Tarvitaanko sanoja? N\u00e4et sen itsekin; t\u00e4h\u00e4n ei voi olla rakastumatta... Hienostuneet v\u00e4rit ja kauniit yksityiskohdat kertakaikkiaan vangitsevat katseen! Suorastaan vaatii yhdistely\u00e4 erilaisten sapluunojen, leimasinten tai muiden siirtokuvien kanssa. Pakkaus sis\u00e4lt\u00e4\u00e4 kolme erilaisin kuvin varustettua kalvoa. Kaikki 3 kalvoa ovat n\u00e4kyv\u00e4t oheisessa tuotekuvassa. Jokaisen yksitt\u00e4isen kalvon koko on n. 30,5 cm\u2026","rel":"","context":"With 2 comments","block_context":{"text":"With 2 comments","link":"https:\/\/puuhamari.fi\/?product=siirtokuva-delicate-roses#comments"},"img":{"alt_text":"","src":"https:\/\/i0.wp.com\/puuhamari.fi\/wp-content\/uploads\/2023\/08\/Delicate-Roses-1-b.png?fit=670%2C669&ssl=1&resize=350%2C200","width":350,"height":200,"srcset":"https:\/\/i0.wp.com\/puuhamari.fi\/wp-content\/uploads\/2023\/08\/Delicate-Roses-1-b.png?fit=670%2C669&ssl=1&resize=350%2C200 1x, https:\/\/i0.wp.com\/puuhamari.fi\/wp-content\/uploads\/2023\/08\/Delicate-Roses-1-b.png?fit=670%2C669&ssl=1&resize=525%2C300 1.5x"},"classes":[]},{"id":7068,"url":"https:\/\/puuhamari.fi\/?product=siirtokuva-sunflower-afternoon","url_meta":{"origin":7074,"position":1},"title":"Siirtokuva Sunflower Afternoon","author":"PuuhaMari","date":"30 elokuun, 2023","format":false,"excerpt":"Upeat, uhkeat auringonkukat luovat ymp\u00e4rilleen v\u00e4lit\u00f6nt\u00e4 el\u00e4m\u00e4niloa, kauneutta ja tyytyv\u00e4isyytt\u00e4. Pakkaus sis\u00e4lt\u00e4\u00e4 kolme erilaisin kuvin varustettua kalvoa, joissa yhteens\u00e4 per\u00e4ti 22 siirtokuvaa. Kaikki 3 kalvoa ovat n\u00e4kyv\u00e4t oheisessa tuotekuvassa. Jokaisen yksitt\u00e4isen kalvon koko on n. 30,5 cm x 15 cm. Suurimman yksitt\u00e4iskukan halkaisija on n. 14 cm. Yhdell\u00e4 kalvoista olevan\u2026","rel":"","context":"With 1 comment","block_context":{"text":"With 1 comment","link":"https:\/\/puuhamari.fi\/?product=siirtokuva-sunflower-afternoon#comments"},"img":{"alt_text":"","src":"https:\/\/i0.wp.com\/puuhamari.fi\/wp-content\/uploads\/2023\/08\/2-b-3.png?fit=960%2C959&ssl=1&resize=350%2C200","width":350,"height":200,"srcset":"https:\/\/i0.wp.com\/puuhamari.fi\/wp-content\/uploads\/2023\/08\/2-b-3.png?fit=960%2C959&ssl=1&resize=350%2C200 1x, https:\/\/i0.wp.com\/puuhamari.fi\/wp-content\/uploads\/2023\/08\/2-b-3.png?fit=960%2C959&ssl=1&resize=525%2C300 1.5x, https:\/\/i0.wp.com\/puuhamari.fi\/wp-content\/uploads\/2023\/08\/2-b-3.png?fit=960%2C959&ssl=1&resize=700%2C400 2x"},"classes":[]},{"id":10062,"url":"https:\/\/puuhamari.fi\/?product=siirtokuva-butterfly-oasis","url_meta":{"origin":7074,"position":2},"title":"Siirtokuva Butterfly Oasis","author":"PuuhaMari","date":"15 elokuun, 2025","format":false,"excerpt":"Perhosten keidas -siirtokuvan perhoset ja kukat ovat v\u00e4reilt\u00e4\u00e4n poikkeuksellisen kiehtovia! Pakkaus sis\u00e4lt\u00e4\u00e4 kaksi n. 90 cm x 30 cm kokoista, erilaisin kuvin varustettua kalvoa. Perhosia on yhteens\u00e4 17 erilaista, ja kasveja 15 kpl. Molempien kalvojen sis\u00e4lt\u00f6 n\u00e4kyy oheisessa tuotekuvassa. Erillisi\u00e4 kuvia on yhteens\u00e4 per\u00e4ti 32 kpl. Suurin, purppuranv\u00e4rinen perhonen on\u2026","rel":"","context":"With 1 comment","block_context":{"text":"With 1 comment","link":"https:\/\/puuhamari.fi\/?product=siirtokuva-butterfly-oasis#comments"},"img":{"alt_text":"","src":"https:\/\/i0.wp.com\/puuhamari.fi\/wp-content\/uploads\/2025\/08\/Butterfly-Oasis-1.webp?fit=896%2C896&ssl=1&resize=350%2C200","width":350,"height":200,"srcset":"https:\/\/i0.wp.com\/puuhamari.fi\/wp-content\/uploads\/2025\/08\/Butterfly-Oasis-1.webp?fit=896%2C896&ssl=1&resize=350%2C200 1x, https:\/\/i0.wp.com\/puuhamari.fi\/wp-content\/uploads\/2025\/08\/Butterfly-Oasis-1.webp?fit=896%2C896&ssl=1&resize=525%2C300 1.5x, https:\/\/i0.wp.com\/puuhamari.fi\/wp-content\/uploads\/2025\/08\/Butterfly-Oasis-1.webp?fit=896%2C896&ssl=1&resize=700%2C400 2x"},"classes":[]},{"id":10043,"url":"https:\/\/puuhamari.fi\/?product=forest-fairies","url_meta":{"origin":7074,"position":3},"title":"Siirtokuva Forest Fairies","author":"PuuhaMari","date":"15 elokuun, 2025","format":false,"excerpt":"Mets\u00e4keijujen karkelot ovat alkamassa... N\u00e4it\u00e4 hillityiss\u00e4 v\u00e4reiss\u00e4 (jotkin pelkki\u00e4 varjoja vain...) esiintyvi\u00e4 keijuja, kukkia ja perhosia on t\u00e4ss\u00e4 setiss\u00e4 kokonaiset 36 kpl! Ne on jaettu kolmelle eri kalvolle, joista voit saksilla leikata erilleen kulloiseenkin projektiisi tarvitsemasi osat. Kukin kalvo on korkeudeltaan n. 30 cm, ja leveydelt\u00e4\u00e4n 15 cm. Suurin mets\u00e4keiju\u2026","rel":"","context":"Samankaltainen artikkeli","block_context":{"text":"Samankaltainen artikkeli","link":""},"img":{"alt_text":"","src":"https:\/\/i0.wp.com\/puuhamari.fi\/wp-content\/uploads\/2025\/08\/Forest-Fairies-1.webp?fit=720%2C720&ssl=1&resize=350%2C200","width":350,"height":200,"srcset":"https:\/\/i0.wp.com\/puuhamari.fi\/wp-content\/uploads\/2025\/08\/Forest-Fairies-1.webp?fit=720%2C720&ssl=1&resize=350%2C200 1x, https:\/\/i0.wp.com\/puuhamari.fi\/wp-content\/uploads\/2025\/08\/Forest-Fairies-1.webp?fit=720%2C720&ssl=1&resize=525%2C300 1.5x, https:\/\/i0.wp.com\/puuhamari.fi\/wp-content\/uploads\/2025\/08\/Forest-Fairies-1.webp?fit=720%2C720&ssl=1&resize=700%2C400 2x"},"classes":[]},{"id":10687,"url":"https:\/\/puuhamari.fi\/?product=siirtokuva-floral-collection","url_meta":{"origin":7074,"position":4},"title":"Siirtokuva Floral Collection","author":"PuuhaMari","date":"25 helmikuun, 2026","format":false,"excerpt":"Luo rehev\u00e4n kukoistavia koristeluja kotiisi yhdistelem\u00e4ll\u00e4 t\u00e4m\u00e4n kukkakokoelman kuvia joko kesken\u00e4\u00e4n, tai mink\u00e4 tahansa kaapistasi l\u00f6ytyvien siirtokuvien kanssa. Voit kiinnitt\u00e4\u00e4 niit\u00e4 oviin, kalusteisiin, sisustusesineisiin, vihkoihin... Oikeastaan minne tahansa miss\u00e4 pinta on puhdas, kuiva ja tasainen! Kohdista kuva, hankaa sit\u00e4 p\u00e4\u00e4llipuolelta, ja ota irronnut kalvo pois - VALMIS. (Jos tuunauskohteesi on\u2026","rel":"","context":"Samankaltainen artikkeli","block_context":{"text":"Samankaltainen artikkeli","link":""},"img":{"alt_text":"","src":"https:\/\/i0.wp.com\/puuhamari.fi\/wp-content\/uploads\/2026\/02\/Floral-Collection-1-B.jpg?fit=896%2C895&ssl=1&resize=350%2C200","width":350,"height":200,"srcset":"https:\/\/i0.wp.com\/puuhamari.fi\/wp-content\/uploads\/2026\/02\/Floral-Collection-1-B.jpg?fit=896%2C895&ssl=1&resize=350%2C200 1x, https:\/\/i0.wp.com\/puuhamari.fi\/wp-content\/uploads\/2026\/02\/Floral-Collection-1-B.jpg?fit=896%2C895&ssl=1&resize=525%2C300 1.5x, https:\/\/i0.wp.com\/puuhamari.fi\/wp-content\/uploads\/2026\/02\/Floral-Collection-1-B.jpg?fit=896%2C895&ssl=1&resize=700%2C400 2x"},"classes":[]},{"id":3389,"url":"https:\/\/puuhamari.fi\/?product=siirtokuva-white-magnolia","url_meta":{"origin":7074,"position":5},"title":"Siirtokuva White Magnolia","author":"PuuhaMari","date":"23 toukokuun, 2022","format":false,"excerpt":"Valkoiset magnoliankukat ovat aina varma valinta tyylikk\u00e4\u00e4seen ja\/tai suloiseen sisustukseen. Pakkaus sis\u00e4lt\u00e4\u00e4 kolme erilaisin kuvin varustettua kalvoa. Kaikki 3 kalvoa ovat n\u00e4kyv\u00e4t oheisessa tuotekuvassa. Jokaisen yksitt\u00e4isen kalvon koko on n. 15 cm x 30,5 cm. Voidaan k\u00e4ytt\u00e4\u00e4 monilla erilaisilla pinnoilla. Jos projektisi on vastamaalattu, anna maalipinnan kovettua rauhassa ainakin 2\u2026","rel":"","context":"With 3 comments","block_context":{"text":"With 3 comments","link":"https:\/\/puuhamari.fi\/?product=siirtokuva-white-magnolia#comments"},"img":{"alt_text":"","src":"https:\/\/i0.wp.com\/puuhamari.fi\/wp-content\/uploads\/2022\/05\/White-Magnolia-NELIO.jpg?fit=765%2C744&ssl=1&resize=350%2C200","width":350,"height":200,"srcset":"https:\/\/i0.wp.com\/puuhamari.fi\/wp-content\/uploads\/2022\/05\/White-Magnolia-NELIO.jpg?fit=765%2C744&ssl=1&resize=350%2C200 1x, https:\/\/i0.wp.com\/puuhamari.fi\/wp-content\/uploads\/2022\/05\/White-Magnolia-NELIO.jpg?fit=765%2C744&ssl=1&resize=525%2C300 1.5x, https:\/\/i0.wp.com\/puuhamari.fi\/wp-content\/uploads\/2022\/05\/White-Magnolia-NELIO.jpg?fit=765%2C744&ssl=1&resize=700%2C400 2x"},"classes":[]}],"_links":{"self":[{"href":"https:\/\/puuhamari.fi\/index.php?rest_route=\/wp\/v2\/product\/7074","targetHints":{"allow":["GET"]}}],"collection":[{"href":"https:\/\/puuhamari.fi\/index.php?rest_route=\/wp\/v2\/product"}],"about":[{"href":"https:\/\/puuhamari.fi\/index.php?rest_route=\/wp\/v2\/types\/product"}],"replies":[{"embeddable":true,"href":"https:\/\/puuhamari.fi\/index.php?rest_route=%2Fwp%2Fv2%2Fcomments&post=7074"}],"version-history":[{"count":1,"href":"https:\/\/puuhamari.fi\/index.php?rest_route=\/wp\/v2\/product\/7074\/revisions"}],"predecessor-version":[{"id":7079,"href":"https:\/\/puuhamari.fi\/index.php?rest_route=\/wp\/v2\/product\/7074\/revisions\/7079"}],"wp:featuredmedia":[{"embeddable":true,"href":"https:\/\/puuhamari.fi\/index.php?rest_route=\/wp\/v2\/media\/7075"}],"wp:attachment":[{"href":"https:\/\/puuhamari.fi\/index.php?rest_route=%2Fwp%2Fv2%2Fmedia&parent=7074"}],"wp:term":[{"taxonomy":"product_brand","embeddable":true,"href":"https:\/\/puuhamari.fi\/index.php?rest_route=%2Fwp%2Fv2%2Fproduct_brand&post=7074"},{"taxonomy":"product_cat","embeddable":true,"href":"https:\/\/puuhamari.fi\/index.php?rest_route=%2Fwp%2Fv2%2Fproduct_cat&post=7074"},{"taxonomy":"product_tag","embeddable":true,"href":"https:\/\/puuhamari.fi\/index.php?rest_route=%2Fwp%2Fv2%2Fproduct_tag&post=7074"}],"curies":[{"name":"wp","href":"https:\/\/api.w.org\/{rel}","templated":true}]}}