{"id":7170,"date":"2023-09-06T18:19:02","date_gmt":"2023-09-06T18:19:02","guid":{"rendered":"https:\/\/puuhamari.fi\/?post_type=product&#038;p=7170"},"modified":"2025-11-27T18:21:35","modified_gmt":"2025-11-27T16:21:35","slug":"going-batty-verkkosapluuna","status":"publish","type":"product","link":"https:\/\/puuhamari.fi\/?product=going-batty-verkkosapluuna","title":{"rendered":"Going Batty &#8211; verkkosapluuna"},"content":{"rendered":"<p>Erityisen kauniita pieni\u00e4 yksityiskohtia sis\u00e4lt\u00e4vi\u00e4, patentoituja Tri Mesh -verkkosapluunoita voit k\u00e4ytt\u00e4\u00e4 monien erilaisten pintojen koristeluun, ja luoda loputtoman m\u00e4\u00e4r\u00e4n juuri sinun tarpeisiisi r\u00e4\u00e4t\u00e4l\u00f6ity\u00e4 kodinsisustusta. Sapluuna pysyy takuuvarmasti paikallaan ty\u00f6st\u00e4misen ajan, sill\u00e4 koko sen taustapuoli kiinnittyy kohteen pintaan kuin tarra. Voit k\u00e4ytt\u00e4\u00e4 sapluunaa useaan kertaan l\u00e4hes mille tahansa alustalle (puu, metalli, tekstiili, posliini, lasi, jne&#8230;), ja l\u00e4hestulkoon mit\u00e4 tahansa v\u00e4riainetta (mineraalimaali, tekstiiliv\u00e4ri, posliini- ja lasimaali&#8230;) k\u00e4ytt\u00e4en. Pese sapluuna v\u00e4litt\u00f6m\u00e4sti k\u00e4yt\u00f6n j\u00e4lkeen.<\/p>\n","protected":false},"excerpt":{"rendered":"<p>Isompi h\u00e4m\u00e4h\u00e4kki ja sen teksti n\u00e4kyy v\u00e4h\u00e4n kauemmas ulko-oveltasi ja sen vierell\u00e4 olevista koristeista, mutta sill\u00e4 on helppo kuvioida my\u00f6s sisustusta: tee tauluja seiniin\/sis\u00e4oviin, tyynynp\u00e4\u00e4llisi\u00e4 sohvalle, tai tiski-\/k\u00e4sipyyhkeit\u00e4 keitti\u00f6\u00f6n.<\/p>\n<p>Huomaa my\u00f6s, ett\u00e4 voit yhdistell\u00e4 sapluunasta l\u00f6ytyvi\u00e4 pienempi\u00e4 yksityiskohtia joko kesken\u00e4\u00e4n <em>(tai muiden sapluunoittesi kanssa)<\/em> uudella tavalla, ja siten luoda huomattavasti enemm\u00e4n kuin vain yhden kuvan! L\u00f6yd\u00e4tk\u00f6 kuviosta:<\/p>\n<p>* monta eri kokoista lepakkoa?<br \/>\n* ainakin 4 eri kokoista t\u00e4hte\u00e4?<br \/>\n* kuunsirpin?<br \/>\n* h\u00e4m\u00e4h\u00e4kinverkon?<br \/>\n* h\u00e4m\u00e4h\u00e4kin jalkojen kuvion?<br \/>\n* pelk\u00e4n tekstin &#8220;Halloween&#8221;?<br \/>\n* tekstin &#8220;Happy&#8221;?<br \/>\n* Jonkun tuttusi nimikirjaimet, tai per\u00e4ti koko nimen kirjaimet?<\/p>\n<p>Pakkauksessa yksi n. 28 cm x 21,5 cm kokoinen sapluuna. H\u00e4m\u00e4h\u00e4kin koko mitat ovat n. 20,5 cm x 20 cm. Teksti &#8220;HAPPY&#8221; on n. 2 cm x 7 cm, ja &#8220;HALLOWEEN&#8221; n. 5 cm x 18,5 cm.<\/p>\n<p>&nbsp;<\/p>\n","protected":false},"author":1,"featured_media":7171,"comment_status":"open","ping_status":"closed","template":"","meta":{"advgb_blocks_editor_width":"","advgb_blocks_columns_visual_guide":"","advanced_seo_description":"","jetpack_seo_html_title":"","jetpack_seo_noindex":false,"_kad_post_transparent":"default","_kad_post_title":"","_kad_post_layout":"default","_kad_post_sidebar_id":"","_kad_post_content_style":"default","_kad_post_vertical_padding":"default","_kad_post_feature":"","_kad_post_feature_position":"","_kad_post_header":false,"_kad_post_footer":false,"_kad_post_classname":"","jetpack_post_was_ever_published":true},"product_brand":[],"product_cat":[258],"product_tag":[829,830,826,301,299,832,828,833,171,821,827,831,179,260,259],"class_list":{"0":"post-7170","1":"product","2":"type-product","3":"status-publish","4":"has-post-thumbnail","6":"product_cat-verkkosapluunat","7":"product_tag-fladdermus","8":"product_tag-fladermus","9":"product_tag-halloween","10":"product_tag-hamahakinverkko","11":"product_tag-hamahakki","12":"product_tag-kuu","13":"product_tag-lepakko","14":"product_tag-mane","15":"product_tag-sapluuna","16":"product_tag-schablon","17":"product_tag-spindel","18":"product_tag-spindelnat","19":"product_tag-stencil","20":"product_tag-tarrasapluuna","21":"product_tag-verkkosapluuna","23":"first","24":"instock","25":"sale","26":"taxable","27":"shipping-taxable","28":"purchasable","29":"product-type-simple","30":"entry","31":"content-bg","32":"loop-entry"},"featured_img":"https:\/\/puuhamari.fi\/wp-content\/uploads\/2023\/09\/1-2.png","coauthors":[],"author_meta":{"author_link":"https:\/\/puuhamari.fi\/?author=1","display_name":"PuuhaMari"},"relative_dates":{"created":"Julkaistu 3 vuotta sitten","modified":"P\u00e4ivitetty 5 kuukautta sitten"},"absolute_dates":{"created":"Julkaistu 6 syyskuun, 2023","modified":"P\u00e4ivitetty 27 marraskuun, 2025"},"absolute_dates_time":{"created":"Julkaistu 6 syyskuun, 2023 6:19 pm","modified":"P\u00e4ivitetty 27 marraskuun, 2025 6:21 pm"},"featured_img_caption":"Verkkosapluuna Going Batty","tax_additional":{"product_brand":{"linked":[],"unlinked":[],"slug":"product_brand","name":"Br\u00e4ndit"},"product_type":{"linked":["<a href=\"https:\/\/puuhamari.fi\/?taxonomy=product_type&#038;term=simple\" class=\"advgb-post-tax-term\">simple<\/a>"],"unlinked":["<span class=\"advgb-post-tax-term\">simple<\/span>"],"slug":"product_type","name":"Tuotetyyppi"},"product_visibility":{"linked":[],"unlinked":[],"slug":"product_visibility","name":"Tuotteen n\u00e4kyvyys"},"product_cat":{"linked":["<a href=\"https:\/\/puuhamari.fi\/?product_cat=verkkosapluunat\" class=\"advgb-post-tax-term\">Verkkosapluunat<\/a>"],"unlinked":["<span class=\"advgb-post-tax-term\">Verkkosapluunat<\/span>"],"slug":"product_cat","name":"Osastot"},"product_tag":{"linked":["<a href=\"https:\/\/puuhamari.fi\/?product_tag=fladdermus\" class=\"advgb-post-tax-term\">Fladdermus<\/a>","<a href=\"https:\/\/puuhamari.fi\/?product_tag=fladermus\" class=\"advgb-post-tax-term\">Fl\u00e4dermus<\/a>","<a href=\"https:\/\/puuhamari.fi\/?product_tag=halloween\" class=\"advgb-post-tax-term\">Halloween<\/a>","<a href=\"https:\/\/puuhamari.fi\/?product_tag=hamahakinverkko\" class=\"advgb-post-tax-term\">H\u00e4m\u00e4h\u00e4kinverkko<\/a>","<a href=\"https:\/\/puuhamari.fi\/?product_tag=hamahakki\" class=\"advgb-post-tax-term\">H\u00e4m\u00e4h\u00e4kki<\/a>","<a href=\"https:\/\/puuhamari.fi\/?product_tag=kuu\" class=\"advgb-post-tax-term\">Kuu<\/a>","<a href=\"https:\/\/puuhamari.fi\/?product_tag=lepakko\" class=\"advgb-post-tax-term\">Lepakko<\/a>","<a href=\"https:\/\/puuhamari.fi\/?product_tag=mane\" class=\"advgb-post-tax-term\">M\u00e5ne<\/a>","<a href=\"https:\/\/puuhamari.fi\/?product_tag=sapluuna\" class=\"advgb-post-tax-term\">Sapluuna<\/a>","<a href=\"https:\/\/puuhamari.fi\/?product_tag=schablon\" class=\"advgb-post-tax-term\">Schablon<\/a>","<a href=\"https:\/\/puuhamari.fi\/?product_tag=spindel\" class=\"advgb-post-tax-term\">Spindel<\/a>","<a href=\"https:\/\/puuhamari.fi\/?product_tag=spindelnat\" class=\"advgb-post-tax-term\">Spindeln\u00e4t<\/a>","<a href=\"https:\/\/puuhamari.fi\/?product_tag=stencil\" class=\"advgb-post-tax-term\">Stencil<\/a>","<a href=\"https:\/\/puuhamari.fi\/?product_tag=tarrasapluuna\" class=\"advgb-post-tax-term\">Tarrasapluuna<\/a>","<a href=\"https:\/\/puuhamari.fi\/?product_tag=verkkosapluuna\" class=\"advgb-post-tax-term\">Verkkosapluuna<\/a>"],"unlinked":["<span class=\"advgb-post-tax-term\">Fladdermus<\/span>","<span class=\"advgb-post-tax-term\">Fl\u00e4dermus<\/span>","<span class=\"advgb-post-tax-term\">Halloween<\/span>","<span class=\"advgb-post-tax-term\">H\u00e4m\u00e4h\u00e4kinverkko<\/span>","<span class=\"advgb-post-tax-term\">H\u00e4m\u00e4h\u00e4kki<\/span>","<span class=\"advgb-post-tax-term\">Kuu<\/span>","<span class=\"advgb-post-tax-term\">Lepakko<\/span>","<span class=\"advgb-post-tax-term\">M\u00e5ne<\/span>","<span class=\"advgb-post-tax-term\">Sapluuna<\/span>","<span class=\"advgb-post-tax-term\">Schablon<\/span>","<span class=\"advgb-post-tax-term\">Spindel<\/span>","<span class=\"advgb-post-tax-term\">Spindeln\u00e4t<\/span>","<span class=\"advgb-post-tax-term\">Stencil<\/span>","<span class=\"advgb-post-tax-term\">Tarrasapluuna<\/span>","<span class=\"advgb-post-tax-term\">Verkkosapluuna<\/span>"],"slug":"product_tag","name":"Avainsanat tuotteelle"},"product_shipping_class":{"linked":[],"unlinked":[],"slug":"product_shipping_class","name":"Tuotteen toimitusluokat"},"pos_product_visibility":{"linked":[],"unlinked":[],"slug":"pos_product_visibility","name":"POS Product visibility"},"pa_arkin-koko":{"linked":[],"unlinked":[],"slug":"pa_arkin-koko","name":"Tuote Arkin koko"},"pa_hiomatyynyn-karkeus":{"linked":[],"unlinked":[],"slug":"pa_hiomatyynyn-karkeus","name":"Tuote Hiomatyynyn karkeus"},"pa_kehys":{"linked":[],"unlinked":[],"slug":"pa_kehys","name":"Tuote Kehys"},"pa_kuvion-nro":{"linked":[],"unlinked":[],"slug":"pa_kuvion-nro","name":"Tuote Kuvion nro"},"pa_littean-pensselin-koko":{"linked":[],"unlinked":[],"slug":"pa_littean-pensselin-koko","name":"Tuote Litte\u00e4n pensselin koko"},"pa_maalivari":{"linked":[],"unlinked":[],"slug":"pa_maalivari","name":"Tuote Maaliv\u00e4ri"},"pa_palatapettien-lkm":{"linked":[],"unlinked":[],"slug":"pa_palatapettien-lkm","name":"Tuote Palatapettien lkm"},"pa_purkin-koko":{"linked":[],"unlinked":[],"slug":"pa_purkin-koko","name":"Tuote Purkin koko"},"pa_sapluunan-koko":{"linked":[],"unlinked":[],"slug":"pa_sapluunan-koko","name":"Tuote Sapluunan koko"},"pa_tabletti":{"linked":[],"unlinked":[],"slug":"pa_tabletti","name":"Tuote Tabletti"},"pa_valitse-sisalto":{"linked":[],"unlinked":[],"slug":"pa_valitse-sisalto","name":"Tuote Valitse sis\u00e4lt\u00f6"},"pa_varjostin":{"linked":[],"unlinked":[],"slug":"pa_varjostin","name":"Tuote Varjostin"}},"series_order":"","jetpack_sharing_enabled":true,"jetpack_likes_enabled":true,"jetpack-related-posts":[{"id":4955,"url":"https:\/\/puuhamari.fi\/?product=nutcracker-review-verkkosapluuna","url_meta":{"origin":7170,"position":0},"title":"Nutcracker Review &#8211; verkkosapluuna","author":"PuuhaMari","date":"19 lokakuun, 2022","format":false,"excerpt":"P\u00e4hkin\u00e4ns\u00e4rkij\u00f6it\u00e4 useampana versiona; lastenhuoneeseen vai ihan \u2764\ufe0f itselle? \u2764\ufe0f Pakkauksessa yksi n. 28 cm x 21,5 cm kokoinen sapluuna. \u00a0 \ud83d\udca1 \u00a0VINKKI: Maalin voit toki \"vanhaan tapaan\" t\u00f6p\u00f6tell\u00e4 sapluunan l\u00e4pi, mutta kauneinta j\u00e4lke\u00e4 saat aikaiseksi naurettavan edullisella vaahtomuovipensselill\u00e4!","rel":"","context":"Samankaltainen artikkeli","block_context":{"text":"Samankaltainen artikkeli","link":""},"img":{"alt_text":"","src":"https:\/\/i0.wp.com\/puuhamari.fi\/wp-content\/uploads\/2022\/10\/Nutcracker-Review.png?fit=905%2C903&ssl=1&resize=350%2C200","width":350,"height":200,"srcset":"https:\/\/i0.wp.com\/puuhamari.fi\/wp-content\/uploads\/2022\/10\/Nutcracker-Review.png?fit=905%2C903&ssl=1&resize=350%2C200 1x, https:\/\/i0.wp.com\/puuhamari.fi\/wp-content\/uploads\/2022\/10\/Nutcracker-Review.png?fit=905%2C903&ssl=1&resize=525%2C300 1.5x, https:\/\/i0.wp.com\/puuhamari.fi\/wp-content\/uploads\/2022\/10\/Nutcracker-Review.png?fit=905%2C903&ssl=1&resize=700%2C400 2x"},"classes":[]},{"id":4943,"url":"https:\/\/puuhamari.fi\/?product=french-ram-verkkosapluuna","url_meta":{"origin":7170,"position":1},"title":"French Ram &#8211; verkkosapluuna","author":"PuuhaMari","date":"19 lokakuun, 2022","format":false,"excerpt":"Upea, ranskalaista maalaistyyli\u00e4 oleva kuvio, josta voit my\u00f6s k\u00e4ytt\u00e4\u00e4 hyv\u00e4ksesi pelkki\u00e4 osia (esim. kruunua\/medaljonkia\/k\u00f6ynn\u00f6st\u00e4\/tekstej\u00e4) eri projekteissasi. Pakkauksessa yksi 30,5 cm x 30,5 cm kokoinen sapluuna. \u00a0 \ud83d\udca1 \u00a0VINKKI: Maalin voit toki \"vanhaan tapaan\" t\u00f6p\u00f6tell\u00e4 sapluunan l\u00e4pi, mutta kauneinta j\u00e4lke\u00e4 saat aikaiseksi naurettavan edullisella vaahtomuovipensselill\u00e4!","rel":"","context":"Samankaltainen artikkeli","block_context":{"text":"Samankaltainen artikkeli","link":""},"img":{"alt_text":"","src":"https:\/\/i0.wp.com\/puuhamari.fi\/wp-content\/uploads\/2022\/10\/French-Ram-Zoom.png?fit=814%2C810&ssl=1&resize=350%2C200","width":350,"height":200,"srcset":"https:\/\/i0.wp.com\/puuhamari.fi\/wp-content\/uploads\/2022\/10\/French-Ram-Zoom.png?fit=814%2C810&ssl=1&resize=350%2C200 1x, https:\/\/i0.wp.com\/puuhamari.fi\/wp-content\/uploads\/2022\/10\/French-Ram-Zoom.png?fit=814%2C810&ssl=1&resize=525%2C300 1.5x, https:\/\/i0.wp.com\/puuhamari.fi\/wp-content\/uploads\/2022\/10\/French-Ram-Zoom.png?fit=814%2C810&ssl=1&resize=700%2C400 2x"},"classes":[]},{"id":5460,"url":"https:\/\/puuhamari.fi\/?product=country-girl-verkkosapluuna","url_meta":{"origin":7170,"position":2},"title":"Country Girl &#8211; verkkosapluuna","author":"PuuhaMari","date":"5 huhtikuun, 2023","format":false,"excerpt":"Yl\u00e4maankarjaa, villi\u00e4 l\u00e4ntt\u00e4 vai purkillinen krysanteemeja? Kuvitukseksi muille tekemiisi lahjoihin tietenkin, mutta my\u00f6s itsellesi! Pakkauksessa yksi n. 28 cm x 21,5 cm kokoinen sapluuna. \u00a0","rel":"","context":"Samankaltainen artikkeli","block_context":{"text":"Samankaltainen artikkeli","link":""},"img":{"alt_text":"","src":"https:\/\/i0.wp.com\/puuhamari.fi\/wp-content\/uploads\/2023\/04\/Country-Girl-1b.png?fit=728%2C727&ssl=1&resize=350%2C200","width":350,"height":200,"srcset":"https:\/\/i0.wp.com\/puuhamari.fi\/wp-content\/uploads\/2023\/04\/Country-Girl-1b.png?fit=728%2C727&ssl=1&resize=350%2C200 1x, https:\/\/i0.wp.com\/puuhamari.fi\/wp-content\/uploads\/2023\/04\/Country-Girl-1b.png?fit=728%2C727&ssl=1&resize=525%2C300 1.5x, https:\/\/i0.wp.com\/puuhamari.fi\/wp-content\/uploads\/2023\/04\/Country-Girl-1b.png?fit=728%2C727&ssl=1&resize=700%2C400 2x"},"classes":[]},{"id":4950,"url":"https:\/\/puuhamari.fi\/?product=furniture-hero-verkkosapluuna","url_meta":{"origin":7170,"position":3},"title":"Furniture Hero &#8211; verkkosapluuna","author":"PuuhaMari","date":"19 lokakuun, 2022","format":false,"excerpt":"\"Pelastan hyl\u00e4ttyj\u00e4 huonekaluja - olen sankari, en hamstraaja!\" Kaikkien kalustetuunaajien PakkoSaada -sapluuna? \ud83d\ude02 Sama teksti l\u00f6ytyy siit\u00e4 useampana eri kokona (eri kokoisia projekteja ajatellen), ja mukana on muissakin kohteissa k\u00e4ytt\u00f6kelpoisia huonekalujen kuvia! Pakkauksessa yksi 30,5 cm x 30,5 cm kokoinen sapluuna. \u00a0 \ud83d\udca1 \u00a0VINKKI: Maalin voit toki \"vanhaan tapaan\" t\u00f6p\u00f6tell\u00e4\u2026","rel":"","context":"With 1 comment","block_context":{"text":"With 1 comment","link":"https:\/\/puuhamari.fi\/?product=furniture-hero-verkkosapluuna#comments"},"img":{"alt_text":"","src":"https:\/\/i0.wp.com\/puuhamari.fi\/wp-content\/uploads\/2022\/10\/Furniture-Hero.png?fit=905%2C906&ssl=1&resize=350%2C200","width":350,"height":200,"srcset":"https:\/\/i0.wp.com\/puuhamari.fi\/wp-content\/uploads\/2022\/10\/Furniture-Hero.png?fit=905%2C906&ssl=1&resize=350%2C200 1x, https:\/\/i0.wp.com\/puuhamari.fi\/wp-content\/uploads\/2022\/10\/Furniture-Hero.png?fit=905%2C906&ssl=1&resize=525%2C300 1.5x, https:\/\/i0.wp.com\/puuhamari.fi\/wp-content\/uploads\/2022\/10\/Furniture-Hero.png?fit=905%2C906&ssl=1&resize=700%2C400 2x"},"classes":[]},{"id":3280,"url":"https:\/\/puuhamari.fi\/?product=acanthus-ram-verkkosapluuna","url_meta":{"origin":7170,"position":4},"title":"Acanthus Ram &#8211; verkkosapluuna","author":"PuuhaMari","date":"6 toukokuun, 2022","format":false,"excerpt":"Verkkosapluunoiden aatelia; t\u00e4llainen kuvio ei koskaan olisi mahdollinen \"tavallisella\" reik\u00e4sapluunalla tehden! Kertakaikkisen upeita yksityiskohtia sis\u00e4lt\u00e4v\u00e4 sapluuna, jonka mitat ovat n. 30x30 cm. Kuvio on suunniteltu jatkumaan itsens\u00e4 jatkeena kaikkiin suuntiin, joten voit k\u00e4ytt\u00e4\u00e4 t\u00e4t\u00e4 vaikka miten suurten kohteiden koristelussa: senkit, kaapit, puusohvat, kokonaiset sein\u00e4t tai vaikka sis\u00e4katto! Tekstiiliv\u00e4rej\u00e4 k\u00e4ytt\u00e4m\u00e4ll\u00e4 voit\u2026","rel":"","context":"Samankaltainen artikkeli","block_context":{"text":"Samankaltainen artikkeli","link":""},"img":{"alt_text":"","src":"https:\/\/i0.wp.com\/puuhamari.fi\/wp-content\/uploads\/2022\/05\/3ef49a3a88373b5107b69f35aafb4b3c9078432f4ca88cf0fd1cf038cdf82122-scaled.jpg?fit=1200%2C1200&ssl=1&resize=350%2C200","width":350,"height":200,"srcset":"https:\/\/i0.wp.com\/puuhamari.fi\/wp-content\/uploads\/2022\/05\/3ef49a3a88373b5107b69f35aafb4b3c9078432f4ca88cf0fd1cf038cdf82122-scaled.jpg?fit=1200%2C1200&ssl=1&resize=350%2C200 1x, https:\/\/i0.wp.com\/puuhamari.fi\/wp-content\/uploads\/2022\/05\/3ef49a3a88373b5107b69f35aafb4b3c9078432f4ca88cf0fd1cf038cdf82122-scaled.jpg?fit=1200%2C1200&ssl=1&resize=525%2C300 1.5x, https:\/\/i0.wp.com\/puuhamari.fi\/wp-content\/uploads\/2022\/05\/3ef49a3a88373b5107b69f35aafb4b3c9078432f4ca88cf0fd1cf038cdf82122-scaled.jpg?fit=1200%2C1200&ssl=1&resize=700%2C400 2x, https:\/\/i0.wp.com\/puuhamari.fi\/wp-content\/uploads\/2022\/05\/3ef49a3a88373b5107b69f35aafb4b3c9078432f4ca88cf0fd1cf038cdf82122-scaled.jpg?fit=1200%2C1200&ssl=1&resize=1050%2C600 3x"},"classes":[]},{"id":8585,"url":"https:\/\/puuhamari.fi\/?product=deer-head-verkkosapluuna","url_meta":{"origin":7170,"position":5},"title":"Deer Head &#8211; verkkosapluuna","author":"PuuhaMari","date":"15 elokuun, 2024","format":false,"excerpt":"Poro, peura vai kauris? Sin\u00e4 p\u00e4\u00e4t\u00e4t, sill\u00e4 nuo kolme el\u00e4inlajia ovat kesken\u00e4\u00e4n niiiin l\u00e4hisukulaisia, ett\u00e4 niit\u00e4 ei maallikko v\u00e4ltt\u00e4m\u00e4tt\u00e4 edes osaa erottaa toisistaan... K\u00e4yt\u00e4nn\u00f6ss\u00e4 se tarkoittaa sit\u00e4, ett\u00e4 t\u00e4m\u00e4 monitoimisapluuna on k\u00e4ytett\u00e4viss\u00e4si l\u00e4pi vuoden: joulun juhlinnassa se k\u00e4y t\u00e4ydellisesti porosta (jolle voit vaikka maalata - tai liimata oikean, kolmiulotteisen -\u2026","rel":"","context":"With 1 comment","block_context":{"text":"With 1 comment","link":"https:\/\/puuhamari.fi\/?product=deer-head-verkkosapluuna#comments"},"img":{"alt_text":"","src":"https:\/\/i0.wp.com\/puuhamari.fi\/wp-content\/uploads\/2024\/08\/Deer-Head-1.png?fit=861%2C864&ssl=1&resize=350%2C200","width":350,"height":200,"srcset":"https:\/\/i0.wp.com\/puuhamari.fi\/wp-content\/uploads\/2024\/08\/Deer-Head-1.png?fit=861%2C864&ssl=1&resize=350%2C200 1x, https:\/\/i0.wp.com\/puuhamari.fi\/wp-content\/uploads\/2024\/08\/Deer-Head-1.png?fit=861%2C864&ssl=1&resize=525%2C300 1.5x, https:\/\/i0.wp.com\/puuhamari.fi\/wp-content\/uploads\/2024\/08\/Deer-Head-1.png?fit=861%2C864&ssl=1&resize=700%2C400 2x"},"classes":[]}],"_links":{"self":[{"href":"https:\/\/puuhamari.fi\/index.php?rest_route=\/wp\/v2\/product\/7170","targetHints":{"allow":["GET"]}}],"collection":[{"href":"https:\/\/puuhamari.fi\/index.php?rest_route=\/wp\/v2\/product"}],"about":[{"href":"https:\/\/puuhamari.fi\/index.php?rest_route=\/wp\/v2\/types\/product"}],"replies":[{"embeddable":true,"href":"https:\/\/puuhamari.fi\/index.php?rest_route=%2Fwp%2Fv2%2Fcomments&post=7170"}],"version-history":[{"count":3,"href":"https:\/\/puuhamari.fi\/index.php?rest_route=\/wp\/v2\/product\/7170\/revisions"}],"predecessor-version":[{"id":8619,"href":"https:\/\/puuhamari.fi\/index.php?rest_route=\/wp\/v2\/product\/7170\/revisions\/8619"}],"wp:featuredmedia":[{"embeddable":true,"href":"https:\/\/puuhamari.fi\/index.php?rest_route=\/wp\/v2\/media\/7171"}],"wp:attachment":[{"href":"https:\/\/puuhamari.fi\/index.php?rest_route=%2Fwp%2Fv2%2Fmedia&parent=7170"}],"wp:term":[{"taxonomy":"product_brand","embeddable":true,"href":"https:\/\/puuhamari.fi\/index.php?rest_route=%2Fwp%2Fv2%2Fproduct_brand&post=7170"},{"taxonomy":"product_cat","embeddable":true,"href":"https:\/\/puuhamari.fi\/index.php?rest_route=%2Fwp%2Fv2%2Fproduct_cat&post=7170"},{"taxonomy":"product_tag","embeddable":true,"href":"https:\/\/puuhamari.fi\/index.php?rest_route=%2Fwp%2Fv2%2Fproduct_tag&post=7170"}],"curies":[{"name":"wp","href":"https:\/\/api.w.org\/{rel}","templated":true}]}}