{"id":7409,"date":"2023-10-07T14:45:32","date_gmt":"2023-10-07T14:45:32","guid":{"rendered":"https:\/\/puuhamari.fi\/?post_type=product&#038;p=7409"},"modified":"2026-02-25T18:53:58","modified_gmt":"2026-02-25T16:53:58","slug":"siirtokuva-vintage-wallpaper-ii","status":"publish","type":"product","link":"https:\/\/puuhamari.fi\/?product=siirtokuva-vintage-wallpaper-ii","title":{"rendered":"Siirtokuva Vintage Wallpaper II"},"content":{"rendered":"<div class=\"entry-content-asset videofit\">\n<div class=\"jetpack-video-wrapper\"><iframe title=\"Did You Know You Can Add Transfers to Candles?\" width=\"720\" height=\"405\" src=\"https:\/\/www.youtube.com\/embed\/tSqDn5yPyDQ?feature=oembed\" frameborder=\"0\" allow=\"accelerometer; autoplay; clipboard-write; encrypted-media; gyroscope; picture-in-picture; web-share\" referrerpolicy=\"strict-origin-when-cross-origin\" allowfullscreen><\/iframe><\/div>\n<\/div>\n","protected":false},"excerpt":{"rendered":"<p>Tilaa n\u00e4it\u00e4 AINAKIN SATA kes\u00e4n &#8220;Mustan pitsin y\u00f6n&#8221; koristeisiin Rauman pitsiviikoille! <span class=\"x1xsqp64 xiy17q3 x1o6pynw x19co3pv xdj266r xcwd3tp xat24cr x39eecv x2b8uid\" data-testid=\"emoji\"><span class=\"xexx8yu xn5pp95 x18d9i69 x2fxd7x x1yqt14a x1bhl96m\">\ud83d\ude01<\/span><\/span><span class=\"x1xsqp64 xiy17q3 x1o6pynw x19co3pv xdj266r xcwd3tp xat24cr x39eecv x2b8uid\" data-testid=\"emoji\"><span class=\"xexx8yu xn5pp95 x18d9i69 x2fxd7x x1yqt14a x1bhl96m\">\ud83d\ude01<\/span><\/span><span class=\"x1xsqp64 xiy17q3 x1o6pynw x19co3pv xdj266r xcwd3tp xat24cr x39eecv x2b8uid\" data-testid=\"emoji\"><span class=\"xexx8yu xn5pp95 x18d9i69 x2fxd7x x1yqt14a x1bhl96m\">\ud83d\ude01<br \/>\n<\/span><\/span><\/p>\n<p>Tai sitten otat vain muutaman nyt heti huonekalujen &amp; sisustuselementtien kaunistamiseksi &#8211; my\u00f6s makuuhuoneessa&#8230;<br \/>\nHuomaa, ett\u00e4 kunkin kuvion PITUUS ON VAIN 27,5 CM joten jos huonekalusi laatikko\/ ovi\/ tai muu mitta on 30-55 cm tarvitset kaksi pakettia! Kuvioita voit yhdistell\u00e4 ja erotella mielesi mukaan; saat esim. leikattua korkeimpia niist\u00e4 saksilla vaikka kolmeksi ERI kuvioksi. N\u00e4in pystyt s\u00e4\u00e4telem\u00e4\u00e4n koristelusi lopullista korkeutta<\/p>\n<p>Pakkaus sis\u00e4lt\u00e4\u00e4 kolme erilaisin kuvin varustettua kalvoa. Kaikki 3 kalvoa ovat n\u00e4kyv\u00e4t oheisessa tuotekuvassa. P<span style=\"font-family: var(--global-body-font-family);\">ienen k\u00e4sityksen korkeuksista saat kun kerron, ett\u00e4 ensimm\u00e4isess\u00e4 tuotekuvassa \u00e4\u00e4rimm\u00e4isen\u00e4 vasemmalla olevan kuvion korkeus on 3,5 cm. Heti sen vieress\u00e4 samalla kalvolla olevan kokonaisuuden korkeus alaosan &#8220;ny\u00f6rihelmasta&#8221; yl\u00e4osan rusetteihin on n. 10 cm.<\/span><\/p>\n","protected":false},"author":1,"featured_media":7401,"comment_status":"open","ping_status":"closed","template":"","meta":{"advgb_blocks_editor_width":"","advgb_blocks_columns_visual_guide":"","advanced_seo_description":"","jetpack_seo_html_title":"","jetpack_seo_noindex":false,"_kad_post_transparent":"default","_kad_post_title":"","_kad_post_layout":"default","_kad_post_sidebar_id":"","_kad_post_content_style":"default","_kad_post_vertical_padding":"default","_kad_post_feature":"","_kad_post_feature_position":"","_kad_post_header":false,"_kad_post_footer":false,"_kad_post_classname":"","jetpack_post_was_ever_published":true},"product_brand":[],"product_cat":[244],"product_tag":[855,607,241,157,247,854,245,246,718],"class_list":{"0":"post-7409","1":"product","2":"type-product","3":"status-publish","4":"has-post-thumbnail","6":"product_cat-siirtokuvat","7":"product_tag-musta-pitsi","8":"product_tag-mustavalkoinen","9":"product_tag-pitsi","10":"product_tag-pitsikuvio","11":"product_tag-prima","12":"product_tag-shabby-chic","13":"product_tag-siirtokuva","14":"product_tag-transfer","15":"product_tag-vintage","17":"first","18":"instock","19":"taxable","20":"shipping-taxable","21":"purchasable","22":"product-type-simple","23":"entry","24":"content-bg","25":"loop-entry"},"featured_img":"https:\/\/puuhamari.fi\/wp-content\/uploads\/2023\/10\/Vintage-Wallpaper-II-1-b.png","coauthors":[],"author_meta":{"author_link":"https:\/\/puuhamari.fi\/?author=1","display_name":"PuuhaMari"},"relative_dates":{"created":"Julkaistu 3 vuotta sitten","modified":"P\u00e4ivitetty 2 kuukautta sitten"},"absolute_dates":{"created":"Julkaistu 7 lokakuun, 2023","modified":"P\u00e4ivitetty 25 helmikuun, 2026"},"absolute_dates_time":{"created":"Julkaistu 7 lokakuun, 2023 2:45 pm","modified":"P\u00e4ivitetty 25 helmikuun, 2026 6:53 pm"},"featured_img_caption":"Siirtokuva Vintage Wallpaper II","tax_additional":{"product_brand":{"linked":[],"unlinked":[],"slug":"product_brand","name":"Br\u00e4ndit"},"product_type":{"linked":["<a href=\"https:\/\/puuhamari.fi\/?taxonomy=product_type&#038;term=simple\" class=\"advgb-post-tax-term\">simple<\/a>"],"unlinked":["<span class=\"advgb-post-tax-term\">simple<\/span>"],"slug":"product_type","name":"Tuotetyyppi"},"product_visibility":{"linked":[],"unlinked":[],"slug":"product_visibility","name":"Tuotteen n\u00e4kyvyys"},"product_cat":{"linked":["<a href=\"https:\/\/puuhamari.fi\/?product_cat=siirtokuvat\" class=\"advgb-post-tax-term\">Siirtokuvat<\/a>"],"unlinked":["<span class=\"advgb-post-tax-term\">Siirtokuvat<\/span>"],"slug":"product_cat","name":"Osastot"},"product_tag":{"linked":["<a href=\"https:\/\/puuhamari.fi\/?product_tag=musta-pitsi\" class=\"advgb-post-tax-term\">Musta pitsi<\/a>","<a href=\"https:\/\/puuhamari.fi\/?product_tag=mustavalkoinen\" class=\"advgb-post-tax-term\">Mustavalkoinen<\/a>","<a href=\"https:\/\/puuhamari.fi\/?product_tag=pitsi\" class=\"advgb-post-tax-term\">Pitsi<\/a>","<a href=\"https:\/\/puuhamari.fi\/?product_tag=pitsikuvio\" class=\"advgb-post-tax-term\">Pitsikuvio<\/a>","<a href=\"https:\/\/puuhamari.fi\/?product_tag=prima\" class=\"advgb-post-tax-term\">Prima<\/a>","<a href=\"https:\/\/puuhamari.fi\/?product_tag=shabby-chic\" class=\"advgb-post-tax-term\">Shabby chic<\/a>","<a href=\"https:\/\/puuhamari.fi\/?product_tag=siirtokuva\" class=\"advgb-post-tax-term\">Siirtokuva<\/a>","<a href=\"https:\/\/puuhamari.fi\/?product_tag=transfer\" class=\"advgb-post-tax-term\">Transfer<\/a>","<a href=\"https:\/\/puuhamari.fi\/?product_tag=vintage\" class=\"advgb-post-tax-term\">Vintage<\/a>"],"unlinked":["<span class=\"advgb-post-tax-term\">Musta pitsi<\/span>","<span class=\"advgb-post-tax-term\">Mustavalkoinen<\/span>","<span class=\"advgb-post-tax-term\">Pitsi<\/span>","<span class=\"advgb-post-tax-term\">Pitsikuvio<\/span>","<span class=\"advgb-post-tax-term\">Prima<\/span>","<span class=\"advgb-post-tax-term\">Shabby chic<\/span>","<span class=\"advgb-post-tax-term\">Siirtokuva<\/span>","<span class=\"advgb-post-tax-term\">Transfer<\/span>","<span class=\"advgb-post-tax-term\">Vintage<\/span>"],"slug":"product_tag","name":"Avainsanat tuotteelle"},"product_shipping_class":{"linked":[],"unlinked":[],"slug":"product_shipping_class","name":"Tuotteen toimitusluokat"},"pos_product_visibility":{"linked":[],"unlinked":[],"slug":"pos_product_visibility","name":"POS Product visibility"},"pa_arkin-koko":{"linked":[],"unlinked":[],"slug":"pa_arkin-koko","name":"Tuote Arkin koko"},"pa_hiomatyynyn-karkeus":{"linked":[],"unlinked":[],"slug":"pa_hiomatyynyn-karkeus","name":"Tuote Hiomatyynyn karkeus"},"pa_kehys":{"linked":[],"unlinked":[],"slug":"pa_kehys","name":"Tuote Kehys"},"pa_kuvion-nro":{"linked":[],"unlinked":[],"slug":"pa_kuvion-nro","name":"Tuote Kuvion nro"},"pa_littean-pensselin-koko":{"linked":[],"unlinked":[],"slug":"pa_littean-pensselin-koko","name":"Tuote Litte\u00e4n pensselin koko"},"pa_maalivari":{"linked":[],"unlinked":[],"slug":"pa_maalivari","name":"Tuote Maaliv\u00e4ri"},"pa_palatapettien-lkm":{"linked":[],"unlinked":[],"slug":"pa_palatapettien-lkm","name":"Tuote Palatapettien lkm"},"pa_purkin-koko":{"linked":[],"unlinked":[],"slug":"pa_purkin-koko","name":"Tuote Purkin koko"},"pa_sapluunan-koko":{"linked":[],"unlinked":[],"slug":"pa_sapluunan-koko","name":"Tuote Sapluunan koko"},"pa_tabletti":{"linked":[],"unlinked":[],"slug":"pa_tabletti","name":"Tuote Tabletti"},"pa_valitse-sisalto":{"linked":[],"unlinked":[],"slug":"pa_valitse-sisalto","name":"Tuote Valitse sis\u00e4lt\u00f6"},"pa_varjostin":{"linked":[],"unlinked":[],"slug":"pa_varjostin","name":"Tuote Varjostin"}},"series_order":"","jetpack_sharing_enabled":true,"jetpack_likes_enabled":true,"jetpack-related-posts":[{"id":8550,"url":"https:\/\/puuhamari.fi\/?product=bee-and-vine-verkkosapluuna","url_meta":{"origin":7409,"position":0},"title":"Bee and Vine &#8211; verkkosapluuna","author":"PuuhaMari","date":"15 elokuun, 2024","format":false,"excerpt":"Mehil\u00e4isi\u00e4 ja k\u00f6ynn\u00f6skasveja, kyll\u00e4. Mutta siis katso nyt noita siipien suonia ja solukkoa! Tai tuntosarvia! MIST\u00c4 l\u00f6yd\u00e4t toisen mehil\u00e4iskuvioisen sapluunan, joka olisi n\u00e4in tyrmistytt\u00e4v\u00e4n yksityiskohtainen, eik\u00e4 pelkk\u00e4 \"reik\u00e4 muovissa\"??? Yhden mehil\u00e4isen siipiv\u00e4li k\u00e4rjest\u00e4 k\u00e4rkeen on 5 cm, ja korkeus 3 cm. Aaltoileva k\u00f6ynn\u00f6skuvio on leveimm\u00e4st\u00e4 kohtaa 10 cm, kapeimmasta n.\u2026","rel":"","context":"Samankaltainen artikkeli","block_context":{"text":"Samankaltainen artikkeli","link":""},"img":{"alt_text":"","src":"https:\/\/i0.wp.com\/puuhamari.fi\/wp-content\/uploads\/2024\/08\/Bee-and-Vine-1.png?fit=865%2C864&ssl=1&resize=350%2C200","width":350,"height":200,"srcset":"https:\/\/i0.wp.com\/puuhamari.fi\/wp-content\/uploads\/2024\/08\/Bee-and-Vine-1.png?fit=865%2C864&ssl=1&resize=350%2C200 1x, https:\/\/i0.wp.com\/puuhamari.fi\/wp-content\/uploads\/2024\/08\/Bee-and-Vine-1.png?fit=865%2C864&ssl=1&resize=525%2C300 1.5x, https:\/\/i0.wp.com\/puuhamari.fi\/wp-content\/uploads\/2024\/08\/Bee-and-Vine-1.png?fit=865%2C864&ssl=1&resize=700%2C400 2x"},"classes":[]},{"id":10907,"url":"https:\/\/puuhamari.fi\/?product=fusion-mineral-paint-kalustemaalauskirja","url_meta":{"origin":7409,"position":1},"title":"Fusion Mineral Paint &#8211; Kalustemaalauskirja","author":"PuuhaMari","date":"28 maaliskuun, 2026","format":false,"excerpt":"Laajin ja inspiroivin kalustemaalauskirja Fusion Mineral Paintilta. Yli 300 sivua ohjeita, tekniikoita ja DIY\u2011projekteja huonekalujen maalaukseen. Kirja toimitetaan huhtikuun aikana. Fusion Mineral Paintin perustajan Jennylyn Pringlen uunituore esikoiskirja on kattavin ja kaunein kalustemaalauskirja, jonka olet ikin\u00e4 n\u00e4hnyt! Yht\u00e4 Fusion-maalipurkkia vastaavalla hinnalla saat yli 300 sivua k\u00e4yt\u00e4nn\u00f6n ohjeita, inspiroivia ennen\u2013j\u00e4lkeen -kohteita\u2026","rel":"","context":"Samankaltainen artikkeli","block_context":{"text":"Samankaltainen artikkeli","link":""},"img":{"alt_text":"","src":"https:\/\/i0.wp.com\/puuhamari.fi\/wp-content\/uploads\/2026\/03\/ONE011771.jpg?fit=1200%2C1199&ssl=1&resize=350%2C200","width":350,"height":200,"srcset":"https:\/\/i0.wp.com\/puuhamari.fi\/wp-content\/uploads\/2026\/03\/ONE011771.jpg?fit=1200%2C1199&ssl=1&resize=350%2C200 1x, https:\/\/i0.wp.com\/puuhamari.fi\/wp-content\/uploads\/2026\/03\/ONE011771.jpg?fit=1200%2C1199&ssl=1&resize=525%2C300 1.5x, https:\/\/i0.wp.com\/puuhamari.fi\/wp-content\/uploads\/2026\/03\/ONE011771.jpg?fit=1200%2C1199&ssl=1&resize=700%2C400 2x, https:\/\/i0.wp.com\/puuhamari.fi\/wp-content\/uploads\/2026\/03\/ONE011771.jpg?fit=1200%2C1199&ssl=1&resize=1050%2C600 3x"},"classes":[]},{"id":7918,"url":"https:\/\/puuhamari.fi\/?product=a3-im-not-shy","url_meta":{"origin":7409,"position":2},"title":"A3 I&#8217;m Not Shy","author":"PuuhaMari","date":"28 maaliskuun, 2024","format":false,"excerpt":"Kun Enemm\u00e4n on Enemm\u00e4n! \ud83d\ude01 T\u00e4m\u00e4n kuosin kanssa saat todella heitt\u00e4yty\u00e4 hippihifistelyn modernimpaan, boheemiin v\u00e4ri-iloitteluun. K\u00e4yt\u00e4 koko Folk Art -tyylinen satsi yhteen kalusteeseen, tai leikkaa kuvista yksityiskohtia vaikka kuinka moneen pienemp\u00e4\u00e4n, erilliseen projektiin. PAKKAUS SIS\u00c4LT\u00c4\u00c4 3 kpl A3-KOKOISIA ARKKEJA: 1 arkki, jossa v\u00e4rikk\u00e4it\u00e4 \"laattakuvioita\"vinoasetteluna + 2 kesken\u00e4\u00e4n samanlaista arkkia, joiden\u2026","rel":"","context":"Samankaltainen artikkeli","block_context":{"text":"Samankaltainen artikkeli","link":""},"img":{"alt_text":"","src":"https:\/\/i0.wp.com\/puuhamari.fi\/wp-content\/uploads\/2024\/03\/I_m-not-Shy-1.png?fit=1080%2C1080&ssl=1&resize=350%2C200","width":350,"height":200,"srcset":"https:\/\/i0.wp.com\/puuhamari.fi\/wp-content\/uploads\/2024\/03\/I_m-not-Shy-1.png?fit=1080%2C1080&ssl=1&resize=350%2C200 1x, https:\/\/i0.wp.com\/puuhamari.fi\/wp-content\/uploads\/2024\/03\/I_m-not-Shy-1.png?fit=1080%2C1080&ssl=1&resize=525%2C300 1.5x, https:\/\/i0.wp.com\/puuhamari.fi\/wp-content\/uploads\/2024\/03\/I_m-not-Shy-1.png?fit=1080%2C1080&ssl=1&resize=700%2C400 2x, https:\/\/i0.wp.com\/puuhamari.fi\/wp-content\/uploads\/2024\/03\/I_m-not-Shy-1.png?fit=1080%2C1080&ssl=1&resize=1050%2C600 3x"},"classes":[]},{"id":7820,"url":"https:\/\/puuhamari.fi\/?product=cafe-tile-esiliisteroity-palatapetti-yksittain","url_meta":{"origin":7409,"position":3},"title":"&#8220;Cafe Tile&#8221; esiliister\u00f6ity palatapetti (yksitt\u00e4in)","author":"PuuhaMari","date":"1 maaliskuun, 2024","format":false,"excerpt":"\"Kahvilakaakeli\" tuo keski-Eurooppalaisia kaikuja keitti\u00f6kaappiesi v\u00e4litilaan (kyll\u00e4 kest\u00e4\u00e4!) tai seinille. Toimii hyvin my\u00f6s kylpyhuoneen\/wc:n seinill\u00e4. Mutta sen eritt\u00e4in kauniit, murretut v\u00e4ris\u00e4vyt\u00a0 yhdistyv\u00e4t my\u00f6s huonekaluja tuunatessa ihan huikean kauniisti esim. Fusion\u00ad\u00ad\u2122 mineraalimaalien moniin s\u00e4vyihin, kuten vihre\u00e4t Eucalyptus ja Lichen, tai tummansiniset Chestler ja Willowbank! Cafe Tile on toinen PuuhaMarilta l\u00f6ytyvist\u00e4 saksalaissyntyisen\u2026","rel":"","context":"With 1 comment","block_context":{"text":"With 1 comment","link":"https:\/\/puuhamari.fi\/?product=cafe-tile-esiliisteroity-palatapetti-yksittain#comments"},"img":{"alt_text":"","src":"https:\/\/i0.wp.com\/puuhamari.fi\/wp-content\/uploads\/2024\/03\/Cafe-Tile-Filasophie-1b.png?fit=661%2C661&ssl=1&resize=350%2C200","width":350,"height":200,"srcset":"https:\/\/i0.wp.com\/puuhamari.fi\/wp-content\/uploads\/2024\/03\/Cafe-Tile-Filasophie-1b.png?fit=661%2C661&ssl=1&resize=350%2C200 1x, https:\/\/i0.wp.com\/puuhamari.fi\/wp-content\/uploads\/2024\/03\/Cafe-Tile-Filasophie-1b.png?fit=661%2C661&ssl=1&resize=525%2C300 1.5x"},"classes":[]},{"id":4950,"url":"https:\/\/puuhamari.fi\/?product=furniture-hero-verkkosapluuna","url_meta":{"origin":7409,"position":4},"title":"Furniture Hero &#8211; verkkosapluuna","author":"PuuhaMari","date":"19 lokakuun, 2022","format":false,"excerpt":"\"Pelastan hyl\u00e4ttyj\u00e4 huonekaluja - olen sankari, en hamstraaja!\" Kaikkien kalustetuunaajien PakkoSaada -sapluuna? \ud83d\ude02 Sama teksti l\u00f6ytyy siit\u00e4 useampana eri kokona (eri kokoisia projekteja ajatellen), ja mukana on muissakin kohteissa k\u00e4ytt\u00f6kelpoisia huonekalujen kuvia! Pakkauksessa yksi 30,5 cm x 30,5 cm kokoinen sapluuna. \u00a0 \ud83d\udca1 \u00a0VINKKI: Maalin voit toki \"vanhaan tapaan\" t\u00f6p\u00f6tell\u00e4\u2026","rel":"","context":"With 1 comment","block_context":{"text":"With 1 comment","link":"https:\/\/puuhamari.fi\/?product=furniture-hero-verkkosapluuna#comments"},"img":{"alt_text":"","src":"https:\/\/i0.wp.com\/puuhamari.fi\/wp-content\/uploads\/2022\/10\/Furniture-Hero.png?fit=905%2C906&ssl=1&resize=350%2C200","width":350,"height":200,"srcset":"https:\/\/i0.wp.com\/puuhamari.fi\/wp-content\/uploads\/2022\/10\/Furniture-Hero.png?fit=905%2C906&ssl=1&resize=350%2C200 1x, https:\/\/i0.wp.com\/puuhamari.fi\/wp-content\/uploads\/2022\/10\/Furniture-Hero.png?fit=905%2C906&ssl=1&resize=525%2C300 1.5x, https:\/\/i0.wp.com\/puuhamari.fi\/wp-content\/uploads\/2022\/10\/Furniture-Hero.png?fit=905%2C906&ssl=1&resize=700%2C400 2x"},"classes":[]},{"id":7813,"url":"https:\/\/puuhamari.fi\/?product=cafe-tile-esiliisteroity-palatapetti-paketti","url_meta":{"origin":7409,"position":5},"title":"&#8220;Cafe Tile&#8221; esiliister\u00f6ity palatapetti (paketti)","author":"PuuhaMari","date":"1 maaliskuun, 2024","format":false,"excerpt":"\"Kahvilakaakeli\" tuo keski-Eurooppalaisia kaikuja keitti\u00f6kaappiesi v\u00e4litilaan (kyll\u00e4 kest\u00e4\u00e4!) tai seinille. Toimii hyvin my\u00f6s kylpyhuoneen\/wc:n seinill\u00e4. Mutta sen eritt\u00e4in kauniit, murretut v\u00e4ris\u00e4vyt\u00a0 yhdistyv\u00e4t my\u00f6s huonekaluja tuunatessa ihan huikean kauniisti esim. Fusion\u00ad\u00ad\u2122 mineraalimaalien moniin s\u00e4vyihin, kuten vihre\u00e4t Eucalyptus ja Lichen, tai tummansiniset Chestler ja Willowbank! Cafe Tile on toinen PuuhaMarilta l\u00f6ytyvist\u00e4 saksalaissyntyisen\u2026","rel":"","context":"Samankaltainen artikkeli","block_context":{"text":"Samankaltainen artikkeli","link":""},"img":{"alt_text":"","src":"https:\/\/i0.wp.com\/puuhamari.fi\/wp-content\/uploads\/2024\/03\/Cafe-Tile-Filasophie-2b.png?fit=791%2C791&ssl=1&resize=350%2C200","width":350,"height":200,"srcset":"https:\/\/i0.wp.com\/puuhamari.fi\/wp-content\/uploads\/2024\/03\/Cafe-Tile-Filasophie-2b.png?fit=791%2C791&ssl=1&resize=350%2C200 1x, https:\/\/i0.wp.com\/puuhamari.fi\/wp-content\/uploads\/2024\/03\/Cafe-Tile-Filasophie-2b.png?fit=791%2C791&ssl=1&resize=525%2C300 1.5x, https:\/\/i0.wp.com\/puuhamari.fi\/wp-content\/uploads\/2024\/03\/Cafe-Tile-Filasophie-2b.png?fit=791%2C791&ssl=1&resize=700%2C400 2x"},"classes":[]}],"_links":{"self":[{"href":"https:\/\/puuhamari.fi\/index.php?rest_route=\/wp\/v2\/product\/7409","targetHints":{"allow":["GET"]}}],"collection":[{"href":"https:\/\/puuhamari.fi\/index.php?rest_route=\/wp\/v2\/product"}],"about":[{"href":"https:\/\/puuhamari.fi\/index.php?rest_route=\/wp\/v2\/types\/product"}],"replies":[{"embeddable":true,"href":"https:\/\/puuhamari.fi\/index.php?rest_route=%2Fwp%2Fv2%2Fcomments&post=7409"}],"version-history":[{"count":2,"href":"https:\/\/puuhamari.fi\/index.php?rest_route=\/wp\/v2\/product\/7409\/revisions"}],"predecessor-version":[{"id":8328,"href":"https:\/\/puuhamari.fi\/index.php?rest_route=\/wp\/v2\/product\/7409\/revisions\/8328"}],"wp:featuredmedia":[{"embeddable":true,"href":"https:\/\/puuhamari.fi\/index.php?rest_route=\/wp\/v2\/media\/7401"}],"wp:attachment":[{"href":"https:\/\/puuhamari.fi\/index.php?rest_route=%2Fwp%2Fv2%2Fmedia&parent=7409"}],"wp:term":[{"taxonomy":"product_brand","embeddable":true,"href":"https:\/\/puuhamari.fi\/index.php?rest_route=%2Fwp%2Fv2%2Fproduct_brand&post=7409"},{"taxonomy":"product_cat","embeddable":true,"href":"https:\/\/puuhamari.fi\/index.php?rest_route=%2Fwp%2Fv2%2Fproduct_cat&post=7409"},{"taxonomy":"product_tag","embeddable":true,"href":"https:\/\/puuhamari.fi\/index.php?rest_route=%2Fwp%2Fv2%2Fproduct_tag&post=7409"}],"curies":[{"name":"wp","href":"https:\/\/api.w.org\/{rel}","templated":true}]}}