{"id":7730,"date":"2024-02-19T17:39:14","date_gmt":"2024-02-19T17:39:14","guid":{"rendered":"https:\/\/puuhamari.fi\/?post_type=product&#038;p=7730"},"modified":"2026-01-07T18:37:59","modified_gmt":"2026-01-07T16:37:59","slug":"koristekaiverrus-leaf","status":"publish","type":"product","link":"https:\/\/puuhamari.fi\/?product=koristekaiverrus-leaf","title":{"rendered":"Koristekuvio Leaf"},"content":{"rendered":"<p>Lue lis\u00e4\u00e4 muotoiltavista FlexyWood puuleikkauksista PuuhaMarin blogista <a href=\"https:\/\/puuhamari.fi\/?p=7732\">t\u00e4\u00e4lt\u00e4.<\/a><\/p>\n","protected":false},"excerpt":{"rendered":"<p>Isohkon koristekuvion materiaali on puupuristetta, joka huoneenl\u00e4mm\u00f6ss\u00e4 k\u00e4ytt\u00e4ytyy kuten tavalliset puukoristeet, mutta l\u00e4mmitettyn\u00e4 taipuu ja muotoutuu mm. py\u00f6reisiin ja kulmikkaisiin kalusteiden kohtiin. Kiinnitet\u00e4\u00e4n tavallisella puuliimalla.<\/p>\n<p>Pakkauksessa 1 koriste, jonka pituus on 15,5 cm ja leveys n. 10 cm.<\/p>\n<p>L\u00c4MMIT\u00c4, LIIMAA, MAALAA;<br \/>\nniin yksinkertainen on FlexyWood.<\/p>\n","protected":false},"author":1,"featured_media":7731,"comment_status":"open","ping_status":"closed","template":"","meta":{"advgb_blocks_editor_width":"","advgb_blocks_columns_visual_guide":"","advanced_seo_description":"","jetpack_seo_html_title":"","jetpack_seo_noindex":false,"_kad_post_transparent":"default","_kad_post_title":"","_kad_post_layout":"default","_kad_post_sidebar_id":"","_kad_post_content_style":"default","_kad_post_vertical_padding":"default","_kad_post_feature":"","_kad_post_feature_position":"","_kad_post_header":false,"_kad_post_footer":false,"_kad_post_classname":"","jetpack_post_was_ever_published":false},"product_brand":[],"product_cat":[890],"product_tag":[891,894,898,915,846,897,893,895,896,892],"class_list":{"0":"post-7730","1":"product","2":"type-product","3":"status-publish","4":"has-post-thumbnail","6":"product_cat-flexywood","7":"product_tag-flexywood","8":"product_tag-koriste","9":"product_tag-lammitettava","10":"product_tag-leaf","11":"product_tag-lehti","12":"product_tag-muotoiltava","13":"product_tag-puukoriste","14":"product_tag-puupuriste","15":"product_tag-taivutettava","16":"product_tag-woodubend","18":"first","19":"instock","20":"sale","21":"taxable","22":"shipping-taxable","23":"purchasable","24":"product-type-simple","25":"entry","26":"content-bg","27":"loop-entry"},"featured_img":"https:\/\/puuhamari.fi\/wp-content\/uploads\/2024\/02\/FlexyWood-Leaf.jpg","coauthors":[],"author_meta":{"author_link":"https:\/\/puuhamari.fi\/?author=1","display_name":"PuuhaMari"},"relative_dates":{"created":"Julkaistu 2 vuotta sitten","modified":"P\u00e4ivitetty 3 kuukautta sitten"},"absolute_dates":{"created":"Julkaistu 19 helmikuun, 2024","modified":"P\u00e4ivitetty 7 tammikuun, 2026"},"absolute_dates_time":{"created":"Julkaistu 19 helmikuun, 2024 5:39 pm","modified":"P\u00e4ivitetty 7 tammikuun, 2026 6:37 pm"},"featured_img_caption":"","tax_additional":{"product_brand":{"linked":[],"unlinked":[],"slug":"product_brand","name":"Br\u00e4ndit"},"product_type":{"linked":["<a href=\"https:\/\/puuhamari.fi\/?taxonomy=product_type&#038;term=simple\" class=\"advgb-post-tax-term\">simple<\/a>"],"unlinked":["<span class=\"advgb-post-tax-term\">simple<\/span>"],"slug":"product_type","name":"Tuotetyyppi"},"product_visibility":{"linked":[],"unlinked":[],"slug":"product_visibility","name":"Tuotteen n\u00e4kyvyys"},"product_cat":{"linked":["<a href=\"https:\/\/puuhamari.fi\/?product_cat=flexywood\" class=\"advgb-post-tax-term\">FlexyWood<\/a>"],"unlinked":["<span class=\"advgb-post-tax-term\">FlexyWood<\/span>"],"slug":"product_cat","name":"Osastot"},"product_tag":{"linked":["<a href=\"https:\/\/puuhamari.fi\/?product_tag=flexywood\" class=\"advgb-post-tax-term\">FlexyWood<\/a>","<a href=\"https:\/\/puuhamari.fi\/?product_tag=koriste\" class=\"advgb-post-tax-term\">koriste<\/a>","<a href=\"https:\/\/puuhamari.fi\/?product_tag=lammitettava\" class=\"advgb-post-tax-term\">l\u00e4mmitett\u00e4v\u00e4<\/a>","<a href=\"https:\/\/puuhamari.fi\/?product_tag=leaf\" class=\"advgb-post-tax-term\">Leaf<\/a>","<a href=\"https:\/\/puuhamari.fi\/?product_tag=lehti\" class=\"advgb-post-tax-term\">Lehti<\/a>","<a href=\"https:\/\/puuhamari.fi\/?product_tag=muotoiltava\" class=\"advgb-post-tax-term\">muotoiltava<\/a>","<a href=\"https:\/\/puuhamari.fi\/?product_tag=puukoriste\" class=\"advgb-post-tax-term\">puukoriste<\/a>","<a href=\"https:\/\/puuhamari.fi\/?product_tag=puupuriste\" class=\"advgb-post-tax-term\">puupuriste<\/a>","<a href=\"https:\/\/puuhamari.fi\/?product_tag=taivutettava\" class=\"advgb-post-tax-term\">taivutettava<\/a>","<a href=\"https:\/\/puuhamari.fi\/?product_tag=woodubend\" class=\"advgb-post-tax-term\">WoodUBend<\/a>"],"unlinked":["<span class=\"advgb-post-tax-term\">FlexyWood<\/span>","<span class=\"advgb-post-tax-term\">koriste<\/span>","<span class=\"advgb-post-tax-term\">l\u00e4mmitett\u00e4v\u00e4<\/span>","<span class=\"advgb-post-tax-term\">Leaf<\/span>","<span class=\"advgb-post-tax-term\">Lehti<\/span>","<span class=\"advgb-post-tax-term\">muotoiltava<\/span>","<span class=\"advgb-post-tax-term\">puukoriste<\/span>","<span class=\"advgb-post-tax-term\">puupuriste<\/span>","<span class=\"advgb-post-tax-term\">taivutettava<\/span>","<span class=\"advgb-post-tax-term\">WoodUBend<\/span>"],"slug":"product_tag","name":"Avainsanat tuotteelle"},"product_shipping_class":{"linked":[],"unlinked":[],"slug":"product_shipping_class","name":"Tuotteen toimitusluokat"},"pos_product_visibility":{"linked":[],"unlinked":[],"slug":"pos_product_visibility","name":"POS Product visibility"},"pa_arkin-koko":{"linked":[],"unlinked":[],"slug":"pa_arkin-koko","name":"Tuote Arkin koko"},"pa_hiomatyynyn-karkeus":{"linked":[],"unlinked":[],"slug":"pa_hiomatyynyn-karkeus","name":"Tuote Hiomatyynyn karkeus"},"pa_kehys":{"linked":[],"unlinked":[],"slug":"pa_kehys","name":"Tuote Kehys"},"pa_kuvion-nro":{"linked":[],"unlinked":[],"slug":"pa_kuvion-nro","name":"Tuote Kuvion nro"},"pa_littean-pensselin-koko":{"linked":[],"unlinked":[],"slug":"pa_littean-pensselin-koko","name":"Tuote Litte\u00e4n pensselin koko"},"pa_maalivari":{"linked":[],"unlinked":[],"slug":"pa_maalivari","name":"Tuote Maaliv\u00e4ri"},"pa_palatapettien-lkm":{"linked":[],"unlinked":[],"slug":"pa_palatapettien-lkm","name":"Tuote Palatapettien lkm"},"pa_purkin-koko":{"linked":[],"unlinked":[],"slug":"pa_purkin-koko","name":"Tuote Purkin koko"},"pa_sapluunan-koko":{"linked":[],"unlinked":[],"slug":"pa_sapluunan-koko","name":"Tuote Sapluunan koko"},"pa_tabletti":{"linked":[],"unlinked":[],"slug":"pa_tabletti","name":"Tuote Tabletti"},"pa_valitse-sisalto":{"linked":[],"unlinked":[],"slug":"pa_valitse-sisalto","name":"Tuote Valitse sis\u00e4lt\u00f6"},"pa_varjostin":{"linked":[],"unlinked":[],"slug":"pa_varjostin","name":"Tuote Varjostin"}},"series_order":"","jetpack_sharing_enabled":true,"jetpack_likes_enabled":true,"jetpack-related-posts":[{"id":8185,"url":"https:\/\/puuhamari.fi\/?product=koristekuvio-shyness","url_meta":{"origin":7730,"position":0},"title":"Koristekuvio Shyness","author":"PuuhaMari","date":"17 hein\u00e4kuun, 2024","format":false,"excerpt":"Puupuristetta, joka huoneenl\u00e4mm\u00f6ss\u00e4 k\u00e4ytt\u00e4ytyy kuten tavalliset puukoristeet, mutta l\u00e4mmitettyn\u00e4 taipuu ja muotoutuu mm. py\u00f6reisiin ja kulmikkaisiin kalusteiden kohtiin. Kiinnitet\u00e4\u00e4n tavallisella puuliimalla. Pakkauksessa 2 koristetta, joiden leveydet ovat 20,2 cm ja korkeudet 6,5 cm. L\u00c4MMIT\u00c4, LIIMAA, MAALAA; niin yksinkertainen on FlexyWood.","rel":"","context":"Samankaltainen artikkeli","block_context":{"text":"Samankaltainen artikkeli","link":""},"img":{"alt_text":"","src":"https:\/\/i0.wp.com\/puuhamari.fi\/wp-content\/uploads\/2024\/07\/SHYNESS-pair-510x510-1.jpg?fit=510%2C510&ssl=1&resize=350%2C200","width":350,"height":200},"classes":[]},{"id":8184,"url":"https:\/\/puuhamari.fi\/?product=koristekuvio-heart-key","url_meta":{"origin":7730,"position":1},"title":"Koristekuvio Heart Key","author":"PuuhaMari","date":"17 hein\u00e4kuun, 2024","format":false,"excerpt":"Puupuristetta, joka huoneenl\u00e4mm\u00f6ss\u00e4 k\u00e4ytt\u00e4ytyy kuten tavalliset puukoristeet, mutta l\u00e4mmitettyn\u00e4 taipuu ja muotoutuu mm. py\u00f6reisiin ja kulmikkaisiin kalusteiden kohtiin. Kiinnitet\u00e4\u00e4n tavallisella puuliimalla. Pakkauksessa 1 koriste, jonka leveys on 2,8 cm ja korkeus 4,4 cm. L\u00c4MMIT\u00c4, LIIMAA, MAALAA; niin yksinkertainen on FlexyWood.","rel":"","context":"Samankaltainen artikkeli","block_context":{"text":"Samankaltainen artikkeli","link":""},"img":{"alt_text":"","src":"https:\/\/i0.wp.com\/puuhamari.fi\/wp-content\/uploads\/2024\/07\/HEART-KEY-510x510-1.jpg?fit=510%2C510&ssl=1&resize=350%2C200","width":350,"height":200},"classes":[]},{"id":8182,"url":"https:\/\/puuhamari.fi\/?product=koristekuvio-clarissa","url_meta":{"origin":7730,"position":2},"title":"Koristekuvio Clarissa","author":"PuuhaMari","date":"17 hein\u00e4kuun, 2024","format":false,"excerpt":"Puupuristetta, joka huoneenl\u00e4mm\u00f6ss\u00e4 k\u00e4ytt\u00e4ytyy kuten tavalliset puukoristeet, mutta l\u00e4mmitettyn\u00e4 taipuu ja muotoutuu mm. py\u00f6reisiin ja kulmikkaisiin kalusteiden kohtiin. Kiinnitet\u00e4\u00e4n tavallisella puuliimalla. Pakkauksessa 1 koriste, jonka leveys on 18 cm ja korkeus 8 cm. L\u00c4MMIT\u00c4, LIIMAA, MAALAA; niin yksinkertainen on FlexyWood.","rel":"","context":"With 2 comments","block_context":{"text":"With 2 comments","link":"https:\/\/puuhamari.fi\/?product=koristekuvio-clarissa#comments"},"img":{"alt_text":"","src":"https:\/\/i0.wp.com\/puuhamari.fi\/wp-content\/uploads\/2024\/07\/CLARISSA-1.jpg?fit=500%2C500&ssl=1&resize=350%2C200","width":350,"height":200},"classes":[]},{"id":8183,"url":"https:\/\/puuhamari.fi\/?product=koristekuvio-elegant-bow","url_meta":{"origin":7730,"position":3},"title":"Koristekuvio Elegant Bow","author":"PuuhaMari","date":"17 hein\u00e4kuun, 2024","format":false,"excerpt":"Puupuristetta, joka huoneenl\u00e4mm\u00f6ss\u00e4 k\u00e4ytt\u00e4ytyy kuten tavalliset puukoristeet, mutta l\u00e4mmitettyn\u00e4 taipuu ja muotoutuu mm. py\u00f6reisiin ja kulmikkaisiin kalusteiden kohtiin. Kiinnitet\u00e4\u00e4n tavallisella puuliimalla. Pakkauksessa 1 koriste, jonka leveys on 7,7 cm ja korkeus 12,5 cm. L\u00c4MMIT\u00c4, LIIMAA, MAALAA; niin yksinkertainen on FlexyWood.","rel":"","context":"Samankaltainen artikkeli","block_context":{"text":"Samankaltainen artikkeli","link":""},"img":{"alt_text":"","src":"https:\/\/i0.wp.com\/puuhamari.fi\/wp-content\/uploads\/2024\/07\/ELEGANT-BOW.jpg?fit=500%2C500&ssl=1&resize=350%2C200","width":350,"height":200},"classes":[]},{"id":8186,"url":"https:\/\/puuhamari.fi\/?product=koristekuvio-iride","url_meta":{"origin":7730,"position":4},"title":"Koristekuvio Iride","author":"PuuhaMari","date":"17 hein\u00e4kuun, 2024","format":false,"excerpt":"Puupuristetta, joka huoneenl\u00e4mm\u00f6ss\u00e4 k\u00e4ytt\u00e4ytyy kuten tavalliset puukoristeet, mutta l\u00e4mmitettyn\u00e4 taipuu ja muotoutuu mm. py\u00f6reisiin ja kulmikkaisiin kalusteiden kohtiin. Kiinnitet\u00e4\u00e4n tavallisella puuliimalla. Jokaisessa pakkauksessa on 2 koristetta, joiden leveydet ovat 19,7 cm ja korkeudet 9,7 cm. HUOM! Alla n\u00e4kyv\u00e4 varastom\u00e4\u00e4r\u00e4 on PAKKAUSTEN lukum\u00e4\u00e4r\u00e4. L\u00c4MMIT\u00c4, LIIMAA, MAALAA; niin yksinkertainen on FlexyWood.","rel":"","context":"Samankaltainen artikkeli","block_context":{"text":"Samankaltainen artikkeli","link":""},"img":{"alt_text":"","src":"https:\/\/i0.wp.com\/puuhamari.fi\/wp-content\/uploads\/2024\/07\/PAIR-OF-IRIDE.jpg?fit=500%2C500&ssl=1&resize=350%2C200","width":350,"height":200},"classes":[]},{"id":3160,"url":"https:\/\/puuhamari.fi\/?product=zibra-pyorea-pensseli","url_meta":{"origin":7730,"position":5},"title":"Zibra &#8211; py\u00f6re\u00e4 pensseli","author":"PuuhaMari","date":"4 huhtikuun, 2022","format":false,"excerpt":"K\u00e4ytt\u00f6kohteita: pinnatuolit\/-s\u00e4ngyt kaarevat ja py\u00f6re\u00e4t maalattavat koristekuviot Testien tuloksena kehitetty pensselimuoto, joka vie maalin juuri oikeisiin kohtiin maalatessasi mit\u00e4 tahansa py\u00f6re\u00e4\u00e4 tai sylinterin muotoista kohdetta. Mainio apulainen my\u00f6s maalattaessa erilaisten koristekuvioiden yksityiskohtia. T\u00e4m\u00e4 pehme\u00e4 pensseli levittyy kauniisti kohteen ymp\u00e4rille, ja j\u00e4tt\u00e4\u00e4 hienostuneen viimeistellyn j\u00e4ljen. Leveys 1\" (n. 2,5 cm).","rel":"","context":"With 2 comments","block_context":{"text":"With 2 comments","link":"https:\/\/puuhamari.fi\/?product=zibra-pyorea-pensseli#comments"},"img":{"alt_text":"","src":"https:\/\/i0.wp.com\/puuhamari.fi\/wp-content\/uploads\/2022\/04\/ROUND-Pyoreat-pinnat-yksityiskohdat-Spindles-Detail-Curved-surfaces.jpg?fit=1000%2C1000&ssl=1&resize=350%2C200","width":350,"height":200,"srcset":"https:\/\/i0.wp.com\/puuhamari.fi\/wp-content\/uploads\/2022\/04\/ROUND-Pyoreat-pinnat-yksityiskohdat-Spindles-Detail-Curved-surfaces.jpg?fit=1000%2C1000&ssl=1&resize=350%2C200 1x, https:\/\/i0.wp.com\/puuhamari.fi\/wp-content\/uploads\/2022\/04\/ROUND-Pyoreat-pinnat-yksityiskohdat-Spindles-Detail-Curved-surfaces.jpg?fit=1000%2C1000&ssl=1&resize=525%2C300 1.5x, https:\/\/i0.wp.com\/puuhamari.fi\/wp-content\/uploads\/2022\/04\/ROUND-Pyoreat-pinnat-yksityiskohdat-Spindles-Detail-Curved-surfaces.jpg?fit=1000%2C1000&ssl=1&resize=700%2C400 2x"},"classes":[]}],"_links":{"self":[{"href":"https:\/\/puuhamari.fi\/index.php?rest_route=\/wp\/v2\/product\/7730","targetHints":{"allow":["GET"]}}],"collection":[{"href":"https:\/\/puuhamari.fi\/index.php?rest_route=\/wp\/v2\/product"}],"about":[{"href":"https:\/\/puuhamari.fi\/index.php?rest_route=\/wp\/v2\/types\/product"}],"replies":[{"embeddable":true,"href":"https:\/\/puuhamari.fi\/index.php?rest_route=%2Fwp%2Fv2%2Fcomments&post=7730"}],"version-history":[{"count":4,"href":"https:\/\/puuhamari.fi\/index.php?rest_route=\/wp\/v2\/product\/7730\/revisions"}],"predecessor-version":[{"id":8382,"href":"https:\/\/puuhamari.fi\/index.php?rest_route=\/wp\/v2\/product\/7730\/revisions\/8382"}],"wp:featuredmedia":[{"embeddable":true,"href":"https:\/\/puuhamari.fi\/index.php?rest_route=\/wp\/v2\/media\/7731"}],"wp:attachment":[{"href":"https:\/\/puuhamari.fi\/index.php?rest_route=%2Fwp%2Fv2%2Fmedia&parent=7730"}],"wp:term":[{"taxonomy":"product_brand","embeddable":true,"href":"https:\/\/puuhamari.fi\/index.php?rest_route=%2Fwp%2Fv2%2Fproduct_brand&post=7730"},{"taxonomy":"product_cat","embeddable":true,"href":"https:\/\/puuhamari.fi\/index.php?rest_route=%2Fwp%2Fv2%2Fproduct_cat&post=7730"},{"taxonomy":"product_tag","embeddable":true,"href":"https:\/\/puuhamari.fi\/index.php?rest_route=%2Fwp%2Fv2%2Fproduct_tag&post=7730"}],"curies":[{"name":"wp","href":"https:\/\/api.w.org\/{rel}","templated":true}]}}