{"id":7765,"date":"2024-02-21T17:55:05","date_gmt":"2024-02-21T17:55:05","guid":{"rendered":"https:\/\/puuhamari.fi\/?post_type=product&#038;p=7765"},"modified":"2025-09-05T04:27:48","modified_gmt":"2025-09-05T01:27:48","slug":"lintukoto-karavaanari-uusi","status":"publish","type":"product","link":"https:\/\/puuhamari.fi\/?product=lintukoto-karavaanari-uusi","title":{"rendered":"Lintukoto Karavaanari &#8211; uusi"},"content":{"rendered":"","protected":false},"excerpt":{"rendered":"<p>Iiiik, miten ihana! N\u00e4m\u00e4 py\u00f6re\u00e4npulskeat asuntovaunut saavat jatkuvasti aikaan ihastuneita huudahduksia, ja sek\u00e4 pienet ett\u00e4 isot k\u00e4det haluavat poikkeuksetta hiukan hipaista niiden pintaa&#8230; Koristelu- ja ihasteluk\u00e4ytt\u00f6\u00f6n sopivia vaunuja PuuhaMari ei kuitenkaan suosittele k\u00e4ytt\u00e4m\u00e4\u00e4n oikeasti linnunp\u00f6ntt\u00f6in\u00e4!<\/p>\n","protected":false},"author":1,"featured_media":7763,"comment_status":"open","ping_status":"closed","template":"","meta":{"advgb_blocks_editor_width":"","advgb_blocks_columns_visual_guide":"","advanced_seo_description":"","jetpack_seo_html_title":"","jetpack_seo_noindex":false,"_kad_post_transparent":"default","_kad_post_title":"","_kad_post_layout":"default","_kad_post_sidebar_id":"","_kad_post_content_style":"default","_kad_post_vertical_padding":"default","_kad_post_feature":"","_kad_post_feature_position":"","_kad_post_header":false,"_kad_post_footer":false,"_kad_post_classname":"","jetpack_post_was_ever_published":false},"product_brand":[],"product_cat":[579],"product_tag":[921,920,894,916,303,922,919,918,917],"class_list":{"0":"post-7765","1":"product","2":"type-product","3":"status-publish","4":"has-post-thumbnail","6":"product_cat-tuunattavaa","7":"product_tag-asuntovaunu","8":"product_tag-karavaanari","9":"product_tag-koriste","10":"product_tag-linnunpontto","11":"product_tag-lintu","12":"product_tag-lintukoto","13":"product_tag-piha","14":"product_tag-puutarha","15":"product_tag-sisustus","17":"first","18":"instock","19":"taxable","20":"shipping-taxable","21":"purchasable","22":"product-type-simple","23":"entry","24":"content-bg","25":"loop-entry"},"featured_img":"https:\/\/puuhamari.fi\/wp-content\/uploads\/2024\/02\/Bird-House-Camper.png","coauthors":[],"author_meta":{"author_link":"https:\/\/puuhamari.fi\/?author=1","display_name":"PuuhaMari"},"relative_dates":{"created":"Julkaistu 2 vuotta sitten","modified":"P\u00e4ivitetty 7 kuukautta sitten"},"absolute_dates":{"created":"Julkaistu 21 helmikuun, 2024","modified":"P\u00e4ivitetty 5 syyskuun, 2025"},"absolute_dates_time":{"created":"Julkaistu 21 helmikuun, 2024 5:55 pm","modified":"P\u00e4ivitetty 5 syyskuun, 2025 4:27 am"},"featured_img_caption":"Tuunattava Lintukoto Karavaanari","tax_additional":{"product_brand":{"linked":[],"unlinked":[],"slug":"product_brand","name":"Br\u00e4ndit"},"product_type":{"linked":["<a href=\"https:\/\/puuhamari.fi\/?taxonomy=product_type&#038;term=simple\" class=\"advgb-post-tax-term\">simple<\/a>"],"unlinked":["<span class=\"advgb-post-tax-term\">simple<\/span>"],"slug":"product_type","name":"Tuotetyyppi"},"product_visibility":{"linked":[],"unlinked":[],"slug":"product_visibility","name":"Tuotteen n\u00e4kyvyys"},"product_cat":{"linked":["<a href=\"https:\/\/puuhamari.fi\/?product_cat=tuunattavaa\" class=\"advgb-post-tax-term\">Tuunattavaa<\/a>"],"unlinked":["<span class=\"advgb-post-tax-term\">Tuunattavaa<\/span>"],"slug":"product_cat","name":"Osastot"},"product_tag":{"linked":["<a href=\"https:\/\/puuhamari.fi\/?product_tag=asuntovaunu\" class=\"advgb-post-tax-term\">asuntovaunu<\/a>","<a href=\"https:\/\/puuhamari.fi\/?product_tag=karavaanari\" class=\"advgb-post-tax-term\">karavaanari<\/a>","<a href=\"https:\/\/puuhamari.fi\/?product_tag=koriste\" class=\"advgb-post-tax-term\">koriste<\/a>","<a href=\"https:\/\/puuhamari.fi\/?product_tag=linnunpontto\" class=\"advgb-post-tax-term\">Linnunp\u00f6ntt\u00f6<\/a>","<a href=\"https:\/\/puuhamari.fi\/?product_tag=lintu\" class=\"advgb-post-tax-term\">Lintu<\/a>","<a href=\"https:\/\/puuhamari.fi\/?product_tag=lintukoto\" class=\"advgb-post-tax-term\">lintukoto<\/a>","<a href=\"https:\/\/puuhamari.fi\/?product_tag=piha\" class=\"advgb-post-tax-term\">piha<\/a>","<a href=\"https:\/\/puuhamari.fi\/?product_tag=puutarha\" class=\"advgb-post-tax-term\">puutarha<\/a>","<a href=\"https:\/\/puuhamari.fi\/?product_tag=sisustus\" class=\"advgb-post-tax-term\">sisustus<\/a>"],"unlinked":["<span class=\"advgb-post-tax-term\">asuntovaunu<\/span>","<span class=\"advgb-post-tax-term\">karavaanari<\/span>","<span class=\"advgb-post-tax-term\">koriste<\/span>","<span class=\"advgb-post-tax-term\">Linnunp\u00f6ntt\u00f6<\/span>","<span class=\"advgb-post-tax-term\">Lintu<\/span>","<span class=\"advgb-post-tax-term\">lintukoto<\/span>","<span class=\"advgb-post-tax-term\">piha<\/span>","<span class=\"advgb-post-tax-term\">puutarha<\/span>","<span class=\"advgb-post-tax-term\">sisustus<\/span>"],"slug":"product_tag","name":"Avainsanat tuotteelle"},"product_shipping_class":{"linked":[],"unlinked":[],"slug":"product_shipping_class","name":"Tuotteen toimitusluokat"},"pos_product_visibility":{"linked":[],"unlinked":[],"slug":"pos_product_visibility","name":"POS Product visibility"},"pa_arkin-koko":{"linked":[],"unlinked":[],"slug":"pa_arkin-koko","name":"Tuote Arkin koko"},"pa_hiomatyynyn-karkeus":{"linked":[],"unlinked":[],"slug":"pa_hiomatyynyn-karkeus","name":"Tuote Hiomatyynyn karkeus"},"pa_kehys":{"linked":[],"unlinked":[],"slug":"pa_kehys","name":"Tuote Kehys"},"pa_kuvion-nro":{"linked":[],"unlinked":[],"slug":"pa_kuvion-nro","name":"Tuote Kuvion nro"},"pa_littean-pensselin-koko":{"linked":[],"unlinked":[],"slug":"pa_littean-pensselin-koko","name":"Tuote Litte\u00e4n pensselin koko"},"pa_palatapettien-lkm":{"linked":[],"unlinked":[],"slug":"pa_palatapettien-lkm","name":"Tuote Palatapettien lkm"},"pa_purkin-koko":{"linked":[],"unlinked":[],"slug":"pa_purkin-koko","name":"Tuote Purkin koko"},"pa_sapluunan-koko":{"linked":[],"unlinked":[],"slug":"pa_sapluunan-koko","name":"Tuote Sapluunan koko"},"pa_tabletti":{"linked":[],"unlinked":[],"slug":"pa_tabletti","name":"Tuote Tabletti"},"pa_valitse-sisalto":{"linked":[],"unlinked":[],"slug":"pa_valitse-sisalto","name":"Tuote Valitse sis\u00e4lt\u00f6"},"pa_varjostin":{"linked":[],"unlinked":[],"slug":"pa_varjostin","name":"Tuote Varjostin"}},"series_order":"","jetpack_sharing_enabled":true,"jetpack_likes_enabled":true,"jetpack-related-posts":[],"_links":{"self":[{"href":"https:\/\/puuhamari.fi\/index.php?rest_route=\/wp\/v2\/product\/7765","targetHints":{"allow":["GET"]}}],"collection":[{"href":"https:\/\/puuhamari.fi\/index.php?rest_route=\/wp\/v2\/product"}],"about":[{"href":"https:\/\/puuhamari.fi\/index.php?rest_route=\/wp\/v2\/types\/product"}],"replies":[{"embeddable":true,"href":"https:\/\/puuhamari.fi\/index.php?rest_route=%2Fwp%2Fv2%2Fcomments&post=7765"}],"version-history":[{"count":3,"href":"https:\/\/puuhamari.fi\/index.php?rest_route=\/wp\/v2\/product\/7765\/revisions"}],"predecessor-version":[{"id":8442,"href":"https:\/\/puuhamari.fi\/index.php?rest_route=\/wp\/v2\/product\/7765\/revisions\/8442"}],"wp:featuredmedia":[{"embeddable":true,"href":"https:\/\/puuhamari.fi\/index.php?rest_route=\/wp\/v2\/media\/7763"}],"wp:attachment":[{"href":"https:\/\/puuhamari.fi\/index.php?rest_route=%2Fwp%2Fv2%2Fmedia&parent=7765"}],"wp:term":[{"taxonomy":"product_brand","embeddable":true,"href":"https:\/\/puuhamari.fi\/index.php?rest_route=%2Fwp%2Fv2%2Fproduct_brand&post=7765"},{"taxonomy":"product_cat","embeddable":true,"href":"https:\/\/puuhamari.fi\/index.php?rest_route=%2Fwp%2Fv2%2Fproduct_cat&post=7765"},{"taxonomy":"product_tag","embeddable":true,"href":"https:\/\/puuhamari.fi\/index.php?rest_route=%2Fwp%2Fv2%2Fproduct_tag&post=7765"}],"curies":[{"name":"wp","href":"https:\/\/api.w.org\/{rel}","templated":true}]}}