{"id":7767,"date":"2024-02-21T17:49:44","date_gmt":"2024-02-21T17:49:44","guid":{"rendered":"https:\/\/puuhamari.fi\/?post_type=product&#038;p=7767"},"modified":"2025-09-05T04:27:51","modified_gmt":"2025-09-05T01:27:51","slug":"laatikosto-uusi","status":"publish","type":"product","link":"https:\/\/puuhamari.fi\/?product=laatikosto-uusi","title":{"rendered":"Laatikosto &#8211; uusi"},"content":{"rendered":"","protected":false},"excerpt":{"rendered":"<p>Harjoittele kalustetuunausta t\u00e4ll\u00e4 laatikostolla: maalaa ja koristele se juuri sen henkiseksi, kuin toivoisit koko kotisi olevan. Aseta se sitten n\u00e4kyv\u00e4lle paikalle p\u00f6yd\u00e4n tai lipaston p\u00e4\u00e4lle (miss\u00e4 n\u00e4et sen joka p\u00e4iv\u00e4), ja ala v\u00e4hitellen tuunata muuta kotia yhteensopivaksi sen kanssa \u2013 kaluste kalusteelta omista kyvyist\u00e4si varmempana ja tyytyv\u00e4isemp\u00e4n\u00e4\u2026 T\u00e4st\u00e4 on hyv\u00e4 aloittaa!<\/p>\n","protected":false},"author":1,"featured_media":7764,"comment_status":"open","ping_status":"closed","template":"","meta":{"advgb_blocks_editor_width":"","advgb_blocks_columns_visual_guide":"","advanced_seo_description":"","jetpack_seo_html_title":"","jetpack_seo_noindex":false,"_kad_post_transparent":"default","_kad_post_title":"","_kad_post_layout":"default","_kad_post_sidebar_id":"","_kad_post_content_style":"default","_kad_post_vertical_padding":"default","_kad_post_feature":"","_kad_post_feature_position":"","_kad_post_header":false,"_kad_post_footer":false,"_kad_post_classname":"","jetpack_post_was_ever_published":false},"product_brand":[],"product_cat":[579],"product_tag":[894,923,924,926,925,917],"class_list":{"0":"post-7767","1":"product","2":"type-product","3":"status-publish","4":"has-post-thumbnail","6":"product_cat-tuunattavaa","7":"product_tag-koriste","8":"product_tag-laatikosto","9":"product_tag-lipasto","10":"product_tag-pikkutavaroille","11":"product_tag-sailytys","12":"product_tag-sisustus","14":"first","15":"instock","16":"sale","17":"taxable","18":"shipping-taxable","19":"purchasable","20":"product-type-simple","21":"entry","22":"content-bg","23":"loop-entry"},"featured_img":"https:\/\/puuhamari.fi\/wp-content\/uploads\/2024\/02\/Laatikosto-Chest-of-Drawers.png","coauthors":[],"author_meta":{"author_link":"https:\/\/puuhamari.fi\/?author=1","display_name":"PuuhaMari"},"relative_dates":{"created":"Julkaistu 2 vuotta sitten","modified":"P\u00e4ivitetty 8 kuukautta sitten"},"absolute_dates":{"created":"Julkaistu 21 helmikuun, 2024","modified":"P\u00e4ivitetty 5 syyskuun, 2025"},"absolute_dates_time":{"created":"Julkaistu 21 helmikuun, 2024 5:49 pm","modified":"P\u00e4ivitetty 5 syyskuun, 2025 4:27 am"},"featured_img_caption":"Tuunattava Laatikosto","tax_additional":{"product_brand":{"linked":[],"unlinked":[],"slug":"product_brand","name":"Br\u00e4ndit"},"product_type":{"linked":["<a href=\"https:\/\/puuhamari.fi\/?taxonomy=product_type&#038;term=simple\" class=\"advgb-post-tax-term\">simple<\/a>"],"unlinked":["<span class=\"advgb-post-tax-term\">simple<\/span>"],"slug":"product_type","name":"Tuotetyyppi"},"product_visibility":{"linked":[],"unlinked":[],"slug":"product_visibility","name":"Tuotteen n\u00e4kyvyys"},"product_cat":{"linked":["<a href=\"https:\/\/puuhamari.fi\/?product_cat=tuunattavaa\" class=\"advgb-post-tax-term\">Tuunattavaa<\/a>"],"unlinked":["<span class=\"advgb-post-tax-term\">Tuunattavaa<\/span>"],"slug":"product_cat","name":"Osastot"},"product_tag":{"linked":["<a href=\"https:\/\/puuhamari.fi\/?product_tag=koriste\" class=\"advgb-post-tax-term\">koriste<\/a>","<a href=\"https:\/\/puuhamari.fi\/?product_tag=laatikosto\" class=\"advgb-post-tax-term\">laatikosto<\/a>","<a href=\"https:\/\/puuhamari.fi\/?product_tag=lipasto\" class=\"advgb-post-tax-term\">lipasto<\/a>","<a href=\"https:\/\/puuhamari.fi\/?product_tag=pikkutavaroille\" class=\"advgb-post-tax-term\">pikkutavaroille<\/a>","<a href=\"https:\/\/puuhamari.fi\/?product_tag=sailytys\" class=\"advgb-post-tax-term\">s\u00e4ilytys<\/a>","<a href=\"https:\/\/puuhamari.fi\/?product_tag=sisustus\" class=\"advgb-post-tax-term\">sisustus<\/a>"],"unlinked":["<span class=\"advgb-post-tax-term\">koriste<\/span>","<span class=\"advgb-post-tax-term\">laatikosto<\/span>","<span class=\"advgb-post-tax-term\">lipasto<\/span>","<span class=\"advgb-post-tax-term\">pikkutavaroille<\/span>","<span class=\"advgb-post-tax-term\">s\u00e4ilytys<\/span>","<span class=\"advgb-post-tax-term\">sisustus<\/span>"],"slug":"product_tag","name":"Avainsanat tuotteelle"},"product_shipping_class":{"linked":[],"unlinked":[],"slug":"product_shipping_class","name":"Tuotteen toimitusluokat"},"pos_product_visibility":{"linked":[],"unlinked":[],"slug":"pos_product_visibility","name":"POS Product visibility"},"pa_arkin-koko":{"linked":[],"unlinked":[],"slug":"pa_arkin-koko","name":"Tuote Arkin koko"},"pa_hiomatyynyn-karkeus":{"linked":[],"unlinked":[],"slug":"pa_hiomatyynyn-karkeus","name":"Tuote Hiomatyynyn karkeus"},"pa_kehys":{"linked":[],"unlinked":[],"slug":"pa_kehys","name":"Tuote Kehys"},"pa_kuvion-nro":{"linked":[],"unlinked":[],"slug":"pa_kuvion-nro","name":"Tuote Kuvion nro"},"pa_littean-pensselin-koko":{"linked":[],"unlinked":[],"slug":"pa_littean-pensselin-koko","name":"Tuote Litte\u00e4n pensselin koko"},"pa_maalivari":{"linked":[],"unlinked":[],"slug":"pa_maalivari","name":"Tuote Maaliv\u00e4ri"},"pa_palatapettien-lkm":{"linked":[],"unlinked":[],"slug":"pa_palatapettien-lkm","name":"Tuote Palatapettien lkm"},"pa_purkin-koko":{"linked":[],"unlinked":[],"slug":"pa_purkin-koko","name":"Tuote Purkin koko"},"pa_sapluunan-koko":{"linked":[],"unlinked":[],"slug":"pa_sapluunan-koko","name":"Tuote Sapluunan koko"},"pa_tabletti":{"linked":[],"unlinked":[],"slug":"pa_tabletti","name":"Tuote Tabletti"},"pa_valitse-sisalto":{"linked":[],"unlinked":[],"slug":"pa_valitse-sisalto","name":"Tuote Valitse sis\u00e4lt\u00f6"},"pa_varjostin":{"linked":[],"unlinked":[],"slug":"pa_varjostin","name":"Tuote Varjostin"}},"series_order":"","jetpack_sharing_enabled":true,"jetpack_likes_enabled":true,"jetpack-related-posts":[{"id":6791,"url":"https:\/\/puuhamari.fi\/?product=os-vintage-numerot","url_meta":{"origin":7767,"position":0},"title":"OS &#8211; Vintage Numerot","author":"PuuhaMari","date":"16 elokuun, 2023","format":false,"excerpt":"Vintage-numeroita voit laittaa kukkaruukkuun, koristetyynyyn, huonekaluun, vaatekoukkuun, laatikostoon - tai vaikka tehd\u00e4 oman kalenterin! Huomaathan, ett\u00e4 kunkin numeron ymp\u00e4rille voi vaihtaa mink\u00e4 tahansa sapluunassa olevan \"kehyksen.\" Jokaisen yksitt\u00e4isen vintage-numeron koko on n. 3 cm x 2 cm. Itse sapluunamuovi on kooltaan 30 cm x 30 cm. PuuhaMarin j\u00e4lleenmyymien vintage-tyylisten sapluunoiden\u2026","rel":"","context":"Samankaltainen artikkeli","block_context":{"text":"Samankaltainen artikkeli","link":""},"img":{"alt_text":"","src":"https:\/\/i0.wp.com\/puuhamari.fi\/wp-content\/uploads\/2023\/08\/Sapluuna-b.jpg?fit=641%2C640&ssl=1&resize=350%2C200","width":350,"height":200,"srcset":"https:\/\/i0.wp.com\/puuhamari.fi\/wp-content\/uploads\/2023\/08\/Sapluuna-b.jpg?fit=641%2C640&ssl=1&resize=350%2C200 1x, https:\/\/i0.wp.com\/puuhamari.fi\/wp-content\/uploads\/2023\/08\/Sapluuna-b.jpg?fit=641%2C640&ssl=1&resize=525%2C300 1.5x"},"classes":[]},{"id":3420,"url":"https:\/\/puuhamari.fi\/?product=siirtokuva-blossom-flight","url_meta":{"origin":7767,"position":1},"title":"Siirtokuva Blossom Flight","author":"PuuhaMari","date":"23 toukokuun, 2022","format":false,"excerpt":"PuuhaMarin ehdottomiin suosikkeihin kuuluva herkk\u00e4, suloinen, luonnonl\u00e4heinen teema, jossa varpuset lentelev\u00e4t ja istuvat (omena?)puun oksilla. K\u00e4sittelyn helpottamiseksi t\u00e4m\u00e4 suuri kuva (n. 63,5 cm x 86 cm) on jaettu vaakasuunnassa kolmelle eri kalvolle (kooltaan n. 63,5 cm x 29 cm kokoiselle). Oheisessa tuotekuvassa n\u00e4et koko niiden muodostaman suuren kokonaisuuden. Kolme eri\u2026","rel":"","context":"With 1 comment","block_context":{"text":"With 1 comment","link":"https:\/\/puuhamari.fi\/?product=siirtokuva-blossom-flight#comments"},"img":{"alt_text":"","src":"https:\/\/i0.wp.com\/puuhamari.fi\/wp-content\/uploads\/2022\/05\/Blossom-Flight-NELIO.jpg?fit=766%2C761&ssl=1&resize=350%2C200","width":350,"height":200,"srcset":"https:\/\/i0.wp.com\/puuhamari.fi\/wp-content\/uploads\/2022\/05\/Blossom-Flight-NELIO.jpg?fit=766%2C761&ssl=1&resize=350%2C200 1x, https:\/\/i0.wp.com\/puuhamari.fi\/wp-content\/uploads\/2022\/05\/Blossom-Flight-NELIO.jpg?fit=766%2C761&ssl=1&resize=525%2C300 1.5x, https:\/\/i0.wp.com\/puuhamari.fi\/wp-content\/uploads\/2022\/05\/Blossom-Flight-NELIO.jpg?fit=766%2C761&ssl=1&resize=700%2C400 2x"},"classes":[]},{"id":8832,"url":"https:\/\/puuhamari.fi\/?product=a3-kansas","url_meta":{"origin":7767,"position":2},"title":"A3 Kansas","author":"PuuhaMari","date":"5 syyskuun, 2024","format":false,"excerpt":"Uskomattoman intensiivinen, muttei ollenkaan uhkaava, katse eik\u00f6 vain? Leijonan oranssin- (vai sinapin-?) keltainen turkki, ja sen ruskea harja ovat saaneet m\u00e4\u00e4r\u00e4t\u00e4 t\u00e4m\u00e4n decoupagetrion p\u00e4\u00e4v\u00e4rit. Aasialaista viidakkotunnelmaa uhkuvissa kuvissa niit\u00e4 el\u00e4v\u00f6itt\u00e4v\u00e4t isot lehdet, joiden l\u00e4hes s\u00e4hk\u00f6nsininen s\u00e4vy on k\u00e4yty hakemassa v\u00e4riympyr\u00e4n vastakkaiselta puolelta, sek\u00e4 siell\u00e4 t\u00e4\u00e4ll\u00e4 pilkist\u00e4v\u00e4t siniset ja punaiset marjat.\u2026","rel":"","context":"Samankaltainen artikkeli","block_context":{"text":"Samankaltainen artikkeli","link":""},"img":{"alt_text":"","src":"https:\/\/i0.wp.com\/puuhamari.fi\/wp-content\/uploads\/2024\/09\/Kansas-1.png?fit=1080%2C1080&ssl=1&resize=350%2C200","width":350,"height":200,"srcset":"https:\/\/i0.wp.com\/puuhamari.fi\/wp-content\/uploads\/2024\/09\/Kansas-1.png?fit=1080%2C1080&ssl=1&resize=350%2C200 1x, https:\/\/i0.wp.com\/puuhamari.fi\/wp-content\/uploads\/2024\/09\/Kansas-1.png?fit=1080%2C1080&ssl=1&resize=525%2C300 1.5x, https:\/\/i0.wp.com\/puuhamari.fi\/wp-content\/uploads\/2024\/09\/Kansas-1.png?fit=1080%2C1080&ssl=1&resize=700%2C400 2x, https:\/\/i0.wp.com\/puuhamari.fi\/wp-content\/uploads\/2024\/09\/Kansas-1.png?fit=1080%2C1080&ssl=1&resize=1050%2C600 3x"},"classes":[]},{"id":5286,"url":"https:\/\/puuhamari.fi\/?product=smooth-embossing-paste-helmiainen","url_meta":{"origin":7767,"position":3},"title":"Smooth Embossing Paste &#8211; helmi\u00e4inen","author":"PuuhaMari","date":"22 maaliskuun, 2023","format":false,"excerpt":"Embossing tarkoittaa suomeksi kohokuviointia. Kalusteeseen, sisustusesineeseen ja jopa kankaalle kohokuvioita on helppo saada aikaiseksi sapluunan avulla. Ota pieni m\u00e4\u00e4r\u00e4 helmi\u00e4isenhohtavaa Embossing-tahnaa, ja levit\u00e4 se lastalla sapluunan yli tasaisin, pitk\u00e4hk\u00f6in vedoin. Kun sitten poistat sapluunan, kuvio toistuu kohteesi pinnalla yht\u00e4 paksuna kohokuviona kuin k\u00e4ytt\u00e4m\u00e4si sapluunan materiaali oli. Erikoisefektej\u00e4 saat aikaiseksi levitt\u00e4m\u00e4ll\u00e4\u2026","rel":"","context":"Samankaltainen artikkeli","block_context":{"text":"Samankaltainen artikkeli","link":""},"img":{"alt_text":"","src":"https:\/\/i0.wp.com\/puuhamari.fi\/wp-content\/uploads\/2023\/03\/IMG_20240720_231101.jpg?fit=1200%2C1200&ssl=1&resize=350%2C200","width":350,"height":200,"srcset":"https:\/\/i0.wp.com\/puuhamari.fi\/wp-content\/uploads\/2023\/03\/IMG_20240720_231101.jpg?fit=1200%2C1200&ssl=1&resize=350%2C200 1x, https:\/\/i0.wp.com\/puuhamari.fi\/wp-content\/uploads\/2023\/03\/IMG_20240720_231101.jpg?fit=1200%2C1200&ssl=1&resize=525%2C300 1.5x, https:\/\/i0.wp.com\/puuhamari.fi\/wp-content\/uploads\/2023\/03\/IMG_20240720_231101.jpg?fit=1200%2C1200&ssl=1&resize=700%2C400 2x, https:\/\/i0.wp.com\/puuhamari.fi\/wp-content\/uploads\/2023\/03\/IMG_20240720_231101.jpg?fit=1200%2C1200&ssl=1&resize=1050%2C600 3x"},"classes":[]},{"id":2726,"url":"https:\/\/puuhamari.fi\/?product=lamp-white","url_meta":{"origin":7767,"position":4},"title":"Lamp White","author":"PuuhaMari","date":"2 maaliskuun, 2022","format":false,"excerpt":"Kylmempi valkoinen, jossa vivahdus harmaata. Vuosia kest\u00e4nyt \u00f6ljylampun polttaminen muuttaa l\u00e4hell\u00e4 olevat valkoiset sein\u00e4t ja kalusteet t\u00e4llaisiksi; siit\u00e4 nimi.","rel":"","context":"Samankaltainen artikkeli","block_context":{"text":"Samankaltainen artikkeli","link":""},"img":{"alt_text":"","src":"https:\/\/i0.wp.com\/puuhamari.fi\/wp-content\/uploads\/2022\/03\/Fusion_Mineral_Paint_Lamp_White_pint-b-scaled.jpg?fit=1200%2C1200&ssl=1&resize=350%2C200","width":350,"height":200,"srcset":"https:\/\/i0.wp.com\/puuhamari.fi\/wp-content\/uploads\/2022\/03\/Fusion_Mineral_Paint_Lamp_White_pint-b-scaled.jpg?fit=1200%2C1200&ssl=1&resize=350%2C200 1x, https:\/\/i0.wp.com\/puuhamari.fi\/wp-content\/uploads\/2022\/03\/Fusion_Mineral_Paint_Lamp_White_pint-b-scaled.jpg?fit=1200%2C1200&ssl=1&resize=525%2C300 1.5x, https:\/\/i0.wp.com\/puuhamari.fi\/wp-content\/uploads\/2022\/03\/Fusion_Mineral_Paint_Lamp_White_pint-b-scaled.jpg?fit=1200%2C1200&ssl=1&resize=700%2C400 2x, https:\/\/i0.wp.com\/puuhamari.fi\/wp-content\/uploads\/2022\/03\/Fusion_Mineral_Paint_Lamp_White_pint-b-scaled.jpg?fit=1200%2C1200&ssl=1&resize=1050%2C600 3x"},"classes":[]},{"id":3232,"url":"https:\/\/puuhamari.fi\/?product=transition-siirtymamaali","url_meta":{"origin":7767,"position":5},"title":"Transition -siirtym\u00e4maali","author":"PuuhaMari","date":"18 huhtikuun, 2022","format":false,"excerpt":"Fusion\u2122 mineraalimaalien valmistuksessa kertyneest\u00e4 kierr\u00e4tetyst\u00e4 pigmenttiaineksesta valmistettu Transition auttaa sinua maalaamaan kalusteen vanhan v\u00e4rin piiloon edullisempaan hintaan. Se on tarkoitettu tilanteisiin, joissa t\u00e4ysin musta\/tumma kaluste halutaan maalata eritt\u00e4in valkoiseksi\/vaaleaksi. N\u00e4iss\u00e4 tapauksissa maalia tarvitaan yleens\u00e4 enemm\u00e4n kuin normaalit kaksi kerrosta. Kannattaakin maalata v\u00e4likerroksia Fusionin edullisemmalla vaihtoehdolla - ja samalla auttaa valmistajaa\u2026","rel":"","context":"Samankaltainen artikkeli","block_context":{"text":"Samankaltainen artikkeli","link":""},"img":{"alt_text":"","src":"https:\/\/i0.wp.com\/puuhamari.fi\/wp-content\/uploads\/2022\/04\/fusion_mineral_paint-TRANSITION-pint-b.jpg?fit=1196%2C1200&ssl=1&resize=350%2C200","width":350,"height":200,"srcset":"https:\/\/i0.wp.com\/puuhamari.fi\/wp-content\/uploads\/2022\/04\/fusion_mineral_paint-TRANSITION-pint-b.jpg?fit=1196%2C1200&ssl=1&resize=350%2C200 1x, https:\/\/i0.wp.com\/puuhamari.fi\/wp-content\/uploads\/2022\/04\/fusion_mineral_paint-TRANSITION-pint-b.jpg?fit=1196%2C1200&ssl=1&resize=525%2C300 1.5x, https:\/\/i0.wp.com\/puuhamari.fi\/wp-content\/uploads\/2022\/04\/fusion_mineral_paint-TRANSITION-pint-b.jpg?fit=1196%2C1200&ssl=1&resize=700%2C400 2x, https:\/\/i0.wp.com\/puuhamari.fi\/wp-content\/uploads\/2022\/04\/fusion_mineral_paint-TRANSITION-pint-b.jpg?fit=1196%2C1200&ssl=1&resize=1050%2C600 3x"},"classes":[]}],"_links":{"self":[{"href":"https:\/\/puuhamari.fi\/index.php?rest_route=\/wp\/v2\/product\/7767","targetHints":{"allow":["GET"]}}],"collection":[{"href":"https:\/\/puuhamari.fi\/index.php?rest_route=\/wp\/v2\/product"}],"about":[{"href":"https:\/\/puuhamari.fi\/index.php?rest_route=\/wp\/v2\/types\/product"}],"replies":[{"embeddable":true,"href":"https:\/\/puuhamari.fi\/index.php?rest_route=%2Fwp%2Fv2%2Fcomments&post=7767"}],"version-history":[{"count":2,"href":"https:\/\/puuhamari.fi\/index.php?rest_route=\/wp\/v2\/product\/7767\/revisions"}],"predecessor-version":[{"id":8500,"href":"https:\/\/puuhamari.fi\/index.php?rest_route=\/wp\/v2\/product\/7767\/revisions\/8500"}],"wp:featuredmedia":[{"embeddable":true,"href":"https:\/\/puuhamari.fi\/index.php?rest_route=\/wp\/v2\/media\/7764"}],"wp:attachment":[{"href":"https:\/\/puuhamari.fi\/index.php?rest_route=%2Fwp%2Fv2%2Fmedia&parent=7767"}],"wp:term":[{"taxonomy":"product_brand","embeddable":true,"href":"https:\/\/puuhamari.fi\/index.php?rest_route=%2Fwp%2Fv2%2Fproduct_brand&post=7767"},{"taxonomy":"product_cat","embeddable":true,"href":"https:\/\/puuhamari.fi\/index.php?rest_route=%2Fwp%2Fv2%2Fproduct_cat&post=7767"},{"taxonomy":"product_tag","embeddable":true,"href":"https:\/\/puuhamari.fi\/index.php?rest_route=%2Fwp%2Fv2%2Fproduct_tag&post=7767"}],"curies":[{"name":"wp","href":"https:\/\/api.w.org\/{rel}","templated":true}]}}