{"id":7820,"date":"2024-03-01T18:01:13","date_gmt":"2024-03-01T18:01:13","guid":{"rendered":"https:\/\/puuhamari.fi\/?post_type=product&#038;p=7820"},"modified":"2025-10-17T15:33:09","modified_gmt":"2025-10-17T12:33:09","slug":"cafe-tile-esiliisteroity-palatapetti-yksittain","status":"publish","type":"product","link":"https:\/\/puuhamari.fi\/?product=cafe-tile-esiliisteroity-palatapetti-yksittain","title":{"rendered":"&#8220;Cafe Tile&#8221; esiliister\u00f6ity palatapetti (yksitt\u00e4in)"},"content":{"rendered":"<p>Vastuullisen, uusiutuvan energiank\u00e4yt\u00f6n Green-e\u00ae\u00a0 -sertifikaatin mukaisesti tuulivoimalla valmistettua paperia. Kasvihuoneilmi\u00f6n v\u00e4hent\u00e4miseksi valmistettu hiilidioksidineutraalisti (&#8220;The Climate Action Reserve&#8221; -ymp\u00e4rist\u00f6ohjelma). Ei sis\u00e4ll\u00e4 klooria. Valmistuksessa noudatettu kansainv\u00e4list\u00e4 ISO 14001:2004 -ymp\u00e4rist\u00f6vaikutus- ja johtamissertifikaattiin oikeuttavia menetelmi\u00e4.<\/p>\n","protected":false},"excerpt":{"rendered":"<p>&#8220;Kahvilakaakeli&#8221; tuo keski-Eurooppalaisia kaikuja keitti\u00f6kaappiesi v\u00e4litilaan (kyll\u00e4 kest\u00e4\u00e4!) tai seinille. Toimii hyvin my\u00f6s kylpyhuoneen\/wc:n seinill\u00e4.<\/p>\n<p>Mutta sen <em>eritt\u00e4in kauniit, murretut v\u00e4ris\u00e4vyt<\/em>\u00a0 yhdistyv\u00e4t my\u00f6s huonekaluja tuunatessa ihan huikean kauniisti esim. Fusion\u00ad\u00ad\u2122 mineraalimaalien moniin s\u00e4vyihin, kuten vihre\u00e4t <a href=\"https:\/\/puuhamari.fi\/?product=eucalyptus\">Eucalyptus<\/a> ja <a href=\"https:\/\/puuhamari.fi\/?product=lichen\">Lichen<\/a>, tai tummansiniset <a href=\"https:\/\/puuhamari.fi\/?product=chestler\">Chestler<\/a> ja Willowbank! Cafe Tile on toinen PuuhaMarilta l\u00f6ytyvist\u00e4 saksalaissyntyisen Sophie Boutel:in kuoseista.<em> (Toinen on Millefleurs)<\/em><\/p>\n<p>Ja mik\u00e4 parasta: jos esim. asut vuokralla, voit palauttaa tapetoimasi sein\u00e4n\/oven takaisin alkuper\u00e4iseen asuunsa ihan hillitt\u00f6m\u00e4n helposti &#8211; kuorit vain palat irti ihan samaan tyyliin kuin kuorit banaanin&#8230; &#8220;Helpommaksi ei en\u00e4\u00e4 voi menn\u00e4&#8221;, sanoo PuuhaMari!<\/p>\n<p>Huomaa, ett\u00e4 t\u00e4st\u00e4 kohtaa tilaamalla saat YHDEN tapettipalan, jonka leveys on 33 cm ja korkeus 48,5 cm. Verkkokaupan palatapettiosastolta l\u00f6yd\u00e4t Cafe Tile:sta <a href=\"https:\/\/puuhamari.fi\/?product=cafe-tile-esiliisteroity-palatapetti-paketti\">PAKETIN<\/a>\u00a0joka sis\u00e4lt\u00e4\u00e4 kahdeksan (8) tapettipalaa.<\/p>\n<p><span class=\"s1\">Katso palatapetti<\/span>en suomenkielinen asennusohje Putiikin blogista<a href=\"https:\/\/puuhamari.fi\/?p=2119\" target=\"_blank\" rel=\"noopener\"> t\u00e4\u00e4lt\u00e4.<\/a><\/p>\n","protected":false},"author":1,"featured_media":7814,"comment_status":"open","ping_status":"closed","template":"","meta":{"advgb_blocks_editor_width":"","advgb_blocks_columns_visual_guide":"","advanced_seo_description":"","jetpack_seo_html_title":"","jetpack_seo_noindex":false,"_kad_post_transparent":"default","_kad_post_title":"","_kad_post_layout":"default","_kad_post_sidebar_id":"","_kad_post_content_style":"default","_kad_post_vertical_padding":"default","_kad_post_feature":"","_kad_post_feature_position":"","_kad_post_header":false,"_kad_post_footer":false,"_kad_post_classname":"","jetpack_post_was_ever_published":false},"product_brand":[],"product_cat":[224],"product_tag":[934,218,755,931,930,933,932,217,613,216],"class_list":{"0":"post-7820","1":"product","2":"type-product","3":"status-publish","4":"has-post-thumbnail","6":"product_cat-palatapetit","7":"product_tag-cafe","8":"product_tag-esiliisteroity","9":"product_tag-kaakeli","10":"product_tag-kaakelikuvio","11":"product_tag-kaakelointi","12":"product_tag-kahvila","13":"product_tag-kahvilatapetti","14":"product_tag-palatapetti","15":"product_tag-tapet","16":"product_tag-tapetti","18":"first","19":"instock","20":"taxable","21":"shipping-taxable","22":"purchasable","23":"product-type-simple","24":"entry","25":"content-bg","26":"loop-entry"},"featured_img":"https:\/\/puuhamari.fi\/wp-content\/uploads\/2024\/03\/Cafe-Tile-Filasophie-1b.png","coauthors":[],"author_meta":{"author_link":"https:\/\/puuhamari.fi\/?author=1","display_name":"PuuhaMari"},"relative_dates":{"created":"Julkaistu 2 vuotta sitten","modified":"P\u00e4ivitetty 6 kuukautta sitten"},"absolute_dates":{"created":"Julkaistu 1 maaliskuun, 2024","modified":"P\u00e4ivitetty 17 lokakuun, 2025"},"absolute_dates_time":{"created":"Julkaistu 1 maaliskuun, 2024 6:01 pm","modified":"P\u00e4ivitetty 17 lokakuun, 2025 3:33 pm"},"featured_img_caption":"","tax_additional":{"product_brand":{"linked":[],"unlinked":[],"slug":"product_brand","name":"Br\u00e4ndit"},"product_type":{"linked":["<a href=\"https:\/\/puuhamari.fi\/?taxonomy=product_type&#038;term=simple\" class=\"advgb-post-tax-term\">simple<\/a>"],"unlinked":["<span class=\"advgb-post-tax-term\">simple<\/span>"],"slug":"product_type","name":"Tuotetyyppi"},"product_visibility":{"linked":["<a href=\"https:\/\/puuhamari.fi\/?taxonomy=product_visibility&#038;term=rated-5\" class=\"advgb-post-tax-term\">rated-5<\/a>"],"unlinked":["<span class=\"advgb-post-tax-term\">rated-5<\/span>"],"slug":"product_visibility","name":"Tuotteen n\u00e4kyvyys"},"product_cat":{"linked":["<a href=\"https:\/\/puuhamari.fi\/?product_cat=palatapetit\" class=\"advgb-post-tax-term\">Palatapetit<\/a>"],"unlinked":["<span class=\"advgb-post-tax-term\">Palatapetit<\/span>"],"slug":"product_cat","name":"Osastot"},"product_tag":{"linked":["<a href=\"https:\/\/puuhamari.fi\/?product_tag=cafe\" class=\"advgb-post-tax-term\">Cafe<\/a>","<a href=\"https:\/\/puuhamari.fi\/?product_tag=esiliisteroity\" class=\"advgb-post-tax-term\">Esiliister\u00f6ity<\/a>","<a href=\"https:\/\/puuhamari.fi\/?product_tag=kaakeli\" class=\"advgb-post-tax-term\">Kaakeli<\/a>","<a href=\"https:\/\/puuhamari.fi\/?product_tag=kaakelikuvio\" class=\"advgb-post-tax-term\">Kaakelikuvio<\/a>","<a href=\"https:\/\/puuhamari.fi\/?product_tag=kaakelointi\" class=\"advgb-post-tax-term\">Kaakelointi<\/a>","<a href=\"https:\/\/puuhamari.fi\/?product_tag=kahvila\" class=\"advgb-post-tax-term\">Kahvila<\/a>","<a href=\"https:\/\/puuhamari.fi\/?product_tag=kahvilatapetti\" class=\"advgb-post-tax-term\">Kahvilatapetti<\/a>","<a href=\"https:\/\/puuhamari.fi\/?product_tag=palatapetti\" class=\"advgb-post-tax-term\">Palatapetti<\/a>","<a href=\"https:\/\/puuhamari.fi\/?product_tag=tapet\" class=\"advgb-post-tax-term\">Tapet<\/a>","<a href=\"https:\/\/puuhamari.fi\/?product_tag=tapetti\" class=\"advgb-post-tax-term\">Tapetti<\/a>"],"unlinked":["<span class=\"advgb-post-tax-term\">Cafe<\/span>","<span class=\"advgb-post-tax-term\">Esiliister\u00f6ity<\/span>","<span class=\"advgb-post-tax-term\">Kaakeli<\/span>","<span class=\"advgb-post-tax-term\">Kaakelikuvio<\/span>","<span class=\"advgb-post-tax-term\">Kaakelointi<\/span>","<span class=\"advgb-post-tax-term\">Kahvila<\/span>","<span class=\"advgb-post-tax-term\">Kahvilatapetti<\/span>","<span class=\"advgb-post-tax-term\">Palatapetti<\/span>","<span class=\"advgb-post-tax-term\">Tapet<\/span>","<span class=\"advgb-post-tax-term\">Tapetti<\/span>"],"slug":"product_tag","name":"Avainsanat tuotteelle"},"product_shipping_class":{"linked":[],"unlinked":[],"slug":"product_shipping_class","name":"Tuotteen toimitusluokat"},"pos_product_visibility":{"linked":[],"unlinked":[],"slug":"pos_product_visibility","name":"POS Product visibility"},"pa_arkin-koko":{"linked":[],"unlinked":[],"slug":"pa_arkin-koko","name":"Tuote Arkin koko"},"pa_hiomatyynyn-karkeus":{"linked":[],"unlinked":[],"slug":"pa_hiomatyynyn-karkeus","name":"Tuote Hiomatyynyn karkeus"},"pa_kehys":{"linked":[],"unlinked":[],"slug":"pa_kehys","name":"Tuote Kehys"},"pa_kuvion-nro":{"linked":[],"unlinked":[],"slug":"pa_kuvion-nro","name":"Tuote Kuvion nro"},"pa_littean-pensselin-koko":{"linked":[],"unlinked":[],"slug":"pa_littean-pensselin-koko","name":"Tuote Litte\u00e4n pensselin koko"},"pa_maalivari":{"linked":[],"unlinked":[],"slug":"pa_maalivari","name":"Tuote Maaliv\u00e4ri"},"pa_palatapettien-lkm":{"linked":[],"unlinked":[],"slug":"pa_palatapettien-lkm","name":"Tuote Palatapettien lkm"},"pa_purkin-koko":{"linked":[],"unlinked":[],"slug":"pa_purkin-koko","name":"Tuote Purkin koko"},"pa_sapluunan-koko":{"linked":[],"unlinked":[],"slug":"pa_sapluunan-koko","name":"Tuote Sapluunan koko"},"pa_tabletti":{"linked":[],"unlinked":[],"slug":"pa_tabletti","name":"Tuote Tabletti"},"pa_valitse-sisalto":{"linked":[],"unlinked":[],"slug":"pa_valitse-sisalto","name":"Tuote Valitse sis\u00e4lt\u00f6"},"pa_varjostin":{"linked":[],"unlinked":[],"slug":"pa_varjostin","name":"Tuote Varjostin"}},"series_order":"","jetpack_sharing_enabled":true,"jetpack_likes_enabled":true,"jetpack-related-posts":[{"id":7813,"url":"https:\/\/puuhamari.fi\/?product=cafe-tile-esiliisteroity-palatapetti-paketti","url_meta":{"origin":7820,"position":0},"title":"&#8220;Cafe Tile&#8221; esiliister\u00f6ity palatapetti (paketti)","author":"PuuhaMari","date":"1 maaliskuun, 2024","format":false,"excerpt":"\"Kahvilakaakeli\" tuo keski-Eurooppalaisia kaikuja keitti\u00f6kaappiesi v\u00e4litilaan (kyll\u00e4 kest\u00e4\u00e4!) tai seinille. Toimii hyvin my\u00f6s kylpyhuoneen\/wc:n seinill\u00e4. Mutta sen eritt\u00e4in kauniit, murretut v\u00e4ris\u00e4vyt\u00a0 yhdistyv\u00e4t my\u00f6s huonekaluja tuunatessa ihan huikean kauniisti esim. Fusion\u00ad\u00ad\u2122 mineraalimaalien moniin s\u00e4vyihin, kuten vihre\u00e4t Eucalyptus ja Lichen, tai tummansiniset Chestler ja Willowbank! Cafe Tile on toinen PuuhaMarilta l\u00f6ytyvist\u00e4 saksalaissyntyisen\u2026","rel":"","context":"Samankaltainen artikkeli","block_context":{"text":"Samankaltainen artikkeli","link":""},"img":{"alt_text":"","src":"https:\/\/i0.wp.com\/puuhamari.fi\/wp-content\/uploads\/2024\/03\/Cafe-Tile-Filasophie-2b.png?fit=791%2C791&ssl=1&resize=350%2C200","width":350,"height":200,"srcset":"https:\/\/i0.wp.com\/puuhamari.fi\/wp-content\/uploads\/2024\/03\/Cafe-Tile-Filasophie-2b.png?fit=791%2C791&ssl=1&resize=350%2C200 1x, https:\/\/i0.wp.com\/puuhamari.fi\/wp-content\/uploads\/2024\/03\/Cafe-Tile-Filasophie-2b.png?fit=791%2C791&ssl=1&resize=525%2C300 1.5x, https:\/\/i0.wp.com\/puuhamari.fi\/wp-content\/uploads\/2024\/03\/Cafe-Tile-Filasophie-2b.png?fit=791%2C791&ssl=1&resize=700%2C400 2x"},"classes":[]},{"id":5708,"url":"https:\/\/puuhamari.fi\/?product=dm-floral-pattern-tile","url_meta":{"origin":7820,"position":1},"title":"DM-Floral Pattern Tile","author":"PuuhaMari","date":"1 toukokuun, 2023","format":false,"excerpt":"Milt\u00e4 t\u00e4m\u00e4 n\u00e4ytt\u00e4isi m\u00f6kkinne rappusten kaiteissa? Vai toisiko se sinulle iloa avainkaapin tai ompelutarvikelaatikkosi kaunistajana? Tai jospa koristelisit t\u00e4ll\u00e4 seuraavan mustikkakakkusi!!! Kaunis retrosapluuna, jota voit k\u00e4ytt\u00e4\u00e4 miss\u00e4 tahansa tee-se-itse projekteissasi yksitt\u00e4in tai reunusnauhana. Kotona, m\u00f6kill\u00e4, ulkona tai sis\u00e4ll\u00e4. Valitse maali\/kuviointiaine k\u00e4ytt\u00f6kohteen vaatimusten mukaan. Saatavana kahdessa eri koossa: A4 ja A5.","rel":"","context":"With 1 comment","block_context":{"text":"With 1 comment","link":"https:\/\/puuhamari.fi\/?product=dm-floral-pattern-tile#comments"},"img":{"alt_text":"","src":"https:\/\/i0.wp.com\/puuhamari.fi\/wp-content\/uploads\/2023\/05\/Floral-Pattern-Tile-1-Ab.jpg?fit=713%2C712&ssl=1&resize=350%2C200","width":350,"height":200,"srcset":"https:\/\/i0.wp.com\/puuhamari.fi\/wp-content\/uploads\/2023\/05\/Floral-Pattern-Tile-1-Ab.jpg?fit=713%2C712&ssl=1&resize=350%2C200 1x, https:\/\/i0.wp.com\/puuhamari.fi\/wp-content\/uploads\/2023\/05\/Floral-Pattern-Tile-1-Ab.jpg?fit=713%2C712&ssl=1&resize=525%2C300 1.5x, https:\/\/i0.wp.com\/puuhamari.fi\/wp-content\/uploads\/2023\/05\/Floral-Pattern-Tile-1-Ab.jpg?fit=713%2C712&ssl=1&resize=700%2C400 2x"},"classes":[]},{"id":5432,"url":"https:\/\/puuhamari.fi\/?product=dark-botanical-esiliisteroity-palatapetti-paketti","url_meta":{"origin":7820,"position":2},"title":"&#8220;Dark Botanical&#8221; esiliister\u00f6ity palatapetti (paketti)","author":"PuuhaMari","date":"30 maaliskuun, 2023","format":false,"excerpt":"Ensisilm\u00e4yksest\u00e4 l\u00e4htien vaikuttavan kaunis ja runsaskukkainen design suorastaan uhkuu ylellisyytt\u00e4. Sen ajattomuus ja luonnonl\u00e4heisyys antavat kodillesi my\u00f6s taiteellista, syv\u00e4llisemp\u00e4\u00e4 henke\u00e4. Tee t\u00e4ll\u00e4 korostussein\u00e4 keitti\u00f6\u00f6si, tai toivota sill\u00e4 vieraat tervetulleiksi heti eteisess\u00e4. Ent\u00e4 yhden olohuoneesi nurkan muuttaminen t\u00e4m\u00e4n kuosin avulla omaksi turvasatamaksesi, jossa luet kirjaa tai kudot iso\u00e4idin neli\u00f6it\u00e4? Palatapetti k\u00e4y\u2026","rel":"","context":"Samankaltainen artikkeli","block_context":{"text":"Samankaltainen artikkeli","link":""},"img":{"alt_text":"","src":"https:\/\/i0.wp.com\/puuhamari.fi\/wp-content\/uploads\/2023\/03\/Kilburn-Dark-Botanical-0b.png?fit=788%2C788&ssl=1&resize=350%2C200","width":350,"height":200,"srcset":"https:\/\/i0.wp.com\/puuhamari.fi\/wp-content\/uploads\/2023\/03\/Kilburn-Dark-Botanical-0b.png?fit=788%2C788&ssl=1&resize=350%2C200 1x, https:\/\/i0.wp.com\/puuhamari.fi\/wp-content\/uploads\/2023\/03\/Kilburn-Dark-Botanical-0b.png?fit=788%2C788&ssl=1&resize=525%2C300 1.5x, https:\/\/i0.wp.com\/puuhamari.fi\/wp-content\/uploads\/2023\/03\/Kilburn-Dark-Botanical-0b.png?fit=788%2C788&ssl=1&resize=700%2C400 2x"},"classes":[]},{"id":5442,"url":"https:\/\/puuhamari.fi\/?product=dark-botanical-esiliisteroity-palatapetti-yksittain","url_meta":{"origin":7820,"position":3},"title":"&#8220;Dark Botanical&#8221; esiliister\u00f6ity palatapetti (yksitt\u00e4in)","author":"PuuhaMari","date":"30 maaliskuun, 2023","format":false,"excerpt":"Ensisilm\u00e4yksest\u00e4 l\u00e4htien vaikuttavan kaunis ja runsaskukkainen design suorastaan uhkuu ylellisyytt\u00e4. Sen ajattomuus ja luonnonl\u00e4heisyys antavat kodillesi my\u00f6s taiteellista, syv\u00e4llisemp\u00e4\u00e4 henke\u00e4. Tee t\u00e4ll\u00e4 korostussein\u00e4 keitti\u00f6\u00f6si, tai toivota sill\u00e4 vieraat tervetulleiksi heti eteisess\u00e4. Ent\u00e4 yhden olohuoneesi nurkan muuttaminen t\u00e4m\u00e4n kuosin avulla omaksi turvasatamaksesi, jossa luet kirjaa tai kudot iso\u00e4idin neli\u00f6it\u00e4? Palatapetti k\u00e4y\u2026","rel":"","context":"Samankaltainen artikkeli","block_context":{"text":"Samankaltainen artikkeli","link":""},"img":{"alt_text":"","src":"https:\/\/i0.wp.com\/puuhamari.fi\/wp-content\/uploads\/2023\/03\/Kilburn-Dark-Botanical-5b.jpg?fit=904%2C904&ssl=1&resize=350%2C200","width":350,"height":200,"srcset":"https:\/\/i0.wp.com\/puuhamari.fi\/wp-content\/uploads\/2023\/03\/Kilburn-Dark-Botanical-5b.jpg?fit=904%2C904&ssl=1&resize=350%2C200 1x, https:\/\/i0.wp.com\/puuhamari.fi\/wp-content\/uploads\/2023\/03\/Kilburn-Dark-Botanical-5b.jpg?fit=904%2C904&ssl=1&resize=525%2C300 1.5x, https:\/\/i0.wp.com\/puuhamari.fi\/wp-content\/uploads\/2023\/03\/Kilburn-Dark-Botanical-5b.jpg?fit=904%2C904&ssl=1&resize=700%2C400 2x"},"classes":[]},{"id":2118,"url":"https:\/\/puuhamari.fi\/?product=acanthus-esiliisteroity-palatapetti-paketti","url_meta":{"origin":7820,"position":4},"title":"&#8220;Acanthus&#8221; esiliister\u00f6ity palatapetti (paketti)","author":"PuuhaMari","date":"11 lokakuun, 2021","format":false,"excerpt":"Acanthuksen eli suomeksi akantin lehti\u00e4 j\u00e4ljittelev\u00e4 ornamentti on jo satojen vuosien ajan koristanut ihmiskunnan ylellisimpi\u00e4 huoneita ja rakennuksia muun muassa nk. \"korinttilaisen pylv\u00e4\u00e4n\" kapiteelissa, eli yl\u00e4osan koristekuviossa. Huomaa, ett\u00e4 t\u00e4st\u00e4 kohtaa tilaamalla saat PAKETIN joka sis\u00e4lt\u00e4\u00e4 kahdeksan (8) tapettipalaa. Kunkin palan leveys on 32 cm ja korkeus 39 cm. N\u00e4m\u00e4\u2026","rel":"","context":"Samankaltainen artikkeli","block_context":{"text":"Samankaltainen artikkeli","link":""},"img":{"alt_text":"","src":"https:\/\/i0.wp.com\/puuhamari.fi\/wp-content\/uploads\/2021\/10\/Acanthus-Beige-b.jpg?fit=982%2C962&ssl=1&resize=350%2C200","width":350,"height":200,"srcset":"https:\/\/i0.wp.com\/puuhamari.fi\/wp-content\/uploads\/2021\/10\/Acanthus-Beige-b.jpg?fit=982%2C962&ssl=1&resize=350%2C200 1x, https:\/\/i0.wp.com\/puuhamari.fi\/wp-content\/uploads\/2021\/10\/Acanthus-Beige-b.jpg?fit=982%2C962&ssl=1&resize=525%2C300 1.5x, https:\/\/i0.wp.com\/puuhamari.fi\/wp-content\/uploads\/2021\/10\/Acanthus-Beige-b.jpg?fit=982%2C962&ssl=1&resize=700%2C400 2x"},"classes":[]},{"id":3324,"url":"https:\/\/puuhamari.fi\/?product=atrium-botanical-esiliisteroity-palatapetti-paketti","url_meta":{"origin":7820,"position":5},"title":"&#8220;Atrium Botanical&#8221; esiliister\u00f6ity palatapetti (paketti)","author":"PuuhaMari","date":"9 toukokuun, 2022","format":false,"excerpt":"T\u00e4m\u00e4n vintagetapetti on syntynyt PastedPaperin ja Lontoossa sijaitsevan Victoria & Albert Museon yhteisty\u00f6n tuloksena. Alkuper\u00e4inen design on 1700-luvun johtavan suunnittelijan ja kalikokankaiden painajan, William Kilburnin (1745-1818), k\u00e4sialaa. Nyt sinun on mahdollista tehd\u00e4 t\u00e4ll\u00e4 esiliister\u00f6idyll\u00e4 palatapetilla todellisia katseenvangitsijoita kotiisi: tee korostussein\u00e4 keitti\u00f6\u00f6si, tai luo olohuoneeseen tunnelmallinen luku-\/kutomisnurkkaus. T\u00e4ydellinen my\u00f6s kaappien, ovien\u2026","rel":"","context":"With 2 comments","block_context":{"text":"With 2 comments","link":"https:\/\/puuhamari.fi\/?product=atrium-botanical-esiliisteroity-palatapetti-paketti#comments"},"img":{"alt_text":"","src":"https:\/\/i0.wp.com\/puuhamari.fi\/wp-content\/uploads\/2022\/05\/VA-Kilburn-Atrium-Botanical-0-b.jpg?fit=1164%2C1162&ssl=1&resize=350%2C200","width":350,"height":200,"srcset":"https:\/\/i0.wp.com\/puuhamari.fi\/wp-content\/uploads\/2022\/05\/VA-Kilburn-Atrium-Botanical-0-b.jpg?fit=1164%2C1162&ssl=1&resize=350%2C200 1x, https:\/\/i0.wp.com\/puuhamari.fi\/wp-content\/uploads\/2022\/05\/VA-Kilburn-Atrium-Botanical-0-b.jpg?fit=1164%2C1162&ssl=1&resize=525%2C300 1.5x, https:\/\/i0.wp.com\/puuhamari.fi\/wp-content\/uploads\/2022\/05\/VA-Kilburn-Atrium-Botanical-0-b.jpg?fit=1164%2C1162&ssl=1&resize=700%2C400 2x, https:\/\/i0.wp.com\/puuhamari.fi\/wp-content\/uploads\/2022\/05\/VA-Kilburn-Atrium-Botanical-0-b.jpg?fit=1164%2C1162&ssl=1&resize=1050%2C600 3x"},"classes":[]}],"_links":{"self":[{"href":"https:\/\/puuhamari.fi\/index.php?rest_route=\/wp\/v2\/product\/7820","targetHints":{"allow":["GET"]}}],"collection":[{"href":"https:\/\/puuhamari.fi\/index.php?rest_route=\/wp\/v2\/product"}],"about":[{"href":"https:\/\/puuhamari.fi\/index.php?rest_route=\/wp\/v2\/types\/product"}],"replies":[{"embeddable":true,"href":"https:\/\/puuhamari.fi\/index.php?rest_route=%2Fwp%2Fv2%2Fcomments&post=7820"}],"version-history":[{"count":2,"href":"https:\/\/puuhamari.fi\/index.php?rest_route=\/wp\/v2\/product\/7820\/revisions"}],"predecessor-version":[{"id":7824,"href":"https:\/\/puuhamari.fi\/index.php?rest_route=\/wp\/v2\/product\/7820\/revisions\/7824"}],"wp:featuredmedia":[{"embeddable":true,"href":"https:\/\/puuhamari.fi\/index.php?rest_route=\/wp\/v2\/media\/7814"}],"wp:attachment":[{"href":"https:\/\/puuhamari.fi\/index.php?rest_route=%2Fwp%2Fv2%2Fmedia&parent=7820"}],"wp:term":[{"taxonomy":"product_brand","embeddable":true,"href":"https:\/\/puuhamari.fi\/index.php?rest_route=%2Fwp%2Fv2%2Fproduct_brand&post=7820"},{"taxonomy":"product_cat","embeddable":true,"href":"https:\/\/puuhamari.fi\/index.php?rest_route=%2Fwp%2Fv2%2Fproduct_cat&post=7820"},{"taxonomy":"product_tag","embeddable":true,"href":"https:\/\/puuhamari.fi\/index.php?rest_route=%2Fwp%2Fv2%2Fproduct_tag&post=7820"}],"curies":[{"name":"wp","href":"https:\/\/api.w.org\/{rel}","templated":true}]}}