{"id":7845,"date":"2024-03-27T20:03:11","date_gmt":"2024-03-27T20:03:11","guid":{"rendered":"https:\/\/puuhamari.fi\/?post_type=product&#038;p=7845"},"modified":"2025-09-05T04:27:39","modified_gmt":"2025-09-05T01:27:39","slug":"a3-amoramo-3-pack","status":"publish","type":"product","link":"https:\/\/puuhamari.fi\/?product=a3-amoramo-3-pack","title":{"rendered":"A3 Amoramo"},"content":{"rendered":"<p><iframe title=\"how to decoupage furniture\" width=\"720\" height=\"405\" src=\"https:\/\/www.youtube.com\/embed\/hzTmtwoT22A?feature=oembed\" frameborder=\"0\" allow=\"accelerometer; autoplay; clipboard-write; encrypted-media; gyroscope; picture-in-picture; web-share\" referrerpolicy=\"strict-origin-when-cross-origin\" allowfullscreen><\/iframe><\/p>\n","protected":false},"excerpt":{"rendered":"<p>Italialaista renesanssia kauniilla yksityiskohdilla varustettuna.<br \/>\nPAKKAUS SIS\u00c4LT\u00c4\u00c4 3 kpl A3-KOKOISIA ARKKEJA:<br \/>\n1\u00a0 arkki, jossa iso kukkakuvio + 2 arkkia, joissa pienemm\u00e4t kukkakuviot.<br \/>\n(Kts. oheiset kuvat)<\/p>\n<p>N\u00e4m\u00e4 kuvat on painettu erikoisvalmisteiselle, kierr\u00e4tetylle paperille, jonka vahvuus on n. 53 g\/m\u00b2. Se on siis tuplasti vahvempaa kuin moni riisipaperi, ja asettuu siksi helpommin ja rypytt\u00f6m\u00e4mmin esim. kaapinoviin ja laatikoiden etulevyihin!<\/p>\n<p>Jokaisessa arkissa on lis\u00e4ksi kapeat, valkoiset reunukset, joiden tarkoitus on auttaa sinua repim\u00e4\u00e4n kuvien reuna-alueet ep\u00e4tasaisesti ennen niiden asentamista paikalleen. Siten kuvan reunojen h\u00e4ivytt\u00e4minen kalustemaalilla on helpompaa. Kiinnitt\u00e4misess\u00e4 parhaiten toimivat esim. vedell\u00e4 laimennettu <a href=\"https:\/\/puuhamari.fi\/?product=bostik-puuliima-ulos-sisalle\">puuliima<\/a>, tai Fusion:in valmistama <a href=\"https:\/\/puuhamari.fi\/?product=decoupage-transfer-gel\">Decoupage and Transfer Gel.<\/a><\/p>\n","protected":false},"author":1,"featured_media":7846,"comment_status":"open","ping_status":"closed","template":"","meta":{"advgb_blocks_editor_width":"","advgb_blocks_columns_visual_guide":"","advanced_seo_description":"","jetpack_seo_html_title":"","jetpack_seo_noindex":false,"_kad_post_transparent":"default","_kad_post_title":"","_kad_post_layout":"default","_kad_post_sidebar_id":"","_kad_post_content_style":"default","_kad_post_vertical_padding":"default","_kad_post_feature":"","_kad_post_feature_position":"","_kad_post_header":false,"_kad_post_footer":false,"_kad_post_classname":"","jetpack_post_was_ever_published":false},"product_brand":[],"product_cat":[935],"product_tag":[671,256,938,125,939,937,936,718],"class_list":{"0":"post-7845","1":"product","2":"type-product","3":"status-publish","4":"has-post-thumbnail","6":"product_cat-decoupage","7":"product_tag-a3","8":"product_tag-decoupage","9":"product_tag-italia","10":"product_tag-kukka","11":"product_tag-renesanssi","12":"product_tag-skotlantilainen","13":"product_tag-skotti","14":"product_tag-vintage","16":"first","17":"instock","18":"taxable","19":"shipping-taxable","20":"purchasable","21":"product-type-simple","22":"entry","23":"content-bg","24":"loop-entry"},"featured_img":"https:\/\/puuhamari.fi\/wp-content\/uploads\/2024\/03\/Amoramo-1.png","coauthors":[],"author_meta":{"author_link":"https:\/\/puuhamari.fi\/?author=1","display_name":"PuuhaMari"},"relative_dates":{"created":"Julkaistu 2 vuotta sitten","modified":"P\u00e4ivitetty 8 kuukautta sitten"},"absolute_dates":{"created":"Julkaistu 27 maaliskuun, 2024","modified":"P\u00e4ivitetty 5 syyskuun, 2025"},"absolute_dates_time":{"created":"Julkaistu 27 maaliskuun, 2024 8:03 pm","modified":"P\u00e4ivitetty 5 syyskuun, 2025 4:27 am"},"featured_img_caption":"","tax_additional":{"product_brand":{"linked":[],"unlinked":[],"slug":"product_brand","name":"Br\u00e4ndit"},"product_type":{"linked":["<a href=\"https:\/\/puuhamari.fi\/?taxonomy=product_type&#038;term=simple\" class=\"advgb-post-tax-term\">simple<\/a>"],"unlinked":["<span class=\"advgb-post-tax-term\">simple<\/span>"],"slug":"product_type","name":"Tuotetyyppi"},"product_visibility":{"linked":[],"unlinked":[],"slug":"product_visibility","name":"Tuotteen n\u00e4kyvyys"},"product_cat":{"linked":["<a href=\"https:\/\/puuhamari.fi\/?product_cat=decoupage\" class=\"advgb-post-tax-term\">Decoupage<\/a>"],"unlinked":["<span class=\"advgb-post-tax-term\">Decoupage<\/span>"],"slug":"product_cat","name":"Osastot"},"product_tag":{"linked":["<a href=\"https:\/\/puuhamari.fi\/?product_tag=a3\" class=\"advgb-post-tax-term\">A3<\/a>","<a href=\"https:\/\/puuhamari.fi\/?product_tag=decoupage\" class=\"advgb-post-tax-term\">Decoupage<\/a>","<a href=\"https:\/\/puuhamari.fi\/?product_tag=italia\" class=\"advgb-post-tax-term\">Italia<\/a>","<a href=\"https:\/\/puuhamari.fi\/?product_tag=kukka\" class=\"advgb-post-tax-term\">Kukka<\/a>","<a href=\"https:\/\/puuhamari.fi\/?product_tag=renesanssi\" class=\"advgb-post-tax-term\">renesanssi<\/a>","<a href=\"https:\/\/puuhamari.fi\/?product_tag=skotlantilainen\" class=\"advgb-post-tax-term\">skotlantilainen<\/a>","<a href=\"https:\/\/puuhamari.fi\/?product_tag=skotti\" class=\"advgb-post-tax-term\">skotti<\/a>","<a href=\"https:\/\/puuhamari.fi\/?product_tag=vintage\" class=\"advgb-post-tax-term\">Vintage<\/a>"],"unlinked":["<span class=\"advgb-post-tax-term\">A3<\/span>","<span class=\"advgb-post-tax-term\">Decoupage<\/span>","<span class=\"advgb-post-tax-term\">Italia<\/span>","<span class=\"advgb-post-tax-term\">Kukka<\/span>","<span class=\"advgb-post-tax-term\">renesanssi<\/span>","<span class=\"advgb-post-tax-term\">skotlantilainen<\/span>","<span class=\"advgb-post-tax-term\">skotti<\/span>","<span class=\"advgb-post-tax-term\">Vintage<\/span>"],"slug":"product_tag","name":"Avainsanat tuotteelle"},"product_shipping_class":{"linked":[],"unlinked":[],"slug":"product_shipping_class","name":"Tuotteen toimitusluokat"},"pos_product_visibility":{"linked":[],"unlinked":[],"slug":"pos_product_visibility","name":"POS Product visibility"},"pa_arkin-koko":{"linked":[],"unlinked":[],"slug":"pa_arkin-koko","name":"Tuote Arkin koko"},"pa_hiomatyynyn-karkeus":{"linked":[],"unlinked":[],"slug":"pa_hiomatyynyn-karkeus","name":"Tuote Hiomatyynyn karkeus"},"pa_kehys":{"linked":[],"unlinked":[],"slug":"pa_kehys","name":"Tuote Kehys"},"pa_kuvion-nro":{"linked":[],"unlinked":[],"slug":"pa_kuvion-nro","name":"Tuote Kuvion nro"},"pa_littean-pensselin-koko":{"linked":[],"unlinked":[],"slug":"pa_littean-pensselin-koko","name":"Tuote Litte\u00e4n pensselin koko"},"pa_maalivari":{"linked":[],"unlinked":[],"slug":"pa_maalivari","name":"Tuote Maaliv\u00e4ri"},"pa_palatapettien-lkm":{"linked":[],"unlinked":[],"slug":"pa_palatapettien-lkm","name":"Tuote Palatapettien lkm"},"pa_purkin-koko":{"linked":[],"unlinked":[],"slug":"pa_purkin-koko","name":"Tuote Purkin koko"},"pa_sapluunan-koko":{"linked":[],"unlinked":[],"slug":"pa_sapluunan-koko","name":"Tuote Sapluunan koko"},"pa_tabletti":{"linked":[],"unlinked":[],"slug":"pa_tabletti","name":"Tuote Tabletti"},"pa_valitse-sisalto":{"linked":[],"unlinked":[],"slug":"pa_valitse-sisalto","name":"Tuote Valitse sis\u00e4lt\u00f6"},"pa_varjostin":{"linked":[],"unlinked":[],"slug":"pa_varjostin","name":"Tuote Varjostin"}},"series_order":"","jetpack_sharing_enabled":true,"jetpack_likes_enabled":true,"jetpack-related-posts":[{"id":7858,"url":"https:\/\/puuhamari.fi\/?product=a3-bumble-along","url_meta":{"origin":7845,"position":0},"title":"A3 Bumble Along","author":"PuuhaMari","date":"27 maaliskuun, 2024","format":false,"excerpt":"Luonnonkauneutta ja lempe\u00e4n pehmeit\u00e4 v\u00e4ris\u00e4vyj\u00e4. PAKKAUS SIS\u00c4LT\u00c4\u00c4 3 kpl A3-KOKOISIA ARKKEJA: 1\u00a0 arkki, jossa keskell\u00e4 p\u00e4iv\u00e4nkakkaroista koostuva kranssi ja monta pient\u00e4 kimalaista + 2 arkkia, joissa keskell\u00e4 iso kimalainen. (Kts. oheiset kuvat) N\u00e4m\u00e4 kuvat on painettu erikoisvalmisteiselle, kierr\u00e4tetylle paperille, jonka vahvuus on n. 53 g\/m\u00b2. Se on siis tuplasti vahvempaa\u2026","rel":"","context":"Samankaltainen artikkeli","block_context":{"text":"Samankaltainen artikkeli","link":""},"img":{"alt_text":"","src":"https:\/\/i0.wp.com\/puuhamari.fi\/wp-content\/uploads\/2024\/03\/Bumble-Along-1.png?fit=1080%2C1080&ssl=1&resize=350%2C200","width":350,"height":200,"srcset":"https:\/\/i0.wp.com\/puuhamari.fi\/wp-content\/uploads\/2024\/03\/Bumble-Along-1.png?fit=1080%2C1080&ssl=1&resize=350%2C200 1x, https:\/\/i0.wp.com\/puuhamari.fi\/wp-content\/uploads\/2024\/03\/Bumble-Along-1.png?fit=1080%2C1080&ssl=1&resize=525%2C300 1.5x, https:\/\/i0.wp.com\/puuhamari.fi\/wp-content\/uploads\/2024\/03\/Bumble-Along-1.png?fit=1080%2C1080&ssl=1&resize=700%2C400 2x, https:\/\/i0.wp.com\/puuhamari.fi\/wp-content\/uploads\/2024\/03\/Bumble-Along-1.png?fit=1080%2C1080&ssl=1&resize=1050%2C600 3x"},"classes":[]},{"id":7876,"url":"https:\/\/puuhamari.fi\/?product=a3-decked-out-in-deco","url_meta":{"origin":7845,"position":1},"title":"A3 Decked Out in Deco","author":"PuuhaMari","date":"28 maaliskuun, 2024","format":false,"excerpt":"Vintagea, Art Decoa ja pikkuhiukkanen psykedeliaa samassa paketissa, ja huikean vetovoimaisessa v\u00e4riskaalassa. PAKKAUS SIS\u00c4LT\u00c4\u00c4 3 kpl A3-KOKOISIA ARKKEJA: 1 arkki, jossa vihreit\u00e4 retrokukkasia + 2 arkkia persikan, oranssin ja vihre\u00e4n s\u00e4vyisi\u00e4 kuvioita. Huomaa, ett\u00e4 voit k\u00e4ytt\u00e4\u00e4 esim. reunakuvioita erikseen ja leikata neli\u00f6n muotoisetkin kuviot yksitt\u00e4isiksi koristeiksi. (Kts. oheiset kuvat) N\u00e4m\u00e4\u2026","rel":"","context":"Samankaltainen artikkeli","block_context":{"text":"Samankaltainen artikkeli","link":""},"img":{"alt_text":"","src":"https:\/\/i0.wp.com\/puuhamari.fi\/wp-content\/uploads\/2024\/03\/Decked-out-in-Deco-1.jpg?fit=1080%2C1080&ssl=1&resize=350%2C200","width":350,"height":200,"srcset":"https:\/\/i0.wp.com\/puuhamari.fi\/wp-content\/uploads\/2024\/03\/Decked-out-in-Deco-1.jpg?fit=1080%2C1080&ssl=1&resize=350%2C200 1x, https:\/\/i0.wp.com\/puuhamari.fi\/wp-content\/uploads\/2024\/03\/Decked-out-in-Deco-1.jpg?fit=1080%2C1080&ssl=1&resize=525%2C300 1.5x, https:\/\/i0.wp.com\/puuhamari.fi\/wp-content\/uploads\/2024\/03\/Decked-out-in-Deco-1.jpg?fit=1080%2C1080&ssl=1&resize=700%2C400 2x, https:\/\/i0.wp.com\/puuhamari.fi\/wp-content\/uploads\/2024\/03\/Decked-out-in-Deco-1.jpg?fit=1080%2C1080&ssl=1&resize=1050%2C600 3x"},"classes":[]},{"id":7863,"url":"https:\/\/puuhamari.fi\/?product=a3-butterfly","url_meta":{"origin":7845,"position":2},"title":"A3 Butterfly","author":"PuuhaMari","date":"27 maaliskuun, 2024","format":false,"excerpt":"Upea setti, jossa kes\u00e4iset v\u00e4rit suorastaan hehkuvat. Huomaa my\u00f6s, ett\u00e4 tilkkut\u00e4kkim\u00e4iset reunat on suunniteltu haluttaessa k\u00e4ytett\u00e4v\u00e4ksi esim. hyllyjen\/kaapinrunkojen etureunoissa! (Niiss\u00e4, mihin ennen vanhaan laitettiin nastalla kiinni pitsinauhaa, you know...) PAKKAUS SIS\u00c4LT\u00c4\u00c4 3 kpl A3-KOKOISIA ARKKEJA: 1\u00a0 arkki jossa kolme eri v\u00e4rist\u00e4 ja kuvioista perhosta, 1 arkki josta p\u00e4\u00e4roolissa oleva perhonen\u2026","rel":"","context":"Samankaltainen artikkeli","block_context":{"text":"Samankaltainen artikkeli","link":""},"img":{"alt_text":"","src":"https:\/\/i0.wp.com\/puuhamari.fi\/wp-content\/uploads\/2024\/03\/Butterfly-1.png?fit=1080%2C1080&ssl=1&resize=350%2C200","width":350,"height":200,"srcset":"https:\/\/i0.wp.com\/puuhamari.fi\/wp-content\/uploads\/2024\/03\/Butterfly-1.png?fit=1080%2C1080&ssl=1&resize=350%2C200 1x, https:\/\/i0.wp.com\/puuhamari.fi\/wp-content\/uploads\/2024\/03\/Butterfly-1.png?fit=1080%2C1080&ssl=1&resize=525%2C300 1.5x, https:\/\/i0.wp.com\/puuhamari.fi\/wp-content\/uploads\/2024\/03\/Butterfly-1.png?fit=1080%2C1080&ssl=1&resize=700%2C400 2x, https:\/\/i0.wp.com\/puuhamari.fi\/wp-content\/uploads\/2024\/03\/Butterfly-1.png?fit=1080%2C1080&ssl=1&resize=1050%2C600 3x"},"classes":[]},{"id":7881,"url":"https:\/\/puuhamari.fi\/?product=a3-flower-power","url_meta":{"origin":7845,"position":3},"title":"A3 Flower Power","author":"PuuhaMari","date":"28 maaliskuun, 2024","format":false,"excerpt":"Paratiisimaisia tunnelmia. Siniharmaalla taustalla hehkuvat kukat ja hedelm\u00e4t tuovat n\u00e4ihin kuviin runsautta, jota korostavat my\u00f6s hienostuneilla linjoilla piirretyt Amor ja harjalinnut. PAKKAUS SIS\u00c4LT\u00c4\u00c4 3 kpl A3-KOKOISIA ARKKEJA: 1 arkki, jossa Amorin lis\u00e4ksi teksti \"Flower Power\" + 2 kesken\u00e4\u00e4n samanlaista arkkia, joissa hedelmi\u00e4 ja harjalintuja. (Kts. oheiset kuvat) N\u00e4m\u00e4 kuvat on\u2026","rel":"","context":"Samankaltainen artikkeli","block_context":{"text":"Samankaltainen artikkeli","link":""},"img":{"alt_text":"","src":"https:\/\/i0.wp.com\/puuhamari.fi\/wp-content\/uploads\/2024\/03\/Flower-Power-1.png?fit=1080%2C1080&ssl=1&resize=350%2C200","width":350,"height":200,"srcset":"https:\/\/i0.wp.com\/puuhamari.fi\/wp-content\/uploads\/2024\/03\/Flower-Power-1.png?fit=1080%2C1080&ssl=1&resize=350%2C200 1x, https:\/\/i0.wp.com\/puuhamari.fi\/wp-content\/uploads\/2024\/03\/Flower-Power-1.png?fit=1080%2C1080&ssl=1&resize=525%2C300 1.5x, https:\/\/i0.wp.com\/puuhamari.fi\/wp-content\/uploads\/2024\/03\/Flower-Power-1.png?fit=1080%2C1080&ssl=1&resize=700%2C400 2x, https:\/\/i0.wp.com\/puuhamari.fi\/wp-content\/uploads\/2024\/03\/Flower-Power-1.png?fit=1080%2C1080&ssl=1&resize=1050%2C600 3x"},"classes":[]},{"id":7869,"url":"https:\/\/puuhamari.fi\/?product=a3-craneium","url_meta":{"origin":7845,"position":4},"title":"A3 Craneium","author":"PuuhaMari","date":"27 maaliskuun, 2024","format":false,"excerpt":"Hienostunut v\u00e4riskaala, joka sopii ylv\u00e4ille mant\u0161uriankurjille. (Tiesitk\u00f6, ett\u00e4 ne ovat 150-160cm pitki\u00e4, ja voivat el\u00e4\u00e4 jopa 70-vuotiaiksi? \ud83d\ude2e ) Pane merkille my\u00f6s taustan ja reunojen kuviot, joita voit k\u00e4ytt\u00e4\u00e4 hyv\u00e4ksesi esim. hyllyjen\/kaapinrunkojen etureunoissa! PAKKAUS SIS\u00c4LT\u00c4\u00c4 3 kpl A3-KOKOISIA ARKKEJA: Kaikissa kolmessa arkissa on sama kauniin levollinen tausta, mutta kurjet vaihtelevat\u2026","rel":"","context":"With 2 comments","block_context":{"text":"With 2 comments","link":"https:\/\/puuhamari.fi\/?product=a3-craneium#comments"},"img":{"alt_text":"","src":"https:\/\/i0.wp.com\/puuhamari.fi\/wp-content\/uploads\/2024\/03\/Craneium-1.png?fit=1080%2C1080&ssl=1&resize=350%2C200","width":350,"height":200,"srcset":"https:\/\/i0.wp.com\/puuhamari.fi\/wp-content\/uploads\/2024\/03\/Craneium-1.png?fit=1080%2C1080&ssl=1&resize=350%2C200 1x, https:\/\/i0.wp.com\/puuhamari.fi\/wp-content\/uploads\/2024\/03\/Craneium-1.png?fit=1080%2C1080&ssl=1&resize=525%2C300 1.5x, https:\/\/i0.wp.com\/puuhamari.fi\/wp-content\/uploads\/2024\/03\/Craneium-1.png?fit=1080%2C1080&ssl=1&resize=700%2C400 2x, https:\/\/i0.wp.com\/puuhamari.fi\/wp-content\/uploads\/2024\/03\/Craneium-1.png?fit=1080%2C1080&ssl=1&resize=1050%2C600 3x"},"classes":[]},{"id":7853,"url":"https:\/\/puuhamari.fi\/?product=a3-big-moff","url_meta":{"origin":7845,"position":5},"title":"A3 Big Moff","author":"PuuhaMari","date":"27 maaliskuun, 2024","format":false,"excerpt":"Luonnonkauneutta ja lempe\u00e4n pehmeit\u00e4 v\u00e4ris\u00e4vyj\u00e4. PAKKAUS SIS\u00c4LT\u00c4\u00c4 3 kpl A3-KOKOISIA ARKKEJA: 1\u00a0 arkki, jossa isompi perhonen + 2 arkkia, joissa monta pient\u00e4 perhosta. (Kts. oheiset kuvat) N\u00e4m\u00e4 kuvat on painettu erikoisvalmisteiselle, kierr\u00e4tetylle paperille, jonka vahvuus on n. 53 g\/m\u00b2. Se on siis tuplasti vahvempaa kuin moni riisipaperi, ja asettuu siksi\u2026","rel":"","context":"Samankaltainen artikkeli","block_context":{"text":"Samankaltainen artikkeli","link":""},"img":{"alt_text":"","src":"https:\/\/i0.wp.com\/puuhamari.fi\/wp-content\/uploads\/2024\/03\/Big-Moff-1.jpg?fit=1080%2C1080&ssl=1&resize=350%2C200","width":350,"height":200,"srcset":"https:\/\/i0.wp.com\/puuhamari.fi\/wp-content\/uploads\/2024\/03\/Big-Moff-1.jpg?fit=1080%2C1080&ssl=1&resize=350%2C200 1x, https:\/\/i0.wp.com\/puuhamari.fi\/wp-content\/uploads\/2024\/03\/Big-Moff-1.jpg?fit=1080%2C1080&ssl=1&resize=525%2C300 1.5x, https:\/\/i0.wp.com\/puuhamari.fi\/wp-content\/uploads\/2024\/03\/Big-Moff-1.jpg?fit=1080%2C1080&ssl=1&resize=700%2C400 2x, https:\/\/i0.wp.com\/puuhamari.fi\/wp-content\/uploads\/2024\/03\/Big-Moff-1.jpg?fit=1080%2C1080&ssl=1&resize=1050%2C600 3x"},"classes":[]}],"_links":{"self":[{"href":"https:\/\/puuhamari.fi\/index.php?rest_route=\/wp\/v2\/product\/7845","targetHints":{"allow":["GET"]}}],"collection":[{"href":"https:\/\/puuhamari.fi\/index.php?rest_route=\/wp\/v2\/product"}],"about":[{"href":"https:\/\/puuhamari.fi\/index.php?rest_route=\/wp\/v2\/types\/product"}],"replies":[{"embeddable":true,"href":"https:\/\/puuhamari.fi\/index.php?rest_route=%2Fwp%2Fv2%2Fcomments&post=7845"}],"version-history":[{"count":4,"href":"https:\/\/puuhamari.fi\/index.php?rest_route=\/wp\/v2\/product\/7845\/revisions"}],"predecessor-version":[{"id":8117,"href":"https:\/\/puuhamari.fi\/index.php?rest_route=\/wp\/v2\/product\/7845\/revisions\/8117"}],"wp:featuredmedia":[{"embeddable":true,"href":"https:\/\/puuhamari.fi\/index.php?rest_route=\/wp\/v2\/media\/7846"}],"wp:attachment":[{"href":"https:\/\/puuhamari.fi\/index.php?rest_route=%2Fwp%2Fv2%2Fmedia&parent=7845"}],"wp:term":[{"taxonomy":"product_brand","embeddable":true,"href":"https:\/\/puuhamari.fi\/index.php?rest_route=%2Fwp%2Fv2%2Fproduct_brand&post=7845"},{"taxonomy":"product_cat","embeddable":true,"href":"https:\/\/puuhamari.fi\/index.php?rest_route=%2Fwp%2Fv2%2Fproduct_cat&post=7845"},{"taxonomy":"product_tag","embeddable":true,"href":"https:\/\/puuhamari.fi\/index.php?rest_route=%2Fwp%2Fv2%2Fproduct_tag&post=7845"}],"curies":[{"name":"wp","href":"https:\/\/api.w.org\/{rel}","templated":true}]}}