{"id":7869,"date":"2024-03-27T21:13:38","date_gmt":"2024-03-27T21:13:38","guid":{"rendered":"https:\/\/puuhamari.fi\/?post_type=product&#038;p=7869"},"modified":"2025-09-05T04:26:43","modified_gmt":"2025-09-05T01:26:43","slug":"a3-craneium","status":"publish","type":"product","link":"https:\/\/puuhamari.fi\/?product=a3-craneium","title":{"rendered":"A3 Craneium"},"content":{"rendered":"<p><iframe title=\"how to decoupage furniture\" width=\"720\" height=\"405\" src=\"https:\/\/www.youtube.com\/embed\/hzTmtwoT22A?feature=oembed\" frameborder=\"0\" allow=\"accelerometer; autoplay; clipboard-write; encrypted-media; gyroscope; picture-in-picture; web-share\" referrerpolicy=\"strict-origin-when-cross-origin\" allowfullscreen><\/iframe><\/p>\n","protected":false},"excerpt":{"rendered":"<p>Hienostunut v\u00e4riskaala, joka sopii ylv\u00e4ille mant\u0161uriankurjille. (Tiesitk\u00f6, ett\u00e4 ne ovat 150-160cm pitki\u00e4, ja voivat el\u00e4\u00e4 jopa 70-vuotiaiksi? <span class=\"x1xsqp64 xiy17q3 x1o6pynw x19co3pv xdj266r xcwd3tp xat24cr x39eecv x2b8uid\" data-testid=\"emoji\"><span class=\"xexx8yu xn5pp95 x18d9i69 x2fxd7x x1yqt14a x1bhl96m\">\ud83d\ude2e<\/span><\/span> )<br \/>\nPane merkille my\u00f6s taustan ja reunojen kuviot, joita voit k\u00e4ytt\u00e4\u00e4 hyv\u00e4ksesi esim. hyllyjen\/kaapinrunkojen etureunoissa!<\/p>\n<p>PAKKAUS SIS\u00c4LT\u00c4\u00c4 3 kpl A3-KOKOISIA ARKKEJA:<br \/>\nKaikissa kolmessa arkissa on sama kauniin levollinen tausta, mutta kurjet vaihtelevat hiukan eri kokoisina ja suuntaisina. Niill\u00e4 voit saada kalusteessasi aikaan jopa hieman sarjakuvamaisen, etenev\u00e4n efektin.<br \/>\n(Kts. oheiset kuvat)<\/p>\n<p>N\u00e4m\u00e4 kuvat on painettu erikoisvalmisteiselle, kierr\u00e4tetylle paperille, jonka vahvuus on n. 53 g\/m\u00b2. Se on siis tuplasti vahvempaa kuin moni riisipaperi, ja asettuu siksi helpommin ja rypytt\u00f6m\u00e4mmin esim. kaapinoviin ja laatikoiden etulevyihin!<\/p>\n<p>Jokaisessa arkissa on lis\u00e4ksi kapeat, valkoiset reunukset, joiden tarkoitus on auttaa sinua repim\u00e4\u00e4n kuvien reuna-alueet ep\u00e4tasaisesti ennen niiden asentamista paikalleen. Siten kuvan reunojen h\u00e4ivytt\u00e4minen kalustemaalilla on helpompaa. Kiinnitt\u00e4misess\u00e4 parhaiten toimivat esim. vedell\u00e4 laimennettu <a href=\"https:\/\/puuhamari.fi\/?product=bostik-puuliima-ulos-sisalle\">puuliima<\/a>, tai Fusion:in valmistama <a href=\"https:\/\/puuhamari.fi\/?product=decoupage-transfer-gel\">Decoupage and Transfer Gel.<\/a><\/p>\n","protected":false},"author":1,"featured_media":7870,"comment_status":"open","ping_status":"closed","template":"","meta":{"advgb_blocks_editor_width":"","advgb_blocks_columns_visual_guide":"","advanced_seo_description":"","jetpack_seo_html_title":"","jetpack_seo_noindex":false,"_kad_post_transparent":"default","_kad_post_title":"","_kad_post_layout":"default","_kad_post_sidebar_id":"","_kad_post_content_style":"default","_kad_post_vertical_padding":"default","_kad_post_feature":"","_kad_post_feature_position":"","_kad_post_header":false,"_kad_post_footer":false,"_kad_post_classname":"","jetpack_post_was_ever_published":false},"product_brand":[],"product_cat":[935],"product_tag":[671,256,950,949,125,757,951,947,948,937,936],"class_list":{"0":"post-7869","1":"product","2":"type-product","3":"status-publish","4":"has-post-thumbnail","6":"product_cat-decoupage","7":"product_tag-a3","8":"product_tag-decoupage","9":"product_tag-itamainen","10":"product_tag-japani","11":"product_tag-kukka","12":"product_tag-kukkakuvio","13":"product_tag-kurjet","14":"product_tag-kurki","15":"product_tag-matsuriankurki","16":"product_tag-skotlantilainen","17":"product_tag-skotti","19":"first","20":"instock","21":"taxable","22":"shipping-taxable","23":"purchasable","24":"product-type-simple","25":"entry","26":"content-bg","27":"loop-entry"},"featured_img":"https:\/\/puuhamari.fi\/wp-content\/uploads\/2024\/03\/Craneium-1.png","coauthors":[],"author_meta":{"author_link":"https:\/\/puuhamari.fi\/?author=1","display_name":"PuuhaMari"},"relative_dates":{"created":"Julkaistu 2 vuotta sitten","modified":"P\u00e4ivitetty 8 kuukautta sitten"},"absolute_dates":{"created":"Julkaistu 27 maaliskuun, 2024","modified":"P\u00e4ivitetty 5 syyskuun, 2025"},"absolute_dates_time":{"created":"Julkaistu 27 maaliskuun, 2024 9:13 pm","modified":"P\u00e4ivitetty 5 syyskuun, 2025 4:26 am"},"featured_img_caption":"","tax_additional":{"product_brand":{"linked":[],"unlinked":[],"slug":"product_brand","name":"Br\u00e4ndit"},"product_type":{"linked":["<a href=\"https:\/\/puuhamari.fi\/?taxonomy=product_type&#038;term=simple\" class=\"advgb-post-tax-term\">simple<\/a>"],"unlinked":["<span class=\"advgb-post-tax-term\">simple<\/span>"],"slug":"product_type","name":"Tuotetyyppi"},"product_visibility":{"linked":["<a href=\"https:\/\/puuhamari.fi\/?taxonomy=product_visibility&#038;term=rated-5\" class=\"advgb-post-tax-term\">rated-5<\/a>"],"unlinked":["<span class=\"advgb-post-tax-term\">rated-5<\/span>"],"slug":"product_visibility","name":"Tuotteen n\u00e4kyvyys"},"product_cat":{"linked":["<a href=\"https:\/\/puuhamari.fi\/?product_cat=decoupage\" class=\"advgb-post-tax-term\">Decoupage<\/a>"],"unlinked":["<span class=\"advgb-post-tax-term\">Decoupage<\/span>"],"slug":"product_cat","name":"Osastot"},"product_tag":{"linked":["<a href=\"https:\/\/puuhamari.fi\/?product_tag=a3\" class=\"advgb-post-tax-term\">A3<\/a>","<a href=\"https:\/\/puuhamari.fi\/?product_tag=decoupage\" class=\"advgb-post-tax-term\">Decoupage<\/a>","<a href=\"https:\/\/puuhamari.fi\/?product_tag=itamainen\" class=\"advgb-post-tax-term\">It\u00e4mainen<\/a>","<a href=\"https:\/\/puuhamari.fi\/?product_tag=japani\" class=\"advgb-post-tax-term\">Japani<\/a>","<a href=\"https:\/\/puuhamari.fi\/?product_tag=kukka\" class=\"advgb-post-tax-term\">Kukka<\/a>","<a href=\"https:\/\/puuhamari.fi\/?product_tag=kukkakuvio\" class=\"advgb-post-tax-term\">Kukkakuvio<\/a>","<a href=\"https:\/\/puuhamari.fi\/?product_tag=kurjet\" class=\"advgb-post-tax-term\">Kurjet<\/a>","<a href=\"https:\/\/puuhamari.fi\/?product_tag=kurki\" class=\"advgb-post-tax-term\">Kurki<\/a>","<a href=\"https:\/\/puuhamari.fi\/?product_tag=matsuriankurki\" class=\"advgb-post-tax-term\">Matsuriankurki<\/a>","<a href=\"https:\/\/puuhamari.fi\/?product_tag=skotlantilainen\" class=\"advgb-post-tax-term\">skotlantilainen<\/a>","<a href=\"https:\/\/puuhamari.fi\/?product_tag=skotti\" class=\"advgb-post-tax-term\">skotti<\/a>"],"unlinked":["<span class=\"advgb-post-tax-term\">A3<\/span>","<span class=\"advgb-post-tax-term\">Decoupage<\/span>","<span class=\"advgb-post-tax-term\">It\u00e4mainen<\/span>","<span class=\"advgb-post-tax-term\">Japani<\/span>","<span class=\"advgb-post-tax-term\">Kukka<\/span>","<span class=\"advgb-post-tax-term\">Kukkakuvio<\/span>","<span class=\"advgb-post-tax-term\">Kurjet<\/span>","<span class=\"advgb-post-tax-term\">Kurki<\/span>","<span class=\"advgb-post-tax-term\">Matsuriankurki<\/span>","<span class=\"advgb-post-tax-term\">skotlantilainen<\/span>","<span class=\"advgb-post-tax-term\">skotti<\/span>"],"slug":"product_tag","name":"Avainsanat tuotteelle"},"product_shipping_class":{"linked":[],"unlinked":[],"slug":"product_shipping_class","name":"Tuotteen toimitusluokat"},"pos_product_visibility":{"linked":[],"unlinked":[],"slug":"pos_product_visibility","name":"POS Product visibility"},"pa_arkin-koko":{"linked":[],"unlinked":[],"slug":"pa_arkin-koko","name":"Tuote Arkin koko"},"pa_hiomatyynyn-karkeus":{"linked":[],"unlinked":[],"slug":"pa_hiomatyynyn-karkeus","name":"Tuote Hiomatyynyn karkeus"},"pa_kehys":{"linked":[],"unlinked":[],"slug":"pa_kehys","name":"Tuote Kehys"},"pa_kuvion-nro":{"linked":[],"unlinked":[],"slug":"pa_kuvion-nro","name":"Tuote Kuvion nro"},"pa_littean-pensselin-koko":{"linked":[],"unlinked":[],"slug":"pa_littean-pensselin-koko","name":"Tuote Litte\u00e4n pensselin koko"},"pa_maalivari":{"linked":[],"unlinked":[],"slug":"pa_maalivari","name":"Tuote Maaliv\u00e4ri"},"pa_palatapettien-lkm":{"linked":[],"unlinked":[],"slug":"pa_palatapettien-lkm","name":"Tuote Palatapettien lkm"},"pa_purkin-koko":{"linked":[],"unlinked":[],"slug":"pa_purkin-koko","name":"Tuote Purkin koko"},"pa_sapluunan-koko":{"linked":[],"unlinked":[],"slug":"pa_sapluunan-koko","name":"Tuote Sapluunan koko"},"pa_tabletti":{"linked":[],"unlinked":[],"slug":"pa_tabletti","name":"Tuote Tabletti"},"pa_valitse-sisalto":{"linked":[],"unlinked":[],"slug":"pa_valitse-sisalto","name":"Tuote Valitse sis\u00e4lt\u00f6"},"pa_varjostin":{"linked":[],"unlinked":[],"slug":"pa_varjostin","name":"Tuote Varjostin"}},"series_order":"","jetpack_sharing_enabled":true,"jetpack_likes_enabled":true,"jetpack-related-posts":[{"id":7876,"url":"https:\/\/puuhamari.fi\/?product=a3-decked-out-in-deco","url_meta":{"origin":7869,"position":0},"title":"A3 Decked Out in Deco","author":"PuuhaMari","date":"28 maaliskuun, 2024","format":false,"excerpt":"Vintagea, Art Decoa ja pikkuhiukkanen psykedeliaa samassa paketissa, ja huikean vetovoimaisessa v\u00e4riskaalassa. PAKKAUS SIS\u00c4LT\u00c4\u00c4 3 kpl A3-KOKOISIA ARKKEJA: 1 arkki, jossa vihreit\u00e4 retrokukkasia + 2 arkkia persikan, oranssin ja vihre\u00e4n s\u00e4vyisi\u00e4 kuvioita. Huomaa, ett\u00e4 voit k\u00e4ytt\u00e4\u00e4 esim. reunakuvioita erikseen ja leikata neli\u00f6n muotoisetkin kuviot yksitt\u00e4isiksi koristeiksi. (Kts. oheiset kuvat) N\u00e4m\u00e4\u2026","rel":"","context":"Samankaltainen artikkeli","block_context":{"text":"Samankaltainen artikkeli","link":""},"img":{"alt_text":"","src":"https:\/\/i0.wp.com\/puuhamari.fi\/wp-content\/uploads\/2024\/03\/Decked-out-in-Deco-1.jpg?fit=1080%2C1080&ssl=1&resize=350%2C200","width":350,"height":200,"srcset":"https:\/\/i0.wp.com\/puuhamari.fi\/wp-content\/uploads\/2024\/03\/Decked-out-in-Deco-1.jpg?fit=1080%2C1080&ssl=1&resize=350%2C200 1x, https:\/\/i0.wp.com\/puuhamari.fi\/wp-content\/uploads\/2024\/03\/Decked-out-in-Deco-1.jpg?fit=1080%2C1080&ssl=1&resize=525%2C300 1.5x, https:\/\/i0.wp.com\/puuhamari.fi\/wp-content\/uploads\/2024\/03\/Decked-out-in-Deco-1.jpg?fit=1080%2C1080&ssl=1&resize=700%2C400 2x, https:\/\/i0.wp.com\/puuhamari.fi\/wp-content\/uploads\/2024\/03\/Decked-out-in-Deco-1.jpg?fit=1080%2C1080&ssl=1&resize=1050%2C600 3x"},"classes":[]},{"id":7845,"url":"https:\/\/puuhamari.fi\/?product=a3-amoramo-3-pack","url_meta":{"origin":7869,"position":1},"title":"A3 Amoramo","author":"PuuhaMari","date":"27 maaliskuun, 2024","format":false,"excerpt":"Italialaista renesanssia kauniilla yksityiskohdilla varustettuna. PAKKAUS SIS\u00c4LT\u00c4\u00c4 3 kpl A3-KOKOISIA ARKKEJA: 1\u00a0 arkki, jossa iso kukkakuvio + 2 arkkia, joissa pienemm\u00e4t kukkakuviot. (Kts. oheiset kuvat) N\u00e4m\u00e4 kuvat on painettu erikoisvalmisteiselle, kierr\u00e4tetylle paperille, jonka vahvuus on n. 53 g\/m\u00b2. Se on siis tuplasti vahvempaa kuin moni riisipaperi, ja asettuu siksi helpommin\u2026","rel":"","context":"Samankaltainen artikkeli","block_context":{"text":"Samankaltainen artikkeli","link":""},"img":{"alt_text":"","src":"https:\/\/i0.wp.com\/puuhamari.fi\/wp-content\/uploads\/2024\/03\/Amoramo-1.png?fit=1080%2C1080&ssl=1&resize=350%2C200","width":350,"height":200,"srcset":"https:\/\/i0.wp.com\/puuhamari.fi\/wp-content\/uploads\/2024\/03\/Amoramo-1.png?fit=1080%2C1080&ssl=1&resize=350%2C200 1x, https:\/\/i0.wp.com\/puuhamari.fi\/wp-content\/uploads\/2024\/03\/Amoramo-1.png?fit=1080%2C1080&ssl=1&resize=525%2C300 1.5x, https:\/\/i0.wp.com\/puuhamari.fi\/wp-content\/uploads\/2024\/03\/Amoramo-1.png?fit=1080%2C1080&ssl=1&resize=700%2C400 2x, https:\/\/i0.wp.com\/puuhamari.fi\/wp-content\/uploads\/2024\/03\/Amoramo-1.png?fit=1080%2C1080&ssl=1&resize=1050%2C600 3x"},"classes":[]},{"id":7853,"url":"https:\/\/puuhamari.fi\/?product=a3-big-moff","url_meta":{"origin":7869,"position":2},"title":"A3 Big Moff","author":"PuuhaMari","date":"27 maaliskuun, 2024","format":false,"excerpt":"Luonnonkauneutta ja lempe\u00e4n pehmeit\u00e4 v\u00e4ris\u00e4vyj\u00e4. PAKKAUS SIS\u00c4LT\u00c4\u00c4 3 kpl A3-KOKOISIA ARKKEJA: 1\u00a0 arkki, jossa isompi perhonen + 2 arkkia, joissa monta pient\u00e4 perhosta. (Kts. oheiset kuvat) N\u00e4m\u00e4 kuvat on painettu erikoisvalmisteiselle, kierr\u00e4tetylle paperille, jonka vahvuus on n. 53 g\/m\u00b2. Se on siis tuplasti vahvempaa kuin moni riisipaperi, ja asettuu siksi\u2026","rel":"","context":"Samankaltainen artikkeli","block_context":{"text":"Samankaltainen artikkeli","link":""},"img":{"alt_text":"","src":"https:\/\/i0.wp.com\/puuhamari.fi\/wp-content\/uploads\/2024\/03\/Big-Moff-1.jpg?fit=1080%2C1080&ssl=1&resize=350%2C200","width":350,"height":200,"srcset":"https:\/\/i0.wp.com\/puuhamari.fi\/wp-content\/uploads\/2024\/03\/Big-Moff-1.jpg?fit=1080%2C1080&ssl=1&resize=350%2C200 1x, https:\/\/i0.wp.com\/puuhamari.fi\/wp-content\/uploads\/2024\/03\/Big-Moff-1.jpg?fit=1080%2C1080&ssl=1&resize=525%2C300 1.5x, https:\/\/i0.wp.com\/puuhamari.fi\/wp-content\/uploads\/2024\/03\/Big-Moff-1.jpg?fit=1080%2C1080&ssl=1&resize=700%2C400 2x, https:\/\/i0.wp.com\/puuhamari.fi\/wp-content\/uploads\/2024\/03\/Big-Moff-1.jpg?fit=1080%2C1080&ssl=1&resize=1050%2C600 3x"},"classes":[]},{"id":7858,"url":"https:\/\/puuhamari.fi\/?product=a3-bumble-along","url_meta":{"origin":7869,"position":3},"title":"A3 Bumble Along","author":"PuuhaMari","date":"27 maaliskuun, 2024","format":false,"excerpt":"Luonnonkauneutta ja lempe\u00e4n pehmeit\u00e4 v\u00e4ris\u00e4vyj\u00e4. PAKKAUS SIS\u00c4LT\u00c4\u00c4 3 kpl A3-KOKOISIA ARKKEJA: 1\u00a0 arkki, jossa keskell\u00e4 p\u00e4iv\u00e4nkakkaroista koostuva kranssi ja monta pient\u00e4 kimalaista + 2 arkkia, joissa keskell\u00e4 iso kimalainen. (Kts. oheiset kuvat) N\u00e4m\u00e4 kuvat on painettu erikoisvalmisteiselle, kierr\u00e4tetylle paperille, jonka vahvuus on n. 53 g\/m\u00b2. Se on siis tuplasti vahvempaa\u2026","rel":"","context":"Samankaltainen artikkeli","block_context":{"text":"Samankaltainen artikkeli","link":""},"img":{"alt_text":"","src":"https:\/\/i0.wp.com\/puuhamari.fi\/wp-content\/uploads\/2024\/03\/Bumble-Along-1.png?fit=1080%2C1080&ssl=1&resize=350%2C200","width":350,"height":200,"srcset":"https:\/\/i0.wp.com\/puuhamari.fi\/wp-content\/uploads\/2024\/03\/Bumble-Along-1.png?fit=1080%2C1080&ssl=1&resize=350%2C200 1x, https:\/\/i0.wp.com\/puuhamari.fi\/wp-content\/uploads\/2024\/03\/Bumble-Along-1.png?fit=1080%2C1080&ssl=1&resize=525%2C300 1.5x, https:\/\/i0.wp.com\/puuhamari.fi\/wp-content\/uploads\/2024\/03\/Bumble-Along-1.png?fit=1080%2C1080&ssl=1&resize=700%2C400 2x, https:\/\/i0.wp.com\/puuhamari.fi\/wp-content\/uploads\/2024\/03\/Bumble-Along-1.png?fit=1080%2C1080&ssl=1&resize=1050%2C600 3x"},"classes":[]},{"id":7923,"url":"https:\/\/puuhamari.fi\/?product=a3-just-peachy","url_meta":{"origin":7869,"position":4},"title":"A3 Just Peachy","author":"PuuhaMari","date":"28 maaliskuun, 2024","format":false,"excerpt":"Intialaistunnelmaa\u00a0 mandalakuvioiden ja lootuksenkukkien avulla. Mutta t\u00e4ll\u00e4 kertaa ihanan hempe\u00e4ss\u00e4 persikan s\u00e4vyss\u00e4! PAKKAUS SIS\u00c4LT\u00c4\u00c4 3 kpl A3-KOKOISIA ARKKEJA: 1 arkki, jossa isoja lootuksenkukkia + 2 kesken\u00e4\u00e4n samanlaista arkkia, joissa kolme pienemp\u00e4\u00e4 lootusta ja erityisen kaunista reunaboordia. (Kts. oheiset kuvat) N\u00e4m\u00e4 kuvat on painettu erikoisvalmisteiselle, kierr\u00e4tetylle paperille, jonka vahvuus on n.\u2026","rel":"","context":"Samankaltainen artikkeli","block_context":{"text":"Samankaltainen artikkeli","link":""},"img":{"alt_text":"","src":"https:\/\/i0.wp.com\/puuhamari.fi\/wp-content\/uploads\/2024\/03\/Just-Peachy-1.jpg?fit=1080%2C1080&ssl=1&resize=350%2C200","width":350,"height":200,"srcset":"https:\/\/i0.wp.com\/puuhamari.fi\/wp-content\/uploads\/2024\/03\/Just-Peachy-1.jpg?fit=1080%2C1080&ssl=1&resize=350%2C200 1x, https:\/\/i0.wp.com\/puuhamari.fi\/wp-content\/uploads\/2024\/03\/Just-Peachy-1.jpg?fit=1080%2C1080&ssl=1&resize=525%2C300 1.5x, https:\/\/i0.wp.com\/puuhamari.fi\/wp-content\/uploads\/2024\/03\/Just-Peachy-1.jpg?fit=1080%2C1080&ssl=1&resize=700%2C400 2x, https:\/\/i0.wp.com\/puuhamari.fi\/wp-content\/uploads\/2024\/03\/Just-Peachy-1.jpg?fit=1080%2C1080&ssl=1&resize=1050%2C600 3x"},"classes":[]},{"id":7912,"url":"https:\/\/puuhamari.fi\/?product=a3-hummingbird","url_meta":{"origin":7869,"position":5},"title":"A3 Hummingbird","author":"PuuhaMari","date":"28 maaliskuun, 2024","format":false,"excerpt":"Ihanan raikasv\u00e4rinen ja n\u00e4ytt\u00e4v\u00e4 decoupage-kuosi, jonka keski\u00f6ss\u00e4 kolme sinivihre\u00e4\u00e4 kolibria etsiv\u00e4t mett\u00e4 punasuppilo-\/ chilenkellok\u00f6ynn\u00f6ksen kukista. PAKKAUS SIS\u00c4LT\u00c4\u00c4 3 kpl A3-KOKOISIA ARKKEJA: T\u00e4ss\u00e4 setiss\u00e4 kaikki kolme arkkia ovat poikkeuksellisesti kesken\u00e4\u00e4n t\u00e4ysin identtisi\u00e4. (Kts. oheinen kuva) N\u00e4m\u00e4 kuvat on painettu erikoisvalmisteiselle, kierr\u00e4tetylle paperille, jonka vahvuus on n. 53 g\/m\u00b2. Se on siis\u2026","rel":"","context":"With 1 comment","block_context":{"text":"With 1 comment","link":"https:\/\/puuhamari.fi\/?product=a3-hummingbird#comments"},"img":{"alt_text":"","src":"https:\/\/i0.wp.com\/puuhamari.fi\/wp-content\/uploads\/2024\/03\/Hummingbird-1.png?fit=1080%2C1080&ssl=1&resize=350%2C200","width":350,"height":200,"srcset":"https:\/\/i0.wp.com\/puuhamari.fi\/wp-content\/uploads\/2024\/03\/Hummingbird-1.png?fit=1080%2C1080&ssl=1&resize=350%2C200 1x, https:\/\/i0.wp.com\/puuhamari.fi\/wp-content\/uploads\/2024\/03\/Hummingbird-1.png?fit=1080%2C1080&ssl=1&resize=525%2C300 1.5x, https:\/\/i0.wp.com\/puuhamari.fi\/wp-content\/uploads\/2024\/03\/Hummingbird-1.png?fit=1080%2C1080&ssl=1&resize=700%2C400 2x, https:\/\/i0.wp.com\/puuhamari.fi\/wp-content\/uploads\/2024\/03\/Hummingbird-1.png?fit=1080%2C1080&ssl=1&resize=1050%2C600 3x"},"classes":[]}],"_links":{"self":[{"href":"https:\/\/puuhamari.fi\/index.php?rest_route=\/wp\/v2\/product\/7869","targetHints":{"allow":["GET"]}}],"collection":[{"href":"https:\/\/puuhamari.fi\/index.php?rest_route=\/wp\/v2\/product"}],"about":[{"href":"https:\/\/puuhamari.fi\/index.php?rest_route=\/wp\/v2\/types\/product"}],"replies":[{"embeddable":true,"href":"https:\/\/puuhamari.fi\/index.php?rest_route=%2Fwp%2Fv2%2Fcomments&post=7869"}],"version-history":[{"count":2,"href":"https:\/\/puuhamari.fi\/index.php?rest_route=\/wp\/v2\/product\/7869\/revisions"}],"predecessor-version":[{"id":8113,"href":"https:\/\/puuhamari.fi\/index.php?rest_route=\/wp\/v2\/product\/7869\/revisions\/8113"}],"wp:featuredmedia":[{"embeddable":true,"href":"https:\/\/puuhamari.fi\/index.php?rest_route=\/wp\/v2\/media\/7870"}],"wp:attachment":[{"href":"https:\/\/puuhamari.fi\/index.php?rest_route=%2Fwp%2Fv2%2Fmedia&parent=7869"}],"wp:term":[{"taxonomy":"product_brand","embeddable":true,"href":"https:\/\/puuhamari.fi\/index.php?rest_route=%2Fwp%2Fv2%2Fproduct_brand&post=7869"},{"taxonomy":"product_cat","embeddable":true,"href":"https:\/\/puuhamari.fi\/index.php?rest_route=%2Fwp%2Fv2%2Fproduct_cat&post=7869"},{"taxonomy":"product_tag","embeddable":true,"href":"https:\/\/puuhamari.fi\/index.php?rest_route=%2Fwp%2Fv2%2Fproduct_tag&post=7869"}],"curies":[{"name":"wp","href":"https:\/\/api.w.org\/{rel}","templated":true}]}}