{"id":7876,"date":"2024-03-28T12:40:57","date_gmt":"2024-03-28T12:40:57","guid":{"rendered":"https:\/\/puuhamari.fi\/?post_type=product&#038;p=7876"},"modified":"2025-09-05T04:26:41","modified_gmt":"2025-09-05T01:26:41","slug":"a3-decked-out-in-deco","status":"publish","type":"product","link":"https:\/\/puuhamari.fi\/?product=a3-decked-out-in-deco","title":{"rendered":"A3 Decked Out in Deco"},"content":{"rendered":"<p><iframe title=\"how to decoupage furniture\" width=\"720\" height=\"405\" src=\"https:\/\/www.youtube.com\/embed\/hzTmtwoT22A?feature=oembed\" frameborder=\"0\" allow=\"accelerometer; autoplay; clipboard-write; encrypted-media; gyroscope; picture-in-picture; web-share\" referrerpolicy=\"strict-origin-when-cross-origin\" allowfullscreen><\/iframe><\/p>\n","protected":false},"excerpt":{"rendered":"<p>Vintagea, Art Decoa ja pikkuhiukkanen psykedeliaa samassa paketissa, ja huikean vetovoimaisessa v\u00e4riskaalassa.<\/p>\n<p>PAKKAUS SIS\u00c4LT\u00c4\u00c4 3 kpl A3-KOKOISIA ARKKEJA:<br \/>\n1 arkki, jossa vihreit\u00e4 retrokukkasia + 2 arkkia persikan, oranssin ja vihre\u00e4n s\u00e4vyisi\u00e4 kuvioita. Huomaa, ett\u00e4 voit k\u00e4ytt\u00e4\u00e4 esim. reunakuvioita erikseen ja leikata neli\u00f6n muotoisetkin kuviot yksitt\u00e4isiksi koristeiksi.<br \/>\n(Kts. oheiset kuvat)<\/p>\n<p>N\u00e4m\u00e4 kuvat on painettu erikoisvalmisteiselle, kierr\u00e4tetylle paperille, jonka vahvuus on n. 53 g\/m\u00b2. Se on siis tuplasti vahvempaa kuin moni riisipaperi, ja asettuu siksi helpommin ja rypytt\u00f6m\u00e4mmin esim. kaapinoviin ja laatikoiden etulevyihin!<\/p>\n<p>Jokaisessa arkissa on lis\u00e4ksi kapeat, valkoiset reunukset, joiden tarkoitus on auttaa sinua repim\u00e4\u00e4n kuvien reuna-alueet ep\u00e4tasaisesti ennen niiden asentamista paikalleen. Siten kuvan reunojen h\u00e4ivytt\u00e4minen kalustemaalilla on helpompaa. Kiinnitt\u00e4misess\u00e4 parhaiten toimivat esim. vedell\u00e4 laimennettu <a href=\"https:\/\/puuhamari.fi\/?product=bostik-puuliima-ulos-sisalle\">puuliima<\/a>, tai Fusion:in valmistama <a href=\"https:\/\/puuhamari.fi\/?product=decoupage-transfer-gel\">Decoupage and Transfer Gel.<\/a><\/p>\n","protected":false},"author":1,"featured_media":7877,"comment_status":"open","ping_status":"closed","template":"","meta":{"advgb_blocks_editor_width":"","advgb_blocks_columns_visual_guide":"","advanced_seo_description":"","jetpack_seo_html_title":"","jetpack_seo_noindex":false,"_kad_post_transparent":"default","_kad_post_title":"","_kad_post_layout":"default","_kad_post_sidebar_id":"","_kad_post_content_style":"default","_kad_post_vertical_padding":"default","_kad_post_feature":"","_kad_post_feature_position":"","_kad_post_header":false,"_kad_post_footer":false,"_kad_post_classname":"","jetpack_post_was_ever_published":false},"product_brand":[],"product_cat":[935],"product_tag":[671,952,256,125,757,754,937,936,718],"class_list":{"0":"post-7876","1":"product","2":"type-product","3":"status-publish","4":"has-post-thumbnail","6":"product_cat-decoupage","7":"product_tag-a3","8":"product_tag-art-deco","9":"product_tag-decoupage","10":"product_tag-kukka","11":"product_tag-kukkakuvio","12":"product_tag-retro","13":"product_tag-skotlantilainen","14":"product_tag-skotti","15":"product_tag-vintage","17":"first","18":"instock","19":"taxable","20":"shipping-taxable","21":"purchasable","22":"product-type-simple","23":"entry","24":"content-bg","25":"loop-entry"},"featured_img":"https:\/\/puuhamari.fi\/wp-content\/uploads\/2024\/03\/Decked-out-in-Deco-1.jpg","coauthors":[],"author_meta":{"author_link":"https:\/\/puuhamari.fi\/?author=1","display_name":"PuuhaMari"},"relative_dates":{"created":"Julkaistu 2 vuotta sitten","modified":"P\u00e4ivitetty 8 kuukautta sitten"},"absolute_dates":{"created":"Julkaistu 28 maaliskuun, 2024","modified":"P\u00e4ivitetty 5 syyskuun, 2025"},"absolute_dates_time":{"created":"Julkaistu 28 maaliskuun, 2024 12:40 pm","modified":"P\u00e4ivitetty 5 syyskuun, 2025 4:26 am"},"featured_img_caption":"","tax_additional":{"product_brand":{"linked":[],"unlinked":[],"slug":"product_brand","name":"Br\u00e4ndit"},"product_type":{"linked":["<a href=\"https:\/\/puuhamari.fi\/?taxonomy=product_type&#038;term=simple\" class=\"advgb-post-tax-term\">simple<\/a>"],"unlinked":["<span class=\"advgb-post-tax-term\">simple<\/span>"],"slug":"product_type","name":"Tuotetyyppi"},"product_visibility":{"linked":[],"unlinked":[],"slug":"product_visibility","name":"Tuotteen n\u00e4kyvyys"},"product_cat":{"linked":["<a href=\"https:\/\/puuhamari.fi\/?product_cat=decoupage\" class=\"advgb-post-tax-term\">Decoupage<\/a>"],"unlinked":["<span class=\"advgb-post-tax-term\">Decoupage<\/span>"],"slug":"product_cat","name":"Osastot"},"product_tag":{"linked":["<a href=\"https:\/\/puuhamari.fi\/?product_tag=a3\" class=\"advgb-post-tax-term\">A3<\/a>","<a href=\"https:\/\/puuhamari.fi\/?product_tag=art-deco\" class=\"advgb-post-tax-term\">art deco<\/a>","<a href=\"https:\/\/puuhamari.fi\/?product_tag=decoupage\" class=\"advgb-post-tax-term\">Decoupage<\/a>","<a href=\"https:\/\/puuhamari.fi\/?product_tag=kukka\" class=\"advgb-post-tax-term\">Kukka<\/a>","<a href=\"https:\/\/puuhamari.fi\/?product_tag=kukkakuvio\" class=\"advgb-post-tax-term\">Kukkakuvio<\/a>","<a href=\"https:\/\/puuhamari.fi\/?product_tag=retro\" class=\"advgb-post-tax-term\">Retro<\/a>","<a href=\"https:\/\/puuhamari.fi\/?product_tag=skotlantilainen\" class=\"advgb-post-tax-term\">skotlantilainen<\/a>","<a href=\"https:\/\/puuhamari.fi\/?product_tag=skotti\" class=\"advgb-post-tax-term\">skotti<\/a>","<a href=\"https:\/\/puuhamari.fi\/?product_tag=vintage\" class=\"advgb-post-tax-term\">Vintage<\/a>"],"unlinked":["<span class=\"advgb-post-tax-term\">A3<\/span>","<span class=\"advgb-post-tax-term\">art deco<\/span>","<span class=\"advgb-post-tax-term\">Decoupage<\/span>","<span class=\"advgb-post-tax-term\">Kukka<\/span>","<span class=\"advgb-post-tax-term\">Kukkakuvio<\/span>","<span class=\"advgb-post-tax-term\">Retro<\/span>","<span class=\"advgb-post-tax-term\">skotlantilainen<\/span>","<span class=\"advgb-post-tax-term\">skotti<\/span>","<span class=\"advgb-post-tax-term\">Vintage<\/span>"],"slug":"product_tag","name":"Avainsanat tuotteelle"},"product_shipping_class":{"linked":[],"unlinked":[],"slug":"product_shipping_class","name":"Tuotteen toimitusluokat"},"pos_product_visibility":{"linked":[],"unlinked":[],"slug":"pos_product_visibility","name":"POS Product visibility"},"pa_arkin-koko":{"linked":[],"unlinked":[],"slug":"pa_arkin-koko","name":"Tuote Arkin koko"},"pa_hiomatyynyn-karkeus":{"linked":[],"unlinked":[],"slug":"pa_hiomatyynyn-karkeus","name":"Tuote Hiomatyynyn karkeus"},"pa_kehys":{"linked":[],"unlinked":[],"slug":"pa_kehys","name":"Tuote Kehys"},"pa_kuvion-nro":{"linked":[],"unlinked":[],"slug":"pa_kuvion-nro","name":"Tuote Kuvion nro"},"pa_littean-pensselin-koko":{"linked":[],"unlinked":[],"slug":"pa_littean-pensselin-koko","name":"Tuote Litte\u00e4n pensselin koko"},"pa_maalivari":{"linked":[],"unlinked":[],"slug":"pa_maalivari","name":"Tuote Maaliv\u00e4ri"},"pa_palatapettien-lkm":{"linked":[],"unlinked":[],"slug":"pa_palatapettien-lkm","name":"Tuote Palatapettien lkm"},"pa_purkin-koko":{"linked":[],"unlinked":[],"slug":"pa_purkin-koko","name":"Tuote Purkin koko"},"pa_sapluunan-koko":{"linked":[],"unlinked":[],"slug":"pa_sapluunan-koko","name":"Tuote Sapluunan koko"},"pa_tabletti":{"linked":[],"unlinked":[],"slug":"pa_tabletti","name":"Tuote Tabletti"},"pa_valitse-sisalto":{"linked":[],"unlinked":[],"slug":"pa_valitse-sisalto","name":"Tuote Valitse sis\u00e4lt\u00f6"},"pa_varjostin":{"linked":[],"unlinked":[],"slug":"pa_varjostin","name":"Tuote Varjostin"}},"series_order":"","jetpack_sharing_enabled":true,"jetpack_likes_enabled":true,"jetpack-related-posts":[{"id":8823,"url":"https:\/\/puuhamari.fi\/?product=a3-moon-struck","url_meta":{"origin":7876,"position":0},"title":"A3 Moon Struck","author":"PuuhaMari","date":"5 syyskuun, 2024","format":false,"excerpt":"T\u00e4m\u00e4 kuvio ei paljon selittely\u00e4 kaipaa...\u00a0 Mutta kiinnit\u00e4 huomiota kaikille Made by Marley -papereille tyypilliseen erilaisten kuvien ja kuvioiden kerroksellisuuteen: huomaatko esim. oikein ohuen, keltaisen (vai kultaisen?) leimasinkuvion, jonka alle j\u00e4\u00e4v\u00e4t mm. nuo t\u00e4ysikuut, ja p\u00e4\u00e4ll\u00e4 on osa sudenkorennoista. Jokainen n\u00e4ist\u00e4 kolmesta arkista on suunniteltu siten, ett\u00e4 ne on \u00e4\u00e4rimm\u00e4isen\u2026","rel":"","context":"Samankaltainen artikkeli","block_context":{"text":"Samankaltainen artikkeli","link":""},"img":{"alt_text":"","src":"https:\/\/i0.wp.com\/puuhamari.fi\/wp-content\/uploads\/2024\/09\/Moon-Struck-1.png?fit=1080%2C1080&ssl=1&resize=350%2C200","width":350,"height":200,"srcset":"https:\/\/i0.wp.com\/puuhamari.fi\/wp-content\/uploads\/2024\/09\/Moon-Struck-1.png?fit=1080%2C1080&ssl=1&resize=350%2C200 1x, https:\/\/i0.wp.com\/puuhamari.fi\/wp-content\/uploads\/2024\/09\/Moon-Struck-1.png?fit=1080%2C1080&ssl=1&resize=525%2C300 1.5x, https:\/\/i0.wp.com\/puuhamari.fi\/wp-content\/uploads\/2024\/09\/Moon-Struck-1.png?fit=1080%2C1080&ssl=1&resize=700%2C400 2x, https:\/\/i0.wp.com\/puuhamari.fi\/wp-content\/uploads\/2024\/09\/Moon-Struck-1.png?fit=1080%2C1080&ssl=1&resize=1050%2C600 3x"},"classes":[]},{"id":7940,"url":"https:\/\/puuhamari.fi\/?product=a3-moroccan-holiday","url_meta":{"origin":7876,"position":1},"title":"A3 Moroccan Holiday","author":"PuuhaMari","date":"28 maaliskuun, 2024","format":false,"excerpt":"Kerrassaan upeita, marokkolaisista laatoistakin tuttuja turkooseja, sinisi\u00e4, vihreit\u00e4 ja keltaisia s\u00e4vyj\u00e4! Ja kaiken keski\u00f6ss\u00e4 kirkkaan v\u00e4rinen, kaunis appelsiinipuun oksa. PAKKAUS SIS\u00c4LT\u00c4\u00c4 3 kpl A3-KOKOISIA ARKKEJA: 1 arkki, jossa keltaisia appelsiineja + 2 kesken\u00e4\u00e4n samanlaista arkkia, joissa esim. arabimaailmassa tyypillisi\u00e4 \"kaariovien\" kuvioita, sek\u00e4 reunoilla laattakuvioista koostuvia boordeja. (Kts. oheiset kuvat) N\u00e4m\u00e4\u2026","rel":"","context":"Samankaltainen artikkeli","block_context":{"text":"Samankaltainen artikkeli","link":""},"img":{"alt_text":"","src":"https:\/\/i0.wp.com\/puuhamari.fi\/wp-content\/uploads\/2024\/03\/Moroccan-Holiday-1.jpg?fit=1080%2C1080&ssl=1&resize=350%2C200","width":350,"height":200,"srcset":"https:\/\/i0.wp.com\/puuhamari.fi\/wp-content\/uploads\/2024\/03\/Moroccan-Holiday-1.jpg?fit=1080%2C1080&ssl=1&resize=350%2C200 1x, https:\/\/i0.wp.com\/puuhamari.fi\/wp-content\/uploads\/2024\/03\/Moroccan-Holiday-1.jpg?fit=1080%2C1080&ssl=1&resize=525%2C300 1.5x, https:\/\/i0.wp.com\/puuhamari.fi\/wp-content\/uploads\/2024\/03\/Moroccan-Holiday-1.jpg?fit=1080%2C1080&ssl=1&resize=700%2C400 2x, https:\/\/i0.wp.com\/puuhamari.fi\/wp-content\/uploads\/2024\/03\/Moroccan-Holiday-1.jpg?fit=1080%2C1080&ssl=1&resize=1050%2C600 3x"},"classes":[]},{"id":7863,"url":"https:\/\/puuhamari.fi\/?product=a3-butterfly","url_meta":{"origin":7876,"position":2},"title":"A3 Butterfly","author":"PuuhaMari","date":"27 maaliskuun, 2024","format":false,"excerpt":"Upea setti, jossa kes\u00e4iset v\u00e4rit suorastaan hehkuvat. Huomaa my\u00f6s, ett\u00e4 tilkkut\u00e4kkim\u00e4iset reunat on suunniteltu haluttaessa k\u00e4ytett\u00e4v\u00e4ksi esim. hyllyjen\/kaapinrunkojen etureunoissa! (Niiss\u00e4, mihin ennen vanhaan laitettiin nastalla kiinni pitsinauhaa, you know...) PAKKAUS SIS\u00c4LT\u00c4\u00c4 3 kpl A3-KOKOISIA ARKKEJA: 1\u00a0 arkki jossa kolme eri v\u00e4rist\u00e4 ja kuvioista perhosta, 1 arkki josta p\u00e4\u00e4roolissa oleva perhonen\u2026","rel":"","context":"Samankaltainen artikkeli","block_context":{"text":"Samankaltainen artikkeli","link":""},"img":{"alt_text":"","src":"https:\/\/i0.wp.com\/puuhamari.fi\/wp-content\/uploads\/2024\/03\/Butterfly-1.png?fit=1080%2C1080&ssl=1&resize=350%2C200","width":350,"height":200,"srcset":"https:\/\/i0.wp.com\/puuhamari.fi\/wp-content\/uploads\/2024\/03\/Butterfly-1.png?fit=1080%2C1080&ssl=1&resize=350%2C200 1x, https:\/\/i0.wp.com\/puuhamari.fi\/wp-content\/uploads\/2024\/03\/Butterfly-1.png?fit=1080%2C1080&ssl=1&resize=525%2C300 1.5x, https:\/\/i0.wp.com\/puuhamari.fi\/wp-content\/uploads\/2024\/03\/Butterfly-1.png?fit=1080%2C1080&ssl=1&resize=700%2C400 2x, https:\/\/i0.wp.com\/puuhamari.fi\/wp-content\/uploads\/2024\/03\/Butterfly-1.png?fit=1080%2C1080&ssl=1&resize=1050%2C600 3x"},"classes":[]},{"id":8841,"url":"https:\/\/puuhamari.fi\/?product=a3-enchantment-under-the-sea","url_meta":{"origin":7876,"position":3},"title":"A3 Enchantment under the sea","author":"PuuhaMari","date":"5 syyskuun, 2024","format":false,"excerpt":"\"Merenalaista lumoa\" vapaasti k\u00e4\u00e4nnettyn\u00e4. Punatukkaiset ja s\u00e4ihkyv\u00e4pyrst\u00f6iset merenneidot \"lemmikkeineen\" on kiehtovalla tavalla yhdistetty maalla kasvaviin lehtiin ja marjoihin. Merenneitojen katseet, sek\u00e4 houkuttelevan punaiset, vihre\u00e4t ja turkoosit v\u00e4ris\u00e4vyt pit\u00e4v\u00e4t katsojan vastustamattoman tiukasti otteessaan! Huomaa my\u00f6s kerroksellisen kuvan alin kerros, jonka tummat kuviot viev\u00e4t PuuhaMarin ajatukset samanaikaisesti sek\u00e4 Intiaan, ett\u00e4 keskiaikaiseen Eurooppaan.\u2026","rel":"","context":"Samankaltainen artikkeli","block_context":{"text":"Samankaltainen artikkeli","link":""},"img":{"alt_text":"","src":"https:\/\/i0.wp.com\/puuhamari.fi\/wp-content\/uploads\/2024\/09\/Enchantment-under-the-sea-1.png?fit=1080%2C1080&ssl=1&resize=350%2C200","width":350,"height":200,"srcset":"https:\/\/i0.wp.com\/puuhamari.fi\/wp-content\/uploads\/2024\/09\/Enchantment-under-the-sea-1.png?fit=1080%2C1080&ssl=1&resize=350%2C200 1x, https:\/\/i0.wp.com\/puuhamari.fi\/wp-content\/uploads\/2024\/09\/Enchantment-under-the-sea-1.png?fit=1080%2C1080&ssl=1&resize=525%2C300 1.5x, https:\/\/i0.wp.com\/puuhamari.fi\/wp-content\/uploads\/2024\/09\/Enchantment-under-the-sea-1.png?fit=1080%2C1080&ssl=1&resize=700%2C400 2x, https:\/\/i0.wp.com\/puuhamari.fi\/wp-content\/uploads\/2024\/09\/Enchantment-under-the-sea-1.png?fit=1080%2C1080&ssl=1&resize=1050%2C600 3x"},"classes":[]},{"id":7918,"url":"https:\/\/puuhamari.fi\/?product=a3-im-not-shy","url_meta":{"origin":7876,"position":4},"title":"A3 I&#8217;m Not Shy","author":"PuuhaMari","date":"28 maaliskuun, 2024","format":false,"excerpt":"Kun Enemm\u00e4n on Enemm\u00e4n! \ud83d\ude01 T\u00e4m\u00e4n kuosin kanssa saat todella heitt\u00e4yty\u00e4 hippihifistelyn modernimpaan, boheemiin v\u00e4ri-iloitteluun. K\u00e4yt\u00e4 koko Folk Art -tyylinen satsi yhteen kalusteeseen, tai leikkaa kuvista yksityiskohtia vaikka kuinka moneen pienemp\u00e4\u00e4n, erilliseen projektiin. PAKKAUS SIS\u00c4LT\u00c4\u00c4 3 kpl A3-KOKOISIA ARKKEJA: 1 arkki, jossa v\u00e4rikk\u00e4it\u00e4 \"laattakuvioita\"vinoasetteluna + 2 kesken\u00e4\u00e4n samanlaista arkkia, joiden\u2026","rel":"","context":"Samankaltainen artikkeli","block_context":{"text":"Samankaltainen artikkeli","link":""},"img":{"alt_text":"","src":"https:\/\/i0.wp.com\/puuhamari.fi\/wp-content\/uploads\/2024\/03\/I_m-not-Shy-1.png?fit=1080%2C1080&ssl=1&resize=350%2C200","width":350,"height":200,"srcset":"https:\/\/i0.wp.com\/puuhamari.fi\/wp-content\/uploads\/2024\/03\/I_m-not-Shy-1.png?fit=1080%2C1080&ssl=1&resize=350%2C200 1x, https:\/\/i0.wp.com\/puuhamari.fi\/wp-content\/uploads\/2024\/03\/I_m-not-Shy-1.png?fit=1080%2C1080&ssl=1&resize=525%2C300 1.5x, https:\/\/i0.wp.com\/puuhamari.fi\/wp-content\/uploads\/2024\/03\/I_m-not-Shy-1.png?fit=1080%2C1080&ssl=1&resize=700%2C400 2x, https:\/\/i0.wp.com\/puuhamari.fi\/wp-content\/uploads\/2024\/03\/I_m-not-Shy-1.png?fit=1080%2C1080&ssl=1&resize=1050%2C600 3x"},"classes":[]},{"id":7869,"url":"https:\/\/puuhamari.fi\/?product=a3-craneium","url_meta":{"origin":7876,"position":5},"title":"A3 Craneium","author":"PuuhaMari","date":"27 maaliskuun, 2024","format":false,"excerpt":"Hienostunut v\u00e4riskaala, joka sopii ylv\u00e4ille mant\u0161uriankurjille. (Tiesitk\u00f6, ett\u00e4 ne ovat 150-160cm pitki\u00e4, ja voivat el\u00e4\u00e4 jopa 70-vuotiaiksi? \ud83d\ude2e ) Pane merkille my\u00f6s taustan ja reunojen kuviot, joita voit k\u00e4ytt\u00e4\u00e4 hyv\u00e4ksesi esim. hyllyjen\/kaapinrunkojen etureunoissa! PAKKAUS SIS\u00c4LT\u00c4\u00c4 3 kpl A3-KOKOISIA ARKKEJA: Kaikissa kolmessa arkissa on sama kauniin levollinen tausta, mutta kurjet vaihtelevat\u2026","rel":"","context":"With 2 comments","block_context":{"text":"With 2 comments","link":"https:\/\/puuhamari.fi\/?product=a3-craneium#comments"},"img":{"alt_text":"","src":"https:\/\/i0.wp.com\/puuhamari.fi\/wp-content\/uploads\/2024\/03\/Craneium-1.png?fit=1080%2C1080&ssl=1&resize=350%2C200","width":350,"height":200,"srcset":"https:\/\/i0.wp.com\/puuhamari.fi\/wp-content\/uploads\/2024\/03\/Craneium-1.png?fit=1080%2C1080&ssl=1&resize=350%2C200 1x, https:\/\/i0.wp.com\/puuhamari.fi\/wp-content\/uploads\/2024\/03\/Craneium-1.png?fit=1080%2C1080&ssl=1&resize=525%2C300 1.5x, https:\/\/i0.wp.com\/puuhamari.fi\/wp-content\/uploads\/2024\/03\/Craneium-1.png?fit=1080%2C1080&ssl=1&resize=700%2C400 2x, https:\/\/i0.wp.com\/puuhamari.fi\/wp-content\/uploads\/2024\/03\/Craneium-1.png?fit=1080%2C1080&ssl=1&resize=1050%2C600 3x"},"classes":[]}],"_links":{"self":[{"href":"https:\/\/puuhamari.fi\/index.php?rest_route=\/wp\/v2\/product\/7876","targetHints":{"allow":["GET"]}}],"collection":[{"href":"https:\/\/puuhamari.fi\/index.php?rest_route=\/wp\/v2\/product"}],"about":[{"href":"https:\/\/puuhamari.fi\/index.php?rest_route=\/wp\/v2\/types\/product"}],"replies":[{"embeddable":true,"href":"https:\/\/puuhamari.fi\/index.php?rest_route=%2Fwp%2Fv2%2Fcomments&post=7876"}],"version-history":[{"count":2,"href":"https:\/\/puuhamari.fi\/index.php?rest_route=\/wp\/v2\/product\/7876\/revisions"}],"predecessor-version":[{"id":8112,"href":"https:\/\/puuhamari.fi\/index.php?rest_route=\/wp\/v2\/product\/7876\/revisions\/8112"}],"wp:featuredmedia":[{"embeddable":true,"href":"https:\/\/puuhamari.fi\/index.php?rest_route=\/wp\/v2\/media\/7877"}],"wp:attachment":[{"href":"https:\/\/puuhamari.fi\/index.php?rest_route=%2Fwp%2Fv2%2Fmedia&parent=7876"}],"wp:term":[{"taxonomy":"product_brand","embeddable":true,"href":"https:\/\/puuhamari.fi\/index.php?rest_route=%2Fwp%2Fv2%2Fproduct_brand&post=7876"},{"taxonomy":"product_cat","embeddable":true,"href":"https:\/\/puuhamari.fi\/index.php?rest_route=%2Fwp%2Fv2%2Fproduct_cat&post=7876"},{"taxonomy":"product_tag","embeddable":true,"href":"https:\/\/puuhamari.fi\/index.php?rest_route=%2Fwp%2Fv2%2Fproduct_tag&post=7876"}],"curies":[{"name":"wp","href":"https:\/\/api.w.org\/{rel}","templated":true}]}}