{"id":7969,"date":"2024-03-29T18:05:54","date_gmt":"2024-03-29T18:05:54","guid":{"rendered":"https:\/\/puuhamari.fi\/?post_type=product&#038;p=7969"},"modified":"2025-09-05T04:26:13","modified_gmt":"2025-09-05T01:26:13","slug":"a3-roses-r-red","status":"publish","type":"product","link":"https:\/\/puuhamari.fi\/?product=a3-roses-r-red","title":{"rendered":"A3 Roses R Red"},"content":{"rendered":"<p><iframe title=\"how to decoupage furniture\" width=\"720\" height=\"405\" src=\"https:\/\/www.youtube.com\/embed\/hzTmtwoT22A?feature=oembed\" frameborder=\"0\" allow=\"accelerometer; autoplay; clipboard-write; encrypted-media; gyroscope; picture-in-picture; web-share\" referrerpolicy=\"strict-origin-when-cross-origin\" allowfullscreen><\/iframe><\/p>\n","protected":false},"excerpt":{"rendered":"<p>Millerin kasvikatalogi on ilmiselv\u00e4\u00e4 vintagea! Ja katso noita sametinpehmeit\u00e4 ruusuja, joiden ter\u00e4lehdill\u00e4 leikkiv\u00e4 valo houkuttelee koskemaan ja haistamaan&#8230; T\u00e4ss\u00e4 decoupage -setiss\u00e4 toistuvat lempe\u00e4npunaisten ja -vihreiden s\u00e4vyjen maailma vie katsojan hetkess\u00e4 menneiden kesien kaihoisiin tunnelmiin.<\/p>\n<p>PAKKAUS SIS\u00c4LT\u00c4\u00c4 3 kpl A3-KOKOISIA ARKKEJA:<br \/>\n1 pystyarkki, jossa mm. tekstit &#8220;Bulb Catalogue&#8221; (sipulikukkien luettelo) ja &#8220;Seed Merchants&#8221; (Siemenmyynti\u00e4) + 2 vaaka-arkkia, joissa eri v\u00e4risten ruusujen edustalla tummanpunainen kerrottu tulppaani.<br \/>\n(Kts. oheiset kuvat)<\/p>\n<p>N\u00e4m\u00e4 kuvat on painettu erikoisvalmisteiselle, kierr\u00e4tetylle paperille, jonka vahvuus on n. 53 g\/m\u00b2. Se on siis tuplasti vahvempaa kuin moni riisipaperi, ja asettuu siksi helpommin ja rypytt\u00f6m\u00e4mmin esim. kaapinoviin ja laatikoiden etulevyihin!<\/p>\n<p>Jokaisessa arkissa on lis\u00e4ksi kapeat, valkoiset reunukset, joiden tarkoitus on auttaa sinua repim\u00e4\u00e4n kuvien reuna-alueet ep\u00e4tasaisesti ennen niiden asentamista paikalleen. Siten kuvan reunojen h\u00e4ivytt\u00e4minen kalustemaalilla on helpompaa. Kiinnitt\u00e4misess\u00e4 parhaiten toimivat esim. vedell\u00e4 laimennettu <a href=\"https:\/\/puuhamari.fi\/?product=bostik-puuliima-ulos-sisalle\">puuliima<\/a>, tai Fusion:in valmistama <a href=\"https:\/\/puuhamari.fi\/?product=decoupage-transfer-gel\">Decoupage and Transfer Gel.<\/a><\/p>\n","protected":false},"author":1,"featured_media":7956,"comment_status":"open","ping_status":"closed","template":"","meta":{"advgb_blocks_editor_width":"","advgb_blocks_columns_visual_guide":"","advanced_seo_description":"","jetpack_seo_html_title":"","jetpack_seo_noindex":false,"_kad_post_transparent":"default","_kad_post_title":"","_kad_post_layout":"default","_kad_post_sidebar_id":"","_kad_post_content_style":"default","_kad_post_vertical_padding":"default","_kad_post_feature":"","_kad_post_feature_position":"","_kad_post_header":false,"_kad_post_footer":false,"_kad_post_classname":"","jetpack_post_was_ever_published":false},"product_brand":[],"product_cat":[935],"product_tag":[671,1011,256,1012,941,1017,1018,1009,1016,1013,254,1014,1015,937,936,1010,956,208,1008,718],"class_list":{"0":"post-7969","1":"product","2":"type-product","3":"status-publish","4":"has-post-thumbnail","6":"product_cat-decoupage","7":"product_tag-a3","8":"product_tag-aitoelamanlanka","9":"product_tag-decoupage","10":"product_tag-elamanlanka","11":"product_tag-hibiskus","12":"product_tag-kasviluettelo","13":"product_tag-kukkaluettelo","14":"product_tag-malva","15":"product_tag-millers","16":"product_tag-neilikka","17":"product_tag-ruusu","18":"product_tag-siemenluettelo","19":"product_tag-sipulikukka","20":"product_tag-skotlantilainen","21":"product_tag-skotti","22":"product_tag-tsinnia","23":"product_tag-tulppaani","24":"product_tag-vihrea","25":"product_tag-viktoriaanisen","26":"product_tag-vintage","28":"first","29":"instock","30":"taxable","31":"shipping-taxable","32":"purchasable","33":"product-type-simple","34":"entry","35":"content-bg","36":"loop-entry"},"featured_img":"https:\/\/puuhamari.fi\/wp-content\/uploads\/2024\/03\/Roses-R-Red-1.png","coauthors":[],"author_meta":{"author_link":"https:\/\/puuhamari.fi\/?author=1","display_name":"PuuhaMari"},"relative_dates":{"created":"Julkaistu 2 vuotta sitten","modified":"P\u00e4ivitetty 8 kuukautta sitten"},"absolute_dates":{"created":"Julkaistu 29 maaliskuun, 2024","modified":"P\u00e4ivitetty 5 syyskuun, 2025"},"absolute_dates_time":{"created":"Julkaistu 29 maaliskuun, 2024 6:05 pm","modified":"P\u00e4ivitetty 5 syyskuun, 2025 4:26 am"},"featured_img_caption":"","tax_additional":{"product_brand":{"linked":[],"unlinked":[],"slug":"product_brand","name":"Br\u00e4ndit"},"product_type":{"linked":["<a href=\"https:\/\/puuhamari.fi\/?taxonomy=product_type&#038;term=simple\" class=\"advgb-post-tax-term\">simple<\/a>"],"unlinked":["<span class=\"advgb-post-tax-term\">simple<\/span>"],"slug":"product_type","name":"Tuotetyyppi"},"product_visibility":{"linked":[],"unlinked":[],"slug":"product_visibility","name":"Tuotteen n\u00e4kyvyys"},"product_cat":{"linked":["<a href=\"https:\/\/puuhamari.fi\/?product_cat=decoupage\" class=\"advgb-post-tax-term\">Decoupage<\/a>"],"unlinked":["<span class=\"advgb-post-tax-term\">Decoupage<\/span>"],"slug":"product_cat","name":"Osastot"},"product_tag":{"linked":["<a href=\"https:\/\/puuhamari.fi\/?product_tag=a3\" class=\"advgb-post-tax-term\">A3<\/a>","<a href=\"https:\/\/puuhamari.fi\/?product_tag=aitoelamanlanka\" class=\"advgb-post-tax-term\">Aitoel\u00e4m\u00e4nlanka<\/a>","<a href=\"https:\/\/puuhamari.fi\/?product_tag=decoupage\" class=\"advgb-post-tax-term\">Decoupage<\/a>","<a href=\"https:\/\/puuhamari.fi\/?product_tag=elamanlanka\" class=\"advgb-post-tax-term\">El\u00e4m\u00e4nlanka<\/a>","<a href=\"https:\/\/puuhamari.fi\/?product_tag=hibiskus\" class=\"advgb-post-tax-term\">hibiskus<\/a>","<a href=\"https:\/\/puuhamari.fi\/?product_tag=kasviluettelo\" class=\"advgb-post-tax-term\">kasviluettelo<\/a>","<a href=\"https:\/\/puuhamari.fi\/?product_tag=kukkaluettelo\" class=\"advgb-post-tax-term\">kukkaluettelo<\/a>","<a href=\"https:\/\/puuhamari.fi\/?product_tag=malva\" class=\"advgb-post-tax-term\">Malva<\/a>","<a href=\"https:\/\/puuhamari.fi\/?product_tag=millers\" class=\"advgb-post-tax-term\">Millers<\/a>","<a href=\"https:\/\/puuhamari.fi\/?product_tag=neilikka\" class=\"advgb-post-tax-term\">Neilikka<\/a>","<a href=\"https:\/\/puuhamari.fi\/?product_tag=ruusu\" class=\"advgb-post-tax-term\">Ruusu<\/a>","<a href=\"https:\/\/puuhamari.fi\/?product_tag=siemenluettelo\" class=\"advgb-post-tax-term\">Siemenluettelo<\/a>","<a href=\"https:\/\/puuhamari.fi\/?product_tag=sipulikukka\" class=\"advgb-post-tax-term\">sipulikukka<\/a>","<a href=\"https:\/\/puuhamari.fi\/?product_tag=skotlantilainen\" class=\"advgb-post-tax-term\">skotlantilainen<\/a>","<a href=\"https:\/\/puuhamari.fi\/?product_tag=skotti\" class=\"advgb-post-tax-term\">skotti<\/a>","<a href=\"https:\/\/puuhamari.fi\/?product_tag=tsinnia\" class=\"advgb-post-tax-term\">Tsinnia<\/a>","<a href=\"https:\/\/puuhamari.fi\/?product_tag=tulppaani\" class=\"advgb-post-tax-term\">tulppaani<\/a>","<a href=\"https:\/\/puuhamari.fi\/?product_tag=vihrea\" class=\"advgb-post-tax-term\">vihre\u00e4<\/a>","<a href=\"https:\/\/puuhamari.fi\/?product_tag=viktoriaanisen\" class=\"advgb-post-tax-term\">Viktoriaanisen<\/a>","<a href=\"https:\/\/puuhamari.fi\/?product_tag=vintage\" class=\"advgb-post-tax-term\">Vintage<\/a>"],"unlinked":["<span class=\"advgb-post-tax-term\">A3<\/span>","<span class=\"advgb-post-tax-term\">Aitoel\u00e4m\u00e4nlanka<\/span>","<span class=\"advgb-post-tax-term\">Decoupage<\/span>","<span class=\"advgb-post-tax-term\">El\u00e4m\u00e4nlanka<\/span>","<span class=\"advgb-post-tax-term\">hibiskus<\/span>","<span class=\"advgb-post-tax-term\">kasviluettelo<\/span>","<span class=\"advgb-post-tax-term\">kukkaluettelo<\/span>","<span class=\"advgb-post-tax-term\">Malva<\/span>","<span class=\"advgb-post-tax-term\">Millers<\/span>","<span class=\"advgb-post-tax-term\">Neilikka<\/span>","<span class=\"advgb-post-tax-term\">Ruusu<\/span>","<span class=\"advgb-post-tax-term\">Siemenluettelo<\/span>","<span class=\"advgb-post-tax-term\">sipulikukka<\/span>","<span class=\"advgb-post-tax-term\">skotlantilainen<\/span>","<span class=\"advgb-post-tax-term\">skotti<\/span>","<span class=\"advgb-post-tax-term\">Tsinnia<\/span>","<span class=\"advgb-post-tax-term\">tulppaani<\/span>","<span class=\"advgb-post-tax-term\">vihre\u00e4<\/span>","<span class=\"advgb-post-tax-term\">Viktoriaanisen<\/span>","<span class=\"advgb-post-tax-term\">Vintage<\/span>"],"slug":"product_tag","name":"Avainsanat tuotteelle"},"product_shipping_class":{"linked":[],"unlinked":[],"slug":"product_shipping_class","name":"Tuotteen toimitusluokat"},"pos_product_visibility":{"linked":[],"unlinked":[],"slug":"pos_product_visibility","name":"POS Product visibility"},"pa_arkin-koko":{"linked":[],"unlinked":[],"slug":"pa_arkin-koko","name":"Tuote Arkin koko"},"pa_hiomatyynyn-karkeus":{"linked":[],"unlinked":[],"slug":"pa_hiomatyynyn-karkeus","name":"Tuote Hiomatyynyn karkeus"},"pa_kehys":{"linked":[],"unlinked":[],"slug":"pa_kehys","name":"Tuote Kehys"},"pa_kuvion-nro":{"linked":[],"unlinked":[],"slug":"pa_kuvion-nro","name":"Tuote Kuvion nro"},"pa_littean-pensselin-koko":{"linked":[],"unlinked":[],"slug":"pa_littean-pensselin-koko","name":"Tuote Litte\u00e4n pensselin koko"},"pa_maalivari":{"linked":[],"unlinked":[],"slug":"pa_maalivari","name":"Tuote Maaliv\u00e4ri"},"pa_palatapettien-lkm":{"linked":[],"unlinked":[],"slug":"pa_palatapettien-lkm","name":"Tuote Palatapettien lkm"},"pa_purkin-koko":{"linked":[],"unlinked":[],"slug":"pa_purkin-koko","name":"Tuote Purkin koko"},"pa_sapluunan-koko":{"linked":[],"unlinked":[],"slug":"pa_sapluunan-koko","name":"Tuote Sapluunan koko"},"pa_tabletti":{"linked":[],"unlinked":[],"slug":"pa_tabletti","name":"Tuote Tabletti"},"pa_valitse-sisalto":{"linked":[],"unlinked":[],"slug":"pa_valitse-sisalto","name":"Tuote Valitse sis\u00e4lt\u00f6"},"pa_varjostin":{"linked":[],"unlinked":[],"slug":"pa_varjostin","name":"Tuote Varjostin"}},"series_order":"","jetpack_sharing_enabled":true,"jetpack_likes_enabled":true,"jetpack-related-posts":[{"id":7966,"url":"https:\/\/puuhamari.fi\/?product=a3-rare-finds","url_meta":{"origin":7969,"position":0},"title":"A3 Rare Finds","author":"PuuhaMari","date":"29 maaliskuun, 2024","format":false,"excerpt":"Rehev\u00e4n kasvuston joukossa, luonto\u00e4idin piilossa on turvallista makailla sammalm\u00e4tt\u00e4\u00e4ll\u00e4 ja kuunnella tuulen kuiskailua puiden latvustossa... Saman rauhallisen tunnelman saan n\u00e4ist\u00e4 decoupagearkeista, joista joka ikinen olisi vaikka omien kehystens\u00e4 ja passepartout:n arvoinen! PAKKAUS SIS\u00c4LT\u00c4\u00c4 3 kpl A3-KOKOISIA ARKKEJA: Arkit ovat kesken\u00e4\u00e4n erilaisia. 1 x hennon malvan v\u00e4rinen ruusu ja liljoja, sek\u00e4\u2026","rel":"","context":"Samankaltainen artikkeli","block_context":{"text":"Samankaltainen artikkeli","link":""},"img":{"alt_text":"","src":"https:\/\/i0.wp.com\/puuhamari.fi\/wp-content\/uploads\/2024\/03\/Rare-Finds-1.png?fit=1080%2C1080&ssl=1&resize=350%2C200","width":350,"height":200,"srcset":"https:\/\/i0.wp.com\/puuhamari.fi\/wp-content\/uploads\/2024\/03\/Rare-Finds-1.png?fit=1080%2C1080&ssl=1&resize=350%2C200 1x, https:\/\/i0.wp.com\/puuhamari.fi\/wp-content\/uploads\/2024\/03\/Rare-Finds-1.png?fit=1080%2C1080&ssl=1&resize=525%2C300 1.5x, https:\/\/i0.wp.com\/puuhamari.fi\/wp-content\/uploads\/2024\/03\/Rare-Finds-1.png?fit=1080%2C1080&ssl=1&resize=700%2C400 2x, https:\/\/i0.wp.com\/puuhamari.fi\/wp-content\/uploads\/2024\/03\/Rare-Finds-1.png?fit=1080%2C1080&ssl=1&resize=1050%2C600 3x"},"classes":[]},{"id":7863,"url":"https:\/\/puuhamari.fi\/?product=a3-butterfly","url_meta":{"origin":7969,"position":1},"title":"A3 Butterfly","author":"PuuhaMari","date":"27 maaliskuun, 2024","format":false,"excerpt":"Upea setti, jossa kes\u00e4iset v\u00e4rit suorastaan hehkuvat. Huomaa my\u00f6s, ett\u00e4 tilkkut\u00e4kkim\u00e4iset reunat on suunniteltu haluttaessa k\u00e4ytett\u00e4v\u00e4ksi esim. hyllyjen\/kaapinrunkojen etureunoissa! (Niiss\u00e4, mihin ennen vanhaan laitettiin nastalla kiinni pitsinauhaa, you know...) PAKKAUS SIS\u00c4LT\u00c4\u00c4 3 kpl A3-KOKOISIA ARKKEJA: 1\u00a0 arkki jossa kolme eri v\u00e4rist\u00e4 ja kuvioista perhosta, 1 arkki josta p\u00e4\u00e4roolissa oleva perhonen\u2026","rel":"","context":"Samankaltainen artikkeli","block_context":{"text":"Samankaltainen artikkeli","link":""},"img":{"alt_text":"","src":"https:\/\/i0.wp.com\/puuhamari.fi\/wp-content\/uploads\/2024\/03\/Butterfly-1.png?fit=1080%2C1080&ssl=1&resize=350%2C200","width":350,"height":200,"srcset":"https:\/\/i0.wp.com\/puuhamari.fi\/wp-content\/uploads\/2024\/03\/Butterfly-1.png?fit=1080%2C1080&ssl=1&resize=350%2C200 1x, https:\/\/i0.wp.com\/puuhamari.fi\/wp-content\/uploads\/2024\/03\/Butterfly-1.png?fit=1080%2C1080&ssl=1&resize=525%2C300 1.5x, https:\/\/i0.wp.com\/puuhamari.fi\/wp-content\/uploads\/2024\/03\/Butterfly-1.png?fit=1080%2C1080&ssl=1&resize=700%2C400 2x, https:\/\/i0.wp.com\/puuhamari.fi\/wp-content\/uploads\/2024\/03\/Butterfly-1.png?fit=1080%2C1080&ssl=1&resize=1050%2C600 3x"},"classes":[]},{"id":7971,"url":"https:\/\/puuhamari.fi\/?product=a3-virginia","url_meta":{"origin":7969,"position":2},"title":"A3 Virginia","author":"PuuhaMari","date":"29 maaliskuun, 2024","format":false,"excerpt":"\u00c4l\u00e4 anna t\u00e4m\u00e4n setin taitettujen v\u00e4ris\u00e4vyjen h\u00e4m\u00e4t\u00e4 itse\u00e4si; kyseess\u00e4 on val-ta-van kaunis ja tunnelmallinen decoupagekolmikko, joka on t\u00e4ysin kotonaan esim. makuu-\/olohuoneen suurissa kaapeissa ja senkeiss\u00e4. Kauniit burgundinpunaiset ja malvanv\u00e4riset pionit yhdess\u00e4 tummanharmaaksi tyyliteltyjen papukaijojen kanssa ovat kuin suoraan 1800-luvun herraskartanon seinilt\u00e4 tuotuja! PAKKAUS SIS\u00c4LT\u00c4\u00c4 3 kpl A3-KOKOISIA ARKKEJA: 1 arkki,\u2026","rel":"","context":"Samankaltainen artikkeli","block_context":{"text":"Samankaltainen artikkeli","link":""},"img":{"alt_text":"","src":"https:\/\/i0.wp.com\/puuhamari.fi\/wp-content\/uploads\/2024\/03\/Virginia-1.png?fit=1080%2C1080&ssl=1&resize=350%2C200","width":350,"height":200,"srcset":"https:\/\/i0.wp.com\/puuhamari.fi\/wp-content\/uploads\/2024\/03\/Virginia-1.png?fit=1080%2C1080&ssl=1&resize=350%2C200 1x, https:\/\/i0.wp.com\/puuhamari.fi\/wp-content\/uploads\/2024\/03\/Virginia-1.png?fit=1080%2C1080&ssl=1&resize=525%2C300 1.5x, https:\/\/i0.wp.com\/puuhamari.fi\/wp-content\/uploads\/2024\/03\/Virginia-1.png?fit=1080%2C1080&ssl=1&resize=700%2C400 2x, https:\/\/i0.wp.com\/puuhamari.fi\/wp-content\/uploads\/2024\/03\/Virginia-1.png?fit=1080%2C1080&ssl=1&resize=1050%2C600 3x"},"classes":[]},{"id":8841,"url":"https:\/\/puuhamari.fi\/?product=a3-enchantment-under-the-sea","url_meta":{"origin":7969,"position":3},"title":"A3 Enchantment under the sea","author":"PuuhaMari","date":"5 syyskuun, 2024","format":false,"excerpt":"\"Merenalaista lumoa\" vapaasti k\u00e4\u00e4nnettyn\u00e4. Punatukkaiset ja s\u00e4ihkyv\u00e4pyrst\u00f6iset merenneidot \"lemmikkeineen\" on kiehtovalla tavalla yhdistetty maalla kasvaviin lehtiin ja marjoihin. Merenneitojen katseet, sek\u00e4 houkuttelevan punaiset, vihre\u00e4t ja turkoosit v\u00e4ris\u00e4vyt pit\u00e4v\u00e4t katsojan vastustamattoman tiukasti otteessaan! Huomaa my\u00f6s kerroksellisen kuvan alin kerros, jonka tummat kuviot viev\u00e4t PuuhaMarin ajatukset samanaikaisesti sek\u00e4 Intiaan, ett\u00e4 keskiaikaiseen Eurooppaan.\u2026","rel":"","context":"Samankaltainen artikkeli","block_context":{"text":"Samankaltainen artikkeli","link":""},"img":{"alt_text":"","src":"https:\/\/i0.wp.com\/puuhamari.fi\/wp-content\/uploads\/2024\/09\/Enchantment-under-the-sea-1.png?fit=1080%2C1080&ssl=1&resize=350%2C200","width":350,"height":200,"srcset":"https:\/\/i0.wp.com\/puuhamari.fi\/wp-content\/uploads\/2024\/09\/Enchantment-under-the-sea-1.png?fit=1080%2C1080&ssl=1&resize=350%2C200 1x, https:\/\/i0.wp.com\/puuhamari.fi\/wp-content\/uploads\/2024\/09\/Enchantment-under-the-sea-1.png?fit=1080%2C1080&ssl=1&resize=525%2C300 1.5x, https:\/\/i0.wp.com\/puuhamari.fi\/wp-content\/uploads\/2024\/09\/Enchantment-under-the-sea-1.png?fit=1080%2C1080&ssl=1&resize=700%2C400 2x, https:\/\/i0.wp.com\/puuhamari.fi\/wp-content\/uploads\/2024\/09\/Enchantment-under-the-sea-1.png?fit=1080%2C1080&ssl=1&resize=1050%2C600 3x"},"classes":[]},{"id":7845,"url":"https:\/\/puuhamari.fi\/?product=a3-amoramo-3-pack","url_meta":{"origin":7969,"position":4},"title":"A3 Amoramo","author":"PuuhaMari","date":"27 maaliskuun, 2024","format":false,"excerpt":"Italialaista renesanssia kauniilla yksityiskohdilla varustettuna. PAKKAUS SIS\u00c4LT\u00c4\u00c4 3 kpl A3-KOKOISIA ARKKEJA: 1\u00a0 arkki, jossa iso kukkakuvio + 2 arkkia, joissa pienemm\u00e4t kukkakuviot. (Kts. oheiset kuvat) N\u00e4m\u00e4 kuvat on painettu erikoisvalmisteiselle, kierr\u00e4tetylle paperille, jonka vahvuus on n. 53 g\/m\u00b2. Se on siis tuplasti vahvempaa kuin moni riisipaperi, ja asettuu siksi helpommin\u2026","rel":"","context":"Samankaltainen artikkeli","block_context":{"text":"Samankaltainen artikkeli","link":""},"img":{"alt_text":"","src":"https:\/\/i0.wp.com\/puuhamari.fi\/wp-content\/uploads\/2024\/03\/Amoramo-1.png?fit=1080%2C1080&ssl=1&resize=350%2C200","width":350,"height":200,"srcset":"https:\/\/i0.wp.com\/puuhamari.fi\/wp-content\/uploads\/2024\/03\/Amoramo-1.png?fit=1080%2C1080&ssl=1&resize=350%2C200 1x, https:\/\/i0.wp.com\/puuhamari.fi\/wp-content\/uploads\/2024\/03\/Amoramo-1.png?fit=1080%2C1080&ssl=1&resize=525%2C300 1.5x, https:\/\/i0.wp.com\/puuhamari.fi\/wp-content\/uploads\/2024\/03\/Amoramo-1.png?fit=1080%2C1080&ssl=1&resize=700%2C400 2x, https:\/\/i0.wp.com\/puuhamari.fi\/wp-content\/uploads\/2024\/03\/Amoramo-1.png?fit=1080%2C1080&ssl=1&resize=1050%2C600 3x"},"classes":[]},{"id":7899,"url":"https:\/\/puuhamari.fi\/?product=a3-fortune-favours-the-bold","url_meta":{"origin":7969,"position":5},"title":"A3 Fortune Favours the Bold","author":"PuuhaMari","date":"28 maaliskuun, 2024","format":false,"excerpt":"PuuhaMarin suosikkeja!!! Vintagehenkinen setti fantastisia katseenvangitsijoita, joiden kirkkaat v\u00e4ris\u00e4vyt upean seesteist\u00e4 taustaa vasten mahdollistavat kuvien sopeutumisen l\u00e4hes mihin tahansa kotiin! PAKKAUS SIS\u00c4LT\u00c4\u00c4 3 kpl A3-KOKOISIA ARKKEJA: 1 arkki, jossa taustalla astrologisia symboleja, sek\u00e4 teksti Fortune Favours the Bold (Onni suosii rohkeaa) + 2 kesken\u00e4\u00e4n peilikuvaista arkkia, joissa mm. nuoren naisen\u2026","rel":"","context":"Samankaltainen artikkeli","block_context":{"text":"Samankaltainen artikkeli","link":""},"img":{"alt_text":"","src":"https:\/\/i0.wp.com\/puuhamari.fi\/wp-content\/uploads\/2024\/03\/Fortune-Favours-the-Bold-1.jpg?fit=1080%2C1080&ssl=1&resize=350%2C200","width":350,"height":200,"srcset":"https:\/\/i0.wp.com\/puuhamari.fi\/wp-content\/uploads\/2024\/03\/Fortune-Favours-the-Bold-1.jpg?fit=1080%2C1080&ssl=1&resize=350%2C200 1x, https:\/\/i0.wp.com\/puuhamari.fi\/wp-content\/uploads\/2024\/03\/Fortune-Favours-the-Bold-1.jpg?fit=1080%2C1080&ssl=1&resize=525%2C300 1.5x, https:\/\/i0.wp.com\/puuhamari.fi\/wp-content\/uploads\/2024\/03\/Fortune-Favours-the-Bold-1.jpg?fit=1080%2C1080&ssl=1&resize=700%2C400 2x, https:\/\/i0.wp.com\/puuhamari.fi\/wp-content\/uploads\/2024\/03\/Fortune-Favours-the-Bold-1.jpg?fit=1080%2C1080&ssl=1&resize=1050%2C600 3x"},"classes":[]}],"_links":{"self":[{"href":"https:\/\/puuhamari.fi\/index.php?rest_route=\/wp\/v2\/product\/7969","targetHints":{"allow":["GET"]}}],"collection":[{"href":"https:\/\/puuhamari.fi\/index.php?rest_route=\/wp\/v2\/product"}],"about":[{"href":"https:\/\/puuhamari.fi\/index.php?rest_route=\/wp\/v2\/types\/product"}],"replies":[{"embeddable":true,"href":"https:\/\/puuhamari.fi\/index.php?rest_route=%2Fwp%2Fv2%2Fcomments&post=7969"}],"version-history":[{"count":2,"href":"https:\/\/puuhamari.fi\/index.php?rest_route=\/wp\/v2\/product\/7969\/revisions"}],"predecessor-version":[{"id":8097,"href":"https:\/\/puuhamari.fi\/index.php?rest_route=\/wp\/v2\/product\/7969\/revisions\/8097"}],"wp:featuredmedia":[{"embeddable":true,"href":"https:\/\/puuhamari.fi\/index.php?rest_route=\/wp\/v2\/media\/7956"}],"wp:attachment":[{"href":"https:\/\/puuhamari.fi\/index.php?rest_route=%2Fwp%2Fv2%2Fmedia&parent=7969"}],"wp:term":[{"taxonomy":"product_brand","embeddable":true,"href":"https:\/\/puuhamari.fi\/index.php?rest_route=%2Fwp%2Fv2%2Fproduct_brand&post=7969"},{"taxonomy":"product_cat","embeddable":true,"href":"https:\/\/puuhamari.fi\/index.php?rest_route=%2Fwp%2Fv2%2Fproduct_cat&post=7969"},{"taxonomy":"product_tag","embeddable":true,"href":"https:\/\/puuhamari.fi\/index.php?rest_route=%2Fwp%2Fv2%2Fproduct_tag&post=7969"}],"curies":[{"name":"wp","href":"https:\/\/api.w.org\/{rel}","templated":true}]}}