{"id":8041,"date":"2024-05-01T18:54:26","date_gmt":"2024-05-01T18:54:26","guid":{"rendered":"https:\/\/puuhamari.fi\/?post_type=product&#038;p=8041"},"modified":"2025-09-05T04:26:10","modified_gmt":"2025-09-05T01:26:10","slug":"bostik-puuliima-ulos-sisalle","status":"publish","type":"product","link":"https:\/\/puuhamari.fi\/?product=bostik-puuliima-ulos-sisalle","title":{"rendered":"Bostik puuliima ulos &#038; sis\u00e4lle"},"content":{"rendered":"<h6>TEKNISET TIEDOT<\/h6>\n<p><strong>Nimi: <\/strong>Bostik Wood Adhesive 730 Outdoor<strong><br \/>\nTy\u00f6l\u00e4mp\u00f6tila<\/strong>:\u00a0Huoneenl\u00e4mp\u00f6<br \/>\n<strong>Lujuusluokka<\/strong>: D3<br \/>\n<strong class=\"h4-style heading-alt mb-0 mt-1\" style=\"font-family: var(--global-body-font-family);\">Kemiallinen perusta: <\/strong><span style=\"font-family: var(--global-body-font-family);\">polyvinyyliasetaattidispersio<\/span><\/p>\n<p>Kosteudenkesto t\u00e4ytt\u00e4\u00e4 DIN EN204 luokan D3\/B3 vaatimukset.<\/p>\n","protected":false},"excerpt":{"rendered":"<p>Ammattilaistason supertehokas puuliima, joka sopii kosteudenkestonsa ansiosta sek\u00e4 sis\u00e4-, ett\u00e4 ulkokohteisiin. Voit liimata<span style=\"font-family: var(--global-body-font-family);\"> kaikkia puuainesta olevia materiaaleja (paperi, puu, puulevyt, lastulevy, vaneri), sek\u00e4 styroxia. Vesipohjainen. Koko 0,75 L<\/span><\/p>\n<p><span style=\"font-family: var(--global-body-font-family);\">Isoissa projekteissa: levit\u00e4 liimaa molemmille liimattaville pinnoille ja purista yhteen. Pienemmiss\u00e4 koristeluprojekteissa riitt\u00e4\u00e4, ett\u00e4 levit\u00e4t maalin vain yhdelle pinnalle, asetat koristeen paikalleen, ja painat sit\u00e4 hetken.\u00a0<\/span><\/p>\n<p><span style=\"font-family: var(--global-body-font-family);\">Pyyhi mahdollinen ylipursuava liima pois kostealla liinalla tai kankaalla. Valkoinen liima muuttuu kuivuttuaan v\u00e4ritt\u00f6m\u00e4ksi.<\/span><\/p>\n<p><span style=\"font-family: var(--global-body-font-family);\">Asennusaika 0 &#8211; 5 min.<br \/>\nPuristusaika 5 &#8211; 30 min.<\/span><\/p>\n<ul>\n<li>Nopeasti kuivuva<\/li>\n<li>Kosteutta kest\u00e4v\u00e4<\/li>\n<li>Korkea liiman pitolujuus<\/li>\n<\/ul>\n<p>Tarkemmat tekniset tiedot alempana <span class=\"x1xsqp64 xiy17q3 x1o6pynw x19co3pv xdj266r xcwd3tp xat24cr x39eecv x2b8uid\" data-testid=\"emoji\"><span class=\"xexx8yu xn5pp95 x18d9i69 x2fxd7x x3jgonx x1bhl96m\">\u2b07\ufe0f<\/span><\/span><\/p>\n","protected":false},"author":1,"featured_media":8042,"comment_status":"open","ping_status":"closed","template":"","meta":{"advgb_blocks_editor_width":"","advgb_blocks_columns_visual_guide":"","advanced_seo_description":"","jetpack_seo_html_title":"","jetpack_seo_noindex":false,"_kad_post_transparent":"default","_kad_post_title":"","_kad_post_layout":"default","_kad_post_sidebar_id":"","_kad_post_content_style":"default","_kad_post_vertical_padding":"default","_kad_post_feature":"","_kad_post_feature_position":"","_kad_post_header":false,"_kad_post_footer":false,"_kad_post_classname":"","jetpack_post_was_ever_published":false},"product_brand":[],"product_cat":[1035],"product_tag":[1042,1049,1038,1036,1037,1045,1047,1046,1048],"class_list":{"0":"post-8041","1":"product","2":"type-product","3":"status-publish","4":"has-post-thumbnail","6":"product_cat-liimat","7":"product_tag-b3","8":"product_tag-bostik-wood-adhesive-730-outdoor","9":"product_tag-d3","10":"product_tag-liima","11":"product_tag-puuliima","12":"product_tag-sisaliima","13":"product_tag-sisalle","14":"product_tag-ulkoliima","15":"product_tag-ulos","17":"first","18":"instock","19":"taxable","20":"shipping-taxable","21":"purchasable","22":"product-type-simple","23":"entry","24":"content-bg","25":"loop-entry"},"featured_img":"https:\/\/puuhamari.fi\/wp-content\/uploads\/2024\/04\/IMG_20240430_181329.jpg","coauthors":[],"author_meta":{"author_link":"https:\/\/puuhamari.fi\/?author=1","display_name":"PuuhaMari"},"relative_dates":{"created":"Julkaistu 2 vuotta sitten","modified":"P\u00e4ivitetty 8 kuukautta sitten"},"absolute_dates":{"created":"Julkaistu 1 toukokuun, 2024","modified":"P\u00e4ivitetty 5 syyskuun, 2025"},"absolute_dates_time":{"created":"Julkaistu 1 toukokuun, 2024 6:54 pm","modified":"P\u00e4ivitetty 5 syyskuun, 2025 4:26 am"},"featured_img_caption":"","tax_additional":{"product_brand":{"linked":[],"unlinked":[],"slug":"product_brand","name":"Br\u00e4ndit"},"product_type":{"linked":["<a href=\"https:\/\/puuhamari.fi\/?taxonomy=product_type&#038;term=simple\" class=\"advgb-post-tax-term\">simple<\/a>"],"unlinked":["<span class=\"advgb-post-tax-term\">simple<\/span>"],"slug":"product_type","name":"Tuotetyyppi"},"product_visibility":{"linked":[],"unlinked":[],"slug":"product_visibility","name":"Tuotteen n\u00e4kyvyys"},"product_cat":{"linked":["<a href=\"https:\/\/puuhamari.fi\/?product_cat=liimat\" class=\"advgb-post-tax-term\">Liimat<\/a>"],"unlinked":["<span class=\"advgb-post-tax-term\">Liimat<\/span>"],"slug":"product_cat","name":"Osastot"},"product_tag":{"linked":["<a href=\"https:\/\/puuhamari.fi\/?product_tag=b3\" class=\"advgb-post-tax-term\">B3<\/a>","<a href=\"https:\/\/puuhamari.fi\/?product_tag=bostik-wood-adhesive-730-outdoor\" class=\"advgb-post-tax-term\">Bostik Wood Adhesive 730 Outdoor<\/a>","<a href=\"https:\/\/puuhamari.fi\/?product_tag=d3\" class=\"advgb-post-tax-term\">D3<\/a>","<a href=\"https:\/\/puuhamari.fi\/?product_tag=liima\" class=\"advgb-post-tax-term\">Liima<\/a>","<a href=\"https:\/\/puuhamari.fi\/?product_tag=puuliima\" class=\"advgb-post-tax-term\">puuliima<\/a>","<a href=\"https:\/\/puuhamari.fi\/?product_tag=sisaliima\" class=\"advgb-post-tax-term\">Sis\u00e4liima<\/a>","<a href=\"https:\/\/puuhamari.fi\/?product_tag=sisalle\" class=\"advgb-post-tax-term\">sis\u00e4lle<\/a>","<a href=\"https:\/\/puuhamari.fi\/?product_tag=ulkoliima\" class=\"advgb-post-tax-term\">Ulkoliima<\/a>","<a href=\"https:\/\/puuhamari.fi\/?product_tag=ulos\" class=\"advgb-post-tax-term\">ulos<\/a>"],"unlinked":["<span class=\"advgb-post-tax-term\">B3<\/span>","<span class=\"advgb-post-tax-term\">Bostik Wood Adhesive 730 Outdoor<\/span>","<span class=\"advgb-post-tax-term\">D3<\/span>","<span class=\"advgb-post-tax-term\">Liima<\/span>","<span class=\"advgb-post-tax-term\">puuliima<\/span>","<span class=\"advgb-post-tax-term\">Sis\u00e4liima<\/span>","<span class=\"advgb-post-tax-term\">sis\u00e4lle<\/span>","<span class=\"advgb-post-tax-term\">Ulkoliima<\/span>","<span class=\"advgb-post-tax-term\">ulos<\/span>"],"slug":"product_tag","name":"Avainsanat tuotteelle"},"product_shipping_class":{"linked":[],"unlinked":[],"slug":"product_shipping_class","name":"Tuotteen toimitusluokat"},"pos_product_visibility":{"linked":[],"unlinked":[],"slug":"pos_product_visibility","name":"POS Product visibility"},"pa_arkin-koko":{"linked":[],"unlinked":[],"slug":"pa_arkin-koko","name":"Tuote Arkin koko"},"pa_hiomatyynyn-karkeus":{"linked":[],"unlinked":[],"slug":"pa_hiomatyynyn-karkeus","name":"Tuote Hiomatyynyn karkeus"},"pa_kehys":{"linked":[],"unlinked":[],"slug":"pa_kehys","name":"Tuote Kehys"},"pa_kuvion-nro":{"linked":[],"unlinked":[],"slug":"pa_kuvion-nro","name":"Tuote Kuvion nro"},"pa_littean-pensselin-koko":{"linked":[],"unlinked":[],"slug":"pa_littean-pensselin-koko","name":"Tuote Litte\u00e4n pensselin koko"},"pa_maalivari":{"linked":[],"unlinked":[],"slug":"pa_maalivari","name":"Tuote Maaliv\u00e4ri"},"pa_palatapettien-lkm":{"linked":[],"unlinked":[],"slug":"pa_palatapettien-lkm","name":"Tuote Palatapettien lkm"},"pa_purkin-koko":{"linked":["<a href=\"https:\/\/puuhamari.fi\/?taxonomy=pa_purkin-koko&#038;term=750-ml\" class=\"advgb-post-tax-term\">750 ml<\/a>"],"unlinked":["<span class=\"advgb-post-tax-term\">750 ml<\/span>"],"slug":"pa_purkin-koko","name":"Tuote Purkin koko"},"pa_sapluunan-koko":{"linked":[],"unlinked":[],"slug":"pa_sapluunan-koko","name":"Tuote Sapluunan koko"},"pa_tabletti":{"linked":[],"unlinked":[],"slug":"pa_tabletti","name":"Tuote Tabletti"},"pa_valitse-sisalto":{"linked":[],"unlinked":[],"slug":"pa_valitse-sisalto","name":"Tuote Valitse sis\u00e4lt\u00f6"},"pa_varjostin":{"linked":[],"unlinked":[],"slug":"pa_varjostin","name":"Tuote Varjostin"}},"series_order":"","jetpack_sharing_enabled":true,"jetpack_likes_enabled":true,"jetpack-related-posts":[{"id":8185,"url":"https:\/\/puuhamari.fi\/?product=koristekuvio-shyness","url_meta":{"origin":8041,"position":0},"title":"Koristekuvio Shyness","author":"PuuhaMari","date":"17 hein\u00e4kuun, 2024","format":false,"excerpt":"Puupuristetta, joka huoneenl\u00e4mm\u00f6ss\u00e4 k\u00e4ytt\u00e4ytyy kuten tavalliset puukoristeet, mutta l\u00e4mmitettyn\u00e4 taipuu ja muotoutuu mm. py\u00f6reisiin ja kulmikkaisiin kalusteiden kohtiin. Kiinnitet\u00e4\u00e4n tavallisella puuliimalla. Pakkauksessa 2 koristetta, joiden leveydet ovat 20,2 cm ja korkeudet 6,5 cm. L\u00c4MMIT\u00c4, LIIMAA, MAALAA; niin yksinkertainen on FlexyWood.","rel":"","context":"Samankaltainen artikkeli","block_context":{"text":"Samankaltainen artikkeli","link":""},"img":{"alt_text":"","src":"https:\/\/i0.wp.com\/puuhamari.fi\/wp-content\/uploads\/2024\/07\/SHYNESS-pair-510x510-1.jpg?fit=510%2C510&ssl=1&resize=350%2C200","width":350,"height":200},"classes":[]},{"id":8184,"url":"https:\/\/puuhamari.fi\/?product=koristekuvio-heart-key","url_meta":{"origin":8041,"position":1},"title":"Koristekuvio Heart Key","author":"PuuhaMari","date":"17 hein\u00e4kuun, 2024","format":false,"excerpt":"Puupuristetta, joka huoneenl\u00e4mm\u00f6ss\u00e4 k\u00e4ytt\u00e4ytyy kuten tavalliset puukoristeet, mutta l\u00e4mmitettyn\u00e4 taipuu ja muotoutuu mm. py\u00f6reisiin ja kulmikkaisiin kalusteiden kohtiin. Kiinnitet\u00e4\u00e4n tavallisella puuliimalla. Pakkauksessa 1 koriste, jonka leveys on 2,8 cm ja korkeus 4,4 cm. L\u00c4MMIT\u00c4, LIIMAA, MAALAA; niin yksinkertainen on FlexyWood.","rel":"","context":"Samankaltainen artikkeli","block_context":{"text":"Samankaltainen artikkeli","link":""},"img":{"alt_text":"","src":"https:\/\/i0.wp.com\/puuhamari.fi\/wp-content\/uploads\/2024\/07\/HEART-KEY-510x510-1.jpg?fit=510%2C510&ssl=1&resize=350%2C200","width":350,"height":200},"classes":[]},{"id":7730,"url":"https:\/\/puuhamari.fi\/?product=koristekaiverrus-leaf","url_meta":{"origin":8041,"position":2},"title":"Koristekuvio Leaf","author":"PuuhaMari","date":"19 helmikuun, 2024","format":false,"excerpt":"Isohkon koristekuvion materiaali on puupuristetta, joka huoneenl\u00e4mm\u00f6ss\u00e4 k\u00e4ytt\u00e4ytyy kuten tavalliset puukoristeet, mutta l\u00e4mmitettyn\u00e4 taipuu ja muotoutuu mm. py\u00f6reisiin ja kulmikkaisiin kalusteiden kohtiin. Kiinnitet\u00e4\u00e4n tavallisella puuliimalla. Pakkauksessa 1 koriste, jonka pituus on 15,5 cm ja leveys n. 10 cm. L\u00c4MMIT\u00c4, LIIMAA, MAALAA; niin yksinkertainen on FlexyWood.","rel":"","context":"Samankaltainen artikkeli","block_context":{"text":"Samankaltainen artikkeli","link":""},"img":{"alt_text":"","src":"https:\/\/i0.wp.com\/puuhamari.fi\/wp-content\/uploads\/2024\/02\/FlexyWood-Leaf.jpg?fit=497%2C496&ssl=1&resize=350%2C200","width":350,"height":200},"classes":[]},{"id":8182,"url":"https:\/\/puuhamari.fi\/?product=koristekuvio-clarissa","url_meta":{"origin":8041,"position":3},"title":"Koristekuvio Clarissa","author":"PuuhaMari","date":"17 hein\u00e4kuun, 2024","format":false,"excerpt":"Puupuristetta, joka huoneenl\u00e4mm\u00f6ss\u00e4 k\u00e4ytt\u00e4ytyy kuten tavalliset puukoristeet, mutta l\u00e4mmitettyn\u00e4 taipuu ja muotoutuu mm. py\u00f6reisiin ja kulmikkaisiin kalusteiden kohtiin. Kiinnitet\u00e4\u00e4n tavallisella puuliimalla. Pakkauksessa 1 koriste, jonka leveys on 18 cm ja korkeus 8 cm. L\u00c4MMIT\u00c4, LIIMAA, MAALAA; niin yksinkertainen on FlexyWood.","rel":"","context":"With 2 comments","block_context":{"text":"With 2 comments","link":"https:\/\/puuhamari.fi\/?product=koristekuvio-clarissa#comments"},"img":{"alt_text":"","src":"https:\/\/i0.wp.com\/puuhamari.fi\/wp-content\/uploads\/2024\/07\/CLARISSA-1.jpg?fit=500%2C500&ssl=1&resize=350%2C200","width":350,"height":200},"classes":[]},{"id":8183,"url":"https:\/\/puuhamari.fi\/?product=koristekuvio-elegant-bow","url_meta":{"origin":8041,"position":4},"title":"Koristekuvio Elegant Bow","author":"PuuhaMari","date":"17 hein\u00e4kuun, 2024","format":false,"excerpt":"Puupuristetta, joka huoneenl\u00e4mm\u00f6ss\u00e4 k\u00e4ytt\u00e4ytyy kuten tavalliset puukoristeet, mutta l\u00e4mmitettyn\u00e4 taipuu ja muotoutuu mm. py\u00f6reisiin ja kulmikkaisiin kalusteiden kohtiin. Kiinnitet\u00e4\u00e4n tavallisella puuliimalla. Pakkauksessa 1 koriste, jonka leveys on 7,7 cm ja korkeus 12,5 cm. L\u00c4MMIT\u00c4, LIIMAA, MAALAA; niin yksinkertainen on FlexyWood.","rel":"","context":"Samankaltainen artikkeli","block_context":{"text":"Samankaltainen artikkeli","link":""},"img":{"alt_text":"","src":"https:\/\/i0.wp.com\/puuhamari.fi\/wp-content\/uploads\/2024\/07\/ELEGANT-BOW.jpg?fit=500%2C500&ssl=1&resize=350%2C200","width":350,"height":200},"classes":[]},{"id":8186,"url":"https:\/\/puuhamari.fi\/?product=koristekuvio-iride","url_meta":{"origin":8041,"position":5},"title":"Koristekuvio Iride","author":"PuuhaMari","date":"17 hein\u00e4kuun, 2024","format":false,"excerpt":"Puupuristetta, joka huoneenl\u00e4mm\u00f6ss\u00e4 k\u00e4ytt\u00e4ytyy kuten tavalliset puukoristeet, mutta l\u00e4mmitettyn\u00e4 taipuu ja muotoutuu mm. py\u00f6reisiin ja kulmikkaisiin kalusteiden kohtiin. Kiinnitet\u00e4\u00e4n tavallisella puuliimalla. Jokaisessa pakkauksessa on 2 koristetta, joiden leveydet ovat 19,7 cm ja korkeudet 9,7 cm. HUOM! Alla n\u00e4kyv\u00e4 varastom\u00e4\u00e4r\u00e4 on PAKKAUSTEN lukum\u00e4\u00e4r\u00e4. L\u00c4MMIT\u00c4, LIIMAA, MAALAA; niin yksinkertainen on FlexyWood.","rel":"","context":"Samankaltainen artikkeli","block_context":{"text":"Samankaltainen artikkeli","link":""},"img":{"alt_text":"","src":"https:\/\/i0.wp.com\/puuhamari.fi\/wp-content\/uploads\/2024\/07\/PAIR-OF-IRIDE.jpg?fit=500%2C500&ssl=1&resize=350%2C200","width":350,"height":200},"classes":[]}],"_links":{"self":[{"href":"https:\/\/puuhamari.fi\/index.php?rest_route=\/wp\/v2\/product\/8041","targetHints":{"allow":["GET"]}}],"collection":[{"href":"https:\/\/puuhamari.fi\/index.php?rest_route=\/wp\/v2\/product"}],"about":[{"href":"https:\/\/puuhamari.fi\/index.php?rest_route=\/wp\/v2\/types\/product"}],"replies":[{"embeddable":true,"href":"https:\/\/puuhamari.fi\/index.php?rest_route=%2Fwp%2Fv2%2Fcomments&post=8041"}],"version-history":[{"count":6,"href":"https:\/\/puuhamari.fi\/index.php?rest_route=\/wp\/v2\/product\/8041\/revisions"}],"predecessor-version":[{"id":8062,"href":"https:\/\/puuhamari.fi\/index.php?rest_route=\/wp\/v2\/product\/8041\/revisions\/8062"}],"wp:featuredmedia":[{"embeddable":true,"href":"https:\/\/puuhamari.fi\/index.php?rest_route=\/wp\/v2\/media\/8042"}],"wp:attachment":[{"href":"https:\/\/puuhamari.fi\/index.php?rest_route=%2Fwp%2Fv2%2Fmedia&parent=8041"}],"wp:term":[{"taxonomy":"product_brand","embeddable":true,"href":"https:\/\/puuhamari.fi\/index.php?rest_route=%2Fwp%2Fv2%2Fproduct_brand&post=8041"},{"taxonomy":"product_cat","embeddable":true,"href":"https:\/\/puuhamari.fi\/index.php?rest_route=%2Fwp%2Fv2%2Fproduct_cat&post=8041"},{"taxonomy":"product_tag","embeddable":true,"href":"https:\/\/puuhamari.fi\/index.php?rest_route=%2Fwp%2Fv2%2Fproduct_tag&post=8041"}],"curies":[{"name":"wp","href":"https:\/\/api.w.org\/{rel}","templated":true}]}}