{"id":8089,"date":"2024-05-23T12:38:27","date_gmt":"2024-05-23T12:38:27","guid":{"rendered":"https:\/\/puuhamari.fi\/?post_type=product&#038;p=8089"},"modified":"2025-09-05T04:26:08","modified_gmt":"2025-09-05T01:26:08","slug":"kleinbus-uusi","status":"publish","type":"product","link":"https:\/\/puuhamari.fi\/?product=kleinbus-uusi","title":{"rendered":"Kleinbus &#8211; uusi"},"content":{"rendered":"","protected":false},"excerpt":{"rendered":"<p>Peace &amp; Flower Power! Maalaa tai vahaa v\u00e4rillisell\u00e4 kalustevahalla, ja koristele villin psykedelisell\u00e4 decoupage-paperilla, n\u00e4pp\u00e4rill\u00e4 Die-Cutseilla tai suloisilla pikku siirtokuvilla.<\/p>\n<p>Mitat: P 17 cm, L 10 cm, K 13 cm.<\/p>\n<p>(Huom! Jos k\u00e4yt\u00e4t vahaa, niin laita se AINA viimeisen\u00e4, sill\u00e4 siihen ei mik\u00e4\u00e4n koristelu ota kunnolla kiinni.)<\/p>\n","protected":false},"author":1,"featured_media":8093,"comment_status":"open","ping_status":"closed","template":"","meta":{"advgb_blocks_editor_width":"","advgb_blocks_columns_visual_guide":"","advanced_seo_description":"","jetpack_seo_html_title":"","jetpack_seo_noindex":false,"_kad_post_transparent":"default","_kad_post_title":"","_kad_post_layout":"default","_kad_post_sidebar_id":"","_kad_post_content_style":"default","_kad_post_vertical_padding":"default","_kad_post_feature":"","_kad_post_feature_position":"","_kad_post_header":false,"_kad_post_footer":false,"_kad_post_classname":"","jetpack_post_was_ever_published":false},"product_brand":[],"product_cat":[579],"product_tag":[1053,1050,1051,1054,1052],"class_list":{"0":"post-8089","1":"product","2":"type-product","3":"status-publish","4":"has-post-thumbnail","6":"product_cat-tuunattavaa","7":"product_tag-diy","8":"product_tag-kleinbus","9":"product_tag-pikkubussi","10":"product_tag-tsi","11":"product_tag-vw","13":"first","14":"instock","15":"sale","16":"taxable","17":"shipping-taxable","18":"purchasable","19":"product-type-simple","20":"entry","21":"content-bg","22":"loop-entry"},"featured_img":"https:\/\/puuhamari.fi\/wp-content\/uploads\/2024\/05\/Minivan.webp","coauthors":[],"author_meta":{"author_link":"https:\/\/puuhamari.fi\/?author=1","display_name":"PuuhaMari"},"relative_dates":{"created":"Julkaistu 2 vuotta sitten","modified":"P\u00e4ivitetty 8 kuukautta sitten"},"absolute_dates":{"created":"Julkaistu 23 toukokuun, 2024","modified":"P\u00e4ivitetty 5 syyskuun, 2025"},"absolute_dates_time":{"created":"Julkaistu 23 toukokuun, 2024 12:38 pm","modified":"P\u00e4ivitetty 5 syyskuun, 2025 4:26 am"},"featured_img_caption":"","tax_additional":{"product_brand":{"linked":[],"unlinked":[],"slug":"product_brand","name":"Br\u00e4ndit"},"product_type":{"linked":["<a href=\"https:\/\/puuhamari.fi\/?taxonomy=product_type&#038;term=simple\" class=\"advgb-post-tax-term\">simple<\/a>"],"unlinked":["<span class=\"advgb-post-tax-term\">simple<\/span>"],"slug":"product_type","name":"Tuotetyyppi"},"product_visibility":{"linked":[],"unlinked":[],"slug":"product_visibility","name":"Tuotteen n\u00e4kyvyys"},"product_cat":{"linked":["<a href=\"https:\/\/puuhamari.fi\/?product_cat=tuunattavaa\" class=\"advgb-post-tax-term\">Tuunattavaa<\/a>"],"unlinked":["<span class=\"advgb-post-tax-term\">Tuunattavaa<\/span>"],"slug":"product_cat","name":"Osastot"},"product_tag":{"linked":["<a href=\"https:\/\/puuhamari.fi\/?product_tag=diy\" class=\"advgb-post-tax-term\">DIY<\/a>","<a href=\"https:\/\/puuhamari.fi\/?product_tag=kleinbus\" class=\"advgb-post-tax-term\">Kleinbus<\/a>","<a href=\"https:\/\/puuhamari.fi\/?product_tag=pikkubussi\" class=\"advgb-post-tax-term\">pikkubussi<\/a>","<a href=\"https:\/\/puuhamari.fi\/?product_tag=tsi\" class=\"advgb-post-tax-term\">TSI<\/a>","<a href=\"https:\/\/puuhamari.fi\/?product_tag=vw\" class=\"advgb-post-tax-term\">VW<\/a>"],"unlinked":["<span class=\"advgb-post-tax-term\">DIY<\/span>","<span class=\"advgb-post-tax-term\">Kleinbus<\/span>","<span class=\"advgb-post-tax-term\">pikkubussi<\/span>","<span class=\"advgb-post-tax-term\">TSI<\/span>","<span class=\"advgb-post-tax-term\">VW<\/span>"],"slug":"product_tag","name":"Avainsanat tuotteelle"},"product_shipping_class":{"linked":[],"unlinked":[],"slug":"product_shipping_class","name":"Tuotteen toimitusluokat"},"pos_product_visibility":{"linked":[],"unlinked":[],"slug":"pos_product_visibility","name":"POS Product visibility"},"pa_arkin-koko":{"linked":[],"unlinked":[],"slug":"pa_arkin-koko","name":"Tuote Arkin koko"},"pa_hiomatyynyn-karkeus":{"linked":[],"unlinked":[],"slug":"pa_hiomatyynyn-karkeus","name":"Tuote Hiomatyynyn karkeus"},"pa_kehys":{"linked":[],"unlinked":[],"slug":"pa_kehys","name":"Tuote Kehys"},"pa_kuvion-nro":{"linked":[],"unlinked":[],"slug":"pa_kuvion-nro","name":"Tuote Kuvion nro"},"pa_littean-pensselin-koko":{"linked":[],"unlinked":[],"slug":"pa_littean-pensselin-koko","name":"Tuote Litte\u00e4n pensselin koko"},"pa_maalivari":{"linked":[],"unlinked":[],"slug":"pa_maalivari","name":"Tuote Maaliv\u00e4ri"},"pa_palatapettien-lkm":{"linked":[],"unlinked":[],"slug":"pa_palatapettien-lkm","name":"Tuote Palatapettien lkm"},"pa_purkin-koko":{"linked":[],"unlinked":[],"slug":"pa_purkin-koko","name":"Tuote Purkin koko"},"pa_sapluunan-koko":{"linked":[],"unlinked":[],"slug":"pa_sapluunan-koko","name":"Tuote Sapluunan koko"},"pa_tabletti":{"linked":[],"unlinked":[],"slug":"pa_tabletti","name":"Tuote Tabletti"},"pa_valitse-sisalto":{"linked":[],"unlinked":[],"slug":"pa_valitse-sisalto","name":"Tuote Valitse sis\u00e4lt\u00f6"},"pa_varjostin":{"linked":[],"unlinked":[],"slug":"pa_varjostin","name":"Tuote Varjostin"}},"series_order":"","jetpack_sharing_enabled":true,"jetpack_likes_enabled":true,"jetpack-related-posts":[{"id":7170,"url":"https:\/\/puuhamari.fi\/?product=going-batty-verkkosapluuna","url_meta":{"origin":8089,"position":0},"title":"Going Batty &#8211; verkkosapluuna","author":"PuuhaMari","date":"6 syyskuun, 2023","format":false,"excerpt":"Isompi h\u00e4m\u00e4h\u00e4kki ja sen teksti n\u00e4kyy v\u00e4h\u00e4n kauemmas ulko-oveltasi ja sen vierell\u00e4 olevista koristeista, mutta sill\u00e4 on helppo kuvioida my\u00f6s sisustusta: tee tauluja seiniin\/sis\u00e4oviin, tyynynp\u00e4\u00e4llisi\u00e4 sohvalle, tai tiski-\/k\u00e4sipyyhkeit\u00e4 keitti\u00f6\u00f6n. Huomaa my\u00f6s, ett\u00e4 voit yhdistell\u00e4 sapluunasta l\u00f6ytyvi\u00e4 pienempi\u00e4 yksityiskohtia joko kesken\u00e4\u00e4n (tai muiden sapluunoittesi kanssa) uudella tavalla, ja siten luoda huomattavasti\u2026","rel":"","context":"Samankaltainen artikkeli","block_context":{"text":"Samankaltainen artikkeli","link":""},"img":{"alt_text":"","src":"https:\/\/i0.wp.com\/puuhamari.fi\/wp-content\/uploads\/2023\/09\/1-2.png?fit=870%2C872&ssl=1&resize=350%2C200","width":350,"height":200,"srcset":"https:\/\/i0.wp.com\/puuhamari.fi\/wp-content\/uploads\/2023\/09\/1-2.png?fit=870%2C872&ssl=1&resize=350%2C200 1x, https:\/\/i0.wp.com\/puuhamari.fi\/wp-content\/uploads\/2023\/09\/1-2.png?fit=870%2C872&ssl=1&resize=525%2C300 1.5x, https:\/\/i0.wp.com\/puuhamari.fi\/wp-content\/uploads\/2023\/09\/1-2.png?fit=870%2C872&ssl=1&resize=700%2C400 2x"},"classes":[]},{"id":2110,"url":"https:\/\/puuhamari.fi\/?product=frieda-esiliisteroity-palatapetti-paketti","url_meta":{"origin":8089,"position":1},"title":"&#8220;Frieda&#8221; esiliister\u00f6ity palatapetti (paketti)","author":"PuuhaMari","date":"11 lokakuun, 2021","format":false,"excerpt":"HUOMAA:\u00a0Vuoden 2024 syksyll\u00e4 Frieda-palojen koko muuttui suuremmaksi! Jos siis olet aiemmin ostanut PuuhaMarilta Friedaa, niiden mitoitus on ollut n. 43 x 25,5 cm. Tuon kokoisia PALOJA on hyllyss\u00e4 viel\u00e4 kaksi kappaletta. Jos haluat tilata nuo pienemm\u00e4t tapettipalat, tee se t\u00e4m\u00e4n yksitt\u00e4ispalojen tuotesivun kautta. \"Friedan\" kuviossa ja v\u00e4reiss\u00e4 yhdistyv\u00e4t\u00a0 it\u00e4-Eurooppalainen kansantaide\u2026","rel":"","context":"With 1 comment","block_context":{"text":"With 1 comment","link":"https:\/\/puuhamari.fi\/?product=frieda-esiliisteroity-palatapetti-paketti#comments"},"img":{"alt_text":"","src":"https:\/\/i0.wp.com\/puuhamari.fi\/wp-content\/uploads\/2021\/10\/Frieda-1-1.jpg?fit=757%2C939&ssl=1&resize=350%2C200","width":350,"height":200,"srcset":"https:\/\/i0.wp.com\/puuhamari.fi\/wp-content\/uploads\/2021\/10\/Frieda-1-1.jpg?fit=757%2C939&ssl=1&resize=350%2C200 1x, https:\/\/i0.wp.com\/puuhamari.fi\/wp-content\/uploads\/2021\/10\/Frieda-1-1.jpg?fit=757%2C939&ssl=1&resize=525%2C300 1.5x, https:\/\/i0.wp.com\/puuhamari.fi\/wp-content\/uploads\/2021\/10\/Frieda-1-1.jpg?fit=757%2C939&ssl=1&resize=700%2C400 2x"},"classes":[]},{"id":4797,"url":"https:\/\/puuhamari.fi\/?product=ecobrush-brushkeeper-14","url_meta":{"origin":8089,"position":2},"title":"EcoBrush &#038; BrushKeeper 14","author":"PuuhaMari","date":"14 syyskuun, 2022","format":false,"excerpt":"UPEA KEKSINT\u00d6: pensselit pesev\u00e4t itse itsens\u00e4! Kierr\u00e4tett\u00e4vist\u00e4 materiaaleista valmistettu pensseli ja pidike. Sopivat sek\u00e4 vesiohenteisille, ett\u00e4 \u00f6ljymaaleille. Ly\u00f6m\u00e4t\u00f6n lahja maalarille\/tuunaajaalle!!! Lyhyen maalaustauon ajaksi voit laittaa pensselin pidikkeeseen, ja se pysyy ilmatiiviiss\u00e4 tilassa \"tuoreena\". Jos taas on aika l\u00e4hte\u00e4 lounaalle, t\u00f6ist\u00e4 kotiin, tai projektisi tuli valmiiksi: laita pidikkeeseen vett\u00e4 merkkiviivaan asti,\u2026","rel":"","context":"Samankaltainen artikkeli","block_context":{"text":"Samankaltainen artikkeli","link":""},"img":{"alt_text":"","src":"https:\/\/i0.wp.com\/puuhamari.fi\/wp-content\/uploads\/2022\/09\/brushkeeper-14-1-brushkeeper-deluxe-ecobrush-10.png?fit=1000%2C1000&ssl=1&resize=350%2C200","width":350,"height":200,"srcset":"https:\/\/i0.wp.com\/puuhamari.fi\/wp-content\/uploads\/2022\/09\/brushkeeper-14-1-brushkeeper-deluxe-ecobrush-10.png?fit=1000%2C1000&ssl=1&resize=350%2C200 1x, https:\/\/i0.wp.com\/puuhamari.fi\/wp-content\/uploads\/2022\/09\/brushkeeper-14-1-brushkeeper-deluxe-ecobrush-10.png?fit=1000%2C1000&ssl=1&resize=525%2C300 1.5x, https:\/\/i0.wp.com\/puuhamari.fi\/wp-content\/uploads\/2022\/09\/brushkeeper-14-1-brushkeeper-deluxe-ecobrush-10.png?fit=1000%2C1000&ssl=1&resize=700%2C400 2x"},"classes":[]},{"id":4804,"url":"https:\/\/puuhamari.fi\/?product=ecobrush-brushkeeper-10","url_meta":{"origin":8089,"position":3},"title":"EcoBrush &#038; BrushKeeper 10","author":"PuuhaMari","date":"14 syyskuun, 2022","format":false,"excerpt":"UPEA KEKSINT\u00d6: pensselit pesev\u00e4t itse itsens\u00e4! Kierr\u00e4tett\u00e4vist\u00e4 materiaaleista valmistettu pensseli ja pidike. Sopivat sek\u00e4 vesiohenteisille, ett\u00e4 \u00f6ljymaaleille. Ly\u00f6m\u00e4t\u00f6n lahja maalarille\/tuunaajaalle!!! Lyhyen maalaustauon ajaksi voit laittaa pensselin pidikkeeseen, ja se pysyy ilmatiiviiss\u00e4 tilassa \"tuoreena\". Jos taas on aika l\u00e4hte\u00e4 lounaalle, t\u00f6ist\u00e4 kotiin, tai projektisi tuli valmiiksi: laita pidikkeeseen vett\u00e4 merkkiviivaan asti,\u2026","rel":"","context":"With 1 comment","block_context":{"text":"With 1 comment","link":"https:\/\/puuhamari.fi\/?product=ecobrush-brushkeeper-10#comments"},"img":{"alt_text":"","src":"https:\/\/i0.wp.com\/puuhamari.fi\/wp-content\/uploads\/2022\/09\/brushkeeper-10-1-brushkeeper-deluxe-ecobrush-10.png?fit=1000%2C1000&ssl=1&resize=350%2C200","width":350,"height":200,"srcset":"https:\/\/i0.wp.com\/puuhamari.fi\/wp-content\/uploads\/2022\/09\/brushkeeper-10-1-brushkeeper-deluxe-ecobrush-10.png?fit=1000%2C1000&ssl=1&resize=350%2C200 1x, https:\/\/i0.wp.com\/puuhamari.fi\/wp-content\/uploads\/2022\/09\/brushkeeper-10-1-brushkeeper-deluxe-ecobrush-10.png?fit=1000%2C1000&ssl=1&resize=525%2C300 1.5x, https:\/\/i0.wp.com\/puuhamari.fi\/wp-content\/uploads\/2022\/09\/brushkeeper-10-1-brushkeeper-deluxe-ecobrush-10.png?fit=1000%2C1000&ssl=1&resize=700%2C400 2x"},"classes":[]},{"id":4801,"url":"https:\/\/puuhamari.fi\/?product=ecobrush-brushkeeper-12","url_meta":{"origin":8089,"position":4},"title":"EcoBrush &#038; BrushKeeper 12","author":"PuuhaMari","date":"14 syyskuun, 2022","format":false,"excerpt":"UPEA KEKSINT\u00d6: pensselit pesev\u00e4t itse itsens\u00e4! Kierr\u00e4tett\u00e4vist\u00e4 materiaaleista valmistettu pensseli ja pidike. Sopivat sek\u00e4 vesiohenteisille, ett\u00e4 \u00f6ljymaaleille. Ly\u00f6m\u00e4t\u00f6n lahja maalarille\/tuunaajaalle!!! Lyhyen maalaustauon ajaksi voit laittaa pensselin pidikkeeseen, ja se pysyy ilmatiiviiss\u00e4 tilassa \"tuoreena\". Jos taas on aika l\u00e4hte\u00e4 lounaalle, t\u00f6ist\u00e4 kotiin, tai projektisi tuli valmiiksi: laita pidikkeeseen vett\u00e4 merkkiviivaan asti,\u2026","rel":"","context":"Samankaltainen artikkeli","block_context":{"text":"Samankaltainen artikkeli","link":""},"img":{"alt_text":"","src":"https:\/\/i0.wp.com\/puuhamari.fi\/wp-content\/uploads\/2022\/09\/brushkeeper-12-1-brushkeeper-deluxe-ecobrush-12.png?fit=1000%2C1000&ssl=1&resize=350%2C200","width":350,"height":200,"srcset":"https:\/\/i0.wp.com\/puuhamari.fi\/wp-content\/uploads\/2022\/09\/brushkeeper-12-1-brushkeeper-deluxe-ecobrush-12.png?fit=1000%2C1000&ssl=1&resize=350%2C200 1x, https:\/\/i0.wp.com\/puuhamari.fi\/wp-content\/uploads\/2022\/09\/brushkeeper-12-1-brushkeeper-deluxe-ecobrush-12.png?fit=1000%2C1000&ssl=1&resize=525%2C300 1.5x, https:\/\/i0.wp.com\/puuhamari.fi\/wp-content\/uploads\/2022\/09\/brushkeeper-12-1-brushkeeper-deluxe-ecobrush-12.png?fit=1000%2C1000&ssl=1&resize=700%2C400 2x"},"classes":[]},{"id":4788,"url":"https:\/\/puuhamari.fi\/?product=ecobrush-brushkeeper-16","url_meta":{"origin":8089,"position":5},"title":"EcoBrush &#038; BrushKeeper 16","author":"PuuhaMari","date":"14 syyskuun, 2022","format":false,"excerpt":"UPEA KEKSINT\u00d6: pensselit pesev\u00e4t itse itsens\u00e4! Kierr\u00e4tett\u00e4vist\u00e4 materiaaleista valmistettu pensseli ja pidike. Sopivat sek\u00e4 vesiohenteisille, ett\u00e4 \u00f6ljymaaleille. Ly\u00f6m\u00e4t\u00f6n lahja maalarille\/tuunaajaalle!!! Lyhyen maalaustauon ajaksi voit laittaa pensselin pidikkeeseen, ja se pysyy ilmatiiviiss\u00e4 tilassa \"tuoreena\". Jos taas on aika l\u00e4hte\u00e4 lounaalle, t\u00f6ist\u00e4 kotiin, tai projektisi tuli valmiiksi: laita pidikkeeseen vett\u00e4 merkkiviivaan asti,\u2026","rel":"","context":"Samankaltainen artikkeli","block_context":{"text":"Samankaltainen artikkeli","link":""},"img":{"alt_text":"","src":"https:\/\/i0.wp.com\/puuhamari.fi\/wp-content\/uploads\/2022\/09\/brushkeeper-16-1-brushkeeper-deluxe-ecobrush-16.png?fit=1000%2C1000&ssl=1&resize=350%2C200","width":350,"height":200,"srcset":"https:\/\/i0.wp.com\/puuhamari.fi\/wp-content\/uploads\/2022\/09\/brushkeeper-16-1-brushkeeper-deluxe-ecobrush-16.png?fit=1000%2C1000&ssl=1&resize=350%2C200 1x, https:\/\/i0.wp.com\/puuhamari.fi\/wp-content\/uploads\/2022\/09\/brushkeeper-16-1-brushkeeper-deluxe-ecobrush-16.png?fit=1000%2C1000&ssl=1&resize=525%2C300 1.5x, https:\/\/i0.wp.com\/puuhamari.fi\/wp-content\/uploads\/2022\/09\/brushkeeper-16-1-brushkeeper-deluxe-ecobrush-16.png?fit=1000%2C1000&ssl=1&resize=700%2C400 2x"},"classes":[]}],"_links":{"self":[{"href":"https:\/\/puuhamari.fi\/index.php?rest_route=\/wp\/v2\/product\/8089","targetHints":{"allow":["GET"]}}],"collection":[{"href":"https:\/\/puuhamari.fi\/index.php?rest_route=\/wp\/v2\/product"}],"about":[{"href":"https:\/\/puuhamari.fi\/index.php?rest_route=\/wp\/v2\/types\/product"}],"replies":[{"embeddable":true,"href":"https:\/\/puuhamari.fi\/index.php?rest_route=%2Fwp%2Fv2%2Fcomments&post=8089"}],"version-history":[{"count":3,"href":"https:\/\/puuhamari.fi\/index.php?rest_route=\/wp\/v2\/product\/8089\/revisions"}],"predecessor-version":[{"id":8387,"href":"https:\/\/puuhamari.fi\/index.php?rest_route=\/wp\/v2\/product\/8089\/revisions\/8387"}],"wp:featuredmedia":[{"embeddable":true,"href":"https:\/\/puuhamari.fi\/index.php?rest_route=\/wp\/v2\/media\/8093"}],"wp:attachment":[{"href":"https:\/\/puuhamari.fi\/index.php?rest_route=%2Fwp%2Fv2%2Fmedia&parent=8089"}],"wp:term":[{"taxonomy":"product_brand","embeddable":true,"href":"https:\/\/puuhamari.fi\/index.php?rest_route=%2Fwp%2Fv2%2Fproduct_brand&post=8089"},{"taxonomy":"product_cat","embeddable":true,"href":"https:\/\/puuhamari.fi\/index.php?rest_route=%2Fwp%2Fv2%2Fproduct_cat&post=8089"},{"taxonomy":"product_tag","embeddable":true,"href":"https:\/\/puuhamari.fi\/index.php?rest_route=%2Fwp%2Fv2%2Fproduct_tag&post=8089"}],"curies":[{"name":"wp","href":"https:\/\/api.w.org\/{rel}","templated":true}]}}