{"id":8210,"date":"2024-07-18T13:34:04","date_gmt":"2024-07-18T10:34:04","guid":{"rendered":"https:\/\/puuhamari.fi\/?post_type=product&#038;p=8210"},"modified":"2024-07-18T18:49:04","modified_gmt":"2024-07-18T15:49:04","slug":"aland-ahvenanmaa","status":"publish","type":"product","link":"https:\/\/puuhamari.fi\/?product=aland-ahvenanmaa","title":{"rendered":"\u00c5land &#8211; Ahvenanmaa"},"content":{"rendered":"","protected":false},"excerpt":{"rendered":"<p>Tillkommande frakt- och kontorskostnader i samband med best\u00e4llandet av varor till \u00c5land t\u00e4cks via denna &#8220;produkt.&#8221; Best\u00e4ller Du allts\u00e5 PuuhaMarin Putiikkis underbara varor till \u00c5land, kom ih\u00e5g att klicka \u00e4ven denna till Din varukorg, tack. <em>(Ditt slutliga pris kommer att vara 7,90 \u20ac, p.g.a. att kodrabatten&#8221;\u00c5LAND&#8221; &#8211; som r\u00e4knas vid kassan &#8211; g\u00e4ller f\u00f6r <span style=\"text-decoration: underline;\">samtliga<\/span> produkter i din varukorg)<\/em><br \/>\n<span style=\"color: #74a37a;\"><strong>OBS! PuuhaMari kan inte skicka Din best\u00e4llning iv\u00e4g innan extra kostnaderna \u00e4r betalda.<\/strong><\/span><\/p>\n<p>T\u00e4m\u00e4 &#8220;tuote&#8221; kattaa Ahvenanmaalle toimitettaviin tilauksiin liittyv\u00e4t ylim\u00e4\u00e4r\u00e4iset toimitus- ja toimistokulut. Jos siis haluat tilata PuuhaMarin Putiikin upeita tuotteita Ahvenanmaalle, niin muista klikata my\u00f6s t\u00e4m\u00e4 ostoskoriisi, kiitos. <em>(N\u00e4iden kulujen lopullinen hinta tulee olemaan Sinulle 7,90 \u20ac, sill\u00e4 my\u00f6s t\u00e4st\u00e4 tuotteesta saat kassalla &#8220;\u00c5LAND&#8221; -koodialennuksen)<\/em><br \/>\n<span style=\"color: #74a37a;\"><strong>HUOM! PuuhaMari ei voi l\u00e4hett\u00e4\u00e4 tilaustasi ennen kuin lis\u00e4kulut on maksettu.<\/strong><\/span><\/p>\n<p>&nbsp;<\/p>\n","protected":false},"author":1,"featured_media":8217,"comment_status":"open","ping_status":"closed","template":"","meta":{"advgb_blocks_editor_width":"","advgb_blocks_columns_visual_guide":"","advanced_seo_description":"","jetpack_seo_html_title":"","jetpack_seo_noindex":false,"_kad_post_transparent":"default","_kad_post_title":"","_kad_post_layout":"default","_kad_post_sidebar_id":"","_kad_post_content_style":"default","_kad_post_vertical_padding":"default","_kad_post_feature":"","_kad_post_feature_position":"","_kad_post_header":false,"_kad_post_footer":false,"_kad_post_classname":"","jetpack_post_was_ever_published":false},"product_brand":[],"product_cat":[473],"product_tag":[],"class_list":{"0":"post-8210","1":"product","2":"type-product","3":"status-publish","4":"has-post-thumbnail","6":"product_cat-erilliset-postikulut","8":"first","9":"instock","10":"sold-individually","11":"taxable","12":"shipping-taxable","13":"purchasable","14":"product-type-simple","15":"entry","16":"content-bg","17":"loop-entry"},"featured_img":"https:\/\/puuhamari.fi\/wp-content\/uploads\/2024\/07\/Aland-PuuhaMari.png","coauthors":[],"author_meta":{"author_link":"https:\/\/puuhamari.fi\/?author=1","display_name":"PuuhaMari"},"relative_dates":{"created":"Julkaistu 2 vuotta sitten","modified":"P\u00e4ivitetty 2 vuotta sitten"},"absolute_dates":{"created":"Julkaistu 18 hein\u00e4kuun, 2024","modified":"P\u00e4ivitetty 18 hein\u00e4kuun, 2024"},"absolute_dates_time":{"created":"Julkaistu 18 hein\u00e4kuun, 2024 1:34 pm","modified":"P\u00e4ivitetty 18 hein\u00e4kuun, 2024 6:49 pm"},"featured_img_caption":"","tax_additional":{"product_brand":{"linked":[],"unlinked":[],"slug":"product_brand","name":"Br\u00e4ndit"},"product_type":{"linked":["<a href=\"https:\/\/puuhamari.fi\/?taxonomy=product_type&#038;term=simple\" class=\"advgb-post-tax-term\">simple<\/a>"],"unlinked":["<span class=\"advgb-post-tax-term\">simple<\/span>"],"slug":"product_type","name":"Tuotetyyppi"},"product_visibility":{"linked":[],"unlinked":[],"slug":"product_visibility","name":"Tuotteen n\u00e4kyvyys"},"product_cat":{"linked":["<a href=\"https:\/\/puuhamari.fi\/?product_cat=erilliset-postikulut\" class=\"advgb-post-tax-term\">Erilliset postikulut<\/a>"],"unlinked":["<span class=\"advgb-post-tax-term\">Erilliset postikulut<\/span>"],"slug":"product_cat","name":"Osastot"},"product_tag":{"linked":[],"unlinked":[],"slug":"product_tag","name":"Avainsanat tuotteelle"},"product_shipping_class":{"linked":[],"unlinked":[],"slug":"product_shipping_class","name":"Tuotteen toimitusluokat"},"pos_product_visibility":{"linked":[],"unlinked":[],"slug":"pos_product_visibility","name":"POS Product visibility"},"pa_arkin-koko":{"linked":[],"unlinked":[],"slug":"pa_arkin-koko","name":"Tuote Arkin koko"},"pa_hiomatyynyn-karkeus":{"linked":[],"unlinked":[],"slug":"pa_hiomatyynyn-karkeus","name":"Tuote Hiomatyynyn karkeus"},"pa_kehys":{"linked":[],"unlinked":[],"slug":"pa_kehys","name":"Tuote Kehys"},"pa_kuvion-nro":{"linked":[],"unlinked":[],"slug":"pa_kuvion-nro","name":"Tuote Kuvion nro"},"pa_littean-pensselin-koko":{"linked":[],"unlinked":[],"slug":"pa_littean-pensselin-koko","name":"Tuote Litte\u00e4n pensselin koko"},"pa_maalivari":{"linked":[],"unlinked":[],"slug":"pa_maalivari","name":"Tuote Maaliv\u00e4ri"},"pa_palatapettien-lkm":{"linked":[],"unlinked":[],"slug":"pa_palatapettien-lkm","name":"Tuote Palatapettien lkm"},"pa_purkin-koko":{"linked":[],"unlinked":[],"slug":"pa_purkin-koko","name":"Tuote Purkin koko"},"pa_sapluunan-koko":{"linked":[],"unlinked":[],"slug":"pa_sapluunan-koko","name":"Tuote Sapluunan koko"},"pa_tabletti":{"linked":[],"unlinked":[],"slug":"pa_tabletti","name":"Tuote Tabletti"},"pa_valitse-sisalto":{"linked":[],"unlinked":[],"slug":"pa_valitse-sisalto","name":"Tuote Valitse sis\u00e4lt\u00f6"},"pa_varjostin":{"linked":[],"unlinked":[],"slug":"pa_varjostin","name":"Tuote Varjostin"}},"series_order":"","jetpack_sharing_enabled":true,"jetpack_likes_enabled":true,"jetpack-related-posts":[{"id":6300,"url":"https:\/\/puuhamari.fi\/?product=2023-uutuudet","url_meta":{"origin":8210,"position":0},"title":"2023 uutuudet","author":"PuuhaMari","date":"17 kes\u00e4kuun, 2023","format":false,"excerpt":"Kaikki s\u00e4vyvertailut ovat PuuhaMarin kokoamia, eiv\u00e4tk\u00e4 ne ole myynniss\u00e4. Ne on laadittu helpottamaan valintaa kahden toisiaan l\u00e4hell\u00e4 olevan v\u00e4rin v\u00e4lill\u00e4 silloin, kun et p\u00e4\u00e4se fyysisesti Putiikin verstasmyym\u00e4l\u00e4\u00e4n Porissa. Samat s\u00e4vyt on aseteltu sek\u00e4 valkoiselle, ett\u00e4 mustalle pohjalle. T\u00e4ll\u00e4 tavoin sinun on helpompi n\u00e4hd\u00e4 mieless\u00e4si, miten n\u00e4iden v\u00e4rien luonne riippuu hieman\u2026","rel":"","context":"Samankaltainen artikkeli","block_context":{"text":"Samankaltainen artikkeli","link":""},"img":{"alt_text":"","src":"https:\/\/i0.wp.com\/puuhamari.fi\/wp-content\/uploads\/2023\/06\/AAA-Fusion-2023-by-PuuhaMarin-Putiikki-1b.png?fit=788%2C787&ssl=1&resize=350%2C200","width":350,"height":200,"srcset":"https:\/\/i0.wp.com\/puuhamari.fi\/wp-content\/uploads\/2023\/06\/AAA-Fusion-2023-by-PuuhaMarin-Putiikki-1b.png?fit=788%2C787&ssl=1&resize=350%2C200 1x, https:\/\/i0.wp.com\/puuhamari.fi\/wp-content\/uploads\/2023\/06\/AAA-Fusion-2023-by-PuuhaMarin-Putiikki-1b.png?fit=788%2C787&ssl=1&resize=525%2C300 1.5x, https:\/\/i0.wp.com\/puuhamari.fi\/wp-content\/uploads\/2023\/06\/AAA-Fusion-2023-by-PuuhaMarin-Putiikki-1b.png?fit=788%2C787&ssl=1&resize=700%2C400 2x"},"classes":[]},{"id":5822,"url":"https:\/\/puuhamari.fi\/?product=2-litran-pulloissa-saatavat","url_meta":{"origin":8210,"position":1},"title":"2 litran pulloissa saatavat","author":"PuuhaMari","date":"12 toukokuun, 2023","format":false,"excerpt":"Kaikki s\u00e4vyvertailut ovat PuuhaMarin kokoamia, eiv\u00e4tk\u00e4 ne ole myynniss\u00e4. Ne on laadittu helpottamaan valintaa kahden toisiaan l\u00e4hell\u00e4 olevan v\u00e4rin v\u00e4lill\u00e4 silloin, kun et p\u00e4\u00e4se fyysisesti Putiikin verstasmyym\u00e4l\u00e4\u00e4n Porissa. Samat s\u00e4vyt on aseteltu sek\u00e4 valkoiselle, ett\u00e4 mustalle pohjalle. T\u00e4ll\u00e4 tavoin sinun on helpompi n\u00e4hd\u00e4 mieless\u00e4si, miten n\u00e4iden v\u00e4rien luonne riippuu hieman\u2026","rel":"","context":"Samankaltainen artikkeli","block_context":{"text":"Samankaltainen artikkeli","link":""},"img":{"alt_text":"","src":"https:\/\/i0.wp.com\/puuhamari.fi\/wp-content\/uploads\/2022\/10\/2-litraiset-syksy-2022-PMP-valk-tausta-B.png?fit=1080%2C1080&ssl=1&resize=350%2C200","width":350,"height":200,"srcset":"https:\/\/i0.wp.com\/puuhamari.fi\/wp-content\/uploads\/2022\/10\/2-litraiset-syksy-2022-PMP-valk-tausta-B.png?fit=1080%2C1080&ssl=1&resize=350%2C200 1x, https:\/\/i0.wp.com\/puuhamari.fi\/wp-content\/uploads\/2022\/10\/2-litraiset-syksy-2022-PMP-valk-tausta-B.png?fit=1080%2C1080&ssl=1&resize=525%2C300 1.5x, https:\/\/i0.wp.com\/puuhamari.fi\/wp-content\/uploads\/2022\/10\/2-litraiset-syksy-2022-PMP-valk-tausta-B.png?fit=1080%2C1080&ssl=1&resize=700%2C400 2x, https:\/\/i0.wp.com\/puuhamari.fi\/wp-content\/uploads\/2022\/10\/2-litraiset-syksy-2022-PMP-valk-tausta-B.png?fit=1080%2C1080&ssl=1&resize=1050%2C600 3x"},"classes":[]},{"id":9104,"url":"https:\/\/puuhamari.fi\/?product=2024-uutuudet","url_meta":{"origin":8210,"position":2},"title":"2024 uutuudet","author":"PuuhaMari","date":"23 lokakuun, 2024","format":false,"excerpt":"Kaikki s\u00e4vyvertailut ovat PuuhaMarin kokoamia, eiv\u00e4tk\u00e4 ne ole myynniss\u00e4. Ne on laadittu helpottamaan valintaa kahden toisiaan l\u00e4hell\u00e4 olevan v\u00e4rin v\u00e4lill\u00e4 silloin, kun et p\u00e4\u00e4se fyysisesti Putiikin verstasmyym\u00e4l\u00e4\u00e4n Porissa. Samat s\u00e4vyt on aseteltu sek\u00e4 valkoiselle, ett\u00e4 mustalle pohjalle. T\u00e4ll\u00e4 tavoin sinun on helpompi n\u00e4hd\u00e4 mieless\u00e4si, miten n\u00e4iden v\u00e4rien luonne riippuu hieman\u2026","rel":"","context":"Samankaltainen artikkeli","block_context":{"text":"Samankaltainen artikkeli","link":""},"img":{"alt_text":"","src":"https:\/\/i0.wp.com\/puuhamari.fi\/wp-content\/uploads\/2024\/10\/Fusion-2024-valk-tausta.png?fit=940%2C788&ssl=1&resize=350%2C200","width":350,"height":200,"srcset":"https:\/\/i0.wp.com\/puuhamari.fi\/wp-content\/uploads\/2024\/10\/Fusion-2024-valk-tausta.png?fit=940%2C788&ssl=1&resize=350%2C200 1x, https:\/\/i0.wp.com\/puuhamari.fi\/wp-content\/uploads\/2024\/10\/Fusion-2024-valk-tausta.png?fit=940%2C788&ssl=1&resize=525%2C300 1.5x, https:\/\/i0.wp.com\/puuhamari.fi\/wp-content\/uploads\/2024\/10\/Fusion-2024-valk-tausta.png?fit=940%2C788&ssl=1&resize=700%2C400 2x"},"classes":[]},{"id":9126,"url":"https:\/\/puuhamari.fi\/?product=kynttilanjalka-uusi","url_meta":{"origin":8210,"position":3},"title":"Kynttil\u00e4njalka &#8211; uusi","author":"PuuhaMari","date":"24 lokakuun, 2024","format":false,"excerpt":"Tukeva, kauniskaarteinen perusjalka yhdelle pitk\u00e4lle (esim. kruunu-) kynttil\u00e4lle. Mukavan pieni projekti kiireiselle tuunaajalle tai vasta-alkajalle. Maalaa joko yksiv\u00e4riseksi, tai iloittele shakki-\/salmiakkiruuduilla, kulta-\/hopeamaalilla, raidoilla, palloilla... Tai hei: leikkaa sopivan pieni(\u00e4) os(i)a - pupuja, kettuja, lehvi\u00e4 tms. - jostain PuuhaMarin verkkokaupan verkkosapluunasta, ja koristele jalka niill\u00e4!!! Korkeus: 16,5 cm Alaosan leveys: 5,5\u2026","rel":"","context":"Samankaltainen artikkeli","block_context":{"text":"Samankaltainen artikkeli","link":""},"img":{"alt_text":"","src":"https:\/\/i0.wp.com\/puuhamari.fi\/wp-content\/uploads\/2024\/10\/Candle-Holder.png?fit=804%2C804&ssl=1&resize=350%2C200","width":350,"height":200,"srcset":"https:\/\/i0.wp.com\/puuhamari.fi\/wp-content\/uploads\/2024\/10\/Candle-Holder.png?fit=804%2C804&ssl=1&resize=350%2C200 1x, https:\/\/i0.wp.com\/puuhamari.fi\/wp-content\/uploads\/2024\/10\/Candle-Holder.png?fit=804%2C804&ssl=1&resize=525%2C300 1.5x, https:\/\/i0.wp.com\/puuhamari.fi\/wp-content\/uploads\/2024\/10\/Candle-Holder.png?fit=804%2C804&ssl=1&resize=700%2C400 2x"},"classes":[]},{"id":8782,"url":"https:\/\/puuhamari.fi\/?product=tela-ja-pensselisaippua","url_meta":{"origin":8210,"position":4},"title":"Tela- ja pensselisaippua","author":"PuuhaMari","date":"29 elokuun, 2024","format":false,"excerpt":"100%:sen luonnollinen, pellavansiemen\u00f6ljyyn pohjautuva saippua pit\u00e4\u00e4 kaikki maalaustarvikkeesi aina puhtaina ja valmiina seuraavaa projektiasi varten! Se on erityisen hell\u00e4 pesuaine mm. pensseleille, sill\u00e4 sen teho ja toiminta perustuu luonnon\u00f6ljyjen puhdistaville ja hoitaville ominaisuuksille. Samalla kun se puhdistaa, se siis toimii my\u00f6s hoitoaineena luonnonharjaksisille pensseleille pit\u00e4en ne parhaassa mahdollisessa kunnossa vuosikausia.\u2026","rel":"","context":"Samankaltainen artikkeli","block_context":{"text":"Samankaltainen artikkeli","link":""},"img":{"alt_text":"","src":"https:\/\/i0.wp.com\/puuhamari.fi\/wp-content\/uploads\/2024\/08\/Brush-Soap-tube-b.png?fit=1080%2C1080&ssl=1&resize=350%2C200","width":350,"height":200,"srcset":"https:\/\/i0.wp.com\/puuhamari.fi\/wp-content\/uploads\/2024\/08\/Brush-Soap-tube-b.png?fit=1080%2C1080&ssl=1&resize=350%2C200 1x, https:\/\/i0.wp.com\/puuhamari.fi\/wp-content\/uploads\/2024\/08\/Brush-Soap-tube-b.png?fit=1080%2C1080&ssl=1&resize=525%2C300 1.5x, https:\/\/i0.wp.com\/puuhamari.fi\/wp-content\/uploads\/2024\/08\/Brush-Soap-tube-b.png?fit=1080%2C1080&ssl=1&resize=700%2C400 2x, https:\/\/i0.wp.com\/puuhamari.fi\/wp-content\/uploads\/2024\/08\/Brush-Soap-tube-b.png?fit=1080%2C1080&ssl=1&resize=1050%2C600 3x"},"classes":[]},{"id":2787,"url":"https:\/\/puuhamari.fi\/?product=peony","url_meta":{"origin":8210,"position":5},"title":"Peony","author":"PuuhaMari","date":"2 maaliskuun, 2022","format":false,"excerpt":"T\u00e4m\u00e4 vaaleanpunaisen s\u00e4vy oli asiakkaiden suosikki, kun he saivat \u00e4\u00e4nest\u00e4\u00e4 v\u00e4rej\u00e4 t\u00e4ydent\u00e4m\u00e4\u00e4n Fusion-v\u00e4rikarttaa. Se on pehme\u00e4 ja raikas vaaleanpunainen, joka tuo huoneisiisi tuulahduksen puutarhan pionipenkist\u00e4... Ainakin PuuhaTarhan \"Sarah Bearnhart\"-pioni hempeilee ja tuoksuu juuri t\u00e4m\u00e4n s\u00e4vyisen\u00e4 vuodesta toiseen!","rel":"","context":"With 3 comments","block_context":{"text":"With 3 comments","link":"https:\/\/puuhamari.fi\/?product=peony#comments"},"img":{"alt_text":"","src":"https:\/\/i0.wp.com\/puuhamari.fi\/wp-content\/uploads\/2022\/03\/PEONY-640x960-b.jpg?fit=614%2C614&ssl=1&resize=350%2C200","width":350,"height":200,"srcset":"https:\/\/i0.wp.com\/puuhamari.fi\/wp-content\/uploads\/2022\/03\/PEONY-640x960-b.jpg?fit=614%2C614&ssl=1&resize=350%2C200 1x, https:\/\/i0.wp.com\/puuhamari.fi\/wp-content\/uploads\/2022\/03\/PEONY-640x960-b.jpg?fit=614%2C614&ssl=1&resize=525%2C300 1.5x"},"classes":[]}],"_links":{"self":[{"href":"https:\/\/puuhamari.fi\/index.php?rest_route=\/wp\/v2\/product\/8210","targetHints":{"allow":["GET"]}}],"collection":[{"href":"https:\/\/puuhamari.fi\/index.php?rest_route=\/wp\/v2\/product"}],"about":[{"href":"https:\/\/puuhamari.fi\/index.php?rest_route=\/wp\/v2\/types\/product"}],"replies":[{"embeddable":true,"href":"https:\/\/puuhamari.fi\/index.php?rest_route=%2Fwp%2Fv2%2Fcomments&post=8210"}],"version-history":[{"count":6,"href":"https:\/\/puuhamari.fi\/index.php?rest_route=\/wp\/v2\/product\/8210\/revisions"}],"predecessor-version":[{"id":8219,"href":"https:\/\/puuhamari.fi\/index.php?rest_route=\/wp\/v2\/product\/8210\/revisions\/8219"}],"wp:featuredmedia":[{"embeddable":true,"href":"https:\/\/puuhamari.fi\/index.php?rest_route=\/wp\/v2\/media\/8217"}],"wp:attachment":[{"href":"https:\/\/puuhamari.fi\/index.php?rest_route=%2Fwp%2Fv2%2Fmedia&parent=8210"}],"wp:term":[{"taxonomy":"product_brand","embeddable":true,"href":"https:\/\/puuhamari.fi\/index.php?rest_route=%2Fwp%2Fv2%2Fproduct_brand&post=8210"},{"taxonomy":"product_cat","embeddable":true,"href":"https:\/\/puuhamari.fi\/index.php?rest_route=%2Fwp%2Fv2%2Fproduct_cat&post=8210"},{"taxonomy":"product_tag","embeddable":true,"href":"https:\/\/puuhamari.fi\/index.php?rest_route=%2Fwp%2Fv2%2Fproduct_tag&post=8210"}],"curies":[{"name":"wp","href":"https:\/\/api.w.org\/{rel}","templated":true}]}}