{"id":8424,"date":"2024-07-26T22:29:12","date_gmt":"2024-07-26T19:29:12","guid":{"rendered":"https:\/\/puuhamari.fi\/?post_type=product&#038;p=8424"},"modified":"2025-09-05T04:25:45","modified_gmt":"2025-09-05T01:25:45","slug":"orb-mikrokuitutela-180-mm","status":"publish","type":"product","link":"https:\/\/puuhamari.fi\/?product=orb-mikrokuitutela-180-mm","title":{"rendered":"ORB &#8211; Mikrokuitutela 180 mm"},"content":{"rendered":"","protected":false},"excerpt":{"rendered":"<p>Mikrokuitua. Leveys 18 cm, nukan korkeus 5 mm.<\/p>\n","protected":false},"author":1,"featured_media":8428,"comment_status":"open","ping_status":"closed","template":"","meta":{"advgb_blocks_editor_width":"","advgb_blocks_columns_visual_guide":"","advanced_seo_description":"","jetpack_seo_html_title":"","jetpack_seo_noindex":false,"_kad_post_transparent":"default","_kad_post_title":"","_kad_post_layout":"default","_kad_post_sidebar_id":"","_kad_post_content_style":"default","_kad_post_vertical_padding":"default","_kad_post_feature":"","_kad_post_feature_position":"","_kad_post_header":false,"_kad_post_footer":false,"_kad_post_classname":"","jetpack_post_was_ever_published":true},"product_brand":[],"product_cat":[307],"product_tag":[318,320,317,316,319],"class_list":{"0":"post-8424","1":"product","2":"type-product","3":"status-publish","4":"has-post-thumbnail","6":"product_cat-telat-ja-varret","7":"product_tag-mikrokuitu","8":"product_tag-mikrokuitutela","9":"product_tag-old-red-barn","10":"product_tag-orb","11":"product_tag-tela","13":"first","14":"instock","15":"taxable","16":"shipping-taxable","17":"purchasable","18":"product-type-simple","19":"entry","20":"content-bg","21":"loop-entry"},"featured_img":"https:\/\/puuhamari.fi\/wp-content\/uploads\/2024\/07\/Paint-roller-PR180.png","coauthors":[],"author_meta":{"author_link":"https:\/\/puuhamari.fi\/?author=1","display_name":"PuuhaMari"},"relative_dates":{"created":"Julkaistu 2 vuotta sitten","modified":"P\u00e4ivitetty 8 kuukautta sitten"},"absolute_dates":{"created":"Julkaistu 26 hein\u00e4kuun, 2024","modified":"P\u00e4ivitetty 5 syyskuun, 2025"},"absolute_dates_time":{"created":"Julkaistu 26 hein\u00e4kuun, 2024 10:29 pm","modified":"P\u00e4ivitetty 5 syyskuun, 2025 4:25 am"},"featured_img_caption":"","tax_additional":{"product_brand":{"linked":[],"unlinked":[],"slug":"product_brand","name":"Br\u00e4ndit"},"product_type":{"linked":["<a href=\"https:\/\/puuhamari.fi\/?taxonomy=product_type&#038;term=simple\" class=\"advgb-post-tax-term\">simple<\/a>"],"unlinked":["<span class=\"advgb-post-tax-term\">simple<\/span>"],"slug":"product_type","name":"Tuotetyyppi"},"product_visibility":{"linked":[],"unlinked":[],"slug":"product_visibility","name":"Tuotteen n\u00e4kyvyys"},"product_cat":{"linked":["<a href=\"https:\/\/puuhamari.fi\/?product_cat=telat-ja-varret\" class=\"advgb-post-tax-term\">Telat ja -varret<\/a>"],"unlinked":["<span class=\"advgb-post-tax-term\">Telat ja -varret<\/span>"],"slug":"product_cat","name":"Osastot"},"product_tag":{"linked":["<a href=\"https:\/\/puuhamari.fi\/?product_tag=mikrokuitu\" class=\"advgb-post-tax-term\">Mikrokuitu<\/a>","<a href=\"https:\/\/puuhamari.fi\/?product_tag=mikrokuitutela\" class=\"advgb-post-tax-term\">Mikrokuitutela<\/a>","<a href=\"https:\/\/puuhamari.fi\/?product_tag=old-red-barn\" class=\"advgb-post-tax-term\">Old Red Barn<\/a>","<a href=\"https:\/\/puuhamari.fi\/?product_tag=orb\" class=\"advgb-post-tax-term\">ORB<\/a>","<a href=\"https:\/\/puuhamari.fi\/?product_tag=tela\" class=\"advgb-post-tax-term\">Tela<\/a>"],"unlinked":["<span class=\"advgb-post-tax-term\">Mikrokuitu<\/span>","<span class=\"advgb-post-tax-term\">Mikrokuitutela<\/span>","<span class=\"advgb-post-tax-term\">Old Red Barn<\/span>","<span class=\"advgb-post-tax-term\">ORB<\/span>","<span class=\"advgb-post-tax-term\">Tela<\/span>"],"slug":"product_tag","name":"Avainsanat tuotteelle"},"product_shipping_class":{"linked":[],"unlinked":[],"slug":"product_shipping_class","name":"Tuotteen toimitusluokat"},"pos_product_visibility":{"linked":[],"unlinked":[],"slug":"pos_product_visibility","name":"POS Product visibility"},"pa_arkin-koko":{"linked":[],"unlinked":[],"slug":"pa_arkin-koko","name":"Tuote Arkin koko"},"pa_hiomatyynyn-karkeus":{"linked":[],"unlinked":[],"slug":"pa_hiomatyynyn-karkeus","name":"Tuote Hiomatyynyn karkeus"},"pa_kehys":{"linked":[],"unlinked":[],"slug":"pa_kehys","name":"Tuote Kehys"},"pa_kuvion-nro":{"linked":[],"unlinked":[],"slug":"pa_kuvion-nro","name":"Tuote Kuvion nro"},"pa_littean-pensselin-koko":{"linked":[],"unlinked":[],"slug":"pa_littean-pensselin-koko","name":"Tuote Litte\u00e4n pensselin koko"},"pa_maalivari":{"linked":[],"unlinked":[],"slug":"pa_maalivari","name":"Tuote Maaliv\u00e4ri"},"pa_palatapettien-lkm":{"linked":[],"unlinked":[],"slug":"pa_palatapettien-lkm","name":"Tuote Palatapettien lkm"},"pa_purkin-koko":{"linked":[],"unlinked":[],"slug":"pa_purkin-koko","name":"Tuote Purkin koko"},"pa_sapluunan-koko":{"linked":[],"unlinked":[],"slug":"pa_sapluunan-koko","name":"Tuote Sapluunan koko"},"pa_tabletti":{"linked":[],"unlinked":[],"slug":"pa_tabletti","name":"Tuote Tabletti"},"pa_valitse-sisalto":{"linked":[],"unlinked":[],"slug":"pa_valitse-sisalto","name":"Tuote Valitse sis\u00e4lt\u00f6"},"pa_varjostin":{"linked":[],"unlinked":[],"slug":"pa_varjostin","name":"Tuote Varjostin"}},"series_order":"","jetpack_sharing_enabled":true,"jetpack_likes_enabled":true,"jetpack-related-posts":[{"id":8433,"url":"https:\/\/puuhamari.fi\/?product=orb-mikrokuitutela-100-mm","url_meta":{"origin":8424,"position":0},"title":"ORB &#8211; Mikrokuitutela 100 mm","author":"PuuhaMari","date":"26 hein\u00e4kuun, 2024","format":false,"excerpt":"Mikrokuitua. Leveys 10 cm, nukan korkeus 5 mm.","rel":"","context":"Samankaltainen artikkeli","block_context":{"text":"Samankaltainen artikkeli","link":""},"img":{"alt_text":"","src":"https:\/\/i0.wp.com\/puuhamari.fi\/wp-content\/uploads\/2024\/07\/Paint-roller-PR100.png?fit=951%2C948&ssl=1&resize=350%2C200","width":350,"height":200,"srcset":"https:\/\/i0.wp.com\/puuhamari.fi\/wp-content\/uploads\/2024\/07\/Paint-roller-PR100.png?fit=951%2C948&ssl=1&resize=350%2C200 1x, https:\/\/i0.wp.com\/puuhamari.fi\/wp-content\/uploads\/2024\/07\/Paint-roller-PR100.png?fit=951%2C948&ssl=1&resize=525%2C300 1.5x, https:\/\/i0.wp.com\/puuhamari.fi\/wp-content\/uploads\/2024\/07\/Paint-roller-PR100.png?fit=951%2C948&ssl=1&resize=700%2C400 2x"},"classes":[]},{"id":3167,"url":"https:\/\/puuhamari.fi\/?product=orb-tela-120-mm","url_meta":{"origin":8424,"position":1},"title":"ORB &#8211; Mikrokuitutela 120 mm","author":"PuuhaMari","date":"4 huhtikuun, 2022","format":false,"excerpt":"Mikrokuitua. Leveys 12 cm, nukan korkeus 5 mm.","rel":"","context":"With 1 comment","block_context":{"text":"With 1 comment","link":"https:\/\/puuhamari.fi\/?product=orb-tela-120-mm#comments"},"img":{"alt_text":"","src":"https:\/\/i0.wp.com\/puuhamari.fi\/wp-content\/uploads\/2022\/04\/IMG_6449-scaled.jpg?fit=1200%2C800&ssl=1&resize=350%2C200","width":350,"height":200,"srcset":"https:\/\/i0.wp.com\/puuhamari.fi\/wp-content\/uploads\/2022\/04\/IMG_6449-scaled.jpg?fit=1200%2C800&ssl=1&resize=350%2C200 1x, https:\/\/i0.wp.com\/puuhamari.fi\/wp-content\/uploads\/2022\/04\/IMG_6449-scaled.jpg?fit=1200%2C800&ssl=1&resize=525%2C300 1.5x, https:\/\/i0.wp.com\/puuhamari.fi\/wp-content\/uploads\/2022\/04\/IMG_6449-scaled.jpg?fit=1200%2C800&ssl=1&resize=700%2C400 2x, https:\/\/i0.wp.com\/puuhamari.fi\/wp-content\/uploads\/2022\/04\/IMG_6449-scaled.jpg?fit=1200%2C800&ssl=1&resize=1050%2C600 3x"},"classes":[]},{"id":8437,"url":"https:\/\/puuhamari.fi\/?product=orb-telavarsi-180-mm-2","url_meta":{"origin":8424,"position":2},"title":"ORB &#8211; Telavarsi 180 mm","author":"PuuhaMari","date":"26 hein\u00e4kuun, 2024","format":false,"excerpt":"Lyhyt varsiosa sopii hyvin kalusteiden maalaamiseen. K\u00e4ytet\u00e4\u00e4n yhdess\u00e4 18 cm leve\u00e4n telarullan kanssa.","rel":"","context":"Samankaltainen artikkeli","block_context":{"text":"Samankaltainen artikkeli","link":""},"img":{"alt_text":"","src":"https:\/\/i0.wp.com\/puuhamari.fi\/wp-content\/uploads\/2024\/07\/Paint-roller-holder-PRH180.png?fit=952%2C949&ssl=1&resize=350%2C200","width":350,"height":200,"srcset":"https:\/\/i0.wp.com\/puuhamari.fi\/wp-content\/uploads\/2024\/07\/Paint-roller-holder-PRH180.png?fit=952%2C949&ssl=1&resize=350%2C200 1x, https:\/\/i0.wp.com\/puuhamari.fi\/wp-content\/uploads\/2024\/07\/Paint-roller-holder-PRH180.png?fit=952%2C949&ssl=1&resize=525%2C300 1.5x, https:\/\/i0.wp.com\/puuhamari.fi\/wp-content\/uploads\/2024\/07\/Paint-roller-holder-PRH180.png?fit=952%2C949&ssl=1&resize=700%2C400 2x"},"classes":[]},{"id":8182,"url":"https:\/\/puuhamari.fi\/?product=koristekuvio-clarissa","url_meta":{"origin":8424,"position":3},"title":"Koristekuvio Clarissa","author":"PuuhaMari","date":"17 hein\u00e4kuun, 2024","format":false,"excerpt":"Puupuristetta, joka huoneenl\u00e4mm\u00f6ss\u00e4 k\u00e4ytt\u00e4ytyy kuten tavalliset puukoristeet, mutta l\u00e4mmitettyn\u00e4 taipuu ja muotoutuu mm. py\u00f6reisiin ja kulmikkaisiin kalusteiden kohtiin. Kiinnitet\u00e4\u00e4n tavallisella puuliimalla. Pakkauksessa 1 koriste, jonka leveys on 18 cm ja korkeus 8 cm. L\u00c4MMIT\u00c4, LIIMAA, MAALAA; niin yksinkertainen on FlexyWood.","rel":"","context":"With 2 comments","block_context":{"text":"With 2 comments","link":"https:\/\/puuhamari.fi\/?product=koristekuvio-clarissa#comments"},"img":{"alt_text":"","src":"https:\/\/i0.wp.com\/puuhamari.fi\/wp-content\/uploads\/2024\/07\/CLARISSA-1.jpg?fit=500%2C500&ssl=1&resize=350%2C200","width":350,"height":200},"classes":[]},{"id":3164,"url":"https:\/\/puuhamari.fi\/?product=orb-pyorea-m","url_meta":{"origin":8424,"position":4},"title":"ORB &#8211; py\u00f6re\u00e4 M","author":"PuuhaMari","date":"4 huhtikuun, 2022","format":false,"excerpt":"Hollannissa k\u00e4sity\u00f6n\u00e4 valmistettu py\u00f6re\u00e4k\u00e4rkinen pensseli. Sopii erityisen hyvin k\u00e4ytett\u00e4v\u00e4ksi vesiliukoisten maalien kanssa (Esim. Fusion\u2122 mineraalimaalit). M koko = R12, holkin leveys n. 2,5 cm, varren pituus 16,5 cm.","rel":"","context":"Samankaltainen artikkeli","block_context":{"text":"Samankaltainen artikkeli","link":""},"img":{"alt_text":"","src":"https:\/\/i0.wp.com\/puuhamari.fi\/wp-content\/uploads\/2022\/04\/orb-round-medium.jpg?fit=1000%2C1000&ssl=1&resize=350%2C200","width":350,"height":200,"srcset":"https:\/\/i0.wp.com\/puuhamari.fi\/wp-content\/uploads\/2022\/04\/orb-round-medium.jpg?fit=1000%2C1000&ssl=1&resize=350%2C200 1x, https:\/\/i0.wp.com\/puuhamari.fi\/wp-content\/uploads\/2022\/04\/orb-round-medium.jpg?fit=1000%2C1000&ssl=1&resize=525%2C300 1.5x, https:\/\/i0.wp.com\/puuhamari.fi\/wp-content\/uploads\/2022\/04\/orb-round-medium.jpg?fit=1000%2C1000&ssl=1&resize=700%2C400 2x"},"classes":[]},{"id":3380,"url":"https:\/\/puuhamari.fi\/?product=orb-littea-25-mm","url_meta":{"origin":8424,"position":5},"title":"ORB &#8211; litte\u00e4 25 mm","author":"PuuhaMari","date":"23 toukokuun, 2022","format":false,"excerpt":"Hollannissa k\u00e4sity\u00f6n\u00e4 valmistettu pensseli synteettisill\u00e4, pehmeill\u00e4\u00a0 harjaksilla. Monipuolinen yleispensseli Korkealaatuinen, satiinilakattu varsi Loistava maalin nosto- ja levityskyky Nopeaan ty\u00f6skentelyyn isoilla pinnoilla Mahdollistaa paremman peitt\u00e4vyyden V\u00e4hent\u00e4\u00e4 ranteen v\u00e4symist\u00e4","rel":"","context":"With 1 comment","block_context":{"text":"With 1 comment","link":"https:\/\/puuhamari.fi\/?product=orb-littea-25-mm#comments"},"img":{"alt_text":"","src":"https:\/\/i0.wp.com\/puuhamari.fi\/wp-content\/uploads\/2022\/05\/old-red-barn-old-red-barn-flat-brush-f1.jpg?fit=1000%2C1000&ssl=1&resize=350%2C200","width":350,"height":200,"srcset":"https:\/\/i0.wp.com\/puuhamari.fi\/wp-content\/uploads\/2022\/05\/old-red-barn-old-red-barn-flat-brush-f1.jpg?fit=1000%2C1000&ssl=1&resize=350%2C200 1x, https:\/\/i0.wp.com\/puuhamari.fi\/wp-content\/uploads\/2022\/05\/old-red-barn-old-red-barn-flat-brush-f1.jpg?fit=1000%2C1000&ssl=1&resize=525%2C300 1.5x, https:\/\/i0.wp.com\/puuhamari.fi\/wp-content\/uploads\/2022\/05\/old-red-barn-old-red-barn-flat-brush-f1.jpg?fit=1000%2C1000&ssl=1&resize=700%2C400 2x"},"classes":[]}],"_links":{"self":[{"href":"https:\/\/puuhamari.fi\/index.php?rest_route=\/wp\/v2\/product\/8424","targetHints":{"allow":["GET"]}}],"collection":[{"href":"https:\/\/puuhamari.fi\/index.php?rest_route=\/wp\/v2\/product"}],"about":[{"href":"https:\/\/puuhamari.fi\/index.php?rest_route=\/wp\/v2\/types\/product"}],"replies":[{"embeddable":true,"href":"https:\/\/puuhamari.fi\/index.php?rest_route=%2Fwp%2Fv2%2Fcomments&post=8424"}],"version-history":[{"count":2,"href":"https:\/\/puuhamari.fi\/index.php?rest_route=\/wp\/v2\/product\/8424\/revisions"}],"predecessor-version":[{"id":8432,"href":"https:\/\/puuhamari.fi\/index.php?rest_route=\/wp\/v2\/product\/8424\/revisions\/8432"}],"wp:featuredmedia":[{"embeddable":true,"href":"https:\/\/puuhamari.fi\/index.php?rest_route=\/wp\/v2\/media\/8428"}],"wp:attachment":[{"href":"https:\/\/puuhamari.fi\/index.php?rest_route=%2Fwp%2Fv2%2Fmedia&parent=8424"}],"wp:term":[{"taxonomy":"product_brand","embeddable":true,"href":"https:\/\/puuhamari.fi\/index.php?rest_route=%2Fwp%2Fv2%2Fproduct_brand&post=8424"},{"taxonomy":"product_cat","embeddable":true,"href":"https:\/\/puuhamari.fi\/index.php?rest_route=%2Fwp%2Fv2%2Fproduct_cat&post=8424"},{"taxonomy":"product_tag","embeddable":true,"href":"https:\/\/puuhamari.fi\/index.php?rest_route=%2Fwp%2Fv2%2Fproduct_tag&post=8424"}],"curies":[{"name":"wp","href":"https:\/\/api.w.org\/{rel}","templated":true}]}}