{"id":8433,"date":"2024-07-26T23:28:14","date_gmt":"2024-07-26T20:28:14","guid":{"rendered":"https:\/\/puuhamari.fi\/?post_type=product&#038;p=8433"},"modified":"2025-09-05T04:25:43","modified_gmt":"2025-09-05T01:25:43","slug":"orb-mikrokuitutela-100-mm","status":"publish","type":"product","link":"https:\/\/puuhamari.fi\/?product=orb-mikrokuitutela-100-mm","title":{"rendered":"ORB &#8211; Mikrokuitutela 100 mm"},"content":{"rendered":"","protected":false},"excerpt":{"rendered":"<p>Mikrokuitua. Leveys 10 cm, nukan korkeus 5 mm.<\/p>\n","protected":false},"author":1,"featured_media":8431,"comment_status":"open","ping_status":"closed","template":"","meta":{"advgb_blocks_editor_width":"","advgb_blocks_columns_visual_guide":"","advanced_seo_description":"","jetpack_seo_html_title":"","jetpack_seo_noindex":false,"_kad_post_transparent":"default","_kad_post_title":"","_kad_post_layout":"default","_kad_post_sidebar_id":"","_kad_post_content_style":"default","_kad_post_vertical_padding":"default","_kad_post_feature":"","_kad_post_feature_position":"","_kad_post_header":false,"_kad_post_footer":false,"_kad_post_classname":"","jetpack_post_was_ever_published":true},"product_brand":[],"product_cat":[307],"product_tag":[318,320,317,316,319],"class_list":{"0":"post-8433","1":"product","2":"type-product","3":"status-publish","4":"has-post-thumbnail","6":"product_cat-telat-ja-varret","7":"product_tag-mikrokuitu","8":"product_tag-mikrokuitutela","9":"product_tag-old-red-barn","10":"product_tag-orb","11":"product_tag-tela","13":"first","14":"instock","15":"taxable","16":"shipping-taxable","17":"purchasable","18":"product-type-simple","19":"entry","20":"content-bg","21":"loop-entry"},"featured_img":"https:\/\/puuhamari.fi\/wp-content\/uploads\/2024\/07\/Paint-roller-PR100.png","coauthors":[],"author_meta":{"author_link":"https:\/\/puuhamari.fi\/?author=1","display_name":"PuuhaMari"},"relative_dates":{"created":"Julkaistu 2 vuotta sitten","modified":"P\u00e4ivitetty 8 kuukautta sitten"},"absolute_dates":{"created":"Julkaistu 26 hein\u00e4kuun, 2024","modified":"P\u00e4ivitetty 5 syyskuun, 2025"},"absolute_dates_time":{"created":"Julkaistu 26 hein\u00e4kuun, 2024 11:28 pm","modified":"P\u00e4ivitetty 5 syyskuun, 2025 4:25 am"},"featured_img_caption":"","tax_additional":{"product_brand":{"linked":[],"unlinked":[],"slug":"product_brand","name":"Br\u00e4ndit"},"product_type":{"linked":["<a href=\"https:\/\/puuhamari.fi\/?taxonomy=product_type&#038;term=simple\" class=\"advgb-post-tax-term\">simple<\/a>"],"unlinked":["<span class=\"advgb-post-tax-term\">simple<\/span>"],"slug":"product_type","name":"Tuotetyyppi"},"product_visibility":{"linked":[],"unlinked":[],"slug":"product_visibility","name":"Tuotteen n\u00e4kyvyys"},"product_cat":{"linked":["<a href=\"https:\/\/puuhamari.fi\/?product_cat=telat-ja-varret\" class=\"advgb-post-tax-term\">Telat ja -varret<\/a>"],"unlinked":["<span class=\"advgb-post-tax-term\">Telat ja -varret<\/span>"],"slug":"product_cat","name":"Osastot"},"product_tag":{"linked":["<a href=\"https:\/\/puuhamari.fi\/?product_tag=mikrokuitu\" class=\"advgb-post-tax-term\">Mikrokuitu<\/a>","<a href=\"https:\/\/puuhamari.fi\/?product_tag=mikrokuitutela\" class=\"advgb-post-tax-term\">Mikrokuitutela<\/a>","<a href=\"https:\/\/puuhamari.fi\/?product_tag=old-red-barn\" class=\"advgb-post-tax-term\">Old Red Barn<\/a>","<a href=\"https:\/\/puuhamari.fi\/?product_tag=orb\" class=\"advgb-post-tax-term\">ORB<\/a>","<a href=\"https:\/\/puuhamari.fi\/?product_tag=tela\" class=\"advgb-post-tax-term\">Tela<\/a>"],"unlinked":["<span class=\"advgb-post-tax-term\">Mikrokuitu<\/span>","<span class=\"advgb-post-tax-term\">Mikrokuitutela<\/span>","<span class=\"advgb-post-tax-term\">Old Red Barn<\/span>","<span class=\"advgb-post-tax-term\">ORB<\/span>","<span class=\"advgb-post-tax-term\">Tela<\/span>"],"slug":"product_tag","name":"Avainsanat tuotteelle"},"product_shipping_class":{"linked":[],"unlinked":[],"slug":"product_shipping_class","name":"Tuotteen toimitusluokat"},"pos_product_visibility":{"linked":[],"unlinked":[],"slug":"pos_product_visibility","name":"POS Product visibility"},"pa_arkin-koko":{"linked":[],"unlinked":[],"slug":"pa_arkin-koko","name":"Tuote Arkin koko"},"pa_hiomatyynyn-karkeus":{"linked":[],"unlinked":[],"slug":"pa_hiomatyynyn-karkeus","name":"Tuote Hiomatyynyn karkeus"},"pa_kehys":{"linked":[],"unlinked":[],"slug":"pa_kehys","name":"Tuote Kehys"},"pa_kuvion-nro":{"linked":[],"unlinked":[],"slug":"pa_kuvion-nro","name":"Tuote Kuvion nro"},"pa_littean-pensselin-koko":{"linked":[],"unlinked":[],"slug":"pa_littean-pensselin-koko","name":"Tuote Litte\u00e4n pensselin koko"},"pa_maalivari":{"linked":[],"unlinked":[],"slug":"pa_maalivari","name":"Tuote Maaliv\u00e4ri"},"pa_palatapettien-lkm":{"linked":[],"unlinked":[],"slug":"pa_palatapettien-lkm","name":"Tuote Palatapettien lkm"},"pa_purkin-koko":{"linked":[],"unlinked":[],"slug":"pa_purkin-koko","name":"Tuote Purkin koko"},"pa_sapluunan-koko":{"linked":[],"unlinked":[],"slug":"pa_sapluunan-koko","name":"Tuote Sapluunan koko"},"pa_tabletti":{"linked":[],"unlinked":[],"slug":"pa_tabletti","name":"Tuote Tabletti"},"pa_valitse-sisalto":{"linked":[],"unlinked":[],"slug":"pa_valitse-sisalto","name":"Tuote Valitse sis\u00e4lt\u00f6"},"pa_varjostin":{"linked":[],"unlinked":[],"slug":"pa_varjostin","name":"Tuote Varjostin"}},"series_order":"","jetpack_sharing_enabled":true,"jetpack_likes_enabled":true,"jetpack-related-posts":[{"id":8424,"url":"https:\/\/puuhamari.fi\/?product=orb-mikrokuitutela-180-mm","url_meta":{"origin":8433,"position":0},"title":"ORB &#8211; Mikrokuitutela 180 mm","author":"PuuhaMari","date":"26 hein\u00e4kuun, 2024","format":false,"excerpt":"Mikrokuitua. Leveys 18 cm, nukan korkeus 5 mm.","rel":"","context":"Samankaltainen artikkeli","block_context":{"text":"Samankaltainen artikkeli","link":""},"img":{"alt_text":"","src":"https:\/\/i0.wp.com\/puuhamari.fi\/wp-content\/uploads\/2024\/07\/Paint-roller-PR180.png?fit=949%2C951&ssl=1&resize=350%2C200","width":350,"height":200,"srcset":"https:\/\/i0.wp.com\/puuhamari.fi\/wp-content\/uploads\/2024\/07\/Paint-roller-PR180.png?fit=949%2C951&ssl=1&resize=350%2C200 1x, https:\/\/i0.wp.com\/puuhamari.fi\/wp-content\/uploads\/2024\/07\/Paint-roller-PR180.png?fit=949%2C951&ssl=1&resize=525%2C300 1.5x, https:\/\/i0.wp.com\/puuhamari.fi\/wp-content\/uploads\/2024\/07\/Paint-roller-PR180.png?fit=949%2C951&ssl=1&resize=700%2C400 2x"},"classes":[]},{"id":3167,"url":"https:\/\/puuhamari.fi\/?product=orb-tela-120-mm","url_meta":{"origin":8433,"position":1},"title":"ORB &#8211; Mikrokuitutela 120 mm","author":"PuuhaMari","date":"4 huhtikuun, 2022","format":false,"excerpt":"Mikrokuitua. Leveys 12 cm, nukan korkeus 5 mm.","rel":"","context":"With 1 comment","block_context":{"text":"With 1 comment","link":"https:\/\/puuhamari.fi\/?product=orb-tela-120-mm#comments"},"img":{"alt_text":"","src":"https:\/\/i0.wp.com\/puuhamari.fi\/wp-content\/uploads\/2022\/04\/IMG_6449-scaled.jpg?fit=1200%2C800&ssl=1&resize=350%2C200","width":350,"height":200,"srcset":"https:\/\/i0.wp.com\/puuhamari.fi\/wp-content\/uploads\/2022\/04\/IMG_6449-scaled.jpg?fit=1200%2C800&ssl=1&resize=350%2C200 1x, https:\/\/i0.wp.com\/puuhamari.fi\/wp-content\/uploads\/2022\/04\/IMG_6449-scaled.jpg?fit=1200%2C800&ssl=1&resize=525%2C300 1.5x, https:\/\/i0.wp.com\/puuhamari.fi\/wp-content\/uploads\/2022\/04\/IMG_6449-scaled.jpg?fit=1200%2C800&ssl=1&resize=700%2C400 2x, https:\/\/i0.wp.com\/puuhamari.fi\/wp-content\/uploads\/2022\/04\/IMG_6449-scaled.jpg?fit=1200%2C800&ssl=1&resize=1050%2C600 3x"},"classes":[]},{"id":8435,"url":"https:\/\/puuhamari.fi\/?product=orb-telavarsi-100-120-mm","url_meta":{"origin":8433,"position":2},"title":"ORB &#8211; Telavarsi 100\/120 mm","author":"PuuhaMari","date":"26 hein\u00e4kuun, 2024","format":false,"excerpt":"Kalustemaalaukseen sopiva lyhyt varsiosa. Voidaan k\u00e4ytt\u00e4\u00e4 10-12 cm leveiden telarullien kanssa.","rel":"","context":"Samankaltainen artikkeli","block_context":{"text":"Samankaltainen artikkeli","link":""},"img":{"alt_text":"","src":"https:\/\/i0.wp.com\/puuhamari.fi\/wp-content\/uploads\/2024\/07\/Paint-roller-holder-PRH100-120.png?fit=952%2C948&ssl=1&resize=350%2C200","width":350,"height":200,"srcset":"https:\/\/i0.wp.com\/puuhamari.fi\/wp-content\/uploads\/2024\/07\/Paint-roller-holder-PRH100-120.png?fit=952%2C948&ssl=1&resize=350%2C200 1x, https:\/\/i0.wp.com\/puuhamari.fi\/wp-content\/uploads\/2024\/07\/Paint-roller-holder-PRH100-120.png?fit=952%2C948&ssl=1&resize=525%2C300 1.5x, https:\/\/i0.wp.com\/puuhamari.fi\/wp-content\/uploads\/2024\/07\/Paint-roller-holder-PRH100-120.png?fit=952%2C948&ssl=1&resize=700%2C400 2x"},"classes":[]},{"id":10456,"url":"https:\/\/puuhamari.fi\/?product=varjostimet-o-100-130-mm","url_meta":{"origin":8433,"position":3},"title":"Varjostimet \u00d8 100\/130 mm","author":"PuuhaMari","date":"18 joulukuun, 2025","format":false,"excerpt":"Farkkuvarjostimet esim. p\u00f6yt\u00e4lamppuihin. Kuvat hiukan huijaavat: varjostimet ovat alaosastaan leve\u00e4mm\u00e4t, kuin yl\u00e4osasta. Kaikkien varjostimien yl\u00e4osan halkaisija on 100-130 mm (10-13 cm),\u00a0alaosan 130 mm (13 cm), ja korkeus 12 cm. Kiinnitet\u00e4\u00e4n lampun k\u00e4rjen p\u00e4\u00e4h\u00e4n.","rel":"","context":"Samankaltainen artikkeli","block_context":{"text":"Samankaltainen artikkeli","link":""},"img":{"alt_text":"","src":"https:\/\/i0.wp.com\/puuhamari.fi\/wp-content\/uploads\/2025\/12\/Varjostimet-M.jpg?fit=632%2C632&ssl=1&resize=350%2C200","width":350,"height":200,"srcset":"https:\/\/i0.wp.com\/puuhamari.fi\/wp-content\/uploads\/2025\/12\/Varjostimet-M.jpg?fit=632%2C632&ssl=1&resize=350%2C200 1x, https:\/\/i0.wp.com\/puuhamari.fi\/wp-content\/uploads\/2025\/12\/Varjostimet-M.jpg?fit=632%2C632&ssl=1&resize=525%2C300 1.5x"},"classes":[]},{"id":3164,"url":"https:\/\/puuhamari.fi\/?product=orb-pyorea-m","url_meta":{"origin":8433,"position":4},"title":"ORB &#8211; py\u00f6re\u00e4 M","author":"PuuhaMari","date":"4 huhtikuun, 2022","format":false,"excerpt":"Hollannissa k\u00e4sity\u00f6n\u00e4 valmistettu py\u00f6re\u00e4k\u00e4rkinen pensseli. Sopii erityisen hyvin k\u00e4ytett\u00e4v\u00e4ksi vesiliukoisten maalien kanssa (Esim. Fusion\u2122 mineraalimaalit). M koko = R12, holkin leveys n. 2,5 cm, varren pituus 16,5 cm.","rel":"","context":"Samankaltainen artikkeli","block_context":{"text":"Samankaltainen artikkeli","link":""},"img":{"alt_text":"","src":"https:\/\/i0.wp.com\/puuhamari.fi\/wp-content\/uploads\/2022\/04\/orb-round-medium.jpg?fit=1000%2C1000&ssl=1&resize=350%2C200","width":350,"height":200,"srcset":"https:\/\/i0.wp.com\/puuhamari.fi\/wp-content\/uploads\/2022\/04\/orb-round-medium.jpg?fit=1000%2C1000&ssl=1&resize=350%2C200 1x, https:\/\/i0.wp.com\/puuhamari.fi\/wp-content\/uploads\/2022\/04\/orb-round-medium.jpg?fit=1000%2C1000&ssl=1&resize=525%2C300 1.5x, https:\/\/i0.wp.com\/puuhamari.fi\/wp-content\/uploads\/2022\/04\/orb-round-medium.jpg?fit=1000%2C1000&ssl=1&resize=700%2C400 2x"},"classes":[]},{"id":6384,"url":"https:\/\/puuhamari.fi\/?product=orb-viimeistely-ja-kuviointi-100-mm","url_meta":{"origin":8433,"position":5},"title":"ORB &#8211; Viimeistely ja kuviointi 100 mm","author":"PuuhaMari","date":"1 hein\u00e4kuun, 2023","format":false,"excerpt":"Uutuus PuuhaMarin valikoimassa: Hollannissa k\u00e4sity\u00f6n\u00e4 valmistettu ohut, leve\u00e4 ja litte\u00e4 pensseli synteettisill\u00e4, pehmeill\u00e4\u00a0 harjaksilla. Nopeaan ty\u00f6skentelyyn isohkoilla pinnoilla Telalla maalaamisen viimeistelyyn Erilaisiin (kuviointi-) tekniikoihin, esim. kuivaharjaus, glaseeraus, h\u00e4ivytykset jne... Viimeistelyaineiden ohueen levitykseen (my\u00f6s sellakka) Litte\u00e4 ja ohut harjasosa tekee tarkaa j\u00e4lke\u00e4 my\u00f6s reunoissa","rel":"","context":"Samankaltainen artikkeli","block_context":{"text":"Samankaltainen artikkeli","link":""},"img":{"alt_text":"","src":"https:\/\/i0.wp.com\/puuhamari.fi\/wp-content\/uploads\/2023\/07\/Viimeistely-ja-kuviointi-100-mm-1b.jpg?fit=917%2C917&ssl=1&resize=350%2C200","width":350,"height":200,"srcset":"https:\/\/i0.wp.com\/puuhamari.fi\/wp-content\/uploads\/2023\/07\/Viimeistely-ja-kuviointi-100-mm-1b.jpg?fit=917%2C917&ssl=1&resize=350%2C200 1x, https:\/\/i0.wp.com\/puuhamari.fi\/wp-content\/uploads\/2023\/07\/Viimeistely-ja-kuviointi-100-mm-1b.jpg?fit=917%2C917&ssl=1&resize=525%2C300 1.5x, https:\/\/i0.wp.com\/puuhamari.fi\/wp-content\/uploads\/2023\/07\/Viimeistely-ja-kuviointi-100-mm-1b.jpg?fit=917%2C917&ssl=1&resize=700%2C400 2x"},"classes":[]}],"_links":{"self":[{"href":"https:\/\/puuhamari.fi\/index.php?rest_route=\/wp\/v2\/product\/8433","targetHints":{"allow":["GET"]}}],"collection":[{"href":"https:\/\/puuhamari.fi\/index.php?rest_route=\/wp\/v2\/product"}],"about":[{"href":"https:\/\/puuhamari.fi\/index.php?rest_route=\/wp\/v2\/types\/product"}],"replies":[{"embeddable":true,"href":"https:\/\/puuhamari.fi\/index.php?rest_route=%2Fwp%2Fv2%2Fcomments&post=8433"}],"version-history":[{"count":1,"href":"https:\/\/puuhamari.fi\/index.php?rest_route=\/wp\/v2\/product\/8433\/revisions"}],"predecessor-version":[{"id":8434,"href":"https:\/\/puuhamari.fi\/index.php?rest_route=\/wp\/v2\/product\/8433\/revisions\/8434"}],"wp:featuredmedia":[{"embeddable":true,"href":"https:\/\/puuhamari.fi\/index.php?rest_route=\/wp\/v2\/media\/8431"}],"wp:attachment":[{"href":"https:\/\/puuhamari.fi\/index.php?rest_route=%2Fwp%2Fv2%2Fmedia&parent=8433"}],"wp:term":[{"taxonomy":"product_brand","embeddable":true,"href":"https:\/\/puuhamari.fi\/index.php?rest_route=%2Fwp%2Fv2%2Fproduct_brand&post=8433"},{"taxonomy":"product_cat","embeddable":true,"href":"https:\/\/puuhamari.fi\/index.php?rest_route=%2Fwp%2Fv2%2Fproduct_cat&post=8433"},{"taxonomy":"product_tag","embeddable":true,"href":"https:\/\/puuhamari.fi\/index.php?rest_route=%2Fwp%2Fv2%2Fproduct_tag&post=8433"}],"curies":[{"name":"wp","href":"https:\/\/api.w.org\/{rel}","templated":true}]}}