{"id":8451,"date":"2024-07-27T21:38:59","date_gmt":"2024-07-27T18:38:59","guid":{"rendered":"https:\/\/puuhamari.fi\/?post_type=product&#038;p=8451"},"modified":"2025-09-05T04:25:39","modified_gmt":"2025-09-05T01:25:39","slug":"a3-una-and-the-lion","status":"publish","type":"product","link":"https:\/\/puuhamari.fi\/?product=a3-una-and-the-lion","title":{"rendered":"A3 Una and the Lion"},"content":{"rendered":"<p><iframe title=\"how to decoupage furniture\" width=\"720\" height=\"405\" src=\"https:\/\/www.youtube.com\/embed\/hzTmtwoT22A?feature=oembed\" frameborder=\"0\" allow=\"accelerometer; autoplay; clipboard-write; encrypted-media; gyroscope; picture-in-picture; web-share\" referrerpolicy=\"strict-origin-when-cross-origin\" allowfullscreen><\/iframe><\/p>\n","protected":false},"excerpt":{"rendered":"<p>Vangitsevan kaunis William Bell Scott:in maalaus on nyt p\u00e4\u00e4osassa. Vuodelta 1860 olevan teoksen inspiraationa oli 1500-luvulta periytynyt Edmund Spenserin runomuotoinen legenda prinsessa Una:sta jonka vanhemmat julma lohik\u00e4\u00e4rme vangitsi.<\/p>\n<p>Matkalla vapauttamaan vanhempiaan Una tapaa pelottavan leijonan, joka kuitenkin hullaantuu tyt\u00f6n viattomuudesta ja kauneudesta niin perusteellisesti, ett\u00e4 se peruu aikomuksena sy\u00f6d\u00e4 h\u00e4net, ja sen sijaan vannoo ryhtyv\u00e4ns\u00e4 h\u00e4nen suojelijakseen ja matkaseurakseen&#8230;<\/p>\n<p>PAKKAUS SIS\u00c4LT\u00c4\u00c4 3 kpl A3-KOKOISIA ARKKEJA:<br \/>\n1 arkki vihreit\u00e4, keltaisia ja punaisia syyslehti\u00e4, 1 arkki jossa kuvattu Una ja leijona, sek\u00e4 1 arkki syksyisi\u00e4 vaahteranlehti\u00e4.<br \/>\n(Kts. oheiset kuvat)<\/p>\n<p>N\u00e4m\u00e4 kuvat on painettu erikoisvalmisteiselle, kierr\u00e4tetylle paperille, jonka vahvuus on n. 53 g\/m\u00b2. Se on siis tuplasti vahvempaa kuin moni riisipaperi, ja asettuu siksi helpommin ja rypytt\u00f6m\u00e4mmin esim. kaapinoviin ja laatikoiden etulevyihin!<\/p>\n<p>Jokaisessa arkissa on lis\u00e4ksi kapeat, valkoiset reunukset, joiden tarkoitus on auttaa sinua repim\u00e4\u00e4n kuvien reuna-alueet ep\u00e4tasaisesti ennen niiden asentamista paikalleen. Siten kuvan reunojen h\u00e4ivytt\u00e4minen kalustemaalilla on helpompaa. Kiinnitt\u00e4misess\u00e4 parhaiten toimivat esim. vedell\u00e4 laimennettu <a href=\"https:\/\/puuhamari.fi\/?product=bostik-puuliima-ulos-sisalle\">puuliima<\/a>, tai Fusion:in valmistama <a href=\"https:\/\/puuhamari.fi\/?product=decoupage-transfer-gel\">Decoupage and Transfer Gel.<\/a><\/p>\n","protected":false},"author":1,"featured_media":8395,"comment_status":"open","ping_status":"closed","template":"","meta":{"advgb_blocks_editor_width":"","advgb_blocks_columns_visual_guide":"","advanced_seo_description":"","jetpack_seo_html_title":"","jetpack_seo_noindex":false,"_kad_post_transparent":"default","_kad_post_title":"","_kad_post_layout":"default","_kad_post_sidebar_id":"","_kad_post_content_style":"default","_kad_post_vertical_padding":"default","_kad_post_feature":"","_kad_post_feature_position":"","_kad_post_header":false,"_kad_post_footer":false,"_kad_post_classname":"","jetpack_post_was_ever_published":false},"product_brand":[],"product_cat":[935],"product_tag":[1068,1069,671,256,1070,1067,1065,1063,1064,1072,937,936,1066,1071],"class_list":{"0":"post-8451","1":"product","2":"type-product","3":"status-publish","4":"has-post-thumbnail","6":"product_cat-decoupage","7":"product_tag-1500-luku","8":"product_tag-1800-luku","9":"product_tag-a3","10":"product_tag-decoupage","11":"product_tag-edmund-spenser","12":"product_tag-kertomus","13":"product_tag-legenda","14":"product_tag-leijona","15":"product_tag-prinsessa","16":"product_tag-runo","17":"product_tag-skotlantilainen","18":"product_tag-skotti","19":"product_tag-tarina","20":"product_tag-william-bell-scott","22":"first","23":"instock","24":"taxable","25":"shipping-taxable","26":"purchasable","27":"product-type-simple","28":"entry","29":"content-bg","30":"loop-entry"},"featured_img":"https:\/\/puuhamari.fi\/wp-content\/uploads\/2024\/07\/Una-and-the-Lion-1.png","coauthors":[],"author_meta":{"author_link":"https:\/\/puuhamari.fi\/?author=1","display_name":"PuuhaMari"},"relative_dates":{"created":"Julkaistu 2 vuotta sitten","modified":"P\u00e4ivitetty 8 kuukautta sitten"},"absolute_dates":{"created":"Julkaistu 27 hein\u00e4kuun, 2024","modified":"P\u00e4ivitetty 5 syyskuun, 2025"},"absolute_dates_time":{"created":"Julkaistu 27 hein\u00e4kuun, 2024 9:38 pm","modified":"P\u00e4ivitetty 5 syyskuun, 2025 4:25 am"},"featured_img_caption":"A3 Decoupage-paperi","tax_additional":{"product_brand":{"linked":[],"unlinked":[],"slug":"product_brand","name":"Br\u00e4ndit"},"product_type":{"linked":["<a href=\"https:\/\/puuhamari.fi\/?taxonomy=product_type&#038;term=simple\" class=\"advgb-post-tax-term\">simple<\/a>"],"unlinked":["<span class=\"advgb-post-tax-term\">simple<\/span>"],"slug":"product_type","name":"Tuotetyyppi"},"product_visibility":{"linked":[],"unlinked":[],"slug":"product_visibility","name":"Tuotteen n\u00e4kyvyys"},"product_cat":{"linked":["<a href=\"https:\/\/puuhamari.fi\/?product_cat=decoupage\" class=\"advgb-post-tax-term\">Decoupage<\/a>"],"unlinked":["<span class=\"advgb-post-tax-term\">Decoupage<\/span>"],"slug":"product_cat","name":"Osastot"},"product_tag":{"linked":["<a href=\"https:\/\/puuhamari.fi\/?product_tag=1500-luku\" class=\"advgb-post-tax-term\">1500-luku<\/a>","<a href=\"https:\/\/puuhamari.fi\/?product_tag=1800-luku\" class=\"advgb-post-tax-term\">1800-luku<\/a>","<a href=\"https:\/\/puuhamari.fi\/?product_tag=a3\" class=\"advgb-post-tax-term\">A3<\/a>","<a href=\"https:\/\/puuhamari.fi\/?product_tag=decoupage\" class=\"advgb-post-tax-term\">Decoupage<\/a>","<a href=\"https:\/\/puuhamari.fi\/?product_tag=edmund-spenser\" class=\"advgb-post-tax-term\">Edmund Spenser<\/a>","<a href=\"https:\/\/puuhamari.fi\/?product_tag=kertomus\" class=\"advgb-post-tax-term\">kertomus<\/a>","<a href=\"https:\/\/puuhamari.fi\/?product_tag=legenda\" class=\"advgb-post-tax-term\">Legenda<\/a>","<a href=\"https:\/\/puuhamari.fi\/?product_tag=leijona\" class=\"advgb-post-tax-term\">leijona<\/a>","<a href=\"https:\/\/puuhamari.fi\/?product_tag=prinsessa\" class=\"advgb-post-tax-term\">prinsessa<\/a>","<a href=\"https:\/\/puuhamari.fi\/?product_tag=runo\" class=\"advgb-post-tax-term\">Runo<\/a>","<a href=\"https:\/\/puuhamari.fi\/?product_tag=skotlantilainen\" class=\"advgb-post-tax-term\">skotlantilainen<\/a>","<a href=\"https:\/\/puuhamari.fi\/?product_tag=skotti\" class=\"advgb-post-tax-term\">skotti<\/a>","<a href=\"https:\/\/puuhamari.fi\/?product_tag=tarina\" class=\"advgb-post-tax-term\">tarina<\/a>","<a href=\"https:\/\/puuhamari.fi\/?product_tag=william-bell-scott\" class=\"advgb-post-tax-term\">William Bell Scott<\/a>"],"unlinked":["<span class=\"advgb-post-tax-term\">1500-luku<\/span>","<span class=\"advgb-post-tax-term\">1800-luku<\/span>","<span class=\"advgb-post-tax-term\">A3<\/span>","<span class=\"advgb-post-tax-term\">Decoupage<\/span>","<span class=\"advgb-post-tax-term\">Edmund Spenser<\/span>","<span class=\"advgb-post-tax-term\">kertomus<\/span>","<span class=\"advgb-post-tax-term\">Legenda<\/span>","<span class=\"advgb-post-tax-term\">leijona<\/span>","<span class=\"advgb-post-tax-term\">prinsessa<\/span>","<span class=\"advgb-post-tax-term\">Runo<\/span>","<span class=\"advgb-post-tax-term\">skotlantilainen<\/span>","<span class=\"advgb-post-tax-term\">skotti<\/span>","<span class=\"advgb-post-tax-term\">tarina<\/span>","<span class=\"advgb-post-tax-term\">William Bell Scott<\/span>"],"slug":"product_tag","name":"Avainsanat tuotteelle"},"product_shipping_class":{"linked":[],"unlinked":[],"slug":"product_shipping_class","name":"Tuotteen toimitusluokat"},"pos_product_visibility":{"linked":[],"unlinked":[],"slug":"pos_product_visibility","name":"POS Product visibility"},"pa_arkin-koko":{"linked":[],"unlinked":[],"slug":"pa_arkin-koko","name":"Tuote Arkin koko"},"pa_hiomatyynyn-karkeus":{"linked":[],"unlinked":[],"slug":"pa_hiomatyynyn-karkeus","name":"Tuote Hiomatyynyn karkeus"},"pa_kehys":{"linked":[],"unlinked":[],"slug":"pa_kehys","name":"Tuote Kehys"},"pa_kuvion-nro":{"linked":[],"unlinked":[],"slug":"pa_kuvion-nro","name":"Tuote Kuvion nro"},"pa_littean-pensselin-koko":{"linked":[],"unlinked":[],"slug":"pa_littean-pensselin-koko","name":"Tuote Litte\u00e4n pensselin koko"},"pa_maalivari":{"linked":[],"unlinked":[],"slug":"pa_maalivari","name":"Tuote Maaliv\u00e4ri"},"pa_palatapettien-lkm":{"linked":[],"unlinked":[],"slug":"pa_palatapettien-lkm","name":"Tuote Palatapettien lkm"},"pa_purkin-koko":{"linked":[],"unlinked":[],"slug":"pa_purkin-koko","name":"Tuote Purkin koko"},"pa_sapluunan-koko":{"linked":[],"unlinked":[],"slug":"pa_sapluunan-koko","name":"Tuote Sapluunan koko"},"pa_tabletti":{"linked":[],"unlinked":[],"slug":"pa_tabletti","name":"Tuote Tabletti"},"pa_valitse-sisalto":{"linked":[],"unlinked":[],"slug":"pa_valitse-sisalto","name":"Tuote Valitse sis\u00e4lt\u00f6"},"pa_varjostin":{"linked":[],"unlinked":[],"slug":"pa_varjostin","name":"Tuote Varjostin"}},"series_order":"","jetpack_sharing_enabled":true,"jetpack_likes_enabled":true,"jetpack-related-posts":[{"id":7863,"url":"https:\/\/puuhamari.fi\/?product=a3-butterfly","url_meta":{"origin":8451,"position":0},"title":"A3 Butterfly","author":"PuuhaMari","date":"27 maaliskuun, 2024","format":false,"excerpt":"Upea setti, jossa kes\u00e4iset v\u00e4rit suorastaan hehkuvat. Huomaa my\u00f6s, ett\u00e4 tilkkut\u00e4kkim\u00e4iset reunat on suunniteltu haluttaessa k\u00e4ytett\u00e4v\u00e4ksi esim. hyllyjen\/kaapinrunkojen etureunoissa! (Niiss\u00e4, mihin ennen vanhaan laitettiin nastalla kiinni pitsinauhaa, you know...) PAKKAUS SIS\u00c4LT\u00c4\u00c4 3 kpl A3-KOKOISIA ARKKEJA: 1\u00a0 arkki jossa kolme eri v\u00e4rist\u00e4 ja kuvioista perhosta, 1 arkki josta p\u00e4\u00e4roolissa oleva perhonen\u2026","rel":"","context":"Samankaltainen artikkeli","block_context":{"text":"Samankaltainen artikkeli","link":""},"img":{"alt_text":"","src":"https:\/\/i0.wp.com\/puuhamari.fi\/wp-content\/uploads\/2024\/03\/Butterfly-1.png?fit=1080%2C1080&ssl=1&resize=350%2C200","width":350,"height":200,"srcset":"https:\/\/i0.wp.com\/puuhamari.fi\/wp-content\/uploads\/2024\/03\/Butterfly-1.png?fit=1080%2C1080&ssl=1&resize=350%2C200 1x, https:\/\/i0.wp.com\/puuhamari.fi\/wp-content\/uploads\/2024\/03\/Butterfly-1.png?fit=1080%2C1080&ssl=1&resize=525%2C300 1.5x, https:\/\/i0.wp.com\/puuhamari.fi\/wp-content\/uploads\/2024\/03\/Butterfly-1.png?fit=1080%2C1080&ssl=1&resize=700%2C400 2x, https:\/\/i0.wp.com\/puuhamari.fi\/wp-content\/uploads\/2024\/03\/Butterfly-1.png?fit=1080%2C1080&ssl=1&resize=1050%2C600 3x"},"classes":[]},{"id":7845,"url":"https:\/\/puuhamari.fi\/?product=a3-amoramo-3-pack","url_meta":{"origin":8451,"position":1},"title":"A3 Amoramo","author":"PuuhaMari","date":"27 maaliskuun, 2024","format":false,"excerpt":"Italialaista renesanssia kauniilla yksityiskohdilla varustettuna. PAKKAUS SIS\u00c4LT\u00c4\u00c4 3 kpl A3-KOKOISIA ARKKEJA: 1\u00a0 arkki, jossa iso kukkakuvio + 2 arkkia, joissa pienemm\u00e4t kukkakuviot. (Kts. oheiset kuvat) N\u00e4m\u00e4 kuvat on painettu erikoisvalmisteiselle, kierr\u00e4tetylle paperille, jonka vahvuus on n. 53 g\/m\u00b2. Se on siis tuplasti vahvempaa kuin moni riisipaperi, ja asettuu siksi helpommin\u2026","rel":"","context":"Samankaltainen artikkeli","block_context":{"text":"Samankaltainen artikkeli","link":""},"img":{"alt_text":"","src":"https:\/\/i0.wp.com\/puuhamari.fi\/wp-content\/uploads\/2024\/03\/Amoramo-1.png?fit=1080%2C1080&ssl=1&resize=350%2C200","width":350,"height":200,"srcset":"https:\/\/i0.wp.com\/puuhamari.fi\/wp-content\/uploads\/2024\/03\/Amoramo-1.png?fit=1080%2C1080&ssl=1&resize=350%2C200 1x, https:\/\/i0.wp.com\/puuhamari.fi\/wp-content\/uploads\/2024\/03\/Amoramo-1.png?fit=1080%2C1080&ssl=1&resize=525%2C300 1.5x, https:\/\/i0.wp.com\/puuhamari.fi\/wp-content\/uploads\/2024\/03\/Amoramo-1.png?fit=1080%2C1080&ssl=1&resize=700%2C400 2x, https:\/\/i0.wp.com\/puuhamari.fi\/wp-content\/uploads\/2024\/03\/Amoramo-1.png?fit=1080%2C1080&ssl=1&resize=1050%2C600 3x"},"classes":[]},{"id":7853,"url":"https:\/\/puuhamari.fi\/?product=a3-big-moff","url_meta":{"origin":8451,"position":2},"title":"A3 Big Moff","author":"PuuhaMari","date":"27 maaliskuun, 2024","format":false,"excerpt":"Luonnonkauneutta ja lempe\u00e4n pehmeit\u00e4 v\u00e4ris\u00e4vyj\u00e4. PAKKAUS SIS\u00c4LT\u00c4\u00c4 3 kpl A3-KOKOISIA ARKKEJA: 1\u00a0 arkki, jossa isompi perhonen + 2 arkkia, joissa monta pient\u00e4 perhosta. (Kts. oheiset kuvat) N\u00e4m\u00e4 kuvat on painettu erikoisvalmisteiselle, kierr\u00e4tetylle paperille, jonka vahvuus on n. 53 g\/m\u00b2. Se on siis tuplasti vahvempaa kuin moni riisipaperi, ja asettuu siksi\u2026","rel":"","context":"Samankaltainen artikkeli","block_context":{"text":"Samankaltainen artikkeli","link":""},"img":{"alt_text":"","src":"https:\/\/i0.wp.com\/puuhamari.fi\/wp-content\/uploads\/2024\/03\/Big-Moff-1.jpg?fit=1080%2C1080&ssl=1&resize=350%2C200","width":350,"height":200,"srcset":"https:\/\/i0.wp.com\/puuhamari.fi\/wp-content\/uploads\/2024\/03\/Big-Moff-1.jpg?fit=1080%2C1080&ssl=1&resize=350%2C200 1x, https:\/\/i0.wp.com\/puuhamari.fi\/wp-content\/uploads\/2024\/03\/Big-Moff-1.jpg?fit=1080%2C1080&ssl=1&resize=525%2C300 1.5x, https:\/\/i0.wp.com\/puuhamari.fi\/wp-content\/uploads\/2024\/03\/Big-Moff-1.jpg?fit=1080%2C1080&ssl=1&resize=700%2C400 2x, https:\/\/i0.wp.com\/puuhamari.fi\/wp-content\/uploads\/2024\/03\/Big-Moff-1.jpg?fit=1080%2C1080&ssl=1&resize=1050%2C600 3x"},"classes":[]},{"id":7858,"url":"https:\/\/puuhamari.fi\/?product=a3-bumble-along","url_meta":{"origin":8451,"position":3},"title":"A3 Bumble Along","author":"PuuhaMari","date":"27 maaliskuun, 2024","format":false,"excerpt":"Luonnonkauneutta ja lempe\u00e4n pehmeit\u00e4 v\u00e4ris\u00e4vyj\u00e4. PAKKAUS SIS\u00c4LT\u00c4\u00c4 3 kpl A3-KOKOISIA ARKKEJA: 1\u00a0 arkki, jossa keskell\u00e4 p\u00e4iv\u00e4nkakkaroista koostuva kranssi ja monta pient\u00e4 kimalaista + 2 arkkia, joissa keskell\u00e4 iso kimalainen. (Kts. oheiset kuvat) N\u00e4m\u00e4 kuvat on painettu erikoisvalmisteiselle, kierr\u00e4tetylle paperille, jonka vahvuus on n. 53 g\/m\u00b2. Se on siis tuplasti vahvempaa\u2026","rel":"","context":"Samankaltainen artikkeli","block_context":{"text":"Samankaltainen artikkeli","link":""},"img":{"alt_text":"","src":"https:\/\/i0.wp.com\/puuhamari.fi\/wp-content\/uploads\/2024\/03\/Bumble-Along-1.png?fit=1080%2C1080&ssl=1&resize=350%2C200","width":350,"height":200,"srcset":"https:\/\/i0.wp.com\/puuhamari.fi\/wp-content\/uploads\/2024\/03\/Bumble-Along-1.png?fit=1080%2C1080&ssl=1&resize=350%2C200 1x, https:\/\/i0.wp.com\/puuhamari.fi\/wp-content\/uploads\/2024\/03\/Bumble-Along-1.png?fit=1080%2C1080&ssl=1&resize=525%2C300 1.5x, https:\/\/i0.wp.com\/puuhamari.fi\/wp-content\/uploads\/2024\/03\/Bumble-Along-1.png?fit=1080%2C1080&ssl=1&resize=700%2C400 2x, https:\/\/i0.wp.com\/puuhamari.fi\/wp-content\/uploads\/2024\/03\/Bumble-Along-1.png?fit=1080%2C1080&ssl=1&resize=1050%2C600 3x"},"classes":[]},{"id":7923,"url":"https:\/\/puuhamari.fi\/?product=a3-just-peachy","url_meta":{"origin":8451,"position":4},"title":"A3 Just Peachy","author":"PuuhaMari","date":"28 maaliskuun, 2024","format":false,"excerpt":"Intialaistunnelmaa\u00a0 mandalakuvioiden ja lootuksenkukkien avulla. Mutta t\u00e4ll\u00e4 kertaa ihanan hempe\u00e4ss\u00e4 persikan s\u00e4vyss\u00e4! PAKKAUS SIS\u00c4LT\u00c4\u00c4 3 kpl A3-KOKOISIA ARKKEJA: 1 arkki, jossa isoja lootuksenkukkia + 2 kesken\u00e4\u00e4n samanlaista arkkia, joissa kolme pienemp\u00e4\u00e4 lootusta ja erityisen kaunista reunaboordia. (Kts. oheiset kuvat) N\u00e4m\u00e4 kuvat on painettu erikoisvalmisteiselle, kierr\u00e4tetylle paperille, jonka vahvuus on n.\u2026","rel":"","context":"Samankaltainen artikkeli","block_context":{"text":"Samankaltainen artikkeli","link":""},"img":{"alt_text":"","src":"https:\/\/i0.wp.com\/puuhamari.fi\/wp-content\/uploads\/2024\/03\/Just-Peachy-1.jpg?fit=1080%2C1080&ssl=1&resize=350%2C200","width":350,"height":200,"srcset":"https:\/\/i0.wp.com\/puuhamari.fi\/wp-content\/uploads\/2024\/03\/Just-Peachy-1.jpg?fit=1080%2C1080&ssl=1&resize=350%2C200 1x, https:\/\/i0.wp.com\/puuhamari.fi\/wp-content\/uploads\/2024\/03\/Just-Peachy-1.jpg?fit=1080%2C1080&ssl=1&resize=525%2C300 1.5x, https:\/\/i0.wp.com\/puuhamari.fi\/wp-content\/uploads\/2024\/03\/Just-Peachy-1.jpg?fit=1080%2C1080&ssl=1&resize=700%2C400 2x, https:\/\/i0.wp.com\/puuhamari.fi\/wp-content\/uploads\/2024\/03\/Just-Peachy-1.jpg?fit=1080%2C1080&ssl=1&resize=1050%2C600 3x"},"classes":[]},{"id":8813,"url":"https:\/\/puuhamari.fi\/?product=a3-roar","url_meta":{"origin":8451,"position":5},"title":"A3 Roar","author":"PuuhaMari","date":"5 syyskuun, 2024","format":false,"excerpt":"Kurjenmiekan \"karjaisu\" yhdistettyn\u00e4 leopardikuvioon, intialaistunnelmaan ja upeaakin upeampiin v\u00e4reihin. Ja j\u00e4lleen kerran; boordit valmiina hyllykk\u00f6si\/ lipastosi\/ kaappisi kapeita kaitaleita varten. PAKKAUS SIS\u00c4LT\u00c4\u00c4 3 kpl A3-KOKOISIA ARKKEJA: 1\u00a0 arkki, jossa n\u00e4ytt\u00e4v\u00e4 kurjenmiekka + 2 intialais- ja leopardikuvioita sis\u00e4lt\u00e4v\u00e4\u00e4 arkkia. (Kts. oheiset kuvat) N\u00e4m\u00e4 kuvat on painettu erikoisvalmisteiselle, kierr\u00e4tetylle paperille, jonka vahvuus\u2026","rel":"","context":"Samankaltainen artikkeli","block_context":{"text":"Samankaltainen artikkeli","link":""},"img":{"alt_text":"","src":"https:\/\/i0.wp.com\/puuhamari.fi\/wp-content\/uploads\/2024\/09\/Roar-1.png?fit=1080%2C1080&ssl=1&resize=350%2C200","width":350,"height":200,"srcset":"https:\/\/i0.wp.com\/puuhamari.fi\/wp-content\/uploads\/2024\/09\/Roar-1.png?fit=1080%2C1080&ssl=1&resize=350%2C200 1x, https:\/\/i0.wp.com\/puuhamari.fi\/wp-content\/uploads\/2024\/09\/Roar-1.png?fit=1080%2C1080&ssl=1&resize=525%2C300 1.5x, https:\/\/i0.wp.com\/puuhamari.fi\/wp-content\/uploads\/2024\/09\/Roar-1.png?fit=1080%2C1080&ssl=1&resize=700%2C400 2x, https:\/\/i0.wp.com\/puuhamari.fi\/wp-content\/uploads\/2024\/09\/Roar-1.png?fit=1080%2C1080&ssl=1&resize=1050%2C600 3x"},"classes":[]}],"_links":{"self":[{"href":"https:\/\/puuhamari.fi\/index.php?rest_route=\/wp\/v2\/product\/8451","targetHints":{"allow":["GET"]}}],"collection":[{"href":"https:\/\/puuhamari.fi\/index.php?rest_route=\/wp\/v2\/product"}],"about":[{"href":"https:\/\/puuhamari.fi\/index.php?rest_route=\/wp\/v2\/types\/product"}],"replies":[{"embeddable":true,"href":"https:\/\/puuhamari.fi\/index.php?rest_route=%2Fwp%2Fv2%2Fcomments&post=8451"}],"version-history":[{"count":2,"href":"https:\/\/puuhamari.fi\/index.php?rest_route=\/wp\/v2\/product\/8451\/revisions"}],"predecessor-version":[{"id":8453,"href":"https:\/\/puuhamari.fi\/index.php?rest_route=\/wp\/v2\/product\/8451\/revisions\/8453"}],"wp:featuredmedia":[{"embeddable":true,"href":"https:\/\/puuhamari.fi\/index.php?rest_route=\/wp\/v2\/media\/8395"}],"wp:attachment":[{"href":"https:\/\/puuhamari.fi\/index.php?rest_route=%2Fwp%2Fv2%2Fmedia&parent=8451"}],"wp:term":[{"taxonomy":"product_brand","embeddable":true,"href":"https:\/\/puuhamari.fi\/index.php?rest_route=%2Fwp%2Fv2%2Fproduct_brand&post=8451"},{"taxonomy":"product_cat","embeddable":true,"href":"https:\/\/puuhamari.fi\/index.php?rest_route=%2Fwp%2Fv2%2Fproduct_cat&post=8451"},{"taxonomy":"product_tag","embeddable":true,"href":"https:\/\/puuhamari.fi\/index.php?rest_route=%2Fwp%2Fv2%2Fproduct_tag&post=8451"}],"curies":[{"name":"wp","href":"https:\/\/api.w.org\/{rel}","templated":true}]}}