{"id":8749,"date":"2024-08-29T17:26:43","date_gmt":"2024-08-29T14:26:43","guid":{"rendered":"https:\/\/puuhamari.fi\/?post_type=product&#038;p=8749"},"modified":"2025-09-05T04:25:25","modified_gmt":"2025-09-05T01:25:25","slug":"lakan-ja-maalinpoistoaine","status":"publish","type":"product","link":"https:\/\/puuhamari.fi\/?product=lakan-ja-maalinpoistoaine","title":{"rendered":"Lakan- ja maalinpoistoaine"},"content":{"rendered":"<p><strong>K\u00e4ytt\u00f6ohje:<\/strong><\/p>\n<p>Voidaan levitt\u00e4\u00e4 suurillekin pinnoille ilman pelkoa liian nopeasta kuivumisesta. Ennen k\u00e4ytt\u00f6\u00e4, ravista pulloa kunnolla. Sivele runsas m\u00e4\u00e4r\u00e4 poistoainetta lakka- tai maalipinnalle pensselill\u00e4. Kun aine on vaikuttanut tarpeeksi kauan <em>(katso suositellut vaikutusajat alempaa)<\/em>, poista se, sek\u00e4 irtoava lakka\/maali kaapimella tai ruostumatonta ter\u00e4st\u00e4 olevalla hankauspallolla. <strong>Huom! \u00c4l\u00e4 k\u00e4yt\u00e4 ter\u00e4svillaa, siit\u00e4 saattaa synty\u00e4 ruostej\u00e4lki\u00e4.<\/strong><\/p>\n<p><span style=\"font-family: var(--global-body-font-family);\">Tarpeen vaatiessa tee k\u00e4sittely toiseen kertaan. Kohteen kietominen muovin\/ kelmun\/ tms. sis\u00e4\u00e4n voi hankalissa tapauksissa auttaa poistoainetta pureutumaan poistettavaan lakkaan\/ maaliin paremmin. <em>(Esim. veistetyt koristeosat ja -listat voit kietoa kelmuun tai folioon y\u00f6n yli.)<\/em><\/span><\/p>\n<p>Maalinpoiston j\u00e4lkeen ei tarvita mit\u00e4\u00e4n lis\u00e4k\u00e4sittelyj\u00e4. Pyyhi kohde kostealla liinalla, tai <em>(ulkokohteissa)<\/em> huuhdo painepesurilla\/ vedell\u00e4 ja pehme\u00e4ll\u00e4 harjalla.<\/p>\n<p><strong>Suositellut vaikutusajat:<\/strong><\/p>\n<ul>\n<li><strong>Petsit, lakat, sellakka: 15-30 minuuttia<\/strong><\/li>\n<li><strong>Polyuretaanit &amp; akryylit: 30-45 minuuttia<\/strong><\/li>\n<li><strong>Useita maalikerroksia: 1 tunti &#8211; y\u00f6n yli<\/strong><\/li>\n<\/ul>\n<p>Huomaa, ett\u00e4 kaikki ajat ovat suuntaa-antavia. K\u00e4sitelt\u00e4vien pintojen omat perusominaisuudet vaikuttavat tarvittavan vaikutusajan pituuteen.<\/p>\n<p>.<\/p>\n","protected":false},"excerpt":{"rendered":"<div class=\"aos-init aos-animate\" data-aos=\"fade-in\">\n<p>T\u00e4m\u00e4 poikkeuksellisen turvallinen, tehokas ja helppok\u00e4ytt\u00f6inen lakan- ja maalinpoistoaine&#8230;<\/p>\n<ul>\n<li>Ei pistelev\u00e4\u00e4 tuoksua<\/li>\n<li>Voidaan k\u00e4ytt\u00e4\u00e4 sis\u00e4tiloissa<\/li>\n<li>Voidaan k\u00e4ytt\u00e4\u00e4 ilman suojak\u00e4sineit\u00e4 ja hengityssuojia<\/li>\n<li>Vaikutusaika keskim\u00e4\u00e4rin 30-45 min.<\/li>\n<\/ul>\n<p>K\u00e4ytt\u00f6kohteina huonekalut, ty\u00f6tasot, lattiat, sein\u00e4t, ovet, karmit ja listat &#8211; kaikki lakatut ja maalatut puupinnat sis\u00e4ll\u00e4 ja ulkona.<\/p>\n<p>Polyvinen lakan- ja maalinpoistoaineella on kysynt\u00e4\u00e4 sek\u00e4 harrastaja- ett\u00e4 ammattilaispiireiss\u00e4! Ei ainoastaan siksi, ett\u00e4 se on niin tehokasta ja kykenee poistamaan kerralla jopa useita maalikerroksia, vaan my\u00f6s v\u00e4h\u00e4isten VOC- <em>(kaikelle el\u00e4m\u00e4lle vaarallisten, ilmaan haihtuvien ja vesist\u00f6ihin liukenevien aineiden)<\/em> ja liuotinm\u00e4\u00e4riens\u00e4 ansiosta.<\/p>\n<p><strong>Koko: 1 litra<\/strong><\/p>\n<p><strong style=\"font-family: var(--global-body-font-family);\">Riittoisuus: <\/strong><span style=\"font-family: var(--global-body-font-family);\">4-6 m\u00b2\/litra, riippuen levitetyn kerroksen paksuudesta<\/span><\/p>\n<\/div>\n<div class=\"border-t border-teal aos-init aos-animate\" data-aos=\"fade-in\">\n<div class=\"description pt-5\">\n<p><strong>K\u00e4ytt\u00f6ohje:<\/strong> Katso alempana, Kuvaus.<\/p>\n<p>.<\/p>\n<\/div>\n<\/div>\n","protected":false},"author":1,"featured_media":8751,"comment_status":"open","ping_status":"closed","template":"","meta":{"advgb_blocks_editor_width":"","advgb_blocks_columns_visual_guide":"","advanced_seo_description":"","jetpack_seo_html_title":"","jetpack_seo_noindex":false,"_kad_post_transparent":"default","_kad_post_title":"","_kad_post_layout":"default","_kad_post_sidebar_id":"","_kad_post_content_style":"default","_kad_post_vertical_padding":"default","_kad_post_feature":"","_kad_post_feature_position":"","_kad_post_header":false,"_kad_post_footer":false,"_kad_post_classname":"","jetpack_post_was_ever_published":false},"product_brand":[],"product_cat":[1157],"product_tag":[1152,1155,1153,1156,1154,1147,1151,1148,1150,1149],"class_list":{"0":"post-8749","1":"product","2":"type-product","3":"status-publish","4":"has-post-thumbnail","6":"product_cat-lakan-ja-maalinpoistoaine","7":"product_tag-lakan-poisto","8":"product_tag-lakan-poistoaine","9":"product_tag-lakanpoisto","10":"product_tag-lakanpoisto-aine","11":"product_tag-lakanpoistoaine","12":"product_tag-maalin-poisto","13":"product_tag-maalin-poistoaine","14":"product_tag-maalinpoisto","15":"product_tag-maalinpoisto-aine","16":"product_tag-maalinpoistoaine","18":"first","19":"instock","20":"taxable","21":"shipping-taxable","22":"purchasable","23":"product-type-simple","24":"entry","25":"content-bg","26":"loop-entry"},"featured_img":"https:\/\/puuhamari.fi\/wp-content\/uploads\/2024\/08\/Polyvine-Varnish-and-Paint-Remover.png","coauthors":[],"author_meta":{"author_link":"https:\/\/puuhamari.fi\/?author=1","display_name":"PuuhaMari"},"relative_dates":{"created":"Julkaistu 2 vuotta sitten","modified":"P\u00e4ivitetty 8 kuukautta sitten"},"absolute_dates":{"created":"Julkaistu 29 elokuun, 2024","modified":"P\u00e4ivitetty 5 syyskuun, 2025"},"absolute_dates_time":{"created":"Julkaistu 29 elokuun, 2024 5:26 pm","modified":"P\u00e4ivitetty 5 syyskuun, 2025 4:25 am"},"featured_img_caption":"Lakan- ja maalinpoisto","tax_additional":{"product_brand":{"linked":[],"unlinked":[],"slug":"product_brand","name":"Br\u00e4ndit"},"product_type":{"linked":["<a href=\"https:\/\/puuhamari.fi\/?taxonomy=product_type&#038;term=simple\" class=\"advgb-post-tax-term\">simple<\/a>"],"unlinked":["<span class=\"advgb-post-tax-term\">simple<\/span>"],"slug":"product_type","name":"Tuotetyyppi"},"product_visibility":{"linked":[],"unlinked":[],"slug":"product_visibility","name":"Tuotteen n\u00e4kyvyys"},"product_cat":{"linked":["<a href=\"https:\/\/puuhamari.fi\/?product_cat=lakan-ja-maalinpoistoaine\" class=\"advgb-post-tax-term\">Lakan- ja maalinpoistoaine<\/a>"],"unlinked":["<span class=\"advgb-post-tax-term\">Lakan- ja maalinpoistoaine<\/span>"],"slug":"product_cat","name":"Osastot"},"product_tag":{"linked":["<a href=\"https:\/\/puuhamari.fi\/?product_tag=lakan-poisto\" class=\"advgb-post-tax-term\">lakan poisto<\/a>","<a href=\"https:\/\/puuhamari.fi\/?product_tag=lakan-poistoaine\" class=\"advgb-post-tax-term\">lakan poistoaine<\/a>","<a href=\"https:\/\/puuhamari.fi\/?product_tag=lakanpoisto\" class=\"advgb-post-tax-term\">lakanpoisto<\/a>","<a href=\"https:\/\/puuhamari.fi\/?product_tag=lakanpoisto-aine\" class=\"advgb-post-tax-term\">lakanpoisto aine<\/a>","<a href=\"https:\/\/puuhamari.fi\/?product_tag=lakanpoistoaine\" class=\"advgb-post-tax-term\">lakanpoistoaine<\/a>","<a href=\"https:\/\/puuhamari.fi\/?product_tag=maalin-poisto\" class=\"advgb-post-tax-term\">Maalin poisto<\/a>","<a href=\"https:\/\/puuhamari.fi\/?product_tag=maalin-poistoaine\" class=\"advgb-post-tax-term\">maalin poistoaine<\/a>","<a href=\"https:\/\/puuhamari.fi\/?product_tag=maalinpoisto\" class=\"advgb-post-tax-term\">maalinpoisto<\/a>","<a href=\"https:\/\/puuhamari.fi\/?product_tag=maalinpoisto-aine\" class=\"advgb-post-tax-term\">maalinpoisto aine<\/a>","<a href=\"https:\/\/puuhamari.fi\/?product_tag=maalinpoistoaine\" class=\"advgb-post-tax-term\">maalinpoistoaine<\/a>"],"unlinked":["<span class=\"advgb-post-tax-term\">lakan poisto<\/span>","<span class=\"advgb-post-tax-term\">lakan poistoaine<\/span>","<span class=\"advgb-post-tax-term\">lakanpoisto<\/span>","<span class=\"advgb-post-tax-term\">lakanpoisto aine<\/span>","<span class=\"advgb-post-tax-term\">lakanpoistoaine<\/span>","<span class=\"advgb-post-tax-term\">Maalin poisto<\/span>","<span class=\"advgb-post-tax-term\">maalin poistoaine<\/span>","<span class=\"advgb-post-tax-term\">maalinpoisto<\/span>","<span class=\"advgb-post-tax-term\">maalinpoisto aine<\/span>","<span class=\"advgb-post-tax-term\">maalinpoistoaine<\/span>"],"slug":"product_tag","name":"Avainsanat tuotteelle"},"product_shipping_class":{"linked":[],"unlinked":[],"slug":"product_shipping_class","name":"Tuotteen toimitusluokat"},"pos_product_visibility":{"linked":[],"unlinked":[],"slug":"pos_product_visibility","name":"POS Product visibility"},"pa_arkin-koko":{"linked":[],"unlinked":[],"slug":"pa_arkin-koko","name":"Tuote Arkin koko"},"pa_hiomatyynyn-karkeus":{"linked":[],"unlinked":[],"slug":"pa_hiomatyynyn-karkeus","name":"Tuote Hiomatyynyn karkeus"},"pa_kehys":{"linked":[],"unlinked":[],"slug":"pa_kehys","name":"Tuote Kehys"},"pa_kuvion-nro":{"linked":[],"unlinked":[],"slug":"pa_kuvion-nro","name":"Tuote Kuvion nro"},"pa_littean-pensselin-koko":{"linked":[],"unlinked":[],"slug":"pa_littean-pensselin-koko","name":"Tuote Litte\u00e4n pensselin koko"},"pa_maalivari":{"linked":[],"unlinked":[],"slug":"pa_maalivari","name":"Tuote Maaliv\u00e4ri"},"pa_palatapettien-lkm":{"linked":[],"unlinked":[],"slug":"pa_palatapettien-lkm","name":"Tuote Palatapettien lkm"},"pa_purkin-koko":{"linked":["<a href=\"https:\/\/puuhamari.fi\/?taxonomy=pa_purkin-koko&#038;term=10-l\" class=\"advgb-post-tax-term\">1,0 L<\/a>"],"unlinked":["<span class=\"advgb-post-tax-term\">1,0 L<\/span>"],"slug":"pa_purkin-koko","name":"Tuote Purkin koko"},"pa_sapluunan-koko":{"linked":[],"unlinked":[],"slug":"pa_sapluunan-koko","name":"Tuote Sapluunan koko"},"pa_tabletti":{"linked":[],"unlinked":[],"slug":"pa_tabletti","name":"Tuote Tabletti"},"pa_valitse-sisalto":{"linked":[],"unlinked":[],"slug":"pa_valitse-sisalto","name":"Tuote Valitse sis\u00e4lt\u00f6"},"pa_varjostin":{"linked":[],"unlinked":[],"slug":"pa_varjostin","name":"Tuote Varjostin"}},"series_order":"","jetpack_sharing_enabled":true,"jetpack_likes_enabled":true,"jetpack-related-posts":[{"id":10004,"url":"https:\/\/puuhamari.fi\/?product=ultra-guard-matta-viimeistelyaine","url_meta":{"origin":8749,"position":0},"title":"Ultra Guard &#8211; SUPERMATTA viimeistelyaine","author":"PuuhaMari","date":"14 elokuun, 2025","format":false,"excerpt":"Ultra Guard = tummien s\u00e4vyjen paras yst\u00e4v\u00e4! T\u00e4ll\u00e4 sivulla SUPERMATTA -versio. Jos haluat Ultra Guard SATIINI -kiiltoastetta, hanki sit\u00e4 t\u00e4\u00e4lt\u00e4. Purkin koko: 473 ml.\u00a0 Purkin riittoisuus: 6m\u00b2. Ei sovellu ulkokalusteiden viimeistelyyn; k\u00e4yt\u00e4 niiss\u00e4 Fusionin Tough Coat:ia (matta tai kiilt\u00e4v\u00e4). Fusion Mineral Paint on kehitt\u00e4nyt t\u00e4m\u00e4n viimeistelyaineen aivan erityinen haaste mieless\u00e4\u00e4n:\u2026","rel":"","context":"Samankaltainen artikkeli","block_context":{"text":"Samankaltainen artikkeli","link":""},"img":{"alt_text":"","src":"https:\/\/i0.wp.com\/puuhamari.fi\/wp-content\/uploads\/2025\/08\/Ultra-Guard-FlatPoly-437mLCAN-b.jpg?fit=1200%2C1200&ssl=1&resize=350%2C200","width":350,"height":200,"srcset":"https:\/\/i0.wp.com\/puuhamari.fi\/wp-content\/uploads\/2025\/08\/Ultra-Guard-FlatPoly-437mLCAN-b.jpg?fit=1200%2C1200&ssl=1&resize=350%2C200 1x, https:\/\/i0.wp.com\/puuhamari.fi\/wp-content\/uploads\/2025\/08\/Ultra-Guard-FlatPoly-437mLCAN-b.jpg?fit=1200%2C1200&ssl=1&resize=525%2C300 1.5x, https:\/\/i0.wp.com\/puuhamari.fi\/wp-content\/uploads\/2025\/08\/Ultra-Guard-FlatPoly-437mLCAN-b.jpg?fit=1200%2C1200&ssl=1&resize=700%2C400 2x, https:\/\/i0.wp.com\/puuhamari.fi\/wp-content\/uploads\/2025\/08\/Ultra-Guard-FlatPoly-437mLCAN-b.jpg?fit=1200%2C1200&ssl=1&resize=1050%2C600 3x"},"classes":[]},{"id":10188,"url":"https:\/\/puuhamari.fi\/?product=ultra-guard-satiini-viimeistelyaine","url_meta":{"origin":8749,"position":1},"title":"Ultra Guard &#8211; SATIINI viimeistelyaine","author":"PuuhaMari","date":"15 syyskuun, 2025","format":false,"excerpt":"Ultra Guard = tummien s\u00e4vyjen paras yst\u00e4v\u00e4! T\u00e4ll\u00e4 sivulla SATIINI -kiiltoversio. Jos haluat Ultra Guardisi SUPERMATTANA, hanki sit\u00e4 t\u00e4\u00e4lt\u00e4. Purkin koko: 473 ml.\u00a0 Purkin riittoisuus: 6m\u00b2. Ei sovellu ulkokalusteiden viimeistelyyn; k\u00e4yt\u00e4 niiss\u00e4 Fusionin Tough Coat:ia (matta tai kiilt\u00e4v\u00e4). Fusion Mineral Paint on kehitt\u00e4nyt t\u00e4m\u00e4n viimeistelyaineen aivan erityinen haaste mieless\u00e4\u00e4n: tummien\u2026","rel":"","context":"Samankaltainen artikkeli","block_context":{"text":"Samankaltainen artikkeli","link":""},"img":{"alt_text":"","src":"https:\/\/i0.wp.com\/puuhamari.fi\/wp-content\/uploads\/2025\/09\/Ultra-Guard-SatinPoly-437mLCAN-b.jpg?fit=1200%2C1200&ssl=1&resize=350%2C200","width":350,"height":200,"srcset":"https:\/\/i0.wp.com\/puuhamari.fi\/wp-content\/uploads\/2025\/09\/Ultra-Guard-SatinPoly-437mLCAN-b.jpg?fit=1200%2C1200&ssl=1&resize=350%2C200 1x, https:\/\/i0.wp.com\/puuhamari.fi\/wp-content\/uploads\/2025\/09\/Ultra-Guard-SatinPoly-437mLCAN-b.jpg?fit=1200%2C1200&ssl=1&resize=525%2C300 1.5x, https:\/\/i0.wp.com\/puuhamari.fi\/wp-content\/uploads\/2025\/09\/Ultra-Guard-SatinPoly-437mLCAN-b.jpg?fit=1200%2C1200&ssl=1&resize=700%2C400 2x, https:\/\/i0.wp.com\/puuhamari.fi\/wp-content\/uploads\/2025\/09\/Ultra-Guard-SatinPoly-437mLCAN-b.jpg?fit=1200%2C1200&ssl=1&resize=1050%2C600 3x"},"classes":[]},{"id":3227,"url":"https:\/\/puuhamari.fi\/?product=tsp-alternative-pesuaine","url_meta":{"origin":8749,"position":2},"title":"TSP Alternative -pesuaine","author":"PuuhaMari","date":"18 huhtikuun, 2022","format":false,"excerpt":"TIIVISTE. Sekoita 2 korkillista (=2 tl) 1 litraan vett\u00e4. Saat tehokasta pesuainetta jopa 25 litraa! TSP Alternative on vesiliukoinen rasvanpoistoaine, jolla puhdistat perusteellisesti kalusteet ja muut pinnat ennen niiden maalaamista. T\u00e4m\u00e4 biohajoava ja silti eritt\u00e4in tehokas puhdistusaine pesee pois \u00f6ljyn, rasvan, sormenj\u00e4ljet, tahrat ja muun lian. Eik\u00e4 sit\u00e4 tarvitse edes\u2026","rel":"","context":"Samankaltainen artikkeli","block_context":{"text":"Samankaltainen artikkeli","link":""},"img":{"alt_text":"","src":"https:\/\/i0.wp.com\/puuhamari.fi\/wp-content\/uploads\/2022\/04\/TSP-updated2-B-scaled.jpg?fit=1200%2C1192&ssl=1&resize=350%2C200","width":350,"height":200,"srcset":"https:\/\/i0.wp.com\/puuhamari.fi\/wp-content\/uploads\/2022\/04\/TSP-updated2-B-scaled.jpg?fit=1200%2C1192&ssl=1&resize=350%2C200 1x, https:\/\/i0.wp.com\/puuhamari.fi\/wp-content\/uploads\/2022\/04\/TSP-updated2-B-scaled.jpg?fit=1200%2C1192&ssl=1&resize=525%2C300 1.5x, https:\/\/i0.wp.com\/puuhamari.fi\/wp-content\/uploads\/2022\/04\/TSP-updated2-B-scaled.jpg?fit=1200%2C1192&ssl=1&resize=700%2C400 2x, https:\/\/i0.wp.com\/puuhamari.fi\/wp-content\/uploads\/2022\/04\/TSP-updated2-B-scaled.jpg?fit=1200%2C1192&ssl=1&resize=1050%2C600 3x"},"classes":[]},{"id":3160,"url":"https:\/\/puuhamari.fi\/?product=zibra-pyorea-pensseli","url_meta":{"origin":8749,"position":3},"title":"Zibra &#8211; py\u00f6re\u00e4 pensseli","author":"PuuhaMari","date":"4 huhtikuun, 2022","format":false,"excerpt":"K\u00e4ytt\u00f6kohteita: pinnatuolit\/-s\u00e4ngyt kaarevat ja py\u00f6re\u00e4t maalattavat koristekuviot Testien tuloksena kehitetty pensselimuoto, joka vie maalin juuri oikeisiin kohtiin maalatessasi mit\u00e4 tahansa py\u00f6re\u00e4\u00e4 tai sylinterin muotoista kohdetta. Mainio apulainen my\u00f6s maalattaessa erilaisten koristekuvioiden yksityiskohtia. T\u00e4m\u00e4 pehme\u00e4 pensseli levittyy kauniisti kohteen ymp\u00e4rille, ja j\u00e4tt\u00e4\u00e4 hienostuneen viimeistellyn j\u00e4ljen. Leveys 1\" (n. 2,5 cm).","rel":"","context":"With 2 comments","block_context":{"text":"With 2 comments","link":"https:\/\/puuhamari.fi\/?product=zibra-pyorea-pensseli#comments"},"img":{"alt_text":"","src":"https:\/\/i0.wp.com\/puuhamari.fi\/wp-content\/uploads\/2022\/04\/ROUND-Pyoreat-pinnat-yksityiskohdat-Spindles-Detail-Curved-surfaces.jpg?fit=1000%2C1000&ssl=1&resize=350%2C200","width":350,"height":200,"srcset":"https:\/\/i0.wp.com\/puuhamari.fi\/wp-content\/uploads\/2022\/04\/ROUND-Pyoreat-pinnat-yksityiskohdat-Spindles-Detail-Curved-surfaces.jpg?fit=1000%2C1000&ssl=1&resize=350%2C200 1x, https:\/\/i0.wp.com\/puuhamari.fi\/wp-content\/uploads\/2022\/04\/ROUND-Pyoreat-pinnat-yksityiskohdat-Spindles-Detail-Curved-surfaces.jpg?fit=1000%2C1000&ssl=1&resize=525%2C300 1.5x, https:\/\/i0.wp.com\/puuhamari.fi\/wp-content\/uploads\/2022\/04\/ROUND-Pyoreat-pinnat-yksityiskohdat-Spindles-Detail-Curved-surfaces.jpg?fit=1000%2C1000&ssl=1&resize=700%2C400 2x"},"classes":[]},{"id":3161,"url":"https:\/\/puuhamari.fi\/?product=zibra-nelio-pensseli","url_meta":{"origin":8749,"position":4},"title":"Zibra &#8211; neli\u00f6 pensseli","author":"PuuhaMari","date":"4 huhtikuun, 2022","format":false,"excerpt":"K\u00e4ytt\u00f6kohteita: ikkunaristikot erilaiset sein\u00e4listat tuolien karmit & jalat Tied\u00e4th\u00e4n ne pienet ja kapeat maalauskohteet, joiden suojateippaamisessa saatat tuskastella tuntikausia? T\u00e4ss\u00e4 on pelastajasi: kapea, neli\u00f6n muotoinen pensseli kiilamaisesti leikatulla k\u00e4rjell\u00e4. Se tekee ikkunaristikoiden ja vitriinikaappien maalaamisesta suorastaan nautinnollista! Monien suosikki t\u00e4ydellisen leveytens\u00e4 ja t\u00e4ytel\u00e4isen harjasosansa ansiosta. Saat v\u00e4hemmill\u00e4 upotuskerroilla nopeasti kauniin\u2026","rel":"","context":"Samankaltainen artikkeli","block_context":{"text":"Samankaltainen artikkeli","link":""},"img":{"alt_text":"","src":"https:\/\/i0.wp.com\/puuhamari.fi\/wp-content\/uploads\/2022\/04\/SQUARE-Ikkuna-ja-reunalistat-vitriinit-Windows-Ledges-Cabinetry.jpg?fit=1000%2C1000&ssl=1&resize=350%2C200","width":350,"height":200,"srcset":"https:\/\/i0.wp.com\/puuhamari.fi\/wp-content\/uploads\/2022\/04\/SQUARE-Ikkuna-ja-reunalistat-vitriinit-Windows-Ledges-Cabinetry.jpg?fit=1000%2C1000&ssl=1&resize=350%2C200 1x, https:\/\/i0.wp.com\/puuhamari.fi\/wp-content\/uploads\/2022\/04\/SQUARE-Ikkuna-ja-reunalistat-vitriinit-Windows-Ledges-Cabinetry.jpg?fit=1000%2C1000&ssl=1&resize=525%2C300 1.5x, https:\/\/i0.wp.com\/puuhamari.fi\/wp-content\/uploads\/2022\/04\/SQUARE-Ikkuna-ja-reunalistat-vitriinit-Windows-Ledges-Cabinetry.jpg?fit=1000%2C1000&ssl=1&resize=700%2C400 2x"},"classes":[]},{"id":4877,"url":"https:\/\/puuhamari.fi\/?product=decoupage-transfer-gel","url_meta":{"origin":8749,"position":5},"title":"Decoupage &#038; Transfer Gel","author":"PuuhaMari","date":"28 syyskuun, 2022","format":false,"excerpt":"Tehokas, matta 2-in-1 kiinnitysgeeli: 1) decoupage-tekniikkaan 2) lasertulostimella tulostettujen kuvien siirt\u00e4miseen mm. kankaalle, metalliin, puuhun, keraamisiin ruukkuihin. Ei sovellu \u00f6ljytyille eik\u00e4 vahatuille pinnoille. Sivele geeli\u00e4 ohuelti pensselill\u00e4 sek\u00e4 koristeltavan kalusteen\/esineen pintaan, ett\u00e4 kuviointipaperiisi. Decoupage ty\u00f6 kannattaa my\u00f6s viimeistell\u00e4 t\u00e4ll\u00e4 geelill\u00e4. Kuivumisaika 2-6 h, saavuttaa lopullisen kovuuden noin 21 p\u00e4iv\u00e4ss\u00e4. LASERTULOSTIMELLA\u2026","rel":"","context":"With 1 comment","block_context":{"text":"With 1 comment","link":"https:\/\/puuhamari.fi\/?product=decoupage-transfer-gel#comments"},"img":{"alt_text":"","src":"https:\/\/i0.wp.com\/puuhamari.fi\/wp-content\/uploads\/2022\/09\/Decoupage_and_Transfer_Gel_HR_220308_0419-B.jpg?fit=1200%2C1199&ssl=1&resize=350%2C200","width":350,"height":200,"srcset":"https:\/\/i0.wp.com\/puuhamari.fi\/wp-content\/uploads\/2022\/09\/Decoupage_and_Transfer_Gel_HR_220308_0419-B.jpg?fit=1200%2C1199&ssl=1&resize=350%2C200 1x, https:\/\/i0.wp.com\/puuhamari.fi\/wp-content\/uploads\/2022\/09\/Decoupage_and_Transfer_Gel_HR_220308_0419-B.jpg?fit=1200%2C1199&ssl=1&resize=525%2C300 1.5x, https:\/\/i0.wp.com\/puuhamari.fi\/wp-content\/uploads\/2022\/09\/Decoupage_and_Transfer_Gel_HR_220308_0419-B.jpg?fit=1200%2C1199&ssl=1&resize=700%2C400 2x, https:\/\/i0.wp.com\/puuhamari.fi\/wp-content\/uploads\/2022\/09\/Decoupage_and_Transfer_Gel_HR_220308_0419-B.jpg?fit=1200%2C1199&ssl=1&resize=1050%2C600 3x"},"classes":[]}],"_links":{"self":[{"href":"https:\/\/puuhamari.fi\/index.php?rest_route=\/wp\/v2\/product\/8749","targetHints":{"allow":["GET"]}}],"collection":[{"href":"https:\/\/puuhamari.fi\/index.php?rest_route=\/wp\/v2\/product"}],"about":[{"href":"https:\/\/puuhamari.fi\/index.php?rest_route=\/wp\/v2\/types\/product"}],"replies":[{"embeddable":true,"href":"https:\/\/puuhamari.fi\/index.php?rest_route=%2Fwp%2Fv2%2Fcomments&post=8749"}],"version-history":[{"count":14,"href":"https:\/\/puuhamari.fi\/index.php?rest_route=\/wp\/v2\/product\/8749\/revisions"}],"predecessor-version":[{"id":9442,"href":"https:\/\/puuhamari.fi\/index.php?rest_route=\/wp\/v2\/product\/8749\/revisions\/9442"}],"wp:featuredmedia":[{"embeddable":true,"href":"https:\/\/puuhamari.fi\/index.php?rest_route=\/wp\/v2\/media\/8751"}],"wp:attachment":[{"href":"https:\/\/puuhamari.fi\/index.php?rest_route=%2Fwp%2Fv2%2Fmedia&parent=8749"}],"wp:term":[{"taxonomy":"product_brand","embeddable":true,"href":"https:\/\/puuhamari.fi\/index.php?rest_route=%2Fwp%2Fv2%2Fproduct_brand&post=8749"},{"taxonomy":"product_cat","embeddable":true,"href":"https:\/\/puuhamari.fi\/index.php?rest_route=%2Fwp%2Fv2%2Fproduct_cat&post=8749"},{"taxonomy":"product_tag","embeddable":true,"href":"https:\/\/puuhamari.fi\/index.php?rest_route=%2Fwp%2Fv2%2Fproduct_tag&post=8749"}],"curies":[{"name":"wp","href":"https:\/\/api.w.org\/{rel}","templated":true}]}}