{"id":8782,"date":"2024-08-29T19:22:35","date_gmt":"2024-08-29T16:22:35","guid":{"rendered":"https:\/\/puuhamari.fi\/?post_type=product&#038;p=8782"},"modified":"2025-11-26T17:07:42","modified_gmt":"2025-11-26T15:07:42","slug":"tela-ja-pensselisaippua","status":"publish","type":"product","link":"https:\/\/puuhamari.fi\/?product=tela-ja-pensselisaippua","title":{"rendered":"Tela- ja pensselisaippua"},"content":{"rendered":"<p class=\"h4 accordion__title\"><strong>FREQUENTLY ASKED QUESTIONS<\/strong><\/p>\n<p><strong>What can I clean with it?<br \/>\n<\/strong>Water based paints from brushes, or paint on your hands or other surfaces.<\/p>\n<p><strong>Will it save my dried out old brushes with paint on them?<br \/>\n<\/strong>It\u2019s quite possible that this will revive even the worst brushes with dried paint. Simply apply the brush soap onto the surface and let it sit for 24 hours to break down the paint. The lather and rinse.<\/p>\n<p><strong>Does it condition my brush as well?<br \/>\n<\/strong>Yes! This will also condition your brush bristles!<\/p>\n<p><strong>Is it eco-friendly?<br \/>\n<\/strong>Yes! This is completely eco friendly using natural linseed oil as a base.<\/p>\n","protected":false},"excerpt":{"rendered":"<div class=\"aos-init aos-animate\" data-aos=\"fade-in\">\n<p><span style=\"font-family: var(--global-body-font-family);\">100%:sen luonnollinen, pellavansiemen\u00f6ljyyn pohjautuva saippua pit\u00e4\u00e4 kaikki maalaustarvikkeesi aina puhtaina ja valmiina seuraavaa projektiasi varten!<\/span><\/p>\n<p><span style=\"font-family: var(--global-body-font-family);\">Se on erityisen hell\u00e4 pesuaine mm. pensseleille, sill\u00e4 sen teho ja toiminta perustuu luonnon\u00f6ljyjen puhdistaville ja hoitaville ominaisuuksille. S<\/span><span style=\"font-family: var(--global-body-font-family);\">amalla kun se puhdistaa, se siis toimii my\u00f6s hoitoaineena luonnonharjaksisille pensseleille pit\u00e4en ne parhaassa mahdollisessa kunnossa vuosikausia.<\/span><\/p>\n<div class=\"tab-panels\">\n<div id=\"tab-description\" class=\"woocommerce-Tabs-panel woocommerce-Tabs-panel--description panel entry-content active\" role=\"tabpanel\" aria-labelledby=\"tab-title-description\">\n<p>Mutta mik\u00e4 parasta, sill\u00e4 puhdistat my\u00f6s k\u00e4tesi, ty\u00f6tasosi ja vaikka lattiasi niille ilmestyneist\u00e4 maalitahroista, ja jopa palautat vahingossa kovaksi kuivuneet pensselit takaisin el\u00e4m\u00e4\u00e4n. (Niit\u00e4h\u00e4n meilt\u00e4 kaikilta l\u00f6ytyy&#8230; <span class=\"x1xsqp64 xiy17q3 x1o6pynw x19co3pv xdj266r xcwd3tp xat24cr x39eecv x2b8uid\" data-testid=\"emoji\"><span class=\"xexx8yu xn5pp95 x18d9i69 x2fxd7x x3jgonx x1bhl96m\">\ud83d\ude48)<\/span><\/span>T\u00e4m\u00e4 saippua ilmanmuuta kuuluu ehdottomasti jokatyt\u00f6n ty\u00f6kalupakkiin!<\/p>\n<p>.<\/p>\n<table width=\"100%\">\n<tbody>\n<tr>\n<td>K\u00e4yt\u00f6n tarkoitus<\/td>\n<td>Vesiliukoisten maalien kanssa k\u00e4ytettyjen pensselien puhdistus<\/td>\n<\/tr>\n<tr>\n<td>Pest\u00e4\u00e4n pois<\/td>\n<td>\u00a0Vedell\u00e4<\/td>\n<\/tr>\n<tr>\n<td>Riittoisuus<\/td>\n<td>\u00a0Riitt\u00e4\u00e4 monien pensseleiden ja suurten ty\u00f6p\u00f6ytien pesuun<\/td>\n<\/tr>\n<tr>\n<td>K\u00e4ytt\u00f6kohteita<\/td>\n<td>\u00a0Vesiliukoisten maalien puhdistamiseksi pensseleist\u00e4, teloista, tai milt\u00e4 tahansa pinnoilta mihin maalia on tippunut ty\u00f6skentelyn aikana.\u00a0 (\u00d6ljymaalien puhdistamiseksi ty\u00f6v\u00e4lineist\u00e4, k\u00e4yt\u00e4 mineraalit\u00e4rp\u00e4tti\u00e4.)<\/td>\n<\/tr>\n<tr>\n<td>Tee n\u00e4in<\/td>\n<td>Purista euron kolikon kokoinen m\u00e4\u00e4r\u00e4 saippuaa pensseliin, vaahdota hyvin ja huuhtele. Toista tarvittaessa.<\/td>\n<\/tr>\n<\/tbody>\n<\/table>\n<\/div>\n<\/div>\n<\/div>\n<p>&nbsp;<\/p>\n<p>.<\/p>\n","protected":false},"author":1,"featured_media":8789,"comment_status":"open","ping_status":"closed","template":"","meta":{"advgb_blocks_editor_width":"","advgb_blocks_columns_visual_guide":"","advanced_seo_description":"","jetpack_seo_html_title":"","jetpack_seo_noindex":false,"_kad_post_transparent":"default","_kad_post_title":"","_kad_post_layout":"default","_kad_post_sidebar_id":"","_kad_post_content_style":"default","_kad_post_vertical_padding":"default","_kad_post_feature":"","_kad_post_feature_position":"","_kad_post_header":false,"_kad_post_footer":false,"_kad_post_classname":"","jetpack_post_was_ever_published":false},"product_brand":[],"product_cat":[310],"product_tag":[1158,1161,1162,1160,1159,1164,1163,1166,1167,1165],"class_list":{"0":"post-8782","1":"product","2":"type-product","3":"status-publish","4":"has-post-thumbnail","6":"product_cat-muut-fusion-valmisteet","7":"product_tag-pensseli-saippua","8":"product_tag-pensselin-puhdistusaine","9":"product_tag-pensselinpuhdistus-aine","10":"product_tag-pensselinpuhdistusaine","11":"product_tag-pensselisaippua","12":"product_tag-sivellin-saippua","13":"product_tag-sivellinsaippua","14":"product_tag-siveltimen-puhdistusaine","15":"product_tag-siveltimenpuhdistus-aine","16":"product_tag-siveltimenpuhdistusaine","18":"first","19":"instock","20":"taxable","21":"shipping-taxable","22":"purchasable","23":"product-type-simple","24":"entry","25":"content-bg","26":"loop-entry"},"featured_img":"https:\/\/puuhamari.fi\/wp-content\/uploads\/2024\/08\/Brush-Soap-tube-b.png","coauthors":[],"author_meta":{"author_link":"https:\/\/puuhamari.fi\/?author=1","display_name":"PuuhaMari"},"relative_dates":{"created":"Julkaistu 2 vuotta sitten","modified":"P\u00e4ivitetty 5 kuukautta sitten"},"absolute_dates":{"created":"Julkaistu 29 elokuun, 2024","modified":"P\u00e4ivitetty 26 marraskuun, 2025"},"absolute_dates_time":{"created":"Julkaistu 29 elokuun, 2024 7:22 pm","modified":"P\u00e4ivitetty 26 marraskuun, 2025 5:07 pm"},"featured_img_caption":"","tax_additional":{"product_brand":{"linked":[],"unlinked":[],"slug":"product_brand","name":"Br\u00e4ndit"},"product_type":{"linked":["<a href=\"https:\/\/puuhamari.fi\/?taxonomy=product_type&#038;term=simple\" class=\"advgb-post-tax-term\">simple<\/a>"],"unlinked":["<span class=\"advgb-post-tax-term\">simple<\/span>"],"slug":"product_type","name":"Tuotetyyppi"},"product_visibility":{"linked":[],"unlinked":[],"slug":"product_visibility","name":"Tuotteen n\u00e4kyvyys"},"product_cat":{"linked":["<a href=\"https:\/\/puuhamari.fi\/?product_cat=muut-fusion-valmisteet\" class=\"advgb-post-tax-term\">Muut Fusion-valmisteet<\/a>"],"unlinked":["<span class=\"advgb-post-tax-term\">Muut Fusion-valmisteet<\/span>"],"slug":"product_cat","name":"Osastot"},"product_tag":{"linked":["<a href=\"https:\/\/puuhamari.fi\/?product_tag=pensseli-saippua\" class=\"advgb-post-tax-term\">pensseli saippua<\/a>","<a href=\"https:\/\/puuhamari.fi\/?product_tag=pensselin-puhdistusaine\" class=\"advgb-post-tax-term\">pensselin puhdistusaine<\/a>","<a href=\"https:\/\/puuhamari.fi\/?product_tag=pensselinpuhdistus-aine\" class=\"advgb-post-tax-term\">pensselinpuhdistus aine<\/a>","<a href=\"https:\/\/puuhamari.fi\/?product_tag=pensselinpuhdistusaine\" class=\"advgb-post-tax-term\">pensselinpuhdistusaine<\/a>","<a href=\"https:\/\/puuhamari.fi\/?product_tag=pensselisaippua\" class=\"advgb-post-tax-term\">pensselisaippua<\/a>","<a href=\"https:\/\/puuhamari.fi\/?product_tag=sivellin-saippua\" class=\"advgb-post-tax-term\">sivellin saippua<\/a>","<a href=\"https:\/\/puuhamari.fi\/?product_tag=sivellinsaippua\" class=\"advgb-post-tax-term\">sivellinsaippua<\/a>","<a href=\"https:\/\/puuhamari.fi\/?product_tag=siveltimen-puhdistusaine\" class=\"advgb-post-tax-term\">siveltimen puhdistusaine<\/a>","<a href=\"https:\/\/puuhamari.fi\/?product_tag=siveltimenpuhdistus-aine\" class=\"advgb-post-tax-term\">siveltimenpuhdistus aine<\/a>","<a href=\"https:\/\/puuhamari.fi\/?product_tag=siveltimenpuhdistusaine\" class=\"advgb-post-tax-term\">siveltimenpuhdistusaine<\/a>"],"unlinked":["<span class=\"advgb-post-tax-term\">pensseli saippua<\/span>","<span class=\"advgb-post-tax-term\">pensselin puhdistusaine<\/span>","<span class=\"advgb-post-tax-term\">pensselinpuhdistus aine<\/span>","<span class=\"advgb-post-tax-term\">pensselinpuhdistusaine<\/span>","<span class=\"advgb-post-tax-term\">pensselisaippua<\/span>","<span class=\"advgb-post-tax-term\">sivellin saippua<\/span>","<span class=\"advgb-post-tax-term\">sivellinsaippua<\/span>","<span class=\"advgb-post-tax-term\">siveltimen puhdistusaine<\/span>","<span class=\"advgb-post-tax-term\">siveltimenpuhdistus aine<\/span>","<span class=\"advgb-post-tax-term\">siveltimenpuhdistusaine<\/span>"],"slug":"product_tag","name":"Avainsanat tuotteelle"},"product_shipping_class":{"linked":[],"unlinked":[],"slug":"product_shipping_class","name":"Tuotteen toimitusluokat"},"pos_product_visibility":{"linked":[],"unlinked":[],"slug":"pos_product_visibility","name":"POS Product visibility"},"pa_arkin-koko":{"linked":[],"unlinked":[],"slug":"pa_arkin-koko","name":"Tuote Arkin koko"},"pa_hiomatyynyn-karkeus":{"linked":[],"unlinked":[],"slug":"pa_hiomatyynyn-karkeus","name":"Tuote Hiomatyynyn karkeus"},"pa_kehys":{"linked":[],"unlinked":[],"slug":"pa_kehys","name":"Tuote Kehys"},"pa_kuvion-nro":{"linked":[],"unlinked":[],"slug":"pa_kuvion-nro","name":"Tuote Kuvion nro"},"pa_littean-pensselin-koko":{"linked":[],"unlinked":[],"slug":"pa_littean-pensselin-koko","name":"Tuote Litte\u00e4n pensselin koko"},"pa_maalivari":{"linked":[],"unlinked":[],"slug":"pa_maalivari","name":"Tuote Maaliv\u00e4ri"},"pa_palatapettien-lkm":{"linked":[],"unlinked":[],"slug":"pa_palatapettien-lkm","name":"Tuote Palatapettien lkm"},"pa_purkin-koko":{"linked":["<a href=\"https:\/\/puuhamari.fi\/?taxonomy=pa_purkin-koko&#038;term=150-ml\" class=\"advgb-post-tax-term\">150 ml<\/a>"],"unlinked":["<span class=\"advgb-post-tax-term\">150 ml<\/span>"],"slug":"pa_purkin-koko","name":"Tuote Purkin koko"},"pa_sapluunan-koko":{"linked":[],"unlinked":[],"slug":"pa_sapluunan-koko","name":"Tuote Sapluunan koko"},"pa_tabletti":{"linked":[],"unlinked":[],"slug":"pa_tabletti","name":"Tuote Tabletti"},"pa_valitse-sisalto":{"linked":[],"unlinked":[],"slug":"pa_valitse-sisalto","name":"Tuote Valitse sis\u00e4lt\u00f6"},"pa_varjostin":{"linked":[],"unlinked":[],"slug":"pa_varjostin","name":"Tuote Varjostin"}},"series_order":"","jetpack_sharing_enabled":true,"jetpack_likes_enabled":true,"jetpack-related-posts":[{"id":7899,"url":"https:\/\/puuhamari.fi\/?product=a3-fortune-favours-the-bold","url_meta":{"origin":8782,"position":0},"title":"A3 Fortune Favours the Bold","author":"PuuhaMari","date":"28 maaliskuun, 2024","format":false,"excerpt":"PuuhaMarin suosikkeja!!! Vintagehenkinen setti fantastisia katseenvangitsijoita, joiden kirkkaat v\u00e4ris\u00e4vyt upean seesteist\u00e4 taustaa vasten mahdollistavat kuvien sopeutumisen l\u00e4hes mihin tahansa kotiin! PAKKAUS SIS\u00c4LT\u00c4\u00c4 3 kpl A3-KOKOISIA ARKKEJA: 1 arkki, jossa taustalla astrologisia symboleja, sek\u00e4 teksti Fortune Favours the Bold (Onni suosii rohkeaa) + 2 kesken\u00e4\u00e4n peilikuvaista arkkia, joissa mm. nuoren naisen\u2026","rel":"","context":"Samankaltainen artikkeli","block_context":{"text":"Samankaltainen artikkeli","link":""},"img":{"alt_text":"","src":"https:\/\/i0.wp.com\/puuhamari.fi\/wp-content\/uploads\/2024\/03\/Fortune-Favours-the-Bold-1.jpg?fit=1080%2C1080&ssl=1&resize=350%2C200","width":350,"height":200,"srcset":"https:\/\/i0.wp.com\/puuhamari.fi\/wp-content\/uploads\/2024\/03\/Fortune-Favours-the-Bold-1.jpg?fit=1080%2C1080&ssl=1&resize=350%2C200 1x, https:\/\/i0.wp.com\/puuhamari.fi\/wp-content\/uploads\/2024\/03\/Fortune-Favours-the-Bold-1.jpg?fit=1080%2C1080&ssl=1&resize=525%2C300 1.5x, https:\/\/i0.wp.com\/puuhamari.fi\/wp-content\/uploads\/2024\/03\/Fortune-Favours-the-Bold-1.jpg?fit=1080%2C1080&ssl=1&resize=700%2C400 2x, https:\/\/i0.wp.com\/puuhamari.fi\/wp-content\/uploads\/2024\/03\/Fortune-Favours-the-Bold-1.jpg?fit=1080%2C1080&ssl=1&resize=1050%2C600 3x"},"classes":[]},{"id":8451,"url":"https:\/\/puuhamari.fi\/?product=a3-una-and-the-lion","url_meta":{"origin":8782,"position":1},"title":"A3 Una and the Lion","author":"PuuhaMari","date":"27 hein\u00e4kuun, 2024","format":false,"excerpt":"Vangitsevan kaunis William Bell Scott:in maalaus on nyt p\u00e4\u00e4osassa. Vuodelta 1860 olevan teoksen inspiraationa oli 1500-luvulta periytynyt Edmund Spenserin runomuotoinen legenda prinsessa Una:sta jonka vanhemmat julma lohik\u00e4\u00e4rme vangitsi. Matkalla vapauttamaan vanhempiaan Una tapaa pelottavan leijonan, joka kuitenkin hullaantuu tyt\u00f6n viattomuudesta ja kauneudesta niin perusteellisesti, ett\u00e4 se peruu aikomuksena sy\u00f6d\u00e4 h\u00e4net,\u2026","rel":"","context":"Samankaltainen artikkeli","block_context":{"text":"Samankaltainen artikkeli","link":""},"img":{"alt_text":"","src":"https:\/\/i0.wp.com\/puuhamari.fi\/wp-content\/uploads\/2024\/07\/Una-and-the-Lion-1.png?fit=1080%2C1080&ssl=1&resize=350%2C200","width":350,"height":200,"srcset":"https:\/\/i0.wp.com\/puuhamari.fi\/wp-content\/uploads\/2024\/07\/Una-and-the-Lion-1.png?fit=1080%2C1080&ssl=1&resize=350%2C200 1x, https:\/\/i0.wp.com\/puuhamari.fi\/wp-content\/uploads\/2024\/07\/Una-and-the-Lion-1.png?fit=1080%2C1080&ssl=1&resize=525%2C300 1.5x, https:\/\/i0.wp.com\/puuhamari.fi\/wp-content\/uploads\/2024\/07\/Una-and-the-Lion-1.png?fit=1080%2C1080&ssl=1&resize=700%2C400 2x, https:\/\/i0.wp.com\/puuhamari.fi\/wp-content\/uploads\/2024\/07\/Una-and-the-Lion-1.png?fit=1080%2C1080&ssl=1&resize=1050%2C600 3x"},"classes":[]},{"id":8841,"url":"https:\/\/puuhamari.fi\/?product=a3-enchantment-under-the-sea","url_meta":{"origin":8782,"position":2},"title":"A3 Enchantment under the sea","author":"PuuhaMari","date":"5 syyskuun, 2024","format":false,"excerpt":"\"Merenalaista lumoa\" vapaasti k\u00e4\u00e4nnettyn\u00e4. Punatukkaiset ja s\u00e4ihkyv\u00e4pyrst\u00f6iset merenneidot \"lemmikkeineen\" on kiehtovalla tavalla yhdistetty maalla kasvaviin lehtiin ja marjoihin. Merenneitojen katseet, sek\u00e4 houkuttelevan punaiset, vihre\u00e4t ja turkoosit v\u00e4ris\u00e4vyt pit\u00e4v\u00e4t katsojan vastustamattoman tiukasti otteessaan! Huomaa my\u00f6s kerroksellisen kuvan alin kerros, jonka tummat kuviot viev\u00e4t PuuhaMarin ajatukset samanaikaisesti sek\u00e4 Intiaan, ett\u00e4 keskiaikaiseen Eurooppaan.\u2026","rel":"","context":"Samankaltainen artikkeli","block_context":{"text":"Samankaltainen artikkeli","link":""},"img":{"alt_text":"","src":"https:\/\/i0.wp.com\/puuhamari.fi\/wp-content\/uploads\/2024\/09\/Enchantment-under-the-sea-1.png?fit=1080%2C1080&ssl=1&resize=350%2C200","width":350,"height":200,"srcset":"https:\/\/i0.wp.com\/puuhamari.fi\/wp-content\/uploads\/2024\/09\/Enchantment-under-the-sea-1.png?fit=1080%2C1080&ssl=1&resize=350%2C200 1x, https:\/\/i0.wp.com\/puuhamari.fi\/wp-content\/uploads\/2024\/09\/Enchantment-under-the-sea-1.png?fit=1080%2C1080&ssl=1&resize=525%2C300 1.5x, https:\/\/i0.wp.com\/puuhamari.fi\/wp-content\/uploads\/2024\/09\/Enchantment-under-the-sea-1.png?fit=1080%2C1080&ssl=1&resize=700%2C400 2x, https:\/\/i0.wp.com\/puuhamari.fi\/wp-content\/uploads\/2024\/09\/Enchantment-under-the-sea-1.png?fit=1080%2C1080&ssl=1&resize=1050%2C600 3x"},"classes":[]},{"id":3355,"url":"https:\/\/puuhamari.fi\/?product=willow-esiliisteroity-palatapetti-yksittain","url_meta":{"origin":8782,"position":3},"title":"&#8220;Willow&#8221; esiliister\u00f6ity palatapetti (yksitt\u00e4in)","author":"PuuhaMari","date":"13 toukokuun, 2022","format":false,"excerpt":"Pajut ja niiden lehdet olivat yksi Arts and Crafts -liikkeen \"is\u00e4n\", suunnittelija William Morris:in (1834-96), suosikkiaiheista. H\u00e4n suunnitteli niiden pohjalta useita eri tapetti- ja tekstiilikuoseja. T\u00e4m\u00e4 \"Willow Bough\" -niminen kuosi on vuodelta 1887. Sen kermavaalea pohja ja kauniit vihre\u00e4n s\u00e4vyiset lehdet tekev\u00e4t siit\u00e4 ideaalivalinnan sinne, minne kaipaat luonnon kosketusta ja\u2026","rel":"","context":"With 1 comment","block_context":{"text":"With 1 comment","link":"https:\/\/puuhamari.fi\/?product=willow-esiliisteroity-palatapetti-yksittain#comments"},"img":{"alt_text":"","src":"https:\/\/i0.wp.com\/puuhamari.fi\/wp-content\/uploads\/2022\/05\/VA-Morris-Willow-Bough-YKSI-b.jpg?fit=1064%2C1050&ssl=1&resize=350%2C200","width":350,"height":200,"srcset":"https:\/\/i0.wp.com\/puuhamari.fi\/wp-content\/uploads\/2022\/05\/VA-Morris-Willow-Bough-YKSI-b.jpg?fit=1064%2C1050&ssl=1&resize=350%2C200 1x, https:\/\/i0.wp.com\/puuhamari.fi\/wp-content\/uploads\/2022\/05\/VA-Morris-Willow-Bough-YKSI-b.jpg?fit=1064%2C1050&ssl=1&resize=525%2C300 1.5x, https:\/\/i0.wp.com\/puuhamari.fi\/wp-content\/uploads\/2022\/05\/VA-Morris-Willow-Bough-YKSI-b.jpg?fit=1064%2C1050&ssl=1&resize=700%2C400 2x, https:\/\/i0.wp.com\/puuhamari.fi\/wp-content\/uploads\/2022\/05\/VA-Morris-Willow-Bough-YKSI-b.jpg?fit=1064%2C1050&ssl=1&resize=1050%2C600 3x"},"classes":[]},{"id":3365,"url":"https:\/\/puuhamari.fi\/?product=willow-esiliisteroity-palatapetti-paketti","url_meta":{"origin":8782,"position":4},"title":"&#8220;Willow&#8221; esiliister\u00f6ity palatapetti (paketti)","author":"PuuhaMari","date":"13 toukokuun, 2022","format":false,"excerpt":"Pajut ja niiden lehdet olivat yksi Arts and Crafts -liikkeen \"is\u00e4n\", suunnittelija William Morris:in (1834-96), suosikkiaiheista. H\u00e4n suunnitteli niiden pohjalta useita eri tapetti- ja tekstiilikuoseja. T\u00e4m\u00e4 \"Willow Bough\" -niminen kuosi on vuodelta 1887. Sen kermavaalea pohja ja kauniit vihre\u00e4n s\u00e4vyiset lehdet tekev\u00e4t siit\u00e4 ideaalivalinnan sinne, minne kaipaat luonnon kosketusta ja\u2026","rel":"","context":"Samankaltainen artikkeli","block_context":{"text":"Samankaltainen artikkeli","link":""},"img":{"alt_text":"","src":"https:\/\/i0.wp.com\/puuhamari.fi\/wp-content\/uploads\/2022\/05\/VA-Morris-Willow-Bough-b.jpg?fit=1200%2C1146&ssl=1&resize=350%2C200","width":350,"height":200,"srcset":"https:\/\/i0.wp.com\/puuhamari.fi\/wp-content\/uploads\/2022\/05\/VA-Morris-Willow-Bough-b.jpg?fit=1200%2C1146&ssl=1&resize=350%2C200 1x, https:\/\/i0.wp.com\/puuhamari.fi\/wp-content\/uploads\/2022\/05\/VA-Morris-Willow-Bough-b.jpg?fit=1200%2C1146&ssl=1&resize=525%2C300 1.5x, https:\/\/i0.wp.com\/puuhamari.fi\/wp-content\/uploads\/2022\/05\/VA-Morris-Willow-Bough-b.jpg?fit=1200%2C1146&ssl=1&resize=700%2C400 2x, https:\/\/i0.wp.com\/puuhamari.fi\/wp-content\/uploads\/2022\/05\/VA-Morris-Willow-Bough-b.jpg?fit=1200%2C1146&ssl=1&resize=1050%2C600 3x"},"classes":[]}],"_links":{"self":[{"href":"https:\/\/puuhamari.fi\/index.php?rest_route=\/wp\/v2\/product\/8782","targetHints":{"allow":["GET"]}}],"collection":[{"href":"https:\/\/puuhamari.fi\/index.php?rest_route=\/wp\/v2\/product"}],"about":[{"href":"https:\/\/puuhamari.fi\/index.php?rest_route=\/wp\/v2\/types\/product"}],"replies":[{"embeddable":true,"href":"https:\/\/puuhamari.fi\/index.php?rest_route=%2Fwp%2Fv2%2Fcomments&post=8782"}],"version-history":[{"count":5,"href":"https:\/\/puuhamari.fi\/index.php?rest_route=\/wp\/v2\/product\/8782\/revisions"}],"predecessor-version":[{"id":8792,"href":"https:\/\/puuhamari.fi\/index.php?rest_route=\/wp\/v2\/product\/8782\/revisions\/8792"}],"wp:featuredmedia":[{"embeddable":true,"href":"https:\/\/puuhamari.fi\/index.php?rest_route=\/wp\/v2\/media\/8789"}],"wp:attachment":[{"href":"https:\/\/puuhamari.fi\/index.php?rest_route=%2Fwp%2Fv2%2Fmedia&parent=8782"}],"wp:term":[{"taxonomy":"product_brand","embeddable":true,"href":"https:\/\/puuhamari.fi\/index.php?rest_route=%2Fwp%2Fv2%2Fproduct_brand&post=8782"},{"taxonomy":"product_cat","embeddable":true,"href":"https:\/\/puuhamari.fi\/index.php?rest_route=%2Fwp%2Fv2%2Fproduct_cat&post=8782"},{"taxonomy":"product_tag","embeddable":true,"href":"https:\/\/puuhamari.fi\/index.php?rest_route=%2Fwp%2Fv2%2Fproduct_tag&post=8782"}],"curies":[{"name":"wp","href":"https:\/\/api.w.org\/{rel}","templated":true}]}}