{"id":8869,"date":"2024-09-08T00:20:42","date_gmt":"2024-09-07T21:20:42","guid":{"rendered":"https:\/\/puuhamari.fi\/?post_type=product&#038;p=8869"},"modified":"2025-09-05T04:25:02","modified_gmt":"2025-09-05T01:25:02","slug":"siirtokuva-sunflower-fields","status":"publish","type":"product","link":"https:\/\/puuhamari.fi\/?product=siirtokuva-sunflower-fields","title":{"rendered":"Siirtokuva Sunflower Fields"},"content":{"rendered":"","protected":false},"excerpt":{"rendered":"<p>Kaikkien rakastamat auringonkukat tuovat aina tervetullutta iloa ja pirteytt\u00e4 huoneeseen kuin huoneeseen! Niit\u00e4 voit tietenkin ripotella my\u00f6s minne tahansa muuallekin el\u00e4m\u00e4ss\u00e4si: vaatteisiin, sisustusesineisiin, postilaatikkoon jne&#8230;<\/p>\n<p>Lis\u00e4\u00e4 tuotekuvia tulossa.<\/p>\n<p>T\u00e4m\u00e4 kokonaisuus on mitoiltaan n. 64 x 81 cm, ja se on asentamisen helpottamiseksi jaettu kolmelle eri kalvolle.<\/p>\n","protected":false},"author":1,"featured_media":8870,"comment_status":"open","ping_status":"closed","template":"","meta":{"advgb_blocks_editor_width":"","advgb_blocks_columns_visual_guide":"","advanced_seo_description":"","jetpack_seo_html_title":"","jetpack_seo_noindex":false,"_kad_post_transparent":"default","_kad_post_title":"","_kad_post_layout":"default","_kad_post_sidebar_id":"","_kad_post_content_style":"default","_kad_post_vertical_padding":"default","_kad_post_feature":"","_kad_post_feature_position":"","_kad_post_header":false,"_kad_post_footer":false,"_kad_post_classname":"","jetpack_post_was_ever_published":false},"product_brand":[],"product_cat":[244],"product_tag":[1184,788,752,1181,125,1183,700,773,247,1182,245,789,246],"class_list":{"0":"post-8869","1":"product","2":"type-product","3":"status-publish","4":"has-post-thumbnail","6":"product_cat-siirtokuvat","7":"product_tag-ang","8":"product_tag-auringonkukka","9":"product_tag-blomma","10":"product_tag-kissankello","11":"product_tag-kukka","12":"product_tag-kukkaniitty","13":"product_tag-luonto","14":"product_tag-natur","15":"product_tag-prima","16":"product_tag-redesign-with-prima","17":"product_tag-siirtokuva","18":"product_tag-solros","19":"product_tag-transfer","21":"first","22":"instock","23":"taxable","24":"shipping-taxable","25":"purchasable","26":"product-type-simple","27":"entry","28":"content-bg","29":"loop-entry"},"featured_img":"https:\/\/puuhamari.fi\/wp-content\/uploads\/2024\/09\/655350644840-1.jpg","coauthors":[],"author_meta":{"author_link":"https:\/\/puuhamari.fi\/?author=1","display_name":"PuuhaMari"},"relative_dates":{"created":"Julkaistu 2 vuotta sitten","modified":"P\u00e4ivitetty 8 kuukautta sitten"},"absolute_dates":{"created":"Julkaistu 8 syyskuun, 2024","modified":"P\u00e4ivitetty 5 syyskuun, 2025"},"absolute_dates_time":{"created":"Julkaistu 8 syyskuun, 2024 12:20 am","modified":"P\u00e4ivitetty 5 syyskuun, 2025 4:25 am"},"featured_img_caption":"","tax_additional":{"product_brand":{"linked":[],"unlinked":[],"slug":"product_brand","name":"Br\u00e4ndit"},"product_type":{"linked":["<a href=\"https:\/\/puuhamari.fi\/?taxonomy=product_type&#038;term=simple\" class=\"advgb-post-tax-term\">simple<\/a>"],"unlinked":["<span class=\"advgb-post-tax-term\">simple<\/span>"],"slug":"product_type","name":"Tuotetyyppi"},"product_visibility":{"linked":[],"unlinked":[],"slug":"product_visibility","name":"Tuotteen n\u00e4kyvyys"},"product_cat":{"linked":["<a href=\"https:\/\/puuhamari.fi\/?product_cat=siirtokuvat\" class=\"advgb-post-tax-term\">Siirtokuvat<\/a>"],"unlinked":["<span class=\"advgb-post-tax-term\">Siirtokuvat<\/span>"],"slug":"product_cat","name":"Osastot"},"product_tag":{"linked":["<a href=\"https:\/\/puuhamari.fi\/?product_tag=ang\" class=\"advgb-post-tax-term\">\u00c4ng<\/a>","<a href=\"https:\/\/puuhamari.fi\/?product_tag=auringonkukka\" class=\"advgb-post-tax-term\">Auringonkukka<\/a>","<a href=\"https:\/\/puuhamari.fi\/?product_tag=blomma\" class=\"advgb-post-tax-term\">Blomma<\/a>","<a href=\"https:\/\/puuhamari.fi\/?product_tag=kissankello\" class=\"advgb-post-tax-term\">Kissankello<\/a>","<a href=\"https:\/\/puuhamari.fi\/?product_tag=kukka\" class=\"advgb-post-tax-term\">Kukka<\/a>","<a href=\"https:\/\/puuhamari.fi\/?product_tag=kukkaniitty\" class=\"advgb-post-tax-term\">Kukkaniitty<\/a>","<a href=\"https:\/\/puuhamari.fi\/?product_tag=luonto\" class=\"advgb-post-tax-term\">Luonto<\/a>","<a href=\"https:\/\/puuhamari.fi\/?product_tag=natur\" class=\"advgb-post-tax-term\">Natur<\/a>","<a href=\"https:\/\/puuhamari.fi\/?product_tag=prima\" class=\"advgb-post-tax-term\">Prima<\/a>","<a href=\"https:\/\/puuhamari.fi\/?product_tag=redesign-with-prima\" class=\"advgb-post-tax-term\">Redesign with Prima<\/a>","<a href=\"https:\/\/puuhamari.fi\/?product_tag=siirtokuva\" class=\"advgb-post-tax-term\">Siirtokuva<\/a>","<a href=\"https:\/\/puuhamari.fi\/?product_tag=solros\" class=\"advgb-post-tax-term\">Solros<\/a>","<a href=\"https:\/\/puuhamari.fi\/?product_tag=transfer\" class=\"advgb-post-tax-term\">Transfer<\/a>"],"unlinked":["<span class=\"advgb-post-tax-term\">\u00c4ng<\/span>","<span class=\"advgb-post-tax-term\">Auringonkukka<\/span>","<span class=\"advgb-post-tax-term\">Blomma<\/span>","<span class=\"advgb-post-tax-term\">Kissankello<\/span>","<span class=\"advgb-post-tax-term\">Kukka<\/span>","<span class=\"advgb-post-tax-term\">Kukkaniitty<\/span>","<span class=\"advgb-post-tax-term\">Luonto<\/span>","<span class=\"advgb-post-tax-term\">Natur<\/span>","<span class=\"advgb-post-tax-term\">Prima<\/span>","<span class=\"advgb-post-tax-term\">Redesign with Prima<\/span>","<span class=\"advgb-post-tax-term\">Siirtokuva<\/span>","<span class=\"advgb-post-tax-term\">Solros<\/span>","<span class=\"advgb-post-tax-term\">Transfer<\/span>"],"slug":"product_tag","name":"Avainsanat tuotteelle"},"product_shipping_class":{"linked":[],"unlinked":[],"slug":"product_shipping_class","name":"Tuotteen toimitusluokat"},"pos_product_visibility":{"linked":[],"unlinked":[],"slug":"pos_product_visibility","name":"POS Product visibility"},"pa_arkin-koko":{"linked":[],"unlinked":[],"slug":"pa_arkin-koko","name":"Tuote Arkin koko"},"pa_hiomatyynyn-karkeus":{"linked":[],"unlinked":[],"slug":"pa_hiomatyynyn-karkeus","name":"Tuote Hiomatyynyn karkeus"},"pa_kehys":{"linked":[],"unlinked":[],"slug":"pa_kehys","name":"Tuote Kehys"},"pa_kuvion-nro":{"linked":[],"unlinked":[],"slug":"pa_kuvion-nro","name":"Tuote Kuvion nro"},"pa_littean-pensselin-koko":{"linked":[],"unlinked":[],"slug":"pa_littean-pensselin-koko","name":"Tuote Litte\u00e4n pensselin koko"},"pa_maalivari":{"linked":[],"unlinked":[],"slug":"pa_maalivari","name":"Tuote Maaliv\u00e4ri"},"pa_palatapettien-lkm":{"linked":[],"unlinked":[],"slug":"pa_palatapettien-lkm","name":"Tuote Palatapettien lkm"},"pa_purkin-koko":{"linked":[],"unlinked":[],"slug":"pa_purkin-koko","name":"Tuote Purkin koko"},"pa_sapluunan-koko":{"linked":[],"unlinked":[],"slug":"pa_sapluunan-koko","name":"Tuote Sapluunan koko"},"pa_tabletti":{"linked":[],"unlinked":[],"slug":"pa_tabletti","name":"Tuote Tabletti"},"pa_valitse-sisalto":{"linked":[],"unlinked":[],"slug":"pa_valitse-sisalto","name":"Tuote Valitse sis\u00e4lt\u00f6"},"pa_varjostin":{"linked":[],"unlinked":[],"slug":"pa_varjostin","name":"Tuote Varjostin"}},"series_order":"","jetpack_sharing_enabled":true,"jetpack_likes_enabled":true,"jetpack-related-posts":[{"id":2539,"url":"https:\/\/puuhamari.fi\/?product=picket-fence","url_meta":{"origin":8869,"position":0},"title":"Picket Fence","author":"PuuhaMari","date":"24 helmikuun, 2022","format":false,"excerpt":"Ihana, hohtavanvalkoinen Picket Fence kuuluu jokaisen P\u00e4iv\u00e4ns\u00e4dett\u00e4 kaipaavan huoneen perustarpeistoon. Huom! Jos sinulla on suurempi projekti: Picket Fence\u00e4 on nyt saatavana edullisemmin 2 litran pullossa. Tarkoittaa suomeksi sanottuna sit\u00e4, ett\u00e4 saat nelj\u00e4n normaalikokoisen (500 ml) purkin verran maalia kolmen purkin hinnalla!","rel":"","context":"With 1 comment","block_context":{"text":"With 1 comment","link":"https:\/\/puuhamari.fi\/?product=picket-fence#comments"},"img":{"alt_text":"","src":"https:\/\/i0.wp.com\/puuhamari.fi\/wp-content\/uploads\/2022\/02\/T1PICKETFENCE-b-1-scaled.jpg?fit=1200%2C1200&ssl=1&resize=350%2C200","width":350,"height":200,"srcset":"https:\/\/i0.wp.com\/puuhamari.fi\/wp-content\/uploads\/2022\/02\/T1PICKETFENCE-b-1-scaled.jpg?fit=1200%2C1200&ssl=1&resize=350%2C200 1x, https:\/\/i0.wp.com\/puuhamari.fi\/wp-content\/uploads\/2022\/02\/T1PICKETFENCE-b-1-scaled.jpg?fit=1200%2C1200&ssl=1&resize=525%2C300 1.5x, https:\/\/i0.wp.com\/puuhamari.fi\/wp-content\/uploads\/2022\/02\/T1PICKETFENCE-b-1-scaled.jpg?fit=1200%2C1200&ssl=1&resize=700%2C400 2x, https:\/\/i0.wp.com\/puuhamari.fi\/wp-content\/uploads\/2022\/02\/T1PICKETFENCE-b-1-scaled.jpg?fit=1200%2C1200&ssl=1&resize=1050%2C600 3x"},"classes":[]},{"id":2550,"url":"https:\/\/puuhamari.fi\/?product=fort-york-red","url_meta":{"origin":8869,"position":1},"title":"Fort York Red","author":"PuuhaMari","date":"24 helmikuun, 2022","format":false,"excerpt":"Energinen paloautonpunainen, joka on ollut yksi Fusion\u2122 maalien suosituimpia jo vuosien ajan. Yleisilmeelt\u00e4\u00e4n muuten neutraalissa huoneessa roiskahdus punaista todella her\u00e4tt\u00e4\u00e4 eloon koko ymp\u00e4rist\u00f6ns\u00e4. Voit my\u00f6s korostaa t\u00e4ll\u00e4 esim. kalusteen koristemuotoiluja\/listoja\/reunoja, jos laitat punaista \"pohjamaaliksi\" mustan Coal Black:in tai tummanharmaan Ash:in alle, ja sitten kulutat tummaa maalia hiomalla sit\u00e4 osittain pois\u2026","rel":"","context":"With 1 comment","block_context":{"text":"With 1 comment","link":"https:\/\/puuhamari.fi\/?product=fort-york-red#comments"},"img":{"alt_text":"","src":"https:\/\/i0.wp.com\/puuhamari.fi\/wp-content\/uploads\/2022\/02\/Fusion_Mineral_Paint_Fort_York_Red_pint-b-scaled.jpg?fit=1200%2C1200&ssl=1&resize=350%2C200","width":350,"height":200,"srcset":"https:\/\/i0.wp.com\/puuhamari.fi\/wp-content\/uploads\/2022\/02\/Fusion_Mineral_Paint_Fort_York_Red_pint-b-scaled.jpg?fit=1200%2C1200&ssl=1&resize=350%2C200 1x, https:\/\/i0.wp.com\/puuhamari.fi\/wp-content\/uploads\/2022\/02\/Fusion_Mineral_Paint_Fort_York_Red_pint-b-scaled.jpg?fit=1200%2C1200&ssl=1&resize=525%2C300 1.5x, https:\/\/i0.wp.com\/puuhamari.fi\/wp-content\/uploads\/2022\/02\/Fusion_Mineral_Paint_Fort_York_Red_pint-b-scaled.jpg?fit=1200%2C1200&ssl=1&resize=700%2C400 2x, https:\/\/i0.wp.com\/puuhamari.fi\/wp-content\/uploads\/2022\/02\/Fusion_Mineral_Paint_Fort_York_Red_pint-b-scaled.jpg?fit=1200%2C1200&ssl=1&resize=1050%2C600 3x"},"classes":[]},{"id":2463,"url":"https:\/\/puuhamari.fi\/?product=blue-pine","url_meta":{"origin":8869,"position":2},"title":"Blue pine","author":"PuuhaMari","date":"21 helmikuun, 2022","format":false,"excerpt":"T\u00e4ss\u00e4 kauniin perinteikk\u00e4\u00e4ss\u00e4 s\u00e4vyss\u00e4 hopeakuusen siniset ja vihre\u00e4t s\u00e4vyt leikittelev\u00e4t harmaan kanssa, luoden huikean muuntautumiskykyisi\u00e4 uusia tunnelmia kotiisi! Yksin\u00e4\u00e4n se toimii eritt\u00e4in hyvin rohkeana kannanottona, mutta sulautuu h\u00e4mm\u00e4stytt\u00e4v\u00e4n luonnollisesti my\u00f6s neutraalien v\u00e4rien ymp\u00e4rist\u00f6\u00f6n miss\u00e4 tahansa huoneessa.","rel":"","context":"Samankaltainen artikkeli","block_context":{"text":"Samankaltainen artikkeli","link":""},"img":{"alt_text":"","src":"https:\/\/i0.wp.com\/puuhamari.fi\/wp-content\/uploads\/2022\/02\/002-Fusion_Milk_Paint_Powder_Blue_Pine_Flatlay_SQUARE_HR_210420_84851-scaled.jpg?fit=1200%2C1200&ssl=1&resize=350%2C200","width":350,"height":200,"srcset":"https:\/\/i0.wp.com\/puuhamari.fi\/wp-content\/uploads\/2022\/02\/002-Fusion_Milk_Paint_Powder_Blue_Pine_Flatlay_SQUARE_HR_210420_84851-scaled.jpg?fit=1200%2C1200&ssl=1&resize=350%2C200 1x, https:\/\/i0.wp.com\/puuhamari.fi\/wp-content\/uploads\/2022\/02\/002-Fusion_Milk_Paint_Powder_Blue_Pine_Flatlay_SQUARE_HR_210420_84851-scaled.jpg?fit=1200%2C1200&ssl=1&resize=525%2C300 1.5x, https:\/\/i0.wp.com\/puuhamari.fi\/wp-content\/uploads\/2022\/02\/002-Fusion_Milk_Paint_Powder_Blue_Pine_Flatlay_SQUARE_HR_210420_84851-scaled.jpg?fit=1200%2C1200&ssl=1&resize=700%2C400 2x, https:\/\/i0.wp.com\/puuhamari.fi\/wp-content\/uploads\/2022\/02\/002-Fusion_Milk_Paint_Powder_Blue_Pine_Flatlay_SQUARE_HR_210420_84851-scaled.jpg?fit=1200%2C1200&ssl=1&resize=1050%2C600 3x"},"classes":[]},{"id":8986,"url":"https:\/\/puuhamari.fi\/?product=chestnut-mare","url_meta":{"origin":8869,"position":3},"title":"Chestnut Mare","author":"PuuhaMari","date":"2 lokakuun, 2024","format":false,"excerpt":"Nimi tarkoittaa raudikko tammaa. Sille joka etsii l\u00e4mp\u00f6\u00e4 ja nostalgiaa, t\u00e4m\u00e4 s\u00e4vy on t\u00e4ydellinen valinta. Sen t\u00e4ytel\u00e4iset kinuskin vivahteet suorastaan kietovat huoneesi houkuttelevaan kodikkuuteen. Lempe\u00e4n pehme\u00e4 tunnelma tarjoaa viihtyis\u00e4t puitteet oleskelulle, kuin rakas vanha nahkasohva tai syysruska\u2026","rel":"","context":"Samankaltainen artikkeli","block_context":{"text":"Samankaltainen artikkeli","link":""},"img":{"alt_text":"","src":"https:\/\/i0.wp.com\/puuhamari.fi\/wp-content\/uploads\/2024\/10\/T1CHESTNUTMARETEXT-b-scaled.jpg?fit=1200%2C1200&ssl=1&resize=350%2C200","width":350,"height":200,"srcset":"https:\/\/i0.wp.com\/puuhamari.fi\/wp-content\/uploads\/2024\/10\/T1CHESTNUTMARETEXT-b-scaled.jpg?fit=1200%2C1200&ssl=1&resize=350%2C200 1x, https:\/\/i0.wp.com\/puuhamari.fi\/wp-content\/uploads\/2024\/10\/T1CHESTNUTMARETEXT-b-scaled.jpg?fit=1200%2C1200&ssl=1&resize=525%2C300 1.5x, https:\/\/i0.wp.com\/puuhamari.fi\/wp-content\/uploads\/2024\/10\/T1CHESTNUTMARETEXT-b-scaled.jpg?fit=1200%2C1200&ssl=1&resize=700%2C400 2x, https:\/\/i0.wp.com\/puuhamari.fi\/wp-content\/uploads\/2024\/10\/T1CHESTNUTMARETEXT-b-scaled.jpg?fit=1200%2C1200&ssl=1&resize=1050%2C600 3x"},"classes":[]},{"id":10486,"url":"https:\/\/puuhamari.fi\/?product=valokuvakehykset-30x35-cm","url_meta":{"origin":8869,"position":4},"title":"Valokuvakehykset 30&#215;35 cm","author":"PuuhaMari","date":"18 joulukuun, 2025","format":false,"excerpt":"Kaksi tosi n\u00e4ytt\u00e4v\u00e4\u00e4 ja ulkomitoiltaan isompaa valokuvakehyst\u00e4, jotka sopivat erityisen kauniisti my\u00f6s pariksi samalle sein\u00e4lle tai samaan huoneeseen. Mitoitukseltaan ne ovat t\u00e4ysin identtiset, mutta eroavat toisistaan farkkupalojensa \"v\u00e4rij\u00e4rjestyksiss\u00e4.\" \u2022 korkeudet 35 cm \u2022 leveydet 30 cm \u2022 paksuudet 2 cm \u2022 kuva-aukot n. 12x17 cm \u2022 taustassa molemmilla sein\u00e4ripustukset sek\u00e4\u2026","rel":"","context":"Samankaltainen artikkeli","block_context":{"text":"Samankaltainen artikkeli","link":""},"img":{"alt_text":"","src":"https:\/\/i0.wp.com\/puuhamari.fi\/wp-content\/uploads\/2025\/12\/Kehykset-M.jpg?fit=1199%2C1200&ssl=1&resize=350%2C200","width":350,"height":200,"srcset":"https:\/\/i0.wp.com\/puuhamari.fi\/wp-content\/uploads\/2025\/12\/Kehykset-M.jpg?fit=1199%2C1200&ssl=1&resize=350%2C200 1x, https:\/\/i0.wp.com\/puuhamari.fi\/wp-content\/uploads\/2025\/12\/Kehykset-M.jpg?fit=1199%2C1200&ssl=1&resize=525%2C300 1.5x, https:\/\/i0.wp.com\/puuhamari.fi\/wp-content\/uploads\/2025\/12\/Kehykset-M.jpg?fit=1199%2C1200&ssl=1&resize=700%2C400 2x, https:\/\/i0.wp.com\/puuhamari.fi\/wp-content\/uploads\/2025\/12\/Kehykset-M.jpg?fit=1199%2C1200&ssl=1&resize=1050%2C600 3x"},"classes":[]},{"id":4572,"url":"https:\/\/puuhamari.fi\/?product=sterling","url_meta":{"origin":8869,"position":5},"title":"Sterling","author":"PuuhaMari","date":"17 elokuun, 2022","format":false,"excerpt":"Fusionin viilein neutraali s\u00e4vy. Hopeanharmaa, joka toimii useissa eri ymp\u00e4rist\u00f6iss\u00e4 - esim. perinteisess\u00e4, modernissa tai merihenkisess\u00e4 sisustuksessa. H\u00e4mm\u00e4stytt\u00e4v\u00e4sti se onnistuu yht\u00e4 aikaa sek\u00e4 rauhoittamaan, ett\u00e4 raikastamaan huonetta. Yhdist\u00e4m\u00e4ll\u00e4 tummanharmaan Ash:in kanssa luot pikkuisen draamaa ymp\u00e4rillesi, mutta jos haet v\u00e4h\u00e4n leikkis\u00e4mp\u00e4\u00e4 fiilist\u00e4 kannattaa t\u00e4t\u00e4 yhdist\u00e4\u00e4 esim. syv\u00e4nkeltaiseen Prairie Sunset:iin.","rel":"","context":"Samankaltainen artikkeli","block_context":{"text":"Samankaltainen artikkeli","link":""},"img":{"alt_text":"","src":"https:\/\/i0.wp.com\/puuhamari.fi\/wp-content\/uploads\/2022\/08\/fusion_mineral_paint-sterling-pint-B.jpg?fit=1200%2C1200&ssl=1&resize=350%2C200","width":350,"height":200,"srcset":"https:\/\/i0.wp.com\/puuhamari.fi\/wp-content\/uploads\/2022\/08\/fusion_mineral_paint-sterling-pint-B.jpg?fit=1200%2C1200&ssl=1&resize=350%2C200 1x, https:\/\/i0.wp.com\/puuhamari.fi\/wp-content\/uploads\/2022\/08\/fusion_mineral_paint-sterling-pint-B.jpg?fit=1200%2C1200&ssl=1&resize=525%2C300 1.5x, https:\/\/i0.wp.com\/puuhamari.fi\/wp-content\/uploads\/2022\/08\/fusion_mineral_paint-sterling-pint-B.jpg?fit=1200%2C1200&ssl=1&resize=700%2C400 2x, https:\/\/i0.wp.com\/puuhamari.fi\/wp-content\/uploads\/2022\/08\/fusion_mineral_paint-sterling-pint-B.jpg?fit=1200%2C1200&ssl=1&resize=1050%2C600 3x"},"classes":[]}],"_links":{"self":[{"href":"https:\/\/puuhamari.fi\/index.php?rest_route=\/wp\/v2\/product\/8869","targetHints":{"allow":["GET"]}}],"collection":[{"href":"https:\/\/puuhamari.fi\/index.php?rest_route=\/wp\/v2\/product"}],"about":[{"href":"https:\/\/puuhamari.fi\/index.php?rest_route=\/wp\/v2\/types\/product"}],"replies":[{"embeddable":true,"href":"https:\/\/puuhamari.fi\/index.php?rest_route=%2Fwp%2Fv2%2Fcomments&post=8869"}],"version-history":[{"count":1,"href":"https:\/\/puuhamari.fi\/index.php?rest_route=\/wp\/v2\/product\/8869\/revisions"}],"predecessor-version":[{"id":8871,"href":"https:\/\/puuhamari.fi\/index.php?rest_route=\/wp\/v2\/product\/8869\/revisions\/8871"}],"wp:featuredmedia":[{"embeddable":true,"href":"https:\/\/puuhamari.fi\/index.php?rest_route=\/wp\/v2\/media\/8870"}],"wp:attachment":[{"href":"https:\/\/puuhamari.fi\/index.php?rest_route=%2Fwp%2Fv2%2Fmedia&parent=8869"}],"wp:term":[{"taxonomy":"product_brand","embeddable":true,"href":"https:\/\/puuhamari.fi\/index.php?rest_route=%2Fwp%2Fv2%2Fproduct_brand&post=8869"},{"taxonomy":"product_cat","embeddable":true,"href":"https:\/\/puuhamari.fi\/index.php?rest_route=%2Fwp%2Fv2%2Fproduct_cat&post=8869"},{"taxonomy":"product_tag","embeddable":true,"href":"https:\/\/puuhamari.fi\/index.php?rest_route=%2Fwp%2Fv2%2Fproduct_tag&post=8869"}],"curies":[{"name":"wp","href":"https:\/\/api.w.org\/{rel}","templated":true}]}}