{"id":8891,"date":"2024-09-08T01:09:43","date_gmt":"2024-09-07T22:09:43","guid":{"rendered":"https:\/\/puuhamari.fi\/?post_type=product&#038;p=8891"},"modified":"2026-02-07T10:36:30","modified_gmt":"2026-02-07T08:36:30","slug":"siirtokuva-wine","status":"publish","type":"product","link":"https:\/\/puuhamari.fi\/?product=siirtokuva-wine","title":{"rendered":"Siirtokuva Wine"},"content":{"rendered":"","protected":false},"excerpt":{"rendered":"<p>No nyt! Viinin yst\u00e4ville oma siirtokuvien setti, jolla koristella sek\u00e4 omat, ett\u00e4 lahjaksi annettavat tarjoiluastiat ja esineet. Toimivat upeana tunnelmanluojana my\u00f6s kes\u00e4keitti\u00f6iss\u00e4, terasseilla jne&#8230;<\/p>\n<p>Paketti sis\u00e4lt\u00e4\u00e4 kolme eri kalvoa, joissa yhteens\u00e4 kahdeksan upeaa siirtokuvaa. Kukin kalvo on korkeudeltaan n. 30 cm, ja leveydelt\u00e4\u00e4n 15 cm.<\/p>\n","protected":false},"author":1,"featured_media":8885,"comment_status":"open","ping_status":"closed","template":"","meta":{"advgb_blocks_editor_width":"","advgb_blocks_columns_visual_guide":"","advanced_seo_description":"","jetpack_seo_html_title":"","jetpack_seo_noindex":false,"_kad_post_transparent":"default","_kad_post_title":"","_kad_post_layout":"default","_kad_post_sidebar_id":"","_kad_post_content_style":"default","_kad_post_vertical_padding":"default","_kad_post_feature":"","_kad_post_feature_position":"","_kad_post_header":false,"_kad_post_footer":false,"_kad_post_classname":"","jetpack_post_was_ever_published":false},"product_brand":[],"product_cat":[244],"product_tag":[1198,1199,1197,247,382,1182,245,246,1205,1204,1195,1200,1202,1196,1203,1201],"class_list":{"0":"post-8891","1":"product","2":"type-product","3":"status-publish","4":"has-post-thumbnail","6":"product_cat-siirtokuvat","7":"product_tag-franskt","8":"product_tag-merlot","9":"product_tag-pinot-noir","10":"product_tag-prima","11":"product_tag-ranskalainen","12":"product_tag-redesign-with-prima","13":"product_tag-siirtokuva","14":"product_tag-transfer","15":"product_tag-tunna","16":"product_tag-tynnyri","17":"product_tag-viini","18":"product_tag-viinikoynnos","19":"product_tag-viininviljely","20":"product_tag-vin","21":"product_tag-vinodling","22":"product_tag-vinranka","24":"first","25":"instock","26":"taxable","27":"shipping-taxable","28":"purchasable","29":"product-type-simple","30":"entry","31":"content-bg","32":"loop-entry"},"featured_img":"https:\/\/puuhamari.fi\/wp-content\/uploads\/2024\/09\/91a9a1616aba4aebdae1e36a08263b117873a058be81432ef92aee4635eaf7ef-1.jpeg","coauthors":[],"author_meta":{"author_link":"https:\/\/puuhamari.fi\/?author=1","display_name":"PuuhaMari"},"relative_dates":{"created":"Julkaistu 2 vuotta sitten","modified":"P\u00e4ivitetty 2 kuukautta sitten"},"absolute_dates":{"created":"Julkaistu 8 syyskuun, 2024","modified":"P\u00e4ivitetty 7 helmikuun, 2026"},"absolute_dates_time":{"created":"Julkaistu 8 syyskuun, 2024 1:09 am","modified":"P\u00e4ivitetty 7 helmikuun, 2026 10:36 am"},"featured_img_caption":"","tax_additional":{"product_brand":{"linked":[],"unlinked":[],"slug":"product_brand","name":"Br\u00e4ndit"},"product_type":{"linked":["<a href=\"https:\/\/puuhamari.fi\/?taxonomy=product_type&#038;term=simple\" class=\"advgb-post-tax-term\">simple<\/a>"],"unlinked":["<span class=\"advgb-post-tax-term\">simple<\/span>"],"slug":"product_type","name":"Tuotetyyppi"},"product_visibility":{"linked":[],"unlinked":[],"slug":"product_visibility","name":"Tuotteen n\u00e4kyvyys"},"product_cat":{"linked":["<a href=\"https:\/\/puuhamari.fi\/?product_cat=siirtokuvat\" class=\"advgb-post-tax-term\">Siirtokuvat<\/a>"],"unlinked":["<span class=\"advgb-post-tax-term\">Siirtokuvat<\/span>"],"slug":"product_cat","name":"Osastot"},"product_tag":{"linked":["<a href=\"https:\/\/puuhamari.fi\/?product_tag=franskt\" class=\"advgb-post-tax-term\">Franskt<\/a>","<a href=\"https:\/\/puuhamari.fi\/?product_tag=merlot\" class=\"advgb-post-tax-term\">Merlot<\/a>","<a href=\"https:\/\/puuhamari.fi\/?product_tag=pinot-noir\" class=\"advgb-post-tax-term\">Pinot Noir<\/a>","<a href=\"https:\/\/puuhamari.fi\/?product_tag=prima\" class=\"advgb-post-tax-term\">Prima<\/a>","<a href=\"https:\/\/puuhamari.fi\/?product_tag=ranskalainen\" class=\"advgb-post-tax-term\">Ranskalainen<\/a>","<a href=\"https:\/\/puuhamari.fi\/?product_tag=redesign-with-prima\" class=\"advgb-post-tax-term\">Redesign with Prima<\/a>","<a href=\"https:\/\/puuhamari.fi\/?product_tag=siirtokuva\" class=\"advgb-post-tax-term\">Siirtokuva<\/a>","<a href=\"https:\/\/puuhamari.fi\/?product_tag=transfer\" class=\"advgb-post-tax-term\">Transfer<\/a>","<a href=\"https:\/\/puuhamari.fi\/?product_tag=tunna\" class=\"advgb-post-tax-term\">Tunna<\/a>","<a href=\"https:\/\/puuhamari.fi\/?product_tag=tynnyri\" class=\"advgb-post-tax-term\">Tynnyri<\/a>","<a href=\"https:\/\/puuhamari.fi\/?product_tag=viini\" class=\"advgb-post-tax-term\">Viini<\/a>","<a href=\"https:\/\/puuhamari.fi\/?product_tag=viinikoynnos\" class=\"advgb-post-tax-term\">Viinik\u00f6ynn\u00f6s<\/a>","<a href=\"https:\/\/puuhamari.fi\/?product_tag=viininviljely\" class=\"advgb-post-tax-term\">viininviljely<\/a>","<a href=\"https:\/\/puuhamari.fi\/?product_tag=vin\" class=\"advgb-post-tax-term\">Vin<\/a>","<a href=\"https:\/\/puuhamari.fi\/?product_tag=vinodling\" class=\"advgb-post-tax-term\">vinodling<\/a>","<a href=\"https:\/\/puuhamari.fi\/?product_tag=vinranka\" class=\"advgb-post-tax-term\">Vinranka<\/a>"],"unlinked":["<span class=\"advgb-post-tax-term\">Franskt<\/span>","<span class=\"advgb-post-tax-term\">Merlot<\/span>","<span class=\"advgb-post-tax-term\">Pinot Noir<\/span>","<span class=\"advgb-post-tax-term\">Prima<\/span>","<span class=\"advgb-post-tax-term\">Ranskalainen<\/span>","<span class=\"advgb-post-tax-term\">Redesign with Prima<\/span>","<span class=\"advgb-post-tax-term\">Siirtokuva<\/span>","<span class=\"advgb-post-tax-term\">Transfer<\/span>","<span class=\"advgb-post-tax-term\">Tunna<\/span>","<span class=\"advgb-post-tax-term\">Tynnyri<\/span>","<span class=\"advgb-post-tax-term\">Viini<\/span>","<span class=\"advgb-post-tax-term\">Viinik\u00f6ynn\u00f6s<\/span>","<span class=\"advgb-post-tax-term\">viininviljely<\/span>","<span class=\"advgb-post-tax-term\">Vin<\/span>","<span class=\"advgb-post-tax-term\">vinodling<\/span>","<span class=\"advgb-post-tax-term\">Vinranka<\/span>"],"slug":"product_tag","name":"Avainsanat tuotteelle"},"product_shipping_class":{"linked":[],"unlinked":[],"slug":"product_shipping_class","name":"Tuotteen toimitusluokat"},"pos_product_visibility":{"linked":[],"unlinked":[],"slug":"pos_product_visibility","name":"POS Product visibility"},"pa_arkin-koko":{"linked":[],"unlinked":[],"slug":"pa_arkin-koko","name":"Tuote Arkin koko"},"pa_hiomatyynyn-karkeus":{"linked":[],"unlinked":[],"slug":"pa_hiomatyynyn-karkeus","name":"Tuote Hiomatyynyn karkeus"},"pa_kehys":{"linked":[],"unlinked":[],"slug":"pa_kehys","name":"Tuote Kehys"},"pa_kuvion-nro":{"linked":[],"unlinked":[],"slug":"pa_kuvion-nro","name":"Tuote Kuvion nro"},"pa_littean-pensselin-koko":{"linked":[],"unlinked":[],"slug":"pa_littean-pensselin-koko","name":"Tuote Litte\u00e4n pensselin koko"},"pa_maalivari":{"linked":[],"unlinked":[],"slug":"pa_maalivari","name":"Tuote Maaliv\u00e4ri"},"pa_palatapettien-lkm":{"linked":[],"unlinked":[],"slug":"pa_palatapettien-lkm","name":"Tuote Palatapettien lkm"},"pa_purkin-koko":{"linked":[],"unlinked":[],"slug":"pa_purkin-koko","name":"Tuote Purkin koko"},"pa_sapluunan-koko":{"linked":[],"unlinked":[],"slug":"pa_sapluunan-koko","name":"Tuote Sapluunan koko"},"pa_tabletti":{"linked":[],"unlinked":[],"slug":"pa_tabletti","name":"Tuote Tabletti"},"pa_valitse-sisalto":{"linked":[],"unlinked":[],"slug":"pa_valitse-sisalto","name":"Tuote Valitse sis\u00e4lt\u00f6"},"pa_varjostin":{"linked":[],"unlinked":[],"slug":"pa_varjostin","name":"Tuote Varjostin"}},"series_order":"","jetpack_sharing_enabled":true,"jetpack_likes_enabled":true,"jetpack-related-posts":[{"id":7068,"url":"https:\/\/puuhamari.fi\/?product=siirtokuva-sunflower-afternoon","url_meta":{"origin":8891,"position":0},"title":"Siirtokuva Sunflower Afternoon","author":"PuuhaMari","date":"30 elokuun, 2023","format":false,"excerpt":"Upeat, uhkeat auringonkukat luovat ymp\u00e4rilleen v\u00e4lit\u00f6nt\u00e4 el\u00e4m\u00e4niloa, kauneutta ja tyytyv\u00e4isyytt\u00e4. Pakkaus sis\u00e4lt\u00e4\u00e4 kolme erilaisin kuvin varustettua kalvoa, joissa yhteens\u00e4 per\u00e4ti 22 siirtokuvaa. Kaikki 3 kalvoa ovat n\u00e4kyv\u00e4t oheisessa tuotekuvassa. Jokaisen yksitt\u00e4isen kalvon koko on n. 30,5 cm x 15 cm. Suurimman yksitt\u00e4iskukan halkaisija on n. 14 cm. Yhdell\u00e4 kalvoista olevan\u2026","rel":"","context":"With 1 comment","block_context":{"text":"With 1 comment","link":"https:\/\/puuhamari.fi\/?product=siirtokuva-sunflower-afternoon#comments"},"img":{"alt_text":"","src":"https:\/\/i0.wp.com\/puuhamari.fi\/wp-content\/uploads\/2023\/08\/2-b-3.png?fit=960%2C959&ssl=1&resize=350%2C200","width":350,"height":200,"srcset":"https:\/\/i0.wp.com\/puuhamari.fi\/wp-content\/uploads\/2023\/08\/2-b-3.png?fit=960%2C959&ssl=1&resize=350%2C200 1x, https:\/\/i0.wp.com\/puuhamari.fi\/wp-content\/uploads\/2023\/08\/2-b-3.png?fit=960%2C959&ssl=1&resize=525%2C300 1.5x, https:\/\/i0.wp.com\/puuhamari.fi\/wp-content\/uploads\/2023\/08\/2-b-3.png?fit=960%2C959&ssl=1&resize=700%2C400 2x"},"classes":[]},{"id":4496,"url":"https:\/\/puuhamari.fi\/?product=siirtokuva-midnight-floral","url_meta":{"origin":8891,"position":1},"title":"Siirtokuva Midnight Floral","author":"PuuhaMari","date":"15 elokuun, 2022","format":false,"excerpt":"Upeat, tummanpuhuvat ruusut vuorottelevat vaaleiden ja jopa pelkin \u00e4\u00e4riviivoin piirrettyjen ruusujen kanssa. Voit vapaasti leikata kalvosta erilleen yksitt\u00e4isi\u00e4 ruusuja tai ruusuryhmi\u00e4, ja asetella niit\u00e4 joko moneen\u00a0 pienemp\u00e4\u00e4n tuunauskohteseen, tai yhteen suureen. Siirtokuvan totaalikoko on n. 66 cm x 89 cm, ja k\u00e4ytt\u00f6mukavuuden lis\u00e4\u00e4miseksi se on painettu kahdelle erilliselle kalvolle. Voidaan\u2026","rel":"","context":"With 1 comment","block_context":{"text":"With 1 comment","link":"https:\/\/puuhamari.fi\/?product=siirtokuva-midnight-floral#comments"},"img":{"alt_text":"","src":"https:\/\/i0.wp.com\/puuhamari.fi\/wp-content\/uploads\/2022\/08\/Midnight-Floral-4.png?fit=907%2C910&ssl=1&resize=350%2C200","width":350,"height":200,"srcset":"https:\/\/i0.wp.com\/puuhamari.fi\/wp-content\/uploads\/2022\/08\/Midnight-Floral-4.png?fit=907%2C910&ssl=1&resize=350%2C200 1x, https:\/\/i0.wp.com\/puuhamari.fi\/wp-content\/uploads\/2022\/08\/Midnight-Floral-4.png?fit=907%2C910&ssl=1&resize=525%2C300 1.5x, https:\/\/i0.wp.com\/puuhamari.fi\/wp-content\/uploads\/2022\/08\/Midnight-Floral-4.png?fit=907%2C910&ssl=1&resize=700%2C400 2x"},"classes":[]},{"id":10049,"url":"https:\/\/puuhamari.fi\/?product=wild-flowers","url_meta":{"origin":8891,"position":2},"title":"Siirtokuva Wild Flowers","author":"PuuhaMari","date":"15 elokuun, 2025","format":false,"excerpt":"No nyt t\u00e4ytyy kyll\u00e4 sanoa, ett\u00e4 vaikka siirtokuvapaketin nimi on \"Villikukkia\", niin meid\u00e4n leveysasteillamme n\u00e4it\u00e4 ei kyll\u00e4 ihan villin\u00e4 n\u00e4e miss\u00e4\u00e4n...\u00a0Kyseess\u00e4 on Bougainvillea -suvun kasvi, joita Suomessa kutsutaan nimell\u00e4 ihmek\u00f6ynn\u00f6s! Se tuo kaunista v\u00e4ri\u00e4 ja kukintaa kotiisi - my\u00f6s t\u00e4llaisena koristeena kalusteissasi Paketti sis\u00e4lt\u00e4\u00e4 kolme kalvoa, joissa yhteens\u00e4 5 upeaa\u2026","rel":"","context":"Samankaltainen artikkeli","block_context":{"text":"Samankaltainen artikkeli","link":""},"img":{"alt_text":"","src":"https:\/\/i0.wp.com\/puuhamari.fi\/wp-content\/uploads\/2025\/08\/Wild-Flowers-1.webp?fit=896%2C896&ssl=1&resize=350%2C200","width":350,"height":200,"srcset":"https:\/\/i0.wp.com\/puuhamari.fi\/wp-content\/uploads\/2025\/08\/Wild-Flowers-1.webp?fit=896%2C896&ssl=1&resize=350%2C200 1x, https:\/\/i0.wp.com\/puuhamari.fi\/wp-content\/uploads\/2025\/08\/Wild-Flowers-1.webp?fit=896%2C896&ssl=1&resize=525%2C300 1.5x, https:\/\/i0.wp.com\/puuhamari.fi\/wp-content\/uploads\/2025\/08\/Wild-Flowers-1.webp?fit=896%2C896&ssl=1&resize=700%2C400 2x"},"classes":[]},{"id":10687,"url":"https:\/\/puuhamari.fi\/?product=siirtokuva-floral-collection","url_meta":{"origin":8891,"position":3},"title":"Siirtokuva Floral Collection","author":"PuuhaMari","date":"25 helmikuun, 2026","format":false,"excerpt":"Luo rehev\u00e4n kukoistavia koristeluja kotiisi yhdistelem\u00e4ll\u00e4 t\u00e4m\u00e4n kukkakokoelman kuvia joko kesken\u00e4\u00e4n, tai mink\u00e4 tahansa kaapistasi l\u00f6ytyvien siirtokuvien kanssa. Voit kiinnitt\u00e4\u00e4 niit\u00e4 oviin, kalusteisiin, sisustusesineisiin, vihkoihin... Oikeastaan minne tahansa miss\u00e4 pinta on puhdas, kuiva ja tasainen! Kohdista kuva, hankaa sit\u00e4 p\u00e4\u00e4llipuolelta, ja ota irronnut kalvo pois - VALMIS. (Jos tuunauskohteesi on\u2026","rel":"","context":"Samankaltainen artikkeli","block_context":{"text":"Samankaltainen artikkeli","link":""},"img":{"alt_text":"","src":"https:\/\/i0.wp.com\/puuhamari.fi\/wp-content\/uploads\/2026\/02\/Floral-Collection-1-B.jpg?fit=896%2C895&ssl=1&resize=350%2C200","width":350,"height":200,"srcset":"https:\/\/i0.wp.com\/puuhamari.fi\/wp-content\/uploads\/2026\/02\/Floral-Collection-1-B.jpg?fit=896%2C895&ssl=1&resize=350%2C200 1x, https:\/\/i0.wp.com\/puuhamari.fi\/wp-content\/uploads\/2026\/02\/Floral-Collection-1-B.jpg?fit=896%2C895&ssl=1&resize=525%2C300 1.5x, https:\/\/i0.wp.com\/puuhamari.fi\/wp-content\/uploads\/2026\/02\/Floral-Collection-1-B.jpg?fit=896%2C895&ssl=1&resize=700%2C400 2x"},"classes":[]},{"id":6981,"url":"https:\/\/puuhamari.fi\/?product=siirtokuva-delicate-roses","url_meta":{"origin":8891,"position":4},"title":"Siirtokuva Delicate Roses","author":"PuuhaMari","date":"25 elokuun, 2023","format":false,"excerpt":"Tarvitaanko sanoja? N\u00e4et sen itsekin; t\u00e4h\u00e4n ei voi olla rakastumatta... Hienostuneet v\u00e4rit ja kauniit yksityiskohdat kertakaikkiaan vangitsevat katseen! Suorastaan vaatii yhdistely\u00e4 erilaisten sapluunojen, leimasinten tai muiden siirtokuvien kanssa. Pakkaus sis\u00e4lt\u00e4\u00e4 kolme erilaisin kuvin varustettua kalvoa. Kaikki 3 kalvoa ovat n\u00e4kyv\u00e4t oheisessa tuotekuvassa. Jokaisen yksitt\u00e4isen kalvon koko on n. 30,5 cm\u2026","rel":"","context":"With 2 comments","block_context":{"text":"With 2 comments","link":"https:\/\/puuhamari.fi\/?product=siirtokuva-delicate-roses#comments"},"img":{"alt_text":"","src":"https:\/\/i0.wp.com\/puuhamari.fi\/wp-content\/uploads\/2023\/08\/Delicate-Roses-1-b.png?fit=670%2C669&ssl=1&resize=350%2C200","width":350,"height":200,"srcset":"https:\/\/i0.wp.com\/puuhamari.fi\/wp-content\/uploads\/2023\/08\/Delicate-Roses-1-b.png?fit=670%2C669&ssl=1&resize=350%2C200 1x, https:\/\/i0.wp.com\/puuhamari.fi\/wp-content\/uploads\/2023\/08\/Delicate-Roses-1-b.png?fit=670%2C669&ssl=1&resize=525%2C300 1.5x"},"classes":[]},{"id":3389,"url":"https:\/\/puuhamari.fi\/?product=siirtokuva-white-magnolia","url_meta":{"origin":8891,"position":5},"title":"Siirtokuva White Magnolia","author":"PuuhaMari","date":"23 toukokuun, 2022","format":false,"excerpt":"Valkoiset magnoliankukat ovat aina varma valinta tyylikk\u00e4\u00e4seen ja\/tai suloiseen sisustukseen. Pakkaus sis\u00e4lt\u00e4\u00e4 kolme erilaisin kuvin varustettua kalvoa. Kaikki 3 kalvoa ovat n\u00e4kyv\u00e4t oheisessa tuotekuvassa. Jokaisen yksitt\u00e4isen kalvon koko on n. 15 cm x 30,5 cm. Voidaan k\u00e4ytt\u00e4\u00e4 monilla erilaisilla pinnoilla. Jos projektisi on vastamaalattu, anna maalipinnan kovettua rauhassa ainakin 2\u2026","rel":"","context":"With 3 comments","block_context":{"text":"With 3 comments","link":"https:\/\/puuhamari.fi\/?product=siirtokuva-white-magnolia#comments"},"img":{"alt_text":"","src":"https:\/\/i0.wp.com\/puuhamari.fi\/wp-content\/uploads\/2022\/05\/White-Magnolia-NELIO.jpg?fit=765%2C744&ssl=1&resize=350%2C200","width":350,"height":200,"srcset":"https:\/\/i0.wp.com\/puuhamari.fi\/wp-content\/uploads\/2022\/05\/White-Magnolia-NELIO.jpg?fit=765%2C744&ssl=1&resize=350%2C200 1x, https:\/\/i0.wp.com\/puuhamari.fi\/wp-content\/uploads\/2022\/05\/White-Magnolia-NELIO.jpg?fit=765%2C744&ssl=1&resize=525%2C300 1.5x, https:\/\/i0.wp.com\/puuhamari.fi\/wp-content\/uploads\/2022\/05\/White-Magnolia-NELIO.jpg?fit=765%2C744&ssl=1&resize=700%2C400 2x"},"classes":[]}],"_links":{"self":[{"href":"https:\/\/puuhamari.fi\/index.php?rest_route=\/wp\/v2\/product\/8891","targetHints":{"allow":["GET"]}}],"collection":[{"href":"https:\/\/puuhamari.fi\/index.php?rest_route=\/wp\/v2\/product"}],"about":[{"href":"https:\/\/puuhamari.fi\/index.php?rest_route=\/wp\/v2\/types\/product"}],"replies":[{"embeddable":true,"href":"https:\/\/puuhamari.fi\/index.php?rest_route=%2Fwp%2Fv2%2Fcomments&post=8891"}],"version-history":[{"count":2,"href":"https:\/\/puuhamari.fi\/index.php?rest_route=\/wp\/v2\/product\/8891\/revisions"}],"predecessor-version":[{"id":8893,"href":"https:\/\/puuhamari.fi\/index.php?rest_route=\/wp\/v2\/product\/8891\/revisions\/8893"}],"wp:featuredmedia":[{"embeddable":true,"href":"https:\/\/puuhamari.fi\/index.php?rest_route=\/wp\/v2\/media\/8885"}],"wp:attachment":[{"href":"https:\/\/puuhamari.fi\/index.php?rest_route=%2Fwp%2Fv2%2Fmedia&parent=8891"}],"wp:term":[{"taxonomy":"product_brand","embeddable":true,"href":"https:\/\/puuhamari.fi\/index.php?rest_route=%2Fwp%2Fv2%2Fproduct_brand&post=8891"},{"taxonomy":"product_cat","embeddable":true,"href":"https:\/\/puuhamari.fi\/index.php?rest_route=%2Fwp%2Fv2%2Fproduct_cat&post=8891"},{"taxonomy":"product_tag","embeddable":true,"href":"https:\/\/puuhamari.fi\/index.php?rest_route=%2Fwp%2Fv2%2Fproduct_tag&post=8891"}],"curies":[{"name":"wp","href":"https:\/\/api.w.org\/{rel}","templated":true}]}}