{"id":9010,"date":"2024-10-02T21:35:28","date_gmt":"2024-10-02T18:35:28","guid":{"rendered":"https:\/\/puuhamari.fi\/?post_type=product&#038;p=9010"},"modified":"2026-03-15T07:30:53","modified_gmt":"2026-03-15T05:30:53","slug":"lavender-haze","status":"publish","type":"product","link":"https:\/\/puuhamari.fi\/?product=lavender-haze","title":{"rendered":"Lavender Haze"},"content":{"rendered":"<p>Fusion\u2122 maalien kuvaus: <a href=\"https:\/\/puuhamari.fi\/?p=5842\" target=\"_blank\" rel=\"noopener\">lue t\u00e4\u00e4lt\u00e4.<\/a><\/p>\n","protected":false},"excerpt":{"rendered":"<p><em style=\"font-family: var(--global-body-font-family);\">Nimi viittaa laventeleihin iltah\u00e4m\u00e4r\u00e4ss\u00e4.<\/em><\/p>\n<p>Monivivahteinen, syv\u00e4n aikuismainen pastelli. Tyynen kaunis s\u00e4vy, joka tuo kuivattujen laventelien levollista rauhaa kotiisi. Vahvasti malvanpunertavalle pohjas\u00e4vylle rakentuva monien vivahteiden kerroksellisuus tekee Lavender Haze:st\u00e4 hienostuneemman ja elegantimman vaihtoehdon perinteisille pastellis\u00e4vyille.<\/p>\n<p>T\u00e4m\u00e4n avulla luot ymp\u00e4rillesi seesteisen ja rauhallisuutta huokuvan kodin.<\/p>\n","protected":false},"author":1,"featured_media":9015,"comment_status":"open","ping_status":"closed","template":"","meta":{"advgb_blocks_editor_width":"","advgb_blocks_columns_visual_guide":"","advanced_seo_description":"","jetpack_seo_html_title":"","jetpack_seo_noindex":false,"_kad_post_transparent":"default","_kad_post_title":"","_kad_post_layout":"default","_kad_post_sidebar_id":"","_kad_post_content_style":"default","_kad_post_vertical_padding":"default","_kad_post_feature":"","_kad_post_feature_position":"","_kad_post_header":false,"_kad_post_footer":false,"_kad_post_classname":"","jetpack_post_was_ever_published":false},"product_brand":[],"product_cat":[309],"product_tag":[450,509,1274,1220,1275,508,559,1348,1347],"class_list":{"0":"post-9010","1":"product","2":"type-product","3":"status-publish","4":"has-post-thumbnail","6":"product_cat-fusion-mineraalimaalit","7":"product_tag-fusion","8":"product_tag-fusion-mineral-paint","9":"product_tag-kalustemaali","10":"product_tag-laventeli","11":"product_tag-maali","12":"product_tag-mineraalimaali","13":"product_tag-pastelli","14":"product_tag-sumu","15":"product_tag-usva","17":"first","18":"instock","19":"taxable","20":"shipping-taxable","21":"purchasable","22":"product-type-variable","23":"entry","24":"content-bg","25":"loop-entry"},"featured_img":"https:\/\/puuhamari.fi\/wp-content\/uploads\/2024\/10\/T1LAVENDERHAZETEXT-b-scaled.jpg","coauthors":[],"author_meta":{"author_link":"https:\/\/puuhamari.fi\/?author=1","display_name":"PuuhaMari"},"relative_dates":{"created":"Julkaistu 2 vuotta sitten","modified":"P\u00e4ivitetty 1 kuukausi sitten"},"absolute_dates":{"created":"Julkaistu 2 lokakuun, 2024","modified":"P\u00e4ivitetty 15 maaliskuun, 2026"},"absolute_dates_time":{"created":"Julkaistu 2 lokakuun, 2024 9:35 pm","modified":"P\u00e4ivitetty 15 maaliskuun, 2026 7:30 am"},"featured_img_caption":"","tax_additional":{"product_brand":{"linked":[],"unlinked":[],"slug":"product_brand","name":"Br\u00e4ndit"},"product_type":{"linked":["<a href=\"https:\/\/puuhamari.fi\/?taxonomy=product_type&#038;term=variable\" class=\"advgb-post-tax-term\">variable<\/a>"],"unlinked":["<span class=\"advgb-post-tax-term\">variable<\/span>"],"slug":"product_type","name":"Tuotetyyppi"},"product_visibility":{"linked":["<a href=\"https:\/\/puuhamari.fi\/?taxonomy=product_visibility&#038;term=rated-5\" class=\"advgb-post-tax-term\">rated-5<\/a>"],"unlinked":["<span class=\"advgb-post-tax-term\">rated-5<\/span>"],"slug":"product_visibility","name":"Tuotteen n\u00e4kyvyys"},"product_cat":{"linked":["<a href=\"https:\/\/puuhamari.fi\/?product_cat=fusion-mineraalimaalit\" class=\"advgb-post-tax-term\">Fusion mineraalimaalit<\/a>"],"unlinked":["<span class=\"advgb-post-tax-term\">Fusion mineraalimaalit<\/span>"],"slug":"product_cat","name":"Osastot"},"product_tag":{"linked":["<a href=\"https:\/\/puuhamari.fi\/?product_tag=fusion\" class=\"advgb-post-tax-term\">Fusion<\/a>","<a href=\"https:\/\/puuhamari.fi\/?product_tag=fusion-mineral-paint\" class=\"advgb-post-tax-term\">Fusion Mineral Paint<\/a>","<a href=\"https:\/\/puuhamari.fi\/?product_tag=kalustemaali\" class=\"advgb-post-tax-term\">kalustemaali<\/a>","<a href=\"https:\/\/puuhamari.fi\/?product_tag=laventeli\" class=\"advgb-post-tax-term\">Laventeli<\/a>","<a href=\"https:\/\/puuhamari.fi\/?product_tag=maali\" class=\"advgb-post-tax-term\">maali<\/a>","<a href=\"https:\/\/puuhamari.fi\/?product_tag=mineraalimaali\" class=\"advgb-post-tax-term\">Mineraalimaali<\/a>","<a href=\"https:\/\/puuhamari.fi\/?product_tag=pastelli\" class=\"advgb-post-tax-term\">Pastelli<\/a>","<a href=\"https:\/\/puuhamari.fi\/?product_tag=sumu\" class=\"advgb-post-tax-term\">Sumu<\/a>","<a href=\"https:\/\/puuhamari.fi\/?product_tag=usva\" class=\"advgb-post-tax-term\">Usva<\/a>"],"unlinked":["<span class=\"advgb-post-tax-term\">Fusion<\/span>","<span class=\"advgb-post-tax-term\">Fusion Mineral Paint<\/span>","<span class=\"advgb-post-tax-term\">kalustemaali<\/span>","<span class=\"advgb-post-tax-term\">Laventeli<\/span>","<span class=\"advgb-post-tax-term\">maali<\/span>","<span class=\"advgb-post-tax-term\">Mineraalimaali<\/span>","<span class=\"advgb-post-tax-term\">Pastelli<\/span>","<span class=\"advgb-post-tax-term\">Sumu<\/span>","<span class=\"advgb-post-tax-term\">Usva<\/span>"],"slug":"product_tag","name":"Avainsanat tuotteelle"},"product_shipping_class":{"linked":[],"unlinked":[],"slug":"product_shipping_class","name":"Tuotteen toimitusluokat"},"pos_product_visibility":{"linked":[],"unlinked":[],"slug":"pos_product_visibility","name":"POS Product visibility"},"pa_arkin-koko":{"linked":[],"unlinked":[],"slug":"pa_arkin-koko","name":"Tuote Arkin koko"},"pa_hiomatyynyn-karkeus":{"linked":[],"unlinked":[],"slug":"pa_hiomatyynyn-karkeus","name":"Tuote Hiomatyynyn karkeus"},"pa_kehys":{"linked":[],"unlinked":[],"slug":"pa_kehys","name":"Tuote Kehys"},"pa_kuvion-nro":{"linked":[],"unlinked":[],"slug":"pa_kuvion-nro","name":"Tuote Kuvion nro"},"pa_littean-pensselin-koko":{"linked":[],"unlinked":[],"slug":"pa_littean-pensselin-koko","name":"Tuote Litte\u00e4n pensselin koko"},"pa_maalivari":{"linked":[],"unlinked":[],"slug":"pa_maalivari","name":"Tuote Maaliv\u00e4ri"},"pa_palatapettien-lkm":{"linked":[],"unlinked":[],"slug":"pa_palatapettien-lkm","name":"Tuote Palatapettien lkm"},"pa_purkin-koko":{"linked":["<a href=\"https:\/\/puuhamari.fi\/?taxonomy=pa_purkin-koko&#038;term=37-ml\" class=\"advgb-post-tax-term\">37 ml<\/a>","<a href=\"https:\/\/puuhamari.fi\/?taxonomy=pa_purkin-koko&#038;term=500-ml\" class=\"advgb-post-tax-term\">500 ml<\/a>"],"unlinked":["<span class=\"advgb-post-tax-term\">37 ml<\/span>","<span class=\"advgb-post-tax-term\">500 ml<\/span>"],"slug":"pa_purkin-koko","name":"Tuote Purkin koko"},"pa_sapluunan-koko":{"linked":[],"unlinked":[],"slug":"pa_sapluunan-koko","name":"Tuote Sapluunan koko"},"pa_tabletti":{"linked":[],"unlinked":[],"slug":"pa_tabletti","name":"Tuote Tabletti"},"pa_valitse-sisalto":{"linked":[],"unlinked":[],"slug":"pa_valitse-sisalto","name":"Tuote Valitse sis\u00e4lt\u00f6"},"pa_varjostin":{"linked":[],"unlinked":[],"slug":"pa_varjostin","name":"Tuote Varjostin"}},"series_order":"","jetpack_sharing_enabled":true,"jetpack_likes_enabled":true,"jetpack-related-posts":[{"id":3178,"url":"https:\/\/puuhamari.fi\/?product=fusion-varikartta","url_meta":{"origin":9010,"position":0},"title":"Fusion\u2122 v\u00e4rikartta","author":"PuuhaMari","date":"6 huhtikuun, 2022","format":false,"excerpt":"\"True-to-color\" v\u00e4rikartassa kaikki v\u00e4rit on oikeasti toteutettu Fusion mineraalimaaleilla, joten voit luottaa siihen, ett\u00e4 ne toistuvat t\u00e4ysin totuudenmukaisina!\u00a0Muistathan kuitenkin v\u00e4rien olevan siit\u00e4 hassuja olemukseltaan, ett\u00e4 ne EL\u00c4V\u00c4T ymp\u00e4rill\u00e4\u00e4n olevien v\u00e4rien ja valojen mukaan - joskus muihin sopeutuen, toisinaan taas niiden erilaisuutta korostaen. \ud83d\ude0a T\u00e4m\u00e4 on Fusionin viimeisin, vuonna 2024 valmistunut\u2026","rel":"","context":"With 1 comment","block_context":{"text":"With 1 comment","link":"https:\/\/puuhamari.fi\/?product=fusion-varikartta#comments"},"img":{"alt_text":"","src":"https:\/\/i0.wp.com\/puuhamari.fi\/wp-content\/uploads\/2022\/04\/2024-Varikartta-1-b-scaled.jpg?fit=1200%2C1200&ssl=1&resize=350%2C200","width":350,"height":200,"srcset":"https:\/\/i0.wp.com\/puuhamari.fi\/wp-content\/uploads\/2022\/04\/2024-Varikartta-1-b-scaled.jpg?fit=1200%2C1200&ssl=1&resize=350%2C200 1x, https:\/\/i0.wp.com\/puuhamari.fi\/wp-content\/uploads\/2022\/04\/2024-Varikartta-1-b-scaled.jpg?fit=1200%2C1200&ssl=1&resize=525%2C300 1.5x, https:\/\/i0.wp.com\/puuhamari.fi\/wp-content\/uploads\/2022\/04\/2024-Varikartta-1-b-scaled.jpg?fit=1200%2C1200&ssl=1&resize=700%2C400 2x, https:\/\/i0.wp.com\/puuhamari.fi\/wp-content\/uploads\/2022\/04\/2024-Varikartta-1-b-scaled.jpg?fit=1200%2C1200&ssl=1&resize=1050%2C600 3x"},"classes":[]},{"id":11062,"url":"https:\/\/puuhamari.fi\/?product=violetit-lilat-malvat","url_meta":{"origin":9010,"position":1},"title":"Violetit, lilat, malvat","author":"PuuhaMari","date":"10 huhtikuun, 2026","format":false,"excerpt":"Kaikki s\u00e4vyvertailut ovat PuuhaMarin kokoamia, eiv\u00e4tk\u00e4 ne ole myynniss\u00e4. Ne on laadittu helpottamaan valintaa kahden toisiaan l\u00e4hell\u00e4 olevan v\u00e4rin v\u00e4lill\u00e4 silloin, kun et p\u00e4\u00e4se fyysisesti Putiikin verstasmyym\u00e4l\u00e4\u00e4n Porissa. HUOM: muista aina, ett\u00e4 digitaaliset kuvat eiv\u00e4t koskaan toista v\u00e4ris\u00e4vyj\u00e4 t\u00e4ysin totuudenmukaisina! (Sanallinen vertailukuvaus tulossa t\u00e4lle sivulle pian) T\u00e4ss\u00e4 suorat linkit kunkin\u2026","rel":"","context":"Samankaltainen artikkeli","block_context":{"text":"Samankaltainen artikkeli","link":""},"img":{"alt_text":"","src":"https:\/\/i0.wp.com\/puuhamari.fi\/wp-content\/uploads\/2026\/04\/8.png?fit=1200%2C1200&ssl=1&resize=350%2C200","width":350,"height":200,"srcset":"https:\/\/i0.wp.com\/puuhamari.fi\/wp-content\/uploads\/2026\/04\/8.png?fit=1200%2C1200&ssl=1&resize=350%2C200 1x, https:\/\/i0.wp.com\/puuhamari.fi\/wp-content\/uploads\/2026\/04\/8.png?fit=1200%2C1200&ssl=1&resize=525%2C300 1.5x, https:\/\/i0.wp.com\/puuhamari.fi\/wp-content\/uploads\/2026\/04\/8.png?fit=1200%2C1200&ssl=1&resize=700%2C400 2x, https:\/\/i0.wp.com\/puuhamari.fi\/wp-content\/uploads\/2026\/04\/8.png?fit=1200%2C1200&ssl=1&resize=1050%2C600 3x"},"classes":[]},{"id":9104,"url":"https:\/\/puuhamari.fi\/?product=2024-uutuudet","url_meta":{"origin":9010,"position":2},"title":"2024 uutuudet","author":"PuuhaMari","date":"23 lokakuun, 2024","format":false,"excerpt":"Kaikki s\u00e4vyvertailut ovat PuuhaMarin kokoamia, eiv\u00e4tk\u00e4 ne ole myynniss\u00e4. Ne on laadittu helpottamaan valintaa kahden toisiaan l\u00e4hell\u00e4 olevan v\u00e4rin v\u00e4lill\u00e4 silloin, kun et p\u00e4\u00e4se fyysisesti Putiikin verstasmyym\u00e4l\u00e4\u00e4n Porissa. Samat s\u00e4vyt on aseteltu sek\u00e4 valkoiselle, ett\u00e4 mustalle pohjalle. T\u00e4ll\u00e4 tavoin sinun on helpompi n\u00e4hd\u00e4 mieless\u00e4si, miten n\u00e4iden v\u00e4rien luonne riippuu hieman\u2026","rel":"","context":"Samankaltainen artikkeli","block_context":{"text":"Samankaltainen artikkeli","link":""},"img":{"alt_text":"","src":"https:\/\/i0.wp.com\/puuhamari.fi\/wp-content\/uploads\/2024\/10\/Fusion-2024-valk-tausta.png?fit=940%2C788&ssl=1&resize=350%2C200","width":350,"height":200,"srcset":"https:\/\/i0.wp.com\/puuhamari.fi\/wp-content\/uploads\/2024\/10\/Fusion-2024-valk-tausta.png?fit=940%2C788&ssl=1&resize=350%2C200 1x, https:\/\/i0.wp.com\/puuhamari.fi\/wp-content\/uploads\/2024\/10\/Fusion-2024-valk-tausta.png?fit=940%2C788&ssl=1&resize=525%2C300 1.5x, https:\/\/i0.wp.com\/puuhamari.fi\/wp-content\/uploads\/2024\/10\/Fusion-2024-valk-tausta.png?fit=940%2C788&ssl=1&resize=700%2C400 2x"},"classes":[]}],"_links":{"self":[{"href":"https:\/\/puuhamari.fi\/index.php?rest_route=\/wp\/v2\/product\/9010","targetHints":{"allow":["GET"]}}],"collection":[{"href":"https:\/\/puuhamari.fi\/index.php?rest_route=\/wp\/v2\/product"}],"about":[{"href":"https:\/\/puuhamari.fi\/index.php?rest_route=\/wp\/v2\/types\/product"}],"replies":[{"embeddable":true,"href":"https:\/\/puuhamari.fi\/index.php?rest_route=%2Fwp%2Fv2%2Fcomments&post=9010"}],"version-history":[{"count":8,"href":"https:\/\/puuhamari.fi\/index.php?rest_route=\/wp\/v2\/product\/9010\/revisions"}],"predecessor-version":[{"id":10109,"href":"https:\/\/puuhamari.fi\/index.php?rest_route=\/wp\/v2\/product\/9010\/revisions\/10109"}],"wp:featuredmedia":[{"embeddable":true,"href":"https:\/\/puuhamari.fi\/index.php?rest_route=\/wp\/v2\/media\/9015"}],"wp:attachment":[{"href":"https:\/\/puuhamari.fi\/index.php?rest_route=%2Fwp%2Fv2%2Fmedia&parent=9010"}],"wp:term":[{"taxonomy":"product_brand","embeddable":true,"href":"https:\/\/puuhamari.fi\/index.php?rest_route=%2Fwp%2Fv2%2Fproduct_brand&post=9010"},{"taxonomy":"product_cat","embeddable":true,"href":"https:\/\/puuhamari.fi\/index.php?rest_route=%2Fwp%2Fv2%2Fproduct_cat&post=9010"},{"taxonomy":"product_tag","embeddable":true,"href":"https:\/\/puuhamari.fi\/index.php?rest_route=%2Fwp%2Fv2%2Fproduct_tag&post=9010"}],"curies":[{"name":"wp","href":"https:\/\/api.w.org\/{rel}","templated":true}]}}