{"id":9018,"date":"2024-10-02T21:37:20","date_gmt":"2024-10-02T18:37:20","guid":{"rendered":"https:\/\/puuhamari.fi\/?post_type=product&#038;p=9018"},"modified":"2026-04-15T18:32:59","modified_gmt":"2026-04-15T15:32:59","slug":"tapestry","status":"publish","type":"product","link":"https:\/\/puuhamari.fi\/?product=tapestry","title":{"rendered":"Tapestry"},"content":{"rendered":"<p>Fusion\u2122 maalien kuvaus: <a href=\"https:\/\/puuhamari.fi\/?p=5842\" target=\"_blank\" rel=\"noopener\">lue t\u00e4\u00e4lt\u00e4.<\/a><\/p>\n","protected":false},"excerpt":{"rendered":"<p><em style=\"font-family: var(--global-body-font-family);\">Nimi viittaa kudelmaan, esim. gobeliini tai jokin sein\u00e4vaate.<\/em><\/p>\n<p>Klassiseen beigeen on t\u00e4ss\u00e4 lis\u00e4tty pieni ripaus vihre\u00e4\u00e4. Tuloksena elegantti, pehme\u00e4 ja neutraali s\u00e4vy, joka sopeutuu luontevasti moniin eri ymp\u00e4rist\u00f6ihin. Modernilla twistill\u00e4 varustetun ajattoman v\u00e4ris\u00e4vyn avulla luot tilaan kuin tilaan rentoa kauneutta.<\/p>\n","protected":false},"author":1,"featured_media":9023,"comment_status":"open","ping_status":"closed","template":"","meta":{"advgb_blocks_editor_width":"","advgb_blocks_columns_visual_guide":"","advanced_seo_description":"","jetpack_seo_html_title":"","jetpack_seo_noindex":false,"_kad_post_transparent":"default","_kad_post_title":"","_kad_post_layout":"default","_kad_post_sidebar_id":"","_kad_post_content_style":"default","_kad_post_vertical_padding":"default","_kad_post_feature":"","_kad_post_feature_position":"","_kad_post_header":false,"_kad_post_footer":false,"_kad_post_classname":"","jetpack_post_was_ever_published":false},"product_brand":[],"product_cat":[309],"product_tag":[1221,450,509,1274,1275,508,464,208],"class_list":{"0":"post-9018","1":"product","2":"type-product","3":"status-publish","4":"has-post-thumbnail","6":"product_cat-fusion-mineraalimaalit","7":"product_tag-beige","8":"product_tag-fusion","9":"product_tag-fusion-mineral-paint","10":"product_tag-kalustemaali","11":"product_tag-maali","12":"product_tag-mineraalimaali","13":"product_tag-neutraali","14":"product_tag-vihrea","16":"first","17":"instock","18":"taxable","19":"shipping-taxable","20":"purchasable","21":"product-type-variable","22":"entry","23":"content-bg","24":"loop-entry"},"featured_img":"https:\/\/puuhamari.fi\/wp-content\/uploads\/2024\/10\/T1TAPESTRYTEXT-b-scaled.jpg","coauthors":[],"author_meta":{"author_link":"https:\/\/puuhamari.fi\/?author=1","display_name":"PuuhaMari"},"relative_dates":{"created":"Julkaistu 2 vuotta sitten","modified":"P\u00e4ivitetty 5 p\u00e4iv\u00e4\u00e4 sitten"},"absolute_dates":{"created":"Julkaistu 2 lokakuun, 2024","modified":"P\u00e4ivitetty 15 huhtikuun, 2026"},"absolute_dates_time":{"created":"Julkaistu 2 lokakuun, 2024 9:37 pm","modified":"P\u00e4ivitetty 15 huhtikuun, 2026 6:32 pm"},"featured_img_caption":"Fusion Mineral Paint","tax_additional":{"product_brand":{"linked":[],"unlinked":[],"slug":"product_brand","name":"Br\u00e4ndit"},"product_type":{"linked":["<a href=\"https:\/\/puuhamari.fi\/?taxonomy=product_type&#038;term=variable\" class=\"advgb-post-tax-term\">variable<\/a>"],"unlinked":["<span class=\"advgb-post-tax-term\">variable<\/span>"],"slug":"product_type","name":"Tuotetyyppi"},"product_visibility":{"linked":["<a href=\"https:\/\/puuhamari.fi\/?taxonomy=product_visibility&#038;term=rated-5\" class=\"advgb-post-tax-term\">rated-5<\/a>"],"unlinked":["<span class=\"advgb-post-tax-term\">rated-5<\/span>"],"slug":"product_visibility","name":"Tuotteen n\u00e4kyvyys"},"product_cat":{"linked":["<a href=\"https:\/\/puuhamari.fi\/?product_cat=fusion-mineraalimaalit\" class=\"advgb-post-tax-term\">Fusion mineraalimaalit<\/a>"],"unlinked":["<span class=\"advgb-post-tax-term\">Fusion mineraalimaalit<\/span>"],"slug":"product_cat","name":"Osastot"},"product_tag":{"linked":["<a href=\"https:\/\/puuhamari.fi\/?product_tag=beige\" class=\"advgb-post-tax-term\">Beige<\/a>","<a href=\"https:\/\/puuhamari.fi\/?product_tag=fusion\" class=\"advgb-post-tax-term\">Fusion<\/a>","<a href=\"https:\/\/puuhamari.fi\/?product_tag=fusion-mineral-paint\" class=\"advgb-post-tax-term\">Fusion Mineral Paint<\/a>","<a href=\"https:\/\/puuhamari.fi\/?product_tag=kalustemaali\" class=\"advgb-post-tax-term\">kalustemaali<\/a>","<a href=\"https:\/\/puuhamari.fi\/?product_tag=maali\" class=\"advgb-post-tax-term\">maali<\/a>","<a href=\"https:\/\/puuhamari.fi\/?product_tag=mineraalimaali\" class=\"advgb-post-tax-term\">Mineraalimaali<\/a>","<a href=\"https:\/\/puuhamari.fi\/?product_tag=neutraali\" class=\"advgb-post-tax-term\">neutraali<\/a>","<a href=\"https:\/\/puuhamari.fi\/?product_tag=vihrea\" class=\"advgb-post-tax-term\">vihre\u00e4<\/a>"],"unlinked":["<span class=\"advgb-post-tax-term\">Beige<\/span>","<span class=\"advgb-post-tax-term\">Fusion<\/span>","<span class=\"advgb-post-tax-term\">Fusion Mineral Paint<\/span>","<span class=\"advgb-post-tax-term\">kalustemaali<\/span>","<span class=\"advgb-post-tax-term\">maali<\/span>","<span class=\"advgb-post-tax-term\">Mineraalimaali<\/span>","<span class=\"advgb-post-tax-term\">neutraali<\/span>","<span class=\"advgb-post-tax-term\">vihre\u00e4<\/span>"],"slug":"product_tag","name":"Avainsanat tuotteelle"},"product_shipping_class":{"linked":[],"unlinked":[],"slug":"product_shipping_class","name":"Tuotteen toimitusluokat"},"pos_product_visibility":{"linked":[],"unlinked":[],"slug":"pos_product_visibility","name":"POS Product visibility"},"pa_arkin-koko":{"linked":[],"unlinked":[],"slug":"pa_arkin-koko","name":"Tuote Arkin koko"},"pa_hiomatyynyn-karkeus":{"linked":[],"unlinked":[],"slug":"pa_hiomatyynyn-karkeus","name":"Tuote Hiomatyynyn karkeus"},"pa_kehys":{"linked":[],"unlinked":[],"slug":"pa_kehys","name":"Tuote Kehys"},"pa_kuvion-nro":{"linked":[],"unlinked":[],"slug":"pa_kuvion-nro","name":"Tuote Kuvion nro"},"pa_littean-pensselin-koko":{"linked":[],"unlinked":[],"slug":"pa_littean-pensselin-koko","name":"Tuote Litte\u00e4n pensselin koko"},"pa_maalivari":{"linked":[],"unlinked":[],"slug":"pa_maalivari","name":"Tuote Maaliv\u00e4ri"},"pa_palatapettien-lkm":{"linked":[],"unlinked":[],"slug":"pa_palatapettien-lkm","name":"Tuote Palatapettien lkm"},"pa_purkin-koko":{"linked":["<a href=\"https:\/\/puuhamari.fi\/?taxonomy=pa_purkin-koko&#038;term=37-ml\" class=\"advgb-post-tax-term\">37 ml<\/a>","<a href=\"https:\/\/puuhamari.fi\/?taxonomy=pa_purkin-koko&#038;term=500-ml\" class=\"advgb-post-tax-term\">500 ml<\/a>"],"unlinked":["<span class=\"advgb-post-tax-term\">37 ml<\/span>","<span class=\"advgb-post-tax-term\">500 ml<\/span>"],"slug":"pa_purkin-koko","name":"Tuote Purkin koko"},"pa_sapluunan-koko":{"linked":[],"unlinked":[],"slug":"pa_sapluunan-koko","name":"Tuote Sapluunan koko"},"pa_tabletti":{"linked":[],"unlinked":[],"slug":"pa_tabletti","name":"Tuote Tabletti"},"pa_valitse-sisalto":{"linked":[],"unlinked":[],"slug":"pa_valitse-sisalto","name":"Tuote Valitse sis\u00e4lt\u00f6"},"pa_varjostin":{"linked":[],"unlinked":[],"slug":"pa_varjostin","name":"Tuote Varjostin"}},"series_order":"","jetpack_sharing_enabled":true,"jetpack_likes_enabled":true,"jetpack-related-posts":[{"id":2773,"url":"https:\/\/puuhamari.fi\/?product=little-whale","url_meta":{"origin":9018,"position":0},"title":"Little Whale","author":"PuuhaMari","date":"2 maaliskuun, 2022","format":false,"excerpt":"Ihanan seesteinen vaaleansinisen s\u00e4vy, joka tyynnytt\u00e4\u00e4 ja rauhoittaa tilan kuin tilan. K\u00e4yt\u00e4 sit\u00e4 suuriin kalusteisiin kuten vaikka s\u00e4nkyyn tai lipastoon\/piironkiin tuodaksesi kotiisi levollista tunnelmaa.","rel":"","context":"Samankaltainen artikkeli","block_context":{"text":"Samankaltainen artikkeli","link":""},"img":{"alt_text":"","src":"https:\/\/i0.wp.com\/puuhamari.fi\/wp-content\/uploads\/2022\/03\/Fusion_Mineral_Paint_Little_Whale_pint-b-scaled.jpg?fit=1200%2C1200&ssl=1&resize=350%2C200","width":350,"height":200,"srcset":"https:\/\/i0.wp.com\/puuhamari.fi\/wp-content\/uploads\/2022\/03\/Fusion_Mineral_Paint_Little_Whale_pint-b-scaled.jpg?fit=1200%2C1200&ssl=1&resize=350%2C200 1x, https:\/\/i0.wp.com\/puuhamari.fi\/wp-content\/uploads\/2022\/03\/Fusion_Mineral_Paint_Little_Whale_pint-b-scaled.jpg?fit=1200%2C1200&ssl=1&resize=525%2C300 1.5x, https:\/\/i0.wp.com\/puuhamari.fi\/wp-content\/uploads\/2022\/03\/Fusion_Mineral_Paint_Little_Whale_pint-b-scaled.jpg?fit=1200%2C1200&ssl=1&resize=700%2C400 2x, https:\/\/i0.wp.com\/puuhamari.fi\/wp-content\/uploads\/2022\/03\/Fusion_Mineral_Paint_Little_Whale_pint-b-scaled.jpg?fit=1200%2C1200&ssl=1&resize=1050%2C600 3x"},"classes":[]},{"id":9026,"url":"https:\/\/puuhamari.fi\/?product=velvet-plum","url_meta":{"origin":9018,"position":1},"title":"Velvet Plum","author":"PuuhaMari","date":"2 lokakuun, 2024","format":false,"excerpt":"Nimi tarkoittaa samettista luumua. Kuninkaallinen violetti sinulle, joka haluat tehd\u00e4 vaikutuksen \u2013 v\u00e4litt\u00f6m\u00e4sti! T\u00e4m\u00e4 voimakas sinipunainen s\u00e4vy tuo m\u00e4\u00e4r\u00e4tietoista energiaa tilaan kuin tilaan, oli sitten kyse kodista tai yritystilasta. Se uhkuu itsevarmuutta ja hienostuneisuutta, ollen t\u00e4ydellinen valinta sinne miss\u00e4 halutaan syleill\u00e4 el\u00e4m\u00e4\u00e4 sykkivi\u00e4 v\u00e4rej\u00e4. (Pssst: Sopii muuten hurjan hyvin yhteen\u2026","rel":"","context":"With 1 comment","block_context":{"text":"With 1 comment","link":"https:\/\/puuhamari.fi\/?product=velvet-plum#comments"},"img":{"alt_text":"","src":"https:\/\/i0.wp.com\/puuhamari.fi\/wp-content\/uploads\/2024\/10\/T1VELVETPLUMTEXT-b-scaled.jpg?fit=1200%2C1200&ssl=1&resize=350%2C200","width":350,"height":200,"srcset":"https:\/\/i0.wp.com\/puuhamari.fi\/wp-content\/uploads\/2024\/10\/T1VELVETPLUMTEXT-b-scaled.jpg?fit=1200%2C1200&ssl=1&resize=350%2C200 1x, https:\/\/i0.wp.com\/puuhamari.fi\/wp-content\/uploads\/2024\/10\/T1VELVETPLUMTEXT-b-scaled.jpg?fit=1200%2C1200&ssl=1&resize=525%2C300 1.5x, https:\/\/i0.wp.com\/puuhamari.fi\/wp-content\/uploads\/2024\/10\/T1VELVETPLUMTEXT-b-scaled.jpg?fit=1200%2C1200&ssl=1&resize=700%2C400 2x, https:\/\/i0.wp.com\/puuhamari.fi\/wp-content\/uploads\/2024\/10\/T1VELVETPLUMTEXT-b-scaled.jpg?fit=1200%2C1200&ssl=1&resize=1050%2C600 3x"},"classes":[]},{"id":4377,"url":"https:\/\/puuhamari.fi\/?product=willowbank","url_meta":{"origin":9018,"position":2},"title":"Willowbank","author":"PuuhaMari","date":"18 hein\u00e4kuun, 2022","format":false,"excerpt":"Klassiseen laivastonsiniseen on lis\u00e4tty ripaus eloisaa persoonallisuutta. Se tuo mihin tahansa tilaan vaivattomasti lis\u00e4energiaa.","rel":"","context":"Samankaltainen artikkeli","block_context":{"text":"Samankaltainen artikkeli","link":""},"img":{"alt_text":"","src":"https:\/\/i0.wp.com\/puuhamari.fi\/wp-content\/uploads\/2022\/07\/fusion_mineral_paint-willowbank-pint-b.jpg?fit=1200%2C1200&ssl=1&resize=350%2C200","width":350,"height":200,"srcset":"https:\/\/i0.wp.com\/puuhamari.fi\/wp-content\/uploads\/2022\/07\/fusion_mineral_paint-willowbank-pint-b.jpg?fit=1200%2C1200&ssl=1&resize=350%2C200 1x, https:\/\/i0.wp.com\/puuhamari.fi\/wp-content\/uploads\/2022\/07\/fusion_mineral_paint-willowbank-pint-b.jpg?fit=1200%2C1200&ssl=1&resize=525%2C300 1.5x, https:\/\/i0.wp.com\/puuhamari.fi\/wp-content\/uploads\/2022\/07\/fusion_mineral_paint-willowbank-pint-b.jpg?fit=1200%2C1200&ssl=1&resize=700%2C400 2x, https:\/\/i0.wp.com\/puuhamari.fi\/wp-content\/uploads\/2022\/07\/fusion_mineral_paint-willowbank-pint-b.jpg?fit=1200%2C1200&ssl=1&resize=1050%2C600 3x"},"classes":[]},{"id":2497,"url":"https:\/\/puuhamari.fi\/?product=rose-water","url_meta":{"origin":9018,"position":3},"title":"Rose Water","author":"PuuhaMari","date":"21 helmikuun, 2022","format":false,"excerpt":"Kuivakukka-asetelmasta pudonneiden ruusun ter\u00e4lehtien inspiroima neutraali vaaleanpunainen. Hienostuneen herkk\u00e4, tai moderni -\u00a0 tyylik\u00e4s miss\u00e4 tahansa\u00a0 kotisi tilassa!","rel":"","context":"With 2 comments","block_context":{"text":"With 2 comments","link":"https:\/\/puuhamari.fi\/?product=rose-water#comments"},"img":{"alt_text":"","src":"https:\/\/i0.wp.com\/puuhamari.fi\/wp-content\/uploads\/2022\/02\/002-Fusion_Mineral_Paint_Rose_Water_Flatlay_Instagram_HR_210527_1165-Edit21-scaled.jpg?fit=1200%2C1200&ssl=1&resize=350%2C200","width":350,"height":200,"srcset":"https:\/\/i0.wp.com\/puuhamari.fi\/wp-content\/uploads\/2022\/02\/002-Fusion_Mineral_Paint_Rose_Water_Flatlay_Instagram_HR_210527_1165-Edit21-scaled.jpg?fit=1200%2C1200&ssl=1&resize=350%2C200 1x, https:\/\/i0.wp.com\/puuhamari.fi\/wp-content\/uploads\/2022\/02\/002-Fusion_Mineral_Paint_Rose_Water_Flatlay_Instagram_HR_210527_1165-Edit21-scaled.jpg?fit=1200%2C1200&ssl=1&resize=525%2C300 1.5x, https:\/\/i0.wp.com\/puuhamari.fi\/wp-content\/uploads\/2022\/02\/002-Fusion_Mineral_Paint_Rose_Water_Flatlay_Instagram_HR_210527_1165-Edit21-scaled.jpg?fit=1200%2C1200&ssl=1&resize=700%2C400 2x, https:\/\/i0.wp.com\/puuhamari.fi\/wp-content\/uploads\/2022\/02\/002-Fusion_Mineral_Paint_Rose_Water_Flatlay_Instagram_HR_210527_1165-Edit21-scaled.jpg?fit=1200%2C1200&ssl=1&resize=1050%2C600 3x"},"classes":[]},{"id":4365,"url":"https:\/\/puuhamari.fi\/?product=conservatory","url_meta":{"origin":9018,"position":4},"title":"Conservatory","author":"PuuhaMari","date":"18 hein\u00e4kuun, 2022","format":false,"excerpt":"Kuten sen nimikin viittaa, t\u00e4m\u00e4 raikas keskivihre\u00e4 s\u00e4vy on ylitsevuotavan runsas \u2013 kuin luonto\u00e4iti itse. T\u00e4ss\u00e4 sinulle v\u00e4ri joka on yht\u00e4 aikaa sek\u00e4 klassinen ett\u00e4 inspiroiva v\u00e4rinpirskahdus mihin tahansa tilaan.","rel":"","context":"Samankaltainen artikkeli","block_context":{"text":"Samankaltainen artikkeli","link":""},"img":{"alt_text":"","src":"https:\/\/i0.wp.com\/puuhamari.fi\/wp-content\/uploads\/2022\/07\/fusion_mineral_paint-conservatory-pint-b.jpg?fit=1200%2C1200&ssl=1&resize=350%2C200","width":350,"height":200,"srcset":"https:\/\/i0.wp.com\/puuhamari.fi\/wp-content\/uploads\/2022\/07\/fusion_mineral_paint-conservatory-pint-b.jpg?fit=1200%2C1200&ssl=1&resize=350%2C200 1x, https:\/\/i0.wp.com\/puuhamari.fi\/wp-content\/uploads\/2022\/07\/fusion_mineral_paint-conservatory-pint-b.jpg?fit=1200%2C1200&ssl=1&resize=525%2C300 1.5x, https:\/\/i0.wp.com\/puuhamari.fi\/wp-content\/uploads\/2022\/07\/fusion_mineral_paint-conservatory-pint-b.jpg?fit=1200%2C1200&ssl=1&resize=700%2C400 2x, https:\/\/i0.wp.com\/puuhamari.fi\/wp-content\/uploads\/2022\/07\/fusion_mineral_paint-conservatory-pint-b.jpg?fit=1200%2C1200&ssl=1&resize=1050%2C600 3x"},"classes":[]},{"id":4450,"url":"https:\/\/puuhamari.fi\/?product=paketin-uudelleenpostitus","url_meta":{"origin":9018,"position":5},"title":"Paketin uudelleenpostitus","author":"PuuhaMari","date":"4 tammikuun, 2022","format":false,"excerpt":"K\u00e4vik\u00f6 niin, ett\u00e4 syyst\u00e4 tai toisesta et hakenutkaan tilaamaasi pakettia ajoissa Postista\/Matkahuollosta, ja se palautui takaisin PuuhaMarille? Ei h\u00e4t\u00e4\u00e4: valitse t\u00e4m\u00e4 8,90 euron arvoinen \"tuote\" ainoaksi ostokseksi ostoskoriisi. Se kattaa kulut, jotka Posti\/Matkahuolto on veloittanut Marilta pakettisi palautuskuljetuksesta. Kassalla siihen lis\u00e4t\u00e4\u00e4n automaattinen postikulu, joka puolestaan kattaa pakettisi uudelleenl\u00e4hetyksen sinulle. HUOM!\u2026","rel":"","context":"Samankaltainen artikkeli","block_context":{"text":"Samankaltainen artikkeli","link":""},"img":{"alt_text":"","src":"https:\/\/i0.wp.com\/puuhamari.fi\/wp-content\/uploads\/2022\/08\/IMG-20220804-WA0002.jpg?fit=398%2C398&ssl=1&resize=350%2C200","width":350,"height":200},"classes":[]}],"_links":{"self":[{"href":"https:\/\/puuhamari.fi\/index.php?rest_route=\/wp\/v2\/product\/9018","targetHints":{"allow":["GET"]}}],"collection":[{"href":"https:\/\/puuhamari.fi\/index.php?rest_route=\/wp\/v2\/product"}],"about":[{"href":"https:\/\/puuhamari.fi\/index.php?rest_route=\/wp\/v2\/types\/product"}],"replies":[{"embeddable":true,"href":"https:\/\/puuhamari.fi\/index.php?rest_route=%2Fwp%2Fv2%2Fcomments&post=9018"}],"version-history":[{"count":11,"href":"https:\/\/puuhamari.fi\/index.php?rest_route=\/wp\/v2\/product\/9018\/revisions"}],"predecessor-version":[{"id":10108,"href":"https:\/\/puuhamari.fi\/index.php?rest_route=\/wp\/v2\/product\/9018\/revisions\/10108"}],"wp:featuredmedia":[{"embeddable":true,"href":"https:\/\/puuhamari.fi\/index.php?rest_route=\/wp\/v2\/media\/9023"}],"wp:attachment":[{"href":"https:\/\/puuhamari.fi\/index.php?rest_route=%2Fwp%2Fv2%2Fmedia&parent=9018"}],"wp:term":[{"taxonomy":"product_brand","embeddable":true,"href":"https:\/\/puuhamari.fi\/index.php?rest_route=%2Fwp%2Fv2%2Fproduct_brand&post=9018"},{"taxonomy":"product_cat","embeddable":true,"href":"https:\/\/puuhamari.fi\/index.php?rest_route=%2Fwp%2Fv2%2Fproduct_cat&post=9018"},{"taxonomy":"product_tag","embeddable":true,"href":"https:\/\/puuhamari.fi\/index.php?rest_route=%2Fwp%2Fv2%2Fproduct_tag&post=9018"}],"curies":[{"name":"wp","href":"https:\/\/api.w.org\/{rel}","templated":true}]}}