{"id":9126,"date":"2024-10-24T19:54:28","date_gmt":"2024-10-24T16:54:28","guid":{"rendered":"https:\/\/puuhamari.fi\/?post_type=product&#038;p=9126"},"modified":"2025-09-05T04:24:08","modified_gmt":"2025-09-05T01:24:08","slug":"kynttilanjalka-uusi","status":"publish","type":"product","link":"https:\/\/puuhamari.fi\/?product=kynttilanjalka-uusi","title":{"rendered":"Kynttil\u00e4njalka &#8211; uusi"},"content":{"rendered":"","protected":false},"excerpt":{"rendered":"<p>Tukeva, kauniskaarteinen perusjalka yhdelle pitk\u00e4lle (esim. kruunu-) kynttil\u00e4lle. Mukavan pieni projekti kiireiselle tuunaajalle tai vasta-alkajalle. Maalaa joko yksiv\u00e4riseksi, tai iloittele shakki-\/salmiakkiruuduilla, kulta-\/hopeamaalilla, raidoilla, palloilla&#8230;<\/p>\n<p>Tai hei: leikkaa sopivan pieni(\u00e4) os(i)a &#8211; pupuja, kettuja, lehvi\u00e4 tms. &#8211; jostain PuuhaMarin verkkokaupan <a href=\"https:\/\/puuhamari.fi\/?product_cat=verkkosapluunat\">verkkosapluunasta,<\/a> ja koristele jalka niill\u00e4!!!<\/p>\n<p>Korkeus: 16,5 cm<br \/>\nAlaosan leveys: 5,5 cm<\/p>\n","protected":false},"author":1,"featured_media":9110,"comment_status":"open","ping_status":"closed","template":"","meta":{"advgb_blocks_editor_width":"","advgb_blocks_columns_visual_guide":"","advanced_seo_description":"","jetpack_seo_html_title":"","jetpack_seo_noindex":false,"_kad_post_transparent":"default","_kad_post_title":"","_kad_post_layout":"default","_kad_post_sidebar_id":"","_kad_post_content_style":"default","_kad_post_vertical_padding":"default","_kad_post_feature":"","_kad_post_feature_position":"","_kad_post_header":false,"_kad_post_footer":false,"_kad_post_classname":"","jetpack_post_was_ever_published":false},"product_brand":[],"product_cat":[579],"product_tag":[894,1235,1236,917,1237],"class_list":{"0":"post-9126","1":"product","2":"type-product","3":"status-publish","4":"has-post-thumbnail","6":"product_cat-tuunattavaa","7":"product_tag-koriste","8":"product_tag-kynttila","9":"product_tag-kynttilanjalka","10":"product_tag-sisustus","11":"product_tag-tuunaa","13":"first","14":"instock","15":"taxable","16":"shipping-taxable","17":"purchasable","18":"product-type-simple","19":"entry","20":"content-bg","21":"loop-entry"},"featured_img":"https:\/\/puuhamari.fi\/wp-content\/uploads\/2024\/10\/Candle-Holder.png","coauthors":[],"author_meta":{"author_link":"https:\/\/puuhamari.fi\/?author=1","display_name":"PuuhaMari"},"relative_dates":{"created":"Julkaistu 1 vuosi sitten","modified":"P\u00e4ivitetty 8 kuukautta sitten"},"absolute_dates":{"created":"Julkaistu 24 lokakuun, 2024","modified":"P\u00e4ivitetty 5 syyskuun, 2025"},"absolute_dates_time":{"created":"Julkaistu 24 lokakuun, 2024 7:54 pm","modified":"P\u00e4ivitetty 5 syyskuun, 2025 4:24 am"},"featured_img_caption":"","tax_additional":{"product_brand":{"linked":[],"unlinked":[],"slug":"product_brand","name":"Br\u00e4ndit"},"product_type":{"linked":["<a href=\"https:\/\/puuhamari.fi\/?taxonomy=product_type&#038;term=simple\" class=\"advgb-post-tax-term\">simple<\/a>"],"unlinked":["<span class=\"advgb-post-tax-term\">simple<\/span>"],"slug":"product_type","name":"Tuotetyyppi"},"product_visibility":{"linked":[],"unlinked":[],"slug":"product_visibility","name":"Tuotteen n\u00e4kyvyys"},"product_cat":{"linked":["<a href=\"https:\/\/puuhamari.fi\/?product_cat=tuunattavaa\" class=\"advgb-post-tax-term\">Tuunattavaa<\/a>"],"unlinked":["<span class=\"advgb-post-tax-term\">Tuunattavaa<\/span>"],"slug":"product_cat","name":"Osastot"},"product_tag":{"linked":["<a href=\"https:\/\/puuhamari.fi\/?product_tag=koriste\" class=\"advgb-post-tax-term\">koriste<\/a>","<a href=\"https:\/\/puuhamari.fi\/?product_tag=kynttila\" class=\"advgb-post-tax-term\">kynttil\u00e4<\/a>","<a href=\"https:\/\/puuhamari.fi\/?product_tag=kynttilanjalka\" class=\"advgb-post-tax-term\">kynttil\u00e4njalka<\/a>","<a href=\"https:\/\/puuhamari.fi\/?product_tag=sisustus\" class=\"advgb-post-tax-term\">sisustus<\/a>","<a href=\"https:\/\/puuhamari.fi\/?product_tag=tuunaa\" class=\"advgb-post-tax-term\">tuunaa<\/a>"],"unlinked":["<span class=\"advgb-post-tax-term\">koriste<\/span>","<span class=\"advgb-post-tax-term\">kynttil\u00e4<\/span>","<span class=\"advgb-post-tax-term\">kynttil\u00e4njalka<\/span>","<span class=\"advgb-post-tax-term\">sisustus<\/span>","<span class=\"advgb-post-tax-term\">tuunaa<\/span>"],"slug":"product_tag","name":"Avainsanat tuotteelle"},"product_shipping_class":{"linked":[],"unlinked":[],"slug":"product_shipping_class","name":"Tuotteen toimitusluokat"},"pos_product_visibility":{"linked":[],"unlinked":[],"slug":"pos_product_visibility","name":"POS Product visibility"},"pa_arkin-koko":{"linked":[],"unlinked":[],"slug":"pa_arkin-koko","name":"Tuote Arkin koko"},"pa_hiomatyynyn-karkeus":{"linked":[],"unlinked":[],"slug":"pa_hiomatyynyn-karkeus","name":"Tuote Hiomatyynyn karkeus"},"pa_kehys":{"linked":[],"unlinked":[],"slug":"pa_kehys","name":"Tuote Kehys"},"pa_kuvion-nro":{"linked":[],"unlinked":[],"slug":"pa_kuvion-nro","name":"Tuote Kuvion nro"},"pa_littean-pensselin-koko":{"linked":[],"unlinked":[],"slug":"pa_littean-pensselin-koko","name":"Tuote Litte\u00e4n pensselin koko"},"pa_maalivari":{"linked":[],"unlinked":[],"slug":"pa_maalivari","name":"Tuote Maaliv\u00e4ri"},"pa_palatapettien-lkm":{"linked":[],"unlinked":[],"slug":"pa_palatapettien-lkm","name":"Tuote Palatapettien lkm"},"pa_purkin-koko":{"linked":[],"unlinked":[],"slug":"pa_purkin-koko","name":"Tuote Purkin koko"},"pa_sapluunan-koko":{"linked":[],"unlinked":[],"slug":"pa_sapluunan-koko","name":"Tuote Sapluunan koko"},"pa_tabletti":{"linked":[],"unlinked":[],"slug":"pa_tabletti","name":"Tuote Tabletti"},"pa_valitse-sisalto":{"linked":[],"unlinked":[],"slug":"pa_valitse-sisalto","name":"Tuote Valitse sis\u00e4lt\u00f6"},"pa_varjostin":{"linked":[],"unlinked":[],"slug":"pa_varjostin","name":"Tuote Varjostin"}},"series_order":"","jetpack_sharing_enabled":true,"jetpack_likes_enabled":true,"jetpack-related-posts":[{"id":9700,"url":"https:\/\/puuhamari.fi\/?product=bamburuukku-uusi","url_meta":{"origin":9126,"position":0},"title":"Bamburuukku &#8211; uusi","author":"PuuhaMari","date":"15 toukokuun, 2025","format":false,"excerpt":"T\u00e4t\u00e4 suojaruukkua tekee mieli hell\u00e4sti silitell\u00e4 ihan t\u00e4llaisenaan, niin sile\u00e4 sen pinta on.\u00a0 Ekoyst\u00e4v\u00e4llinen ruukku on valmistettu kest\u00e4v\u00e4st\u00e4 bambukuidusta, johon on sekoitettu pieni m\u00e4\u00e4r\u00e4 lis\u00e4lujuutta antavaa polymeerikuitua. Voidaan k\u00e4ytt\u00e4\u00e4 sis\u00e4ll\u00e4 ja ulkona. Pakkasenkest\u00e4vyys per\u00e4ti -21\u00ba C. Sopii siis eritt\u00e4in hyvin maalattaviksi Fusion Mineral Paint -maaleilla! Halkaisija: 15 cm Korkeus: 13,5\u2026","rel":"","context":"Samankaltainen artikkeli","block_context":{"text":"Samankaltainen artikkeli","link":""},"img":{"alt_text":"","src":"https:\/\/i0.wp.com\/puuhamari.fi\/wp-content\/uploads\/2025\/05\/Bamboo-flower-pot.png?fit=1080%2C1080&ssl=1&resize=350%2C200","width":350,"height":200,"srcset":"https:\/\/i0.wp.com\/puuhamari.fi\/wp-content\/uploads\/2025\/05\/Bamboo-flower-pot.png?fit=1080%2C1080&ssl=1&resize=350%2C200 1x, https:\/\/i0.wp.com\/puuhamari.fi\/wp-content\/uploads\/2025\/05\/Bamboo-flower-pot.png?fit=1080%2C1080&ssl=1&resize=525%2C300 1.5x, https:\/\/i0.wp.com\/puuhamari.fi\/wp-content\/uploads\/2025\/05\/Bamboo-flower-pot.png?fit=1080%2C1080&ssl=1&resize=700%2C400 2x, https:\/\/i0.wp.com\/puuhamari.fi\/wp-content\/uploads\/2025\/05\/Bamboo-flower-pot.png?fit=1080%2C1080&ssl=1&resize=1050%2C600 3x"},"classes":[]},{"id":5773,"url":"https:\/\/puuhamari.fi\/?product=kukkaruukut-3-kpl-uusi","url_meta":{"origin":9126,"position":1},"title":"Ruukut 3 kpl &#8211; uusi","author":"PuuhaMari","date":"1 toukokuun, 2023","format":false,"excerpt":"Puiset, sile\u00e4n kauniit ruukut hivelev\u00e4t silm\u00e4\u00e4 py\u00f6re\u00e4n pehmeill\u00e4 muodoillaan. Laita n\u00e4it\u00e4 ryhmiksi ikkunalaudoille, hyllyille, p\u00f6ydille tai parvekkeelle. Toimivat erinomaisesti mm. kyn\u00e4-\/toimistotarviketelinein\u00e4 tai apulaisinasi keitti\u00f6n p\u00f6yt\u00e4tasoilla! Jos tuunaat ne kukkaruukuiksi, niin huomaa ett\u00e4 ne soveltuvat l\u00e4hinn\u00e4 ns. ulkoruukuiksi. N\u00e4it\u00e4 on hurjan kivaa tuunata lahjaksikin: kerro silloin my\u00f6s lahjan saajalle ettei niit\u00e4\u2026","rel":"","context":"Samankaltainen artikkeli","block_context":{"text":"Samankaltainen artikkeli","link":""},"img":{"alt_text":"","src":"https:\/\/i0.wp.com\/puuhamari.fi\/wp-content\/uploads\/2023\/05\/Kukkaruukut-1.jpg?fit=900%2C900&ssl=1&resize=350%2C200","width":350,"height":200,"srcset":"https:\/\/i0.wp.com\/puuhamari.fi\/wp-content\/uploads\/2023\/05\/Kukkaruukut-1.jpg?fit=900%2C900&ssl=1&resize=350%2C200 1x, https:\/\/i0.wp.com\/puuhamari.fi\/wp-content\/uploads\/2023\/05\/Kukkaruukut-1.jpg?fit=900%2C900&ssl=1&resize=525%2C300 1.5x, https:\/\/i0.wp.com\/puuhamari.fi\/wp-content\/uploads\/2023\/05\/Kukkaruukut-1.jpg?fit=900%2C900&ssl=1&resize=700%2C400 2x"},"classes":[]},{"id":6881,"url":"https:\/\/puuhamari.fi\/?product=os-kahvipaahtimon-kyltti","url_meta":{"origin":9126,"position":2},"title":"OS &#8211; Kahvipaahtimon kyltti","author":"PuuhaMari","date":"23 elokuun, 2023","format":false,"excerpt":"Ihanaa tunnelmaa keitti\u00f6\u00f6n, patiolle, tarjottimeen, aamiaiskaappiin jne... Sapluunaa suunniteltaessa inspiraatio l\u00f6ytyi oikeasti vanhan, k\u00e4ytetyn kahvinkuljetuslaatikon kyljest\u00e4. Pakkaus sis\u00e4lt\u00e4\u00e4 kolme erillist\u00e4 sapluunanosaa: * pieni sapluuna(20 cm x 10 cm) * iso sapluuna (48 cm x 23 cm) * vaihtoehto sijainnille (48 cm x 4,5 cm) Esimerkkej\u00e4 kuvien\/tekstien koosta: Sana COFFEE =\u2026","rel":"","context":"Samankaltainen artikkeli","block_context":{"text":"Samankaltainen artikkeli","link":""},"img":{"alt_text":"","src":"https:\/\/i0.wp.com\/puuhamari.fi\/wp-content\/uploads\/2023\/08\/Sapluuna-b.png?fit=635%2C635&ssl=1&resize=350%2C200","width":350,"height":200,"srcset":"https:\/\/i0.wp.com\/puuhamari.fi\/wp-content\/uploads\/2023\/08\/Sapluuna-b.png?fit=635%2C635&ssl=1&resize=350%2C200 1x, https:\/\/i0.wp.com\/puuhamari.fi\/wp-content\/uploads\/2023\/08\/Sapluuna-b.png?fit=635%2C635&ssl=1&resize=525%2C300 1.5x"},"classes":[]},{"id":10687,"url":"https:\/\/puuhamari.fi\/?product=siirtokuva-floral-collection","url_meta":{"origin":9126,"position":3},"title":"Siirtokuva Floral Collection","author":"PuuhaMari","date":"25 helmikuun, 2026","format":false,"excerpt":"Luo rehev\u00e4n kukoistavia koristeluja kotiisi yhdistelem\u00e4ll\u00e4 t\u00e4m\u00e4n kukkakokoelman kuvia joko kesken\u00e4\u00e4n, tai mink\u00e4 tahansa kaapistasi l\u00f6ytyvien siirtokuvien kanssa. Voit kiinnitt\u00e4\u00e4 niit\u00e4 oviin, kalusteisiin, sisustusesineisiin, vihkoihin... Oikeastaan minne tahansa miss\u00e4 pinta on puhdas, kuiva ja tasainen! Kohdista kuva, hankaa sit\u00e4 p\u00e4\u00e4llipuolelta, ja ota irronnut kalvo pois - VALMIS. (Jos tuunauskohteesi on\u2026","rel":"","context":"Samankaltainen artikkeli","block_context":{"text":"Samankaltainen artikkeli","link":""},"img":{"alt_text":"","src":"https:\/\/i0.wp.com\/puuhamari.fi\/wp-content\/uploads\/2026\/02\/Floral-Collection-1-B.jpg?fit=896%2C895&ssl=1&resize=350%2C200","width":350,"height":200,"srcset":"https:\/\/i0.wp.com\/puuhamari.fi\/wp-content\/uploads\/2026\/02\/Floral-Collection-1-B.jpg?fit=896%2C895&ssl=1&resize=350%2C200 1x, https:\/\/i0.wp.com\/puuhamari.fi\/wp-content\/uploads\/2026\/02\/Floral-Collection-1-B.jpg?fit=896%2C895&ssl=1&resize=525%2C300 1.5x, https:\/\/i0.wp.com\/puuhamari.fi\/wp-content\/uploads\/2026\/02\/Floral-Collection-1-B.jpg?fit=896%2C895&ssl=1&resize=700%2C400 2x"},"classes":[]},{"id":3354,"url":"https:\/\/puuhamari.fi\/?product=leicester-esiliisteroity-palatapetti-paketti","url_meta":{"origin":9126,"position":4},"title":"&#8220;Leicester&#8221; esiliister\u00f6ity palatapetti (paketti)","author":"PuuhaMari","date":"13 toukokuun, 2022","format":false,"excerpt":"Alunperin leimasimilla painettavaksi suunniteltu (J. H. Dearle) tapettikuosi vuodelta 1912. \"Leicester\" her\u00e4tt\u00e4\u00e4 uudelleen henkiin keskiaikaisten, k\u00e4sin kirjoitettujen kirjojen upean kuvankoristeluperinteen. Kiitos siit\u00e4 kuuluu viktoriaanisen ajan (1837-1901) englantilaisille designereille (Morris & Co), joita gotiikan ajan j\u00e4lleenkukoistus suuresti inspiroi. Nyt se on PastedPaper:in ja lontoolaisen Victoria & Albert -museon yhteisty\u00f6n tuloksena saatavissa\u2026","rel":"","context":"Samankaltainen artikkeli","block_context":{"text":"Samankaltainen artikkeli","link":""},"img":{"alt_text":"","src":"https:\/\/i0.wp.com\/puuhamari.fi\/wp-content\/uploads\/2022\/05\/VA-Morris-Leicester-b.jpg?fit=1200%2C1150&ssl=1&resize=350%2C200","width":350,"height":200,"srcset":"https:\/\/i0.wp.com\/puuhamari.fi\/wp-content\/uploads\/2022\/05\/VA-Morris-Leicester-b.jpg?fit=1200%2C1150&ssl=1&resize=350%2C200 1x, https:\/\/i0.wp.com\/puuhamari.fi\/wp-content\/uploads\/2022\/05\/VA-Morris-Leicester-b.jpg?fit=1200%2C1150&ssl=1&resize=525%2C300 1.5x, https:\/\/i0.wp.com\/puuhamari.fi\/wp-content\/uploads\/2022\/05\/VA-Morris-Leicester-b.jpg?fit=1200%2C1150&ssl=1&resize=700%2C400 2x, https:\/\/i0.wp.com\/puuhamari.fi\/wp-content\/uploads\/2022\/05\/VA-Morris-Leicester-b.jpg?fit=1200%2C1150&ssl=1&resize=1050%2C600 3x"},"classes":[]},{"id":7149,"url":"https:\/\/puuhamari.fi\/?product=create-a-tag-verkkosapluuna-2-pack","url_meta":{"origin":9126,"position":5},"title":"Create a Tag &#8211; verkkosapluuna (2 pack)","author":"PuuhaMari","date":"6 syyskuun, 2023","format":false,"excerpt":"Kuvioi itse kauniit kortit lahjoihin, istumapaikkoihin, kukka-asetelmiin tai per\u00e4ti postissa l\u00e4hetett\u00e4v\u00e4ksi. Pakkauksessa kaksi erillist\u00e4 n. 21,5 cm x 14 cm kokoista sapluunaa. Korttien \"taustakuviot\" ovat n. 12 cm x 6 cm kokoisia, tekstikehys \"Happy Holidays\" n. 5,5 cm x 2 cm, ja lumiukko n. 8 cm x 6 cm. \ud83d\udca1\u2026","rel":"","context":"Samankaltainen artikkeli","block_context":{"text":"Samankaltainen artikkeli","link":""},"img":{"alt_text":"","src":"https:\/\/i0.wp.com\/puuhamari.fi\/wp-content\/uploads\/2023\/09\/1-b.png?fit=1200%2C1199&ssl=1&resize=350%2C200","width":350,"height":200,"srcset":"https:\/\/i0.wp.com\/puuhamari.fi\/wp-content\/uploads\/2023\/09\/1-b.png?fit=1200%2C1199&ssl=1&resize=350%2C200 1x, https:\/\/i0.wp.com\/puuhamari.fi\/wp-content\/uploads\/2023\/09\/1-b.png?fit=1200%2C1199&ssl=1&resize=525%2C300 1.5x, https:\/\/i0.wp.com\/puuhamari.fi\/wp-content\/uploads\/2023\/09\/1-b.png?fit=1200%2C1199&ssl=1&resize=700%2C400 2x, https:\/\/i0.wp.com\/puuhamari.fi\/wp-content\/uploads\/2023\/09\/1-b.png?fit=1200%2C1199&ssl=1&resize=1050%2C600 3x"},"classes":[]}],"_links":{"self":[{"href":"https:\/\/puuhamari.fi\/index.php?rest_route=\/wp\/v2\/product\/9126","targetHints":{"allow":["GET"]}}],"collection":[{"href":"https:\/\/puuhamari.fi\/index.php?rest_route=\/wp\/v2\/product"}],"about":[{"href":"https:\/\/puuhamari.fi\/index.php?rest_route=\/wp\/v2\/types\/product"}],"replies":[{"embeddable":true,"href":"https:\/\/puuhamari.fi\/index.php?rest_route=%2Fwp%2Fv2%2Fcomments&post=9126"}],"version-history":[{"count":1,"href":"https:\/\/puuhamari.fi\/index.php?rest_route=\/wp\/v2\/product\/9126\/revisions"}],"predecessor-version":[{"id":9127,"href":"https:\/\/puuhamari.fi\/index.php?rest_route=\/wp\/v2\/product\/9126\/revisions\/9127"}],"wp:featuredmedia":[{"embeddable":true,"href":"https:\/\/puuhamari.fi\/index.php?rest_route=\/wp\/v2\/media\/9110"}],"wp:attachment":[{"href":"https:\/\/puuhamari.fi\/index.php?rest_route=%2Fwp%2Fv2%2Fmedia&parent=9126"}],"wp:term":[{"taxonomy":"product_brand","embeddable":true,"href":"https:\/\/puuhamari.fi\/index.php?rest_route=%2Fwp%2Fv2%2Fproduct_brand&post=9126"},{"taxonomy":"product_cat","embeddable":true,"href":"https:\/\/puuhamari.fi\/index.php?rest_route=%2Fwp%2Fv2%2Fproduct_cat&post=9126"},{"taxonomy":"product_tag","embeddable":true,"href":"https:\/\/puuhamari.fi\/index.php?rest_route=%2Fwp%2Fv2%2Fproduct_tag&post=9126"}],"curies":[{"name":"wp","href":"https:\/\/api.w.org\/{rel}","templated":true}]}}