{"id":9128,"date":"2024-10-24T20:26:41","date_gmt":"2024-10-24T17:26:41","guid":{"rendered":"https:\/\/puuhamari.fi\/?post_type=product&#038;p=9128"},"modified":"2025-09-05T04:24:04","modified_gmt":"2025-09-05T01:24:04","slug":"kehys-uusi","status":"publish","type":"product","link":"https:\/\/puuhamari.fi\/?product=kehys-uusi","title":{"rendered":"Kehys &#8211; uusi"},"content":{"rendered":"","protected":false},"excerpt":{"rendered":"<p>M\u00e4ntypuinen kehys <em>(sis. lasin)<\/em> valokuvalle, lapsenlapsen piirrokselle, el\u00e4m\u00e4nmotolle, tai manifestoimallesi asialle juuri nyt&#8230; V\u00e4rimaailma ja tyyli t.\u00e4.y.s.i.n. tuunaajan vallassa. Muista, ett\u00e4 koristelutarpeita varten k\u00e4ytett\u00e4viss\u00e4si ovat my\u00f6s PuuhaMarin verkkiksen upeat\u00a0<a href=\"https:\/\/puuhamari.fi\/?product_cat=palatapetit\">palatapetit<\/a> ja <a href=\"https:\/\/puuhamari.fi\/?product_cat=die-cut-koristeet\">DieCuts:it.<\/a><\/p>\n<p>Kehyksen koko:\u00a0 21 cm x 16 cm<br \/>\nKuva-aukon koko: n. 16,5 x 11,5 cm<br \/>\nKehyksen paksuus: 1 cm<\/p>\n","protected":false},"author":1,"featured_media":9111,"comment_status":"open","ping_status":"closed","template":"","meta":{"advgb_blocks_editor_width":"","advgb_blocks_columns_visual_guide":"","advanced_seo_description":"","jetpack_seo_html_title":"","jetpack_seo_noindex":false,"_kad_post_transparent":"default","_kad_post_title":"","_kad_post_layout":"default","_kad_post_sidebar_id":"","_kad_post_content_style":"default","_kad_post_vertical_padding":"default","_kad_post_feature":"","_kad_post_feature_position":"","_kad_post_header":false,"_kad_post_footer":false,"_kad_post_classname":"","jetpack_post_was_ever_published":false},"product_brand":[],"product_cat":[579],"product_tag":[963,894,917,1239,1237,1238],"class_list":{"0":"post-9128","1":"product","2":"type-product","3":"status-publish","4":"has-post-thumbnail","6":"product_cat-tuunattavaa","7":"product_tag-kehys","8":"product_tag-koriste","9":"product_tag-sisustus","10":"product_tag-taulukehys","11":"product_tag-tuunaa","12":"product_tag-valokuvakehys","14":"first","15":"instock","16":"sale","17":"taxable","18":"shipping-taxable","19":"purchasable","20":"product-type-simple","21":"entry","22":"content-bg","23":"loop-entry"},"featured_img":"https:\/\/puuhamari.fi\/wp-content\/uploads\/2024\/10\/Picture-Frame_b.png","coauthors":[],"author_meta":{"author_link":"https:\/\/puuhamari.fi\/?author=1","display_name":"PuuhaMari"},"relative_dates":{"created":"Julkaistu 1 vuosi sitten","modified":"P\u00e4ivitetty 8 kuukautta sitten"},"absolute_dates":{"created":"Julkaistu 24 lokakuun, 2024","modified":"P\u00e4ivitetty 5 syyskuun, 2025"},"absolute_dates_time":{"created":"Julkaistu 24 lokakuun, 2024 8:26 pm","modified":"P\u00e4ivitetty 5 syyskuun, 2025 4:24 am"},"featured_img_caption":"","tax_additional":{"product_brand":{"linked":[],"unlinked":[],"slug":"product_brand","name":"Br\u00e4ndit"},"product_type":{"linked":["<a href=\"https:\/\/puuhamari.fi\/?taxonomy=product_type&#038;term=simple\" class=\"advgb-post-tax-term\">simple<\/a>"],"unlinked":["<span class=\"advgb-post-tax-term\">simple<\/span>"],"slug":"product_type","name":"Tuotetyyppi"},"product_visibility":{"linked":[],"unlinked":[],"slug":"product_visibility","name":"Tuotteen n\u00e4kyvyys"},"product_cat":{"linked":["<a href=\"https:\/\/puuhamari.fi\/?product_cat=tuunattavaa\" class=\"advgb-post-tax-term\">Tuunattavaa<\/a>"],"unlinked":["<span class=\"advgb-post-tax-term\">Tuunattavaa<\/span>"],"slug":"product_cat","name":"Osastot"},"product_tag":{"linked":["<a href=\"https:\/\/puuhamari.fi\/?product_tag=kehys\" class=\"advgb-post-tax-term\">kehys<\/a>","<a href=\"https:\/\/puuhamari.fi\/?product_tag=koriste\" class=\"advgb-post-tax-term\">koriste<\/a>","<a href=\"https:\/\/puuhamari.fi\/?product_tag=sisustus\" class=\"advgb-post-tax-term\">sisustus<\/a>","<a href=\"https:\/\/puuhamari.fi\/?product_tag=taulukehys\" class=\"advgb-post-tax-term\">taulukehys<\/a>","<a href=\"https:\/\/puuhamari.fi\/?product_tag=tuunaa\" class=\"advgb-post-tax-term\">tuunaa<\/a>","<a href=\"https:\/\/puuhamari.fi\/?product_tag=valokuvakehys\" class=\"advgb-post-tax-term\">valokuvakehys<\/a>"],"unlinked":["<span class=\"advgb-post-tax-term\">kehys<\/span>","<span class=\"advgb-post-tax-term\">koriste<\/span>","<span class=\"advgb-post-tax-term\">sisustus<\/span>","<span class=\"advgb-post-tax-term\">taulukehys<\/span>","<span class=\"advgb-post-tax-term\">tuunaa<\/span>","<span class=\"advgb-post-tax-term\">valokuvakehys<\/span>"],"slug":"product_tag","name":"Avainsanat tuotteelle"},"product_shipping_class":{"linked":[],"unlinked":[],"slug":"product_shipping_class","name":"Tuotteen toimitusluokat"},"pos_product_visibility":{"linked":[],"unlinked":[],"slug":"pos_product_visibility","name":"POS Product visibility"},"pa_arkin-koko":{"linked":[],"unlinked":[],"slug":"pa_arkin-koko","name":"Tuote Arkin koko"},"pa_hiomatyynyn-karkeus":{"linked":[],"unlinked":[],"slug":"pa_hiomatyynyn-karkeus","name":"Tuote Hiomatyynyn karkeus"},"pa_kehys":{"linked":[],"unlinked":[],"slug":"pa_kehys","name":"Tuote Kehys"},"pa_kuvion-nro":{"linked":[],"unlinked":[],"slug":"pa_kuvion-nro","name":"Tuote Kuvion nro"},"pa_littean-pensselin-koko":{"linked":[],"unlinked":[],"slug":"pa_littean-pensselin-koko","name":"Tuote Litte\u00e4n pensselin koko"},"pa_maalivari":{"linked":[],"unlinked":[],"slug":"pa_maalivari","name":"Tuote Maaliv\u00e4ri"},"pa_palatapettien-lkm":{"linked":[],"unlinked":[],"slug":"pa_palatapettien-lkm","name":"Tuote Palatapettien lkm"},"pa_purkin-koko":{"linked":[],"unlinked":[],"slug":"pa_purkin-koko","name":"Tuote Purkin koko"},"pa_sapluunan-koko":{"linked":[],"unlinked":[],"slug":"pa_sapluunan-koko","name":"Tuote Sapluunan koko"},"pa_tabletti":{"linked":[],"unlinked":[],"slug":"pa_tabletti","name":"Tuote Tabletti"},"pa_valitse-sisalto":{"linked":[],"unlinked":[],"slug":"pa_valitse-sisalto","name":"Tuote Valitse sis\u00e4lt\u00f6"},"pa_varjostin":{"linked":[],"unlinked":[],"slug":"pa_varjostin","name":"Tuote Varjostin"}},"series_order":"","jetpack_sharing_enabled":true,"jetpack_likes_enabled":true,"jetpack-related-posts":[{"id":6791,"url":"https:\/\/puuhamari.fi\/?product=os-vintage-numerot","url_meta":{"origin":9128,"position":0},"title":"OS &#8211; Vintage Numerot","author":"PuuhaMari","date":"16 elokuun, 2023","format":false,"excerpt":"Vintage-numeroita voit laittaa kukkaruukkuun, koristetyynyyn, huonekaluun, vaatekoukkuun, laatikostoon - tai vaikka tehd\u00e4 oman kalenterin! Huomaathan, ett\u00e4 kunkin numeron ymp\u00e4rille voi vaihtaa mink\u00e4 tahansa sapluunassa olevan \"kehyksen.\" Jokaisen yksitt\u00e4isen vintage-numeron koko on n. 3 cm x 2 cm. Itse sapluunamuovi on kooltaan 30 cm x 30 cm. PuuhaMarin j\u00e4lleenmyymien vintage-tyylisten sapluunoiden\u2026","rel":"","context":"Samankaltainen artikkeli","block_context":{"text":"Samankaltainen artikkeli","link":""},"img":{"alt_text":"","src":"https:\/\/i0.wp.com\/puuhamari.fi\/wp-content\/uploads\/2023\/08\/Sapluuna-b.jpg?fit=641%2C640&ssl=1&resize=350%2C200","width":350,"height":200,"srcset":"https:\/\/i0.wp.com\/puuhamari.fi\/wp-content\/uploads\/2023\/08\/Sapluuna-b.jpg?fit=641%2C640&ssl=1&resize=350%2C200 1x, https:\/\/i0.wp.com\/puuhamari.fi\/wp-content\/uploads\/2023\/08\/Sapluuna-b.jpg?fit=641%2C640&ssl=1&resize=525%2C300 1.5x"},"classes":[]},{"id":10486,"url":"https:\/\/puuhamari.fi\/?product=valokuvakehykset-30x35-cm","url_meta":{"origin":9128,"position":1},"title":"Valokuvakehykset 30&#215;35 cm","author":"PuuhaMari","date":"18 joulukuun, 2025","format":false,"excerpt":"Kaksi tosi n\u00e4ytt\u00e4v\u00e4\u00e4 ja ulkomitoiltaan isompaa valokuvakehyst\u00e4, jotka sopivat erityisen kauniisti my\u00f6s pariksi samalle sein\u00e4lle tai samaan huoneeseen. Mitoitukseltaan ne ovat t\u00e4ysin identtiset, mutta eroavat toisistaan farkkupalojensa \"v\u00e4rij\u00e4rjestyksiss\u00e4.\" \u2022 korkeudet 35 cm \u2022 leveydet 30 cm \u2022 paksuudet 2 cm \u2022 kuva-aukot n. 12x17 cm \u2022 taustassa molemmilla sein\u00e4ripustukset sek\u00e4\u2026","rel":"","context":"Samankaltainen artikkeli","block_context":{"text":"Samankaltainen artikkeli","link":""},"img":{"alt_text":"","src":"https:\/\/i0.wp.com\/puuhamari.fi\/wp-content\/uploads\/2025\/12\/Kehykset-M.jpg?fit=1199%2C1200&ssl=1&resize=350%2C200","width":350,"height":200,"srcset":"https:\/\/i0.wp.com\/puuhamari.fi\/wp-content\/uploads\/2025\/12\/Kehykset-M.jpg?fit=1199%2C1200&ssl=1&resize=350%2C200 1x, https:\/\/i0.wp.com\/puuhamari.fi\/wp-content\/uploads\/2025\/12\/Kehykset-M.jpg?fit=1199%2C1200&ssl=1&resize=525%2C300 1.5x, https:\/\/i0.wp.com\/puuhamari.fi\/wp-content\/uploads\/2025\/12\/Kehykset-M.jpg?fit=1199%2C1200&ssl=1&resize=700%2C400 2x, https:\/\/i0.wp.com\/puuhamari.fi\/wp-content\/uploads\/2025\/12\/Kehykset-M.jpg?fit=1199%2C1200&ssl=1&resize=1050%2C600 3x"},"classes":[]},{"id":10478,"url":"https:\/\/puuhamari.fi\/?product=valokuvakehykset-14x19-cm","url_meta":{"origin":9128,"position":2},"title":"Valokuvakehykset 14&#215;19 cm","author":"PuuhaMari","date":"18 joulukuun, 2025","format":false,"excerpt":"Valokuvakehys #9, Syd\u00e4n: \u2022 korkeus 19 cm \u2022 leveys 14 cm \u2022 paksuus 1 cm \u2022 kuva-aukko n. 10x10 cm \u2022 taustassa p\u00f6yt\u00e4tuki Valokuvakehys #10, PuuhaMari: \u2022 korkeus 19 cm \u2022 leveys 14 cm \u2022 paksuus 1 cm \u2022 kuva-aukko n. 9x14 cm \u2022 taustassa valmiina ainoastaan sein\u00e4\u00e4nripustus pystyasennossa Valokuvakehys\u2026","rel":"","context":"Samankaltainen artikkeli","block_context":{"text":"Samankaltainen artikkeli","link":""},"img":{"alt_text":"","src":"https:\/\/i0.wp.com\/puuhamari.fi\/wp-content\/uploads\/2025\/12\/Kehykset-S-e1766068855457.png?fit=958%2C958&ssl=1&resize=350%2C200","width":350,"height":200,"srcset":"https:\/\/i0.wp.com\/puuhamari.fi\/wp-content\/uploads\/2025\/12\/Kehykset-S-e1766068855457.png?fit=958%2C958&ssl=1&resize=350%2C200 1x, https:\/\/i0.wp.com\/puuhamari.fi\/wp-content\/uploads\/2025\/12\/Kehykset-S-e1766068855457.png?fit=958%2C958&ssl=1&resize=525%2C300 1.5x, https:\/\/i0.wp.com\/puuhamari.fi\/wp-content\/uploads\/2025\/12\/Kehykset-S-e1766068855457.png?fit=958%2C958&ssl=1&resize=700%2C400 2x"},"classes":[]},{"id":5741,"url":"https:\/\/puuhamari.fi\/?product=dm-sweet-summer-vibes-2-pack","url_meta":{"origin":9128,"position":3},"title":"DM-Sweet Summer Vibes &#8220;2 pack&#8221;","author":"PuuhaMari","date":"1 toukokuun, 2023","format":false,"excerpt":"Suloisia kes\u00e4viboja iiiiiihan minne vain: kukkaruukkuihin, kauluspaitaan, kes\u00e4kenkiin, kirjeisiin, postilaatikkoon, penaaliin, tai kodin kaikkiin koriste-esineisiin! Voit my\u00f6s laittaa kuviot KEHYKSEKSI mietelauseelle\/ pihajuhlien ohjelmalle\/ kes\u00e4keitti\u00f6n ruokalistalle... (kts. kuvan esimerkki). Kotona tai m\u00f6kill\u00e4, ulkona tai sis\u00e4ll\u00e4, puuhun, metalliin, tekstiileihin - ja jopa kakkujen koristeluun! Valitse maali\/kuviointiaine k\u00e4ytt\u00f6kohteen vaatimusten mukaan. Paketti sis\u00e4lt\u00e4\u00e4 2\u2026","rel":"","context":"Samankaltainen artikkeli","block_context":{"text":"Samankaltainen artikkeli","link":""},"img":{"alt_text":"","src":"https:\/\/i0.wp.com\/puuhamari.fi\/wp-content\/uploads\/2023\/05\/10947-A-SWEET-SUMMER-VIBES-STENCILSM.jpg?fit=750%2C750&ssl=1&resize=350%2C200","width":350,"height":200,"srcset":"https:\/\/i0.wp.com\/puuhamari.fi\/wp-content\/uploads\/2023\/05\/10947-A-SWEET-SUMMER-VIBES-STENCILSM.jpg?fit=750%2C750&ssl=1&resize=350%2C200 1x, https:\/\/i0.wp.com\/puuhamari.fi\/wp-content\/uploads\/2023\/05\/10947-A-SWEET-SUMMER-VIBES-STENCILSM.jpg?fit=750%2C750&ssl=1&resize=525%2C300 1.5x, https:\/\/i0.wp.com\/puuhamari.fi\/wp-content\/uploads\/2023\/05\/10947-A-SWEET-SUMMER-VIBES-STENCILSM.jpg?fit=750%2C750&ssl=1&resize=700%2C400 2x"},"classes":[]},{"id":5744,"url":"https:\/\/puuhamari.fi\/?product=dm-june-roses","url_meta":{"origin":9128,"position":4},"title":"DM-June Roses","author":"PuuhaMari","date":"1 toukokuun, 2023","format":false,"excerpt":"Ylioppilasruusujako n\u00e4m\u00e4 ovat? Vai valkoisella maalattuna juhannusruusuja? Tummanpunaisina ehk\u00e4 intohimoisen rakkauden tunnustajia! Kaikkiin tekstiileihin, lastenhuoneen kalusteisiin, ruokap\u00f6yt\u00e4\u00e4 kiert\u00e4m\u00e4\u00e4n k\u00f6ynn\u00f6ksen\u00e4, m\u00f6kkitarjottimen tai mehukannun koristeeksi... Miss\u00e4 sin\u00e4 n\u00e4m\u00e4 n\u00e4et? Voit my\u00f6s laittaa kuviot KEHYKSEKSI mietelauseelle\/ rakkaan ihmisen nimelle (kts. kuvan esimerkki). Kotona tai m\u00f6kill\u00e4, ulkona tai sis\u00e4ll\u00e4, puuhun, metalliin, tekstiileihin - ja\u2026","rel":"","context":"Samankaltainen artikkeli","block_context":{"text":"Samankaltainen artikkeli","link":""},"img":{"alt_text":"","src":"https:\/\/i0.wp.com\/puuhamari.fi\/wp-content\/uploads\/2023\/05\/10948-A-JUNE-ROSES-STENCILSM.jpg?fit=750%2C750&ssl=1&resize=350%2C200","width":350,"height":200,"srcset":"https:\/\/i0.wp.com\/puuhamari.fi\/wp-content\/uploads\/2023\/05\/10948-A-JUNE-ROSES-STENCILSM.jpg?fit=750%2C750&ssl=1&resize=350%2C200 1x, https:\/\/i0.wp.com\/puuhamari.fi\/wp-content\/uploads\/2023\/05\/10948-A-JUNE-ROSES-STENCILSM.jpg?fit=750%2C750&ssl=1&resize=525%2C300 1.5x, https:\/\/i0.wp.com\/puuhamari.fi\/wp-content\/uploads\/2023\/05\/10948-A-JUNE-ROSES-STENCILSM.jpg?fit=750%2C750&ssl=1&resize=700%2C400 2x"},"classes":[]},{"id":10062,"url":"https:\/\/puuhamari.fi\/?product=siirtokuva-butterfly-oasis","url_meta":{"origin":9128,"position":5},"title":"Siirtokuva Butterfly Oasis","author":"PuuhaMari","date":"15 elokuun, 2025","format":false,"excerpt":"Perhosten keidas -siirtokuvan perhoset ja kukat ovat v\u00e4reilt\u00e4\u00e4n poikkeuksellisen kiehtovia! Pakkaus sis\u00e4lt\u00e4\u00e4 kaksi n. 90 cm x 30 cm kokoista, erilaisin kuvin varustettua kalvoa. Perhosia on yhteens\u00e4 17 erilaista, ja kasveja 15 kpl. Molempien kalvojen sis\u00e4lt\u00f6 n\u00e4kyy oheisessa tuotekuvassa. Erillisi\u00e4 kuvia on yhteens\u00e4 per\u00e4ti 32 kpl. Suurin, purppuranv\u00e4rinen perhonen on\u2026","rel":"","context":"With 1 comment","block_context":{"text":"With 1 comment","link":"https:\/\/puuhamari.fi\/?product=siirtokuva-butterfly-oasis#comments"},"img":{"alt_text":"","src":"https:\/\/i0.wp.com\/puuhamari.fi\/wp-content\/uploads\/2025\/08\/Butterfly-Oasis-1.webp?fit=896%2C896&ssl=1&resize=350%2C200","width":350,"height":200,"srcset":"https:\/\/i0.wp.com\/puuhamari.fi\/wp-content\/uploads\/2025\/08\/Butterfly-Oasis-1.webp?fit=896%2C896&ssl=1&resize=350%2C200 1x, https:\/\/i0.wp.com\/puuhamari.fi\/wp-content\/uploads\/2025\/08\/Butterfly-Oasis-1.webp?fit=896%2C896&ssl=1&resize=525%2C300 1.5x, https:\/\/i0.wp.com\/puuhamari.fi\/wp-content\/uploads\/2025\/08\/Butterfly-Oasis-1.webp?fit=896%2C896&ssl=1&resize=700%2C400 2x"},"classes":[]}],"_links":{"self":[{"href":"https:\/\/puuhamari.fi\/index.php?rest_route=\/wp\/v2\/product\/9128","targetHints":{"allow":["GET"]}}],"collection":[{"href":"https:\/\/puuhamari.fi\/index.php?rest_route=\/wp\/v2\/product"}],"about":[{"href":"https:\/\/puuhamari.fi\/index.php?rest_route=\/wp\/v2\/types\/product"}],"replies":[{"embeddable":true,"href":"https:\/\/puuhamari.fi\/index.php?rest_route=%2Fwp%2Fv2%2Fcomments&post=9128"}],"version-history":[{"count":1,"href":"https:\/\/puuhamari.fi\/index.php?rest_route=\/wp\/v2\/product\/9128\/revisions"}],"predecessor-version":[{"id":9129,"href":"https:\/\/puuhamari.fi\/index.php?rest_route=\/wp\/v2\/product\/9128\/revisions\/9129"}],"wp:featuredmedia":[{"embeddable":true,"href":"https:\/\/puuhamari.fi\/index.php?rest_route=\/wp\/v2\/media\/9111"}],"wp:attachment":[{"href":"https:\/\/puuhamari.fi\/index.php?rest_route=%2Fwp%2Fv2%2Fmedia&parent=9128"}],"wp:term":[{"taxonomy":"product_brand","embeddable":true,"href":"https:\/\/puuhamari.fi\/index.php?rest_route=%2Fwp%2Fv2%2Fproduct_brand&post=9128"},{"taxonomy":"product_cat","embeddable":true,"href":"https:\/\/puuhamari.fi\/index.php?rest_route=%2Fwp%2Fv2%2Fproduct_cat&post=9128"},{"taxonomy":"product_tag","embeddable":true,"href":"https:\/\/puuhamari.fi\/index.php?rest_route=%2Fwp%2Fv2%2Fproduct_tag&post=9128"}],"curies":[{"name":"wp","href":"https:\/\/api.w.org\/{rel}","templated":true}]}}