{"id":9153,"date":"2024-10-31T10:31:05","date_gmt":"2024-10-31T08:31:05","guid":{"rendered":"https:\/\/puuhamari.fi\/?post_type=product&#038;p=9153"},"modified":"2025-11-26T17:03:06","modified_gmt":"2025-11-26T15:03:06","slug":"fusion-hand-salve-kasirasva","status":"publish","type":"product","link":"https:\/\/puuhamari.fi\/?product=fusion-hand-salve-kasirasva","title":{"rendered":"Fusion hand salve -k\u00e4sirasva"},"content":{"rendered":"","protected":false},"excerpt":{"rendered":"<div>\n<div>\n<p>Propolis on mehil\u00e4isten valmistama hartsiseos, ja sen edut tekev\u00e4t siit\u00e4 ihmeainesosan: sieni\u00e4 torjuva, antibakteerinen, tulehdusta ehk\u00e4isev\u00e4 ja antioksidantti. K\u00e4yt\u00e4 t\u00e4t\u00e4 voidetta k\u00e4siss\u00e4 ja ranteissa maalauksen j\u00e4lkeen. Erinomainen halkeilevalle iholle ja kynsinauhoille!<\/p>\n<\/div>\n<\/div>\n","protected":false},"author":1,"featured_media":9156,"comment_status":"closed","ping_status":"closed","template":"","meta":{"advgb_blocks_editor_width":"","advgb_blocks_columns_visual_guide":"","advanced_seo_description":"","jetpack_seo_html_title":"","jetpack_seo_noindex":false,"_kad_post_transparent":"default","_kad_post_title":"","_kad_post_layout":"default","_kad_post_sidebar_id":"","_kad_post_content_style":"default","_kad_post_vertical_padding":"default","_kad_post_feature":"","_kad_post_feature_position":"","_kad_post_header":false,"_kad_post_footer":false,"_kad_post_classname":"","jetpack_post_was_ever_published":false},"product_brand":[],"product_cat":[310],"product_tag":[1250,1249,1247,1246,352,1248],"class_list":{"0":"post-9153","1":"product","2":"type-product","3":"status-publish","4":"has-post-thumbnail","6":"product_cat-muut-fusion-valmisteet","7":"product_tag-allantoiini","8":"product_tag-jojoba","9":"product_tag-kasirasva","10":"product_tag-kasivoide","11":"product_tag-mehilaisvaha","12":"product_tag-propolis","14":"first","15":"instock","16":"taxable","17":"shipping-taxable","18":"purchasable","19":"product-type-simple","20":"entry","21":"content-bg","22":"loop-entry"},"featured_img":"https:\/\/puuhamari.fi\/wp-content\/uploads\/2024\/10\/020-Fusion_Self_Care_Products_HandSalve_SQ_WR_211117_0782-Edit.jpg","coauthors":[],"author_meta":{"author_link":"https:\/\/puuhamari.fi\/?author=1","display_name":"PuuhaMari"},"relative_dates":{"created":"Julkaistu 1 vuosi sitten","modified":"P\u00e4ivitetty 5 kuukautta sitten"},"absolute_dates":{"created":"Julkaistu 31 lokakuun, 2024","modified":"P\u00e4ivitetty 26 marraskuun, 2025"},"absolute_dates_time":{"created":"Julkaistu 31 lokakuun, 2024 10:31 am","modified":"P\u00e4ivitetty 26 marraskuun, 2025 5:03 pm"},"featured_img_caption":"","tax_additional":{"product_brand":{"linked":[],"unlinked":[],"slug":"product_brand","name":"Br\u00e4ndit"},"product_type":{"linked":["<a href=\"https:\/\/puuhamari.fi\/?taxonomy=product_type&#038;term=simple\" class=\"advgb-post-tax-term\">simple<\/a>"],"unlinked":["<span class=\"advgb-post-tax-term\">simple<\/span>"],"slug":"product_type","name":"Tuotetyyppi"},"product_visibility":{"linked":[],"unlinked":[],"slug":"product_visibility","name":"Tuotteen n\u00e4kyvyys"},"product_cat":{"linked":["<a href=\"https:\/\/puuhamari.fi\/?product_cat=muut-fusion-valmisteet\" class=\"advgb-post-tax-term\">Muut Fusion-valmisteet<\/a>"],"unlinked":["<span class=\"advgb-post-tax-term\">Muut Fusion-valmisteet<\/span>"],"slug":"product_cat","name":"Osastot"},"product_tag":{"linked":["<a href=\"https:\/\/puuhamari.fi\/?product_tag=allantoiini\" class=\"advgb-post-tax-term\">allantoiini<\/a>","<a href=\"https:\/\/puuhamari.fi\/?product_tag=jojoba\" class=\"advgb-post-tax-term\">jojoba<\/a>","<a href=\"https:\/\/puuhamari.fi\/?product_tag=kasirasva\" class=\"advgb-post-tax-term\">k\u00e4sirasva<\/a>","<a href=\"https:\/\/puuhamari.fi\/?product_tag=kasivoide\" class=\"advgb-post-tax-term\">k\u00e4sivoide<\/a>","<a href=\"https:\/\/puuhamari.fi\/?product_tag=mehilaisvaha\" class=\"advgb-post-tax-term\">Mehil\u00e4isvaha<\/a>","<a href=\"https:\/\/puuhamari.fi\/?product_tag=propolis\" class=\"advgb-post-tax-term\">propolis<\/a>"],"unlinked":["<span class=\"advgb-post-tax-term\">allantoiini<\/span>","<span class=\"advgb-post-tax-term\">jojoba<\/span>","<span class=\"advgb-post-tax-term\">k\u00e4sirasva<\/span>","<span class=\"advgb-post-tax-term\">k\u00e4sivoide<\/span>","<span class=\"advgb-post-tax-term\">Mehil\u00e4isvaha<\/span>","<span class=\"advgb-post-tax-term\">propolis<\/span>"],"slug":"product_tag","name":"Avainsanat tuotteelle"},"product_shipping_class":{"linked":[],"unlinked":[],"slug":"product_shipping_class","name":"Tuotteen toimitusluokat"},"pos_product_visibility":{"linked":[],"unlinked":[],"slug":"pos_product_visibility","name":"POS Product visibility"},"pa_arkin-koko":{"linked":[],"unlinked":[],"slug":"pa_arkin-koko","name":"Tuote Arkin koko"},"pa_hiomatyynyn-karkeus":{"linked":[],"unlinked":[],"slug":"pa_hiomatyynyn-karkeus","name":"Tuote Hiomatyynyn karkeus"},"pa_kehys":{"linked":[],"unlinked":[],"slug":"pa_kehys","name":"Tuote Kehys"},"pa_kuvion-nro":{"linked":[],"unlinked":[],"slug":"pa_kuvion-nro","name":"Tuote Kuvion nro"},"pa_littean-pensselin-koko":{"linked":[],"unlinked":[],"slug":"pa_littean-pensselin-koko","name":"Tuote Litte\u00e4n pensselin koko"},"pa_maalivari":{"linked":[],"unlinked":[],"slug":"pa_maalivari","name":"Tuote Maaliv\u00e4ri"},"pa_palatapettien-lkm":{"linked":[],"unlinked":[],"slug":"pa_palatapettien-lkm","name":"Tuote Palatapettien lkm"},"pa_purkin-koko":{"linked":[],"unlinked":[],"slug":"pa_purkin-koko","name":"Tuote Purkin koko"},"pa_sapluunan-koko":{"linked":[],"unlinked":[],"slug":"pa_sapluunan-koko","name":"Tuote Sapluunan koko"},"pa_tabletti":{"linked":[],"unlinked":[],"slug":"pa_tabletti","name":"Tuote Tabletti"},"pa_valitse-sisalto":{"linked":[],"unlinked":[],"slug":"pa_valitse-sisalto","name":"Tuote Valitse sis\u00e4lt\u00f6"},"pa_varjostin":{"linked":[],"unlinked":[],"slug":"pa_varjostin","name":"Tuote Varjostin"}},"series_order":"","jetpack_sharing_enabled":false,"jetpack_likes_enabled":false,"jetpack-related-posts":[],"_links":{"self":[{"href":"https:\/\/puuhamari.fi\/index.php?rest_route=\/wp\/v2\/product\/9153","targetHints":{"allow":["GET"]}}],"collection":[{"href":"https:\/\/puuhamari.fi\/index.php?rest_route=\/wp\/v2\/product"}],"about":[{"href":"https:\/\/puuhamari.fi\/index.php?rest_route=\/wp\/v2\/types\/product"}],"replies":[{"embeddable":true,"href":"https:\/\/puuhamari.fi\/index.php?rest_route=%2Fwp%2Fv2%2Fcomments&post=9153"}],"version-history":[{"count":1,"href":"https:\/\/puuhamari.fi\/index.php?rest_route=\/wp\/v2\/product\/9153\/revisions"}],"predecessor-version":[{"id":9157,"href":"https:\/\/puuhamari.fi\/index.php?rest_route=\/wp\/v2\/product\/9153\/revisions\/9157"}],"wp:featuredmedia":[{"embeddable":true,"href":"https:\/\/puuhamari.fi\/index.php?rest_route=\/wp\/v2\/media\/9156"}],"wp:attachment":[{"href":"https:\/\/puuhamari.fi\/index.php?rest_route=%2Fwp%2Fv2%2Fmedia&parent=9153"}],"wp:term":[{"taxonomy":"product_brand","embeddable":true,"href":"https:\/\/puuhamari.fi\/index.php?rest_route=%2Fwp%2Fv2%2Fproduct_brand&post=9153"},{"taxonomy":"product_cat","embeddable":true,"href":"https:\/\/puuhamari.fi\/index.php?rest_route=%2Fwp%2Fv2%2Fproduct_cat&post=9153"},{"taxonomy":"product_tag","embeddable":true,"href":"https:\/\/puuhamari.fi\/index.php?rest_route=%2Fwp%2Fv2%2Fproduct_tag&post=9153"}],"curies":[{"name":"wp","href":"https:\/\/api.w.org\/{rel}","templated":true}]}}