{"id":9158,"date":"2024-10-31T10:57:56","date_gmt":"2024-10-31T08:57:56","guid":{"rendered":"https:\/\/puuhamari.fi\/?post_type=product&#038;p=9158"},"modified":"2025-11-26T17:03:10","modified_gmt":"2025-11-26T15:03:10","slug":"fusion-laventelisaippua","status":"publish","type":"product","link":"https:\/\/puuhamari.fi\/?product=fusion-laventelisaippua","title":{"rendered":"Fusion laventelisaippua"},"content":{"rendered":"","protected":false},"excerpt":{"rendered":"<div>\n<div>\n<p>K\u00e4yt\u00e4 t\u00e4t\u00e4 yleellisesti vaahdottuvaa laventelisaippuaa maalaamisen j\u00e4lkeen. Se on valmistettu rauhoittavasta propoliksesta, kookos\u00f6ljyst\u00e4, shea-voista ja oliivi\u00f6ljyst\u00e4. Mieto tuoksu luonnollisilla laventelin eteerisill\u00e4 \u00f6ljyill\u00e4. T\u00e4ydenn\u00e4 k\u00e4sienhoito-ohjelmaasi <a href=\"https:\/\/puuhamari.fi\/?product=fusion-hand-salve-kasirasva\">Fusion Hand Salve -k\u00e4sivoiteella<\/a>.<\/p>\n<\/div>\n<\/div>\n","protected":false},"author":1,"featured_media":9159,"comment_status":"closed","ping_status":"closed","template":"","meta":{"advgb_blocks_editor_width":"","advgb_blocks_columns_visual_guide":"","advanced_seo_description":"","jetpack_seo_html_title":"","jetpack_seo_noindex":false,"_kad_post_transparent":"default","_kad_post_title":"","_kad_post_layout":"default","_kad_post_sidebar_id":"","_kad_post_content_style":"default","_kad_post_vertical_padding":"default","_kad_post_feature":"","_kad_post_feature_position":"","_kad_post_header":false,"_kad_post_footer":false,"_kad_post_classname":"","jetpack_post_was_ever_published":false},"product_brand":[],"product_cat":[310],"product_tag":[1252,1220,1255,1254,1248,1251,1253],"class_list":{"0":"post-9158","1":"product","2":"type-product","3":"status-publish","4":"has-post-thumbnail","6":"product_cat-muut-fusion-valmisteet","7":"product_tag-kookosoljy","8":"product_tag-laventeli","9":"product_tag-laventelisaippua","10":"product_tag-oliivioljy","11":"product_tag-propolis","12":"product_tag-saippua","13":"product_tag-shea-voi","15":"first","16":"instock","17":"taxable","18":"shipping-taxable","19":"purchasable","20":"product-type-simple","21":"entry","22":"content-bg","23":"loop-entry"},"featured_img":"https:\/\/puuhamari.fi\/wp-content\/uploads\/2024\/10\/002-Fusion_Self_Care_Products_Soap_Bar_SQ_WR_211117_0655-Edit.jpg","coauthors":[],"author_meta":{"author_link":"https:\/\/puuhamari.fi\/?author=1","display_name":"PuuhaMari"},"relative_dates":{"created":"Julkaistu 1 vuosi sitten","modified":"P\u00e4ivitetty 5 kuukautta sitten"},"absolute_dates":{"created":"Julkaistu 31 lokakuun, 2024","modified":"P\u00e4ivitetty 26 marraskuun, 2025"},"absolute_dates_time":{"created":"Julkaistu 31 lokakuun, 2024 10:57 am","modified":"P\u00e4ivitetty 26 marraskuun, 2025 5:03 pm"},"featured_img_caption":"","tax_additional":{"product_brand":{"linked":[],"unlinked":[],"slug":"product_brand","name":"Br\u00e4ndit"},"product_type":{"linked":["<a href=\"https:\/\/puuhamari.fi\/?taxonomy=product_type&#038;term=simple\" class=\"advgb-post-tax-term\">simple<\/a>"],"unlinked":["<span class=\"advgb-post-tax-term\">simple<\/span>"],"slug":"product_type","name":"Tuotetyyppi"},"product_visibility":{"linked":[],"unlinked":[],"slug":"product_visibility","name":"Tuotteen n\u00e4kyvyys"},"product_cat":{"linked":["<a href=\"https:\/\/puuhamari.fi\/?product_cat=muut-fusion-valmisteet\" class=\"advgb-post-tax-term\">Muut Fusion-valmisteet<\/a>"],"unlinked":["<span class=\"advgb-post-tax-term\">Muut Fusion-valmisteet<\/span>"],"slug":"product_cat","name":"Osastot"},"product_tag":{"linked":["<a href=\"https:\/\/puuhamari.fi\/?product_tag=kookosoljy\" class=\"advgb-post-tax-term\">kookos\u00f6ljy<\/a>","<a href=\"https:\/\/puuhamari.fi\/?product_tag=laventeli\" class=\"advgb-post-tax-term\">Laventeli<\/a>","<a href=\"https:\/\/puuhamari.fi\/?product_tag=laventelisaippua\" class=\"advgb-post-tax-term\">laventelisaippua<\/a>","<a href=\"https:\/\/puuhamari.fi\/?product_tag=oliivioljy\" class=\"advgb-post-tax-term\">oliivi\u00f6ljy<\/a>","<a href=\"https:\/\/puuhamari.fi\/?product_tag=propolis\" class=\"advgb-post-tax-term\">propolis<\/a>","<a href=\"https:\/\/puuhamari.fi\/?product_tag=saippua\" class=\"advgb-post-tax-term\">saippua<\/a>","<a href=\"https:\/\/puuhamari.fi\/?product_tag=shea-voi\" class=\"advgb-post-tax-term\">shea-voi<\/a>"],"unlinked":["<span class=\"advgb-post-tax-term\">kookos\u00f6ljy<\/span>","<span class=\"advgb-post-tax-term\">Laventeli<\/span>","<span class=\"advgb-post-tax-term\">laventelisaippua<\/span>","<span class=\"advgb-post-tax-term\">oliivi\u00f6ljy<\/span>","<span class=\"advgb-post-tax-term\">propolis<\/span>","<span class=\"advgb-post-tax-term\">saippua<\/span>","<span class=\"advgb-post-tax-term\">shea-voi<\/span>"],"slug":"product_tag","name":"Avainsanat tuotteelle"},"product_shipping_class":{"linked":[],"unlinked":[],"slug":"product_shipping_class","name":"Tuotteen toimitusluokat"},"pos_product_visibility":{"linked":[],"unlinked":[],"slug":"pos_product_visibility","name":"POS Product visibility"},"pa_arkin-koko":{"linked":[],"unlinked":[],"slug":"pa_arkin-koko","name":"Tuote Arkin koko"},"pa_hiomatyynyn-karkeus":{"linked":[],"unlinked":[],"slug":"pa_hiomatyynyn-karkeus","name":"Tuote Hiomatyynyn karkeus"},"pa_kehys":{"linked":[],"unlinked":[],"slug":"pa_kehys","name":"Tuote Kehys"},"pa_kuvion-nro":{"linked":[],"unlinked":[],"slug":"pa_kuvion-nro","name":"Tuote Kuvion nro"},"pa_littean-pensselin-koko":{"linked":[],"unlinked":[],"slug":"pa_littean-pensselin-koko","name":"Tuote Litte\u00e4n pensselin koko"},"pa_maalivari":{"linked":[],"unlinked":[],"slug":"pa_maalivari","name":"Tuote Maaliv\u00e4ri"},"pa_palatapettien-lkm":{"linked":[],"unlinked":[],"slug":"pa_palatapettien-lkm","name":"Tuote Palatapettien lkm"},"pa_purkin-koko":{"linked":[],"unlinked":[],"slug":"pa_purkin-koko","name":"Tuote Purkin koko"},"pa_sapluunan-koko":{"linked":[],"unlinked":[],"slug":"pa_sapluunan-koko","name":"Tuote Sapluunan koko"},"pa_tabletti":{"linked":[],"unlinked":[],"slug":"pa_tabletti","name":"Tuote Tabletti"},"pa_valitse-sisalto":{"linked":[],"unlinked":[],"slug":"pa_valitse-sisalto","name":"Tuote Valitse sis\u00e4lt\u00f6"},"pa_varjostin":{"linked":[],"unlinked":[],"slug":"pa_varjostin","name":"Tuote Varjostin"}},"series_order":"","jetpack_sharing_enabled":false,"jetpack_likes_enabled":false,"jetpack-related-posts":[{"id":6262,"url":"https:\/\/puuhamari.fi\/?product=carriage-house","url_meta":{"origin":9158,"position":0},"title":"Carriage House","author":"PuuhaMari","date":"17 kes\u00e4kuun, 2023","format":false,"excerpt":"Yksi suosituimpia vihreit\u00e4 Fusion-s\u00e4vyj\u00e4. \"Vaunutalli\" on eritt\u00e4in miellytt\u00e4v\u00e4, selke\u00e4sti harmaaseen taittava vihre\u00e4n (keskitumma - tumma) s\u00e4vy, joka istuu hienosti osaksi Wanhan Ajan kalustusta, mutta antaa erityist\u00e4 arvokkuutta nykyaikaiseenkin kotiin.","rel":"","context":"With 2 comments","block_context":{"text":"With 2 comments","link":"https:\/\/puuhamari.fi\/?product=carriage-house#comments"},"img":{"alt_text":"","src":"https:\/\/i0.wp.com\/puuhamari.fi\/wp-content\/uploads\/2023\/06\/Carriage-House-pint.jpg?fit=768%2C1152&ssl=1&resize=350%2C200","width":350,"height":200,"srcset":"https:\/\/i0.wp.com\/puuhamari.fi\/wp-content\/uploads\/2023\/06\/Carriage-House-pint.jpg?fit=768%2C1152&ssl=1&resize=350%2C200 1x, https:\/\/i0.wp.com\/puuhamari.fi\/wp-content\/uploads\/2023\/06\/Carriage-House-pint.jpg?fit=768%2C1152&ssl=1&resize=525%2C300 1.5x, https:\/\/i0.wp.com\/puuhamari.fi\/wp-content\/uploads\/2023\/06\/Carriage-House-pint.jpg?fit=768%2C1152&ssl=1&resize=700%2C400 2x"},"classes":[]},{"id":6250,"url":"https:\/\/puuhamari.fi\/?product=wellington","url_meta":{"origin":9158,"position":1},"title":"Wellington","author":"PuuhaMari","date":"17 kes\u00e4kuun, 2023","format":false,"excerpt":"Fusionin ehdottomasti tummin vihre\u00e4! Hiilenharmaa pohjas\u00e4vy antaa sille luonnetta, jota et l\u00f6yd\u00e4 mist\u00e4\u00e4n muualta...","rel":"","context":"Samankaltainen artikkeli","block_context":{"text":"Samankaltainen artikkeli","link":""},"img":{"alt_text":"","src":"https:\/\/i0.wp.com\/puuhamari.fi\/wp-content\/uploads\/2023\/06\/Wellington-pint.jpg?fit=1200%2C1042&ssl=1&resize=350%2C200","width":350,"height":200,"srcset":"https:\/\/i0.wp.com\/puuhamari.fi\/wp-content\/uploads\/2023\/06\/Wellington-pint.jpg?fit=1200%2C1042&ssl=1&resize=350%2C200 1x, https:\/\/i0.wp.com\/puuhamari.fi\/wp-content\/uploads\/2023\/06\/Wellington-pint.jpg?fit=1200%2C1042&ssl=1&resize=525%2C300 1.5x, https:\/\/i0.wp.com\/puuhamari.fi\/wp-content\/uploads\/2023\/06\/Wellington-pint.jpg?fit=1200%2C1042&ssl=1&resize=700%2C400 2x, https:\/\/i0.wp.com\/puuhamari.fi\/wp-content\/uploads\/2023\/06\/Wellington-pint.jpg?fit=1200%2C1042&ssl=1&resize=1050%2C600 3x"},"classes":[]},{"id":6265,"url":"https:\/\/puuhamari.fi\/?product=cambridge","url_meta":{"origin":9158,"position":2},"title":"Cambridge","author":"PuuhaMari","date":"17 kes\u00e4kuun, 2023","format":false,"excerpt":"Suomalaista silm\u00e4\u00e4 erityisesti miellytt\u00e4v\u00e4, harmaaseen taittava tummansininen. Istuu kauniisti sek\u00e4 perinteikk\u00e4\u00e4seen, ett\u00e4 moderniin kotiin!","rel":"","context":"Samankaltainen artikkeli","block_context":{"text":"Samankaltainen artikkeli","link":""},"img":{"alt_text":"","src":"https:\/\/i0.wp.com\/puuhamari.fi\/wp-content\/uploads\/2023\/06\/IMG_20230619_203718.jpg?fit=1200%2C1200&ssl=1&resize=350%2C200","width":350,"height":200,"srcset":"https:\/\/i0.wp.com\/puuhamari.fi\/wp-content\/uploads\/2023\/06\/IMG_20230619_203718.jpg?fit=1200%2C1200&ssl=1&resize=350%2C200 1x, https:\/\/i0.wp.com\/puuhamari.fi\/wp-content\/uploads\/2023\/06\/IMG_20230619_203718.jpg?fit=1200%2C1200&ssl=1&resize=525%2C300 1.5x, https:\/\/i0.wp.com\/puuhamari.fi\/wp-content\/uploads\/2023\/06\/IMG_20230619_203718.jpg?fit=1200%2C1200&ssl=1&resize=700%2C400 2x, https:\/\/i0.wp.com\/puuhamari.fi\/wp-content\/uploads\/2023\/06\/IMG_20230619_203718.jpg?fit=1200%2C1200&ssl=1&resize=1050%2C600 3x"},"classes":[]},{"id":5178,"url":"https:\/\/puuhamari.fi\/?product=little-speckled-frog","url_meta":{"origin":9158,"position":3},"title":"Little Speckled Frog","author":"PuuhaMari","date":"17 maaliskuun, 2023","format":false,"excerpt":"Fusion mineraalimaalien vihre\u00e4n perheen pikkubaby; eritt\u00e4in vaalea ja pastellinen versio mintunvihre\u00e4st\u00e4. Huikean kaunis yksin\u00e4\u00e4n, mutta my\u00f6s yhdistettyn\u00e4 valkoiseen, muihin vihreisiin ja kaikkiin pastellis\u00e4vyihin. HUOM! T\u00e4m\u00e4n s\u00e4vyn valmistus on jo lopetettu. Vain muutama purkki j\u00e4ljell\u00e4!!","rel":"","context":"Samankaltainen artikkeli","block_context":{"text":"Samankaltainen artikkeli","link":""},"img":{"alt_text":"","src":"https:\/\/i0.wp.com\/puuhamari.fi\/wp-content\/uploads\/2023\/03\/Fusion_Mineral_Paint_Little_Speckled_Frog_pint-B-scaled.jpg?fit=1200%2C1200&ssl=1&resize=350%2C200","width":350,"height":200,"srcset":"https:\/\/i0.wp.com\/puuhamari.fi\/wp-content\/uploads\/2023\/03\/Fusion_Mineral_Paint_Little_Speckled_Frog_pint-B-scaled.jpg?fit=1200%2C1200&ssl=1&resize=350%2C200 1x, https:\/\/i0.wp.com\/puuhamari.fi\/wp-content\/uploads\/2023\/03\/Fusion_Mineral_Paint_Little_Speckled_Frog_pint-B-scaled.jpg?fit=1200%2C1200&ssl=1&resize=525%2C300 1.5x, https:\/\/i0.wp.com\/puuhamari.fi\/wp-content\/uploads\/2023\/03\/Fusion_Mineral_Paint_Little_Speckled_Frog_pint-B-scaled.jpg?fit=1200%2C1200&ssl=1&resize=700%2C400 2x, https:\/\/i0.wp.com\/puuhamari.fi\/wp-content\/uploads\/2023\/03\/Fusion_Mineral_Paint_Little_Speckled_Frog_pint-B-scaled.jpg?fit=1200%2C1200&ssl=1&resize=1050%2C600 3x"},"classes":[]},{"id":2528,"url":"https:\/\/puuhamari.fi\/?product=cranberry","url_meta":{"origin":9158,"position":4},"title":"Cranberry","author":"PuuhaMari","date":"24 helmikuun, 2022","format":false,"excerpt":"Suomalaisten suosikkipunainen: uhkea ja syv\u00e4 viininpunainen, joka tuo mieleen loppusyksyn karpalosadon. T\u00e4m\u00e4 v\u00e4ri on itsevarma kannanotto, jolla teet kalusteestasi todellisen katseenvangitsijan!","rel":"","context":"Samankaltainen artikkeli","block_context":{"text":"Samankaltainen artikkeli","link":""},"img":{"alt_text":"","src":"https:\/\/i0.wp.com\/puuhamari.fi\/wp-content\/uploads\/2022\/02\/Fusion_Mineral_Paint_Cranberry_pint-b-scaled.jpg?fit=1200%2C1200&ssl=1&resize=350%2C200","width":350,"height":200,"srcset":"https:\/\/i0.wp.com\/puuhamari.fi\/wp-content\/uploads\/2022\/02\/Fusion_Mineral_Paint_Cranberry_pint-b-scaled.jpg?fit=1200%2C1200&ssl=1&resize=350%2C200 1x, https:\/\/i0.wp.com\/puuhamari.fi\/wp-content\/uploads\/2022\/02\/Fusion_Mineral_Paint_Cranberry_pint-b-scaled.jpg?fit=1200%2C1200&ssl=1&resize=525%2C300 1.5x, https:\/\/i0.wp.com\/puuhamari.fi\/wp-content\/uploads\/2022\/02\/Fusion_Mineral_Paint_Cranberry_pint-b-scaled.jpg?fit=1200%2C1200&ssl=1&resize=700%2C400 2x, https:\/\/i0.wp.com\/puuhamari.fi\/wp-content\/uploads\/2022\/02\/Fusion_Mineral_Paint_Cranberry_pint-b-scaled.jpg?fit=1200%2C1200&ssl=1&resize=1050%2C600 3x"},"classes":[]},{"id":4581,"url":"https:\/\/puuhamari.fi\/?product=tuscan-orange","url_meta":{"origin":9158,"position":5},"title":"Tuscan Orange","author":"PuuhaMari","date":"17 elokuun, 2022","format":false,"excerpt":"L\u00e4mpim\u00e4n maalaistunnelmainen ja rustiikkinen oranssi, jonka esikuvana ja innoittajana ovat toimineet romanttisen Toscanan alueen keltaiset ja oranssit talot (kts. 2 viimeist\u00e4 kuvaa).","rel":"","context":"Samankaltainen artikkeli","block_context":{"text":"Samankaltainen artikkeli","link":""},"img":{"alt_text":"","src":"https:\/\/i0.wp.com\/puuhamari.fi\/wp-content\/uploads\/2022\/08\/fusion_mineral_paint-tuscanorange-pint-b.jpg?fit=1200%2C1200&ssl=1&resize=350%2C200","width":350,"height":200,"srcset":"https:\/\/i0.wp.com\/puuhamari.fi\/wp-content\/uploads\/2022\/08\/fusion_mineral_paint-tuscanorange-pint-b.jpg?fit=1200%2C1200&ssl=1&resize=350%2C200 1x, https:\/\/i0.wp.com\/puuhamari.fi\/wp-content\/uploads\/2022\/08\/fusion_mineral_paint-tuscanorange-pint-b.jpg?fit=1200%2C1200&ssl=1&resize=525%2C300 1.5x, https:\/\/i0.wp.com\/puuhamari.fi\/wp-content\/uploads\/2022\/08\/fusion_mineral_paint-tuscanorange-pint-b.jpg?fit=1200%2C1200&ssl=1&resize=700%2C400 2x, https:\/\/i0.wp.com\/puuhamari.fi\/wp-content\/uploads\/2022\/08\/fusion_mineral_paint-tuscanorange-pint-b.jpg?fit=1200%2C1200&ssl=1&resize=1050%2C600 3x"},"classes":[]}],"_links":{"self":[{"href":"https:\/\/puuhamari.fi\/index.php?rest_route=\/wp\/v2\/product\/9158","targetHints":{"allow":["GET"]}}],"collection":[{"href":"https:\/\/puuhamari.fi\/index.php?rest_route=\/wp\/v2\/product"}],"about":[{"href":"https:\/\/puuhamari.fi\/index.php?rest_route=\/wp\/v2\/types\/product"}],"replies":[{"embeddable":true,"href":"https:\/\/puuhamari.fi\/index.php?rest_route=%2Fwp%2Fv2%2Fcomments&post=9158"}],"version-history":[{"count":1,"href":"https:\/\/puuhamari.fi\/index.php?rest_route=\/wp\/v2\/product\/9158\/revisions"}],"predecessor-version":[{"id":9162,"href":"https:\/\/puuhamari.fi\/index.php?rest_route=\/wp\/v2\/product\/9158\/revisions\/9162"}],"wp:featuredmedia":[{"embeddable":true,"href":"https:\/\/puuhamari.fi\/index.php?rest_route=\/wp\/v2\/media\/9159"}],"wp:attachment":[{"href":"https:\/\/puuhamari.fi\/index.php?rest_route=%2Fwp%2Fv2%2Fmedia&parent=9158"}],"wp:term":[{"taxonomy":"product_brand","embeddable":true,"href":"https:\/\/puuhamari.fi\/index.php?rest_route=%2Fwp%2Fv2%2Fproduct_brand&post=9158"},{"taxonomy":"product_cat","embeddable":true,"href":"https:\/\/puuhamari.fi\/index.php?rest_route=%2Fwp%2Fv2%2Fproduct_cat&post=9158"},{"taxonomy":"product_tag","embeddable":true,"href":"https:\/\/puuhamari.fi\/index.php?rest_route=%2Fwp%2Fv2%2Fproduct_tag&post=9158"}],"curies":[{"name":"wp","href":"https:\/\/api.w.org\/{rel}","templated":true}]}}