{"id":9163,"date":"2024-10-31T11:22:22","date_gmt":"2024-10-31T09:22:22","guid":{"rendered":"https:\/\/puuhamari.fi\/?post_type=product&#038;p=9163"},"modified":"2026-01-21T13:44:13","modified_gmt":"2026-01-21T11:44:13","slug":"fusion-levityssieni","status":"publish","type":"product","link":"https:\/\/puuhamari.fi\/?product=fusion-levityssieni","title":{"rendered":"Fusion levityssieni"},"content":{"rendered":"","protected":false},"excerpt":{"rendered":"<div>\n<p>Ergonomisella kahvalla varustettu sieni tarjoaa lis\u00e4vakautta ja helppoutta Tough Coat -viimeistelyainetta levitett\u00e4ess\u00e4.\u00a0 Sienen halkaisija on 10 cm. Yksi sieni per paketti.<\/p>\n<p><span style=\"font-family: var(--global-body-font-family);\">Tough Coat on helpoin kaataa kertak\u00e4ytt\u00f6lautaselle. Kostuta sieni vedell\u00e4, purista kuivaksi ja dippaa se vaaka-asennossa Tough Coat -aineeseen. Aloita projektisi yhdest\u00e4 p\u00e4\u00e4st\u00e4 ja pyyhk\u00e4ise tasaisin vedoin aina samaan suuntaan. Toista kunnes kaikki pinnat on k\u00e4sitelty. \u00c4l\u00e4 tee edestakaisin kulkevia vetoja kostealla Tough Coat -pinnalla, sill\u00e4 se aiheuttaa ilmakuplien muodostumista. <\/span><span style=\"font-family: var(--global-body-font-family);\">Anna Tough Coatin kuivua noin 2-4 tuntia ja toista sitten prosessi.<\/span><\/p>\n<p><span style=\"font-family: var(--global-body-font-family);\">Vinkki: Jotta sieni ei kuivu kerrosten v\u00e4lill\u00e4, s\u00e4ilyt\u00e4 se pussissa, josta ilman saa puristettua pois (esim. Minigrip).<\/span><\/p>\n<p><span style=\"font-family: var(--global-body-font-family);\">Puhdista sieni k\u00e4yt\u00f6n j\u00e4lkeen <\/span><a style=\"font-family: var(--global-body-font-family);\" href=\"https:\/\/puuhamari.fi\/?product=tela-ja-pensselisaippua\">Fusion pensselisaippualla<\/a><span style=\"font-family: var(--global-body-font-family);\"> ja vedell\u00e4. Huuhtele hyvin ja anna kuivua. S\u00e4ilyt\u00e4 sieni tulevia projekteja varten. Voit k\u00e4ytt\u00e4\u00e4 sient\u00e4si uudelleen noin 3-5 kertaa.<\/span><\/p>\n<\/div>\n","protected":false},"author":1,"featured_media":9164,"comment_status":"closed","ping_status":"closed","template":"","meta":{"advgb_blocks_editor_width":"","advgb_blocks_columns_visual_guide":"","advanced_seo_description":"","jetpack_seo_html_title":"","jetpack_seo_noindex":false,"_kad_post_transparent":"default","_kad_post_title":"","_kad_post_layout":"default","_kad_post_sidebar_id":"","_kad_post_content_style":"default","_kad_post_vertical_padding":"default","_kad_post_feature":"","_kad_post_feature_position":"","_kad_post_header":false,"_kad_post_footer":false,"_kad_post_classname":"","jetpack_post_was_ever_published":false},"product_brand":[],"product_cat":[310],"product_tag":[1257,1256,174,327],"class_list":{"0":"post-9163","1":"product","2":"type-product","3":"status-publish","4":"has-post-thumbnail","6":"product_cat-muut-fusion-valmisteet","7":"product_tag-aplikaatio","8":"product_tag-levityssieni","9":"product_tag-sieni","10":"product_tag-tough-coat","12":"first","13":"instock","14":"taxable","15":"shipping-taxable","16":"purchasable","17":"product-type-simple","18":"entry","19":"content-bg","20":"loop-entry"},"featured_img":"https:\/\/puuhamari.fi\/wp-content\/uploads\/2024\/10\/ToughCoatApplication-Sponges_600x.jpg","coauthors":[],"author_meta":{"author_link":"https:\/\/puuhamari.fi\/?author=1","display_name":"PuuhaMari"},"relative_dates":{"created":"Julkaistu 1 vuosi sitten","modified":"P\u00e4ivitetty 3 kuukautta sitten"},"absolute_dates":{"created":"Julkaistu 31 lokakuun, 2024","modified":"P\u00e4ivitetty 21 tammikuun, 2026"},"absolute_dates_time":{"created":"Julkaistu 31 lokakuun, 2024 11:22 am","modified":"P\u00e4ivitetty 21 tammikuun, 2026 1:44 pm"},"featured_img_caption":"","tax_additional":{"product_brand":{"linked":[],"unlinked":[],"slug":"product_brand","name":"Br\u00e4ndit"},"product_type":{"linked":["<a href=\"https:\/\/puuhamari.fi\/?taxonomy=product_type&#038;term=simple\" class=\"advgb-post-tax-term\">simple<\/a>"],"unlinked":["<span class=\"advgb-post-tax-term\">simple<\/span>"],"slug":"product_type","name":"Tuotetyyppi"},"product_visibility":{"linked":[],"unlinked":[],"slug":"product_visibility","name":"Tuotteen n\u00e4kyvyys"},"product_cat":{"linked":["<a href=\"https:\/\/puuhamari.fi\/?product_cat=muut-fusion-valmisteet\" class=\"advgb-post-tax-term\">Muut Fusion-valmisteet<\/a>"],"unlinked":["<span class=\"advgb-post-tax-term\">Muut Fusion-valmisteet<\/span>"],"slug":"product_cat","name":"Osastot"},"product_tag":{"linked":["<a href=\"https:\/\/puuhamari.fi\/?product_tag=aplikaatio\" class=\"advgb-post-tax-term\">aplikaatio<\/a>","<a href=\"https:\/\/puuhamari.fi\/?product_tag=levityssieni\" class=\"advgb-post-tax-term\">levityssieni<\/a>","<a href=\"https:\/\/puuhamari.fi\/?product_tag=sieni\" class=\"advgb-post-tax-term\">Sieni<\/a>","<a href=\"https:\/\/puuhamari.fi\/?product_tag=tough-coat\" class=\"advgb-post-tax-term\">Tough Coat<\/a>"],"unlinked":["<span class=\"advgb-post-tax-term\">aplikaatio<\/span>","<span class=\"advgb-post-tax-term\">levityssieni<\/span>","<span class=\"advgb-post-tax-term\">Sieni<\/span>","<span class=\"advgb-post-tax-term\">Tough Coat<\/span>"],"slug":"product_tag","name":"Avainsanat tuotteelle"},"product_shipping_class":{"linked":[],"unlinked":[],"slug":"product_shipping_class","name":"Tuotteen toimitusluokat"},"pos_product_visibility":{"linked":[],"unlinked":[],"slug":"pos_product_visibility","name":"POS Product visibility"},"pa_arkin-koko":{"linked":[],"unlinked":[],"slug":"pa_arkin-koko","name":"Tuote Arkin koko"},"pa_hiomatyynyn-karkeus":{"linked":[],"unlinked":[],"slug":"pa_hiomatyynyn-karkeus","name":"Tuote Hiomatyynyn karkeus"},"pa_kehys":{"linked":[],"unlinked":[],"slug":"pa_kehys","name":"Tuote Kehys"},"pa_kuvion-nro":{"linked":[],"unlinked":[],"slug":"pa_kuvion-nro","name":"Tuote Kuvion nro"},"pa_littean-pensselin-koko":{"linked":[],"unlinked":[],"slug":"pa_littean-pensselin-koko","name":"Tuote Litte\u00e4n pensselin koko"},"pa_maalivari":{"linked":[],"unlinked":[],"slug":"pa_maalivari","name":"Tuote Maaliv\u00e4ri"},"pa_palatapettien-lkm":{"linked":[],"unlinked":[],"slug":"pa_palatapettien-lkm","name":"Tuote Palatapettien lkm"},"pa_purkin-koko":{"linked":[],"unlinked":[],"slug":"pa_purkin-koko","name":"Tuote Purkin koko"},"pa_sapluunan-koko":{"linked":[],"unlinked":[],"slug":"pa_sapluunan-koko","name":"Tuote Sapluunan koko"},"pa_tabletti":{"linked":[],"unlinked":[],"slug":"pa_tabletti","name":"Tuote Tabletti"},"pa_valitse-sisalto":{"linked":[],"unlinked":[],"slug":"pa_valitse-sisalto","name":"Tuote Valitse sis\u00e4lt\u00f6"},"pa_varjostin":{"linked":[],"unlinked":[],"slug":"pa_varjostin","name":"Tuote Varjostin"}},"series_order":"","jetpack_sharing_enabled":false,"jetpack_likes_enabled":false,"jetpack-related-posts":[{"id":3225,"url":"https:\/\/puuhamari.fi\/?product=tough-coat-pinnoite-kiiltava","url_meta":{"origin":9163,"position":0},"title":"Tough Coat -pinnoite, KIILT\u00c4V\u00c4","author":"PuuhaMari","date":"18 huhtikuun, 2022","format":false,"excerpt":"(Matta Tough Coat l\u00f6ytyy t\u00e4m\u00e4n linkin kautta.) Vesiliukoinen, KIILT\u00c4V\u00c4N pinnan j\u00e4tt\u00e4v\u00e4 Tough Coat -viimeistelyaine ei kellastu ajan my\u00f6t\u00e4. Se toimii mainiosti kaikkialla miss\u00e4 tarvitset ylim\u00e4\u00e4r\u00e4isi\u00e4 kerroksia suojaamaan pintoja paljolta kulutukselta ja hankaukselta (esim. p\u00f6yt\u00e4pinnat). Levit\u00e4 aine puhtaalla pesusienell\u00e4, niin kalusteeseen ei j\u00e4\u00e4 siveltimenj\u00e4lki\u00e4, ja saan kauniisti kiilt\u00e4v\u00e4n pinnan. HUOM! (Editoitu\u2026","rel":"","context":"Samankaltainen artikkeli","block_context":{"text":"Samankaltainen artikkeli","link":""},"img":{"alt_text":"","src":"https:\/\/i0.wp.com\/puuhamari.fi\/wp-content\/uploads\/2022\/04\/008-Tough_Coat_Gloss_HR_220308_0412-b.jpg?fit=1200%2C1200&ssl=1&resize=350%2C200","width":350,"height":200,"srcset":"https:\/\/i0.wp.com\/puuhamari.fi\/wp-content\/uploads\/2022\/04\/008-Tough_Coat_Gloss_HR_220308_0412-b.jpg?fit=1200%2C1200&ssl=1&resize=350%2C200 1x, https:\/\/i0.wp.com\/puuhamari.fi\/wp-content\/uploads\/2022\/04\/008-Tough_Coat_Gloss_HR_220308_0412-b.jpg?fit=1200%2C1200&ssl=1&resize=525%2C300 1.5x, https:\/\/i0.wp.com\/puuhamari.fi\/wp-content\/uploads\/2022\/04\/008-Tough_Coat_Gloss_HR_220308_0412-b.jpg?fit=1200%2C1200&ssl=1&resize=700%2C400 2x, https:\/\/i0.wp.com\/puuhamari.fi\/wp-content\/uploads\/2022\/04\/008-Tough_Coat_Gloss_HR_220308_0412-b.jpg?fit=1200%2C1200&ssl=1&resize=1050%2C600 3x"},"classes":[]},{"id":3223,"url":"https:\/\/puuhamari.fi\/?product=tough-coat-pinnoite-matta","url_meta":{"origin":9163,"position":1},"title":"Tough Coat -pinnoite, MATTA","author":"PuuhaMari","date":"18 huhtikuun, 2022","format":false,"excerpt":"(Kiilt\u00e4v\u00e4 Tough Coat l\u00f6ytyy t\u00e4m\u00e4n linkin kautta.) Vesiliukoinen, MATAN pinnan j\u00e4tt\u00e4v\u00e4 Tough Coat -viimeistelyaine ei kellastu ajan my\u00f6t\u00e4. Se toimii mainiosti kaikkialla miss\u00e4 tarvitset ylim\u00e4\u00e4r\u00e4isi\u00e4 kerroksia suojaamaan pintoja paljolta kulutukselta ja hankaukselta (esim. p\u00f6yt\u00e4pinnat). Levit\u00e4 aine puhtaalla pesusienell\u00e4, niin kalusteeseen ei j\u00e4\u00e4 siveltimenj\u00e4lki\u00e4. HUOM! (Editoitu 09\/24) Voit k\u00e4ytt\u00e4\u00e4 Tough Coat:ia\u2026","rel":"","context":"Samankaltainen artikkeli","block_context":{"text":"Samankaltainen artikkeli","link":""},"img":{"alt_text":"","src":"https:\/\/i0.wp.com\/puuhamari.fi\/wp-content\/uploads\/2022\/04\/007-Tough_Coat_Matte_HR_220308_0411-b.jpg?fit=1200%2C1200&ssl=1&resize=350%2C200","width":350,"height":200,"srcset":"https:\/\/i0.wp.com\/puuhamari.fi\/wp-content\/uploads\/2022\/04\/007-Tough_Coat_Matte_HR_220308_0411-b.jpg?fit=1200%2C1200&ssl=1&resize=350%2C200 1x, https:\/\/i0.wp.com\/puuhamari.fi\/wp-content\/uploads\/2022\/04\/007-Tough_Coat_Matte_HR_220308_0411-b.jpg?fit=1200%2C1200&ssl=1&resize=525%2C300 1.5x, https:\/\/i0.wp.com\/puuhamari.fi\/wp-content\/uploads\/2022\/04\/007-Tough_Coat_Matte_HR_220308_0411-b.jpg?fit=1200%2C1200&ssl=1&resize=700%2C400 2x, https:\/\/i0.wp.com\/puuhamari.fi\/wp-content\/uploads\/2022\/04\/007-Tough_Coat_Matte_HR_220308_0411-b.jpg?fit=1200%2C1200&ssl=1&resize=1050%2C600 3x"},"classes":[]},{"id":9193,"url":"https:\/\/puuhamari.fi\/?product=clear-glaze-kuullote","url_meta":{"origin":9163,"position":2},"title":"V\u00e4rit\u00f6n\/s\u00e4vytett\u00e4v\u00e4 kuullote","author":"PuuhaMari","date":"1 marraskuun, 2024","format":false,"excerpt":"HUIPPUIDEA: s\u00e4vyt\u00e4 v\u00e4rit\u00f6n Clear Glaze mill\u00e4 tahansa Fusion maalis\u00e4vyll\u00e4 haluamasi v\u00e4riseksi!! (Katso kuvat) Kuullotteet sopivat erinomaisesti erikoisefektien luomiseen huonekaluihin ja seiniin. Fusionin poikkeuksellisen helppok\u00e4ytt\u00f6isill\u00e4 ja pitk\u00e4n aukioloajan (jopa 20 min) omaavilla kuullotteilla saat aikaan ammattimaisen lopputuloksen. Kuivuessaan aine muuttuu mattapintaiseksi. Anna kuullotteen kuivua noin vuorokauden ajan, jos lis\u00e4\u00e4t sen p\u00e4\u00e4lle\u2026","rel":"","context":"Samankaltainen artikkeli","block_context":{"text":"Samankaltainen artikkeli","link":""},"img":{"alt_text":"","src":"https:\/\/i0.wp.com\/puuhamari.fi\/wp-content\/uploads\/2024\/11\/Glaze-CLEAR-250mlb.jpg?fit=996%2C996&ssl=1&resize=350%2C200","width":350,"height":200,"srcset":"https:\/\/i0.wp.com\/puuhamari.fi\/wp-content\/uploads\/2024\/11\/Glaze-CLEAR-250mlb.jpg?fit=996%2C996&ssl=1&resize=350%2C200 1x, https:\/\/i0.wp.com\/puuhamari.fi\/wp-content\/uploads\/2024\/11\/Glaze-CLEAR-250mlb.jpg?fit=996%2C996&ssl=1&resize=525%2C300 1.5x, https:\/\/i0.wp.com\/puuhamari.fi\/wp-content\/uploads\/2024\/11\/Glaze-CLEAR-250mlb.jpg?fit=996%2C996&ssl=1&resize=700%2C400 2x"},"classes":[]},{"id":9191,"url":"https:\/\/puuhamari.fi\/?product=antiquing-glaze-kuullote","url_meta":{"origin":9163,"position":3},"title":"Antiikki kuullote","author":"PuuhaMari","date":"1 marraskuun, 2024","format":false,"excerpt":"Antiquing Glaze on s\u00e4vytetty kevyesti t\u00e4ytel\u00e4isen ruskeaksi, joten vanhennat sill\u00e4 superhelposti esim. \"liian valkoiset\" kalusteet vanhan tai jopa antiikkisen n\u00e4k\u00f6iseksi. Kuullotteet sopivat erinomaisesti erikoisefektien luomiseen huonekaluihin ja seiniin. Fusionin poikkeuksellisen helppok\u00e4ytt\u00f6isill\u00e4 ja pitk\u00e4n aukioloajan (jopa 20 min) omaavilla kuullotteilla saat aikaan ammattimaisen lopputuloksen. Kuivuessaan aine muuttuu mattapintaiseksi. Anna kuullotteen kuivua\u2026","rel":"","context":"Samankaltainen artikkeli","block_context":{"text":"Samankaltainen artikkeli","link":""},"img":{"alt_text":"","src":"https:\/\/i0.wp.com\/puuhamari.fi\/wp-content\/uploads\/2024\/11\/Glaze-ANTIQUING-250mlb.jpg?fit=996%2C996&ssl=1&resize=350%2C200","width":350,"height":200,"srcset":"https:\/\/i0.wp.com\/puuhamari.fi\/wp-content\/uploads\/2024\/11\/Glaze-ANTIQUING-250mlb.jpg?fit=996%2C996&ssl=1&resize=350%2C200 1x, https:\/\/i0.wp.com\/puuhamari.fi\/wp-content\/uploads\/2024\/11\/Glaze-ANTIQUING-250mlb.jpg?fit=996%2C996&ssl=1&resize=525%2C300 1.5x, https:\/\/i0.wp.com\/puuhamari.fi\/wp-content\/uploads\/2024\/11\/Glaze-ANTIQUING-250mlb.jpg?fit=996%2C996&ssl=1&resize=700%2C400 2x"},"classes":[]},{"id":3263,"url":"https:\/\/puuhamari.fi\/?product=beeswax-mehilaisvaha","url_meta":{"origin":9163,"position":4},"title":"Beeswax\/Hemp Finish &#8211; mehil\u00e4isvaha","author":"PuuhaMari","date":"3 toukokuun, 2022","format":false,"excerpt":"Seuraavaa er\u00e4\u00e4 odotetaan saapuvaksi tiistaina 15.7.2025!\u00a0 T\u00e4m\u00e4 mehil\u00e4isvaha on kehitetty nimenomaan osaksi Fusion tuoteperhett\u00e4, ja se sis\u00e4lt\u00e4\u00e4 vain puhdasta mehil\u00e4isvahaa ja hippusen hampunsiemen\u00f6ljy\u00e4. Se on elintarviketurvallinen, t\u00e4ysin luonnollinen tuote, joka muodostaa pehme\u00e4n, satiininsile\u00e4n pinnan. Ja se pysyy kauniina pitk\u00e4\u00e4n! Voit laittaa mehil\u00e4isvahaa Fusion Mineral Paintin\u2122 p\u00e4\u00e4lle, kun haluat kalusteelle kaunista\u2026","rel":"","context":"Samankaltainen artikkeli","block_context":{"text":"Samankaltainen artikkeli","link":""},"img":{"alt_text":"","src":"https:\/\/i0.wp.com\/puuhamari.fi\/wp-content\/uploads\/2022\/05\/fusion_mineral_paint-beeswaxfinish-B.jpg?fit=1200%2C1200&ssl=1&resize=350%2C200","width":350,"height":200,"srcset":"https:\/\/i0.wp.com\/puuhamari.fi\/wp-content\/uploads\/2022\/05\/fusion_mineral_paint-beeswaxfinish-B.jpg?fit=1200%2C1200&ssl=1&resize=350%2C200 1x, https:\/\/i0.wp.com\/puuhamari.fi\/wp-content\/uploads\/2022\/05\/fusion_mineral_paint-beeswaxfinish-B.jpg?fit=1200%2C1200&ssl=1&resize=525%2C300 1.5x, https:\/\/i0.wp.com\/puuhamari.fi\/wp-content\/uploads\/2022\/05\/fusion_mineral_paint-beeswaxfinish-B.jpg?fit=1200%2C1200&ssl=1&resize=700%2C400 2x, https:\/\/i0.wp.com\/puuhamari.fi\/wp-content\/uploads\/2022\/05\/fusion_mineral_paint-beeswaxfinish-B.jpg?fit=1200%2C1200&ssl=1&resize=1050%2C600 3x"},"classes":[]},{"id":5264,"url":"https:\/\/puuhamari.fi\/?product=extender-maalin-avoinnaolon-pidentaja","url_meta":{"origin":9163,"position":5},"title":"Extender &#8211; maalin avoinnaolon pident\u00e4j\u00e4","author":"PuuhaMari","date":"18 maaliskuun, 2023","format":false,"excerpt":"Tied\u00e4th\u00e4n silm\u00e4tipat, jotka kosteuttavat ja liukastavat silmi\u00e4? Extender on \"silm\u00e4tippoja maalillesi.\" Kun haluat pident\u00e4\u00e4 maalin nk. avoinnaoloaikaa (eli aikaa jonka sis\u00e4ll\u00e4 maali on kostean notkeaa, ja tottelee pensselin ohjausta). Kun tarvitset apua siveltimenj\u00e4lkien minimoimisessa. Esim. runsaasti Mica-pigmenttej\u00e4 sis\u00e4lt\u00e4vien metallimaalien kanssa. Kuiva ja\/tai l\u00e4mmin maalausilma saattaa j\u00e4ykist\u00e4\u00e4 maalin liian nopeasti, mutta\u2026","rel":"","context":"Samankaltainen artikkeli","block_context":{"text":"Samankaltainen artikkeli","link":""},"img":{"alt_text":"","src":"https:\/\/i0.wp.com\/puuhamari.fi\/wp-content\/uploads\/2023\/03\/Extender-White-HiRes-B.jpg?fit=1200%2C1200&ssl=1&resize=350%2C200","width":350,"height":200,"srcset":"https:\/\/i0.wp.com\/puuhamari.fi\/wp-content\/uploads\/2023\/03\/Extender-White-HiRes-B.jpg?fit=1200%2C1200&ssl=1&resize=350%2C200 1x, https:\/\/i0.wp.com\/puuhamari.fi\/wp-content\/uploads\/2023\/03\/Extender-White-HiRes-B.jpg?fit=1200%2C1200&ssl=1&resize=525%2C300 1.5x, https:\/\/i0.wp.com\/puuhamari.fi\/wp-content\/uploads\/2023\/03\/Extender-White-HiRes-B.jpg?fit=1200%2C1200&ssl=1&resize=700%2C400 2x, https:\/\/i0.wp.com\/puuhamari.fi\/wp-content\/uploads\/2023\/03\/Extender-White-HiRes-B.jpg?fit=1200%2C1200&ssl=1&resize=1050%2C600 3x"},"classes":[]}],"_links":{"self":[{"href":"https:\/\/puuhamari.fi\/index.php?rest_route=\/wp\/v2\/product\/9163","targetHints":{"allow":["GET"]}}],"collection":[{"href":"https:\/\/puuhamari.fi\/index.php?rest_route=\/wp\/v2\/product"}],"about":[{"href":"https:\/\/puuhamari.fi\/index.php?rest_route=\/wp\/v2\/types\/product"}],"replies":[{"embeddable":true,"href":"https:\/\/puuhamari.fi\/index.php?rest_route=%2Fwp%2Fv2%2Fcomments&post=9163"}],"version-history":[{"count":2,"href":"https:\/\/puuhamari.fi\/index.php?rest_route=\/wp\/v2\/product\/9163\/revisions"}],"predecessor-version":[{"id":9166,"href":"https:\/\/puuhamari.fi\/index.php?rest_route=\/wp\/v2\/product\/9163\/revisions\/9166"}],"wp:featuredmedia":[{"embeddable":true,"href":"https:\/\/puuhamari.fi\/index.php?rest_route=\/wp\/v2\/media\/9164"}],"wp:attachment":[{"href":"https:\/\/puuhamari.fi\/index.php?rest_route=%2Fwp%2Fv2%2Fmedia&parent=9163"}],"wp:term":[{"taxonomy":"product_brand","embeddable":true,"href":"https:\/\/puuhamari.fi\/index.php?rest_route=%2Fwp%2Fv2%2Fproduct_brand&post=9163"},{"taxonomy":"product_cat","embeddable":true,"href":"https:\/\/puuhamari.fi\/index.php?rest_route=%2Fwp%2Fv2%2Fproduct_cat&post=9163"},{"taxonomy":"product_tag","embeddable":true,"href":"https:\/\/puuhamari.fi\/index.php?rest_route=%2Fwp%2Fv2%2Fproduct_tag&post=9163"}],"curies":[{"name":"wp","href":"https:\/\/api.w.org\/{rel}","templated":true}]}}