{"id":9191,"date":"2024-11-01T14:57:25","date_gmt":"2024-11-01T12:57:25","guid":{"rendered":"https:\/\/puuhamari.fi\/?post_type=product&#038;p=9191"},"modified":"2026-03-18T18:43:31","modified_gmt":"2026-03-18T16:43:31","slug":"antiquing-glaze-kuullote","status":"publish","type":"product","link":"https:\/\/puuhamari.fi\/?product=antiquing-glaze-kuullote","title":{"rendered":"Antiikki kuullote"},"content":{"rendered":"<div class=\"entry-content-asset videofit\">\n<div class=\"jetpack-video-wrapper\"><iframe title=\"Antiquing Glaze by Fusion!\" width=\"720\" height=\"405\" src=\"https:\/\/www.youtube.com\/embed\/x-coojSDTPk?feature=oembed\" frameborder=\"0\" allow=\"accelerometer; autoplay; clipboard-write; encrypted-media; gyroscope; picture-in-picture; web-share\" referrerpolicy=\"strict-origin-when-cross-origin\" allowfullscreen><\/iframe><\/div>\n<\/div>\n","protected":false},"excerpt":{"rendered":"<p>Antiquing Glaze on s\u00e4vytetty kevyesti t\u00e4ytel\u00e4isen ruskeaksi, joten vanhennat sill\u00e4 superhelposti esim. &#8220;liian valkoiset&#8221; kalusteet vanhan tai jopa antiikkisen n\u00e4k\u00f6iseksi.<\/p>\n<p>Kuullotteet sopivat erinomaisesti erikoisefektien luomiseen huonekaluihin ja seiniin. Fusionin poikkeuksellisen helppok\u00e4ytt\u00f6isill\u00e4 ja pitk\u00e4n aukioloajan <em>(jopa 20 min)<\/em> omaavilla kuullotteilla saat aikaan ammattimaisen lopputuloksen. Kuivuessaan aine muuttuu mattapintaiseksi.<\/p>\n<p>Anna kuullotteen kuivua noin vuorokauden ajan, jos lis\u00e4\u00e4t sen p\u00e4\u00e4lle viel\u00e4 muita tuotteita. Kovalla kulutuksella olevat pinnat <em>(esim. p\u00f6yt\u00e4tasot)<\/em> suosittelemme viimeistelem\u00e4\u00e4n Fusion Tough Coatilla. <em>(Muun tyyppisiss\u00e4 kohteissa kuullote ei tarvitse lis\u00e4suojaa)<\/em><\/p>\n","protected":false},"author":1,"featured_media":9200,"comment_status":"closed","ping_status":"closed","template":"","meta":{"advgb_blocks_editor_width":"","advgb_blocks_columns_visual_guide":"","advanced_seo_description":"","jetpack_seo_html_title":"","jetpack_seo_noindex":false,"_kad_post_transparent":"default","_kad_post_title":"","_kad_post_layout":"default","_kad_post_sidebar_id":"","_kad_post_content_style":"default","_kad_post_vertical_padding":"default","_kad_post_feature":"","_kad_post_feature_position":"","_kad_post_header":false,"_kad_post_footer":false,"_kad_post_classname":"","jetpack_post_was_ever_published":false},"product_brand":[],"product_cat":[310],"product_tag":[1260,1261,1264,1262,1263],"class_list":{"0":"post-9191","1":"product","2":"type-product","3":"status-publish","4":"has-post-thumbnail","6":"product_cat-muut-fusion-valmisteet","7":"product_tag-glaze","8":"product_tag-kuullote","9":"product_tag-kuultovari","10":"product_tag-lasuuri","11":"product_tag-lasyyri","13":"first","14":"instock","15":"taxable","16":"shipping-taxable","17":"purchasable","18":"product-type-simple","19":"entry","20":"content-bg","21":"loop-entry"},"featured_img":"https:\/\/puuhamari.fi\/wp-content\/uploads\/2024\/11\/Glaze-ANTIQUING-250mlb.jpg","coauthors":[],"author_meta":{"author_link":"https:\/\/puuhamari.fi\/?author=1","display_name":"PuuhaMari"},"relative_dates":{"created":"Julkaistu 1 vuosi sitten","modified":"P\u00e4ivitetty 1 kuukausi sitten"},"absolute_dates":{"created":"Julkaistu 1 marraskuun, 2024","modified":"P\u00e4ivitetty 18 maaliskuun, 2026"},"absolute_dates_time":{"created":"Julkaistu 1 marraskuun, 2024 2:57 pm","modified":"P\u00e4ivitetty 18 maaliskuun, 2026 6:43 pm"},"featured_img_caption":"","tax_additional":{"product_brand":{"linked":[],"unlinked":[],"slug":"product_brand","name":"Br\u00e4ndit"},"product_type":{"linked":["<a href=\"https:\/\/puuhamari.fi\/?taxonomy=product_type&#038;term=simple\" class=\"advgb-post-tax-term\">simple<\/a>"],"unlinked":["<span class=\"advgb-post-tax-term\">simple<\/span>"],"slug":"product_type","name":"Tuotetyyppi"},"product_visibility":{"linked":[],"unlinked":[],"slug":"product_visibility","name":"Tuotteen n\u00e4kyvyys"},"product_cat":{"linked":["<a href=\"https:\/\/puuhamari.fi\/?product_cat=muut-fusion-valmisteet\" class=\"advgb-post-tax-term\">Muut Fusion-valmisteet<\/a>"],"unlinked":["<span class=\"advgb-post-tax-term\">Muut Fusion-valmisteet<\/span>"],"slug":"product_cat","name":"Osastot"},"product_tag":{"linked":["<a href=\"https:\/\/puuhamari.fi\/?product_tag=glaze\" class=\"advgb-post-tax-term\">glaze<\/a>","<a href=\"https:\/\/puuhamari.fi\/?product_tag=kuullote\" class=\"advgb-post-tax-term\">kuullote<\/a>","<a href=\"https:\/\/puuhamari.fi\/?product_tag=kuultovari\" class=\"advgb-post-tax-term\">kuultov\u00e4ri<\/a>","<a href=\"https:\/\/puuhamari.fi\/?product_tag=lasuuri\" class=\"advgb-post-tax-term\">lasuuri<\/a>","<a href=\"https:\/\/puuhamari.fi\/?product_tag=lasyyri\" class=\"advgb-post-tax-term\">lasyyri<\/a>"],"unlinked":["<span class=\"advgb-post-tax-term\">glaze<\/span>","<span class=\"advgb-post-tax-term\">kuullote<\/span>","<span class=\"advgb-post-tax-term\">kuultov\u00e4ri<\/span>","<span class=\"advgb-post-tax-term\">lasuuri<\/span>","<span class=\"advgb-post-tax-term\">lasyyri<\/span>"],"slug":"product_tag","name":"Avainsanat tuotteelle"},"product_shipping_class":{"linked":[],"unlinked":[],"slug":"product_shipping_class","name":"Tuotteen toimitusluokat"},"pos_product_visibility":{"linked":[],"unlinked":[],"slug":"pos_product_visibility","name":"POS Product visibility"},"pa_arkin-koko":{"linked":[],"unlinked":[],"slug":"pa_arkin-koko","name":"Tuote Arkin koko"},"pa_hiomatyynyn-karkeus":{"linked":[],"unlinked":[],"slug":"pa_hiomatyynyn-karkeus","name":"Tuote Hiomatyynyn karkeus"},"pa_kehys":{"linked":[],"unlinked":[],"slug":"pa_kehys","name":"Tuote Kehys"},"pa_kuvion-nro":{"linked":[],"unlinked":[],"slug":"pa_kuvion-nro","name":"Tuote Kuvion nro"},"pa_littean-pensselin-koko":{"linked":[],"unlinked":[],"slug":"pa_littean-pensselin-koko","name":"Tuote Litte\u00e4n pensselin koko"},"pa_maalivari":{"linked":[],"unlinked":[],"slug":"pa_maalivari","name":"Tuote Maaliv\u00e4ri"},"pa_palatapettien-lkm":{"linked":[],"unlinked":[],"slug":"pa_palatapettien-lkm","name":"Tuote Palatapettien lkm"},"pa_purkin-koko":{"linked":["<a href=\"https:\/\/puuhamari.fi\/?taxonomy=pa_purkin-koko&#038;term=250-ml\" class=\"advgb-post-tax-term\">250 ml<\/a>"],"unlinked":["<span class=\"advgb-post-tax-term\">250 ml<\/span>"],"slug":"pa_purkin-koko","name":"Tuote Purkin koko"},"pa_sapluunan-koko":{"linked":[],"unlinked":[],"slug":"pa_sapluunan-koko","name":"Tuote Sapluunan koko"},"pa_tabletti":{"linked":[],"unlinked":[],"slug":"pa_tabletti","name":"Tuote Tabletti"},"pa_valitse-sisalto":{"linked":[],"unlinked":[],"slug":"pa_valitse-sisalto","name":"Tuote Valitse sis\u00e4lt\u00f6"},"pa_varjostin":{"linked":[],"unlinked":[],"slug":"pa_varjostin","name":"Tuote Varjostin"}},"series_order":"","jetpack_sharing_enabled":false,"jetpack_likes_enabled":false,"jetpack-related-posts":[{"id":7869,"url":"https:\/\/puuhamari.fi\/?product=a3-craneium","url_meta":{"origin":9191,"position":0},"title":"A3 Craneium","author":"PuuhaMari","date":"27 maaliskuun, 2024","format":false,"excerpt":"Hienostunut v\u00e4riskaala, joka sopii ylv\u00e4ille mant\u0161uriankurjille. (Tiesitk\u00f6, ett\u00e4 ne ovat 150-160cm pitki\u00e4, ja voivat el\u00e4\u00e4 jopa 70-vuotiaiksi? \ud83d\ude2e ) Pane merkille my\u00f6s taustan ja reunojen kuviot, joita voit k\u00e4ytt\u00e4\u00e4 hyv\u00e4ksesi esim. hyllyjen\/kaapinrunkojen etureunoissa! PAKKAUS SIS\u00c4LT\u00c4\u00c4 3 kpl A3-KOKOISIA ARKKEJA: Kaikissa kolmessa arkissa on sama kauniin levollinen tausta, mutta kurjet vaihtelevat\u2026","rel":"","context":"With 2 comments","block_context":{"text":"With 2 comments","link":"https:\/\/puuhamari.fi\/?product=a3-craneium#comments"},"img":{"alt_text":"","src":"https:\/\/i0.wp.com\/puuhamari.fi\/wp-content\/uploads\/2024\/03\/Craneium-1.png?fit=1080%2C1080&ssl=1&resize=350%2C200","width":350,"height":200,"srcset":"https:\/\/i0.wp.com\/puuhamari.fi\/wp-content\/uploads\/2024\/03\/Craneium-1.png?fit=1080%2C1080&ssl=1&resize=350%2C200 1x, https:\/\/i0.wp.com\/puuhamari.fi\/wp-content\/uploads\/2024\/03\/Craneium-1.png?fit=1080%2C1080&ssl=1&resize=525%2C300 1.5x, https:\/\/i0.wp.com\/puuhamari.fi\/wp-content\/uploads\/2024\/03\/Craneium-1.png?fit=1080%2C1080&ssl=1&resize=700%2C400 2x, https:\/\/i0.wp.com\/puuhamari.fi\/wp-content\/uploads\/2024\/03\/Craneium-1.png?fit=1080%2C1080&ssl=1&resize=1050%2C600 3x"},"classes":[]},{"id":5702,"url":"https:\/\/puuhamari.fi\/?product=dm-nordic-twin","url_meta":{"origin":9191,"position":1},"title":"DM-Nordic Twin","author":"PuuhaMari","date":"1 toukokuun, 2023","format":false,"excerpt":"Suloinen lintupariskunta on ihana Folk Art -tyylinen sapluuna.\u00a0\u00a0K\u00e4yt\u00e4 sit\u00e4 mihin tahansa tee-se-itse projektiisi joko yksitt\u00e4isin\u00e4 lintuina, lintuparina tai jopa reunusnauhana. Mist\u00e4 sinun luotasi l\u00f6ytyisi koti sille: em\u00e4nn\u00e4nkaapin ovesta vaiko puusohvan, tuolien tai keinun selk\u00e4osasta? Tekisitk\u00f6 h\u00e4\u00e4- ja risti\u00e4iskoristelut p\u00f6yt\u00e4liinoihin, kangasservetteihin ja jopa KAKKUIHIN! Vai uuden vauvan peittoon, katokseen tai h\u00e4nen\u2026","rel":"","context":"Samankaltainen artikkeli","block_context":{"text":"Samankaltainen artikkeli","link":""},"img":{"alt_text":"","src":"https:\/\/i0.wp.com\/puuhamari.fi\/wp-content\/uploads\/2023\/05\/Nordic-Twin-1Ab.jpg?fit=868%2C868&ssl=1&resize=350%2C200","width":350,"height":200,"srcset":"https:\/\/i0.wp.com\/puuhamari.fi\/wp-content\/uploads\/2023\/05\/Nordic-Twin-1Ab.jpg?fit=868%2C868&ssl=1&resize=350%2C200 1x, https:\/\/i0.wp.com\/puuhamari.fi\/wp-content\/uploads\/2023\/05\/Nordic-Twin-1Ab.jpg?fit=868%2C868&ssl=1&resize=525%2C300 1.5x, https:\/\/i0.wp.com\/puuhamari.fi\/wp-content\/uploads\/2023\/05\/Nordic-Twin-1Ab.jpg?fit=868%2C868&ssl=1&resize=700%2C400 2x"},"classes":[]},{"id":5738,"url":"https:\/\/puuhamari.fi\/?product=dm-botanical-border-2-pack","url_meta":{"origin":9191,"position":2},"title":"DM-Botanical Border &#8220;2 pack&#8221;","author":"PuuhaMari","date":"1 toukokuun, 2023","format":false,"excerpt":"Skandinaavisen tyylin kukat ovat ihastuttavia joko boordina keitti\u00f6pyyhkeiss\u00e4 tai p\u00f6yt\u00e4liinoissa, mutta my\u00f6s KEHYKSEN\u00c4 mietelauseelle\/ rakkaalle sanalle (kts. kuvan esimerkki). Laita se vaikka eteisen oveen tervetulotoivotukseksi, tai tee siit\u00e4 taulu makuuhuoneeseen\/keitti\u00f6\u00f6n. Kotona tai m\u00f6kill\u00e4, ulkona tai sis\u00e4ll\u00e4, puuhun, metalliin, tekstiileihin - ja jopa kakkujen koristeluun! Valitse maali\/kuviointiaine k\u00e4ytt\u00f6kohteen vaatimusten mukaan. Paketti\u2026","rel":"","context":"Samankaltainen artikkeli","block_context":{"text":"Samankaltainen artikkeli","link":""},"img":{"alt_text":"","src":"https:\/\/i0.wp.com\/puuhamari.fi\/wp-content\/uploads\/2023\/05\/10946-A-BOTANICAL-BORDER-STENCILSM.jpg?fit=750%2C750&ssl=1&resize=350%2C200","width":350,"height":200,"srcset":"https:\/\/i0.wp.com\/puuhamari.fi\/wp-content\/uploads\/2023\/05\/10946-A-BOTANICAL-BORDER-STENCILSM.jpg?fit=750%2C750&ssl=1&resize=350%2C200 1x, https:\/\/i0.wp.com\/puuhamari.fi\/wp-content\/uploads\/2023\/05\/10946-A-BOTANICAL-BORDER-STENCILSM.jpg?fit=750%2C750&ssl=1&resize=525%2C300 1.5x, https:\/\/i0.wp.com\/puuhamari.fi\/wp-content\/uploads\/2023\/05\/10946-A-BOTANICAL-BORDER-STENCILSM.jpg?fit=750%2C750&ssl=1&resize=700%2C400 2x"},"classes":[]},{"id":5744,"url":"https:\/\/puuhamari.fi\/?product=dm-june-roses","url_meta":{"origin":9191,"position":3},"title":"DM-June Roses","author":"PuuhaMari","date":"1 toukokuun, 2023","format":false,"excerpt":"Ylioppilasruusujako n\u00e4m\u00e4 ovat? Vai valkoisella maalattuna juhannusruusuja? Tummanpunaisina ehk\u00e4 intohimoisen rakkauden tunnustajia! Kaikkiin tekstiileihin, lastenhuoneen kalusteisiin, ruokap\u00f6yt\u00e4\u00e4 kiert\u00e4m\u00e4\u00e4n k\u00f6ynn\u00f6ksen\u00e4, m\u00f6kkitarjottimen tai mehukannun koristeeksi... Miss\u00e4 sin\u00e4 n\u00e4m\u00e4 n\u00e4et? Voit my\u00f6s laittaa kuviot KEHYKSEKSI mietelauseelle\/ rakkaan ihmisen nimelle (kts. kuvan esimerkki). Kotona tai m\u00f6kill\u00e4, ulkona tai sis\u00e4ll\u00e4, puuhun, metalliin, tekstiileihin - ja\u2026","rel":"","context":"Samankaltainen artikkeli","block_context":{"text":"Samankaltainen artikkeli","link":""},"img":{"alt_text":"","src":"https:\/\/i0.wp.com\/puuhamari.fi\/wp-content\/uploads\/2023\/05\/10948-A-JUNE-ROSES-STENCILSM.jpg?fit=750%2C750&ssl=1&resize=350%2C200","width":350,"height":200,"srcset":"https:\/\/i0.wp.com\/puuhamari.fi\/wp-content\/uploads\/2023\/05\/10948-A-JUNE-ROSES-STENCILSM.jpg?fit=750%2C750&ssl=1&resize=350%2C200 1x, https:\/\/i0.wp.com\/puuhamari.fi\/wp-content\/uploads\/2023\/05\/10948-A-JUNE-ROSES-STENCILSM.jpg?fit=750%2C750&ssl=1&resize=525%2C300 1.5x, https:\/\/i0.wp.com\/puuhamari.fi\/wp-content\/uploads\/2023\/05\/10948-A-JUNE-ROSES-STENCILSM.jpg?fit=750%2C750&ssl=1&resize=700%2C400 2x"},"classes":[]},{"id":5750,"url":"https:\/\/puuhamari.fi\/?product=dm-wildflowers","url_meta":{"origin":9191,"position":4},"title":"DM-Wildflowers","author":"PuuhaMari","date":"1 toukokuun, 2023","format":false,"excerpt":"Skandinaavisen Folk Art:in tyylilajiin istuvat kedon kukkaset sopivat eritt\u00e4in kauniisti sek\u00e4 moderniin Boho-sisustukseen, m\u00f6kkiymp\u00e4rist\u00f6\u00f6n, ett\u00e4 ihan tavalliseenkin kotiin. Niiden design ei kerskaile olemuksellaan, mutta onnistuu silti v\u00e4himm\u00e4ll\u00e4 mahdollisella vaivalla sulostuttamaan mit\u00e4 tahansa kodin k\u00e4ytt\u00f6esinett\u00e4\u00a0 ja kalustetta. Kokeile vaikka! Voit my\u00f6s laittaa kuviot KEHYKSEKSI mietelauseelle\/ \"Marin keitti\u00f6\"-tyyliselle taululle (kts. kuvan esimerkki).\u2026","rel":"","context":"Samankaltainen artikkeli","block_context":{"text":"Samankaltainen artikkeli","link":""},"img":{"alt_text":"","src":"https:\/\/i0.wp.com\/puuhamari.fi\/wp-content\/uploads\/2023\/05\/10949-A-WILDFLOWERS-STENCILSM.jpg?fit=750%2C750&ssl=1&resize=350%2C200","width":350,"height":200,"srcset":"https:\/\/i0.wp.com\/puuhamari.fi\/wp-content\/uploads\/2023\/05\/10949-A-WILDFLOWERS-STENCILSM.jpg?fit=750%2C750&ssl=1&resize=350%2C200 1x, https:\/\/i0.wp.com\/puuhamari.fi\/wp-content\/uploads\/2023\/05\/10949-A-WILDFLOWERS-STENCILSM.jpg?fit=750%2C750&ssl=1&resize=525%2C300 1.5x, https:\/\/i0.wp.com\/puuhamari.fi\/wp-content\/uploads\/2023\/05\/10949-A-WILDFLOWERS-STENCILSM.jpg?fit=750%2C750&ssl=1&resize=700%2C400 2x"},"classes":[]},{"id":4496,"url":"https:\/\/puuhamari.fi\/?product=siirtokuva-midnight-floral","url_meta":{"origin":9191,"position":5},"title":"Siirtokuva Midnight Floral","author":"PuuhaMari","date":"15 elokuun, 2022","format":false,"excerpt":"Upeat, tummanpuhuvat ruusut vuorottelevat vaaleiden ja jopa pelkin \u00e4\u00e4riviivoin piirrettyjen ruusujen kanssa. Voit vapaasti leikata kalvosta erilleen yksitt\u00e4isi\u00e4 ruusuja tai ruusuryhmi\u00e4, ja asetella niit\u00e4 joko moneen\u00a0 pienemp\u00e4\u00e4n tuunauskohteseen, tai yhteen suureen. Siirtokuvan totaalikoko on n. 66 cm x 89 cm, ja k\u00e4ytt\u00f6mukavuuden lis\u00e4\u00e4miseksi se on painettu kahdelle erilliselle kalvolle. Voidaan\u2026","rel":"","context":"With 1 comment","block_context":{"text":"With 1 comment","link":"https:\/\/puuhamari.fi\/?product=siirtokuva-midnight-floral#comments"},"img":{"alt_text":"","src":"https:\/\/i0.wp.com\/puuhamari.fi\/wp-content\/uploads\/2022\/08\/Midnight-Floral-4.png?fit=907%2C910&ssl=1&resize=350%2C200","width":350,"height":200,"srcset":"https:\/\/i0.wp.com\/puuhamari.fi\/wp-content\/uploads\/2022\/08\/Midnight-Floral-4.png?fit=907%2C910&ssl=1&resize=350%2C200 1x, https:\/\/i0.wp.com\/puuhamari.fi\/wp-content\/uploads\/2022\/08\/Midnight-Floral-4.png?fit=907%2C910&ssl=1&resize=525%2C300 1.5x, https:\/\/i0.wp.com\/puuhamari.fi\/wp-content\/uploads\/2022\/08\/Midnight-Floral-4.png?fit=907%2C910&ssl=1&resize=700%2C400 2x"},"classes":[]}],"_links":{"self":[{"href":"https:\/\/puuhamari.fi\/index.php?rest_route=\/wp\/v2\/product\/9191","targetHints":{"allow":["GET"]}}],"collection":[{"href":"https:\/\/puuhamari.fi\/index.php?rest_route=\/wp\/v2\/product"}],"about":[{"href":"https:\/\/puuhamari.fi\/index.php?rest_route=\/wp\/v2\/types\/product"}],"replies":[{"embeddable":true,"href":"https:\/\/puuhamari.fi\/index.php?rest_route=%2Fwp%2Fv2%2Fcomments&post=9191"}],"version-history":[{"count":6,"href":"https:\/\/puuhamari.fi\/index.php?rest_route=\/wp\/v2\/product\/9191\/revisions"}],"predecessor-version":[{"id":9897,"href":"https:\/\/puuhamari.fi\/index.php?rest_route=\/wp\/v2\/product\/9191\/revisions\/9897"}],"wp:featuredmedia":[{"embeddable":true,"href":"https:\/\/puuhamari.fi\/index.php?rest_route=\/wp\/v2\/media\/9200"}],"wp:attachment":[{"href":"https:\/\/puuhamari.fi\/index.php?rest_route=%2Fwp%2Fv2%2Fmedia&parent=9191"}],"wp:term":[{"taxonomy":"product_brand","embeddable":true,"href":"https:\/\/puuhamari.fi\/index.php?rest_route=%2Fwp%2Fv2%2Fproduct_brand&post=9191"},{"taxonomy":"product_cat","embeddable":true,"href":"https:\/\/puuhamari.fi\/index.php?rest_route=%2Fwp%2Fv2%2Fproduct_cat&post=9191"},{"taxonomy":"product_tag","embeddable":true,"href":"https:\/\/puuhamari.fi\/index.php?rest_route=%2Fwp%2Fv2%2Fproduct_tag&post=9191"}],"curies":[{"name":"wp","href":"https:\/\/api.w.org\/{rel}","templated":true}]}}