{"id":9227,"date":"2024-11-08T13:13:30","date_gmt":"2024-11-08T11:13:30","guid":{"rendered":"https:\/\/puuhamari.fi\/?post_type=product&#038;p=9227"},"modified":"2026-03-18T18:46:54","modified_gmt":"2026-03-18T16:46:54","slug":"furniture-wax-ageing","status":"publish","type":"product","link":"https:\/\/puuhamari.fi\/?product=furniture-wax-ageing","title":{"rendered":"Kalustevaha &#8211; Antiikki"},"content":{"rendered":"<div class=\"entry-content-asset videofit\">\n<div class=\"jetpack-video-wrapper\"><iframe title=\"How to Finish Furniture with Ageing Wax | Fusion\u2122 Dark Wax Tutorial\" width=\"720\" height=\"405\" src=\"https:\/\/www.youtube.com\/embed\/RyCEcw-RomM?feature=oembed\" frameborder=\"0\" allow=\"accelerometer; autoplay; clipboard-write; encrypted-media; gyroscope; picture-in-picture; web-share\" referrerpolicy=\"strict-origin-when-cross-origin\" allowfullscreen><\/iframe><\/div>\n<\/div>\n","protected":false},"excerpt":{"rendered":"<p>Fusionin huonekaluvaha levittyy pehme\u00e4sti kuin voi j\u00e4tt\u00e4en huonekaluihin kauniin kiillon! Se perustuu 40 vuotta vanhaan perhereseptiin. Se on pehme\u00e4 ja sile\u00e4, helppo levitt\u00e4\u00e4 ja antaa kest\u00e4v\u00e4n lopputuloksen. Se on my\u00f6s k\u00e4yt\u00e4nn\u00f6ss\u00e4 hajuton ilman vahvoja kemikaaleja.<\/p>\n<p>Levit\u00e4 ohuelti, tasoita\/kiillota nukkaamattomalla liinalla. Vaha saavuttaa lopullisen kovuutensa 30 p\u00e4iv\u00e4ss\u00e4. Purkin koko 50 g. Riitt\u00e4\u00e4 noin 11 m\u00b2 alueelle.<\/p>\n<p>Pidett\u00e4v\u00e4 lasten ulottumattomissa. Sis\u00e4lt\u00e4\u00e4 hajutonta mineraalit\u00e4rp\u00e4tti\u00e4. K\u00e4yt\u00e4 silti huoneessa, joka voidaan tuulettaa. Pidett\u00e4v\u00e4 poissa tulen\/kipin\u00f6iden l\u00e4helt\u00e4.<\/p>\n","protected":false},"author":1,"featured_media":9224,"comment_status":"open","ping_status":"closed","template":"","meta":{"advgb_blocks_editor_width":"","advgb_blocks_columns_visual_guide":"","advanced_seo_description":"","jetpack_seo_html_title":"","jetpack_seo_noindex":false,"_kad_post_transparent":"default","_kad_post_title":"","_kad_post_layout":"default","_kad_post_sidebar_id":"","_kad_post_content_style":"default","_kad_post_vertical_padding":"default","_kad_post_feature":"","_kad_post_feature_position":"","_kad_post_header":false,"_kad_post_footer":false,"_kad_post_classname":"","jetpack_post_was_ever_published":false},"product_brand":[],"product_cat":[310],"product_tag":[1269,642,1266,1362,1365],"class_list":{"0":"post-9227","1":"product","2":"type-product","3":"status-publish","4":"has-post-thumbnail","6":"product_cat-muut-fusion-valmisteet","7":"product_tag-ageing","8":"product_tag-antiikki","9":"product_tag-huonekaluvaha","10":"product_tag-kalustevaha","11":"product_tag-vaha","13":"first","14":"instock","15":"taxable","16":"shipping-taxable","17":"purchasable","18":"product-type-simple","19":"entry","20":"content-bg","21":"loop-entry"},"featured_img":"https:\/\/puuhamari.fi\/wp-content\/uploads\/2024\/11\/wax-ageing-50gb.jpg","coauthors":[],"author_meta":{"author_link":"https:\/\/puuhamari.fi\/?author=1","display_name":"PuuhaMari"},"relative_dates":{"created":"Julkaistu 1 vuosi sitten","modified":"P\u00e4ivitetty 1 kuukausi sitten"},"absolute_dates":{"created":"Julkaistu 8 marraskuun, 2024","modified":"P\u00e4ivitetty 18 maaliskuun, 2026"},"absolute_dates_time":{"created":"Julkaistu 8 marraskuun, 2024 1:13 pm","modified":"P\u00e4ivitetty 18 maaliskuun, 2026 6:46 pm"},"featured_img_caption":"","tax_additional":{"product_brand":{"linked":[],"unlinked":[],"slug":"product_brand","name":"Br\u00e4ndit"},"product_type":{"linked":["<a href=\"https:\/\/puuhamari.fi\/?taxonomy=product_type&#038;term=simple\" class=\"advgb-post-tax-term\">simple<\/a>"],"unlinked":["<span class=\"advgb-post-tax-term\">simple<\/span>"],"slug":"product_type","name":"Tuotetyyppi"},"product_visibility":{"linked":[],"unlinked":[],"slug":"product_visibility","name":"Tuotteen n\u00e4kyvyys"},"product_cat":{"linked":["<a href=\"https:\/\/puuhamari.fi\/?product_cat=muut-fusion-valmisteet\" class=\"advgb-post-tax-term\">Muut Fusion-valmisteet<\/a>"],"unlinked":["<span class=\"advgb-post-tax-term\">Muut Fusion-valmisteet<\/span>"],"slug":"product_cat","name":"Osastot"},"product_tag":{"linked":["<a href=\"https:\/\/puuhamari.fi\/?product_tag=ageing\" class=\"advgb-post-tax-term\">ageing<\/a>","<a href=\"https:\/\/puuhamari.fi\/?product_tag=antiikki\" class=\"advgb-post-tax-term\">Antiikki<\/a>","<a href=\"https:\/\/puuhamari.fi\/?product_tag=huonekaluvaha\" class=\"advgb-post-tax-term\">Huonekaluvaha<\/a>","<a href=\"https:\/\/puuhamari.fi\/?product_tag=kalustevaha\" class=\"advgb-post-tax-term\">Kalustevaha<\/a>","<a href=\"https:\/\/puuhamari.fi\/?product_tag=vaha\" class=\"advgb-post-tax-term\">Vaha<\/a>"],"unlinked":["<span class=\"advgb-post-tax-term\">ageing<\/span>","<span class=\"advgb-post-tax-term\">Antiikki<\/span>","<span class=\"advgb-post-tax-term\">Huonekaluvaha<\/span>","<span class=\"advgb-post-tax-term\">Kalustevaha<\/span>","<span class=\"advgb-post-tax-term\">Vaha<\/span>"],"slug":"product_tag","name":"Avainsanat tuotteelle"},"product_shipping_class":{"linked":[],"unlinked":[],"slug":"product_shipping_class","name":"Tuotteen toimitusluokat"},"pos_product_visibility":{"linked":[],"unlinked":[],"slug":"pos_product_visibility","name":"POS Product visibility"},"pa_arkin-koko":{"linked":[],"unlinked":[],"slug":"pa_arkin-koko","name":"Tuote Arkin koko"},"pa_hiomatyynyn-karkeus":{"linked":[],"unlinked":[],"slug":"pa_hiomatyynyn-karkeus","name":"Tuote Hiomatyynyn karkeus"},"pa_kehys":{"linked":[],"unlinked":[],"slug":"pa_kehys","name":"Tuote Kehys"},"pa_kuvion-nro":{"linked":[],"unlinked":[],"slug":"pa_kuvion-nro","name":"Tuote Kuvion nro"},"pa_littean-pensselin-koko":{"linked":[],"unlinked":[],"slug":"pa_littean-pensselin-koko","name":"Tuote Litte\u00e4n pensselin koko"},"pa_maalivari":{"linked":[],"unlinked":[],"slug":"pa_maalivari","name":"Tuote Maaliv\u00e4ri"},"pa_palatapettien-lkm":{"linked":[],"unlinked":[],"slug":"pa_palatapettien-lkm","name":"Tuote Palatapettien lkm"},"pa_purkin-koko":{"linked":["<a href=\"https:\/\/puuhamari.fi\/?taxonomy=pa_purkin-koko&#038;term=50-g\" class=\"advgb-post-tax-term\">50 g<\/a>"],"unlinked":["<span class=\"advgb-post-tax-term\">50 g<\/span>"],"slug":"pa_purkin-koko","name":"Tuote Purkin koko"},"pa_sapluunan-koko":{"linked":[],"unlinked":[],"slug":"pa_sapluunan-koko","name":"Tuote Sapluunan koko"},"pa_tabletti":{"linked":[],"unlinked":[],"slug":"pa_tabletti","name":"Tuote Tabletti"},"pa_valitse-sisalto":{"linked":[],"unlinked":[],"slug":"pa_valitse-sisalto","name":"Tuote Valitse sis\u00e4lt\u00f6"},"pa_varjostin":{"linked":[],"unlinked":[],"slug":"pa_varjostin","name":"Tuote Varjostin"}},"series_order":"","jetpack_sharing_enabled":true,"jetpack_likes_enabled":true,"jetpack-related-posts":[{"id":9212,"url":"https:\/\/puuhamari.fi\/?product=furniture-wax-pearl","url_meta":{"origin":9227,"position":0},"title":"Kalustevaha &#8211; Helmi\u00e4inen","author":"PuuhaMari","date":"8 marraskuun, 2024","format":false,"excerpt":"Fusionin huonekaluvaha levittyy pehme\u00e4sti kuin voi j\u00e4tt\u00e4en huonekaluihin kauniin kiillon! Se perustuu 40 vuotta vanhaan perhereseptiin. Se on pehme\u00e4 ja sile\u00e4, helppo levitt\u00e4\u00e4 ja antaa kest\u00e4v\u00e4n lopputuloksen. Se on my\u00f6s k\u00e4yt\u00e4nn\u00f6ss\u00e4 hajuton ilman vahvoja kemikaaleja. Levit\u00e4 ohuelti, tasoita\/kiillota nukkaamattomalla liinalla. Vaha saavuttaa lopullisen kovuutensa 30 p\u00e4iv\u00e4ss\u00e4. Purkin koko 50 g.\u2026","rel":"","context":"Samankaltainen artikkeli","block_context":{"text":"Samankaltainen artikkeli","link":""},"img":{"alt_text":"","src":"https:\/\/i0.wp.com\/puuhamari.fi\/wp-content\/uploads\/2024\/11\/wax-pearl-50gb.jpg?fit=1200%2C1200&ssl=1&resize=350%2C200","width":350,"height":200,"srcset":"https:\/\/i0.wp.com\/puuhamari.fi\/wp-content\/uploads\/2024\/11\/wax-pearl-50gb.jpg?fit=1200%2C1200&ssl=1&resize=350%2C200 1x, https:\/\/i0.wp.com\/puuhamari.fi\/wp-content\/uploads\/2024\/11\/wax-pearl-50gb.jpg?fit=1200%2C1200&ssl=1&resize=525%2C300 1.5x, https:\/\/i0.wp.com\/puuhamari.fi\/wp-content\/uploads\/2024\/11\/wax-pearl-50gb.jpg?fit=1200%2C1200&ssl=1&resize=700%2C400 2x, https:\/\/i0.wp.com\/puuhamari.fi\/wp-content\/uploads\/2024\/11\/wax-pearl-50gb.jpg?fit=1200%2C1200&ssl=1&resize=1050%2C600 3x"},"classes":[]},{"id":9223,"url":"https:\/\/puuhamari.fi\/?product=furniture-wax-espresso","url_meta":{"origin":9227,"position":1},"title":"Kalustevaha &#8211; Espresso","author":"PuuhaMari","date":"8 marraskuun, 2024","format":false,"excerpt":"Fusionin huonekaluvaha levittyy pehme\u00e4sti kuin voi j\u00e4tt\u00e4en huonekaluihin kauniin kiillon! Se perustuu 40 vuotta vanhaan perhereseptiin. Se on pehme\u00e4 ja sile\u00e4, helppo levitt\u00e4\u00e4 ja antaa kest\u00e4v\u00e4n lopputuloksen. Se on my\u00f6s k\u00e4yt\u00e4nn\u00f6ss\u00e4 hajuton ilman vahvoja kemikaaleja. Levit\u00e4 ohuelti, tasoita\/kiillota nukkaamattomalla liinalla. Vaha saavuttaa lopullisen kovuutensa 30 p\u00e4iv\u00e4ss\u00e4. Purkin koko 50 g.\u2026","rel":"","context":"Samankaltainen artikkeli","block_context":{"text":"Samankaltainen artikkeli","link":""},"img":{"alt_text":"","src":"https:\/\/i0.wp.com\/puuhamari.fi\/wp-content\/uploads\/2024\/11\/wax-espresso-50gb.jpg?fit=1200%2C1200&ssl=1&resize=350%2C200","width":350,"height":200,"srcset":"https:\/\/i0.wp.com\/puuhamari.fi\/wp-content\/uploads\/2024\/11\/wax-espresso-50gb.jpg?fit=1200%2C1200&ssl=1&resize=350%2C200 1x, https:\/\/i0.wp.com\/puuhamari.fi\/wp-content\/uploads\/2024\/11\/wax-espresso-50gb.jpg?fit=1200%2C1200&ssl=1&resize=525%2C300 1.5x, https:\/\/i0.wp.com\/puuhamari.fi\/wp-content\/uploads\/2024\/11\/wax-espresso-50gb.jpg?fit=1200%2C1200&ssl=1&resize=700%2C400 2x, https:\/\/i0.wp.com\/puuhamari.fi\/wp-content\/uploads\/2024\/11\/wax-espresso-50gb.jpg?fit=1200%2C1200&ssl=1&resize=1050%2C600 3x"},"classes":[]},{"id":9876,"url":"https:\/\/puuhamari.fi\/?product=furniture-wax-clear","url_meta":{"origin":9227,"position":2},"title":"Kalustevaha &#8211; v\u00e4rit\u00f6n","author":"PuuhaMari","date":"15 hein\u00e4kuun, 2025","format":false,"excerpt":"Fusionin huonekaluvaha levittyy pehme\u00e4sti kuin voi j\u00e4tt\u00e4en huonekaluihin kauniin kiillon! Se perustuu 40 vuotta vanhaan perhereseptiin. Se on pehme\u00e4 ja sile\u00e4, helppo levitt\u00e4\u00e4 ja antaa kest\u00e4v\u00e4n lopputuloksen. Se on my\u00f6s k\u00e4yt\u00e4nn\u00f6ss\u00e4 hajuton ilman vahvoja kemikaaleja. Levit\u00e4 ohuelti, tasoita\/kiillota nukkaamattomalla liinalla. Vaha saavuttaa lopullisen kovuutensa 30 p\u00e4iv\u00e4ss\u00e4. Kalustevahan riittoisuuteen vaikuttaa luonnollisesti\u2026","rel":"","context":"Samankaltainen artikkeli","block_context":{"text":"Samankaltainen artikkeli","link":""},"img":{"alt_text":"","src":"https:\/\/i0.wp.com\/puuhamari.fi\/wp-content\/uploads\/2025\/07\/wax-clear-pair-200g-B.jpg?fit=1200%2C1200&ssl=1&resize=350%2C200","width":350,"height":200,"srcset":"https:\/\/i0.wp.com\/puuhamari.fi\/wp-content\/uploads\/2025\/07\/wax-clear-pair-200g-B.jpg?fit=1200%2C1200&ssl=1&resize=350%2C200 1x, https:\/\/i0.wp.com\/puuhamari.fi\/wp-content\/uploads\/2025\/07\/wax-clear-pair-200g-B.jpg?fit=1200%2C1200&ssl=1&resize=525%2C300 1.5x, https:\/\/i0.wp.com\/puuhamari.fi\/wp-content\/uploads\/2025\/07\/wax-clear-pair-200g-B.jpg?fit=1200%2C1200&ssl=1&resize=700%2C400 2x, https:\/\/i0.wp.com\/puuhamari.fi\/wp-content\/uploads\/2025\/07\/wax-clear-pair-200g-B.jpg?fit=1200%2C1200&ssl=1&resize=1050%2C600 3x"},"classes":[]}],"_links":{"self":[{"href":"https:\/\/puuhamari.fi\/index.php?rest_route=\/wp\/v2\/product\/9227","targetHints":{"allow":["GET"]}}],"collection":[{"href":"https:\/\/puuhamari.fi\/index.php?rest_route=\/wp\/v2\/product"}],"about":[{"href":"https:\/\/puuhamari.fi\/index.php?rest_route=\/wp\/v2\/types\/product"}],"replies":[{"embeddable":true,"href":"https:\/\/puuhamari.fi\/index.php?rest_route=%2Fwp%2Fv2%2Fcomments&post=9227"}],"version-history":[{"count":4,"href":"https:\/\/puuhamari.fi\/index.php?rest_route=\/wp\/v2\/product\/9227\/revisions"}],"predecessor-version":[{"id":9884,"href":"https:\/\/puuhamari.fi\/index.php?rest_route=\/wp\/v2\/product\/9227\/revisions\/9884"}],"wp:featuredmedia":[{"embeddable":true,"href":"https:\/\/puuhamari.fi\/index.php?rest_route=\/wp\/v2\/media\/9224"}],"wp:attachment":[{"href":"https:\/\/puuhamari.fi\/index.php?rest_route=%2Fwp%2Fv2%2Fmedia&parent=9227"}],"wp:term":[{"taxonomy":"product_brand","embeddable":true,"href":"https:\/\/puuhamari.fi\/index.php?rest_route=%2Fwp%2Fv2%2Fproduct_brand&post=9227"},{"taxonomy":"product_cat","embeddable":true,"href":"https:\/\/puuhamari.fi\/index.php?rest_route=%2Fwp%2Fv2%2Fproduct_cat&post=9227"},{"taxonomy":"product_tag","embeddable":true,"href":"https:\/\/puuhamari.fi\/index.php?rest_route=%2Fwp%2Fv2%2Fproduct_tag&post=9227"}],"curies":[{"name":"wp","href":"https:\/\/api.w.org\/{rel}","templated":true}]}}