{"id":9696,"date":"2025-05-15T14:43:25","date_gmt":"2025-05-15T11:43:25","guid":{"rendered":"https:\/\/puuhamari.fi\/?post_type=product&#038;p=9696"},"modified":"2025-09-05T04:23:29","modified_gmt":"2025-09-05T01:23:29","slug":"pikkutarjotin","status":"publish","type":"product","link":"https:\/\/puuhamari.fi\/?product=pikkutarjotin","title":{"rendered":"Pikkutarjotin &#8211; uusi"},"content":{"rendered":"","protected":false},"excerpt":{"rendered":"<p>Poppelipuusta valmistettu pikkutarjotin esim. keitti\u00f6p\u00f6yd\u00e4n sekalaisten pikkutavaroiden kokoamiseksi siististi yhteen paikkaan, tai kes\u00e4aamun aamiaiskahvin ja -s\u00e4mpyl\u00e4n viemiseksi parvekkeelle\/puutarhaan. Maalaa, k\u00e4yt\u00e4 siirtokuvia, mosaiikkipaloja, sapluunoita &#8211; tai koristele <a href=\"https:\/\/puuhamari.fi\/?product_cat=decoupage\">Made by Marley -decoupage<\/a> papereilla, joista yksi esimerkki kakkoskuvassa. Milt\u00e4 kuulostaisi kev\u00e4t-, kes\u00e4-, syksy- ja talviaiheiset pikkutarjottimet? Voisivat menn\u00e4 vaikka &#8220;tauluiksi&#8221; sin\u00e4lle!<\/p>\n<p>Pituus: 30 cm<br \/>\nLeveys: 17 cm<br \/>\nKorkeus: 5 cm<\/p>\n","protected":false},"author":1,"featured_media":9698,"comment_status":"open","ping_status":"closed","template":"","meta":{"advgb_blocks_editor_width":"","advgb_blocks_columns_visual_guide":"","advanced_seo_description":"","jetpack_seo_html_title":"","jetpack_seo_noindex":false,"_kad_post_transparent":"default","_kad_post_title":"","_kad_post_layout":"default","_kad_post_sidebar_id":"","_kad_post_content_style":"default","_kad_post_vertical_padding":"default","_kad_post_feature":"","_kad_post_feature_position":"","_kad_post_header":false,"_kad_post_footer":false,"_kad_post_classname":"","jetpack_post_was_ever_published":false},"product_brand":[],"product_cat":[579],"product_tag":[894,588,1340,917,1339,1237],"class_list":{"0":"post-9696","1":"product","2":"type-product","3":"status-publish","4":"has-post-thumbnail","6":"product_cat-tuunattavaa","7":"product_tag-koriste","8":"product_tag-puinen","9":"product_tag-puutarjotin","10":"product_tag-sisustus","11":"product_tag-tarjotin","12":"product_tag-tuunaa","14":"first","15":"instock","16":"taxable","17":"shipping-taxable","18":"purchasable","19":"product-type-simple","20":"entry","21":"content-bg","22":"loop-entry"},"featured_img":"https:\/\/puuhamari.fi\/wp-content\/uploads\/2025\/05\/Tarjotin.png","coauthors":[],"author_meta":{"author_link":"https:\/\/puuhamari.fi\/?author=1","display_name":"PuuhaMari"},"relative_dates":{"created":"Julkaistu 11 kuukautta sitten","modified":"P\u00e4ivitetty 8 kuukautta sitten"},"absolute_dates":{"created":"Julkaistu 15 toukokuun, 2025","modified":"P\u00e4ivitetty 5 syyskuun, 2025"},"absolute_dates_time":{"created":"Julkaistu 15 toukokuun, 2025 2:43 pm","modified":"P\u00e4ivitetty 5 syyskuun, 2025 4:23 am"},"featured_img_caption":"","tax_additional":{"product_brand":{"linked":[],"unlinked":[],"slug":"product_brand","name":"Br\u00e4ndit"},"product_type":{"linked":["<a href=\"https:\/\/puuhamari.fi\/?taxonomy=product_type&#038;term=simple\" class=\"advgb-post-tax-term\">simple<\/a>"],"unlinked":["<span class=\"advgb-post-tax-term\">simple<\/span>"],"slug":"product_type","name":"Tuotetyyppi"},"product_visibility":{"linked":[],"unlinked":[],"slug":"product_visibility","name":"Tuotteen n\u00e4kyvyys"},"product_cat":{"linked":["<a href=\"https:\/\/puuhamari.fi\/?product_cat=tuunattavaa\" class=\"advgb-post-tax-term\">Tuunattavaa<\/a>"],"unlinked":["<span class=\"advgb-post-tax-term\">Tuunattavaa<\/span>"],"slug":"product_cat","name":"Osastot"},"product_tag":{"linked":["<a href=\"https:\/\/puuhamari.fi\/?product_tag=koriste\" class=\"advgb-post-tax-term\">koriste<\/a>","<a href=\"https:\/\/puuhamari.fi\/?product_tag=puinen\" class=\"advgb-post-tax-term\">Puinen<\/a>","<a href=\"https:\/\/puuhamari.fi\/?product_tag=puutarjotin\" class=\"advgb-post-tax-term\">puutarjotin<\/a>","<a href=\"https:\/\/puuhamari.fi\/?product_tag=sisustus\" class=\"advgb-post-tax-term\">sisustus<\/a>","<a href=\"https:\/\/puuhamari.fi\/?product_tag=tarjotin\" class=\"advgb-post-tax-term\">Tarjotin<\/a>","<a href=\"https:\/\/puuhamari.fi\/?product_tag=tuunaa\" class=\"advgb-post-tax-term\">tuunaa<\/a>"],"unlinked":["<span class=\"advgb-post-tax-term\">koriste<\/span>","<span class=\"advgb-post-tax-term\">Puinen<\/span>","<span class=\"advgb-post-tax-term\">puutarjotin<\/span>","<span class=\"advgb-post-tax-term\">sisustus<\/span>","<span class=\"advgb-post-tax-term\">Tarjotin<\/span>","<span class=\"advgb-post-tax-term\">tuunaa<\/span>"],"slug":"product_tag","name":"Avainsanat tuotteelle"},"product_shipping_class":{"linked":[],"unlinked":[],"slug":"product_shipping_class","name":"Tuotteen toimitusluokat"},"pos_product_visibility":{"linked":[],"unlinked":[],"slug":"pos_product_visibility","name":"POS Product visibility"},"pa_arkin-koko":{"linked":[],"unlinked":[],"slug":"pa_arkin-koko","name":"Tuote Arkin koko"},"pa_hiomatyynyn-karkeus":{"linked":[],"unlinked":[],"slug":"pa_hiomatyynyn-karkeus","name":"Tuote Hiomatyynyn karkeus"},"pa_kehys":{"linked":[],"unlinked":[],"slug":"pa_kehys","name":"Tuote Kehys"},"pa_kuvion-nro":{"linked":[],"unlinked":[],"slug":"pa_kuvion-nro","name":"Tuote Kuvion nro"},"pa_littean-pensselin-koko":{"linked":[],"unlinked":[],"slug":"pa_littean-pensselin-koko","name":"Tuote Litte\u00e4n pensselin koko"},"pa_maalivari":{"linked":[],"unlinked":[],"slug":"pa_maalivari","name":"Tuote Maaliv\u00e4ri"},"pa_palatapettien-lkm":{"linked":[],"unlinked":[],"slug":"pa_palatapettien-lkm","name":"Tuote Palatapettien lkm"},"pa_purkin-koko":{"linked":[],"unlinked":[],"slug":"pa_purkin-koko","name":"Tuote Purkin koko"},"pa_sapluunan-koko":{"linked":[],"unlinked":[],"slug":"pa_sapluunan-koko","name":"Tuote Sapluunan koko"},"pa_tabletti":{"linked":[],"unlinked":[],"slug":"pa_tabletti","name":"Tuote Tabletti"},"pa_valitse-sisalto":{"linked":[],"unlinked":[],"slug":"pa_valitse-sisalto","name":"Tuote Valitse sis\u00e4lt\u00f6"},"pa_varjostin":{"linked":[],"unlinked":[],"slug":"pa_varjostin","name":"Tuote Varjostin"}},"series_order":"","jetpack_sharing_enabled":true,"jetpack_likes_enabled":true,"jetpack-related-posts":[{"id":10478,"url":"https:\/\/puuhamari.fi\/?product=valokuvakehykset-14x19-cm","url_meta":{"origin":9696,"position":0},"title":"Valokuvakehykset 14&#215;19 cm","author":"PuuhaMari","date":"18 joulukuun, 2025","format":false,"excerpt":"Valokuvakehys #9, Syd\u00e4n: \u2022 korkeus 19 cm \u2022 leveys 14 cm \u2022 paksuus 1 cm \u2022 kuva-aukko n. 10x10 cm \u2022 taustassa p\u00f6yt\u00e4tuki Valokuvakehys #10, PuuhaMari: \u2022 korkeus 19 cm \u2022 leveys 14 cm \u2022 paksuus 1 cm \u2022 kuva-aukko n. 9x14 cm \u2022 taustassa valmiina ainoastaan sein\u00e4\u00e4nripustus pystyasennossa Valokuvakehys\u2026","rel":"","context":"Samankaltainen artikkeli","block_context":{"text":"Samankaltainen artikkeli","link":""},"img":{"alt_text":"","src":"https:\/\/i0.wp.com\/puuhamari.fi\/wp-content\/uploads\/2025\/12\/Kehykset-S-e1766068855457.png?fit=958%2C958&ssl=1&resize=350%2C200","width":350,"height":200,"srcset":"https:\/\/i0.wp.com\/puuhamari.fi\/wp-content\/uploads\/2025\/12\/Kehykset-S-e1766068855457.png?fit=958%2C958&ssl=1&resize=350%2C200 1x, https:\/\/i0.wp.com\/puuhamari.fi\/wp-content\/uploads\/2025\/12\/Kehykset-S-e1766068855457.png?fit=958%2C958&ssl=1&resize=525%2C300 1.5x, https:\/\/i0.wp.com\/puuhamari.fi\/wp-content\/uploads\/2025\/12\/Kehykset-S-e1766068855457.png?fit=958%2C958&ssl=1&resize=700%2C400 2x"},"classes":[]},{"id":6881,"url":"https:\/\/puuhamari.fi\/?product=os-kahvipaahtimon-kyltti","url_meta":{"origin":9696,"position":1},"title":"OS &#8211; Kahvipaahtimon kyltti","author":"PuuhaMari","date":"23 elokuun, 2023","format":false,"excerpt":"Ihanaa tunnelmaa keitti\u00f6\u00f6n, patiolle, tarjottimeen, aamiaiskaappiin jne... Sapluunaa suunniteltaessa inspiraatio l\u00f6ytyi oikeasti vanhan, k\u00e4ytetyn kahvinkuljetuslaatikon kyljest\u00e4. Pakkaus sis\u00e4lt\u00e4\u00e4 kolme erillist\u00e4 sapluunanosaa: * pieni sapluuna(20 cm x 10 cm) * iso sapluuna (48 cm x 23 cm) * vaihtoehto sijainnille (48 cm x 4,5 cm) Esimerkkej\u00e4 kuvien\/tekstien koosta: Sana COFFEE =\u2026","rel":"","context":"Samankaltainen artikkeli","block_context":{"text":"Samankaltainen artikkeli","link":""},"img":{"alt_text":"","src":"https:\/\/i0.wp.com\/puuhamari.fi\/wp-content\/uploads\/2023\/08\/Sapluuna-b.png?fit=635%2C635&ssl=1&resize=350%2C200","width":350,"height":200,"srcset":"https:\/\/i0.wp.com\/puuhamari.fi\/wp-content\/uploads\/2023\/08\/Sapluuna-b.png?fit=635%2C635&ssl=1&resize=350%2C200 1x, https:\/\/i0.wp.com\/puuhamari.fi\/wp-content\/uploads\/2023\/08\/Sapluuna-b.png?fit=635%2C635&ssl=1&resize=525%2C300 1.5x"},"classes":[]},{"id":10043,"url":"https:\/\/puuhamari.fi\/?product=forest-fairies","url_meta":{"origin":9696,"position":2},"title":"Siirtokuva Forest Fairies","author":"PuuhaMari","date":"15 elokuun, 2025","format":false,"excerpt":"Mets\u00e4keijujen karkelot ovat alkamassa... N\u00e4it\u00e4 hillityiss\u00e4 v\u00e4reiss\u00e4 (jotkin pelkki\u00e4 varjoja vain...) esiintyvi\u00e4 keijuja, kukkia ja perhosia on t\u00e4ss\u00e4 setiss\u00e4 kokonaiset 36 kpl! Ne on jaettu kolmelle eri kalvolle, joista voit saksilla leikata erilleen kulloiseenkin projektiisi tarvitsemasi osat. Kukin kalvo on korkeudeltaan n. 30 cm, ja leveydelt\u00e4\u00e4n 15 cm. Suurin mets\u00e4keiju\u2026","rel":"","context":"Samankaltainen artikkeli","block_context":{"text":"Samankaltainen artikkeli","link":""},"img":{"alt_text":"","src":"https:\/\/i0.wp.com\/puuhamari.fi\/wp-content\/uploads\/2025\/08\/Forest-Fairies-1.webp?fit=720%2C720&ssl=1&resize=350%2C200","width":350,"height":200,"srcset":"https:\/\/i0.wp.com\/puuhamari.fi\/wp-content\/uploads\/2025\/08\/Forest-Fairies-1.webp?fit=720%2C720&ssl=1&resize=350%2C200 1x, https:\/\/i0.wp.com\/puuhamari.fi\/wp-content\/uploads\/2025\/08\/Forest-Fairies-1.webp?fit=720%2C720&ssl=1&resize=525%2C300 1.5x, https:\/\/i0.wp.com\/puuhamari.fi\/wp-content\/uploads\/2025\/08\/Forest-Fairies-1.webp?fit=720%2C720&ssl=1&resize=700%2C400 2x"},"classes":[]},{"id":10062,"url":"https:\/\/puuhamari.fi\/?product=siirtokuva-butterfly-oasis","url_meta":{"origin":9696,"position":3},"title":"Siirtokuva Butterfly Oasis","author":"PuuhaMari","date":"15 elokuun, 2025","format":false,"excerpt":"Perhosten keidas -siirtokuvan perhoset ja kukat ovat v\u00e4reilt\u00e4\u00e4n poikkeuksellisen kiehtovia! Pakkaus sis\u00e4lt\u00e4\u00e4 kaksi n. 90 cm x 30 cm kokoista, erilaisin kuvin varustettua kalvoa. Perhosia on yhteens\u00e4 17 erilaista, ja kasveja 15 kpl. Molempien kalvojen sis\u00e4lt\u00f6 n\u00e4kyy oheisessa tuotekuvassa. Erillisi\u00e4 kuvia on yhteens\u00e4 per\u00e4ti 32 kpl. Suurin, purppuranv\u00e4rinen perhonen on\u2026","rel":"","context":"With 1 comment","block_context":{"text":"With 1 comment","link":"https:\/\/puuhamari.fi\/?product=siirtokuva-butterfly-oasis#comments"},"img":{"alt_text":"","src":"https:\/\/i0.wp.com\/puuhamari.fi\/wp-content\/uploads\/2025\/08\/Butterfly-Oasis-1.webp?fit=896%2C896&ssl=1&resize=350%2C200","width":350,"height":200,"srcset":"https:\/\/i0.wp.com\/puuhamari.fi\/wp-content\/uploads\/2025\/08\/Butterfly-Oasis-1.webp?fit=896%2C896&ssl=1&resize=350%2C200 1x, https:\/\/i0.wp.com\/puuhamari.fi\/wp-content\/uploads\/2025\/08\/Butterfly-Oasis-1.webp?fit=896%2C896&ssl=1&resize=525%2C300 1.5x, https:\/\/i0.wp.com\/puuhamari.fi\/wp-content\/uploads\/2025\/08\/Butterfly-Oasis-1.webp?fit=896%2C896&ssl=1&resize=700%2C400 2x"},"classes":[]},{"id":10486,"url":"https:\/\/puuhamari.fi\/?product=valokuvakehykset-30x35-cm","url_meta":{"origin":9696,"position":4},"title":"Valokuvakehykset 30&#215;35 cm","author":"PuuhaMari","date":"18 joulukuun, 2025","format":false,"excerpt":"Kaksi tosi n\u00e4ytt\u00e4v\u00e4\u00e4 ja ulkomitoiltaan isompaa valokuvakehyst\u00e4, jotka sopivat erityisen kauniisti my\u00f6s pariksi samalle sein\u00e4lle tai samaan huoneeseen. Mitoitukseltaan ne ovat t\u00e4ysin identtiset, mutta eroavat toisistaan farkkupalojensa \"v\u00e4rij\u00e4rjestyksiss\u00e4.\" \u2022 korkeudet 35 cm \u2022 leveydet 30 cm \u2022 paksuudet 2 cm \u2022 kuva-aukot n. 12x17 cm \u2022 taustassa molemmilla sein\u00e4ripustukset sek\u00e4\u2026","rel":"","context":"Samankaltainen artikkeli","block_context":{"text":"Samankaltainen artikkeli","link":""},"img":{"alt_text":"","src":"https:\/\/i0.wp.com\/puuhamari.fi\/wp-content\/uploads\/2025\/12\/Kehykset-M.jpg?fit=1199%2C1200&ssl=1&resize=350%2C200","width":350,"height":200,"srcset":"https:\/\/i0.wp.com\/puuhamari.fi\/wp-content\/uploads\/2025\/12\/Kehykset-M.jpg?fit=1199%2C1200&ssl=1&resize=350%2C200 1x, https:\/\/i0.wp.com\/puuhamari.fi\/wp-content\/uploads\/2025\/12\/Kehykset-M.jpg?fit=1199%2C1200&ssl=1&resize=525%2C300 1.5x, https:\/\/i0.wp.com\/puuhamari.fi\/wp-content\/uploads\/2025\/12\/Kehykset-M.jpg?fit=1199%2C1200&ssl=1&resize=700%2C400 2x, https:\/\/i0.wp.com\/puuhamari.fi\/wp-content\/uploads\/2025\/12\/Kehykset-M.jpg?fit=1199%2C1200&ssl=1&resize=1050%2C600 3x"},"classes":[]},{"id":5402,"url":"https:\/\/puuhamari.fi\/?product=siirtokuva-sweet-dreams","url_meta":{"origin":9696,"position":5},"title":"Siirtokuva Sweet Dreams","author":"PuuhaMari","date":"29 maaliskuun, 2023","format":false,"excerpt":"Maailman ihanin LAHJA lapsenlapsen huoneeseen! N\u00e4m\u00e4 isohkot, suloiset hahmot sopivat vaikka lastenhuoneen (tai p\u00e4iv\u00e4kodin!) oveen\/sein\u00e4lle, kalusteisiin, itse tehtyihin tauluihin, vauvan hoitolaukkuun... Pakkauksessa kaksi 89 cm x 30 cm kokoista kalvoa, joissa yhteens\u00e4 huikeat 35 pient\u00e4 ja suurta siirtokuvaa (joita voi saksilla leikata my\u00f6s pienemmiksi). Mittaesimerkkej\u00e4: Harmaan pilven leveys 16,5 cm\u2026","rel":"","context":"Samankaltainen artikkeli","block_context":{"text":"Samankaltainen artikkeli","link":""},"img":{"alt_text":"","src":"https:\/\/i0.wp.com\/puuhamari.fi\/wp-content\/uploads\/2023\/03\/Sweet-Dreams-AAAb.png?fit=905%2C913&ssl=1&resize=350%2C200","width":350,"height":200,"srcset":"https:\/\/i0.wp.com\/puuhamari.fi\/wp-content\/uploads\/2023\/03\/Sweet-Dreams-AAAb.png?fit=905%2C913&ssl=1&resize=350%2C200 1x, https:\/\/i0.wp.com\/puuhamari.fi\/wp-content\/uploads\/2023\/03\/Sweet-Dreams-AAAb.png?fit=905%2C913&ssl=1&resize=525%2C300 1.5x, https:\/\/i0.wp.com\/puuhamari.fi\/wp-content\/uploads\/2023\/03\/Sweet-Dreams-AAAb.png?fit=905%2C913&ssl=1&resize=700%2C400 2x"},"classes":[]}],"_links":{"self":[{"href":"https:\/\/puuhamari.fi\/index.php?rest_route=\/wp\/v2\/product\/9696","targetHints":{"allow":["GET"]}}],"collection":[{"href":"https:\/\/puuhamari.fi\/index.php?rest_route=\/wp\/v2\/product"}],"about":[{"href":"https:\/\/puuhamari.fi\/index.php?rest_route=\/wp\/v2\/types\/product"}],"replies":[{"embeddable":true,"href":"https:\/\/puuhamari.fi\/index.php?rest_route=%2Fwp%2Fv2%2Fcomments&post=9696"}],"version-history":[{"count":2,"href":"https:\/\/puuhamari.fi\/index.php?rest_route=\/wp\/v2\/product\/9696\/revisions"}],"predecessor-version":[{"id":9705,"href":"https:\/\/puuhamari.fi\/index.php?rest_route=\/wp\/v2\/product\/9696\/revisions\/9705"}],"wp:featuredmedia":[{"embeddable":true,"href":"https:\/\/puuhamari.fi\/index.php?rest_route=\/wp\/v2\/media\/9698"}],"wp:attachment":[{"href":"https:\/\/puuhamari.fi\/index.php?rest_route=%2Fwp%2Fv2%2Fmedia&parent=9696"}],"wp:term":[{"taxonomy":"product_brand","embeddable":true,"href":"https:\/\/puuhamari.fi\/index.php?rest_route=%2Fwp%2Fv2%2Fproduct_brand&post=9696"},{"taxonomy":"product_cat","embeddable":true,"href":"https:\/\/puuhamari.fi\/index.php?rest_route=%2Fwp%2Fv2%2Fproduct_cat&post=9696"},{"taxonomy":"product_tag","embeddable":true,"href":"https:\/\/puuhamari.fi\/index.php?rest_route=%2Fwp%2Fv2%2Fproduct_tag&post=9696"}],"curies":[{"name":"wp","href":"https:\/\/api.w.org\/{rel}","templated":true}]}}