{"id":9857,"date":"2025-07-15T16:47:23","date_gmt":"2025-07-15T13:47:23","guid":{"rendered":"https:\/\/puuhamari.fi\/?post_type=product&#038;p=9857"},"modified":"2025-12-17T16:48:14","modified_gmt":"2025-12-17T14:48:14","slug":"cureiously-pink","status":"publish","type":"product","link":"https:\/\/puuhamari.fi\/?product=cureiously-pink","title":{"rendered":"CUREiously Pink"},"content":{"rendered":"<p>Fusion\u2122 maalien kuvaus: <a href=\"https:\/\/puuhamari.fi\/?p=5842\" target=\"_blank\" rel=\"noopener\">lue t\u00e4\u00e4lt\u00e4.<\/a><\/p>\n","protected":false},"excerpt":{"rendered":"<p>Hot pink, jota pinkimp\u00e4\u00e4 pinkki\u00e4 tuskin l\u00f6yd\u00e4t! Kuvat puhuvat puolestaan!<\/p>\n<p>Inspiraatio t\u00e4m\u00e4n s\u00e4vyn kehit\u00e4miseen tuli alunperin rintasy\u00f6p\u00e4tietoisuutta lis\u00e4\u00e4v\u00e4n kampanjan kautta. Siksi nimest\u00e4 l\u00f6ytyy sanaleikki: englanninkieless\u00e4 sana CURIOUS viittasi <span style=\"text-decoration: underline;\">ennenvanhaan<\/span> ylivertaisuuteen, yksityiskohtaisuuteen tai perinpohjaiseen tarkkuuteen. Fusionin lis\u00e4\u00e4m\u00e4 E-kirjain tuon sanan keskell\u00e4 saa alkuosan <em>(CURE)<\/em> tarkoittamaan parantamista tai parantumista&#8230;<\/p>\n<p>Niinp\u00e4 CUREiously Pink:in voidaan ajatella olevan joko &#8220;ylivertaisen pinkki&#8221; tai suorastaan &#8220;parantava pinkki&#8221; s\u00e4vy <span class=\"x1xsqp64 xiy17q3 x1o6pynw x19co3pv xdj266r xjn30re xat24cr x1hb08if x2b8uid\" data-testid=\"emoji\"><span class=\"xexx8yu xcaqkgz x18d9i69 xbwkkl7 x3jgonx x1bhl96m\">\ud83e\ude77<\/span><\/span><\/p>\n<p><em>&#8211; T\u00e4t\u00e4 s\u00e4vy\u00e4 valmistetaan vuosittain vain rajoitettu m\u00e4\u00e4r\u00e4, joten sit\u00e4 ei v\u00e4ltt\u00e4m\u00e4tt\u00e4 ole aina saatavilla lis\u00e4\u00e4 tukkuvarastosta &#8211;<\/em><\/p>\n","protected":false},"author":1,"featured_media":9867,"comment_status":"open","ping_status":"closed","template":"","meta":{"advgb_blocks_editor_width":"","advgb_blocks_columns_visual_guide":"","advanced_seo_description":"","jetpack_seo_html_title":"","jetpack_seo_noindex":false,"_kad_post_transparent":"default","_kad_post_title":"","_kad_post_layout":"default","_kad_post_sidebar_id":"","_kad_post_content_style":"default","_kad_post_vertical_padding":"default","_kad_post_feature":"","_kad_post_feature_position":"","_kad_post_header":false,"_kad_post_footer":false,"_kad_post_classname":"","jetpack_post_was_ever_published":false},"product_brand":[],"product_cat":[309],"product_tag":[450,509,1360,1274,552,1275,508,1361,996],"class_list":{"0":"post-9857","1":"product","2":"type-product","3":"status-publish","4":"has-post-thumbnail","6":"product_cat-fusion-mineraalimaalit","7":"product_tag-fusion","8":"product_tag-fusion-mineral-paint","9":"product_tag-hot-pink","10":"product_tag-kalustemaali","11":"product_tag-kirkas","12":"product_tag-maali","13":"product_tag-mineraalimaali","14":"product_tag-pink","15":"product_tag-pinkki","17":"first","18":"instock","19":"taxable","20":"shipping-taxable","21":"purchasable","22":"product-type-simple","23":"entry","24":"content-bg","25":"loop-entry"},"featured_img":"https:\/\/puuhamari.fi\/wp-content\/uploads\/2025\/07\/cureiously_pink-b.jpg","coauthors":[],"author_meta":{"author_link":"https:\/\/puuhamari.fi\/?author=1","display_name":"PuuhaMari"},"relative_dates":{"created":"Julkaistu 9 kuukautta sitten","modified":"P\u00e4ivitetty 4 kuukautta sitten"},"absolute_dates":{"created":"Julkaistu 15 hein\u00e4kuun, 2025","modified":"P\u00e4ivitetty 17 joulukuun, 2025"},"absolute_dates_time":{"created":"Julkaistu 15 hein\u00e4kuun, 2025 4:47 pm","modified":"P\u00e4ivitetty 17 joulukuun, 2025 4:48 pm"},"featured_img_caption":"Mineraalimaali Cureiously Pink","tax_additional":{"product_brand":{"linked":[],"unlinked":[],"slug":"product_brand","name":"Br\u00e4ndit"},"product_type":{"linked":["<a href=\"https:\/\/puuhamari.fi\/?taxonomy=product_type&#038;term=simple\" class=\"advgb-post-tax-term\">simple<\/a>"],"unlinked":["<span class=\"advgb-post-tax-term\">simple<\/span>"],"slug":"product_type","name":"Tuotetyyppi"},"product_visibility":{"linked":[],"unlinked":[],"slug":"product_visibility","name":"Tuotteen n\u00e4kyvyys"},"product_cat":{"linked":["<a href=\"https:\/\/puuhamari.fi\/?product_cat=fusion-mineraalimaalit\" class=\"advgb-post-tax-term\">Fusion mineraalimaalit<\/a>"],"unlinked":["<span class=\"advgb-post-tax-term\">Fusion mineraalimaalit<\/span>"],"slug":"product_cat","name":"Osastot"},"product_tag":{"linked":["<a href=\"https:\/\/puuhamari.fi\/?product_tag=fusion\" class=\"advgb-post-tax-term\">Fusion<\/a>","<a href=\"https:\/\/puuhamari.fi\/?product_tag=fusion-mineral-paint\" class=\"advgb-post-tax-term\">Fusion Mineral Paint<\/a>","<a href=\"https:\/\/puuhamari.fi\/?product_tag=hot-pink\" class=\"advgb-post-tax-term\">Hot pink<\/a>","<a href=\"https:\/\/puuhamari.fi\/?product_tag=kalustemaali\" class=\"advgb-post-tax-term\">kalustemaali<\/a>","<a href=\"https:\/\/puuhamari.fi\/?product_tag=kirkas\" class=\"advgb-post-tax-term\">Kirkas<\/a>","<a href=\"https:\/\/puuhamari.fi\/?product_tag=maali\" class=\"advgb-post-tax-term\">maali<\/a>","<a href=\"https:\/\/puuhamari.fi\/?product_tag=mineraalimaali\" class=\"advgb-post-tax-term\">Mineraalimaali<\/a>","<a href=\"https:\/\/puuhamari.fi\/?product_tag=pink\" class=\"advgb-post-tax-term\">pink<\/a>","<a href=\"https:\/\/puuhamari.fi\/?product_tag=pinkki\" class=\"advgb-post-tax-term\">Pinkki<\/a>"],"unlinked":["<span class=\"advgb-post-tax-term\">Fusion<\/span>","<span class=\"advgb-post-tax-term\">Fusion Mineral Paint<\/span>","<span class=\"advgb-post-tax-term\">Hot pink<\/span>","<span class=\"advgb-post-tax-term\">kalustemaali<\/span>","<span class=\"advgb-post-tax-term\">Kirkas<\/span>","<span class=\"advgb-post-tax-term\">maali<\/span>","<span class=\"advgb-post-tax-term\">Mineraalimaali<\/span>","<span class=\"advgb-post-tax-term\">pink<\/span>","<span class=\"advgb-post-tax-term\">Pinkki<\/span>"],"slug":"product_tag","name":"Avainsanat tuotteelle"},"product_shipping_class":{"linked":[],"unlinked":[],"slug":"product_shipping_class","name":"Tuotteen toimitusluokat"},"pos_product_visibility":{"linked":[],"unlinked":[],"slug":"pos_product_visibility","name":"POS Product visibility"},"pa_arkin-koko":{"linked":[],"unlinked":[],"slug":"pa_arkin-koko","name":"Tuote Arkin koko"},"pa_hiomatyynyn-karkeus":{"linked":[],"unlinked":[],"slug":"pa_hiomatyynyn-karkeus","name":"Tuote Hiomatyynyn karkeus"},"pa_kehys":{"linked":[],"unlinked":[],"slug":"pa_kehys","name":"Tuote Kehys"},"pa_kuvion-nro":{"linked":[],"unlinked":[],"slug":"pa_kuvion-nro","name":"Tuote Kuvion nro"},"pa_littean-pensselin-koko":{"linked":[],"unlinked":[],"slug":"pa_littean-pensselin-koko","name":"Tuote Litte\u00e4n pensselin koko"},"pa_maalivari":{"linked":[],"unlinked":[],"slug":"pa_maalivari","name":"Tuote Maaliv\u00e4ri"},"pa_palatapettien-lkm":{"linked":[],"unlinked":[],"slug":"pa_palatapettien-lkm","name":"Tuote Palatapettien lkm"},"pa_purkin-koko":{"linked":["<a href=\"https:\/\/puuhamari.fi\/?taxonomy=pa_purkin-koko&#038;term=500-ml\" class=\"advgb-post-tax-term\">500 ml<\/a>"],"unlinked":["<span class=\"advgb-post-tax-term\">500 ml<\/span>"],"slug":"pa_purkin-koko","name":"Tuote Purkin koko"},"pa_sapluunan-koko":{"linked":[],"unlinked":[],"slug":"pa_sapluunan-koko","name":"Tuote Sapluunan koko"},"pa_tabletti":{"linked":[],"unlinked":[],"slug":"pa_tabletti","name":"Tuote Tabletti"},"pa_valitse-sisalto":{"linked":[],"unlinked":[],"slug":"pa_valitse-sisalto","name":"Tuote Valitse sis\u00e4lt\u00f6"},"pa_varjostin":{"linked":[],"unlinked":[],"slug":"pa_varjostin","name":"Tuote Varjostin"}},"series_order":"","jetpack_sharing_enabled":true,"jetpack_likes_enabled":true,"jetpack-related-posts":[{"id":11122,"url":"https:\/\/puuhamari.fi\/?product=ulkokalusteen-maalaussetti-muovipoydan-tuunauspaketti","url_meta":{"origin":9857,"position":0},"title":"Ulkokalusteen maalaussetti \u2013 muovip\u00f6yd\u00e4n tuunauspaketti","author":"PuuhaMari","date":"16 huhtikuun, 2026","format":false,"excerpt":"Jos haluat maalata muovisen ulkop\u00f6yd\u00e4n helposti ja ilman tarvikkeiden etsimist\u00e4, t\u00e4m\u00e4 valmiiksi koottu tuunauspaketti sis\u00e4lt\u00e4\u00e4 kaiken tarvittavan: pesuaineen, hyv\u00e4n pensselin ja 500 ml Fusion Mineral Paint \u2011maalia. Setti on koottu niin, ett\u00e4 projekti etenee sujuvasti ja lopputulos kest\u00e4\u00e4 k\u00e4ytt\u00f6\u00e4. Valittavanasi on kahdeksan s\u00e4vy\u00e4. Setin sis\u00e4lt\u00f6: \u2022 Fusion TSP Alternative \u2011puhdistusaine\u2026","rel":"","context":"Samankaltainen artikkeli","block_context":{"text":"Samankaltainen artikkeli","link":""},"img":{"alt_text":"","src":"https:\/\/i0.wp.com\/puuhamari.fi\/wp-content\/uploads\/2026\/04\/Valmiit-tuunauspaketit-muovinen-ulkopoyta.png?fit=1200%2C1200&ssl=1&resize=350%2C200","width":350,"height":200,"srcset":"https:\/\/i0.wp.com\/puuhamari.fi\/wp-content\/uploads\/2026\/04\/Valmiit-tuunauspaketit-muovinen-ulkopoyta.png?fit=1200%2C1200&ssl=1&resize=350%2C200 1x, https:\/\/i0.wp.com\/puuhamari.fi\/wp-content\/uploads\/2026\/04\/Valmiit-tuunauspaketit-muovinen-ulkopoyta.png?fit=1200%2C1200&ssl=1&resize=525%2C300 1.5x, https:\/\/i0.wp.com\/puuhamari.fi\/wp-content\/uploads\/2026\/04\/Valmiit-tuunauspaketit-muovinen-ulkopoyta.png?fit=1200%2C1200&ssl=1&resize=700%2C400 2x, https:\/\/i0.wp.com\/puuhamari.fi\/wp-content\/uploads\/2026\/04\/Valmiit-tuunauspaketit-muovinen-ulkopoyta.png?fit=1200%2C1200&ssl=1&resize=1050%2C600 3x"},"classes":[]},{"id":7973,"url":"https:\/\/puuhamari.fi\/?product=a3-lotus-love-made-2","url_meta":{"origin":9857,"position":1},"title":"A3 Lotus Love Made","author":"PuuhaMari","date":"28 maaliskuun, 2024","format":false,"excerpt":"Ihanan raikas decoupage-setti vaaleanpunaisen, liilan, persikan ja korallin s\u00e4vyiss\u00e4. Taustalla tehosteena aina yht\u00e4 n\u00e4ytt\u00e4v\u00e4t, turkoosit lootuksenkukkakoristelut. Huomaa my\u00f6s reunoilla kulkevat boordit, ja kehyksen\u00e4 toimiva violetinpinkki kaariholvi. PAKKAUS SIS\u00c4LT\u00c4\u00c4 3 kpl A3-KOKOISIA ARKKEJA: 1 arkki, jossa persikan ja sinivihre\u00e4n v\u00e4rist\u00e4 \"laattakuviota\" + 2 kesken\u00e4\u00e4n samanlaista arkkia, joissa keskell\u00e4 upeita lootuksenkukkia ja\u2026","rel":"","context":"Samankaltainen artikkeli","block_context":{"text":"Samankaltainen artikkeli","link":""},"img":{"alt_text":"","src":"https:\/\/i0.wp.com\/puuhamari.fi\/wp-content\/uploads\/2024\/03\/Lotus-Love-Made-1.png?fit=1080%2C1080&ssl=1&resize=350%2C200","width":350,"height":200,"srcset":"https:\/\/i0.wp.com\/puuhamari.fi\/wp-content\/uploads\/2024\/03\/Lotus-Love-Made-1.png?fit=1080%2C1080&ssl=1&resize=350%2C200 1x, https:\/\/i0.wp.com\/puuhamari.fi\/wp-content\/uploads\/2024\/03\/Lotus-Love-Made-1.png?fit=1080%2C1080&ssl=1&resize=525%2C300 1.5x, https:\/\/i0.wp.com\/puuhamari.fi\/wp-content\/uploads\/2024\/03\/Lotus-Love-Made-1.png?fit=1080%2C1080&ssl=1&resize=700%2C400 2x, https:\/\/i0.wp.com\/puuhamari.fi\/wp-content\/uploads\/2024\/03\/Lotus-Love-Made-1.png?fit=1080%2C1080&ssl=1&resize=1050%2C600 3x"},"classes":[]},{"id":5170,"url":"https:\/\/puuhamari.fi\/?product=upper-canada","url_meta":{"origin":9857,"position":2},"title":"Upper Canada","author":"PuuhaMari","date":"17 maaliskuun, 2023","format":false,"excerpt":"Ihanan raikas, n\u00e4ytt\u00e4v\u00e4 pistaasinvihre\u00e4. T\u00e4ss\u00e4 hieman murretussa suloisessa s\u00e4vyss\u00e4 on ripaus rohkeaa keltaista. Se on aristelematon, omanarvontuntoinen s\u00e4vy, joka sointuu kauniisti yhteen esimerkiksi kirkkaanvalkoisen, murretun keltaisen, ja murrettujen beigen s\u00e4vyjen kanssa. Mutta jos haluat kunnon s\u00e4pin\u00e4\u00e4 ymp\u00e4rillesi, maalaa vaikka keitti\u00f6tuolit t\u00e4ll\u00e4, Azurella, Little Star -keltaisella, sek\u00e4 hottihotti CUREiously Pink:ill\u00e4! Casement\u2026","rel":"","context":"Samankaltainen artikkeli","block_context":{"text":"Samankaltainen artikkeli","link":""},"img":{"alt_text":"","src":"https:\/\/i0.wp.com\/puuhamari.fi\/wp-content\/uploads\/2023\/03\/fusion_mineral_paint-uppercanadagreen-pint-B.jpg?fit=1200%2C1200&ssl=1&resize=350%2C200","width":350,"height":200,"srcset":"https:\/\/i0.wp.com\/puuhamari.fi\/wp-content\/uploads\/2023\/03\/fusion_mineral_paint-uppercanadagreen-pint-B.jpg?fit=1200%2C1200&ssl=1&resize=350%2C200 1x, https:\/\/i0.wp.com\/puuhamari.fi\/wp-content\/uploads\/2023\/03\/fusion_mineral_paint-uppercanadagreen-pint-B.jpg?fit=1200%2C1200&ssl=1&resize=525%2C300 1.5x, https:\/\/i0.wp.com\/puuhamari.fi\/wp-content\/uploads\/2023\/03\/fusion_mineral_paint-uppercanadagreen-pint-B.jpg?fit=1200%2C1200&ssl=1&resize=700%2C400 2x, https:\/\/i0.wp.com\/puuhamari.fi\/wp-content\/uploads\/2023\/03\/fusion_mineral_paint-uppercanadagreen-pint-B.jpg?fit=1200%2C1200&ssl=1&resize=1050%2C600 3x"},"classes":[]},{"id":10037,"url":"https:\/\/puuhamari.fi\/?product=garden-marvels","url_meta":{"origin":9857,"position":3},"title":"Siirtokuva Garden Marvels","author":"PuuhaMari","date":"15 elokuun, 2025","format":false,"excerpt":"Puutarhan ihanuuksia -siirtokuvapaketti sis\u00e4lt\u00e4\u00e4 kolme kalvoa, jotka kaikki ovat korkeudeltaan n. 30 cm, ja leveydelt\u00e4\u00e4n 15 cm. Kalvoilla on yhteens\u00e4 29 suloista kuvaa, ja nelj\u00e4 eri teksti\u00e4. Lintuh\u00e4kin mitat ovat n. 11 x 6 cm, sen yl\u00e4puolella olevan sinisen linnun n. 6 x 3 cm. Sana \"Home\" taas on n.\u2026","rel":"","context":"Samankaltainen artikkeli","block_context":{"text":"Samankaltainen artikkeli","link":""},"img":{"alt_text":"","src":"https:\/\/i0.wp.com\/puuhamari.fi\/wp-content\/uploads\/2025\/08\/Garden-Marvels-6.png?fit=799%2C799&ssl=1&resize=350%2C200","width":350,"height":200,"srcset":"https:\/\/i0.wp.com\/puuhamari.fi\/wp-content\/uploads\/2025\/08\/Garden-Marvels-6.png?fit=799%2C799&ssl=1&resize=350%2C200 1x, https:\/\/i0.wp.com\/puuhamari.fi\/wp-content\/uploads\/2025\/08\/Garden-Marvels-6.png?fit=799%2C799&ssl=1&resize=525%2C300 1.5x, https:\/\/i0.wp.com\/puuhamari.fi\/wp-content\/uploads\/2025\/08\/Garden-Marvels-6.png?fit=799%2C799&ssl=1&resize=700%2C400 2x"},"classes":[]},{"id":3230,"url":"https:\/\/puuhamari.fi\/?product=ultra-grip-tartunta-aine","url_meta":{"origin":9857,"position":4},"title":"Ultra Grip -tartunta-aine","author":"PuuhaMari","date":"18 huhtikuun, 2022","format":false,"excerpt":"Onko maalauskohteesi hankala tapaus? Keitti\u00f6kaapin ovi, jota ei voi hioa tai edes karhentaa? Korkeakiiltoinen pinta? Sellaisia tapauksia varten on kehitetty Fusion Ultra Grip: esim. melamiinin, laminaatin ja thermofoilin maalaamisessa auttamaan. Myrkyt\u00f6n, vesiliukoinen Ultra Grip tekee mahdottoman maalaamisesta mahdollista! (Ai mit\u00e4 on thermofoil? PuuhaMari ei ole l\u00f6yt\u00e4nyt sille suomenkielist\u00e4 sanaa, mutta\u2026","rel":"","context":"Samankaltainen artikkeli","block_context":{"text":"Samankaltainen artikkeli","link":""},"img":{"alt_text":"","src":"https:\/\/i0.wp.com\/puuhamari.fi\/wp-content\/uploads\/2022\/04\/fusion_mineral_paint-ultragrip-b.jpg?fit=1200%2C1200&ssl=1&resize=350%2C200","width":350,"height":200,"srcset":"https:\/\/i0.wp.com\/puuhamari.fi\/wp-content\/uploads\/2022\/04\/fusion_mineral_paint-ultragrip-b.jpg?fit=1200%2C1200&ssl=1&resize=350%2C200 1x, https:\/\/i0.wp.com\/puuhamari.fi\/wp-content\/uploads\/2022\/04\/fusion_mineral_paint-ultragrip-b.jpg?fit=1200%2C1200&ssl=1&resize=525%2C300 1.5x, https:\/\/i0.wp.com\/puuhamari.fi\/wp-content\/uploads\/2022\/04\/fusion_mineral_paint-ultragrip-b.jpg?fit=1200%2C1200&ssl=1&resize=700%2C400 2x, https:\/\/i0.wp.com\/puuhamari.fi\/wp-content\/uploads\/2022\/04\/fusion_mineral_paint-ultragrip-b.jpg?fit=1200%2C1200&ssl=1&resize=1050%2C600 3x"},"classes":[]},{"id":5738,"url":"https:\/\/puuhamari.fi\/?product=dm-botanical-border-2-pack","url_meta":{"origin":9857,"position":5},"title":"DM-Botanical Border &#8220;2 pack&#8221;","author":"PuuhaMari","date":"1 toukokuun, 2023","format":false,"excerpt":"Skandinaavisen tyylin kukat ovat ihastuttavia joko boordina keitti\u00f6pyyhkeiss\u00e4 tai p\u00f6yt\u00e4liinoissa, mutta my\u00f6s KEHYKSEN\u00c4 mietelauseelle\/ rakkaalle sanalle (kts. kuvan esimerkki). Laita se vaikka eteisen oveen tervetulotoivotukseksi, tai tee siit\u00e4 taulu makuuhuoneeseen\/keitti\u00f6\u00f6n. Kotona tai m\u00f6kill\u00e4, ulkona tai sis\u00e4ll\u00e4, puuhun, metalliin, tekstiileihin - ja jopa kakkujen koristeluun! Valitse maali\/kuviointiaine k\u00e4ytt\u00f6kohteen vaatimusten mukaan. Paketti\u2026","rel":"","context":"Samankaltainen artikkeli","block_context":{"text":"Samankaltainen artikkeli","link":""},"img":{"alt_text":"","src":"https:\/\/i0.wp.com\/puuhamari.fi\/wp-content\/uploads\/2023\/05\/10946-A-BOTANICAL-BORDER-STENCILSM.jpg?fit=750%2C750&ssl=1&resize=350%2C200","width":350,"height":200,"srcset":"https:\/\/i0.wp.com\/puuhamari.fi\/wp-content\/uploads\/2023\/05\/10946-A-BOTANICAL-BORDER-STENCILSM.jpg?fit=750%2C750&ssl=1&resize=350%2C200 1x, https:\/\/i0.wp.com\/puuhamari.fi\/wp-content\/uploads\/2023\/05\/10946-A-BOTANICAL-BORDER-STENCILSM.jpg?fit=750%2C750&ssl=1&resize=525%2C300 1.5x, https:\/\/i0.wp.com\/puuhamari.fi\/wp-content\/uploads\/2023\/05\/10946-A-BOTANICAL-BORDER-STENCILSM.jpg?fit=750%2C750&ssl=1&resize=700%2C400 2x"},"classes":[]}],"_links":{"self":[{"href":"https:\/\/puuhamari.fi\/index.php?rest_route=\/wp\/v2\/product\/9857","targetHints":{"allow":["GET"]}}],"collection":[{"href":"https:\/\/puuhamari.fi\/index.php?rest_route=\/wp\/v2\/product"}],"about":[{"href":"https:\/\/puuhamari.fi\/index.php?rest_route=\/wp\/v2\/types\/product"}],"replies":[{"embeddable":true,"href":"https:\/\/puuhamari.fi\/index.php?rest_route=%2Fwp%2Fv2%2Fcomments&post=9857"}],"version-history":[{"count":1,"href":"https:\/\/puuhamari.fi\/index.php?rest_route=\/wp\/v2\/product\/9857\/revisions"}],"predecessor-version":[{"id":9872,"href":"https:\/\/puuhamari.fi\/index.php?rest_route=\/wp\/v2\/product\/9857\/revisions\/9872"}],"wp:featuredmedia":[{"embeddable":true,"href":"https:\/\/puuhamari.fi\/index.php?rest_route=\/wp\/v2\/media\/9867"}],"wp:attachment":[{"href":"https:\/\/puuhamari.fi\/index.php?rest_route=%2Fwp%2Fv2%2Fmedia&parent=9857"}],"wp:term":[{"taxonomy":"product_brand","embeddable":true,"href":"https:\/\/puuhamari.fi\/index.php?rest_route=%2Fwp%2Fv2%2Fproduct_brand&post=9857"},{"taxonomy":"product_cat","embeddable":true,"href":"https:\/\/puuhamari.fi\/index.php?rest_route=%2Fwp%2Fv2%2Fproduct_cat&post=9857"},{"taxonomy":"product_tag","embeddable":true,"href":"https:\/\/puuhamari.fi\/index.php?rest_route=%2Fwp%2Fv2%2Fproduct_tag&post=9857"}],"curies":[{"name":"wp","href":"https:\/\/api.w.org\/{rel}","templated":true}]}}