{"id":9876,"date":"2025-07-15T17:56:27","date_gmt":"2025-07-15T14:56:27","guid":{"rendered":"https:\/\/puuhamari.fi\/?post_type=product&#038;p=9876"},"modified":"2025-09-19T17:54:28","modified_gmt":"2025-09-19T14:54:28","slug":"furniture-wax-clear","status":"publish","type":"product","link":"https:\/\/puuhamari.fi\/?product=furniture-wax-clear","title":{"rendered":"Kalustevaha &#8211; v\u00e4rit\u00f6n"},"content":{"rendered":"<div class=\"entry-content-asset videofit\">\n<div class=\"jetpack-video-wrapper\"><iframe title=\"How to use Fusion Mineral Paint\u2122 Clear Furniture Wax\" width=\"720\" height=\"405\" src=\"https:\/\/www.youtube.com\/embed\/1z6OQ6qXiu8?feature=oembed\" frameborder=\"0\" allow=\"accelerometer; autoplay; clipboard-write; encrypted-media; gyroscope; picture-in-picture; web-share\" referrerpolicy=\"strict-origin-when-cross-origin\" allowfullscreen><\/iframe><\/div>\n<\/div>\n","protected":false},"excerpt":{"rendered":"<p>Fusionin huonekaluvaha levittyy pehme\u00e4sti kuin voi j\u00e4tt\u00e4en huonekaluihin kauniin kiillon! Se perustuu 40 vuotta vanhaan perhereseptiin. Se on pehme\u00e4 ja sile\u00e4, helppo levitt\u00e4\u00e4 ja antaa kest\u00e4v\u00e4n lopputuloksen. Se on my\u00f6s k\u00e4yt\u00e4nn\u00f6ss\u00e4 hajuton ilman vahvoja kemikaaleja.<\/p>\n<p>Levit\u00e4 ohuelti, tasoita\/kiillota nukkaamattomalla liinalla. Vaha saavuttaa lopullisen kovuutensa 30 p\u00e4iv\u00e4ss\u00e4.<\/p>\n<p>Kalustevahan riittoisuuteen vaikuttaa luonnollisesti mm. kohteena olevien kalusteiden pinnan muoto, sek\u00e4 se miten paksulti haluat vahaa laittaa. Pient\u00e4 k\u00e4sityst\u00e4 antavana viitteen\u00e4 voidaan sanoa t\u00e4m\u00e4n 200 g:n purkin riitt\u00e4v\u00e4n n. 28 m\u00b2 alueelle.<\/p>\n<p>Pidett\u00e4v\u00e4 lasten ulottumattomissa. Sis\u00e4lt\u00e4\u00e4 hajutonta mineraalit\u00e4rp\u00e4tti\u00e4. K\u00e4yt\u00e4 silti huoneessa, joka voidaan tuulettaa. Pidett\u00e4v\u00e4 poissa tulen\/kipin\u00f6iden l\u00e4helt\u00e4.<\/p>\n","protected":false},"author":1,"featured_media":9877,"comment_status":"open","ping_status":"closed","template":"","meta":{"advgb_blocks_editor_width":"","advgb_blocks_columns_visual_guide":"","advanced_seo_description":"","jetpack_seo_html_title":"","jetpack_seo_noindex":false,"_kad_post_transparent":"default","_kad_post_title":"","_kad_post_layout":"default","_kad_post_sidebar_id":"","_kad_post_content_style":"default","_kad_post_vertical_padding":"default","_kad_post_feature":"","_kad_post_feature_position":"","_kad_post_header":false,"_kad_post_footer":false,"_kad_post_classname":"","jetpack_post_was_ever_published":false},"product_brand":[],"product_cat":[310],"product_tag":[1266,1362,552,1365,1363],"class_list":{"0":"post-9876","1":"product","2":"type-product","3":"status-publish","4":"has-post-thumbnail","6":"product_cat-muut-fusion-valmisteet","7":"product_tag-huonekaluvaha","8":"product_tag-kalustevaha","9":"product_tag-kirkas","10":"product_tag-vaha","11":"product_tag-variton","13":"first","14":"instock","15":"taxable","16":"shipping-taxable","17":"purchasable","18":"product-type-simple","19":"entry","20":"content-bg","21":"loop-entry"},"featured_img":"https:\/\/puuhamari.fi\/wp-content\/uploads\/2025\/07\/wax-clear-pair-200g-B.jpg","coauthors":[],"author_meta":{"author_link":"https:\/\/puuhamari.fi\/?author=1","display_name":"PuuhaMari"},"relative_dates":{"created":"Julkaistu 9 kuukautta sitten","modified":"P\u00e4ivitetty 7 kuukautta sitten"},"absolute_dates":{"created":"Julkaistu 15 hein\u00e4kuun, 2025","modified":"P\u00e4ivitetty 19 syyskuun, 2025"},"absolute_dates_time":{"created":"Julkaistu 15 hein\u00e4kuun, 2025 5:56 pm","modified":"P\u00e4ivitetty 19 syyskuun, 2025 5:54 pm"},"featured_img_caption":"","tax_additional":{"product_brand":{"linked":[],"unlinked":[],"slug":"product_brand","name":"Br\u00e4ndit"},"product_type":{"linked":["<a href=\"https:\/\/puuhamari.fi\/?taxonomy=product_type&#038;term=simple\" class=\"advgb-post-tax-term\">simple<\/a>"],"unlinked":["<span class=\"advgb-post-tax-term\">simple<\/span>"],"slug":"product_type","name":"Tuotetyyppi"},"product_visibility":{"linked":[],"unlinked":[],"slug":"product_visibility","name":"Tuotteen n\u00e4kyvyys"},"product_cat":{"linked":["<a href=\"https:\/\/puuhamari.fi\/?product_cat=muut-fusion-valmisteet\" class=\"advgb-post-tax-term\">Muut Fusion-valmisteet<\/a>"],"unlinked":["<span class=\"advgb-post-tax-term\">Muut Fusion-valmisteet<\/span>"],"slug":"product_cat","name":"Osastot"},"product_tag":{"linked":["<a href=\"https:\/\/puuhamari.fi\/?product_tag=huonekaluvaha\" class=\"advgb-post-tax-term\">Huonekaluvaha<\/a>","<a href=\"https:\/\/puuhamari.fi\/?product_tag=kalustevaha\" class=\"advgb-post-tax-term\">Kalustevaha<\/a>","<a href=\"https:\/\/puuhamari.fi\/?product_tag=kirkas\" class=\"advgb-post-tax-term\">Kirkas<\/a>","<a href=\"https:\/\/puuhamari.fi\/?product_tag=vaha\" class=\"advgb-post-tax-term\">Vaha<\/a>","<a href=\"https:\/\/puuhamari.fi\/?product_tag=variton\" class=\"advgb-post-tax-term\">V\u00e4rit\u00f6n<\/a>"],"unlinked":["<span class=\"advgb-post-tax-term\">Huonekaluvaha<\/span>","<span class=\"advgb-post-tax-term\">Kalustevaha<\/span>","<span class=\"advgb-post-tax-term\">Kirkas<\/span>","<span class=\"advgb-post-tax-term\">Vaha<\/span>","<span class=\"advgb-post-tax-term\">V\u00e4rit\u00f6n<\/span>"],"slug":"product_tag","name":"Avainsanat tuotteelle"},"product_shipping_class":{"linked":[],"unlinked":[],"slug":"product_shipping_class","name":"Tuotteen toimitusluokat"},"pos_product_visibility":{"linked":[],"unlinked":[],"slug":"pos_product_visibility","name":"POS Product visibility"},"pa_arkin-koko":{"linked":[],"unlinked":[],"slug":"pa_arkin-koko","name":"Tuote Arkin koko"},"pa_hiomatyynyn-karkeus":{"linked":[],"unlinked":[],"slug":"pa_hiomatyynyn-karkeus","name":"Tuote Hiomatyynyn karkeus"},"pa_kehys":{"linked":[],"unlinked":[],"slug":"pa_kehys","name":"Tuote Kehys"},"pa_kuvion-nro":{"linked":[],"unlinked":[],"slug":"pa_kuvion-nro","name":"Tuote Kuvion nro"},"pa_littean-pensselin-koko":{"linked":[],"unlinked":[],"slug":"pa_littean-pensselin-koko","name":"Tuote Litte\u00e4n pensselin koko"},"pa_maalivari":{"linked":[],"unlinked":[],"slug":"pa_maalivari","name":"Tuote Maaliv\u00e4ri"},"pa_palatapettien-lkm":{"linked":[],"unlinked":[],"slug":"pa_palatapettien-lkm","name":"Tuote Palatapettien lkm"},"pa_purkin-koko":{"linked":["<a href=\"https:\/\/puuhamari.fi\/?taxonomy=pa_purkin-koko&#038;term=200-g\" class=\"advgb-post-tax-term\">200 g<\/a>"],"unlinked":["<span class=\"advgb-post-tax-term\">200 g<\/span>"],"slug":"pa_purkin-koko","name":"Tuote Purkin koko"},"pa_sapluunan-koko":{"linked":[],"unlinked":[],"slug":"pa_sapluunan-koko","name":"Tuote Sapluunan koko"},"pa_tabletti":{"linked":[],"unlinked":[],"slug":"pa_tabletti","name":"Tuote Tabletti"},"pa_valitse-sisalto":{"linked":[],"unlinked":[],"slug":"pa_valitse-sisalto","name":"Tuote Valitse sis\u00e4lt\u00f6"},"pa_varjostin":{"linked":[],"unlinked":[],"slug":"pa_varjostin","name":"Tuote Varjostin"}},"series_order":"","jetpack_sharing_enabled":true,"jetpack_likes_enabled":true,"jetpack-related-posts":[{"id":9223,"url":"https:\/\/puuhamari.fi\/?product=furniture-wax-espresso","url_meta":{"origin":9876,"position":0},"title":"Kalustevaha &#8211; Espresso","author":"PuuhaMari","date":"8 marraskuun, 2024","format":false,"excerpt":"Fusionin huonekaluvaha levittyy pehme\u00e4sti kuin voi j\u00e4tt\u00e4en huonekaluihin kauniin kiillon! Se perustuu 40 vuotta vanhaan perhereseptiin. Se on pehme\u00e4 ja sile\u00e4, helppo levitt\u00e4\u00e4 ja antaa kest\u00e4v\u00e4n lopputuloksen. Se on my\u00f6s k\u00e4yt\u00e4nn\u00f6ss\u00e4 hajuton ilman vahvoja kemikaaleja. Levit\u00e4 ohuelti, tasoita\/kiillota nukkaamattomalla liinalla. Vaha saavuttaa lopullisen kovuutensa 30 p\u00e4iv\u00e4ss\u00e4. Purkin koko 50 g.\u2026","rel":"","context":"Samankaltainen artikkeli","block_context":{"text":"Samankaltainen artikkeli","link":""},"img":{"alt_text":"","src":"https:\/\/i0.wp.com\/puuhamari.fi\/wp-content\/uploads\/2024\/11\/wax-espresso-50gb.jpg?fit=1200%2C1200&ssl=1&resize=350%2C200","width":350,"height":200,"srcset":"https:\/\/i0.wp.com\/puuhamari.fi\/wp-content\/uploads\/2024\/11\/wax-espresso-50gb.jpg?fit=1200%2C1200&ssl=1&resize=350%2C200 1x, https:\/\/i0.wp.com\/puuhamari.fi\/wp-content\/uploads\/2024\/11\/wax-espresso-50gb.jpg?fit=1200%2C1200&ssl=1&resize=525%2C300 1.5x, https:\/\/i0.wp.com\/puuhamari.fi\/wp-content\/uploads\/2024\/11\/wax-espresso-50gb.jpg?fit=1200%2C1200&ssl=1&resize=700%2C400 2x, https:\/\/i0.wp.com\/puuhamari.fi\/wp-content\/uploads\/2024\/11\/wax-espresso-50gb.jpg?fit=1200%2C1200&ssl=1&resize=1050%2C600 3x"},"classes":[]},{"id":9212,"url":"https:\/\/puuhamari.fi\/?product=furniture-wax-pearl","url_meta":{"origin":9876,"position":1},"title":"Kalustevaha &#8211; Helmi\u00e4inen","author":"PuuhaMari","date":"8 marraskuun, 2024","format":false,"excerpt":"Fusionin huonekaluvaha levittyy pehme\u00e4sti kuin voi j\u00e4tt\u00e4en huonekaluihin kauniin kiillon! Se perustuu 40 vuotta vanhaan perhereseptiin. Se on pehme\u00e4 ja sile\u00e4, helppo levitt\u00e4\u00e4 ja antaa kest\u00e4v\u00e4n lopputuloksen. Se on my\u00f6s k\u00e4yt\u00e4nn\u00f6ss\u00e4 hajuton ilman vahvoja kemikaaleja. Levit\u00e4 ohuelti, tasoita\/kiillota nukkaamattomalla liinalla. Vaha saavuttaa lopullisen kovuutensa 30 p\u00e4iv\u00e4ss\u00e4. Purkin koko 50 g.\u2026","rel":"","context":"Samankaltainen artikkeli","block_context":{"text":"Samankaltainen artikkeli","link":""},"img":{"alt_text":"","src":"https:\/\/i0.wp.com\/puuhamari.fi\/wp-content\/uploads\/2024\/11\/wax-pearl-50gb.jpg?fit=1200%2C1200&ssl=1&resize=350%2C200","width":350,"height":200,"srcset":"https:\/\/i0.wp.com\/puuhamari.fi\/wp-content\/uploads\/2024\/11\/wax-pearl-50gb.jpg?fit=1200%2C1200&ssl=1&resize=350%2C200 1x, https:\/\/i0.wp.com\/puuhamari.fi\/wp-content\/uploads\/2024\/11\/wax-pearl-50gb.jpg?fit=1200%2C1200&ssl=1&resize=525%2C300 1.5x, https:\/\/i0.wp.com\/puuhamari.fi\/wp-content\/uploads\/2024\/11\/wax-pearl-50gb.jpg?fit=1200%2C1200&ssl=1&resize=700%2C400 2x, https:\/\/i0.wp.com\/puuhamari.fi\/wp-content\/uploads\/2024\/11\/wax-pearl-50gb.jpg?fit=1200%2C1200&ssl=1&resize=1050%2C600 3x"},"classes":[]},{"id":9227,"url":"https:\/\/puuhamari.fi\/?product=furniture-wax-ageing","url_meta":{"origin":9876,"position":2},"title":"Kalustevaha &#8211; Antiikki","author":"PuuhaMari","date":"8 marraskuun, 2024","format":false,"excerpt":"Fusionin huonekaluvaha levittyy pehme\u00e4sti kuin voi j\u00e4tt\u00e4en huonekaluihin kauniin kiillon! Se perustuu 40 vuotta vanhaan perhereseptiin. Se on pehme\u00e4 ja sile\u00e4, helppo levitt\u00e4\u00e4 ja antaa kest\u00e4v\u00e4n lopputuloksen. Se on my\u00f6s k\u00e4yt\u00e4nn\u00f6ss\u00e4 hajuton ilman vahvoja kemikaaleja. Levit\u00e4 ohuelti, tasoita\/kiillota nukkaamattomalla liinalla. Vaha saavuttaa lopullisen kovuutensa 30 p\u00e4iv\u00e4ss\u00e4. Purkin koko 50 g.\u2026","rel":"","context":"Samankaltainen artikkeli","block_context":{"text":"Samankaltainen artikkeli","link":""},"img":{"alt_text":"","src":"https:\/\/i0.wp.com\/puuhamari.fi\/wp-content\/uploads\/2024\/11\/wax-ageing-50gb.jpg?fit=1200%2C1200&ssl=1&resize=350%2C200","width":350,"height":200,"srcset":"https:\/\/i0.wp.com\/puuhamari.fi\/wp-content\/uploads\/2024\/11\/wax-ageing-50gb.jpg?fit=1200%2C1200&ssl=1&resize=350%2C200 1x, https:\/\/i0.wp.com\/puuhamari.fi\/wp-content\/uploads\/2024\/11\/wax-ageing-50gb.jpg?fit=1200%2C1200&ssl=1&resize=525%2C300 1.5x, https:\/\/i0.wp.com\/puuhamari.fi\/wp-content\/uploads\/2024\/11\/wax-ageing-50gb.jpg?fit=1200%2C1200&ssl=1&resize=700%2C400 2x, https:\/\/i0.wp.com\/puuhamari.fi\/wp-content\/uploads\/2024\/11\/wax-ageing-50gb.jpg?fit=1200%2C1200&ssl=1&resize=1050%2C600 3x"},"classes":[]},{"id":3223,"url":"https:\/\/puuhamari.fi\/?product=tough-coat-pinnoite-matta","url_meta":{"origin":9876,"position":3},"title":"Tough Coat -pinnoite, MATTA","author":"PuuhaMari","date":"18 huhtikuun, 2022","format":false,"excerpt":"(Kiilt\u00e4v\u00e4 Tough Coat l\u00f6ytyy t\u00e4m\u00e4n linkin kautta.) Vesiliukoinen, MATAN pinnan j\u00e4tt\u00e4v\u00e4 Tough Coat -viimeistelyaine ei kellastu ajan my\u00f6t\u00e4. Se toimii mainiosti kaikkialla miss\u00e4 tarvitset ylim\u00e4\u00e4r\u00e4isi\u00e4 kerroksia suojaamaan pintoja paljolta kulutukselta ja hankaukselta (esim. p\u00f6yt\u00e4pinnat). Levit\u00e4 aine puhtaalla pesusienell\u00e4, niin kalusteeseen ei j\u00e4\u00e4 siveltimenj\u00e4lki\u00e4. HUOM! (Editoitu 09\/24) Voit k\u00e4ytt\u00e4\u00e4 Tough Coat:ia\u2026","rel":"","context":"Samankaltainen artikkeli","block_context":{"text":"Samankaltainen artikkeli","link":""},"img":{"alt_text":"","src":"https:\/\/i0.wp.com\/puuhamari.fi\/wp-content\/uploads\/2022\/04\/007-Tough_Coat_Matte_HR_220308_0411-b.jpg?fit=1200%2C1200&ssl=1&resize=350%2C200","width":350,"height":200,"srcset":"https:\/\/i0.wp.com\/puuhamari.fi\/wp-content\/uploads\/2022\/04\/007-Tough_Coat_Matte_HR_220308_0411-b.jpg?fit=1200%2C1200&ssl=1&resize=350%2C200 1x, https:\/\/i0.wp.com\/puuhamari.fi\/wp-content\/uploads\/2022\/04\/007-Tough_Coat_Matte_HR_220308_0411-b.jpg?fit=1200%2C1200&ssl=1&resize=525%2C300 1.5x, https:\/\/i0.wp.com\/puuhamari.fi\/wp-content\/uploads\/2022\/04\/007-Tough_Coat_Matte_HR_220308_0411-b.jpg?fit=1200%2C1200&ssl=1&resize=700%2C400 2x, https:\/\/i0.wp.com\/puuhamari.fi\/wp-content\/uploads\/2022\/04\/007-Tough_Coat_Matte_HR_220308_0411-b.jpg?fit=1200%2C1200&ssl=1&resize=1050%2C600 3x"},"classes":[]},{"id":3225,"url":"https:\/\/puuhamari.fi\/?product=tough-coat-pinnoite-kiiltava","url_meta":{"origin":9876,"position":4},"title":"Tough Coat -pinnoite, KIILT\u00c4V\u00c4","author":"PuuhaMari","date":"18 huhtikuun, 2022","format":false,"excerpt":"(Matta Tough Coat l\u00f6ytyy t\u00e4m\u00e4n linkin kautta.) Vesiliukoinen, KIILT\u00c4V\u00c4N pinnan j\u00e4tt\u00e4v\u00e4 Tough Coat -viimeistelyaine ei kellastu ajan my\u00f6t\u00e4. Se toimii mainiosti kaikkialla miss\u00e4 tarvitset ylim\u00e4\u00e4r\u00e4isi\u00e4 kerroksia suojaamaan pintoja paljolta kulutukselta ja hankaukselta (esim. p\u00f6yt\u00e4pinnat). Levit\u00e4 aine puhtaalla pesusienell\u00e4, niin kalusteeseen ei j\u00e4\u00e4 siveltimenj\u00e4lki\u00e4, ja saan kauniisti kiilt\u00e4v\u00e4n pinnan. HUOM! (Editoitu\u2026","rel":"","context":"Samankaltainen artikkeli","block_context":{"text":"Samankaltainen artikkeli","link":""},"img":{"alt_text":"","src":"https:\/\/i0.wp.com\/puuhamari.fi\/wp-content\/uploads\/2022\/04\/008-Tough_Coat_Gloss_HR_220308_0412-b.jpg?fit=1200%2C1200&ssl=1&resize=350%2C200","width":350,"height":200,"srcset":"https:\/\/i0.wp.com\/puuhamari.fi\/wp-content\/uploads\/2022\/04\/008-Tough_Coat_Gloss_HR_220308_0412-b.jpg?fit=1200%2C1200&ssl=1&resize=350%2C200 1x, https:\/\/i0.wp.com\/puuhamari.fi\/wp-content\/uploads\/2022\/04\/008-Tough_Coat_Gloss_HR_220308_0412-b.jpg?fit=1200%2C1200&ssl=1&resize=525%2C300 1.5x, https:\/\/i0.wp.com\/puuhamari.fi\/wp-content\/uploads\/2022\/04\/008-Tough_Coat_Gloss_HR_220308_0412-b.jpg?fit=1200%2C1200&ssl=1&resize=700%2C400 2x, https:\/\/i0.wp.com\/puuhamari.fi\/wp-content\/uploads\/2022\/04\/008-Tough_Coat_Gloss_HR_220308_0412-b.jpg?fit=1200%2C1200&ssl=1&resize=1050%2C600 3x"},"classes":[]},{"id":5243,"url":"https:\/\/puuhamari.fi\/?product=hemp-oil-hampunsiemenoljy","url_meta":{"origin":9876,"position":5},"title":"Hemp Oil &#8211; hampunsiemen\u00f6ljy","author":"PuuhaMari","date":"18 maaliskuun, 2023","format":false,"excerpt":"100% luonnollinen hamppu\u00f6ljy on kuin nestem\u00e4ist\u00e4 kultaa - superhelppo levitt\u00e4\u00e4 ja samalla se hoitaa k\u00e4siesi ihoa! Kaada tai penssel\u00f6i \u00f6ljy kohteeseen, ja pyyhi ylim\u00e4\u00e4r\u00e4inen m\u00e4\u00e4r\u00e4 pois nukkaamattomalla liinalla. Hamppu\u00f6ljy elvytt\u00e4\u00e4, hoitaa ja suojaa puuta, ja antaa sille kauniin luonnollisen viimeistelyn. Siit\u00e4 hy\u00f6tyv\u00e4t sek\u00e4 raa'at, ett\u00e4 kunnostettavat puupinnat, ja se tekee\u2026","rel":"","context":"Samankaltainen artikkeli","block_context":{"text":"Samankaltainen artikkeli","link":""},"img":{"alt_text":"","src":"https:\/\/i0.wp.com\/puuhamari.fi\/wp-content\/uploads\/2024\/10\/hempoil-b.jpg?fit=1200%2C1200&ssl=1&resize=350%2C200","width":350,"height":200,"srcset":"https:\/\/i0.wp.com\/puuhamari.fi\/wp-content\/uploads\/2024\/10\/hempoil-b.jpg?fit=1200%2C1200&ssl=1&resize=350%2C200 1x, https:\/\/i0.wp.com\/puuhamari.fi\/wp-content\/uploads\/2024\/10\/hempoil-b.jpg?fit=1200%2C1200&ssl=1&resize=525%2C300 1.5x, https:\/\/i0.wp.com\/puuhamari.fi\/wp-content\/uploads\/2024\/10\/hempoil-b.jpg?fit=1200%2C1200&ssl=1&resize=700%2C400 2x, https:\/\/i0.wp.com\/puuhamari.fi\/wp-content\/uploads\/2024\/10\/hempoil-b.jpg?fit=1200%2C1200&ssl=1&resize=1050%2C600 3x"},"classes":[]}],"_links":{"self":[{"href":"https:\/\/puuhamari.fi\/index.php?rest_route=\/wp\/v2\/product\/9876","targetHints":{"allow":["GET"]}}],"collection":[{"href":"https:\/\/puuhamari.fi\/index.php?rest_route=\/wp\/v2\/product"}],"about":[{"href":"https:\/\/puuhamari.fi\/index.php?rest_route=\/wp\/v2\/types\/product"}],"replies":[{"embeddable":true,"href":"https:\/\/puuhamari.fi\/index.php?rest_route=%2Fwp%2Fv2%2Fcomments&post=9876"}],"version-history":[{"count":3,"href":"https:\/\/puuhamari.fi\/index.php?rest_route=\/wp\/v2\/product\/9876\/revisions"}],"predecessor-version":[{"id":9886,"href":"https:\/\/puuhamari.fi\/index.php?rest_route=\/wp\/v2\/product\/9876\/revisions\/9886"}],"wp:featuredmedia":[{"embeddable":true,"href":"https:\/\/puuhamari.fi\/index.php?rest_route=\/wp\/v2\/media\/9877"}],"wp:attachment":[{"href":"https:\/\/puuhamari.fi\/index.php?rest_route=%2Fwp%2Fv2%2Fmedia&parent=9876"}],"wp:term":[{"taxonomy":"product_brand","embeddable":true,"href":"https:\/\/puuhamari.fi\/index.php?rest_route=%2Fwp%2Fv2%2Fproduct_brand&post=9876"},{"taxonomy":"product_cat","embeddable":true,"href":"https:\/\/puuhamari.fi\/index.php?rest_route=%2Fwp%2Fv2%2Fproduct_cat&post=9876"},{"taxonomy":"product_tag","embeddable":true,"href":"https:\/\/puuhamari.fi\/index.php?rest_route=%2Fwp%2Fv2%2Fproduct_tag&post=9876"}],"curies":[{"name":"wp","href":"https:\/\/api.w.org\/{rel}","templated":true}]}}